{"id":9832,"date":"2025-09-28T23:11:30","date_gmt":"2025-09-29T06:11:30","guid":{"rendered":"https:\/\/sunflaser.com\/?post_type=product&#038;p=9832"},"modified":"2025-11-20T19:02:58","modified_gmt":"2025-11-21T03:02:58","slug":"1535nm-laser-rangefinder-module-2000m-sfb2000aw","status":"publish","type":"product","link":"https:\/\/sunflaser.com\/fr\/shop\/1535nm-laser-rangefinder-module-2000m-sfb2000aw\/","title":{"rendered":"1535nm Laser Rangefinder Module 2000m \uff08for Drone Target\uff09SFB2000AW"},"content":{"rendered":"<h3><strong>Principales caract\u00e9ristiques et avantages<\/strong>\u200b<\/h3>\n<ol class=\"ybc-ol-component ybc-ol-component_1\">\n<li class=\"ybc-li-component ybc-li-component_ol\">\u200b<strong>Haute pr\u00e9cision et longue port\u00e9e<\/strong>\u200b\n<ul class=\"ybc-ul-component\">\n<li class=\"ybc-li-component ybc-li-component_ul\">Mesure les distances entre<strong>5m \u00e0 2000m<\/strong>avec une pr\u00e9cision de<strong>\u00b10,3m (@100m)<\/strong>et<strong>\u00b10,3% de la distance (&gt;100m)<\/strong>.<\/li>\n<li class=\"ybc-li-component ybc-li-component_ul\">Capable de<strong>reconnaissance de la premi\u00e8re\/derni\u00e8re cible<\/strong>et<strong>le contr\u00f4le de la distance<\/strong>pour des sc\u00e9narios complexes.<\/li>\n<\/ul>\n<\/li>\n<li class=\"ybc-li-component ybc-li-component_ol\">\u200b<strong>Technologie laser sans danger pour les yeux<\/strong>\u200b\n<ul class=\"ybc-ul-component\">\n<li class=\"ybc-li-component ybc-li-component_ul\">Utilise un<strong>Longueur d'onde 1535nm<\/strong>laser, conforme aux normes de s\u00e9curit\u00e9 internationales, garantissant un fonctionnement s\u00fbr dans divers environnements.<\/li>\n<\/ul>\n<\/li>\n<li class=\"ybc-li-component ybc-li-component_ol\">\u200b<strong>Conception compacte et l\u00e9g\u00e8re<\/strong>\u200b\n<ul class=\"ybc-ul-component\">\n<li class=\"ybc-li-component ybc-li-component_ul\">Dimensions :<strong>55mm \u00d7 45mm \u00d7 30mm<\/strong>; poids :<strong>\u2264100g<\/strong>.<\/li>\n<li class=\"ybc-li-component ybc-li-component_ul\">Id\u00e9al pour les applications o\u00f9 l'espace est limit\u00e9, telles que<strong>drones<\/strong>, ,<strong>robotique<\/strong>, et les syst\u00e8mes portables.<\/li>\n<\/ul>\n<\/li>\n<li class=\"ybc-li-component ybc-li-component_ol\">\u200b<strong>Faible consommation d'\u00e9nergie<\/strong>\u200b\n<ul class=\"ybc-ul-component\">\n<li class=\"ybc-li-component ybc-li-component_ul\">\u200b<strong>Puissance moyenne : \u22641.5W (@12V)<\/strong>; ;<strong>Puissance de cr\u00eate : \u22645W<\/strong>.<\/li>\n<li class=\"ybc-li-component ybc-li-component_ul\">Permet un fonctionnement prolong\u00e9 des appareils aliment\u00e9s par batterie.<\/li>\n<\/ul>\n<\/li>\n<li class=\"ybc-li-component ybc-li-component_ol\">\u200b<strong>R\u00e9silience environnementale<\/strong>\u200b\n<ul class=\"ybc-ul-component\">\n<li class=\"ybc-li-component ybc-li-component_ul\">Temp\u00e9rature de fonctionnement :<strong>De -20\u00b0C \u00e0 +60\u00b0C<\/strong>; temp\u00e9rature de stockage :<strong>De -30\u00b0C \u00e0 +70\u00b0C<\/strong>.<\/li>\n<li class=\"ybc-li-component ybc-li-component_ul\">Convient aux conditions difficiles, y compris les environnements ext\u00e9rieurs et industriels.<\/li>\n<\/ul>\n<\/li>\n<li class=\"ybc-li-component ybc-li-component_ol\">\u200b<strong>Fonctionnalit\u00e9 avanc\u00e9e<\/strong>\u200b\n<ul class=\"ybc-ul-component\">\n<li class=\"ybc-li-component ybc-li-component_ul\">\u200b<strong>Mode auto-test<\/strong>avec contr\u00f4le de la temp\u00e9rature et suivi de l'utilisation du laser.<\/li>\n<li class=\"ybc-li-component ybc-li-component_ul\">Configurable<strong>vitesse de transmission<\/strong>(115200\/57600\/38400\/9600 bps) pour une int\u00e9gration flexible.<\/li>\n<\/ul>\n<\/li>\n<\/ol>\n<hr \/>\n<h3>\u200b<strong>Applications<\/strong>\u200b<\/h3>\n<p>Le SFB2000AW<strong>t\u00e9l\u00e9m\u00e8tre laser<\/strong>est con\u00e7u pour :<\/p>\n<ul class=\"ybc-ul-component\">\n<li class=\"ybc-li-component ybc-li-component_ul\">\u200b<strong>Drones et UAV<\/strong>: Navigation, \u00e9vitement d'obstacles et cartographie du terrain.<\/li>\n<li class=\"ybc-li-component ybc-li-component_ul\">\u200b<strong>Robotique<\/strong>: Mouvement de pr\u00e9cision et conscience spatiale.<\/li>\n<li class=\"ybc-li-component ybc-li-component_ul\">\u200b<strong>Lev\u00e9s et cartographie<\/strong>: Mesure de distance de haute pr\u00e9cision pour la g\u00e9omatique.<\/li>\n<li class=\"ybc-li-component ybc-li-component_ul\">\u200b<strong>S\u00e9curit\u00e9 et surveillance<\/strong>: Surveillance du p\u00e9rim\u00e8tre et d\u00e9tection des intrusions.<\/li>\n<li class=\"ybc-li-component ybc-li-component_ul\">\u200b<strong>Automatisation industrielle<\/strong>: Positionnement et alignement dans la fabrication.<\/li>\n<li class=\"ybc-li-component ybc-li-component_ul\">\u200b<strong>Recherche et d\u00e9veloppement<\/strong>: Collecte de donn\u00e9es et montages exp\u00e9rimentaux.<\/li>\n<\/ul>\n<hr \/>\n<h3>\u200b<strong>Sp\u00e9cifications techniques<\/strong>\u200b<\/h3>\n<div class=\"hyc-common-markdown__table-wrapper\" data-has-scroll=\"false\">\n<table id=\"tablepress-52\" class=\"tablepress tablepress-id-52\">\n<thead>\n<tr class=\"row-1\">\n\t<th class=\"column-1\"><strong>Param\u00e8tres<\/strong><\/th><th class=\"column-2\"><strong>Sp\u00e9cifications<\/strong><\/th>\n<\/tr>\n<\/thead>\n<tbody class=\"row-striping row-hover\">\n<tr class=\"row-2\">\n\t<td class=\"column-1\">Longueur d'onde<\/td><td class=\"column-2\">1535nm\u00b110nm<\/td>\n<\/tr>\n<tr class=\"row-3\">\n\t<td class=\"column-1\">Ouverture d'\u00e9mission<\/td><td class=\"column-2\">\u03a615.2mm<\/td>\n<\/tr>\n<tr class=\"row-4\">\n\t<td class=\"column-1\">Ouverture de r\u00e9ception<\/td><td class=\"column-2\">\u03a647mm<\/td>\n<\/tr>\n<tr class=\"row-5\">\n\t<td class=\"column-1\">Port\u00e9e maximale<\/td><td class=\"column-2\">\u22651,5km (visibilit\u00e9 \u226510km, humidit\u00e9 relative \u226460%, r\u00e9flectivit\u00e9 de la cible : 30%, drone DJI Mavic 3 Pro ou cible \u00e9quivalente : 0,1m\u00d70,2m).<br \/>\n\u22652km (visibilit\u00e9 \u226510km, humidit\u00e9 relative \u226460%, r\u00e9flectivit\u00e9 de la cible : 30%, drone DJI Phantom 4 ou cible \u00e9quivalente : 0,2m\u00d70,3m).<\/td>\n<\/tr>\n<tr class=\"row-6\">\n\t<td class=\"column-1\">Zone aveugle<\/td><td class=\"column-2\">\u226420m<\/td>\n<\/tr>\n<tr class=\"row-7\">\n\t<td class=\"column-1\">Pr\u00e9cision<\/td><td class=\"column-2\">\u2264\u00b12m<\/td>\n<\/tr>\n<tr class=\"row-8\">\n\t<td class=\"column-1\">Taux de pr\u00e9cision<\/td><td class=\"column-2\">\u226598%<\/td>\n<\/tr>\n<tr class=\"row-9\">\n\t<td class=\"column-1\">Distance R\u00e9solution<\/td><td class=\"column-2\">\u226438m<\/td>\n<\/tr>\n<tr class=\"row-10\">\n\t<td class=\"column-1\">Fr\u00e9quence<\/td><td class=\"column-2\">Coup unique, 1Hz, 2Hz, 3Hz, 4Hz, 5Hz, 10Hz<\/td>\n<\/tr>\n<tr class=\"row-11\">\n\t<td class=\"column-1\">Interface de communication<\/td><td class=\"column-2\">RS422\/TTL (en option)<\/td>\n<\/tr>\n<tr class=\"row-12\">\n\t<td class=\"column-1\">D\u00e9bit en bauds<\/td><td class=\"column-2\">115200bps (par d\u00e9faut), 57600bps, 38400bps, 9600bps<\/td>\n<\/tr>\n<tr class=\"row-13\">\n\t<td class=\"column-1\">Tension d'alimentation<\/td><td class=\"column-2\">5V\uff5e14V (valeur typique : 12V)<\/td>\n<\/tr>\n<tr class=\"row-14\">\n\t<td class=\"column-1\">Consommation d'\u00e9nergie en veille<\/td><td class=\"column-2\">\u22641mW (mode basse consommation)<\/td>\n<\/tr>\n<tr class=\"row-15\">\n\t<td class=\"column-1\">Consommation \u00e9lectrique moyenne<\/td><td class=\"column-2\">\u22641.5W@12V@1Hz<\/td>\n<\/tr>\n<tr class=\"row-16\">\n\t<td class=\"column-1\">Consommation \u00e9lectrique de pointe<\/td><td class=\"column-2\">\u22645W@12V@1Hz<\/td>\n<\/tr>\n<tr class=\"row-17\">\n\t<td class=\"column-1\">Interface \u00e9lectrique<\/td><td class=\"column-2\">Connecteur 10PIN (pour le test de liaison crois\u00e9e avec l'ordinateur sup\u00e9rieur)<\/td>\n<\/tr>\n<tr class=\"row-18\">\n\t<td class=\"column-1\">Isolation \u00e9lectrique<\/td><td class=\"column-2\">Masse de communication isol\u00e9e de la masse d'alimentation et de la masse num\u00e9rique<\/td>\n<\/tr>\n<tr class=\"row-19\">\n\t<td class=\"column-1\">Poids<\/td><td class=\"column-2\">\u2264210g<\/td>\n<\/tr>\n<tr class=\"row-20\">\n\t<td class=\"column-1\">Dimension<\/td><td class=\"column-2\">\u226462mm\u00d772mm\u00d780.5mm<\/td>\n<\/tr>\n<tr class=\"row-21\">\n\t<td class=\"column-1\">Temp\u00e9rature de fonctionnement<\/td><td class=\"column-2\">-40\u2103\uff5e+60\u2103<\/td>\n<\/tr>\n<tr class=\"row-22\">\n\t<td class=\"column-1\">Temp\u00e9rature de stockage<\/td><td class=\"column-2\">-45\u2103\uff5e+70\u2103<\/td>\n<\/tr>\n<tr class=\"row-23\">\n\t<td class=\"column-1\">Norme de protection de l'environnement<\/td><td class=\"column-2\">Conforme \u00e0 la directive RoHS 2.0<\/td>\n<\/tr>\n<tr class=\"row-24\">\n\t<td class=\"column-1\">Fonctions principales<\/td><td class=\"column-2\">Fonction de t\u00e9l\u00e9m\u00e9trie laser, fonction de t\u00e9l\u00e9m\u00e9trie premi\u00e8re\/derni\u00e8re cible, fonction de contr\u00f4le de la distance, fonction d'autotest, fonction de mise \u00e0 jour du programme UART, fonction de collecte des donn\u00e9es de mise sous tension et de temp\u00e9rature, fonction de comptage des \u00e9missions laser cumul\u00e9es.<\/td>\n<\/tr>\n<\/tbody>\n<\/table>\n<\/div>\n<div data-has-scroll=\"false\"><strong>Note 1.<\/strong>Les param\u00e8tres marqu\u00e9s d'un * sont des valeurs de conception ou des calculs th\u00e9oriques, \u00e0 titre de r\u00e9f\u00e9rence uniquement.<\/div>\n<div data-has-scroll=\"false\"><strong>Note 2.<\/strong>La port\u00e9e et la pr\u00e9cision nominales sont obtenues dans un environnement o\u00f9 la visibilit\u00e9 n'est pas inf\u00e9rieure \u00e0 10 km et o\u00f9 l'humidit\u00e9 relative n'est pas sup\u00e9rieure \u00e0 60%. La capacit\u00e9 de t\u00e9l\u00e9m\u00e9trie et la pr\u00e9cision du t\u00e9l\u00e9m\u00e8tre peuvent varier en fonction de l'environnement et des conditions de la cible. Veuillez vous r\u00e9f\u00e9rer \u00e0 la mesure r\u00e9elle. Si le t\u00e9l\u00e9m\u00e8tre est utilis\u00e9 sur une plate-forme stable, assurez-vous que la plate-forme stable peut suivre la cible r\u00e9guli\u00e8rement, sinon cela aura un certain impact sur la port\u00e9e ou la pr\u00e9cision du t\u00e9l\u00e9m\u00e8tre.<\/div>","protected":false},"excerpt":{"rendered":"<p>Le mini t\u00e9l\u00e9m\u00e8tre laser SFB2000AW de Sunflaser Technology est un module compact et performant con\u00e7u pour mesurer avec pr\u00e9cision les distances dans les applications professionnelles et industrielles. Fonctionnant sur un<strong>Laser 1535nm sans danger pour les yeux<\/strong>, Gr\u00e2ce \u00e0 sa conception robuste, ce module garantit \u00e0 la fois la s\u00e9curit\u00e9 et la fiabilit\u00e9, ce qui le rend id\u00e9al pour l'int\u00e9gration dans des syst\u00e8mes avanc\u00e9s o\u00f9 la pr\u00e9cision est essentielle. Gr\u00e2ce \u00e0 sa conception robuste et \u00e0 son<strong>Communication RS422\/TTL<\/strong>le SFB2000AW offre des performances exceptionnelles dans un format l\u00e9ger et modulaire.<\/p>","protected":false},"featured_media":9836,"comment_status":"closed","ping_status":"closed","template":"","meta":[],"product_brand":[],"product_cat":[105,605],"product_tag":[],"class_list":{"0":"post-9832","1":"product","2":"type-product","3":"status-publish","4":"has-post-thumbnail","6":"product_cat-1535nm-eye-safe-laser-rangefinder-module","7":"product_cat-laser-rangefinder-module","8":"pa_acuracy-rate-649","9":"pa_baud-rate-115200-default-57600-38400-9600","10":"pa_blind-zone-686","11":"pa_dimensions--62-x-72-x-80-5","12":"pa_operating-temperature-695","13":"pa_storage-temperature-45-70","14":"pa_voltage-5-14-typical-12","15":"pa_weight-706","17":"first","18":"instock","19":"shipping-taxable","20":"product-type-simple"},"yoast_head":"<!-- This site is optimized with the Yoast SEO Premium plugin v24.8 (Yoast SEO v26.6) - https:\/\/yoast.com\/wordpress\/plugins\/seo\/ -->\n<title>1535nm Laser Rangefinder Module 2000m \uff08for Drone Target\uff09SFB2000AW - SunFlaser Tech<\/title>\n<meta name=\"description\" content=\"Operating on a \u200b1535nm eye-safe laser, this module ensures both safety and reliability, making it ideal for integration into advanced systems where precision is critical.\" \/>\n<meta name=\"robots\" content=\"index, follow, max-snippet:-1, max-image-preview:large, max-video-preview:-1\" \/>\n<link rel=\"canonical\" href=\"https:\/\/sunflaser.com\/fr\/shop\/1535nm-laser-rangefinder-module-2000m-sfb2000aw\/\" \/>\n<meta property=\"og:locale\" content=\"fr_FR\" \/>\n<meta property=\"og:type\" content=\"article\" \/>\n<meta property=\"og:title\" content=\"1535nm Laser Rangefinder Module 2000m \uff08for Drone Target\uff09SFB2000AW\" \/>\n<meta property=\"og:description\" content=\"Operating on a \u200b1535nm eye-safe laser, this module ensures both safety and reliability, making it ideal for integration into advanced systems where precision is critical.\" \/>\n<meta property=\"og:url\" content=\"https:\/\/sunflaser.com\/fr\/shop\/1535nm-laser-rangefinder-module-2000m-sfb2000aw\/\" \/>\n<meta property=\"og:site_name\" content=\"SunFlaser Tech\" \/>\n<meta property=\"article:modified_time\" content=\"2025-11-21T03:02:58+00:00\" \/>\n<meta property=\"og:image\" content=\"https:\/\/sunflaser.com\/wp-content\/uploads\/2025\/09\/SFB20000R.jpg\" \/>\n\t<meta property=\"og:image:width\" content=\"1440\" \/>\n\t<meta property=\"og:image:height\" content=\"1440\" \/>\n\t<meta property=\"og:image:type\" content=\"image\/jpeg\" \/>\n<meta name=\"twitter:card\" content=\"summary_large_image\" \/>\n<meta name=\"twitter:label1\" content=\"Dur\u00e9e de lecture estim\u00e9e\" \/>\n\t<meta name=\"twitter:data1\" content=\"2 minutes\" \/>\n<script type=\"application\/ld+json\" class=\"yoast-schema-graph\">{\"@context\":\"https:\/\/schema.org\",\"@graph\":[{\"@type\":\"WebPage\",\"@id\":\"https:\/\/sunflaser.com\/shop\/1535nm-laser-rangefinder-module-2000m-sfb2000aw\/\",\"url\":\"https:\/\/sunflaser.com\/shop\/1535nm-laser-rangefinder-module-2000m-sfb2000aw\/\",\"name\":\"1535nm Laser Rangefinder Module 2000m \uff08for Drone Target\uff09SFB2000AW - SunFlaser Tech\",\"isPartOf\":{\"@id\":\"https:\/\/sunflaser.com\/#website\"},\"primaryImageOfPage\":{\"@id\":\"https:\/\/sunflaser.com\/shop\/1535nm-laser-rangefinder-module-2000m-sfb2000aw\/#primaryimage\"},\"image\":{\"@id\":\"https:\/\/sunflaser.com\/shop\/1535nm-laser-rangefinder-module-2000m-sfb2000aw\/#primaryimage\"},\"thumbnailUrl\":\"https:\/\/sunflaser.com\/wp-content\/uploads\/2025\/09\/SFB20000R.jpg\",\"datePublished\":\"2025-09-29T06:11:30+00:00\",\"dateModified\":\"2025-11-21T03:02:58+00:00\",\"description\":\"Operating on a \u200b1535nm eye-safe laser, this module ensures both safety and reliability, making it ideal for integration into advanced systems where precision is critical.\",\"breadcrumb\":{\"@id\":\"https:\/\/sunflaser.com\/shop\/1535nm-laser-rangefinder-module-2000m-sfb2000aw\/#breadcrumb\"},\"inLanguage\":\"fr-FR\",\"potentialAction\":[{\"@type\":\"ReadAction\",\"target\":[\"https:\/\/sunflaser.com\/shop\/1535nm-laser-rangefinder-module-2000m-sfb2000aw\/\"]}]},{\"@type\":\"ImageObject\",\"inLanguage\":\"fr-FR\",\"@id\":\"https:\/\/sunflaser.com\/shop\/1535nm-laser-rangefinder-module-2000m-sfb2000aw\/#primaryimage\",\"url\":\"https:\/\/sunflaser.com\/wp-content\/uploads\/2025\/09\/SFB20000R.jpg\",\"contentUrl\":\"https:\/\/sunflaser.com\/wp-content\/uploads\/2025\/09\/SFB20000R.jpg\",\"width\":1440,\"height\":1440,\"caption\":\"A close-up, technical image of the SFB2000AW laser rangefinder module, showing its compact design and laser lens, representing the advanced technology inside professional equipment.\"},{\"@type\":\"BreadcrumbList\",\"@id\":\"https:\/\/sunflaser.com\/shop\/1535nm-laser-rangefinder-module-2000m-sfb2000aw\/#breadcrumb\",\"itemListElement\":[{\"@type\":\"ListItem\",\"position\":1,\"name\":\"\u9996\u9875\",\"item\":\"https:\/\/sunflaser.com\/\"},{\"@type\":\"ListItem\",\"position\":2,\"name\":\"Product\",\"item\":\"https:\/\/sunflaser.com\/product\/\"},{\"@type\":\"ListItem\",\"position\":3,\"name\":\"1535nm Laser Rangefinder Module 2000m \uff08for Drone Target\uff09SFB2000AW\"}]},{\"@type\":\"WebSite\",\"@id\":\"https:\/\/sunflaser.com\/#website\",\"url\":\"https:\/\/sunflaser.com\/\",\"name\":\"SunFlaser Tech\",\"description\":\"\",\"publisher\":{\"@id\":\"https:\/\/sunflaser.com\/#organization\"},\"potentialAction\":[{\"@type\":\"SearchAction\",\"target\":{\"@type\":\"EntryPoint\",\"urlTemplate\":\"https:\/\/sunflaser.com\/?s={search_term_string}\"},\"query-input\":{\"@type\":\"PropertyValueSpecification\",\"valueRequired\":true,\"valueName\":\"search_term_string\"}}],\"inLanguage\":\"fr-FR\"},{\"@type\":\"Organization\",\"@id\":\"https:\/\/sunflaser.com\/#organization\",\"name\":\"\u76db\u98de\u5149\u901f\u79d1\u6280\uff08\u6210\u90fd\uff09\u6709\u9650\u516c\u53f8\",\"alternateName\":\"\u76db\u98de\u5149\u901f\u79d1\u6280\uff08\u6210\u90fd\uff09\u6709\u9650\u516c\u53f8\",\"url\":\"https:\/\/sunflaser.com\/\",\"logo\":{\"@type\":\"ImageObject\",\"inLanguage\":\"fr-FR\",\"@id\":\"https:\/\/sunflaser.com\/#\/schema\/logo\/image\/\",\"url\":\"https:\/\/sunflaser.com\/wp-content\/uploads\/2025\/05\/Modern-S-Letter-Logo.png\",\"contentUrl\":\"https:\/\/sunflaser.com\/wp-content\/uploads\/2025\/05\/Modern-S-Letter-Logo.png\",\"width\":1024,\"height\":289,\"caption\":\"\u76db\u98de\u5149\u901f\u79d1\u6280\uff08\u6210\u90fd\uff09\u6709\u9650\u516c\u53f8\"},\"image\":{\"@id\":\"https:\/\/sunflaser.com\/#\/schema\/logo\/image\/\"}}]}<\/script>\n<!-- \/ Yoast SEO Premium plugin. -->","yoast_head_json":{"title":"1535nm Laser Rangefinder Module 2000m \uff08for Drone Target\uff09SFB2000AW - SunFlaser Tech","description":"Operating on a \u200b1535nm eye-safe laser, this module ensures both safety and reliability, making it ideal for integration into advanced systems where precision is critical.","robots":{"index":"index","follow":"follow","max-snippet":"max-snippet:-1","max-image-preview":"max-image-preview:large","max-video-preview":"max-video-preview:-1"},"canonical":"https:\/\/sunflaser.com\/fr\/shop\/1535nm-laser-rangefinder-module-2000m-sfb2000aw\/","og_locale":"fr_FR","og_type":"article","og_title":"1535nm Laser Rangefinder Module 2000m \uff08for Drone Target\uff09SFB2000AW","og_description":"Operating on a \u200b1535nm eye-safe laser, this module ensures both safety and reliability, making it ideal for integration into advanced systems where precision is critical.","og_url":"https:\/\/sunflaser.com\/fr\/shop\/1535nm-laser-rangefinder-module-2000m-sfb2000aw\/","og_site_name":"SunFlaser Tech","article_modified_time":"2025-11-21T03:02:58+00:00","og_image":[{"width":1440,"height":1440,"url":"https:\/\/sunflaser.com\/wp-content\/uploads\/2025\/09\/SFB20000R.jpg","type":"image\/jpeg"}],"twitter_card":"summary_large_image","twitter_misc":{"Dur\u00e9e de lecture estim\u00e9e":"2 minutes"},"schema":{"@context":"https:\/\/schema.org","@graph":[{"@type":"WebPage","@id":"https:\/\/sunflaser.com\/shop\/1535nm-laser-rangefinder-module-2000m-sfb2000aw\/","url":"https:\/\/sunflaser.com\/shop\/1535nm-laser-rangefinder-module-2000m-sfb2000aw\/","name":"1535nm Laser Rangefinder Module 2000m \uff08for Drone Target\uff09SFB2000AW - SunFlaser Tech","isPartOf":{"@id":"https:\/\/sunflaser.com\/#website"},"primaryImageOfPage":{"@id":"https:\/\/sunflaser.com\/shop\/1535nm-laser-rangefinder-module-2000m-sfb2000aw\/#primaryimage"},"image":{"@id":"https:\/\/sunflaser.com\/shop\/1535nm-laser-rangefinder-module-2000m-sfb2000aw\/#primaryimage"},"thumbnailUrl":"https:\/\/sunflaser.com\/wp-content\/uploads\/2025\/09\/SFB20000R.jpg","datePublished":"2025-09-29T06:11:30+00:00","dateModified":"2025-11-21T03:02:58+00:00","description":"Operating on a \u200b1535nm eye-safe laser, this module ensures both safety and reliability, making it ideal for integration into advanced systems where precision is critical.","breadcrumb":{"@id":"https:\/\/sunflaser.com\/shop\/1535nm-laser-rangefinder-module-2000m-sfb2000aw\/#breadcrumb"},"inLanguage":"fr-FR","potentialAction":[{"@type":"ReadAction","target":["https:\/\/sunflaser.com\/shop\/1535nm-laser-rangefinder-module-2000m-sfb2000aw\/"]}]},{"@type":"ImageObject","inLanguage":"fr-FR","@id":"https:\/\/sunflaser.com\/shop\/1535nm-laser-rangefinder-module-2000m-sfb2000aw\/#primaryimage","url":"https:\/\/sunflaser.com\/wp-content\/uploads\/2025\/09\/SFB20000R.jpg","contentUrl":"https:\/\/sunflaser.com\/wp-content\/uploads\/2025\/09\/SFB20000R.jpg","width":1440,"height":1440,"caption":"A close-up, technical image of the SFB2000AW laser rangefinder module, showing its compact design and laser lens, representing the advanced technology inside professional equipment."},{"@type":"BreadcrumbList","@id":"https:\/\/sunflaser.com\/shop\/1535nm-laser-rangefinder-module-2000m-sfb2000aw\/#breadcrumb","itemListElement":[{"@type":"ListItem","position":1,"name":"\u9996\u9875","item":"https:\/\/sunflaser.com\/"},{"@type":"ListItem","position":2,"name":"Product","item":"https:\/\/sunflaser.com\/product\/"},{"@type":"ListItem","position":3,"name":"1535nm Laser Rangefinder Module 2000m \uff08for Drone Target\uff09SFB2000AW"}]},{"@type":"WebSite","@id":"https:\/\/sunflaser.com\/#website","url":"https:\/\/sunflaser.com\/","name":"SunFlaser Tech","description":"","publisher":{"@id":"https:\/\/sunflaser.com\/#organization"},"potentialAction":[{"@type":"SearchAction","target":{"@type":"EntryPoint","urlTemplate":"https:\/\/sunflaser.com\/?s={search_term_string}"},"query-input":{"@type":"PropertyValueSpecification","valueRequired":true,"valueName":"search_term_string"}}],"inLanguage":"fr-FR"},{"@type":"Organization","@id":"https:\/\/sunflaser.com\/#organization","name":"\u76db\u98de\u5149\u901f\u79d1\u6280\uff08\u6210\u90fd\uff09\u6709\u9650\u516c\u53f8","alternateName":"\u76db\u98de\u5149\u901f\u79d1\u6280\uff08\u6210\u90fd\uff09\u6709\u9650\u516c\u53f8","url":"https:\/\/sunflaser.com\/","logo":{"@type":"ImageObject","inLanguage":"fr-FR","@id":"https:\/\/sunflaser.com\/#\/schema\/logo\/image\/","url":"https:\/\/sunflaser.com\/wp-content\/uploads\/2025\/05\/Modern-S-Letter-Logo.png","contentUrl":"https:\/\/sunflaser.com\/wp-content\/uploads\/2025\/05\/Modern-S-Letter-Logo.png","width":1024,"height":289,"caption":"\u76db\u98de\u5149\u901f\u79d1\u6280\uff08\u6210\u90fd\uff09\u6709\u9650\u516c\u53f8"},"image":{"@id":"https:\/\/sunflaser.com\/#\/schema\/logo\/image\/"}}]}},"_links":{"self":[{"href":"https:\/\/sunflaser.com\/fr\/wp-json\/wp\/v2\/product\/9832","targetHints":{"allow":["GET"]}}],"collection":[{"href":"https:\/\/sunflaser.com\/fr\/wp-json\/wp\/v2\/product"}],"about":[{"href":"https:\/\/sunflaser.com\/fr\/wp-json\/wp\/v2\/types\/product"}],"replies":[{"embeddable":true,"href":"https:\/\/sunflaser.com\/fr\/wp-json\/wp\/v2\/comments?post=9832"}],"version-history":[{"count":0,"href":"https:\/\/sunflaser.com\/fr\/wp-json\/wp\/v2\/product\/9832\/revisions"}],"wp:featuredmedia":[{"embeddable":true,"href":"https:\/\/sunflaser.com\/fr\/wp-json\/wp\/v2\/media\/9836"}],"wp:attachment":[{"href":"https:\/\/sunflaser.com\/fr\/wp-json\/wp\/v2\/media?parent=9832"}],"wp:term":[{"taxonomy":"product_brand","embeddable":true,"href":"https:\/\/sunflaser.com\/fr\/wp-json\/wp\/v2\/product_brand?post=9832"},{"taxonomy":"product_cat","embeddable":true,"href":"https:\/\/sunflaser.com\/fr\/wp-json\/wp\/v2\/product_cat?post=9832"},{"taxonomy":"product_tag","embeddable":true,"href":"https:\/\/sunflaser.com\/fr\/wp-json\/wp\/v2\/product_tag?post=9832"}],"curies":[{"name":"wp","href":"https:\/\/api.w.org\/{rel}","templated":true}]}}