{"id":9424,"date":"2025-09-18T00:54:09","date_gmt":"2025-09-18T07:54:09","guid":{"rendered":"https:\/\/sunflaser.com\/?post_type=product&#038;p=9424"},"modified":"2025-10-26T22:50:08","modified_gmt":"2025-10-27T05:50:08","slug":"905nm-laser-rangefinder-module-1000m-sfa1000c","status":"publish","type":"product","link":"https:\/\/sunflaser.com\/fr\/shop\/905nm-laser-rangefinder-module-1000m-sfa1000c\/","title":{"rendered":"905nm Laser Rangefinder Module 1000m SFA1000C"},"content":{"rendered":"<h3><strong>Principaux arguments de vente<\/strong>\u200b<\/h3>\n<ol class=\"ybc-ol-component ybc-ol-component_1\">\n<li class=\"ybc-li-component ybc-li-component_ol\">\u200b<strong>Ultra-compact et l\u00e9ger<\/strong>\u200b\n<ul class=\"ybc-ul-component\">\n<li class=\"ybc-li-component ybc-li-component_ul\">L'encombrement et le poids minimaux (\u226414,5g) permettent une int\u00e9gration sans effort dans des conceptions compactes sans compromettre les performances.<\/li>\n<\/ul>\n<\/li>\n<li class=\"ybc-li-component ybc-li-component_ol\">\u200b<strong>Pr\u00e9cision et fiabilit\u00e9 \u00e9lev\u00e9es<\/strong>\u200b\n<ul class=\"ybc-ul-component\">\n<li class=\"ybc-li-component ybc-li-component_ul\">Mesure des distances jusqu'\u00e0<strong>1000m<\/strong>avec une pr\u00e9cision allant jusqu'\u00e0<strong>\u00b11m<\/strong>(\u2264300m) et<strong>\u00b12m<\/strong>(&gt;300m), avec un taux de r\u00e9ussite \u226598%.<\/li>\n<\/ul>\n<\/li>\n<li class=\"ybc-li-component ybc-li-component_ol\">\u200b<strong>Adaptabilit\u00e9 environnementale robuste<\/strong>\u200b\n<ul class=\"ybc-ul-component\">\n<li class=\"ybc-li-component ybc-li-component_ul\">Fonctionne \u00e0 des temp\u00e9ratures extr\u00eames (-40\u00b0C \u00e0 +70\u00b0C) et r\u00e9siste aux vibrations, aux chocs et \u00e0 l'exposition \u00e0 la poussi\u00e8re et \u00e0 l'eau (protection IP).<\/li>\n<\/ul>\n<\/li>\n<li class=\"ybc-li-component ybc-li-component_ol\">\u200b<strong>Faible consommation d'\u00e9nergie<\/strong>\u200b\n<ul class=\"ybc-ul-component\">\n<li class=\"ybc-li-component ybc-li-component_ul\">Puissance en veille \u22640,6W, puissance moyenne \u22640,8W, id\u00e9al pour les applications d\u00e9pendantes de la batterie.<\/li>\n<\/ul>\n<\/li>\n<li class=\"ybc-li-component ybc-li-component_ol\">\u200b<strong>S\u00e9curit\u00e9 laser de classe 1<\/strong>\u200b\n<ul class=\"ybc-ul-component\">\n<li class=\"ybc-li-component ybc-li-component_ul\">Conforme \u00e0 la norme IEC 60825-1, garantissant un fonctionnement s\u00fbr pour les utilisateurs et les environnements.<\/li>\n<\/ul>\n<\/li>\n<\/ol>\n<hr \/>\n<h3>\u200b<strong>Fonctions et caract\u00e9ristiques<\/strong>\u200b<\/h3>\n<ul class=\"ybc-ul-component\">\n<li class=\"ybc-li-component ybc-li-component_ul\">\u200b<strong>Modes de t\u00e9l\u00e9m\u00e9trie simple\/continue<\/strong>: Prend en charge des commandes de mesure flexibles via UART-TTL.<\/li>\n<li class=\"ybc-li-component ybc-li-component_ul\">\u200b<strong>Temps de r\u00e9ponse rapide<\/strong>: \u2264100ms de latence entre l'amor\u00e7age et le changement.<\/li>\n<li class=\"ybc-li-component ybc-li-component_ul\">\u200b<strong>Compatibilit\u00e9 \u00e9lev\u00e9e<\/strong>: L'interface UART-TTL standard 3,3V (115200bps) simplifie l'int\u00e9gration.<\/li>\n<\/ul>\n<hr \/>\n<h3>\u200b<strong>Applications<\/strong>\u200b<\/h3>\n<ul class=\"ybc-ul-component\">\n<li class=\"ybc-li-component ybc-li-component_ul\">\u200b<strong>UAV et drones<\/strong>: Mesure de l'altitude, \u00e9vitement des obstacles.<\/li>\n<li class=\"ybc-li-component ybc-li-component_ul\">\u200b<strong>Robotique<\/strong>: Navigation, positionnement et cartographie de l'environnement.<\/li>\n<li class=\"ybc-li-component ybc-li-component_ul\">\u200b<strong>Automatisation industrielle<\/strong>: Surveillance de pr\u00e9cision, syst\u00e8mes de convoyage.<\/li>\n<li class=\"ybc-li-component ybc-li-component_ul\">\u200b<strong>Syst\u00e8mes de s\u00e9curit\u00e9<\/strong>: D\u00e9tection d'intrusion, surveillance du p\u00e9rim\u00e8tre.<\/li>\n<li class=\"ybc-li-component ybc-li-component_ul\">\u200b<strong>Mat\u00e9riel d'arpentage<\/strong>: Outils portables de mesure de la distance.<\/li>\n<\/ul>\n<hr \/>\n<h3>\u200b<strong>Sp\u00e9cifications techniques<\/strong>\u200b<\/h3>\n\n<table id=\"tablepress-7\" class=\"tablepress tablepress-id-7\">\n<thead>\n<tr class=\"row-1\">\n\t<th class=\"column-1\"><strong>Param\u00e8tres<\/strong><\/th><th class=\"column-2\"><strong>Sp\u00e9cification \/ Description<\/strong><\/th>\n<\/tr>\n<\/thead>\n<tbody class=\"row-striping row-hover\">\n<tr class=\"row-2\">\n\t<td class=\"column-1\">\u200b<strong>Fonction :<\/strong>\u200b<\/td><td class=\"column-2\"><\/td>\n<\/tr>\n<tr class=\"row-3\">\n\t<td class=\"column-1\">T\u00e9l\u00e9m\u00e9trie laser<\/td><td class=\"column-2\">Mesure de la distance par le principe du temps de vol du laser<\/td>\n<\/tr>\n<tr class=\"row-4\">\n\t<td class=\"column-1\"><strong>Performance :<\/strong>\u200b<\/td><td class=\"column-2\"><\/td>\n<\/tr>\n<tr class=\"row-5\">\n\t<td class=\"column-1\">Longueur d'onde de fonctionnement<\/td><td class=\"column-2\">905nm \u00b15nm \u00e0 25\u00b0C<\/td>\n<\/tr>\n<tr class=\"row-6\">\n\t<td class=\"column-1\">Capacit\u00e9 de t\u00e9l\u00e9d\u00e9tection<\/td><td class=\"column-2\">\u22651000m (Grande cible, r\u00e9flectance 0,3, 60% RH, visibilit\u00e9 \u226510km)<\/td>\n<\/tr>\n<tr class=\"row-7\">\n\t<td class=\"column-1\">Distance de mesure minimale<\/td><td class=\"column-2\">\u22643m<\/td>\n<\/tr>\n<tr class=\"row-8\">\n\t<td class=\"column-1\">Pr\u00e9cision<\/td><td class=\"column-2\">\u2264\u00b11m (\u2264300m), \u2264\u00b12m (&gt;300m)<\/td>\n<\/tr>\n<tr class=\"row-9\">\n\t<td class=\"column-1\">Taux de mesure correct<\/td><td class=\"column-2\">\u226598%<\/td>\n<\/tr>\n<tr class=\"row-10\">\n\t<td class=\"column-1\">Fr\u00e9quence de t\u00e9l\u00e9m\u00e9trie<\/td><td class=\"column-2\">Coup unique, 1Hz<\/td>\n<\/tr>\n<tr class=\"row-11\">\n\t<td class=\"column-1\">Lumi\u00e8re parasite<\/td><td class=\"column-2\">\u226410\u00b0<\/td>\n<\/tr>\n<tr class=\"row-12\">\n\t<td class=\"column-1\">\u200b<strong>Adaptabilit\u00e9 environnementale :<\/strong>\u200b<\/td><td class=\"column-2\"><\/td>\n<\/tr>\n<tr class=\"row-13\">\n\t<td class=\"column-1\">Temp\u00e9rature de fonctionnement<\/td><td class=\"column-2\">-20\u00b0C ~ 60\u00b0C (v\u00e9rifi\u00e9 \u00e0 -30\u00b0C)<\/td>\n<\/tr>\n<tr class=\"row-14\">\n\t<td class=\"column-1\">Temp\u00e9rature de stockage<\/td><td class=\"column-2\">-35(\u00b12)\u00b0C ~ 75(\u00b12)\u00b0C (v\u00e9rification du lot pilote)<\/td>\n<\/tr>\n<tr class=\"row-15\">\n\t<td class=\"column-1\">R\u00e9sistance aux chocs<\/td><td class=\"column-2\">R\u00e9siste \u00e0 un impact d'impulsion demi-sinuso\u00efdale de 1000G (dur\u00e9e de 0,5ms, 20 fois) le long de l'axe optique ; changement de l'axe optique \u22640,3mil (test\u00e9 avec le syst\u00e8me h\u00f4te).<\/td>\n<\/tr>\n<tr class=\"row-16\">\n\t<td class=\"column-1\">R\u00e9sistance \u00e0 la poussi\u00e8re et \u00e0 l'eau<\/td><td class=\"column-2\">Fuite \u2264\u00b10.4sccm @35kPa (test\u00e9 avec un appareil)<\/td>\n<\/tr>\n<tr class=\"row-17\">\n\t<td class=\"column-1\">Conformit\u00e9 environnementale<\/td><td class=\"column-2\">RoHS 2.0 (rapports fournis pour les lots pilotes et les premiers lots de production de masse, puis sur demande)<\/td>\n<\/tr>\n<tr class=\"row-18\">\n\t<td class=\"column-1\">Conformit\u00e9 en mati\u00e8re de s\u00e9curit\u00e9<\/td><td class=\"column-2\">IEC 60825-1 Classe 1 (rapports fournis pour les lots pilotes et les premiers lots de production de masse, puis sur demande)<\/td>\n<\/tr>\n<tr class=\"row-19\">\n\t<td class=\"column-1\">Essai de vibration (v\u00e9rification pilote)<\/td><td class=\"column-2\">Pas de desserrage ni de d\u00e9gradation des performances apr\u00e8s 10 minutes de vibrations al\u00e9atoires sur trois axes<\/td>\n<\/tr>\n<tr class=\"row-20\">\n\t<td class=\"column-1\">Essai de chute (v\u00e9rification pilote)<\/td><td class=\"column-2\">Pas de desserrage ni de d\u00e9gradation des performances apr\u00e8s 5 chutes libres d'une hauteur de 1,0 m sur un sol en bois (1 coin, 3 ar\u00eates, 6 faces).<\/td>\n<\/tr>\n<\/tbody>\n<\/table>\n\n<p>Note : HR = Humidit\u00e9 Relative<\/p>\n<hr \/>\n<h3>\u200b<strong>Guide d'utilisation<\/strong>\u200b<\/h3>\n<ol class=\"ybc-ol-component ybc-ol-component_1\">\n<li class=\"ybc-li-component ybc-li-component_ol\">\u200b<strong>Raccordement \u00e9lectrique<\/strong>\u200b\n<ul class=\"ybc-ul-component\">\n<li class=\"ybc-li-component ybc-li-component_ul\">Assurer une alimentation de 3,3V et un c\u00e2blage UART-TTL correct (voir les d\u00e9finitions des broches dans la section 2.2.2).<\/li>\n<\/ul>\n<\/li>\n<li class=\"ybc-li-component ybc-li-component_ol\">\u200b<strong>Entretien des fen\u00eatres optiques<\/strong>\u200b\n<ul class=\"ybc-ul-component\">\n<li class=\"ybc-li-component ybc-li-component_ul\">Maintenez la fen\u00eatre optique propre et exempte d'empreintes digitales, de poussi\u00e8re ou de rayures afin de pr\u00e9server la pr\u00e9cision.<\/li>\n<\/ul>\n<\/li>\n<li class=\"ybc-li-component ybc-li-component_ol\">\u200b<strong>Consid\u00e9rations environnementales<\/strong>\u200b\n<ul class=\"ybc-ul-component\">\n<li class=\"ybc-li-component ybc-li-component_ul\">\u00c9vitez de mesurer des cibles tr\u00e8s r\u00e9fl\u00e9chissantes \u00e0 courte distance afin de prot\u00e9ger les composants du d\u00e9tecteur.<\/li>\n<li class=\"ybc-li-component ybc-li-component_ul\">Ne pas utiliser dans des environnements pollu\u00e9s ou au-del\u00e0 des temp\u00e9ratures de stockage sp\u00e9cifi\u00e9es.<\/li>\n<\/ul>\n<\/li>\n<li class=\"ybc-li-component ybc-li-component_ol\">\u200b<strong>Pr\u00e9cautions de s\u00e9curit\u00e9<\/strong>\u200b\n<ul class=\"ybc-ul-component\">\n<li class=\"ybc-li-component ybc-li-component_ul\">Ne jamais d\u00e9monter ou ajuster les composants internes.<\/li>\n<li class=\"ybc-li-component ybc-li-component_ul\">\u00c9viter l'exposition directe des yeux au faisceau laser.<\/li>\n<\/ul>\n<\/li>\n<\/ol>\n<hr \/>\n<h3>\u200b<strong>Pourquoi choisir le CDF1000C ?<\/strong>\u200b<\/h3>\n<ul class=\"ybc-ul-component\">\n<li class=\"ybc-li-component ybc-li-component_ul\">\u200b<strong>Excellence en mati\u00e8re d'ing\u00e9nierie<\/strong>: Con\u00e7u pour r\u00e9pondre aux normes de durabilit\u00e9 militaire (GJB 900A-2012).<\/li>\n<li class=\"ybc-li-component ybc-li-component_ul\">\u200b<strong>Conformit\u00e9 mondiale<\/strong>: Certifi\u00e9 RoHS 2.0 et IEC 60825-1.<\/li>\n<li class=\"ybc-li-component ybc-li-component_ul\">\u200b<strong>Soutien<\/strong>: Garantie d'un an et assistance technique \u00e0 vie de Shengfei Guangsu Technology.<\/li>\n<\/ul>","protected":false},"excerpt":{"rendered":"<p>Le t\u00e9l\u00e9m\u00e8tre micro-laser SFA1000C est un appareil photo\u00e9lectrique de haute pr\u00e9cision con\u00e7u pour mesurer avec pr\u00e9cision les distances gr\u00e2ce \u00e0 la technologie du laser \u00e0 temps de vol.<\/p>\n<p>Fonctionnant \u00e0 une longueur d'onde de 905 nm (s\u00e9curit\u00e9 oculaire de classe 1), elle combine des dimensions compactes (25,5 mm \u00d7 30,5 mm \u00d7 20,9 mm, \u226414,5 g) avec des performances robustes, ce qui la rend id\u00e9ale pour l'int\u00e9gration dans des applications \u00e0 espace limit\u00e9 telles que les drones, la robotique et les syst\u00e8mes automatis\u00e9s.<\/p>\n<p>Son interface UART-TTL assure une communication transparente avec les syst\u00e8mes h\u00f4tes, tandis que sa tr\u00e8s faible consommation d'\u00e9nergie prolonge sa dur\u00e9e de vie.<\/p>","protected":false},"featured_media":9425,"comment_status":"closed","ping_status":"closed","template":"","meta":[],"product_brand":[],"product_cat":[126,605],"product_tag":[],"class_list":{"0":"post-9424","1":"product","2":"type-product","3":"status-publish","4":"has-post-thumbnail","6":"product_cat-905nm-semiconductor-pulsed-laser-rangefinder-module","7":"product_cat-laser-rangefinder-module","9":"first","10":"instock","11":"shipping-taxable","12":"product-type-simple"},"yoast_head":"<!-- This site is optimized with the Yoast SEO Premium plugin v24.8 (Yoast SEO v26.6) - https:\/\/yoast.com\/wordpress\/plugins\/seo\/ -->\n<title>905nm Laser Rangefinder Module 1000m SFA1000C - SunFlaser Tech<\/title>\n<meta name=\"robots\" content=\"index, follow, max-snippet:-1, max-image-preview:large, max-video-preview:-1\" \/>\n<link rel=\"canonical\" href=\"https:\/\/sunflaser.com\/fr\/shop\/905nm-laser-rangefinder-module-1000m-sfa1000c\/\" \/>\n<meta property=\"og:locale\" content=\"fr_FR\" \/>\n<meta property=\"og:type\" content=\"article\" \/>\n<meta property=\"og:title\" content=\"905nm Laser Rangefinder Module 1000m SFA1000C\" \/>\n<meta property=\"og:description\" content=\"The SFA1000C Micro Laser Rangefinder is a high-precision photoelectric device designed for accurate distance measurement via time-of-flight laser technology.  Operating at a 905nm wavelength (Class 1 eye-safe), it combines compact dimensions (25.5mm \u00d7 30.5mm \u00d7 20.9mm, \u226414.5g) with robust performance, making it ideal for integration into space-constrained applications such as drones, robotics, and automated systems.  Its UART-TTL interface ensures seamless communication with host systems, while ultra-low power consumption extends operational longevity.\" \/>\n<meta property=\"og:url\" content=\"https:\/\/sunflaser.com\/fr\/shop\/905nm-laser-rangefinder-module-1000m-sfa1000c\/\" \/>\n<meta property=\"og:site_name\" content=\"SunFlaser Tech\" \/>\n<meta property=\"article:modified_time\" content=\"2025-10-27T05:50:08+00:00\" \/>\n<meta property=\"og:image\" content=\"https:\/\/sunflaser.com\/wp-content\/uploads\/2025\/09\/SFA1000C.png\" \/>\n\t<meta property=\"og:image:width\" content=\"1440\" \/>\n\t<meta property=\"og:image:height\" content=\"1440\" \/>\n\t<meta property=\"og:image:type\" content=\"image\/png\" \/>\n<meta name=\"twitter:card\" content=\"summary_large_image\" \/>\n<meta name=\"twitter:label1\" content=\"Dur\u00e9e de lecture estim\u00e9e\" \/>\n\t<meta name=\"twitter:data1\" content=\"2 minutes\" \/>\n<script type=\"application\/ld+json\" class=\"yoast-schema-graph\">{\"@context\":\"https:\/\/schema.org\",\"@graph\":[{\"@type\":\"WebPage\",\"@id\":\"https:\/\/sunflaser.com\/shop\/905nm-laser-rangefinder-module-1000m-sfa1000c\/\",\"url\":\"https:\/\/sunflaser.com\/shop\/905nm-laser-rangefinder-module-1000m-sfa1000c\/\",\"name\":\"905nm Laser Rangefinder Module 1000m SFA1000C - SunFlaser Tech\",\"isPartOf\":{\"@id\":\"https:\/\/sunflaser.com\/#website\"},\"primaryImageOfPage\":{\"@id\":\"https:\/\/sunflaser.com\/shop\/905nm-laser-rangefinder-module-1000m-sfa1000c\/#primaryimage\"},\"image\":{\"@id\":\"https:\/\/sunflaser.com\/shop\/905nm-laser-rangefinder-module-1000m-sfa1000c\/#primaryimage\"},\"thumbnailUrl\":\"https:\/\/sunflaser.com\/wp-content\/uploads\/2025\/09\/SFA1000C.png\",\"datePublished\":\"2025-09-18T07:54:09+00:00\",\"dateModified\":\"2025-10-27T05:50:08+00:00\",\"breadcrumb\":{\"@id\":\"https:\/\/sunflaser.com\/shop\/905nm-laser-rangefinder-module-1000m-sfa1000c\/#breadcrumb\"},\"inLanguage\":\"fr-FR\",\"potentialAction\":[{\"@type\":\"ReadAction\",\"target\":[\"https:\/\/sunflaser.com\/shop\/905nm-laser-rangefinder-module-1000m-sfa1000c\/\"]}]},{\"@type\":\"ImageObject\",\"inLanguage\":\"fr-FR\",\"@id\":\"https:\/\/sunflaser.com\/shop\/905nm-laser-rangefinder-module-1000m-sfa1000c\/#primaryimage\",\"url\":\"https:\/\/sunflaser.com\/wp-content\/uploads\/2025\/09\/SFA1000C.png\",\"contentUrl\":\"https:\/\/sunflaser.com\/wp-content\/uploads\/2025\/09\/SFA1000C.png\",\"width\":1440,\"height\":1440,\"caption\":\"905nm Laser Rangefinder Module 1000m SFA1000C\"},{\"@type\":\"BreadcrumbList\",\"@id\":\"https:\/\/sunflaser.com\/shop\/905nm-laser-rangefinder-module-1000m-sfa1000c\/#breadcrumb\",\"itemListElement\":[{\"@type\":\"ListItem\",\"position\":1,\"name\":\"\u9996\u9875\",\"item\":\"https:\/\/sunflaser.com\/\"},{\"@type\":\"ListItem\",\"position\":2,\"name\":\"Product\",\"item\":\"https:\/\/sunflaser.com\/product\/\"},{\"@type\":\"ListItem\",\"position\":3,\"name\":\"905nm Laser Rangefinder Module 1000m SFA1000C\"}]},{\"@type\":\"WebSite\",\"@id\":\"https:\/\/sunflaser.com\/#website\",\"url\":\"https:\/\/sunflaser.com\/\",\"name\":\"SunFlaser Tech\",\"description\":\"\",\"publisher\":{\"@id\":\"https:\/\/sunflaser.com\/#organization\"},\"potentialAction\":[{\"@type\":\"SearchAction\",\"target\":{\"@type\":\"EntryPoint\",\"urlTemplate\":\"https:\/\/sunflaser.com\/?s={search_term_string}\"},\"query-input\":{\"@type\":\"PropertyValueSpecification\",\"valueRequired\":true,\"valueName\":\"search_term_string\"}}],\"inLanguage\":\"fr-FR\"},{\"@type\":\"Organization\",\"@id\":\"https:\/\/sunflaser.com\/#organization\",\"name\":\"\u76db\u98de\u5149\u901f\u79d1\u6280\uff08\u6210\u90fd\uff09\u6709\u9650\u516c\u53f8\",\"alternateName\":\"\u76db\u98de\u5149\u901f\u79d1\u6280\uff08\u6210\u90fd\uff09\u6709\u9650\u516c\u53f8\",\"url\":\"https:\/\/sunflaser.com\/\",\"logo\":{\"@type\":\"ImageObject\",\"inLanguage\":\"fr-FR\",\"@id\":\"https:\/\/sunflaser.com\/#\/schema\/logo\/image\/\",\"url\":\"https:\/\/sunflaser.com\/wp-content\/uploads\/2025\/05\/Modern-S-Letter-Logo.png\",\"contentUrl\":\"https:\/\/sunflaser.com\/wp-content\/uploads\/2025\/05\/Modern-S-Letter-Logo.png\",\"width\":1024,\"height\":289,\"caption\":\"\u76db\u98de\u5149\u901f\u79d1\u6280\uff08\u6210\u90fd\uff09\u6709\u9650\u516c\u53f8\"},\"image\":{\"@id\":\"https:\/\/sunflaser.com\/#\/schema\/logo\/image\/\"}}]}<\/script>\n<!-- \/ Yoast SEO Premium plugin. -->","yoast_head_json":{"title":"905nm Laser Rangefinder Module 1000m SFA1000C - SunFlaser Tech","robots":{"index":"index","follow":"follow","max-snippet":"max-snippet:-1","max-image-preview":"max-image-preview:large","max-video-preview":"max-video-preview:-1"},"canonical":"https:\/\/sunflaser.com\/fr\/shop\/905nm-laser-rangefinder-module-1000m-sfa1000c\/","og_locale":"fr_FR","og_type":"article","og_title":"905nm Laser Rangefinder Module 1000m SFA1000C","og_description":"The SFA1000C Micro Laser Rangefinder is a high-precision photoelectric device designed for accurate distance measurement via time-of-flight laser technology.  Operating at a 905nm wavelength (Class 1 eye-safe), it combines compact dimensions (25.5mm \u00d7 30.5mm \u00d7 20.9mm, \u226414.5g) with robust performance, making it ideal for integration into space-constrained applications such as drones, robotics, and automated systems.  Its UART-TTL interface ensures seamless communication with host systems, while ultra-low power consumption extends operational longevity.","og_url":"https:\/\/sunflaser.com\/fr\/shop\/905nm-laser-rangefinder-module-1000m-sfa1000c\/","og_site_name":"SunFlaser Tech","article_modified_time":"2025-10-27T05:50:08+00:00","og_image":[{"width":1440,"height":1440,"url":"https:\/\/sunflaser.com\/wp-content\/uploads\/2025\/09\/SFA1000C.png","type":"image\/png"}],"twitter_card":"summary_large_image","twitter_misc":{"Dur\u00e9e de lecture estim\u00e9e":"2 minutes"},"schema":{"@context":"https:\/\/schema.org","@graph":[{"@type":"WebPage","@id":"https:\/\/sunflaser.com\/shop\/905nm-laser-rangefinder-module-1000m-sfa1000c\/","url":"https:\/\/sunflaser.com\/shop\/905nm-laser-rangefinder-module-1000m-sfa1000c\/","name":"905nm Laser Rangefinder Module 1000m SFA1000C - SunFlaser Tech","isPartOf":{"@id":"https:\/\/sunflaser.com\/#website"},"primaryImageOfPage":{"@id":"https:\/\/sunflaser.com\/shop\/905nm-laser-rangefinder-module-1000m-sfa1000c\/#primaryimage"},"image":{"@id":"https:\/\/sunflaser.com\/shop\/905nm-laser-rangefinder-module-1000m-sfa1000c\/#primaryimage"},"thumbnailUrl":"https:\/\/sunflaser.com\/wp-content\/uploads\/2025\/09\/SFA1000C.png","datePublished":"2025-09-18T07:54:09+00:00","dateModified":"2025-10-27T05:50:08+00:00","breadcrumb":{"@id":"https:\/\/sunflaser.com\/shop\/905nm-laser-rangefinder-module-1000m-sfa1000c\/#breadcrumb"},"inLanguage":"fr-FR","potentialAction":[{"@type":"ReadAction","target":["https:\/\/sunflaser.com\/shop\/905nm-laser-rangefinder-module-1000m-sfa1000c\/"]}]},{"@type":"ImageObject","inLanguage":"fr-FR","@id":"https:\/\/sunflaser.com\/shop\/905nm-laser-rangefinder-module-1000m-sfa1000c\/#primaryimage","url":"https:\/\/sunflaser.com\/wp-content\/uploads\/2025\/09\/SFA1000C.png","contentUrl":"https:\/\/sunflaser.com\/wp-content\/uploads\/2025\/09\/SFA1000C.png","width":1440,"height":1440,"caption":"905nm Laser Rangefinder Module 1000m SFA1000C"},{"@type":"BreadcrumbList","@id":"https:\/\/sunflaser.com\/shop\/905nm-laser-rangefinder-module-1000m-sfa1000c\/#breadcrumb","itemListElement":[{"@type":"ListItem","position":1,"name":"\u9996\u9875","item":"https:\/\/sunflaser.com\/"},{"@type":"ListItem","position":2,"name":"Product","item":"https:\/\/sunflaser.com\/product\/"},{"@type":"ListItem","position":3,"name":"905nm Laser Rangefinder Module 1000m SFA1000C"}]},{"@type":"WebSite","@id":"https:\/\/sunflaser.com\/#website","url":"https:\/\/sunflaser.com\/","name":"SunFlaser Tech","description":"","publisher":{"@id":"https:\/\/sunflaser.com\/#organization"},"potentialAction":[{"@type":"SearchAction","target":{"@type":"EntryPoint","urlTemplate":"https:\/\/sunflaser.com\/?s={search_term_string}"},"query-input":{"@type":"PropertyValueSpecification","valueRequired":true,"valueName":"search_term_string"}}],"inLanguage":"fr-FR"},{"@type":"Organization","@id":"https:\/\/sunflaser.com\/#organization","name":"\u76db\u98de\u5149\u901f\u79d1\u6280\uff08\u6210\u90fd\uff09\u6709\u9650\u516c\u53f8","alternateName":"\u76db\u98de\u5149\u901f\u79d1\u6280\uff08\u6210\u90fd\uff09\u6709\u9650\u516c\u53f8","url":"https:\/\/sunflaser.com\/","logo":{"@type":"ImageObject","inLanguage":"fr-FR","@id":"https:\/\/sunflaser.com\/#\/schema\/logo\/image\/","url":"https:\/\/sunflaser.com\/wp-content\/uploads\/2025\/05\/Modern-S-Letter-Logo.png","contentUrl":"https:\/\/sunflaser.com\/wp-content\/uploads\/2025\/05\/Modern-S-Letter-Logo.png","width":1024,"height":289,"caption":"\u76db\u98de\u5149\u901f\u79d1\u6280\uff08\u6210\u90fd\uff09\u6709\u9650\u516c\u53f8"},"image":{"@id":"https:\/\/sunflaser.com\/#\/schema\/logo\/image\/"}}]}},"_links":{"self":[{"href":"https:\/\/sunflaser.com\/fr\/wp-json\/wp\/v2\/product\/9424","targetHints":{"allow":["GET"]}}],"collection":[{"href":"https:\/\/sunflaser.com\/fr\/wp-json\/wp\/v2\/product"}],"about":[{"href":"https:\/\/sunflaser.com\/fr\/wp-json\/wp\/v2\/types\/product"}],"replies":[{"embeddable":true,"href":"https:\/\/sunflaser.com\/fr\/wp-json\/wp\/v2\/comments?post=9424"}],"version-history":[{"count":0,"href":"https:\/\/sunflaser.com\/fr\/wp-json\/wp\/v2\/product\/9424\/revisions"}],"wp:featuredmedia":[{"embeddable":true,"href":"https:\/\/sunflaser.com\/fr\/wp-json\/wp\/v2\/media\/9425"}],"wp:attachment":[{"href":"https:\/\/sunflaser.com\/fr\/wp-json\/wp\/v2\/media?parent=9424"}],"wp:term":[{"taxonomy":"product_brand","embeddable":true,"href":"https:\/\/sunflaser.com\/fr\/wp-json\/wp\/v2\/product_brand?post=9424"},{"taxonomy":"product_cat","embeddable":true,"href":"https:\/\/sunflaser.com\/fr\/wp-json\/wp\/v2\/product_cat?post=9424"},{"taxonomy":"product_tag","embeddable":true,"href":"https:\/\/sunflaser.com\/fr\/wp-json\/wp\/v2\/product_tag?post=9424"}],"curies":[{"name":"wp","href":"https:\/\/api.w.org\/{rel}","templated":true}]}}