{"id":9035,"date":"2025-08-26T20:57:25","date_gmt":"2025-08-27T03:57:25","guid":{"rendered":"https:\/\/sunflaser.com\/?post_type=product&#038;p=9035"},"modified":"2025-11-21T00:58:37","modified_gmt":"2025-11-21T08:58:37","slug":"1535nm-laser-rangefinder-module-5000m-sfb5000l","status":"publish","type":"product","link":"https:\/\/sunflaser.com\/fr\/shop\/1535nm-laser-rangefinder-module-5000m-sfb5000l\/","title":{"rendered":"Module de t\u00e9l\u00e9m\u00e9trie laser 1535nm 5000m SFB5000L"},"content":{"rendered":"<h3><strong>Technologie de base et principaux arguments de vente<\/strong>\u200b<\/h3>\n<ul>\n<li><strong>S\u00e9curit\u00e9 oculaire de niveau militaire<\/strong>:<\/li>\n<\/ul>\n<p>Certification de s\u00e9curit\u00e9 laser de classe 1 (longueur d'onde de 1535nm) - <em>la norme de s\u00e9curit\u00e9 la plus \u00e9lev\u00e9e<\/em>pour les op\u00e9rations humaines.<\/p>\n<ul>\n<li><strong>R\u00e9silience aux environnements extr\u00eames<\/strong>:<\/li>\n<\/ul>\n<p>Fonctionne \u00e0<strong>-40\u00b0C \u00e0 +60\u00b0C<\/strong>avec une r\u00e9sistance aux chocs de qualit\u00e9 a\u00e9ronautique (&gt;75g@6ms). Parfait pour les drones, la robotique et les \u00e9quipements de terrain.<\/p>\n<ul>\n<li><strong>Pr\u00e9cision multi-cibles<\/strong>:<\/li>\n<\/ul>\n<p>D\u00e9tecte<strong>jusqu'\u00e0 3 cibles simultan\u00e9ment<\/strong>avec une pr\u00e9cision de \u00b11m - id\u00e9al pour les terrains complexes.<\/p>\n<ul>\n<li><strong>Conception ultra-compacte<\/strong>:<\/li>\n<\/ul>\n<p>\u200b<strong>Poids \u226440g<\/strong>et<strong>50\u00d723\u00d733.5mm<\/strong>taille - s'int\u00e8gre parfaitement dans les syst\u00e8mes portables\/v\u00e9hicules.<\/p>\n<ul>\n<li><strong>Gestion intelligente de l'\u00e9nergie<\/strong>:<\/li>\n<\/ul>\n<p>Faible<strong>0,2 W en veille<\/strong>&amp;<strong>\u22643W pic<\/strong>- prolonge la dur\u00e9e de vie des batteries des appareils portables.<\/p>\n<hr \/>\n<h3>\u200b<strong>Tableau des sp\u00e9cifications techniques<\/strong>\u200b<\/h3>\n\n<table id=\"tablepress-4\" class=\"tablepress tablepress-id-4\">\n<thead>\n<tr class=\"row-1\">\n\t<th class=\"column-1\"><strong>Param\u00e8tres<\/strong><\/th><th class=\"column-2\"><strong>Sp\u00e9cifications<\/strong><\/th>\n<\/tr>\n<\/thead>\n<tbody class=\"row-striping row-hover\">\n<tr class=\"row-2\">\n\t<td class=\"column-1\">Classe de s\u00e9curit\u00e9 pour les yeux<\/td><td class=\"column-2\">Classe 1<\/td>\n<\/tr>\n<tr class=\"row-3\">\n\t<td class=\"column-1\">Longueur d'onde du laser<\/td><td class=\"column-2\">1535\u00b15nm<\/td>\n<\/tr>\n<tr class=\"row-4\">\n\t<td class=\"column-1\">Ouverture du r\u00e9cepteur<\/td><td class=\"column-2\">\u03a616mm<\/td>\n<\/tr>\n<tr class=\"row-5\">\n\t<td class=\"column-1\">Port\u00e9e maximale<\/td><td class=\"column-2\">\u22656km (Grande cible : b\u00e2timent)<\/td>\n<\/tr>\n<tr class=\"row-6\">\n\t<td class=\"column-1\"><\/td><td class=\"column-2\">\u22655km(V\u00e9hicule : 2.3m\u00d72.3m)<\/td>\n<\/tr>\n<tr class=\"row-7\">\n\t<td class=\"column-1\"><\/td><td class=\"column-2\">\u22653km (Homme : 1.7m\u00d70.5m)<\/td>\n<\/tr>\n<tr class=\"row-8\">\n\t<td class=\"column-1\">Zone aveugle<\/td><td class=\"column-2\">\u226415m<\/td>\n<\/tr>\n<tr class=\"row-9\">\n\t<td class=\"column-1\">Pr\u00e9cision<\/td><td class=\"column-2\">\u2264\u00b11m<\/td>\n<\/tr>\n<tr class=\"row-10\">\n\t<td class=\"column-1\">Fr\u00e9quence<\/td><td class=\"column-2\">1\uff5e10Hz<\/td>\n<\/tr>\n<tr class=\"row-11\">\n\t<td class=\"column-1\">Distance R\u00e9solution<\/td><td class=\"column-2\">\u226430m<\/td>\n<\/tr>\n<tr class=\"row-12\">\n\t<td class=\"column-1\">Taux de pr\u00e9cision<\/td><td class=\"column-2\">\u226598%<\/td>\n<\/tr>\n<tr class=\"row-13\">\n\t<td class=\"column-1\">Taux de fausses alarmes<\/td><td class=\"column-2\">\u22641%<\/td>\n<\/tr>\n<tr class=\"row-14\">\n\t<td class=\"column-1\">Interface de communication<\/td><td class=\"column-2\">Port s\u00e9rie TTL (RS422 personnalisable)<\/td>\n<\/tr>\n<tr class=\"row-15\">\n\t<td class=\"column-1\">D\u00e9bit en bauds<\/td><td class=\"column-2\">115200(par d\u00e9faut)<\/td>\n<\/tr>\n<tr class=\"row-16\">\n\t<td class=\"column-1\">Tension<\/td><td class=\"column-2\">DC 5\uff5e28V<\/td>\n<\/tr>\n<tr class=\"row-17\">\n\t<td class=\"column-1\">Consommation \u00e9lectrique moyenne<\/td><td class=\"column-2\">\u22641W@5V (fonctionnement \u00e0 1Hz)<\/td>\n<\/tr>\n<tr class=\"row-18\">\n\t<td class=\"column-1\">Consommation \u00e9lectrique de pointe<\/td><td class=\"column-2\">\u22643W@5V<\/td>\n<\/tr>\n<tr class=\"row-19\">\n\t<td class=\"column-1\">Consommation en veille<\/td><td class=\"column-2\">\u22640.2W<\/td>\n<\/tr>\n<tr class=\"row-20\">\n\t<td class=\"column-1\">Dimensions<\/td><td class=\"column-2\">\u226450mm\u00d723mm\u00d733.5mm<\/td>\n<\/tr>\n<tr class=\"row-21\">\n\t<td class=\"column-1\">Poids<\/td><td class=\"column-2\">\u226440g<\/td>\n<\/tr>\n<tr class=\"row-22\">\n\t<td class=\"column-1\">Temp\u00e9rature de fonctionnement<\/td><td class=\"column-2\">-40\u2103\uff5e+60\u2103<\/td>\n<\/tr>\n<tr class=\"row-23\">\n\t<td class=\"column-1\">Temp\u00e9rature de stockage<\/td><td class=\"column-2\">-55\u2103\uff5e+70\u2103<\/td>\n<\/tr>\n<tr class=\"row-24\">\n\t<td class=\"column-1\">R\u00e9sistance aux chocs<\/td><td class=\"column-2\">&gt;75g@6ms<\/td>\n<\/tr>\n<tr class=\"row-25\">\n\t<td class=\"column-1\">R\u00e9sistance aux vibrations<\/td><td class=\"column-2\">Environnement vibratoire des avions \u00e0 h\u00e9lices<\/td>\n<\/tr>\n<\/tbody>\n<\/table>\n\n<p>Notes :<br \/>\nConditions de mesure : R\u00e9flectivit\u00e9 de la cible \u226520%, visibilit\u00e9 atmosph\u00e9rique &gt;20km, pas d'interf\u00e9rence de la pluie ou du brouillard.<br \/>\nToutes les tol\u00e9rances (par exemple, \u00b15nm de longueur d'onde, \u00b11m de pr\u00e9cision) sont conformes aux normes de test environnemental MIL-STD-810H.<br \/>\nLa personnalisation de l'interface (point 13) n\u00e9cessite la configuration du micrologiciel ; le port physique reste inchang\u00e9. .<\/p>\n<hr \/>\n<h3>\u200b<strong>Applications critiques<\/strong>\u200b<\/h3>\n<ul class=\"ybc-ul-component\">\n<li class=\"ybc-li-component ybc-li-component_ul\"><strong>D\u00e9fense et s\u00e9curit\u00e9<\/strong>: Surveillance des fronti\u00e8res, acquisition de cibles<\/li>\n<li class=\"ybc-li-component ybc-li-component_ul\"><strong>Automatisation industrielle<\/strong>: Navigation robotique, \u00e9vitement des collisions<\/li>\n<li class=\"ybc-li-component ybc-li-component_ul\"><strong>Lev\u00e9s et cartographie<\/strong>: Num\u00e9risation du terrain \u00e0 l'aide d'un drone<\/li>\n<li class=\"ybc-li-component ybc-li-component_ul\"><strong>Recherche et sauvetage<\/strong>: D\u00e9tection \u00e0 longue port\u00e9e dans des conditions de faible visibilit\u00e9<\/li>\n<\/ul>\n<hr \/>\n<h3>\u200b<strong>Points forts fonctionnels<\/strong>\u200b<\/h3>\n<ul class=\"ybc-ul-component\">\n<li class=\"ybc-li-component ybc-li-component_ul\">\u200b<strong>Ciblage adaptatif<\/strong>:Autos\u00e9lection <em>premi\u00e8re\/derni\u00e8re cible<\/em>ou <em>\u00e0 distance<\/em>objets.<\/li>\n<li class=\"ybc-li-component ybc-li-component_ul\"><strong>Autodiagnostic<\/strong>Contr\u00f4le de l'\u00e9tat de sant\u00e9 de l'appareil au d\u00e9marrage.<\/li>\n<li class=\"ybc-li-component ybc-li-component_ul\"><strong>D\u00e9ploiement rapide<\/strong>Protocoles TTL\/RS422 + SDK pour une int\u00e9gration rapide.<\/li>\n<\/ul>\n<hr \/>","protected":false},"excerpt":{"rendered":"<div class=\"auto-hide-last-sibling-br paragraph-JOTKXA paragraph-element br-paragraph-space\">Le module de t\u00e9l\u00e9m\u00e9trie laser SFB5000L est d\u00e9velopp\u00e9 ind\u00e9pendamment par notre soci\u00e9t\u00e9. Il est bas\u00e9 sur un laser \u00e0 verre erbium de 1535 nm et adopte la m\u00e9thode de t\u00e9l\u00e9m\u00e9trie TOF (Time of Flight) \u00e0 impulsion unique.<\/div>\n<div><\/div>\n<div class=\"auto-hide-last-sibling-br paragraph-JOTKXA paragraph-element br-paragraph-space\">Compos\u00e9 d'un laser, d'un syst\u00e8me optique de transmission, d'un syst\u00e8me optique de r\u00e9ception et d'une carte de circuits de commande, ce module de t\u00e9l\u00e9m\u00e9trie laser communique avec l'ordinateur h\u00f4te via un port s\u00e9rie TTL (le port s\u00e9rie RS422 peut \u00eatre personnalis\u00e9). Il fournit \u00e9galement un logiciel de test pour l'ordinateur h\u00f4te et un protocole de communication, ce qui facilite le d\u00e9veloppement secondaire des utilisateurs.<\/div>\n<div><\/div>\n<div class=\"auto-hide-last-sibling-br paragraph-JOTKXA paragraph-element br-paragraph-space\">Avec sa petite taille, son poids l\u00e9ger, ses performances stables, sa grande r\u00e9sistance aux chocs et sa s\u00e9curit\u00e9 oculaire de classe 1, il peut \u00eatre appliqu\u00e9 aux dispositifs opto\u00e9lectroniques tels que les dispositifs portatifs, les dispositifs mont\u00e9s sur v\u00e9hicule et les nacelles.<\/div>","protected":false},"featured_media":9036,"comment_status":"closed","ping_status":"closed","template":"","meta":[],"product_brand":[],"product_cat":[105,605],"product_tag":[],"class_list":{"0":"post-9035","1":"product","2":"type-product","3":"status-publish","4":"has-post-thumbnail","6":"product_cat-1535nm-eye-safe-laser-rangefinder-module","7":"product_cat-laser-rangefinder-module","8":"pa_acuracy-rate-649","9":"pa_baud-rate-115200-default","10":"pa_blind-zone-721","11":"pa_dimensions-50x23x33-5","12":"pa_operating-temperature-695","13":"pa_storage-temperature-728","14":"pa_voltage-dc-528","15":"pa_weight-733","17":"first","18":"instock","19":"featured","20":"shipping-taxable","21":"product-type-simple"},"yoast_head":"<!-- This site is optimized with the Yoast SEO Premium plugin v24.8 (Yoast SEO v26.6) - https:\/\/yoast.com\/wordpress\/plugins\/seo\/ -->\n<title>1535nm Laser Rangefinder Module 5000m SFB5000L - SunFlaser Tech<\/title>\n<meta name=\"description\" content=\"Sunflaser engineers \u200brugged laser rangefider modules\u200b trusted by global military clients. With its \u200beye-safe laser, multi-target algorithms, and extreme resilience, this module delivers unmatched reliability where precision matters most.\" \/>\n<meta name=\"robots\" content=\"index, follow, max-snippet:-1, max-image-preview:large, max-video-preview:-1\" \/>\n<link rel=\"canonical\" href=\"https:\/\/sunflaser.com\/fr\/shop\/1535nm-laser-rangefinder-module-5000m-sfb5000l\/\" \/>\n<meta property=\"og:locale\" content=\"fr_FR\" \/>\n<meta property=\"og:type\" content=\"article\" \/>\n<meta property=\"og:title\" content=\"1535nm Laser Rangefinder Module 5000m SFB5000L\" \/>\n<meta property=\"og:description\" content=\"Sunflaser engineers \u200brugged laser rangefider modules\u200b trusted by global military clients. With its \u200beye-safe laser, multi-target algorithms, and extreme resilience, this module delivers unmatched reliability where precision matters most.\" \/>\n<meta property=\"og:url\" content=\"https:\/\/sunflaser.com\/fr\/shop\/1535nm-laser-rangefinder-module-5000m-sfb5000l\/\" \/>\n<meta property=\"og:site_name\" content=\"SunFlaser Tech\" \/>\n<meta property=\"article:modified_time\" content=\"2025-11-21T08:58:37+00:00\" \/>\n<meta property=\"og:image\" content=\"https:\/\/sunflaser.com\/wp-content\/uploads\/2025\/08\/SFB5000L-1.png\" \/>\n\t<meta property=\"og:image:width\" content=\"1440\" \/>\n\t<meta property=\"og:image:height\" content=\"1440\" \/>\n\t<meta property=\"og:image:type\" content=\"image\/png\" \/>\n<meta name=\"twitter:card\" content=\"summary_large_image\" \/>\n<meta name=\"twitter:label1\" content=\"Dur\u00e9e de lecture estim\u00e9e\" \/>\n\t<meta name=\"twitter:data1\" content=\"2 minutes\" \/>\n<script type=\"application\/ld+json\" class=\"yoast-schema-graph\">{\"@context\":\"https:\/\/schema.org\",\"@graph\":[{\"@type\":\"WebPage\",\"@id\":\"https:\/\/sunflaser.com\/shop\/1535nm-laser-rangefinder-module-5000m-sfb5000l\/\",\"url\":\"https:\/\/sunflaser.com\/shop\/1535nm-laser-rangefinder-module-5000m-sfb5000l\/\",\"name\":\"1535nm Laser Rangefinder Module 5000m SFB5000L - SunFlaser Tech\",\"isPartOf\":{\"@id\":\"https:\/\/sunflaser.com\/#website\"},\"primaryImageOfPage\":{\"@id\":\"https:\/\/sunflaser.com\/shop\/1535nm-laser-rangefinder-module-5000m-sfb5000l\/#primaryimage\"},\"image\":{\"@id\":\"https:\/\/sunflaser.com\/shop\/1535nm-laser-rangefinder-module-5000m-sfb5000l\/#primaryimage\"},\"thumbnailUrl\":\"https:\/\/sunflaser.com\/wp-content\/uploads\/2025\/08\/SFB5000L-1.png\",\"datePublished\":\"2025-08-27T03:57:25+00:00\",\"dateModified\":\"2025-11-21T08:58:37+00:00\",\"description\":\"Sunflaser engineers \u200brugged laser rangefider modules\u200b trusted by global military clients. With its \u200beye-safe laser, multi-target algorithms, and extreme resilience, this module delivers unmatched reliability where precision matters most.\",\"breadcrumb\":{\"@id\":\"https:\/\/sunflaser.com\/shop\/1535nm-laser-rangefinder-module-5000m-sfb5000l\/#breadcrumb\"},\"inLanguage\":\"fr-FR\",\"potentialAction\":[{\"@type\":\"ReadAction\",\"target\":[\"https:\/\/sunflaser.com\/shop\/1535nm-laser-rangefinder-module-5000m-sfb5000l\/\"]}]},{\"@type\":\"ImageObject\",\"inLanguage\":\"fr-FR\",\"@id\":\"https:\/\/sunflaser.com\/shop\/1535nm-laser-rangefinder-module-5000m-sfb5000l\/#primaryimage\",\"url\":\"https:\/\/sunflaser.com\/wp-content\/uploads\/2025\/08\/SFB5000L-1.png\",\"contentUrl\":\"https:\/\/sunflaser.com\/wp-content\/uploads\/2025\/08\/SFB5000L-1.png\",\"width\":1440,\"height\":1440},{\"@type\":\"BreadcrumbList\",\"@id\":\"https:\/\/sunflaser.com\/shop\/1535nm-laser-rangefinder-module-5000m-sfb5000l\/#breadcrumb\",\"itemListElement\":[{\"@type\":\"ListItem\",\"position\":1,\"name\":\"\u9996\u9875\",\"item\":\"https:\/\/sunflaser.com\/\"},{\"@type\":\"ListItem\",\"position\":2,\"name\":\"Product\",\"item\":\"https:\/\/sunflaser.com\/product\/\"},{\"@type\":\"ListItem\",\"position\":3,\"name\":\"1535nm Laser Rangefinder Module 5000m SFB5000L\"}]},{\"@type\":\"WebSite\",\"@id\":\"https:\/\/sunflaser.com\/#website\",\"url\":\"https:\/\/sunflaser.com\/\",\"name\":\"SunFlaser Tech\",\"description\":\"\",\"publisher\":{\"@id\":\"https:\/\/sunflaser.com\/#organization\"},\"potentialAction\":[{\"@type\":\"SearchAction\",\"target\":{\"@type\":\"EntryPoint\",\"urlTemplate\":\"https:\/\/sunflaser.com\/?s={search_term_string}\"},\"query-input\":{\"@type\":\"PropertyValueSpecification\",\"valueRequired\":true,\"valueName\":\"search_term_string\"}}],\"inLanguage\":\"fr-FR\"},{\"@type\":\"Organization\",\"@id\":\"https:\/\/sunflaser.com\/#organization\",\"name\":\"\u76db\u98de\u5149\u901f\u79d1\u6280\uff08\u6210\u90fd\uff09\u6709\u9650\u516c\u53f8\",\"alternateName\":\"\u76db\u98de\u5149\u901f\u79d1\u6280\uff08\u6210\u90fd\uff09\u6709\u9650\u516c\u53f8\",\"url\":\"https:\/\/sunflaser.com\/\",\"logo\":{\"@type\":\"ImageObject\",\"inLanguage\":\"fr-FR\",\"@id\":\"https:\/\/sunflaser.com\/#\/schema\/logo\/image\/\",\"url\":\"https:\/\/sunflaser.com\/wp-content\/uploads\/2025\/05\/Modern-S-Letter-Logo.png\",\"contentUrl\":\"https:\/\/sunflaser.com\/wp-content\/uploads\/2025\/05\/Modern-S-Letter-Logo.png\",\"width\":1024,\"height\":289,\"caption\":\"\u76db\u98de\u5149\u901f\u79d1\u6280\uff08\u6210\u90fd\uff09\u6709\u9650\u516c\u53f8\"},\"image\":{\"@id\":\"https:\/\/sunflaser.com\/#\/schema\/logo\/image\/\"}}]}<\/script>\n<!-- \/ Yoast SEO Premium plugin. -->","yoast_head_json":{"title":"1535nm Laser Rangefinder Module 5000m SFB5000L - SunFlaser Tech","description":"Sunflaser engineers \u200brugged laser rangefider modules\u200b trusted by global military clients. With its \u200beye-safe laser, multi-target algorithms, and extreme resilience, this module delivers unmatched reliability where precision matters most.","robots":{"index":"index","follow":"follow","max-snippet":"max-snippet:-1","max-image-preview":"max-image-preview:large","max-video-preview":"max-video-preview:-1"},"canonical":"https:\/\/sunflaser.com\/fr\/shop\/1535nm-laser-rangefinder-module-5000m-sfb5000l\/","og_locale":"fr_FR","og_type":"article","og_title":"1535nm Laser Rangefinder Module 5000m SFB5000L","og_description":"Sunflaser engineers \u200brugged laser rangefider modules\u200b trusted by global military clients. With its \u200beye-safe laser, multi-target algorithms, and extreme resilience, this module delivers unmatched reliability where precision matters most.","og_url":"https:\/\/sunflaser.com\/fr\/shop\/1535nm-laser-rangefinder-module-5000m-sfb5000l\/","og_site_name":"SunFlaser Tech","article_modified_time":"2025-11-21T08:58:37+00:00","og_image":[{"width":1440,"height":1440,"url":"https:\/\/sunflaser.com\/wp-content\/uploads\/2025\/08\/SFB5000L-1.png","type":"image\/png"}],"twitter_card":"summary_large_image","twitter_misc":{"Dur\u00e9e de lecture estim\u00e9e":"2 minutes"},"schema":{"@context":"https:\/\/schema.org","@graph":[{"@type":"WebPage","@id":"https:\/\/sunflaser.com\/shop\/1535nm-laser-rangefinder-module-5000m-sfb5000l\/","url":"https:\/\/sunflaser.com\/shop\/1535nm-laser-rangefinder-module-5000m-sfb5000l\/","name":"1535nm Laser Rangefinder Module 5000m SFB5000L - SunFlaser Tech","isPartOf":{"@id":"https:\/\/sunflaser.com\/#website"},"primaryImageOfPage":{"@id":"https:\/\/sunflaser.com\/shop\/1535nm-laser-rangefinder-module-5000m-sfb5000l\/#primaryimage"},"image":{"@id":"https:\/\/sunflaser.com\/shop\/1535nm-laser-rangefinder-module-5000m-sfb5000l\/#primaryimage"},"thumbnailUrl":"https:\/\/sunflaser.com\/wp-content\/uploads\/2025\/08\/SFB5000L-1.png","datePublished":"2025-08-27T03:57:25+00:00","dateModified":"2025-11-21T08:58:37+00:00","description":"Sunflaser engineers \u200brugged laser rangefider modules\u200b trusted by global military clients. With its \u200beye-safe laser, multi-target algorithms, and extreme resilience, this module delivers unmatched reliability where precision matters most.","breadcrumb":{"@id":"https:\/\/sunflaser.com\/shop\/1535nm-laser-rangefinder-module-5000m-sfb5000l\/#breadcrumb"},"inLanguage":"fr-FR","potentialAction":[{"@type":"ReadAction","target":["https:\/\/sunflaser.com\/shop\/1535nm-laser-rangefinder-module-5000m-sfb5000l\/"]}]},{"@type":"ImageObject","inLanguage":"fr-FR","@id":"https:\/\/sunflaser.com\/shop\/1535nm-laser-rangefinder-module-5000m-sfb5000l\/#primaryimage","url":"https:\/\/sunflaser.com\/wp-content\/uploads\/2025\/08\/SFB5000L-1.png","contentUrl":"https:\/\/sunflaser.com\/wp-content\/uploads\/2025\/08\/SFB5000L-1.png","width":1440,"height":1440},{"@type":"BreadcrumbList","@id":"https:\/\/sunflaser.com\/shop\/1535nm-laser-rangefinder-module-5000m-sfb5000l\/#breadcrumb","itemListElement":[{"@type":"ListItem","position":1,"name":"\u9996\u9875","item":"https:\/\/sunflaser.com\/"},{"@type":"ListItem","position":2,"name":"Product","item":"https:\/\/sunflaser.com\/product\/"},{"@type":"ListItem","position":3,"name":"1535nm Laser Rangefinder Module 5000m SFB5000L"}]},{"@type":"WebSite","@id":"https:\/\/sunflaser.com\/#website","url":"https:\/\/sunflaser.com\/","name":"SunFlaser Tech","description":"","publisher":{"@id":"https:\/\/sunflaser.com\/#organization"},"potentialAction":[{"@type":"SearchAction","target":{"@type":"EntryPoint","urlTemplate":"https:\/\/sunflaser.com\/?s={search_term_string}"},"query-input":{"@type":"PropertyValueSpecification","valueRequired":true,"valueName":"search_term_string"}}],"inLanguage":"fr-FR"},{"@type":"Organization","@id":"https:\/\/sunflaser.com\/#organization","name":"\u76db\u98de\u5149\u901f\u79d1\u6280\uff08\u6210\u90fd\uff09\u6709\u9650\u516c\u53f8","alternateName":"\u76db\u98de\u5149\u901f\u79d1\u6280\uff08\u6210\u90fd\uff09\u6709\u9650\u516c\u53f8","url":"https:\/\/sunflaser.com\/","logo":{"@type":"ImageObject","inLanguage":"fr-FR","@id":"https:\/\/sunflaser.com\/#\/schema\/logo\/image\/","url":"https:\/\/sunflaser.com\/wp-content\/uploads\/2025\/05\/Modern-S-Letter-Logo.png","contentUrl":"https:\/\/sunflaser.com\/wp-content\/uploads\/2025\/05\/Modern-S-Letter-Logo.png","width":1024,"height":289,"caption":"\u76db\u98de\u5149\u901f\u79d1\u6280\uff08\u6210\u90fd\uff09\u6709\u9650\u516c\u53f8"},"image":{"@id":"https:\/\/sunflaser.com\/#\/schema\/logo\/image\/"}}]}},"_links":{"self":[{"href":"https:\/\/sunflaser.com\/fr\/wp-json\/wp\/v2\/product\/9035","targetHints":{"allow":["GET"]}}],"collection":[{"href":"https:\/\/sunflaser.com\/fr\/wp-json\/wp\/v2\/product"}],"about":[{"href":"https:\/\/sunflaser.com\/fr\/wp-json\/wp\/v2\/types\/product"}],"replies":[{"embeddable":true,"href":"https:\/\/sunflaser.com\/fr\/wp-json\/wp\/v2\/comments?post=9035"}],"version-history":[{"count":0,"href":"https:\/\/sunflaser.com\/fr\/wp-json\/wp\/v2\/product\/9035\/revisions"}],"wp:featuredmedia":[{"embeddable":true,"href":"https:\/\/sunflaser.com\/fr\/wp-json\/wp\/v2\/media\/9036"}],"wp:attachment":[{"href":"https:\/\/sunflaser.com\/fr\/wp-json\/wp\/v2\/media?parent=9035"}],"wp:term":[{"taxonomy":"product_brand","embeddable":true,"href":"https:\/\/sunflaser.com\/fr\/wp-json\/wp\/v2\/product_brand?post=9035"},{"taxonomy":"product_cat","embeddable":true,"href":"https:\/\/sunflaser.com\/fr\/wp-json\/wp\/v2\/product_cat?post=9035"},{"taxonomy":"product_tag","embeddable":true,"href":"https:\/\/sunflaser.com\/fr\/wp-json\/wp\/v2\/product_tag?post=9035"}],"curies":[{"name":"wp","href":"https:\/\/api.w.org\/{rel}","templated":true}]}}