{"id":9021,"date":"2025-08-26T20:02:05","date_gmt":"2025-08-27T03:02:05","guid":{"rendered":"https:\/\/sunflaser.com\/?post_type=product&#038;p=9021"},"modified":"2025-10-16T23:50:54","modified_gmt":"2025-10-17T06:50:54","slug":"handheld-dual-light-laser-rangefinder-with-thermal-imaging","status":"publish","type":"product","link":"https:\/\/sunflaser.com\/fr\/shop\/handheld-dual-light-laser-rangefinder-with-thermal-imaging\/","title":{"rendered":"T\u00e9l\u00e9m\u00e8tre laser portatif \u00e0 double \u00e9clairage avec imagerie thermique"},"content":{"rendered":"<h3><strong>Principaux arguments de vente<\/strong>\u200b<\/h3>\n<ul>\n<li><strong>Technologie de fusion \u00e0 double lumi\u00e8re<\/strong>: Passez en toute transparence de l'imagerie thermique \u00e0 la t\u00e9l\u00e9m\u00e9trie laser pour une disponibilit\u00e9 op\u00e9rationnelle 24 heures sur 24 et 7 jours sur 7.<\/li>\n<li><strong>Clart\u00e9 de qualit\u00e9 militaire<\/strong>: Identifiez les cibles humaines \u00e0 800 m et les v\u00e9hicules \u00e0 2,8 km avec une r\u00e9solution infrarouge de 640\u00d7512 @12\u03bcm.<\/li>\n<li><strong>Documentation fond\u00e9e sur des donn\u00e9es probantes<\/strong>: Enregistrez des vid\u00e9os MPEG4 et capturez des photos JPEG sur un espace de stockage de 16 Go - id\u00e9al pour la documentation juridique.<\/li>\n<li><strong>Durabilit\u00e9 dans les environnements extr\u00eames<\/strong>: IP66, tol\u00e9rance de -40\u00b0C \u00e0 65\u00b0C et r\u00e9sistance aux chocs de 30g.<\/li>\n<li><strong>Fonctionnement continu de plus de 6 heures<\/strong>: Aliment\u00e9 par une seule batterie au lithium 26650 pour une utilisation prolong\u00e9e sur le terrain.<\/li>\n<\/ul>\n<hr \/>\n<h3>\u200b<strong>La pr\u00e9cision en action<\/strong>\u200b<\/h3>\n<ol class=\"ybc-ol-component ybc-ol-component_1\">\n<li class=\"ybc-li-component ybc-li-component_ol\">\u200b<strong>Syst\u00e8me d'imagerie thermique<\/strong>\u200b\n<ul class=\"ybc-ul-component\">\n<li class=\"ybc-li-component ybc-li-component_ul\">\u200b<strong>D\u00e9tecteur<\/strong>640\u00d7512 FPA non refroidis<\/li>\n<li class=\"ybc-li-component ybc-li-component_ul\"><strong>Taux de rafra\u00eechissement<\/strong>: 50Hz<\/li>\n<li class=\"ybc-li-component ybc-li-component_ul\">\u200b<strong>Sensibilit\u00e9<\/strong>: &lt;50mK @300K F#1.0<\/li>\n<li class=\"ybc-li-component ybc-li-component_ul\">\u200b<strong>Lentille<\/strong>Mise au point manuelle : 75 mm F1.0 (5,9\u00b0\u00d74,7\u00b0 FOV)<\/li>\n<li class=\"ybc-li-component ybc-li-component_ul\">\u200b<strong>Traitement intelligent<\/strong>: R\u00e9duction du bruit num\u00e9rique, gain automatique\/manuel, zoom num\u00e9rique 1-4x<\/li>\n<\/ul>\n<\/li>\n<li class=\"ybc-li-component ybc-li-component_ol\">\u200b<strong>Performances des t\u00e9l\u00e9m\u00e8tres laser<\/strong>\u200b\n<ul class=\"ybc-ul-component\">\n<li class=\"ybc-li-component ybc-li-component_ul\"><strong>Gamme<\/strong>: 10m-4km (pr\u00e9cision \u00b11m)<\/li>\n<li class=\"ybc-li-component ybc-li-component_ul\"><strong>Longueur d'onde<\/strong>: S\u00e9curit\u00e9 des yeux 1535nm<\/li>\n<li class=\"ybc-li-component ybc-li-component_ul\"><strong>Reconnaissance des cibles<\/strong>Taux de r\u00e9ussite 98%<\/li>\n<\/ul>\n<\/li>\n<\/ol>\n<hr \/>\n<h3>\u200b<strong>Sp\u00e9cifications techniques<\/strong>\u200b<\/h3>\n\n<table id=\"tablepress-3\" class=\"tablepress tablepress-id-3\">\n<thead>\n<tr class=\"row-1\">\n\t<th class=\"column-1\"><strong>Param\u00e8tres<\/strong><\/th><th class=\"column-2\"><strong>Valeur<\/strong><\/th>\n<\/tr>\n<\/thead>\n<tbody class=\"row-striping row-hover\">\n<tr class=\"row-2\">\n\t<td class=\"column-1\">Mod\u00e8le de produit :<\/td><td class=\"column-2\">SakerEye640-4<\/td>\n<\/tr>\n<tr class=\"row-3\">\n\t<td class=\"column-1\"><strong>Syst\u00e8me d'imagerie thermique :<\/strong><\/td><td class=\"column-2\"><\/td>\n<\/tr>\n<tr class=\"row-4\">\n\t<td class=\"column-1\">Type de d\u00e9tecteur<\/td><td class=\"column-2\">FPA non refroidi<\/td>\n<\/tr>\n<tr class=\"row-5\">\n\t<td class=\"column-1\">Sp\u00e9cification du d\u00e9tecteur<\/td><td class=\"column-2\">640 * 512@12\u03bcm<\/td>\n<\/tr>\n<tr class=\"row-6\">\n\t<td class=\"column-1\">Bande spectrale<\/td><td class=\"column-2\">8~14\u03bcm<\/td>\n<\/tr>\n<tr class=\"row-7\">\n\t<td class=\"column-1\">Taux de rafra\u00eechissement<\/td><td class=\"column-2\">50Hz<\/td>\n<\/tr>\n<tr class=\"row-8\">\n\t<td class=\"column-1\">Sensibilit\u00e9<\/td><td class=\"column-2\">&lt;50mK@300kF#1.0<\/td>\n<\/tr>\n<tr class=\"row-9\">\n\t<td class=\"column-1\">\u00c9cran<\/td><td class=\"column-2\">1024x768 0.39 \"OLED X2<\/td>\n<\/tr>\n<tr class=\"row-10\">\n\t<td class=\"column-1\">Temps de d\u00e9marrage<\/td><td class=\"column-2\">&lt;6 secondes<\/td>\n<\/tr>\n<tr class=\"row-11\">\n\t<td class=\"column-1\">D\u00e9bruitage d'images<\/td><td class=\"column-2\">Filtrage num\u00e9rique<\/td>\n<\/tr>\n<tr class=\"row-12\">\n\t<td class=\"column-1\">Ajustement du gain<\/td><td class=\"column-2\">R\u00e9glage automatique\/manuel<\/td>\n<\/tr>\n<tr class=\"row-13\">\n\t<td class=\"column-1\">E-Zoom<\/td><td class=\"column-2\">1X\/2X\/4X<\/td>\n<\/tr>\n<tr class=\"row-14\">\n\t<td class=\"column-1\">Longueur focale de l'objectif<\/td><td class=\"column-2\">f=75mm F1.0<\/td>\n<\/tr>\n<tr class=\"row-15\">\n\t<td class=\"column-1\">Champ de vision<\/td><td class=\"column-2\">5.9\u00b0\u00d74.7\u00b0<\/td>\n<\/tr>\n<tr class=\"row-16\">\n\t<td class=\"column-1\">M\u00e9thode de mise au point<\/td><td class=\"column-2\">Manuel<\/td>\n<\/tr>\n<tr class=\"row-17\">\n\t<td class=\"column-1\">Fonction photo<\/td><td class=\"column-2\">Photos au format JPEG<\/td>\n<\/tr>\n<tr class=\"row-18\">\n\t<td class=\"column-1\">Fonction vid\u00e9o<\/td><td class=\"column-2\">Vid\u00e9os au format MPEG4<\/td>\n<\/tr>\n<tr class=\"row-19\">\n\t<td class=\"column-1\">Stockage et sortie<\/td><td class=\"column-2\">16GB ; USB 2.0 Type-A<\/td>\n<\/tr>\n<tr class=\"row-20\">\n\t<td class=\"column-1\">Humain (1.7m\u00d70.5m)<\/td><td class=\"column-2\">D\u00e9tection : 2,8 km<br \/>\nReconnaissance : 0,8 km<\/td>\n<\/tr>\n<tr class=\"row-21\">\n\t<td class=\"column-1\">V\u00e9hicule (2.3m\u00d72.3m)<\/td><td class=\"column-2\">D\u00e9tection : 7,0 km<br \/>\nReconnaissance : 2,8 km<\/td>\n<\/tr>\n<tr class=\"row-22\">\n\t<td class=\"column-1\"><strong>T\u00e9l\u00e9m\u00e8tre laser :<\/strong><\/td><td class=\"column-2\"><\/td>\n<\/tr>\n<tr class=\"row-23\">\n\t<td class=\"column-1\">Longueur d'onde<\/td><td class=\"column-2\">1535nm<\/td>\n<\/tr>\n<tr class=\"row-24\">\n\t<td class=\"column-1\">Gamme<\/td><td class=\"column-2\">10m-4km (sous visibilit\u00e9 &gt;20km, pour les grandes cibles)<\/td>\n<\/tr>\n<tr class=\"row-25\">\n\t<td class=\"column-1\">Pr\u00e9cision<\/td><td class=\"column-2\">\u00b11m<\/td>\n<\/tr>\n<tr class=\"row-26\">\n\t<td class=\"column-1\">Taux de mesure correct<\/td><td class=\"column-2\">>98%<\/td>\n<\/tr>\n<tr class=\"row-27\">\n\t<td class=\"column-1\"><strong>Alimentation \u00e9lectrique :<\/strong><\/td><td class=\"column-2\"><\/td>\n<\/tr>\n<tr class=\"row-28\">\n\t<td class=\"column-1\">Source d'alimentation<\/td><td class=\"column-2\">Une batterie lithium rechargeable 26650<br \/>\n3,7V@5000mAh<\/td>\n<\/tr>\n<tr class=\"row-29\">\n\t<td class=\"column-1\">Plage de tension de fonctionnement<\/td><td class=\"column-2\">DC : 2,8V~4,2V<\/td>\n<\/tr>\n<tr class=\"row-30\">\n\t<td class=\"column-1\">Puissance normale de fonctionnement<\/td><td class=\"column-2\">&lt;2.5W<\/td>\n<\/tr>\n<tr class=\"row-31\">\n\t<td class=\"column-1\">Dur\u00e9e de fonctionnement<\/td><td class=\"column-2\">Fonctionnement continu : \u22656h<\/td>\n<\/tr>\n<tr class=\"row-32\">\n\t<td class=\"column-1\"><strong>L'environnement :<\/strong><\/td><td class=\"column-2\"><\/td>\n<\/tr>\n<tr class=\"row-33\">\n\t<td class=\"column-1\">Indice de protection<\/td><td class=\"column-2\">IP66<\/td>\n<\/tr>\n<tr class=\"row-34\">\n\t<td class=\"column-1\">Mat\u00e9riau du bo\u00eetier<\/td><td class=\"column-2\">Aluminium 6061<\/td>\n<\/tr>\n<tr class=\"row-35\">\n\t<td class=\"column-1\">R\u00e9sistance aux vibrations<\/td><td class=\"column-2\">Fr\u00e9quence de balayage 5-200-5Hz, acc\u00e9l\u00e9ration 2,5g<\/td>\n<\/tr>\n<tr class=\"row-36\">\n\t<td class=\"column-1\">R\u00e9sistance aux chocs<\/td><td class=\"column-2\">30g\/11ms onde demi-sinuso\u00efdale<\/td>\n<\/tr>\n<tr class=\"row-37\">\n\t<td class=\"column-1\">Temp\u00e9rature de stockage<\/td><td class=\"column-2\">-40\u2103~+65\u2103<\/td>\n<\/tr>\n<tr class=\"row-38\">\n\t<td class=\"column-1\">Temp\u00e9rature de fonctionnement<\/td><td class=\"column-2\">-30\u2103~+60\u2103<\/td>\n<\/tr>\n<tr class=\"row-39\">\n\t<td class=\"column-1\">Poids du produit<\/td><td class=\"column-2\">1,5 kg<\/td>\n<\/tr>\n<tr class=\"row-40\">\n\t<td class=\"column-1\">Dimensions g\u00e9n\u00e9rales<\/td><td class=\"column-2\">(L181\u00d7L227\u00d7H96) mm<\/td>\n<\/tr>\n<\/tbody>\n<\/table>\n\n<hr \/>\n<h3>\u200b<strong>Applications critiques<\/strong>\u200b<\/h3>\n<ul class=\"ybc-ul-component\">\n<li class=\"ybc-li-component ybc-li-component_ul\">\u200b<strong>Application de la loi<\/strong>: Collecte de preuves, recherche de suspects<\/li>\n<li class=\"ybc-li-component ybc-li-component_ul\">\u200b<strong>Conservation de la faune et de la flore<\/strong>: Observation nocturne sans perturbation<\/li>\n<li class=\"ybc-li-component ybc-li-component_ul\"><strong>Inspections industrielles<\/strong>: Surveillance des \u00e9quipements \u00e0 longue port\u00e9e<\/li>\n<li class=\"ybc-li-component ybc-li-component_ul\">\u200b<strong>S\u00e9curit\u00e9 des fronti\u00e8res<\/strong>Surveillance 24\/7 dans des conditions extr\u00eames<\/li>\n<\/ul>\n<hr \/>\n<h3><strong>Notes sur la s\u00e9curit\u00e9 et l'utilisation<\/strong>\u200b<\/h3>\n<p>\u26a0\ufe0f<strong>S\u00e9curit\u00e9 laser<\/strong>: Ne visez jamais un avion ou une surface r\u00e9fl\u00e9chissante.<\/p>\n<p>\u26a0\ufe0f<strong>Entretien de la batterie<\/strong>: Chargez \u00e0 0\u00b0C-45\u00b0C pour \u00e9viter tout dommage.<\/p>\n<p>\u26a0\ufe0f<strong>\u00c9talonnage thermique<\/strong>: La mise au point manuelle est n\u00e9cessaire pour une clart\u00e9 optimale.<\/p>","protected":false},"excerpt":{"rendered":"<p>Le t\u00e9l\u00e9m\u00e8tre laser \u00e0 double \u00e9clairage Sakereye640-4 offre une polyvalence in\u00e9gal\u00e9e aux professionnels qui ont besoin d'une vision nocturne fiable et d'une mesure pr\u00e9cise de la distance. Combinant une image haute r\u00e9solution 640\u00d7512<strong>cam\u00e9ra infrarouge<\/strong>et d'un<strong>t\u00e9l\u00e9m\u00e8tre laser<\/strong>, Cet outil est con\u00e7u pour des missions critiques telles que la recherche et le sauvetage, la surveillance et les enqu\u00eates m\u00e9dico-l\u00e9gales.<\/p>","protected":false},"featured_media":9023,"comment_status":"closed","ping_status":"closed","template":"","meta":[],"product_brand":[],"product_cat":[600],"product_tag":[],"class_list":{"0":"post-9021","1":"product","2":"type-product","3":"status-publish","4":"has-post-thumbnail","6":"product_cat-handheld-observation-device","8":"first","9":"instock","10":"featured","11":"shipping-taxable","12":"product-type-simple"},"yoast_head":"<!-- This site is optimized with the Yoast SEO Premium plugin v24.8 (Yoast SEO v26.6) - https:\/\/yoast.com\/wordpress\/plugins\/seo\/ -->\n<title>Handheld Dual-Light Laser Rangefinder with Thermal Imaging\u200b - SunFlaser Tech<\/title>\n<meta name=\"robots\" content=\"index, follow, max-snippet:-1, max-image-preview:large, max-video-preview:-1\" \/>\n<link rel=\"canonical\" href=\"https:\/\/sunflaser.com\/fr\/shop\/handheld-dual-light-laser-rangefinder-with-thermal-imaging\/\" \/>\n<meta property=\"og:locale\" content=\"fr_FR\" \/>\n<meta property=\"og:type\" content=\"article\" \/>\n<meta property=\"og:title\" content=\"Handheld Dual-Light Laser Rangefinder with Thermal Imaging\u200b\" \/>\n<meta property=\"og:description\" content=\"The Sakereye640-4 Dual-Light Laser Rangefinder delivers unmatched versatility for professionals needing reliable night vision and exact distance measurement. Combining a 640\u00d7512 high-resolution \u200binfrared camera\u200b and a military-grade \u200blaser rangefinder, this tool is engineered for critical missions including search-and-rescue, surveillance, and forensic investigations.\" \/>\n<meta property=\"og:url\" content=\"https:\/\/sunflaser.com\/fr\/shop\/handheld-dual-light-laser-rangefinder-with-thermal-imaging\/\" \/>\n<meta property=\"og:site_name\" content=\"SunFlaser Tech\" \/>\n<meta property=\"article:modified_time\" content=\"2025-10-17T06:50:54+00:00\" \/>\n<meta property=\"og:image\" content=\"https:\/\/sunflaser.com\/wp-content\/uploads\/2025\/08\/dual-light-handheld-lrf-4km.png\" \/>\n\t<meta property=\"og:image:width\" content=\"1440\" \/>\n\t<meta property=\"og:image:height\" content=\"1440\" \/>\n\t<meta property=\"og:image:type\" content=\"image\/png\" \/>\n<meta name=\"twitter:card\" content=\"summary_large_image\" \/>\n<meta name=\"twitter:label1\" content=\"Dur\u00e9e de lecture estim\u00e9e\" \/>\n\t<meta name=\"twitter:data1\" content=\"2 minutes\" \/>\n<script type=\"application\/ld+json\" class=\"yoast-schema-graph\">{\"@context\":\"https:\/\/schema.org\",\"@graph\":[{\"@type\":\"WebPage\",\"@id\":\"https:\/\/sunflaser.com\/shop\/handheld-dual-light-laser-rangefinder-with-thermal-imaging\/\",\"url\":\"https:\/\/sunflaser.com\/shop\/handheld-dual-light-laser-rangefinder-with-thermal-imaging\/\",\"name\":\"Handheld Dual-Light Laser Rangefinder with Thermal Imaging\u200b - SunFlaser Tech\",\"isPartOf\":{\"@id\":\"https:\/\/sunflaser.com\/#website\"},\"primaryImageOfPage\":{\"@id\":\"https:\/\/sunflaser.com\/shop\/handheld-dual-light-laser-rangefinder-with-thermal-imaging\/#primaryimage\"},\"image\":{\"@id\":\"https:\/\/sunflaser.com\/shop\/handheld-dual-light-laser-rangefinder-with-thermal-imaging\/#primaryimage\"},\"thumbnailUrl\":\"https:\/\/sunflaser.com\/wp-content\/uploads\/2025\/08\/dual-light-handheld-lrf-4km.png\",\"datePublished\":\"2025-08-27T03:02:05+00:00\",\"dateModified\":\"2025-10-17T06:50:54+00:00\",\"breadcrumb\":{\"@id\":\"https:\/\/sunflaser.com\/shop\/handheld-dual-light-laser-rangefinder-with-thermal-imaging\/#breadcrumb\"},\"inLanguage\":\"fr-FR\",\"potentialAction\":[{\"@type\":\"ReadAction\",\"target\":[\"https:\/\/sunflaser.com\/shop\/handheld-dual-light-laser-rangefinder-with-thermal-imaging\/\"]}]},{\"@type\":\"ImageObject\",\"inLanguage\":\"fr-FR\",\"@id\":\"https:\/\/sunflaser.com\/shop\/handheld-dual-light-laser-rangefinder-with-thermal-imaging\/#primaryimage\",\"url\":\"https:\/\/sunflaser.com\/wp-content\/uploads\/2025\/08\/dual-light-handheld-lrf-4km.png\",\"contentUrl\":\"https:\/\/sunflaser.com\/wp-content\/uploads\/2025\/08\/dual-light-handheld-lrf-4km.png\",\"width\":1440,\"height\":1440},{\"@type\":\"BreadcrumbList\",\"@id\":\"https:\/\/sunflaser.com\/shop\/handheld-dual-light-laser-rangefinder-with-thermal-imaging\/#breadcrumb\",\"itemListElement\":[{\"@type\":\"ListItem\",\"position\":1,\"name\":\"\u9996\u9875\",\"item\":\"https:\/\/sunflaser.com\/\"},{\"@type\":\"ListItem\",\"position\":2,\"name\":\"Product\",\"item\":\"https:\/\/sunflaser.com\/product\/\"},{\"@type\":\"ListItem\",\"position\":3,\"name\":\"Handheld Dual-Light Laser Rangefinder with Thermal Imaging\u200b\"}]},{\"@type\":\"WebSite\",\"@id\":\"https:\/\/sunflaser.com\/#website\",\"url\":\"https:\/\/sunflaser.com\/\",\"name\":\"SunFlaser Tech\",\"description\":\"\",\"publisher\":{\"@id\":\"https:\/\/sunflaser.com\/#organization\"},\"potentialAction\":[{\"@type\":\"SearchAction\",\"target\":{\"@type\":\"EntryPoint\",\"urlTemplate\":\"https:\/\/sunflaser.com\/?s={search_term_string}\"},\"query-input\":{\"@type\":\"PropertyValueSpecification\",\"valueRequired\":true,\"valueName\":\"search_term_string\"}}],\"inLanguage\":\"fr-FR\"},{\"@type\":\"Organization\",\"@id\":\"https:\/\/sunflaser.com\/#organization\",\"name\":\"\u76db\u98de\u5149\u901f\u79d1\u6280\uff08\u6210\u90fd\uff09\u6709\u9650\u516c\u53f8\",\"alternateName\":\"\u76db\u98de\u5149\u901f\u79d1\u6280\uff08\u6210\u90fd\uff09\u6709\u9650\u516c\u53f8\",\"url\":\"https:\/\/sunflaser.com\/\",\"logo\":{\"@type\":\"ImageObject\",\"inLanguage\":\"fr-FR\",\"@id\":\"https:\/\/sunflaser.com\/#\/schema\/logo\/image\/\",\"url\":\"https:\/\/sunflaser.com\/wp-content\/uploads\/2025\/05\/Modern-S-Letter-Logo.png\",\"contentUrl\":\"https:\/\/sunflaser.com\/wp-content\/uploads\/2025\/05\/Modern-S-Letter-Logo.png\",\"width\":1024,\"height\":289,\"caption\":\"\u76db\u98de\u5149\u901f\u79d1\u6280\uff08\u6210\u90fd\uff09\u6709\u9650\u516c\u53f8\"},\"image\":{\"@id\":\"https:\/\/sunflaser.com\/#\/schema\/logo\/image\/\"}}]}<\/script>\n<!-- \/ Yoast SEO Premium plugin. -->","yoast_head_json":{"title":"Handheld Dual-Light Laser Rangefinder with Thermal Imaging\u200b - SunFlaser Tech","robots":{"index":"index","follow":"follow","max-snippet":"max-snippet:-1","max-image-preview":"max-image-preview:large","max-video-preview":"max-video-preview:-1"},"canonical":"https:\/\/sunflaser.com\/fr\/shop\/handheld-dual-light-laser-rangefinder-with-thermal-imaging\/","og_locale":"fr_FR","og_type":"article","og_title":"Handheld Dual-Light Laser Rangefinder with Thermal Imaging\u200b","og_description":"The Sakereye640-4 Dual-Light Laser Rangefinder delivers unmatched versatility for professionals needing reliable night vision and exact distance measurement. Combining a 640\u00d7512 high-resolution \u200binfrared camera\u200b and a military-grade \u200blaser rangefinder, this tool is engineered for critical missions including search-and-rescue, surveillance, and forensic investigations.","og_url":"https:\/\/sunflaser.com\/fr\/shop\/handheld-dual-light-laser-rangefinder-with-thermal-imaging\/","og_site_name":"SunFlaser Tech","article_modified_time":"2025-10-17T06:50:54+00:00","og_image":[{"width":1440,"height":1440,"url":"https:\/\/sunflaser.com\/wp-content\/uploads\/2025\/08\/dual-light-handheld-lrf-4km.png","type":"image\/png"}],"twitter_card":"summary_large_image","twitter_misc":{"Dur\u00e9e de lecture estim\u00e9e":"2 minutes"},"schema":{"@context":"https:\/\/schema.org","@graph":[{"@type":"WebPage","@id":"https:\/\/sunflaser.com\/shop\/handheld-dual-light-laser-rangefinder-with-thermal-imaging\/","url":"https:\/\/sunflaser.com\/shop\/handheld-dual-light-laser-rangefinder-with-thermal-imaging\/","name":"Handheld Dual-Light Laser Rangefinder with Thermal Imaging\u200b - SunFlaser Tech","isPartOf":{"@id":"https:\/\/sunflaser.com\/#website"},"primaryImageOfPage":{"@id":"https:\/\/sunflaser.com\/shop\/handheld-dual-light-laser-rangefinder-with-thermal-imaging\/#primaryimage"},"image":{"@id":"https:\/\/sunflaser.com\/shop\/handheld-dual-light-laser-rangefinder-with-thermal-imaging\/#primaryimage"},"thumbnailUrl":"https:\/\/sunflaser.com\/wp-content\/uploads\/2025\/08\/dual-light-handheld-lrf-4km.png","datePublished":"2025-08-27T03:02:05+00:00","dateModified":"2025-10-17T06:50:54+00:00","breadcrumb":{"@id":"https:\/\/sunflaser.com\/shop\/handheld-dual-light-laser-rangefinder-with-thermal-imaging\/#breadcrumb"},"inLanguage":"fr-FR","potentialAction":[{"@type":"ReadAction","target":["https:\/\/sunflaser.com\/shop\/handheld-dual-light-laser-rangefinder-with-thermal-imaging\/"]}]},{"@type":"ImageObject","inLanguage":"fr-FR","@id":"https:\/\/sunflaser.com\/shop\/handheld-dual-light-laser-rangefinder-with-thermal-imaging\/#primaryimage","url":"https:\/\/sunflaser.com\/wp-content\/uploads\/2025\/08\/dual-light-handheld-lrf-4km.png","contentUrl":"https:\/\/sunflaser.com\/wp-content\/uploads\/2025\/08\/dual-light-handheld-lrf-4km.png","width":1440,"height":1440},{"@type":"BreadcrumbList","@id":"https:\/\/sunflaser.com\/shop\/handheld-dual-light-laser-rangefinder-with-thermal-imaging\/#breadcrumb","itemListElement":[{"@type":"ListItem","position":1,"name":"\u9996\u9875","item":"https:\/\/sunflaser.com\/"},{"@type":"ListItem","position":2,"name":"Product","item":"https:\/\/sunflaser.com\/product\/"},{"@type":"ListItem","position":3,"name":"Handheld Dual-Light Laser Rangefinder with Thermal Imaging\u200b"}]},{"@type":"WebSite","@id":"https:\/\/sunflaser.com\/#website","url":"https:\/\/sunflaser.com\/","name":"SunFlaser Tech","description":"","publisher":{"@id":"https:\/\/sunflaser.com\/#organization"},"potentialAction":[{"@type":"SearchAction","target":{"@type":"EntryPoint","urlTemplate":"https:\/\/sunflaser.com\/?s={search_term_string}"},"query-input":{"@type":"PropertyValueSpecification","valueRequired":true,"valueName":"search_term_string"}}],"inLanguage":"fr-FR"},{"@type":"Organization","@id":"https:\/\/sunflaser.com\/#organization","name":"\u76db\u98de\u5149\u901f\u79d1\u6280\uff08\u6210\u90fd\uff09\u6709\u9650\u516c\u53f8","alternateName":"\u76db\u98de\u5149\u901f\u79d1\u6280\uff08\u6210\u90fd\uff09\u6709\u9650\u516c\u53f8","url":"https:\/\/sunflaser.com\/","logo":{"@type":"ImageObject","inLanguage":"fr-FR","@id":"https:\/\/sunflaser.com\/#\/schema\/logo\/image\/","url":"https:\/\/sunflaser.com\/wp-content\/uploads\/2025\/05\/Modern-S-Letter-Logo.png","contentUrl":"https:\/\/sunflaser.com\/wp-content\/uploads\/2025\/05\/Modern-S-Letter-Logo.png","width":1024,"height":289,"caption":"\u76db\u98de\u5149\u901f\u79d1\u6280\uff08\u6210\u90fd\uff09\u6709\u9650\u516c\u53f8"},"image":{"@id":"https:\/\/sunflaser.com\/#\/schema\/logo\/image\/"}}]}},"_links":{"self":[{"href":"https:\/\/sunflaser.com\/fr\/wp-json\/wp\/v2\/product\/9021","targetHints":{"allow":["GET"]}}],"collection":[{"href":"https:\/\/sunflaser.com\/fr\/wp-json\/wp\/v2\/product"}],"about":[{"href":"https:\/\/sunflaser.com\/fr\/wp-json\/wp\/v2\/types\/product"}],"replies":[{"embeddable":true,"href":"https:\/\/sunflaser.com\/fr\/wp-json\/wp\/v2\/comments?post=9021"}],"version-history":[{"count":0,"href":"https:\/\/sunflaser.com\/fr\/wp-json\/wp\/v2\/product\/9021\/revisions"}],"wp:featuredmedia":[{"embeddable":true,"href":"https:\/\/sunflaser.com\/fr\/wp-json\/wp\/v2\/media\/9023"}],"wp:attachment":[{"href":"https:\/\/sunflaser.com\/fr\/wp-json\/wp\/v2\/media?parent=9021"}],"wp:term":[{"taxonomy":"product_brand","embeddable":true,"href":"https:\/\/sunflaser.com\/fr\/wp-json\/wp\/v2\/product_brand?post=9021"},{"taxonomy":"product_cat","embeddable":true,"href":"https:\/\/sunflaser.com\/fr\/wp-json\/wp\/v2\/product_cat?post=9021"},{"taxonomy":"product_tag","embeddable":true,"href":"https:\/\/sunflaser.com\/fr\/wp-json\/wp\/v2\/product_tag?post=9021"}],"curies":[{"name":"wp","href":"https:\/\/api.w.org\/{rel}","templated":true}]}}