{"id":9009,"date":"2025-08-26T06:53:10","date_gmt":"2025-08-26T13:53:10","guid":{"rendered":"https:\/\/sunflaser.com\/?post_type=product&#038;p=9009"},"modified":"2025-10-15T23:26:34","modified_gmt":"2025-10-16T06:26:34","slug":"1064nm-handheld-laser-rangefinder-20km-25km","status":"publish","type":"product","link":"https:\/\/sunflaser.com\/fr\/shop\/1064nm-handheld-laser-rangefinder-20km-25km\/","title":{"rendered":"T\u00e9l\u00e9m\u00e8tre laser portable 1064nm 20km &amp; 25km"},"content":{"rendered":"<h3><strong>Principales caract\u00e9ristiques et avantages<\/strong>\u200b<\/h3>\n<ol class=\"ybc-ol-component ybc-ol-component_1\">\n<li class=\"ybc-li-component ybc-li-component_ol\">\u200b<strong>Gamme et pr\u00e9cision \u00e0 la pointe de l'industrie<\/strong>\u200b\n<ul class=\"ybc-ul-component\">\n<li class=\"ybc-li-component ybc-li-component_ul\">Mesures<strong>20km\/25km<\/strong>sans cibles r\u00e9fl\u00e9chissantes (pr\u00e9cision de \u00b11m).<\/li>\n<li class=\"ybc-li-component ybc-li-component_ul\">\u200b<strong>Contr\u00f4le de la gamme num\u00e9rique<\/strong>(100-6000m r\u00e9glable par pas de 10m) pour le ciblage chirurgical.<\/li>\n<\/ul>\n<\/li>\n<li class=\"ybc-li-component ybc-li-component_ol\">\u200b<strong>Capacit\u00e9s tactiques avanc\u00e9es<\/strong>\u200b\n<ul class=\"ybc-ul-component\">\n<li class=\"ybc-li-component ybc-li-component_ul\">\u200b<strong>Mesure \u00e0 double cible<\/strong>en une seule impulsion laser +<strong>81 - stockage des donn\u00e9es<\/strong>pour l'analyse de la mission.<\/li>\n<li class=\"ybc-li-component ybc-li-component_ul\">En option<strong>Boussole \u00e9lectronique 360<\/strong>(pr\u00e9cision de 1\u00b0) pour le calcul de l'azimut et de l'espacement.<\/li>\n<\/ul>\n<\/li>\n<li class=\"ybc-li-component ybc-li-component_ol\">\u200b<strong>Fiabilit\u00e9 \u00e0 toute \u00e9preuve sur le champ de bataille<\/strong>\u200b\n<ul class=\"ybc-ul-component\">\n<li class=\"ybc-li-component ybc-li-component_ul\">\u200b<strong>Bo\u00eetier m\u00e9tallique enti\u00e8rement \u00e9tanche<\/strong>r\u00e9siste<strong>-40\u00b0C \u00e0 +60\u00b0C<\/strong>, ,<strong>95% humidit\u00e9<\/strong>, et un choc important.<\/li>\n<li class=\"ybc-li-component ybc-li-component_ul\">\u200b<strong>R\u00e9ticule r\u00e9tro-\u00e9clair\u00e9<\/strong>permet des op\u00e9rations nocturnes.<\/li>\n<\/ul>\n<\/li>\n<li class=\"ybc-li-component ybc-li-component_ol\">\u200b<strong>Int\u00e9gration transparente des donn\u00e9es<\/strong>\u200b\n<ul class=\"ybc-ul-component\">\n<li class=\"ybc-li-component ybc-li-component_ul\">\u200b<strong>Interface RS232<\/strong>pour l'exportation des mesures en temps r\u00e9el vers les syst\u00e8mes de commandement.<\/li>\n<\/ul>\n<\/li>\n<\/ol>\n<hr \/>\n<h3>Sp\u00e9cifications techniques<\/h3>\n<p class=\"hyc-common-markdown__table-wrapper isDark\" data-has-scroll=\"true\">\n<table id=\"tablepress-55\" class=\"tablepress tablepress-id-55\">\n<thead>\n<tr class=\"row-1\">\n\t<th class=\"column-1\"><strong>Param\u00e8tres<\/strong><\/th><th class=\"column-2\"><strong>Sp\u00e9cifications<\/strong><\/th>\n<\/tr>\n<\/thead>\n<tbody class=\"row-striping row-hover\">\n<tr class=\"row-2\">\n\t<td class=\"column-1\"><strong>Performances de t\u00e9l\u00e9m\u00e9trie<\/strong><\/td><td class=\"column-2\"><strong><\/strong><\/td>\n<\/tr>\n<tr class=\"row-3\">\n\t<td class=\"column-1\">Source laser<\/td><td class=\"column-2\">Laser ND:YAG, longueur d'onde 1064nm<\/td>\n<\/tr>\n<tr class=\"row-4\">\n\t<td class=\"column-1\">Fourchette minimale<\/td><td class=\"column-2\">\u2264 150 m<\/td>\n<\/tr>\n<tr class=\"row-5\">\n\t<td class=\"column-1\">Port\u00e9e maximale<\/td><td class=\"column-2\">20 km \/ 25 km<\/td>\n<\/tr>\n<tr class=\"row-6\">\n\t<td class=\"column-1\">Pr\u00e9cision de la recherche<\/td><td class=\"column-2\">\u00b11 m<\/td>\n<\/tr>\n<tr class=\"row-7\">\n\t<td class=\"column-1\">Fr\u00e9quence de t\u00e9l\u00e9m\u00e9trie<\/td><td class=\"column-2\">Normal : 12 fois\/min (fonctionnement continu) ; Urgence : 20 fois\/min (travail 1 min, repos 1 min, fonctionnement en cycle)<\/td>\n<\/tr>\n<tr class=\"row-8\">\n\t<td class=\"column-1\">Gradation de la port\u00e9e<\/td><td class=\"column-2\">100 - 6000 m, r\u00e9glage continu \u00e0 intervalles de 10 m, affichage pr\u00e9cis sur l'\u00e9cran<\/td>\n<\/tr>\n<tr class=\"row-9\">\n\t<td class=\"column-1\">Probabilit\u00e9 d'exactitude<\/td><td class=\"column-2\">\u2265 98%<\/td>\n<\/tr>\n<tr class=\"row-10\">\n\t<td class=\"column-1\">Inclinom\u00e8tre<\/td><td class=\"column-2\">\u00b190\u00b0, pr\u00e9cision 0,1\u00b0<\/td>\n<\/tr>\n<tr class=\"row-11\">\n\t<td class=\"column-1\">Compas \u00e9lectronique<\/td><td class=\"column-2\">360\u00b0, pr\u00e9cision 1\u00b0<\/td>\n<\/tr>\n<tr class=\"row-12\">\n\t<td class=\"column-1\"><strong>Performances optiques<\/strong><\/td><td class=\"column-2\"><\/td>\n<\/tr>\n<tr class=\"row-13\">\n\t<td class=\"column-1\">Agrandissement<\/td><td class=\"column-2\">8x<\/td>\n<\/tr>\n<tr class=\"row-14\">\n\t<td class=\"column-1\">Champ de vision<\/td><td class=\"column-2\">5\u00b0<\/td>\n<\/tr>\n<tr class=\"row-15\">\n\t<td class=\"column-1\">Diam\u00e8tre de la pupille de sortie<\/td><td class=\"column-2\">7 mm<\/td>\n<\/tr>\n<tr class=\"row-16\">\n\t<td class=\"column-1\">Soulagement des yeux<\/td><td class=\"column-2\">20,6 mm<\/td>\n<\/tr>\n<tr class=\"row-17\">\n\t<td class=\"column-1\"><strong>Interface d'alimentation et de donn\u00e9es<\/strong><\/td><td class=\"column-2\"><\/td>\n<\/tr>\n<tr class=\"row-18\">\n\t<td class=\"column-1\">Alimentation \u00e9lectrique<\/td><td class=\"column-2\">Deux piles rechargeables au lithium (les piles enti\u00e8rement charg\u00e9es permettent plus de 3000 op\u00e9rations de t\u00e9l\u00e9m\u00e9trie \u00e0 25\u00b0C)<\/td>\n<\/tr>\n<tr class=\"row-19\">\n\t<td class=\"column-1\">Interface de donn\u00e9es externes<\/td><td class=\"column-2\">RS232<\/td>\n<\/tr>\n<tr class=\"row-20\">\n\t<td class=\"column-1\"><strong>Adaptabilit\u00e9 environnementale<\/strong><\/td><td class=\"column-2\"><\/td>\n<\/tr>\n<tr class=\"row-21\">\n\t<td class=\"column-1\">Temp. de fonctionnement.<\/td><td class=\"column-2\">De -40\u00b0C \u00e0 +60\u00b0C<\/td>\n<\/tr>\n<tr class=\"row-22\">\n\t<td class=\"column-1\">Temp\u00e9rature de stockage.<\/td><td class=\"column-2\">De -45\u00b0C \u00e0 +70\u00b0C<\/td>\n<\/tr>\n<tr class=\"row-23\">\n\t<td class=\"column-1\">Max. Humidit\u00e9<\/td><td class=\"column-2\">95% - 98%<\/td>\n<\/tr>\n<tr class=\"row-24\">\n\t<td class=\"column-1\">Structure<\/td><td class=\"column-2\">Conception m\u00e9tallique enti\u00e8rement scell\u00e9e, \u00e9tanche et r\u00e9sistante aux chocs<\/td>\n<\/tr>\n<tr class=\"row-25\">\n\t<td class=\"column-1\"><strong>Sp\u00e9cifications physiques<\/strong><\/td><td class=\"column-2\"><\/td>\n<\/tr>\n<tr class=\"row-26\">\n\t<td class=\"column-1\">Dimensions (L x L x H)<\/td><td class=\"column-2\">228 x 160 x 110 mm<\/td>\n<\/tr>\n<tr class=\"row-27\">\n\t<td class=\"column-1\">Poids<\/td><td class=\"column-2\">2 kg<\/td>\n<\/tr>\n<\/tbody>\n<\/table>\n<\/p>\n<hr \/>\n<h3><strong>Applications cibles<\/strong>\u200b<\/h3>\n<ul class=\"ybc-ul-component\">\n<li class=\"ybc-li-component ybc-li-component_ul\">\u200b<strong>Militaire et d\u00e9fense<\/strong>: Reconnaissance \u00e0 longue distance, surveillance des fronti\u00e8res.<\/li>\n<li class=\"ybc-li-component ybc-li-component_ul\">\u200b<strong>Lev\u00e9s et ing\u00e9nierie<\/strong>: Cartographie topographique, planification des infrastructures.<\/li>\n<li class=\"ybc-li-component ybc-li-component_ul\">\u200b<strong>Gestion foresti\u00e8re<\/strong>: Analyse de la hauteur de la canop\u00e9e, \u00e9valuation des incendies de for\u00eat.<\/li>\n<li class=\"ybc-li-component ybc-li-component_ul\"><strong>Intervention en cas de catastrophe<\/strong>: Mesure des zones dangereuses, op\u00e9rations SAR.<\/li>\n<\/ul>\n<hr \/>\n<h3>\u200b<strong>Processus d'op\u00e9ration<\/strong>\u200b<\/h3>\n<ol class=\"ybc-ol-component ybc-ol-component_1\">\n<li class=\"ybc-li-component ybc-li-component_ol\">\u200b<strong>Objectif<\/strong>: Alignement de la cible par le biais d'un r\u00e9ticule \u00e9clair\u00e9 (compatible jour\/nuit).<\/li>\n<li class=\"ybc-li-component ybc-li-component_ol\">\u200b<strong>Mesure<\/strong>: Capturez les donn\u00e9es de distance et d'angle \u00e0 l'aide d'un seul bouton.<\/li>\n<li class=\"ybc-li-component ybc-li-component_ol\"><strong>Analyser<\/strong>: Stockage de 81 cibles ou flux via RS232.<\/li>\n<\/ol>\n<hr \/>\n<h3>\u200b<strong>Pr\u00e9cautions d'emploi<\/strong>\u200b<\/h3>\n<ul class=\"ybc-ul-component\">\n<li class=\"ybc-li-component ybc-li-component_ul\"><strong>Limites de temp\u00e9rature<\/strong>: Op\u00e9rer dans le cadre de<strong>-40\u00b0C \u00e0 +60\u00b0C<\/strong>; magasin \u00e0<strong>De -45\u00b0C \u00e0 +70\u00b0C<\/strong>.<\/li>\n<li class=\"ybc-li-component ybc-li-component_ul\"><strong>S\u00e9curit\u00e9 laser<\/strong>: \u00c9viter l'exposition directe des yeux ; utiliser les filtres de protection inclus.<\/li>\n<li class=\"ybc-li-component ybc-li-component_ul\">\u200b<strong>Manipulation de la batterie<\/strong>: Chargez uniquement avec les adaptateurs fournis \u00e0 une temp\u00e9rature ambiante de 25\u00b0C.<\/li>\n<li class=\"ybc-li-component ybc-li-component_ul\">\u200b<strong>Nettoyage<\/strong>: Utilisez un chiffon en microfibres pour les optiques ; de l'alcool isopropylique pour le bo\u00eetier m\u00e9tallique.<\/li>\n<\/ul>","protected":false},"excerpt":{"rendered":"<p>Le<strong> T\u00e9l\u00e9m\u00e8tre laser portatif<\/strong>red\u00e9finit la pr\u00e9cision sur longue distance avec<strong>Technologie laser Nd:YAG 1064nm de qualit\u00e9 militaire<\/strong>. Con\u00e7u pour les environnements extr\u00eames, il offre<strong>Pr\u00e9cision \u00b11m<\/strong>\u00e0 travers<strong>Port\u00e9es de 20km\/25km<\/strong>- id\u00e9al pour la d\u00e9fense, la topographie et les op\u00e9rations critiques sur le terrain.<\/p>","protected":false},"featured_media":8974,"comment_status":"closed","ping_status":"closed","template":"","meta":[],"product_brand":[],"product_cat":[600],"product_tag":[],"class_list":{"0":"post-9009","1":"product","2":"type-product","3":"status-publish","4":"has-post-thumbnail","6":"product_cat-handheld-observation-device","8":"first","9":"instock","10":"shipping-taxable","11":"product-type-simple"},"yoast_head":"<!-- This site is optimized with the Yoast SEO Premium plugin v24.8 (Yoast SEO v26.6) - https:\/\/yoast.com\/wordpress\/plugins\/seo\/ -->\n<title>1064nm Handheld Laser Rangefinder 20km &amp; 25km - SunFlaser Tech<\/title>\n<meta name=\"robots\" content=\"index, follow, max-snippet:-1, max-image-preview:large, max-video-preview:-1\" \/>\n<link rel=\"canonical\" href=\"https:\/\/sunflaser.com\/fr\/shop\/1064nm-handheld-laser-rangefinder-20km-25km\/\" \/>\n<meta property=\"og:locale\" content=\"fr_FR\" \/>\n<meta property=\"og:type\" content=\"article\" \/>\n<meta property=\"og:title\" content=\"1064nm Handheld Laser Rangefinder 20km &amp; 25km\" \/>\n<meta property=\"og:description\" content=\"The Handheld Laser Rangefinder\u200b redefines long-distance precision with \u200bmilitary-grade 1064nm Nd:YAG laser technology. Engineered for extreme environments, it delivers \u200b\u00b11m accuracy\u200b across \u200b20km\/25km ranges\u200b \u2013 ideal for defense, surveying, and critical field operations.\" \/>\n<meta property=\"og:url\" content=\"https:\/\/sunflaser.com\/fr\/shop\/1064nm-handheld-laser-rangefinder-20km-25km\/\" \/>\n<meta property=\"og:site_name\" content=\"SunFlaser Tech\" \/>\n<meta property=\"article:modified_time\" content=\"2025-10-16T06:26:34+00:00\" \/>\n<meta property=\"og:image\" content=\"https:\/\/sunflaser.com\/wp-content\/uploads\/2025\/08\/1064nm-handheld-laser-rangefinder-2025km.png\" \/>\n\t<meta property=\"og:image:width\" content=\"1440\" \/>\n\t<meta property=\"og:image:height\" content=\"1440\" \/>\n\t<meta property=\"og:image:type\" content=\"image\/png\" \/>\n<meta name=\"twitter:card\" content=\"summary_large_image\" \/>\n<meta name=\"twitter:label1\" content=\"Dur\u00e9e de lecture estim\u00e9e\" \/>\n\t<meta name=\"twitter:data1\" content=\"2 minutes\" \/>\n<script type=\"application\/ld+json\" class=\"yoast-schema-graph\">{\"@context\":\"https:\/\/schema.org\",\"@graph\":[{\"@type\":\"WebPage\",\"@id\":\"https:\/\/sunflaser.com\/shop\/1064nm-handheld-laser-rangefinder-20km-25km\/\",\"url\":\"https:\/\/sunflaser.com\/shop\/1064nm-handheld-laser-rangefinder-20km-25km\/\",\"name\":\"1064nm Handheld Laser Rangefinder 20km & 25km - SunFlaser Tech\",\"isPartOf\":{\"@id\":\"https:\/\/sunflaser.com\/#website\"},\"primaryImageOfPage\":{\"@id\":\"https:\/\/sunflaser.com\/shop\/1064nm-handheld-laser-rangefinder-20km-25km\/#primaryimage\"},\"image\":{\"@id\":\"https:\/\/sunflaser.com\/shop\/1064nm-handheld-laser-rangefinder-20km-25km\/#primaryimage\"},\"thumbnailUrl\":\"https:\/\/sunflaser.com\/wp-content\/uploads\/2025\/08\/1064nm-handheld-laser-rangefinder-2025km.png\",\"datePublished\":\"2025-08-26T13:53:10+00:00\",\"dateModified\":\"2025-10-16T06:26:34+00:00\",\"breadcrumb\":{\"@id\":\"https:\/\/sunflaser.com\/shop\/1064nm-handheld-laser-rangefinder-20km-25km\/#breadcrumb\"},\"inLanguage\":\"fr-FR\",\"potentialAction\":[{\"@type\":\"ReadAction\",\"target\":[\"https:\/\/sunflaser.com\/shop\/1064nm-handheld-laser-rangefinder-20km-25km\/\"]}]},{\"@type\":\"ImageObject\",\"inLanguage\":\"fr-FR\",\"@id\":\"https:\/\/sunflaser.com\/shop\/1064nm-handheld-laser-rangefinder-20km-25km\/#primaryimage\",\"url\":\"https:\/\/sunflaser.com\/wp-content\/uploads\/2025\/08\/1064nm-handheld-laser-rangefinder-2025km.png\",\"contentUrl\":\"https:\/\/sunflaser.com\/wp-content\/uploads\/2025\/08\/1064nm-handheld-laser-rangefinder-2025km.png\",\"width\":1440,\"height\":1440,\"caption\":\"1064nm handheld laser rangefinder 20km to 25km\"},{\"@type\":\"BreadcrumbList\",\"@id\":\"https:\/\/sunflaser.com\/shop\/1064nm-handheld-laser-rangefinder-20km-25km\/#breadcrumb\",\"itemListElement\":[{\"@type\":\"ListItem\",\"position\":1,\"name\":\"\u9996\u9875\",\"item\":\"https:\/\/sunflaser.com\/\"},{\"@type\":\"ListItem\",\"position\":2,\"name\":\"Product\",\"item\":\"https:\/\/sunflaser.com\/product\/\"},{\"@type\":\"ListItem\",\"position\":3,\"name\":\"1064nm Handheld Laser Rangefinder 20km &#038; 25km\"}]},{\"@type\":\"WebSite\",\"@id\":\"https:\/\/sunflaser.com\/#website\",\"url\":\"https:\/\/sunflaser.com\/\",\"name\":\"SunFlaser Tech\",\"description\":\"\",\"publisher\":{\"@id\":\"https:\/\/sunflaser.com\/#organization\"},\"potentialAction\":[{\"@type\":\"SearchAction\",\"target\":{\"@type\":\"EntryPoint\",\"urlTemplate\":\"https:\/\/sunflaser.com\/?s={search_term_string}\"},\"query-input\":{\"@type\":\"PropertyValueSpecification\",\"valueRequired\":true,\"valueName\":\"search_term_string\"}}],\"inLanguage\":\"fr-FR\"},{\"@type\":\"Organization\",\"@id\":\"https:\/\/sunflaser.com\/#organization\",\"name\":\"\u76db\u98de\u5149\u901f\u79d1\u6280\uff08\u6210\u90fd\uff09\u6709\u9650\u516c\u53f8\",\"alternateName\":\"\u76db\u98de\u5149\u901f\u79d1\u6280\uff08\u6210\u90fd\uff09\u6709\u9650\u516c\u53f8\",\"url\":\"https:\/\/sunflaser.com\/\",\"logo\":{\"@type\":\"ImageObject\",\"inLanguage\":\"fr-FR\",\"@id\":\"https:\/\/sunflaser.com\/#\/schema\/logo\/image\/\",\"url\":\"https:\/\/sunflaser.com\/wp-content\/uploads\/2025\/05\/Modern-S-Letter-Logo.png\",\"contentUrl\":\"https:\/\/sunflaser.com\/wp-content\/uploads\/2025\/05\/Modern-S-Letter-Logo.png\",\"width\":1024,\"height\":289,\"caption\":\"\u76db\u98de\u5149\u901f\u79d1\u6280\uff08\u6210\u90fd\uff09\u6709\u9650\u516c\u53f8\"},\"image\":{\"@id\":\"https:\/\/sunflaser.com\/#\/schema\/logo\/image\/\"}}]}<\/script>\n<!-- \/ Yoast SEO Premium plugin. -->","yoast_head_json":{"title":"1064nm Handheld Laser Rangefinder 20km & 25km - SunFlaser Tech","robots":{"index":"index","follow":"follow","max-snippet":"max-snippet:-1","max-image-preview":"max-image-preview:large","max-video-preview":"max-video-preview:-1"},"canonical":"https:\/\/sunflaser.com\/fr\/shop\/1064nm-handheld-laser-rangefinder-20km-25km\/","og_locale":"fr_FR","og_type":"article","og_title":"1064nm Handheld Laser Rangefinder 20km & 25km","og_description":"The Handheld Laser Rangefinder\u200b redefines long-distance precision with \u200bmilitary-grade 1064nm Nd:YAG laser technology. Engineered for extreme environments, it delivers \u200b\u00b11m accuracy\u200b across \u200b20km\/25km ranges\u200b \u2013 ideal for defense, surveying, and critical field operations.","og_url":"https:\/\/sunflaser.com\/fr\/shop\/1064nm-handheld-laser-rangefinder-20km-25km\/","og_site_name":"SunFlaser Tech","article_modified_time":"2025-10-16T06:26:34+00:00","og_image":[{"width":1440,"height":1440,"url":"https:\/\/sunflaser.com\/wp-content\/uploads\/2025\/08\/1064nm-handheld-laser-rangefinder-2025km.png","type":"image\/png"}],"twitter_card":"summary_large_image","twitter_misc":{"Dur\u00e9e de lecture estim\u00e9e":"2 minutes"},"schema":{"@context":"https:\/\/schema.org","@graph":[{"@type":"WebPage","@id":"https:\/\/sunflaser.com\/shop\/1064nm-handheld-laser-rangefinder-20km-25km\/","url":"https:\/\/sunflaser.com\/shop\/1064nm-handheld-laser-rangefinder-20km-25km\/","name":"1064nm Handheld Laser Rangefinder 20km & 25km - SunFlaser Tech","isPartOf":{"@id":"https:\/\/sunflaser.com\/#website"},"primaryImageOfPage":{"@id":"https:\/\/sunflaser.com\/shop\/1064nm-handheld-laser-rangefinder-20km-25km\/#primaryimage"},"image":{"@id":"https:\/\/sunflaser.com\/shop\/1064nm-handheld-laser-rangefinder-20km-25km\/#primaryimage"},"thumbnailUrl":"https:\/\/sunflaser.com\/wp-content\/uploads\/2025\/08\/1064nm-handheld-laser-rangefinder-2025km.png","datePublished":"2025-08-26T13:53:10+00:00","dateModified":"2025-10-16T06:26:34+00:00","breadcrumb":{"@id":"https:\/\/sunflaser.com\/shop\/1064nm-handheld-laser-rangefinder-20km-25km\/#breadcrumb"},"inLanguage":"fr-FR","potentialAction":[{"@type":"ReadAction","target":["https:\/\/sunflaser.com\/shop\/1064nm-handheld-laser-rangefinder-20km-25km\/"]}]},{"@type":"ImageObject","inLanguage":"fr-FR","@id":"https:\/\/sunflaser.com\/shop\/1064nm-handheld-laser-rangefinder-20km-25km\/#primaryimage","url":"https:\/\/sunflaser.com\/wp-content\/uploads\/2025\/08\/1064nm-handheld-laser-rangefinder-2025km.png","contentUrl":"https:\/\/sunflaser.com\/wp-content\/uploads\/2025\/08\/1064nm-handheld-laser-rangefinder-2025km.png","width":1440,"height":1440,"caption":"1064nm handheld laser rangefinder 20km to 25km"},{"@type":"BreadcrumbList","@id":"https:\/\/sunflaser.com\/shop\/1064nm-handheld-laser-rangefinder-20km-25km\/#breadcrumb","itemListElement":[{"@type":"ListItem","position":1,"name":"\u9996\u9875","item":"https:\/\/sunflaser.com\/"},{"@type":"ListItem","position":2,"name":"Product","item":"https:\/\/sunflaser.com\/product\/"},{"@type":"ListItem","position":3,"name":"1064nm Handheld Laser Rangefinder 20km &#038; 25km"}]},{"@type":"WebSite","@id":"https:\/\/sunflaser.com\/#website","url":"https:\/\/sunflaser.com\/","name":"SunFlaser Tech","description":"","publisher":{"@id":"https:\/\/sunflaser.com\/#organization"},"potentialAction":[{"@type":"SearchAction","target":{"@type":"EntryPoint","urlTemplate":"https:\/\/sunflaser.com\/?s={search_term_string}"},"query-input":{"@type":"PropertyValueSpecification","valueRequired":true,"valueName":"search_term_string"}}],"inLanguage":"fr-FR"},{"@type":"Organization","@id":"https:\/\/sunflaser.com\/#organization","name":"\u76db\u98de\u5149\u901f\u79d1\u6280\uff08\u6210\u90fd\uff09\u6709\u9650\u516c\u53f8","alternateName":"\u76db\u98de\u5149\u901f\u79d1\u6280\uff08\u6210\u90fd\uff09\u6709\u9650\u516c\u53f8","url":"https:\/\/sunflaser.com\/","logo":{"@type":"ImageObject","inLanguage":"fr-FR","@id":"https:\/\/sunflaser.com\/#\/schema\/logo\/image\/","url":"https:\/\/sunflaser.com\/wp-content\/uploads\/2025\/05\/Modern-S-Letter-Logo.png","contentUrl":"https:\/\/sunflaser.com\/wp-content\/uploads\/2025\/05\/Modern-S-Letter-Logo.png","width":1024,"height":289,"caption":"\u76db\u98de\u5149\u901f\u79d1\u6280\uff08\u6210\u90fd\uff09\u6709\u9650\u516c\u53f8"},"image":{"@id":"https:\/\/sunflaser.com\/#\/schema\/logo\/image\/"}}]}},"_links":{"self":[{"href":"https:\/\/sunflaser.com\/fr\/wp-json\/wp\/v2\/product\/9009","targetHints":{"allow":["GET"]}}],"collection":[{"href":"https:\/\/sunflaser.com\/fr\/wp-json\/wp\/v2\/product"}],"about":[{"href":"https:\/\/sunflaser.com\/fr\/wp-json\/wp\/v2\/types\/product"}],"replies":[{"embeddable":true,"href":"https:\/\/sunflaser.com\/fr\/wp-json\/wp\/v2\/comments?post=9009"}],"version-history":[{"count":0,"href":"https:\/\/sunflaser.com\/fr\/wp-json\/wp\/v2\/product\/9009\/revisions"}],"wp:featuredmedia":[{"embeddable":true,"href":"https:\/\/sunflaser.com\/fr\/wp-json\/wp\/v2\/media\/8974"}],"wp:attachment":[{"href":"https:\/\/sunflaser.com\/fr\/wp-json\/wp\/v2\/media?parent=9009"}],"wp:term":[{"taxonomy":"product_brand","embeddable":true,"href":"https:\/\/sunflaser.com\/fr\/wp-json\/wp\/v2\/product_brand?post=9009"},{"taxonomy":"product_cat","embeddable":true,"href":"https:\/\/sunflaser.com\/fr\/wp-json\/wp\/v2\/product_cat?post=9009"},{"taxonomy":"product_tag","embeddable":true,"href":"https:\/\/sunflaser.com\/fr\/wp-json\/wp\/v2\/product_tag?post=9009"}],"curies":[{"name":"wp","href":"https:\/\/api.w.org\/{rel}","templated":true}]}}