{"id":8958,"date":"2025-08-26T05:05:23","date_gmt":"2025-08-26T12:05:23","guid":{"rendered":"https:\/\/sunflaser.com\/?post_type=product&#038;p=8958"},"modified":"2025-08-28T01:35:28","modified_gmt":"2025-08-28T08:35:28","slug":"1064nm-handheld-laser-rangefinder-6km-to-12km","status":"publish","type":"product","link":"https:\/\/sunflaser.com\/fr\/shop\/1064nm-handheld-laser-rangefinder-6km-to-12km\/","title":{"rendered":"T\u00e9l\u00e9m\u00e8tre laser portable 1064nm 6km \u00e0 12km"},"content":{"rendered":"<div data-elementor-type=\"product-post\" data-elementor-id=\"8958\" class=\"elementor elementor-8958\" data-elementor-post-type=\"product\">\n\t\t\t\t<div data-particle_enable=\"false\" data-particle-mobile-disabled=\"false\" class=\"elementor-element elementor-element-0d3bcf2 e-flex e-con-boxed e-con e-parent\" data-id=\"0d3bcf2\" data-element_type=\"container\">\n\t\t\t\t\t<div class=\"e-con-inner\">\n\t\t\t\t<div class=\"elementor-element elementor-element-3c06185 elementor-widget__width-initial eael_liquid_glass-effect6 eael_liquid_glass_shadow-effect4 elementor-widget elementor-widget-heading\" data-id=\"3c06185\" data-element_type=\"widget\" data-widget_type=\"heading.default\">\n\t\t\t\t<div class=\"elementor-widget-container\">\n\t\t\t\t\t<h3 class=\"elementor-heading-title elementor-size-default\">Caract\u00e9ristiques et avantages principaux<\/h3>\t\t\t\t<\/div>\n\t\t\t\t<\/div>\n\t\t\t\t<div class=\"elementor-element elementor-element-4edf807 elementor-widget elementor-widget-text-editor\" data-id=\"4edf807\" data-element_type=\"widget\" data-widget_type=\"text-editor.default\">\n\t\t\t\t<div class=\"elementor-widget-container\">\n\t\t\t\t\t\t\t\t\t<ol><li class=\"ybc-li-component ybc-li-component_ol\"><strong>Capacit\u00e9 \u00e0 tr\u00e8s longue port\u00e9e<\/strong><br \/><ul class=\"ybc-ul-component\"><li class=\"ybc-li-component ybc-li-component_ul\">Mesures 6km\/8km\/10km\/12km<span style=\"font-family: inherit; font-size: inherit; font-style: inherit; font-variant-ligatures: inherit; font-variant-caps: inherit;\"> avec une pr\u00e9cision de \u00b10,5m.<\/span><\/li><li class=\"ybc-li-component ybc-li-component_ul\">Contr\u00f4le de la gamme num\u00e9rique<span style=\"font-family: inherit; font-size: inherit; font-style: inherit; font-variant-ligatures: inherit; font-variant-caps: inherit;\"> (30-5000m r\u00e9glable par pas de 10m) pour un ciblage pr\u00e9cis.<\/span><\/li><\/ul><\/li><li class=\"ybc-li-component ybc-li-component_ol\"><strong>Fonctions de mesure avanc\u00e9es<\/strong><br \/><ul class=\"ybc-ul-component\"><li class=\"ybc-li-component ybc-li-component_ul\">Calcul de la distance de la pente, de la distance horizontale\/verticale, des angles<span style=\"font-family: inherit; font-size: inherit; font-style: inherit; font-variant-ligatures: inherit; font-variant-caps: inherit;\"> (\u00b190\u00b0), et <\/span>azimut<span style=\"font-family: inherit; font-size: inherit; font-style: inherit; font-variant-ligatures: inherit; font-variant-caps: inherit;\"> (boussole \u00e9lectronique en option, 360\u00b0\u00b11\u00b0).<\/span><\/li><li class=\"ybc-li-component ybc-li-component_ul\">Mesure \u00e0 double cible<span style=\"font-family: inherit; font-size: inherit; font-style: inherit; font-variant-ligatures: inherit; font-variant-caps: inherit;\"> en une seule impulsion laser + <\/span>81 - stockage des donn\u00e9es<span style=\"font-family: inherit; font-size: inherit; font-style: inherit; font-variant-ligatures: inherit; font-variant-caps: inherit;\">.<\/span><\/li><\/ul><\/li><li class=\"ybc-li-component ybc-li-component_ol\"><strong>Conception robuste pr\u00eate \u00e0 l'emploi<\/strong><br \/><ul class=\"ybc-ul-component\"><li class=\"ybc-li-component ybc-li-component_ul\">Bo\u00eetier m\u00e9tallique enti\u00e8rement \u00e9tanche<span style=\"font-family: inherit; font-size: inherit; font-style: inherit; font-variant-ligatures: inherit; font-variant-caps: inherit;\"> (\u00e9tanche IP67) r\u00e9siste \u00e0 <\/span>De -40\u00b0C \u00e0 +60\u00b0C<span style=\"font-family: inherit; font-size: inherit; font-style: inherit; font-variant-ligatures: inherit; font-variant-caps: inherit;\"> et <\/span>95% humidit\u00e9<span style=\"font-family: inherit; font-size: inherit; font-style: inherit; font-variant-ligatures: inherit; font-variant-caps: inherit;\">.<\/span><\/li><li class=\"ybc-li-component ybc-li-component_ul\">Construction anti-choc<span style=\"font-family: inherit; font-size: inherit; font-style: inherit; font-variant-ligatures: inherit; font-variant-caps: inherit;\"> pour les environnements difficiles.<\/span><\/li><\/ul><\/li><li class=\"ybc-li-component ybc-li-component_ol\"><strong>Am\u00e9liorations centr\u00e9es sur l'utilisateur<\/strong><br \/><ul class=\"ybc-ul-component\"><li class=\"ybc-li-component ybc-li-component_ul\">R\u00e9ticule r\u00e9tro-\u00e9clair\u00e9<span style=\"font-family: inherit; font-size: inherit; font-style: inherit; font-variant-ligatures: inherit; font-variant-caps: inherit;\"> pour les op\u00e9rations de nuit.<\/span><\/li><li class=\"ybc-li-component ybc-li-component_ul\">Interface de donn\u00e9es RS232<span style=\"font-family: inherit; font-size: inherit; font-style: inherit; font-variant-ligatures: inherit; font-variant-caps: inherit;\"> pour l'exportation de mesures en temps r\u00e9el<\/span><\/li><\/ul><\/li><\/ol>\t\t\t\t\t\t\t\t<\/div>\n\t\t\t\t<\/div>\n\t\t\t\t\t<\/div>\n\t\t\t\t<\/div>\n\t\t<div data-particle_enable=\"false\" data-particle-mobile-disabled=\"false\" class=\"elementor-element elementor-element-5d4d963 e-flex e-con-boxed e-con e-parent\" data-id=\"5d4d963\" data-element_type=\"container\">\n\t\t\t\t\t<div class=\"e-con-inner\">\n\t\t\t\t<div class=\"elementor-element elementor-element-8e34d06 elementor-widget__width-initial eael_liquid_glass-effect6 eael_liquid_glass_shadow-effect4 elementor-widget elementor-widget-heading\" data-id=\"8e34d06\" data-element_type=\"widget\" data-widget_type=\"heading.default\">\n\t\t\t\t<div class=\"elementor-widget-container\">\n\t\t\t\t\t<h3 class=\"elementor-heading-title elementor-size-default\">Sp\u00e9cifications techniques<\/h3>\t\t\t\t<\/div>\n\t\t\t\t<\/div>\n\t\t\t\t<div class=\"elementor-element elementor-element-fa3a323 elementor-widget elementor-widget-tablepress-table\" data-id=\"fa3a323\" data-element_type=\"widget\" data-widget_type=\"tablepress-table.default\">\n\t\t\t\t\t\n<table id=\"tablepress-1\" class=\"tablepress tablepress-id-1\">\n<thead>\n<tr class=\"row-1\">\n\t<th class=\"column-1\"><strong>Param\u00e8tres<\/strong><\/th><th class=\"column-2\"><strong>Sp\u00e9cifications<\/strong><\/th>\n<\/tr>\n<\/thead>\n<tbody class=\"row-striping row-hover\">\n<tr class=\"row-2\">\n\t<td class=\"column-1\"><strong>Performance en mati\u00e8re de port\u00e9e :<\/strong><\/td><td class=\"column-2\"><\/td>\n<\/tr>\n<tr class=\"row-3\">\n\t<td class=\"column-1\">Source laser<\/td><td class=\"column-2\">Laser ND:YAG, longueur d'onde 1064nm<\/td>\n<\/tr>\n<tr class=\"row-4\">\n\t<td class=\"column-1\">Min. Gamme<\/td><td class=\"column-2\">\u226450m<\/td>\n<\/tr>\n<tr class=\"row-5\">\n\t<td class=\"column-1\">Max. Gamme<\/td><td class=\"column-2\">6km \/ 8km \/ 10km \/ 12km (en fonction du mod\u00e8le)<\/td>\n<\/tr>\n<tr class=\"row-6\">\n\t<td class=\"column-1\">Pr\u00e9cision de la recherche<\/td><td class=\"column-2\">\u00b10.5m<\/td>\n<\/tr>\n<tr class=\"row-7\">\n\t<td class=\"column-1\">Taux de port\u00e9e<\/td><td class=\"column-2\">12 fois\/min (en continu) ; 20 fois\/min (mode d'urgence : 1min de travail, 1min de repos, cycle op\u00e9rationnel)<\/td>\n<\/tr>\n<tr class=\"row-8\">\n\t<td class=\"column-1\">Gradation de la port\u00e9e<\/td><td class=\"column-2\">30-5000m, r\u00e9glable par pas de 10m, affichage num\u00e9rique<\/td>\n<\/tr>\n<tr class=\"row-9\">\n\t<td class=\"column-1\">Taux de mesure correct<\/td><td class=\"column-2\">\u226598%<\/td>\n<\/tr>\n<tr class=\"row-10\">\n\t<td class=\"column-1\">Inclinom\u00e8tre<\/td><td class=\"column-2\">\u00b190\u00b0, pr\u00e9cision 0,1\u00b0<\/td>\n<\/tr>\n<tr class=\"row-11\">\n\t<td class=\"column-1\">Boussole \u00e9lectronique<\/td><td class=\"column-2\">360\u00b0, pr\u00e9cision 1\u00b0 (en option)<\/td>\n<\/tr>\n<tr class=\"row-12\">\n\t<td class=\"column-1\"><strong>Performance optique :<\/strong><\/td><td class=\"column-2\"><\/td>\n<\/tr>\n<tr class=\"row-13\">\n\t<td class=\"column-1\">Agrandissement<\/td><td class=\"column-2\">7x<\/td>\n<\/tr>\n<tr class=\"row-14\">\n\t<td class=\"column-1\">Champ de vision<\/td><td class=\"column-2\">6.5\u00b0<\/td>\n<\/tr>\n<tr class=\"row-15\">\n\t<td class=\"column-1\">Diam\u00e8tre de la pupille de sortie<\/td><td class=\"column-2\">5mm<\/td>\n<\/tr>\n<tr class=\"row-16\">\n\t<td class=\"column-1\">Soulagement des yeux<\/td><td class=\"column-2\">20,3 mm<\/td>\n<\/tr>\n<tr class=\"row-17\">\n\t<td class=\"column-1\"><strong>Interface d'alimentation et de donn\u00e9es :<\/strong><\/td><td class=\"column-2\"><\/td>\n<\/tr>\n<tr class=\"row-18\">\n\t<td class=\"column-1\">Alimentation \u00e9lectrique<\/td><td class=\"column-2\">Deux batteries rechargeables au lithium (plus de 3000 mesures \u00e0 25\u00b0C par charge compl\u00e8te)<\/td>\n<\/tr>\n<tr class=\"row-19\">\n\t<td class=\"column-1\">Interface de donn\u00e9es externes<\/td><td class=\"column-2\">RS232<\/td>\n<\/tr>\n<tr class=\"row-20\">\n\t<td class=\"column-1\"><strong>Adaptabilit\u00e9 environnementale :<\/strong><\/td><td class=\"column-2\"><\/td>\n<\/tr>\n<tr class=\"row-21\">\n\t<td class=\"column-1\">Temp\u00e9rature de fonctionnement<\/td><td class=\"column-2\">De -40\u00b0C \u00e0 +60\u00b0C<\/td>\n<\/tr>\n<tr class=\"row-22\">\n\t<td class=\"column-1\">Temp\u00e9rature de stockage<\/td><td class=\"column-2\">De -45\u00b0C \u00e0 +70\u00b0C<\/td>\n<\/tr>\n<tr class=\"row-23\">\n\t<td class=\"column-1\">Max. Humidit\u00e9<\/td><td class=\"column-2\">95-98%<\/td>\n<\/tr>\n<tr class=\"row-24\">\n\t<td class=\"column-1\">La construction<\/td><td class=\"column-2\">Bo\u00eetier m\u00e9tallique enti\u00e8rement scell\u00e9, \u00e9tanche et r\u00e9sistant aux chocs<\/td>\n<\/tr>\n<tr class=\"row-25\">\n\t<td class=\"column-1\"><strong>Dimensions et poids :<\/strong><\/td><td class=\"column-2\"><\/td>\n<\/tr>\n<tr class=\"row-26\">\n\t<td class=\"column-1\">Dimensions<\/td><td class=\"column-2\">160\u00d7150\u00d766mm<\/td>\n<\/tr>\n<tr class=\"row-27\">\n\t<td class=\"column-1\">Poids<\/td><td class=\"column-2\">1kg<\/td>\n<\/tr>\n<\/tbody>\n<\/table>\n\t\t\t\t<\/div>\n\t\t\t\t<div class=\"elementor-element elementor-element-982f07f elementor-widget__width-initial eael_liquid_glass-effect6 eael_liquid_glass_shadow-effect4 elementor-widget elementor-widget-heading\" data-id=\"982f07f\" data-element_type=\"widget\" data-widget_type=\"heading.default\">\n\t\t\t\t<div class=\"elementor-widget-container\">\n\t\t\t\t\t<h3 class=\"elementor-heading-title elementor-size-default\">Applications cibles<\/h3>\t\t\t\t<\/div>\n\t\t\t\t<\/div>\n\t\t\t\t<div class=\"elementor-element elementor-element-82cf3c8 elementor-widget elementor-widget-text-editor\" data-id=\"82cf3c8\" data-element_type=\"widget\" data-widget_type=\"text-editor.default\">\n\t\t\t\t<div class=\"elementor-widget-container\">\n\t\t\t\t\t\t\t\t\t<ul class=\"ybc-ul-component\"><li class=\"ybc-li-component ybc-li-component_ul\">\u200b<strong>Militaire et d\u00e9fense<\/strong>: Reconnaissance, acquisition de cibles, surveillance des fronti\u00e8res.<\/li><li class=\"ybc-li-component ybc-li-component_ul\">\u200b<strong>Arpentage et construction<\/strong>: Cartographie topographique, planification des infrastructures.<\/li><li class=\"ybc-li-component ybc-li-component_ul\">\u200b<strong>For\u00eats et conservation<\/strong>: Analyse de la hauteur de la canop\u00e9e, \u00e9valuation des incendies de for\u00eat.<\/li><li class=\"ybc-li-component ybc-li-component_ul\">\u200b<strong>Intervention en cas de catastrophe<\/strong>: Recherche et sauvetage, mesure des zones de danger.<\/li><\/ul>\t\t\t\t\t\t\t\t<\/div>\n\t\t\t\t<\/div>\n\t\t\t\t<div class=\"elementor-element elementor-element-54f7973 elementor-widget__width-initial eael_liquid_glass-effect6 eael_liquid_glass_shadow-effect4 elementor-widget elementor-widget-heading\" data-id=\"54f7973\" data-element_type=\"widget\" data-widget_type=\"heading.default\">\n\t\t\t\t<div class=\"elementor-widget-container\">\n\t\t\t\t\t<h3 class=\"elementor-heading-title elementor-size-default\">Processus de fonctionnement<\/h3>\t\t\t\t<\/div>\n\t\t\t\t<\/div>\n\t\t\t\t<div class=\"elementor-element elementor-element-82e3d7a elementor-widget elementor-widget-text-editor\" data-id=\"82e3d7a\" data-element_type=\"widget\" data-widget_type=\"text-editor.default\">\n\t\t\t\t<div class=\"elementor-widget-container\">\n\t\t\t\t\t\t\t\t\t<ol><li class=\"ybc-li-component ybc-li-component_ol\"><strong>Objectif<\/strong>: Aligner la cible \u00e0 l'aide du r\u00e9ticule lumineux.<\/li><li class=\"ybc-li-component ybc-li-component_ol\"><strong>Mesure<\/strong>: Appuyez sur le bouton laser pour obtenir des donn\u00e9es instantan\u00e9es sur la distance et l'angle.<\/li><li class=\"ybc-li-component ybc-li-component_ol\"><strong>Magasin\/Exportation<\/strong>: Enregistrez jusqu'\u00e0 81 cibles ou transf\u00e9rez-les via RS232.<\/li><\/ol>\t\t\t\t\t\t\t\t<\/div>\n\t\t\t\t<\/div>\n\t\t\t\t<div class=\"elementor-element elementor-element-6f926bc elementor-widget__width-initial eael_liquid_glass-effect6 eael_liquid_glass_shadow-effect4 elementor-widget elementor-widget-heading\" data-id=\"6f926bc\" data-element_type=\"widget\" data-widget_type=\"heading.default\">\n\t\t\t\t<div class=\"elementor-widget-container\">\n\t\t\t\t\t<h3 class=\"elementor-heading-title elementor-size-default\">Pr\u00e9cautions d'emploi<\/h3>\t\t\t\t<\/div>\n\t\t\t\t<\/div>\n\t\t\t\t<div class=\"elementor-element elementor-element-7a849a2 elementor-widget elementor-widget-text-editor\" data-id=\"7a849a2\" data-element_type=\"widget\" data-widget_type=\"text-editor.default\">\n\t\t\t\t<div class=\"elementor-widget-container\">\n\t\t\t\t\t\t\t\t\t<ul class=\"ybc-ul-component\"><li class=\"ybc-li-component ybc-li-component_ul\"><p><strong>Limites de temp\u00e9rature<\/strong>: Fonctionner entre -40\u00b0C et +60\u00b0C ; stocker entre -45\u00b0C et +70\u00b0C.<\/p><\/li><li class=\"ybc-li-component ybc-li-component_ul\">\u200b<strong>S\u00e9curit\u00e9 laser<\/strong>: \u00c9viter l'exposition directe des yeux au faisceau laser.<\/li><li class=\"ybc-li-component ybc-li-component_ul\">\u200b<strong>Entretien de la batterie<\/strong>: N'utilisez que les batteries Li-ion fournies ; rechargez-les \u00e0 25\u00b0C pour une dur\u00e9e de vie optimale.<\/li><li class=\"ybc-li-component ybc-li-component_ul\"><strong>Nettoyage<\/strong>: Essuyez les lentilles avec un chiffon en microfibre ; \u00e9vitez les solvants sur le bo\u00eetier m\u00e9tallique.<\/li><\/ul>\t\t\t\t\t\t\t\t<\/div>\n\t\t\t\t<\/div>\n\t\t\t\t\t<\/div>\n\t\t\t\t<\/div>\n\t\t\t\t<\/div>","protected":false},"excerpt":{"rendered":"<p>Le t\u00e9l\u00e9m\u00e8tre laser portatif avanc\u00e9 offre<strong>pr\u00e9cision de niveau militaire<\/strong>pour les mesures \u00e0 longue distance. Con\u00e7u avec la technologie laser Nd:YAG (longueur d'onde 1064nm), il permet d'atteindre les objectifs suivants<strong>une pr\u00e9cision in\u00e9gal\u00e9e (\u00b10,5m)<\/strong>sur des distances allant jusqu'\u00e0 12 km, ce qui est id\u00e9al pour les applications critiques dans les domaines de la d\u00e9fense, de la topographie et des interventions en cas de catastrophe.<\/p>","protected":false},"featured_media":8973,"comment_status":"closed","ping_status":"closed","template":"","meta":[],"product_brand":[],"product_cat":[600],"product_tag":[],"class_list":{"0":"post-8958","1":"product","2":"type-product","3":"status-publish","4":"has-post-thumbnail","6":"product_cat-handheld-observation-device","8":"first","9":"instock","10":"shipping-taxable","11":"product-type-simple"},"yoast_head":"<!-- This site is optimized with the Yoast SEO Premium plugin v24.8 (Yoast SEO v26.6) - https:\/\/yoast.com\/wordpress\/plugins\/seo\/ -->\n<title>1064nm Handheld Laser Rangefinder 6km to 12km - SunFlaser Tech<\/title>\n<meta name=\"robots\" content=\"index, follow, max-snippet:-1, max-image-preview:large, max-video-preview:-1\" \/>\n<link rel=\"canonical\" href=\"https:\/\/sunflaser.com\/fr\/shop\/1064nm-handheld-laser-rangefinder-6km-to-12km\/\" \/>\n<meta property=\"og:locale\" content=\"fr_FR\" \/>\n<meta property=\"og:type\" content=\"article\" \/>\n<meta property=\"og:title\" content=\"1064nm Handheld Laser Rangefinder 6km to 12km\" \/>\n<meta property=\"og:description\" content=\"The advanced Handheld Laser Rangefinder delivers \u200bmilitary-grade precision\u200b for long-distance measurement. Engineered with Nd:YAG laser technology (1064nm wavelength), it achieves \u200bunparalleled accuracy (\u00b10.5m)\u200b\u200b across ranges up to 12km\u2014ideal for critical applications in defense, surveying, and disaster response.\" \/>\n<meta property=\"og:url\" content=\"https:\/\/sunflaser.com\/fr\/shop\/1064nm-handheld-laser-rangefinder-6km-to-12km\/\" \/>\n<meta property=\"og:site_name\" content=\"SunFlaser Tech\" \/>\n<meta property=\"article:modified_time\" content=\"2025-08-28T08:35:28+00:00\" \/>\n<meta property=\"og:image\" content=\"https:\/\/sunflaser.com\/wp-content\/uploads\/2025\/08\/1064nm-handheld-laser-rangefinder-612km.png\" \/>\n\t<meta property=\"og:image:width\" content=\"1440\" \/>\n\t<meta property=\"og:image:height\" content=\"1440\" \/>\n\t<meta property=\"og:image:type\" content=\"image\/png\" \/>\n<meta name=\"twitter:card\" content=\"summary_large_image\" \/>\n<meta name=\"twitter:label1\" content=\"Dur\u00e9e de lecture estim\u00e9e\" \/>\n\t<meta name=\"twitter:data1\" content=\"2 minutes\" \/>\n<script type=\"application\/ld+json\" class=\"yoast-schema-graph\">{\"@context\":\"https:\/\/schema.org\",\"@graph\":[{\"@type\":\"WebPage\",\"@id\":\"https:\/\/sunflaser.com\/shop\/1064nm-handheld-laser-rangefinder-6km-to-12km\/\",\"url\":\"https:\/\/sunflaser.com\/shop\/1064nm-handheld-laser-rangefinder-6km-to-12km\/\",\"name\":\"1064nm Handheld Laser Rangefinder 6km to 12km - SunFlaser Tech\",\"isPartOf\":{\"@id\":\"https:\/\/sunflaser.com\/#website\"},\"primaryImageOfPage\":{\"@id\":\"https:\/\/sunflaser.com\/shop\/1064nm-handheld-laser-rangefinder-6km-to-12km\/#primaryimage\"},\"image\":{\"@id\":\"https:\/\/sunflaser.com\/shop\/1064nm-handheld-laser-rangefinder-6km-to-12km\/#primaryimage\"},\"thumbnailUrl\":\"https:\/\/sunflaser.com\/wp-content\/uploads\/2025\/08\/1064nm-handheld-laser-rangefinder-612km.png\",\"datePublished\":\"2025-08-26T12:05:23+00:00\",\"dateModified\":\"2025-08-28T08:35:28+00:00\",\"breadcrumb\":{\"@id\":\"https:\/\/sunflaser.com\/shop\/1064nm-handheld-laser-rangefinder-6km-to-12km\/#breadcrumb\"},\"inLanguage\":\"fr-FR\",\"potentialAction\":[{\"@type\":\"ReadAction\",\"target\":[\"https:\/\/sunflaser.com\/shop\/1064nm-handheld-laser-rangefinder-6km-to-12km\/\"]}]},{\"@type\":\"ImageObject\",\"inLanguage\":\"fr-FR\",\"@id\":\"https:\/\/sunflaser.com\/shop\/1064nm-handheld-laser-rangefinder-6km-to-12km\/#primaryimage\",\"url\":\"https:\/\/sunflaser.com\/wp-content\/uploads\/2025\/08\/1064nm-handheld-laser-rangefinder-612km.png\",\"contentUrl\":\"https:\/\/sunflaser.com\/wp-content\/uploads\/2025\/08\/1064nm-handheld-laser-rangefinder-612km.png\",\"width\":1440,\"height\":1440,\"caption\":\"1064nm handheld laser range finder 6~12km\"},{\"@type\":\"BreadcrumbList\",\"@id\":\"https:\/\/sunflaser.com\/shop\/1064nm-handheld-laser-rangefinder-6km-to-12km\/#breadcrumb\",\"itemListElement\":[{\"@type\":\"ListItem\",\"position\":1,\"name\":\"\u9996\u9875\",\"item\":\"https:\/\/sunflaser.com\/\"},{\"@type\":\"ListItem\",\"position\":2,\"name\":\"Product\",\"item\":\"https:\/\/sunflaser.com\/product\/\"},{\"@type\":\"ListItem\",\"position\":3,\"name\":\"1064nm Handheld Laser Rangefinder 6km to 12km\"}]},{\"@type\":\"WebSite\",\"@id\":\"https:\/\/sunflaser.com\/#website\",\"url\":\"https:\/\/sunflaser.com\/\",\"name\":\"SunFlaser Tech\",\"description\":\"\",\"publisher\":{\"@id\":\"https:\/\/sunflaser.com\/#organization\"},\"potentialAction\":[{\"@type\":\"SearchAction\",\"target\":{\"@type\":\"EntryPoint\",\"urlTemplate\":\"https:\/\/sunflaser.com\/?s={search_term_string}\"},\"query-input\":{\"@type\":\"PropertyValueSpecification\",\"valueRequired\":true,\"valueName\":\"search_term_string\"}}],\"inLanguage\":\"fr-FR\"},{\"@type\":\"Organization\",\"@id\":\"https:\/\/sunflaser.com\/#organization\",\"name\":\"\u76db\u98de\u5149\u901f\u79d1\u6280\uff08\u6210\u90fd\uff09\u6709\u9650\u516c\u53f8\",\"alternateName\":\"\u76db\u98de\u5149\u901f\u79d1\u6280\uff08\u6210\u90fd\uff09\u6709\u9650\u516c\u53f8\",\"url\":\"https:\/\/sunflaser.com\/\",\"logo\":{\"@type\":\"ImageObject\",\"inLanguage\":\"fr-FR\",\"@id\":\"https:\/\/sunflaser.com\/#\/schema\/logo\/image\/\",\"url\":\"https:\/\/sunflaser.com\/wp-content\/uploads\/2025\/05\/Modern-S-Letter-Logo.png\",\"contentUrl\":\"https:\/\/sunflaser.com\/wp-content\/uploads\/2025\/05\/Modern-S-Letter-Logo.png\",\"width\":1024,\"height\":289,\"caption\":\"\u76db\u98de\u5149\u901f\u79d1\u6280\uff08\u6210\u90fd\uff09\u6709\u9650\u516c\u53f8\"},\"image\":{\"@id\":\"https:\/\/sunflaser.com\/#\/schema\/logo\/image\/\"}}]}<\/script>\n<!-- \/ Yoast SEO Premium plugin. -->","yoast_head_json":{"title":"1064nm Handheld Laser Rangefinder 6km to 12km - SunFlaser Tech","robots":{"index":"index","follow":"follow","max-snippet":"max-snippet:-1","max-image-preview":"max-image-preview:large","max-video-preview":"max-video-preview:-1"},"canonical":"https:\/\/sunflaser.com\/fr\/shop\/1064nm-handheld-laser-rangefinder-6km-to-12km\/","og_locale":"fr_FR","og_type":"article","og_title":"1064nm Handheld Laser Rangefinder 6km to 12km","og_description":"The advanced Handheld Laser Rangefinder delivers \u200bmilitary-grade precision\u200b for long-distance measurement. Engineered with Nd:YAG laser technology (1064nm wavelength), it achieves \u200bunparalleled accuracy (\u00b10.5m)\u200b\u200b across ranges up to 12km\u2014ideal for critical applications in defense, surveying, and disaster response.","og_url":"https:\/\/sunflaser.com\/fr\/shop\/1064nm-handheld-laser-rangefinder-6km-to-12km\/","og_site_name":"SunFlaser Tech","article_modified_time":"2025-08-28T08:35:28+00:00","og_image":[{"width":1440,"height":1440,"url":"https:\/\/sunflaser.com\/wp-content\/uploads\/2025\/08\/1064nm-handheld-laser-rangefinder-612km.png","type":"image\/png"}],"twitter_card":"summary_large_image","twitter_misc":{"Dur\u00e9e de lecture estim\u00e9e":"2 minutes"},"schema":{"@context":"https:\/\/schema.org","@graph":[{"@type":"WebPage","@id":"https:\/\/sunflaser.com\/shop\/1064nm-handheld-laser-rangefinder-6km-to-12km\/","url":"https:\/\/sunflaser.com\/shop\/1064nm-handheld-laser-rangefinder-6km-to-12km\/","name":"1064nm Handheld Laser Rangefinder 6km to 12km - SunFlaser Tech","isPartOf":{"@id":"https:\/\/sunflaser.com\/#website"},"primaryImageOfPage":{"@id":"https:\/\/sunflaser.com\/shop\/1064nm-handheld-laser-rangefinder-6km-to-12km\/#primaryimage"},"image":{"@id":"https:\/\/sunflaser.com\/shop\/1064nm-handheld-laser-rangefinder-6km-to-12km\/#primaryimage"},"thumbnailUrl":"https:\/\/sunflaser.com\/wp-content\/uploads\/2025\/08\/1064nm-handheld-laser-rangefinder-612km.png","datePublished":"2025-08-26T12:05:23+00:00","dateModified":"2025-08-28T08:35:28+00:00","breadcrumb":{"@id":"https:\/\/sunflaser.com\/shop\/1064nm-handheld-laser-rangefinder-6km-to-12km\/#breadcrumb"},"inLanguage":"fr-FR","potentialAction":[{"@type":"ReadAction","target":["https:\/\/sunflaser.com\/shop\/1064nm-handheld-laser-rangefinder-6km-to-12km\/"]}]},{"@type":"ImageObject","inLanguage":"fr-FR","@id":"https:\/\/sunflaser.com\/shop\/1064nm-handheld-laser-rangefinder-6km-to-12km\/#primaryimage","url":"https:\/\/sunflaser.com\/wp-content\/uploads\/2025\/08\/1064nm-handheld-laser-rangefinder-612km.png","contentUrl":"https:\/\/sunflaser.com\/wp-content\/uploads\/2025\/08\/1064nm-handheld-laser-rangefinder-612km.png","width":1440,"height":1440,"caption":"1064nm handheld laser range finder 6~12km"},{"@type":"BreadcrumbList","@id":"https:\/\/sunflaser.com\/shop\/1064nm-handheld-laser-rangefinder-6km-to-12km\/#breadcrumb","itemListElement":[{"@type":"ListItem","position":1,"name":"\u9996\u9875","item":"https:\/\/sunflaser.com\/"},{"@type":"ListItem","position":2,"name":"Product","item":"https:\/\/sunflaser.com\/product\/"},{"@type":"ListItem","position":3,"name":"1064nm Handheld Laser Rangefinder 6km to 12km"}]},{"@type":"WebSite","@id":"https:\/\/sunflaser.com\/#website","url":"https:\/\/sunflaser.com\/","name":"SunFlaser Tech","description":"","publisher":{"@id":"https:\/\/sunflaser.com\/#organization"},"potentialAction":[{"@type":"SearchAction","target":{"@type":"EntryPoint","urlTemplate":"https:\/\/sunflaser.com\/?s={search_term_string}"},"query-input":{"@type":"PropertyValueSpecification","valueRequired":true,"valueName":"search_term_string"}}],"inLanguage":"fr-FR"},{"@type":"Organization","@id":"https:\/\/sunflaser.com\/#organization","name":"\u76db\u98de\u5149\u901f\u79d1\u6280\uff08\u6210\u90fd\uff09\u6709\u9650\u516c\u53f8","alternateName":"\u76db\u98de\u5149\u901f\u79d1\u6280\uff08\u6210\u90fd\uff09\u6709\u9650\u516c\u53f8","url":"https:\/\/sunflaser.com\/","logo":{"@type":"ImageObject","inLanguage":"fr-FR","@id":"https:\/\/sunflaser.com\/#\/schema\/logo\/image\/","url":"https:\/\/sunflaser.com\/wp-content\/uploads\/2025\/05\/Modern-S-Letter-Logo.png","contentUrl":"https:\/\/sunflaser.com\/wp-content\/uploads\/2025\/05\/Modern-S-Letter-Logo.png","width":1024,"height":289,"caption":"\u76db\u98de\u5149\u901f\u79d1\u6280\uff08\u6210\u90fd\uff09\u6709\u9650\u516c\u53f8"},"image":{"@id":"https:\/\/sunflaser.com\/#\/schema\/logo\/image\/"}}]}},"_links":{"self":[{"href":"https:\/\/sunflaser.com\/fr\/wp-json\/wp\/v2\/product\/8958","targetHints":{"allow":["GET"]}}],"collection":[{"href":"https:\/\/sunflaser.com\/fr\/wp-json\/wp\/v2\/product"}],"about":[{"href":"https:\/\/sunflaser.com\/fr\/wp-json\/wp\/v2\/types\/product"}],"replies":[{"embeddable":true,"href":"https:\/\/sunflaser.com\/fr\/wp-json\/wp\/v2\/comments?post=8958"}],"version-history":[{"count":0,"href":"https:\/\/sunflaser.com\/fr\/wp-json\/wp\/v2\/product\/8958\/revisions"}],"wp:featuredmedia":[{"embeddable":true,"href":"https:\/\/sunflaser.com\/fr\/wp-json\/wp\/v2\/media\/8973"}],"wp:attachment":[{"href":"https:\/\/sunflaser.com\/fr\/wp-json\/wp\/v2\/media?parent=8958"}],"wp:term":[{"taxonomy":"product_brand","embeddable":true,"href":"https:\/\/sunflaser.com\/fr\/wp-json\/wp\/v2\/product_brand?post=8958"},{"taxonomy":"product_cat","embeddable":true,"href":"https:\/\/sunflaser.com\/fr\/wp-json\/wp\/v2\/product_cat?post=8958"},{"taxonomy":"product_tag","embeddable":true,"href":"https:\/\/sunflaser.com\/fr\/wp-json\/wp\/v2\/product_tag?post=8958"}],"curies":[{"name":"wp","href":"https:\/\/api.w.org\/{rel}","templated":true}]}}