{"id":8258,"date":"2025-08-06T21:57:57","date_gmt":"2025-08-07T04:57:57","guid":{"rendered":"https:\/\/sunflaser.com\/?post_type=product&#038;p=8258"},"modified":"2025-09-23T00:09:07","modified_gmt":"2025-09-23T07:09:07","slug":"hw2-series-uncooled-ir-module","status":"publish","type":"product","link":"https:\/\/sunflaser.com\/fr\/shop\/hw2-series-uncooled-ir-module\/","title":{"rendered":"Module infrarouge non refroidi de la s\u00e9rie HW2"},"content":{"rendered":"<h3><strong>Principaux arguments de vente<\/strong><\/h3>\n<ul>\n<li>\u200b<strong>Conception optimis\u00e9e par SWaP<\/strong>: Taille\/poids\/puissance excellence -<strong>&lt;50g<\/strong>poids total.<strong>-40\u00b0C \u00e0 80\u00b0C<\/strong>gamme op\u00e9rationnelle.<\/li>\n<li>\u200b<strong>Flexibilit\u00e9 \"plug-and-play<\/strong>: Prise en charge de plusieurs interfaces (<strong>MIPI\/DVP\/USB<\/strong>) pour une int\u00e9gration rapide avec les plateformes d'IA.<\/li>\n<li>\u200b<strong>Clart\u00e9 de qualit\u00e9 militaire<\/strong>: Taux de rafra\u00eechissement \u00e9lev\u00e9 +<strong>Algorithme sans d\u00e9faut<\/strong>pour une imagerie fluide et sans artefacts.<\/li>\n<li>\u200b<strong>Innovation rentable<\/strong>:<strong>30% inf\u00e9rieur<\/strong>co\u00fbt de d\u00e9ploiement par rapport aux concurrents (puce ISP brevet\u00e9e + d\u00e9tecteur WLP).<\/li>\n<\/ul>\n<hr \/>\n<h3><strong>Faits saillants techniques<\/strong><\/h3>\n<h5>Les prouesses de l'imagerie<\/h5>\n<ul>\n<li>\u200b<strong>R\u00e9solutions<\/strong>: 640\u00d7512 \/ 384\u00d7288 \/ 256\u00d7192<\/li>\n<li>\u200b<strong>Plage de d\u00e9tection<\/strong>: Jusqu'\u00e0<strong>6,1 km<\/strong>(identification du pi\u00e9ton \u00e0 0,76 km avec un objectif de 55 mm).<\/li>\n<li>\u200b<strong>Traitement sans latence<\/strong>: R\u00e9duction du bruit embarqu\u00e9e + \u00e9talonnage dynamique.<\/li>\n<\/ul>\n<h5>Flexibilit\u00e9 modulaire<\/h5>\n<ul>\n<li>\u200b<strong>Options de l'objectif<\/strong>6 objectifs interchangeables (de 9,1 mm \u00e0 55 mm) - <em>Exemple : un objectif de 9,1 mm p\u00e8se<strong>10,5g\u00b15%<\/strong>, FOV 48\u00b0\u00d738.4\u00b0.<\/em><\/li>\n<li>\u200b<strong>Pr\u00eat pour le mat\u00e9riel<\/strong>: Supports<strong>CVBS\/I\u00b2C\/UART<\/strong>contr\u00f4le.<\/li>\n<\/ul>\n<hr \/>\n<h3><strong>Applications cl\u00e9s<\/strong><\/h3>\n<ul>\n<li>\u200b<strong>S\u00e9curit\u00e9 publique<\/strong>: Casques de pompiers, balayage du p\u00e9rim\u00e8tre.<\/li>\n<li>\u200b<strong>Charges utiles des drones<\/strong>: Recherche et sauvetage, inspection industrielle.<\/li>\n<li>\u200b<strong>Automobile<\/strong>: Vision nocturne pour la conduite assist\u00e9e.<\/li>\n<li>\u200b<strong>Appareils intelligents<\/strong>: D\u00e9tection thermique dans l'IoT\/la robotique.<\/li>\n<\/ul>\n<hr \/>\n<h3><strong>Sp\u00e9cifications techniques<\/strong><\/h3>\n\n<table id=\"tablepress-39\" class=\"tablepress tablepress-id-39\">\n<thead>\n<tr class=\"row-1\">\n\t<th class=\"column-1\"><strong>Param\u00e8tres<\/strong><\/th><th class=\"column-2\"><strong>Sp\u00e9cifications<\/strong><\/th>\n<\/tr>\n<\/thead>\n<tbody class=\"row-striping row-hover\">\n<tr class=\"row-2\">\n\t<td class=\"column-1\">\u200b<strong>Vue d'ensemble :<\/strong><\/td><td class=\"column-2\"><\/td>\n<\/tr>\n<tr class=\"row-3\">\n\t<td class=\"column-1\">Type de d\u00e9tecteur<\/td><td class=\"column-2\">D\u00e9tecteur \u00e0 plan focal infrarouge non refroidi \u00e0 l'oxyde de vanadium (VOx)<\/td>\n<\/tr>\n<tr class=\"row-4\">\n\t<td class=\"column-1\">R\u00e9solution<\/td><td class=\"column-2\">256\u00d7192 \/ 384\u00d7288 \/ 640\u00d7512<\/td>\n<\/tr>\n<tr class=\"row-5\">\n\t<td class=\"column-1\">D\u00e9tecteur Fr\u00e9quence d'images<\/td><td class=\"column-2\">25\/50Hz (256\u00d7192) \/ 30\/60Hz (384\u00d7288\/640\u00d7512)<\/td>\n<\/tr>\n<tr class=\"row-6\">\n\t<td class=\"column-1\">Hauteur du pixel<\/td><td class=\"column-2\">12\u03bcm<\/td>\n<\/tr>\n<tr class=\"row-7\">\n\t<td class=\"column-1\">Bande de r\u00e9ponse<\/td><td class=\"column-2\">8~14\u03bcm<\/td>\n<\/tr>\n<tr class=\"row-8\">\n\t<td class=\"column-1\">NETD (Noise Equivalent Temp Diff)<\/td><td class=\"column-2\">\u226440mK @25\u00b0C, F#1.0, 25Hz<\/td>\n<\/tr>\n<tr class=\"row-9\">\n\t<td class=\"column-1\">Constante de temps thermique<\/td><td class=\"column-2\">&lt;12ms<\/td>\n<\/tr>\n<tr class=\"row-10\">\n\t<td class=\"column-1\">\u200b<strong>Ajustement de l'image<\/strong>:<\/td><td class=\"column-2\"><\/td>\n<\/tr>\n<tr class=\"row-11\">\n\t<td class=\"column-1\">Correction de la non-uniformit\u00e9<\/td><td class=\"column-2\">Correction de l'obturateur \/ Algorithme sans b\u00e9gaiement<\/td>\n<\/tr>\n<tr class=\"row-12\">\n\t<td class=\"column-1\">R\u00e9glage de la luminosit\u00e9 et du contraste<\/td><td class=\"column-2\">0~100 niveaux r\u00e9glables<\/td>\n<\/tr>\n<tr class=\"row-13\">\n\t<td class=\"column-1\">Polarit\u00e9\/Pseudo-couleur<\/td><td class=\"column-2\">Blanc chaud \/ Noir chaud \/ Palettes de pseudo-couleurs multiples<\/td>\n<\/tr>\n<tr class=\"row-14\">\n\t<td class=\"column-1\">Zoom \u00e9lectronique<\/td><td class=\"column-2\">Zoom continu 1,0~8,0\u00d7 (pas de 0,1)<\/td>\n<\/tr>\n<tr class=\"row-15\">\n\t<td class=\"column-1\">Retournement d'image<\/td><td class=\"column-2\">Vertical \/ Horizontal \/ Diagonal<\/td>\n<\/tr>\n<tr class=\"row-16\">\n\t<td class=\"column-1\">\u200b<strong>Param\u00e8tres \u00e9lectriques :<\/strong><\/td><td class=\"column-2\"><\/td>\n<\/tr>\n<tr class=\"row-17\">\n\t<td class=\"column-1\">Sortie vid\u00e9o analogique<\/td><td class=\"column-2\">PAL \/ NTSC<\/td>\n<\/tr>\n<tr class=\"row-18\">\n\t<td class=\"column-1\">Interface vid\u00e9o num\u00e9rique<\/td><td class=\"column-2\">DVP \/ BT656 \/ USB2.0 \/ MIPI<\/td>\n<\/tr>\n<tr class=\"row-19\">\n\t<td class=\"column-1\">Interface de communication<\/td><td class=\"column-2\">UART \/ I\u00b2C \/ USB2.0<\/td>\n<\/tr>\n<tr class=\"row-20\">\n\t<td class=\"column-1\">Entr\u00e9e d'alimentation<\/td><td class=\"column-2\">5V DC<\/td>\n<\/tr>\n<tr class=\"row-21\">\n\t<td class=\"column-1\">Consommation \u00e9lectrique typique \u00e0 25\u00b0C<\/td><td class=\"column-2\">&lt;0.35W (256\u00d7192) \/ &lt;0.42W (384\u00d7288) \/ &lt;0.7W (640\u00d7512)<\/td>\n<\/tr>\n<tr class=\"row-22\">\n\t<td class=\"column-1\">\u200b<strong>Caract\u00e9ristiques physiques<\/strong>\u200b<\/td><td class=\"column-2\"><\/td>\n<\/tr>\n<tr class=\"row-23\">\n\t<td class=\"column-1\">Poids (sans objectif)<\/td><td class=\"column-2\"><7g (256\u00d7192384\u00d7288) >\n<\/tr>\n<tr class=\"row-24\">\n\t<td class=\"column-1\">Dimensions (sans objectif)<\/td><td class=\"column-2\">21\u00d721\u00d710,3 mm<\/td>\n<\/tr>\n<tr class=\"row-25\">\n\t<td class=\"column-1\">\u200b<strong>Conformit\u00e9 environnementale :<\/strong><\/td><td class=\"column-2\"><\/td>\n<\/tr>\n<tr class=\"row-26\">\n\t<td class=\"column-1\">Temp\u00e9rature de fonctionnement<\/td><td class=\"column-2\">-40\u00b0C ~ +80\u00b0C<\/td>\n<\/tr>\n<tr class=\"row-27\">\n\t<td class=\"column-1\">Temp\u00e9rature de stockage<\/td><td class=\"column-2\">-50\u00b0C ~ +85\u00b0C<\/td>\n<\/tr>\n<tr class=\"row-28\">\n\t<td class=\"column-1\">Humidit\u00e9<\/td><td class=\"column-2\">5%-95% RH (sans condensation)<\/td>\n<\/tr>\n<tr class=\"row-29\">\n\t<td class=\"column-1\">Vibrations<\/td><td class=\"column-2\">6,06g vibration al\u00e9atoire, tous les axes<\/td>\n<\/tr>\n<tr class=\"row-30\">\n\t<td class=\"column-1\">Choc<\/td><td class=\"column-2\">80g @4ms, forme d'onde en dents de scie, 3 axes (6 directions)<\/td>\n<\/tr>\n<\/tbody>\n<\/table>\n\n<p><em>Note : Tous les param\u00e8tres ont \u00e9t\u00e9 mesur\u00e9s en laboratoire. Les sp\u00e9cifications et m\u00e9thodes d'essai r\u00e9elles sont soumises aux rapports d'essai officiels.<\/em><\/p>","protected":false},"excerpt":{"rendered":"<div data-zone-id=\"0\" data-line-index=\"0\" data-line=\"true\">Les modules infrarouges non refroidis de la s\u00e9rie HW2 fournissent une imagerie thermique de haute performance dans trois r\u00e9solutions : 640\u00d7512, 384\u00d7288 et 256\u00d7192.<\/div>\n<div data-zone-id=\"0\" data-line-index=\"0\" data-line=\"true\">Ils utilisent des d\u00e9tecteurs WLP (Wafer-Level Packaging) propri\u00e9taires de 12\u03bcm, dot\u00e9s de taux de rafra\u00eechissement \u00e9lev\u00e9s et d'une puce ISP infrarouge interne de 2e g\u00e9n\u00e9ration.<\/div>\n<div data-zone-id=\"0\" data-line-index=\"1\" data-line=\"true\">Con\u00e7us pour une meilleure optimisation SWaP (taille, poids, puissance\/prix), ces modules compacts offrent une sensibilit\u00e9 thermique exceptionnelle, une tr\u00e8s faible consommation d'\u00e9nergie et un bon rapport co\u00fbt-efficacit\u00e9.<\/div>\n<div data-zone-id=\"0\" data-line-index=\"1\" data-line=\"true\">\u00c9quip\u00e9s d'algorithmes sans saccades et d'un traitement d'image de nouvelle g\u00e9n\u00e9ration sp\u00e9cifique \u00e0 l'IR, ils offrent des images fluides, sans artefacts, d'une clart\u00e9 et d'un niveau de d\u00e9tail remarquables.<\/div>\n<div data-zone-id=\"0\" data-line-index=\"2\" data-line=\"true\">Les interfaces num\u00e9riques flexibles permettent une int\u00e9gration plug-and-play transparente avec diverses plateformes intelligentes, adapt\u00e9es aux drones, aux syst\u00e8mes industriels et aux applications de s\u00e9curit\u00e9.<\/div>","protected":false},"featured_media":8268,"comment_status":"closed","ping_status":"closed","template":"","meta":[],"product_brand":[],"product_cat":[595],"product_tag":[],"class_list":{"0":"post-8258","1":"product","2":"type-product","3":"status-publish","4":"has-post-thumbnail","6":"product_cat-infrared-module-2","8":"first","9":"instock","10":"featured","11":"shipping-taxable","12":"product-type-simple"},"yoast_head":"<!-- This site is optimized with the Yoast SEO Premium plugin v24.8 (Yoast SEO v26.6) - https:\/\/yoast.com\/wordpress\/plugins\/seo\/ -->\n<title>\u200bHW2 Series Uncooled Infrared Module - SunFlaser Tech<\/title>\n<meta name=\"description\" content=\"HW2 Uncooled IR Modules: Lightweight thermal imaging cores (256\u00d7192 to 640\u00d7512 res) for drones, security &amp; robotics. \u200bSWaP-optimized, stutter-free imaging, plug-and-play interfaces.\" \/>\n<meta name=\"robots\" content=\"index, follow, max-snippet:-1, max-image-preview:large, max-video-preview:-1\" \/>\n<link rel=\"canonical\" href=\"https:\/\/sunflaser.com\/fr\/shop\/hw2-series-uncooled-ir-module\/\" \/>\n<meta property=\"og:locale\" content=\"fr_FR\" \/>\n<meta property=\"og:type\" content=\"article\" \/>\n<meta property=\"og:title\" content=\"\u200bHW2 Series Uncooled Infrared Module\" \/>\n<meta property=\"og:description\" content=\"HW2 Uncooled IR Modules: Lightweight thermal imaging cores (256\u00d7192 to 640\u00d7512 res) for drones, security &amp; robotics. \u200bSWaP-optimized, stutter-free imaging, plug-and-play interfaces.\" \/>\n<meta property=\"og:url\" content=\"https:\/\/sunflaser.com\/fr\/shop\/hw2-series-uncooled-ir-module\/\" \/>\n<meta property=\"og:site_name\" content=\"SunFlaser Tech\" \/>\n<meta property=\"article:modified_time\" content=\"2025-09-23T07:09:07+00:00\" \/>\n<meta property=\"og:image\" content=\"https:\/\/sunflaser.com\/wp-content\/uploads\/2025\/08\/IR-Module.jpg\" \/>\n\t<meta property=\"og:image:width\" content=\"1440\" \/>\n\t<meta property=\"og:image:height\" content=\"1440\" \/>\n\t<meta property=\"og:image:type\" content=\"image\/jpeg\" \/>\n<meta name=\"twitter:card\" content=\"summary_large_image\" \/>\n<meta name=\"twitter:label1\" content=\"Dur\u00e9e de lecture estim\u00e9e\" \/>\n\t<meta name=\"twitter:data1\" content=\"1 minute\" \/>\n<script type=\"application\/ld+json\" class=\"yoast-schema-graph\">{\"@context\":\"https:\/\/schema.org\",\"@graph\":[{\"@type\":\"WebPage\",\"@id\":\"https:\/\/sunflaser.com\/shop\/hw2-series-uncooled-ir-module\/\",\"url\":\"https:\/\/sunflaser.com\/shop\/hw2-series-uncooled-ir-module\/\",\"name\":\"\u200bHW2 Series Uncooled Infrared Module - SunFlaser Tech\",\"isPartOf\":{\"@id\":\"https:\/\/sunflaser.com\/#website\"},\"primaryImageOfPage\":{\"@id\":\"https:\/\/sunflaser.com\/shop\/hw2-series-uncooled-ir-module\/#primaryimage\"},\"image\":{\"@id\":\"https:\/\/sunflaser.com\/shop\/hw2-series-uncooled-ir-module\/#primaryimage\"},\"thumbnailUrl\":\"https:\/\/sunflaser.com\/wp-content\/uploads\/2025\/08\/IR-Module.jpg\",\"datePublished\":\"2025-08-07T04:57:57+00:00\",\"dateModified\":\"2025-09-23T07:09:07+00:00\",\"description\":\"HW2 Uncooled IR Modules: Lightweight thermal imaging cores (256\u00d7192 to 640\u00d7512 res) for drones, security & robotics. \u200bSWaP-optimized, stutter-free imaging, plug-and-play interfaces.\",\"breadcrumb\":{\"@id\":\"https:\/\/sunflaser.com\/shop\/hw2-series-uncooled-ir-module\/#breadcrumb\"},\"inLanguage\":\"fr-FR\",\"potentialAction\":[{\"@type\":\"ReadAction\",\"target\":[\"https:\/\/sunflaser.com\/shop\/hw2-series-uncooled-ir-module\/\"]}]},{\"@type\":\"ImageObject\",\"inLanguage\":\"fr-FR\",\"@id\":\"https:\/\/sunflaser.com\/shop\/hw2-series-uncooled-ir-module\/#primaryimage\",\"url\":\"https:\/\/sunflaser.com\/wp-content\/uploads\/2025\/08\/IR-Module.jpg\",\"contentUrl\":\"https:\/\/sunflaser.com\/wp-content\/uploads\/2025\/08\/IR-Module.jpg\",\"width\":1440,\"height\":1440,\"caption\":\"HW2 Uncooled IR Module | 256\u00d7192 to 640\u00d7512 Thermal Core for Drones & Security | SWaP-Optimized, Stutter-Free Imaging\"},{\"@type\":\"BreadcrumbList\",\"@id\":\"https:\/\/sunflaser.com\/shop\/hw2-series-uncooled-ir-module\/#breadcrumb\",\"itemListElement\":[{\"@type\":\"ListItem\",\"position\":1,\"name\":\"\u9996\u9875\",\"item\":\"https:\/\/sunflaser.com\/\"},{\"@type\":\"ListItem\",\"position\":2,\"name\":\"Product\",\"item\":\"https:\/\/sunflaser.com\/product\/\"},{\"@type\":\"ListItem\",\"position\":3,\"name\":\"\u200bHW2 Series Uncooled Infrared Module\"}]},{\"@type\":\"WebSite\",\"@id\":\"https:\/\/sunflaser.com\/#website\",\"url\":\"https:\/\/sunflaser.com\/\",\"name\":\"SunFlaser Tech\",\"description\":\"\",\"publisher\":{\"@id\":\"https:\/\/sunflaser.com\/#organization\"},\"potentialAction\":[{\"@type\":\"SearchAction\",\"target\":{\"@type\":\"EntryPoint\",\"urlTemplate\":\"https:\/\/sunflaser.com\/?s={search_term_string}\"},\"query-input\":{\"@type\":\"PropertyValueSpecification\",\"valueRequired\":true,\"valueName\":\"search_term_string\"}}],\"inLanguage\":\"fr-FR\"},{\"@type\":\"Organization\",\"@id\":\"https:\/\/sunflaser.com\/#organization\",\"name\":\"\u76db\u98de\u5149\u901f\u79d1\u6280\uff08\u6210\u90fd\uff09\u6709\u9650\u516c\u53f8\",\"alternateName\":\"\u76db\u98de\u5149\u901f\u79d1\u6280\uff08\u6210\u90fd\uff09\u6709\u9650\u516c\u53f8\",\"url\":\"https:\/\/sunflaser.com\/\",\"logo\":{\"@type\":\"ImageObject\",\"inLanguage\":\"fr-FR\",\"@id\":\"https:\/\/sunflaser.com\/#\/schema\/logo\/image\/\",\"url\":\"https:\/\/sunflaser.com\/wp-content\/uploads\/2025\/05\/Modern-S-Letter-Logo.png\",\"contentUrl\":\"https:\/\/sunflaser.com\/wp-content\/uploads\/2025\/05\/Modern-S-Letter-Logo.png\",\"width\":1024,\"height\":289,\"caption\":\"\u76db\u98de\u5149\u901f\u79d1\u6280\uff08\u6210\u90fd\uff09\u6709\u9650\u516c\u53f8\"},\"image\":{\"@id\":\"https:\/\/sunflaser.com\/#\/schema\/logo\/image\/\"}}]}<\/script>\n<!-- \/ Yoast SEO Premium plugin. -->","yoast_head_json":{"title":"\u200bHW2 Series Uncooled Infrared Module - SunFlaser Tech","description":"HW2 Uncooled IR Modules: Lightweight thermal imaging cores (256\u00d7192 to 640\u00d7512 res) for drones, security & robotics. \u200bSWaP-optimized, stutter-free imaging, plug-and-play interfaces.","robots":{"index":"index","follow":"follow","max-snippet":"max-snippet:-1","max-image-preview":"max-image-preview:large","max-video-preview":"max-video-preview:-1"},"canonical":"https:\/\/sunflaser.com\/fr\/shop\/hw2-series-uncooled-ir-module\/","og_locale":"fr_FR","og_type":"article","og_title":"\u200bHW2 Series Uncooled Infrared Module","og_description":"HW2 Uncooled IR Modules: Lightweight thermal imaging cores (256\u00d7192 to 640\u00d7512 res) for drones, security & robotics. \u200bSWaP-optimized, stutter-free imaging, plug-and-play interfaces.","og_url":"https:\/\/sunflaser.com\/fr\/shop\/hw2-series-uncooled-ir-module\/","og_site_name":"SunFlaser Tech","article_modified_time":"2025-09-23T07:09:07+00:00","og_image":[{"width":1440,"height":1440,"url":"https:\/\/sunflaser.com\/wp-content\/uploads\/2025\/08\/IR-Module.jpg","type":"image\/jpeg"}],"twitter_card":"summary_large_image","twitter_misc":{"Dur\u00e9e de lecture estim\u00e9e":"1 minute"},"schema":{"@context":"https:\/\/schema.org","@graph":[{"@type":"WebPage","@id":"https:\/\/sunflaser.com\/shop\/hw2-series-uncooled-ir-module\/","url":"https:\/\/sunflaser.com\/shop\/hw2-series-uncooled-ir-module\/","name":"\u200bHW2 Series Uncooled Infrared Module - SunFlaser Tech","isPartOf":{"@id":"https:\/\/sunflaser.com\/#website"},"primaryImageOfPage":{"@id":"https:\/\/sunflaser.com\/shop\/hw2-series-uncooled-ir-module\/#primaryimage"},"image":{"@id":"https:\/\/sunflaser.com\/shop\/hw2-series-uncooled-ir-module\/#primaryimage"},"thumbnailUrl":"https:\/\/sunflaser.com\/wp-content\/uploads\/2025\/08\/IR-Module.jpg","datePublished":"2025-08-07T04:57:57+00:00","dateModified":"2025-09-23T07:09:07+00:00","description":"HW2 Uncooled IR Modules: Lightweight thermal imaging cores (256\u00d7192 to 640\u00d7512 res) for drones, security & robotics. \u200bSWaP-optimized, stutter-free imaging, plug-and-play interfaces.","breadcrumb":{"@id":"https:\/\/sunflaser.com\/shop\/hw2-series-uncooled-ir-module\/#breadcrumb"},"inLanguage":"fr-FR","potentialAction":[{"@type":"ReadAction","target":["https:\/\/sunflaser.com\/shop\/hw2-series-uncooled-ir-module\/"]}]},{"@type":"ImageObject","inLanguage":"fr-FR","@id":"https:\/\/sunflaser.com\/shop\/hw2-series-uncooled-ir-module\/#primaryimage","url":"https:\/\/sunflaser.com\/wp-content\/uploads\/2025\/08\/IR-Module.jpg","contentUrl":"https:\/\/sunflaser.com\/wp-content\/uploads\/2025\/08\/IR-Module.jpg","width":1440,"height":1440,"caption":"HW2 Uncooled IR Module | 256\u00d7192 to 640\u00d7512 Thermal Core for Drones & Security | SWaP-Optimized, Stutter-Free Imaging"},{"@type":"BreadcrumbList","@id":"https:\/\/sunflaser.com\/shop\/hw2-series-uncooled-ir-module\/#breadcrumb","itemListElement":[{"@type":"ListItem","position":1,"name":"\u9996\u9875","item":"https:\/\/sunflaser.com\/"},{"@type":"ListItem","position":2,"name":"Product","item":"https:\/\/sunflaser.com\/product\/"},{"@type":"ListItem","position":3,"name":"\u200bHW2 Series Uncooled Infrared Module"}]},{"@type":"WebSite","@id":"https:\/\/sunflaser.com\/#website","url":"https:\/\/sunflaser.com\/","name":"SunFlaser Tech","description":"","publisher":{"@id":"https:\/\/sunflaser.com\/#organization"},"potentialAction":[{"@type":"SearchAction","target":{"@type":"EntryPoint","urlTemplate":"https:\/\/sunflaser.com\/?s={search_term_string}"},"query-input":{"@type":"PropertyValueSpecification","valueRequired":true,"valueName":"search_term_string"}}],"inLanguage":"fr-FR"},{"@type":"Organization","@id":"https:\/\/sunflaser.com\/#organization","name":"\u76db\u98de\u5149\u901f\u79d1\u6280\uff08\u6210\u90fd\uff09\u6709\u9650\u516c\u53f8","alternateName":"\u76db\u98de\u5149\u901f\u79d1\u6280\uff08\u6210\u90fd\uff09\u6709\u9650\u516c\u53f8","url":"https:\/\/sunflaser.com\/","logo":{"@type":"ImageObject","inLanguage":"fr-FR","@id":"https:\/\/sunflaser.com\/#\/schema\/logo\/image\/","url":"https:\/\/sunflaser.com\/wp-content\/uploads\/2025\/05\/Modern-S-Letter-Logo.png","contentUrl":"https:\/\/sunflaser.com\/wp-content\/uploads\/2025\/05\/Modern-S-Letter-Logo.png","width":1024,"height":289,"caption":"\u76db\u98de\u5149\u901f\u79d1\u6280\uff08\u6210\u90fd\uff09\u6709\u9650\u516c\u53f8"},"image":{"@id":"https:\/\/sunflaser.com\/#\/schema\/logo\/image\/"}}]}},"_links":{"self":[{"href":"https:\/\/sunflaser.com\/fr\/wp-json\/wp\/v2\/product\/8258","targetHints":{"allow":["GET"]}}],"collection":[{"href":"https:\/\/sunflaser.com\/fr\/wp-json\/wp\/v2\/product"}],"about":[{"href":"https:\/\/sunflaser.com\/fr\/wp-json\/wp\/v2\/types\/product"}],"replies":[{"embeddable":true,"href":"https:\/\/sunflaser.com\/fr\/wp-json\/wp\/v2\/comments?post=8258"}],"version-history":[{"count":0,"href":"https:\/\/sunflaser.com\/fr\/wp-json\/wp\/v2\/product\/8258\/revisions"}],"wp:featuredmedia":[{"embeddable":true,"href":"https:\/\/sunflaser.com\/fr\/wp-json\/wp\/v2\/media\/8268"}],"wp:attachment":[{"href":"https:\/\/sunflaser.com\/fr\/wp-json\/wp\/v2\/media?parent=8258"}],"wp:term":[{"taxonomy":"product_brand","embeddable":true,"href":"https:\/\/sunflaser.com\/fr\/wp-json\/wp\/v2\/product_brand?post=8258"},{"taxonomy":"product_cat","embeddable":true,"href":"https:\/\/sunflaser.com\/fr\/wp-json\/wp\/v2\/product_cat?post=8258"},{"taxonomy":"product_tag","embeddable":true,"href":"https:\/\/sunflaser.com\/fr\/wp-json\/wp\/v2\/product_tag?post=8258"}],"curies":[{"name":"wp","href":"https:\/\/api.w.org\/{rel}","templated":true}]}}