{"id":7592,"date":"2025-06-29T23:22:40","date_gmt":"2025-06-30T06:22:40","guid":{"rendered":"https:\/\/sunflaser.com\/?post_type=product&#038;p=7592"},"modified":"2025-06-29T23:22:41","modified_gmt":"2025-06-30T06:22:41","slug":"electro-optical-pod-sfeagle380a","status":"publish","type":"product","link":"https:\/\/sunflaser.com\/fr\/shop\/electro-optical-pod-sfeagle380a\/","title":{"rendered":"Pod \u00e9lectro-optique SFEAGLE380A"},"content":{"rendered":"<h3><strong>Principaux arguments de vente<\/strong>\u200b<\/h3>\n<ul>\n<li><strong>20 km Port\u00e9e de d\u00e9signation du laser<\/strong>\u200b<br \/>\n\u2192 \u2265110mJ \u00e9nergie d'impulsion<strong>(1064 nm) permet un guidage pr\u00e9cis des munitions de classe JAGM\/Hellfire au-del\u00e0 de la ligne de vis\u00e9e.<\/strong><\/li>\n<li>Stabilisation ultra-haute<strong>\u200b<br \/>\n\u2192<\/strong>\u226425\u03bcrad RMS<strong>(valid\u00e9e selon la norme MIL-STD-704F) maintient le verrouillage pendant les man\u0153uvres d'\u00e9vitement.<\/strong><\/li>\n<li><strong>\u200b<\/strong>Port\u00e9e de d\u00e9tection \u00e9tendue<strong>\u200b<br \/>\n\u2192 Identifier les v\u00e9hicules \u00e0<\/strong>18 km<strong>(IR) \/<\/strong>15 km<strong>(visible) - <em>40% au-del\u00e0 des concurrents de m\u00eame poids<\/em>.<\/strong><\/li>\n<li><strong>\u200b<\/strong>\u00c9valuation rapide des dommages caus\u00e9s par les combats (BDA)<strong>\u200b<br \/>\n\u2192 L'enregistrement HD en temps r\u00e9el avec des m\u00e9tadonn\u00e9es marqu\u00e9es par les coordonn\u00e9es permet de rationaliser l'analyse apr\u00e8s la frappe.<\/strong><\/li>\n<li>Class\u00e9 pour les environnements extr\u00eames<strong>\u200b<br \/>\n\u2192 Op\u00e9rationnel \u00e0 partir de<\/strong>-40\u00b0C \u00e0 +60\u00b0C - \u00e9prouv\u00e9 dans les th\u00e9\u00e2tres arctiques et d\u00e9sertiques.<\/li>\n<\/ul>\n<hr \/>\n<h3>\u200b<strong>Capacit\u00e9s essentielles \u00e0 la mission<\/strong>\u200b<\/h3>\n<ul>\n<li>\u200b<strong>Ciblage de toutes les phases.<\/strong>Recherche \u2192 Poursuite \u2192 D\u00e9signation au laser \u2192 BDA<\/li>\n<li>\u200b<strong>Suivi assorti de l'IA.<\/strong>Modes balayage\/verrouillage\/suivi automatique + priorisation multi-cibles<\/li>\n<li>\u200b<strong>Synchronisation du ciblage g\u00e9ographique.<\/strong>Fusibles avec GPS\/INS pour une pr\u00e9cision CEP &lt;5m<\/li>\n<li>\u200b<strong>Optimis\u00e9 par SWaP.<\/strong>\u200b \u200b<strong>Puissance de cr\u00eate &lt;600W<\/strong>(laser actif) |<strong>Compatibilit\u00e9 28VDC<\/strong><\/li>\n<\/ul>\n<hr \/>\n<h3>\u200b<strong>Sp\u00e9cifications techniques<\/strong>\u200b<\/h3>\n<div class=\"hyc-common-markdown__table-wrapper\" data-has-scroll=\"false\">\n<table>\n<tbody>\n<tr>\n<td rowspan=\"10\" width=\"99\"><strong><b>Indicateurs de syst\u00e8me<\/b><\/strong><\/td>\n<td width=\"178\">Plage de pivotement<\/td>\n<td width=\"194\">Rotation azimutale continue de 360 degr\u00e9s<\/td>\n<\/tr>\n<tr>\n<td width=\"178\">Angle d'inclinaison<\/td>\n<td width=\"194\">-20\u00b0~+110\u00b0(0\u00b0 en position horizontale avant, positif pour le haut, n\u00e9gatif pour le bas)<\/td>\n<\/tr>\n<tr>\n<td width=\"178\">Vitesse angulaire maximale de recherche<\/td>\n<td width=\"194\">\u226560\u00b0\/s<\/td>\n<\/tr>\n<tr>\n<td width=\"178\">Vitesse angulaire maximale de suivi<\/td>\n<td width=\"194\">\u226510\u00b0\/s<\/td>\n<\/tr>\n<tr>\n<td width=\"178\">\u00a0Pr\u00e9cision stable<\/td>\n<td width=\"194\">\u226425\u03bcrad\uff08RMS\uff09<\/td>\n<\/tr>\n<tr>\n<td width=\"178\">Pr\u00e9cision du suivi<\/td>\n<td width=\"194\">\u22640.1mrad\uff08RMS\uff09<\/td>\n<\/tr>\n<tr>\n<td width=\"178\">Alimentation \u00e9lectrique<\/td>\n<td width=\"194\">28VDC<\/td>\n<\/tr>\n<tr>\n<td width=\"178\">Consommation \u00e9lectrique<\/td>\n<td width=\"194\">&lt;200W\uff08non-lasing mode\uff09,&lt;600W\uff08durant le fonctionnement du laser\uff09<\/td>\n<\/tr>\n<tr>\n<td width=\"178\">Poids<\/td>\n<td width=\"194\">&lt;40kg<\/td>\n<\/tr>\n<tr>\n<td width=\"178\">Taille<\/td>\n<td width=\"194\">\u03a6380mm\u00d7272.9mm<\/td>\n<\/tr>\n<tr>\n<td rowspan=\"2\" width=\"99\"><strong><b>Capacit\u00e9 d'adaptation \u00e0 l'environnement<\/b><\/strong><\/td>\n<td width=\"178\">Temp\u00e9rature de fonctionnement<\/td>\n<td width=\"194\">-40\u2103~+60\u2103<\/td>\n<\/tr>\n<tr>\n<td width=\"178\">Temp\u00e9rature de stockage<\/td>\n<td width=\"194\">-50\u2103~+70\u2103<\/td>\n<\/tr>\n<tr>\n<td rowspan=\"3\" width=\"99\"><strong><b>Imagerie en lumi\u00e8re visible<\/b><\/strong><\/td>\n<td width=\"178\">R\u00e9solution<\/td>\n<td width=\"194\">1920\u00d71080<\/td>\n<\/tr>\n<tr>\n<td width=\"178\">Longueur d'onde<\/td>\n<td width=\"194\">0,4\u03bcm~0,9\u03bcm<\/td>\n<\/tr>\n<tr>\n<td width=\"178\">Couverture de la gamme<\/td>\n<td width=\"194\">Port\u00e9e de d\u00e9tection : \u226518km.<br \/>\nPort\u00e9e d'identification : \u226515km<\/p>\n<p>&nbsp;<\/p>\n<p>(Conditions : Visibilit\u00e9 \u226523 km, humidit\u00e9 relative \u226470%, diff\u00e9rence de temp\u00e9rature de 5K entre la cible et l'arri\u00e8re-plan, test\u00e9 sur une cible de 4 m\u00d76 m).<\/td>\n<\/tr>\n<tr>\n<td rowspan=\"3\" width=\"99\"><strong><b>Imagerie thermique infrarouge<\/b><\/strong><\/td>\n<td width=\"178\">R\u00e9solution<\/td>\n<td width=\"194\">640\u00d7512<\/td>\n<\/tr>\n<tr>\n<td width=\"178\">Longueur d'onde<\/td>\n<td width=\"194\">3\u03bcm\uff5e5\u03bcm<\/td>\n<\/tr>\n<tr>\n<td width=\"178\">Couverture de la gamme<\/td>\n<td width=\"194\">Port\u00e9e de d\u00e9tection : \u226518km.<br \/>\nPort\u00e9e d'identification:\u226514km<\/p>\n<p>&nbsp;<\/p>\n<p>(Conditions : Visibilit\u00e9 \u226523 km, humidit\u00e9 relative \u226470%, diff\u00e9rence de temp\u00e9rature de 5K entre la cible et l'arri\u00e8re-plan, test\u00e9 sur une cible de 4 m\u00d76 m).<\/td>\n<\/tr>\n<tr>\n<td rowspan=\"3\" width=\"99\"><strong><b>Irradiation laser<\/b><\/strong><\/td>\n<td width=\"178\">Bande de fonctionnement<\/td>\n<td width=\"194\">1064nm<\/td>\n<\/tr>\n<tr>\n<td width=\"178\">\u00c9nergie d'impulsion<\/td>\n<td width=\"194\">\u2265110mJ<\/td>\n<\/tr>\n<tr>\n<td width=\"178\">Plage de port\u00e9e<\/td>\n<td width=\"194\">100m~20000m<\/td>\n<\/tr>\n<\/tbody>\n<\/table>\n<p>Note : Nous offrons des services professionnels OEM\/ODM, y compris la conception de solutions et la fabrication de tous les produits, et disposons d'une \u00e9quipe d'assistance technique compl\u00e8te.<\/p>\n<hr \/>\n<\/div>\n<h3><strong>Applications<\/strong>\u200b<\/h3>\n<ul>\n<li>\u200b<strong>Op\u00e9rations de drones MALE.<\/strong>Coordination des frappes de la classe Reaper\/Grey Eagle<\/li>\n<li>\u200b<strong>Forces sp\u00e9ciales.<\/strong>D\u00e9signation laser pour le soutien a\u00e9rien des forces d'op\u00e9rations sp\u00e9ciales (par exemple, AC-130)<\/li>\n<li>\u200b<strong>Groupes d'intervention navale.<\/strong>Acquisition de cibles c\u00f4ti\u00e8res pour les missiles NSM\/JSM<\/li>\n<li>\u200b<strong>Observateurs avanc\u00e9s de l'artillerie.<\/strong>Correction de l'incendie au-del\u00e0 de la ligne de vis\u00e9e<\/li>\n<li>\u200b<strong>Infrastructures critiques.<\/strong>Surveillance de la s\u00e9curit\u00e9 des centrales \u00e9lectriques et des pipelines<\/li>\n<\/ul>\n<hr \/>\n<h3>\u200b<strong>Flux de travail op\u00e9rationnel<\/strong>\u200b<\/h3>\n<ul>\n<li>\u200b<strong>D\u00e9tecter.<\/strong>Balayage IR\/visible \u00e0 une vitesse de recherche de 60\u00b0\/s<\/li>\n<li>\u200b<strong>Verrouiller.<\/strong>Suivi automatique des cibles en mouvement (10\u00b0\/s)<\/li>\n<li>\u200b<strong>D\u00e9signer.<\/strong>Illumination laser pour les munitions guid\u00e9es par GPS\/INS<\/li>\n<li>\u200b<strong>\u00c9valuer.<\/strong>Enregistrement de s\u00e9quences BDA HD g\u00e9olocalis\u00e9es<\/li>\n<\/ul>\n<hr \/>\n<h3>\u200b<strong>Int\u00e9gration et soutien :<\/strong>\u200b<\/h3>\n<ul>\n<li>Sortie de donn\u00e9es conforme \u00e0 la norme STANAG 7023<\/li>\n<li>Prise en charge de l'API pour l'int\u00e9gration d'ATAK\/KILSWITCH<\/li>\n<li>Assistance technique mondiale 24 heures sur 24, 7 jours sur 7, avec un accord de niveau de service (SLA) de 12 heures.<\/li>\n<\/ul>\n<hr \/>","protected":false},"excerpt":{"rendered":"<p>La nacelle photo\u00e9lectrique SFEAGLE380A peut effectuer une reconnaissance et une surveillance de jour comme de nuit du champ de bataille par divers moyens tels que l'infrarouge et l'optique. Il peut rechercher, suivre et localiser des cibles au sol, guider des armes \u00e0 guidage laser pour frapper les cibles et \u00e9valuer les dommages caus\u00e9s par le point d'explosion apr\u00e8s la frappe de la puissance de feu. Il s'agit d'un \u00e9quipement de reconnaissance embarqu\u00e9 important qui permet d'effectuer des frappes pr\u00e9cises dans des conditions informatis\u00e9es.<\/p>","protected":false},"featured_media":7594,"comment_status":"closed","ping_status":"closed","template":"","meta":[],"product_brand":[],"product_cat":[15],"product_tag":[],"class_list":{"0":"post-7592","1":"product","2":"type-product","3":"status-publish","4":"has-post-thumbnail","6":"product_cat-electro-optical-pod-product","8":"first","9":"instock","10":"shipping-taxable","11":"product-type-simple"},"yoast_head":"<!-- This site is optimized with the Yoast SEO Premium plugin v24.8 (Yoast SEO v26.6) - https:\/\/yoast.com\/wordpress\/plugins\/seo\/ -->\n<title>Electro-Optical Pod SFEAGLE380A - SunFlaser Tech<\/title>\n<meta name=\"robots\" content=\"index, follow, max-snippet:-1, max-image-preview:large, max-video-preview:-1\" \/>\n<link rel=\"canonical\" href=\"https:\/\/sunflaser.com\/fr\/shop\/electro-optical-pod-sfeagle380a\/\" \/>\n<meta property=\"og:locale\" content=\"fr_FR\" \/>\n<meta property=\"og:type\" content=\"article\" \/>\n<meta property=\"og:title\" content=\"Electro-Optical Pod SFEAGLE380A\" \/>\n<meta property=\"og:description\" content=\"The SFEAGLE380A photoelectric pod can conduct day-and-night reconnaissance and surveillance of the battlefield through various means such as infrared and optics. It can search, track and locate ground targets, guide laser-guided weapons to strike the targets, and evaluate the damage effect of the explosion point after the firepower strike. It is an important onboard reconnaissance equipment for carrying out precise strike tasks under the informationized conditions.\" \/>\n<meta property=\"og:url\" content=\"https:\/\/sunflaser.com\/fr\/shop\/electro-optical-pod-sfeagle380a\/\" \/>\n<meta property=\"og:site_name\" content=\"SunFlaser Tech\" \/>\n<meta property=\"article:modified_time\" content=\"2025-06-30T06:22:41+00:00\" \/>\n<meta property=\"og:image\" content=\"https:\/\/sunflaser.com\/wp-content\/uploads\/2025\/06\/SFEAGLE380A.png\" \/>\n\t<meta property=\"og:image:width\" content=\"800\" \/>\n\t<meta property=\"og:image:height\" content=\"800\" \/>\n\t<meta property=\"og:image:type\" content=\"image\/png\" \/>\n<meta name=\"twitter:card\" content=\"summary_large_image\" \/>\n<meta name=\"twitter:label1\" content=\"Dur\u00e9e de lecture estim\u00e9e\" \/>\n\t<meta name=\"twitter:data1\" content=\"2 minutes\" \/>\n<script type=\"application\/ld+json\" class=\"yoast-schema-graph\">{\"@context\":\"https:\/\/schema.org\",\"@graph\":[{\"@type\":\"WebPage\",\"@id\":\"https:\/\/sunflaser.com\/fr\/shop\/electro-optical-pod-sfeagle380a\/\",\"url\":\"https:\/\/sunflaser.com\/fr\/shop\/electro-optical-pod-sfeagle380a\/\",\"name\":\"Electro-Optical Pod SFEAGLE380A - SunFlaser Tech\",\"isPartOf\":{\"@id\":\"https:\/\/sunflaser.com\/#website\"},\"primaryImageOfPage\":{\"@id\":\"https:\/\/sunflaser.com\/fr\/shop\/electro-optical-pod-sfeagle380a\/#primaryimage\"},\"image\":{\"@id\":\"https:\/\/sunflaser.com\/fr\/shop\/electro-optical-pod-sfeagle380a\/#primaryimage\"},\"thumbnailUrl\":\"https:\/\/sunflaser.com\/wp-content\/uploads\/2025\/06\/SFEAGLE380A.png\",\"datePublished\":\"2025-06-30T06:22:40+00:00\",\"dateModified\":\"2025-06-30T06:22:41+00:00\",\"breadcrumb\":{\"@id\":\"https:\/\/sunflaser.com\/fr\/shop\/electro-optical-pod-sfeagle380a\/#breadcrumb\"},\"inLanguage\":\"fr-FR\",\"potentialAction\":[{\"@type\":\"ReadAction\",\"target\":[\"https:\/\/sunflaser.com\/fr\/shop\/electro-optical-pod-sfeagle380a\/\"]}]},{\"@type\":\"ImageObject\",\"inLanguage\":\"fr-FR\",\"@id\":\"https:\/\/sunflaser.com\/fr\/shop\/electro-optical-pod-sfeagle380a\/#primaryimage\",\"url\":\"https:\/\/sunflaser.com\/wp-content\/uploads\/2025\/06\/SFEAGLE380A.png\",\"contentUrl\":\"https:\/\/sunflaser.com\/wp-content\/uploads\/2025\/06\/SFEAGLE380A.png\",\"width\":800,\"height\":800},{\"@type\":\"BreadcrumbList\",\"@id\":\"https:\/\/sunflaser.com\/fr\/shop\/electro-optical-pod-sfeagle380a\/#breadcrumb\",\"itemListElement\":[{\"@type\":\"ListItem\",\"position\":1,\"name\":\"\u9996\u9875\",\"item\":\"https:\/\/sunflaser.com\/\"},{\"@type\":\"ListItem\",\"position\":2,\"name\":\"Product\",\"item\":\"https:\/\/sunflaser.com\/product\/\"},{\"@type\":\"ListItem\",\"position\":3,\"name\":\"Electro-Optical Pod SFEAGLE380A\"}]},{\"@type\":\"WebSite\",\"@id\":\"https:\/\/sunflaser.com\/#website\",\"url\":\"https:\/\/sunflaser.com\/\",\"name\":\"SunFlaser Tech\",\"description\":\"\",\"publisher\":{\"@id\":\"https:\/\/sunflaser.com\/#organization\"},\"potentialAction\":[{\"@type\":\"SearchAction\",\"target\":{\"@type\":\"EntryPoint\",\"urlTemplate\":\"https:\/\/sunflaser.com\/?s={search_term_string}\"},\"query-input\":{\"@type\":\"PropertyValueSpecification\",\"valueRequired\":true,\"valueName\":\"search_term_string\"}}],\"inLanguage\":\"fr-FR\"},{\"@type\":\"Organization\",\"@id\":\"https:\/\/sunflaser.com\/#organization\",\"name\":\"\u76db\u98de\u5149\u901f\u79d1\u6280\uff08\u6210\u90fd\uff09\u6709\u9650\u516c\u53f8\",\"alternateName\":\"\u76db\u98de\u5149\u901f\u79d1\u6280\uff08\u6210\u90fd\uff09\u6709\u9650\u516c\u53f8\",\"url\":\"https:\/\/sunflaser.com\/\",\"logo\":{\"@type\":\"ImageObject\",\"inLanguage\":\"fr-FR\",\"@id\":\"https:\/\/sunflaser.com\/#\/schema\/logo\/image\/\",\"url\":\"https:\/\/sunflaser.com\/wp-content\/uploads\/2025\/05\/Modern-S-Letter-Logo.png\",\"contentUrl\":\"https:\/\/sunflaser.com\/wp-content\/uploads\/2025\/05\/Modern-S-Letter-Logo.png\",\"width\":1024,\"height\":289,\"caption\":\"\u76db\u98de\u5149\u901f\u79d1\u6280\uff08\u6210\u90fd\uff09\u6709\u9650\u516c\u53f8\"},\"image\":{\"@id\":\"https:\/\/sunflaser.com\/#\/schema\/logo\/image\/\"}}]}<\/script>\n<!-- \/ Yoast SEO Premium plugin. -->","yoast_head_json":{"title":"Electro-Optical Pod SFEAGLE380A - SunFlaser Tech","robots":{"index":"index","follow":"follow","max-snippet":"max-snippet:-1","max-image-preview":"max-image-preview:large","max-video-preview":"max-video-preview:-1"},"canonical":"https:\/\/sunflaser.com\/fr\/shop\/electro-optical-pod-sfeagle380a\/","og_locale":"fr_FR","og_type":"article","og_title":"Electro-Optical Pod SFEAGLE380A","og_description":"The SFEAGLE380A photoelectric pod can conduct day-and-night reconnaissance and surveillance of the battlefield through various means such as infrared and optics. It can search, track and locate ground targets, guide laser-guided weapons to strike the targets, and evaluate the damage effect of the explosion point after the firepower strike. It is an important onboard reconnaissance equipment for carrying out precise strike tasks under the informationized conditions.","og_url":"https:\/\/sunflaser.com\/fr\/shop\/electro-optical-pod-sfeagle380a\/","og_site_name":"SunFlaser Tech","article_modified_time":"2025-06-30T06:22:41+00:00","og_image":[{"width":800,"height":800,"url":"https:\/\/sunflaser.com\/wp-content\/uploads\/2025\/06\/SFEAGLE380A.png","type":"image\/png"}],"twitter_card":"summary_large_image","twitter_misc":{"Dur\u00e9e de lecture estim\u00e9e":"2 minutes"},"schema":{"@context":"https:\/\/schema.org","@graph":[{"@type":"WebPage","@id":"https:\/\/sunflaser.com\/fr\/shop\/electro-optical-pod-sfeagle380a\/","url":"https:\/\/sunflaser.com\/fr\/shop\/electro-optical-pod-sfeagle380a\/","name":"Electro-Optical Pod SFEAGLE380A - SunFlaser Tech","isPartOf":{"@id":"https:\/\/sunflaser.com\/#website"},"primaryImageOfPage":{"@id":"https:\/\/sunflaser.com\/fr\/shop\/electro-optical-pod-sfeagle380a\/#primaryimage"},"image":{"@id":"https:\/\/sunflaser.com\/fr\/shop\/electro-optical-pod-sfeagle380a\/#primaryimage"},"thumbnailUrl":"https:\/\/sunflaser.com\/wp-content\/uploads\/2025\/06\/SFEAGLE380A.png","datePublished":"2025-06-30T06:22:40+00:00","dateModified":"2025-06-30T06:22:41+00:00","breadcrumb":{"@id":"https:\/\/sunflaser.com\/fr\/shop\/electro-optical-pod-sfeagle380a\/#breadcrumb"},"inLanguage":"fr-FR","potentialAction":[{"@type":"ReadAction","target":["https:\/\/sunflaser.com\/fr\/shop\/electro-optical-pod-sfeagle380a\/"]}]},{"@type":"ImageObject","inLanguage":"fr-FR","@id":"https:\/\/sunflaser.com\/fr\/shop\/electro-optical-pod-sfeagle380a\/#primaryimage","url":"https:\/\/sunflaser.com\/wp-content\/uploads\/2025\/06\/SFEAGLE380A.png","contentUrl":"https:\/\/sunflaser.com\/wp-content\/uploads\/2025\/06\/SFEAGLE380A.png","width":800,"height":800},{"@type":"BreadcrumbList","@id":"https:\/\/sunflaser.com\/fr\/shop\/electro-optical-pod-sfeagle380a\/#breadcrumb","itemListElement":[{"@type":"ListItem","position":1,"name":"\u9996\u9875","item":"https:\/\/sunflaser.com\/"},{"@type":"ListItem","position":2,"name":"Product","item":"https:\/\/sunflaser.com\/product\/"},{"@type":"ListItem","position":3,"name":"Electro-Optical Pod SFEAGLE380A"}]},{"@type":"WebSite","@id":"https:\/\/sunflaser.com\/#website","url":"https:\/\/sunflaser.com\/","name":"SunFlaser Tech","description":"","publisher":{"@id":"https:\/\/sunflaser.com\/#organization"},"potentialAction":[{"@type":"SearchAction","target":{"@type":"EntryPoint","urlTemplate":"https:\/\/sunflaser.com\/?s={search_term_string}"},"query-input":{"@type":"PropertyValueSpecification","valueRequired":true,"valueName":"search_term_string"}}],"inLanguage":"fr-FR"},{"@type":"Organization","@id":"https:\/\/sunflaser.com\/#organization","name":"\u76db\u98de\u5149\u901f\u79d1\u6280\uff08\u6210\u90fd\uff09\u6709\u9650\u516c\u53f8","alternateName":"\u76db\u98de\u5149\u901f\u79d1\u6280\uff08\u6210\u90fd\uff09\u6709\u9650\u516c\u53f8","url":"https:\/\/sunflaser.com\/","logo":{"@type":"ImageObject","inLanguage":"fr-FR","@id":"https:\/\/sunflaser.com\/#\/schema\/logo\/image\/","url":"https:\/\/sunflaser.com\/wp-content\/uploads\/2025\/05\/Modern-S-Letter-Logo.png","contentUrl":"https:\/\/sunflaser.com\/wp-content\/uploads\/2025\/05\/Modern-S-Letter-Logo.png","width":1024,"height":289,"caption":"\u76db\u98de\u5149\u901f\u79d1\u6280\uff08\u6210\u90fd\uff09\u6709\u9650\u516c\u53f8"},"image":{"@id":"https:\/\/sunflaser.com\/#\/schema\/logo\/image\/"}}]}},"_links":{"self":[{"href":"https:\/\/sunflaser.com\/fr\/wp-json\/wp\/v2\/product\/7592","targetHints":{"allow":["GET"]}}],"collection":[{"href":"https:\/\/sunflaser.com\/fr\/wp-json\/wp\/v2\/product"}],"about":[{"href":"https:\/\/sunflaser.com\/fr\/wp-json\/wp\/v2\/types\/product"}],"replies":[{"embeddable":true,"href":"https:\/\/sunflaser.com\/fr\/wp-json\/wp\/v2\/comments?post=7592"}],"version-history":[{"count":0,"href":"https:\/\/sunflaser.com\/fr\/wp-json\/wp\/v2\/product\/7592\/revisions"}],"wp:featuredmedia":[{"embeddable":true,"href":"https:\/\/sunflaser.com\/fr\/wp-json\/wp\/v2\/media\/7594"}],"wp:attachment":[{"href":"https:\/\/sunflaser.com\/fr\/wp-json\/wp\/v2\/media?parent=7592"}],"wp:term":[{"taxonomy":"product_brand","embeddable":true,"href":"https:\/\/sunflaser.com\/fr\/wp-json\/wp\/v2\/product_brand?post=7592"},{"taxonomy":"product_cat","embeddable":true,"href":"https:\/\/sunflaser.com\/fr\/wp-json\/wp\/v2\/product_cat?post=7592"},{"taxonomy":"product_tag","embeddable":true,"href":"https:\/\/sunflaser.com\/fr\/wp-json\/wp\/v2\/product_tag?post=7592"}],"curies":[{"name":"wp","href":"https:\/\/api.w.org\/{rel}","templated":true}]}}