{"id":7588,"date":"2025-06-29T22:55:20","date_gmt":"2025-06-30T05:55:20","guid":{"rendered":"https:\/\/sunflaser.com\/?post_type=product&#038;p=7588"},"modified":"2025-09-26T01:40:56","modified_gmt":"2025-09-26T08:40:56","slug":"electro-optical-pod-sfeagle280a","status":"publish","type":"product","link":"https:\/\/sunflaser.com\/fr\/shop\/electro-optical-pod-sfeagle280a\/","title":{"rendered":"Pod \u00e9lectro-optique SFEAGLE280A"},"content":{"rendered":"<h3><strong>Principaux arguments de vente<\/strong><\/h3>\n<ul>\n<li>\u200b<strong>Pr\u00e9cision accrue de la stabilisation<\/strong>\u200b<br \/>\n\u2192<strong>\u226435\u03bcrad RMS<\/strong>(sup\u00e9rieure aux normes STANAG 4691 de l'OTAN) garantit la nettet\u00e9 de l'image lors des man\u0153uvres \u00e0 grande vitesse.<\/li>\n<li>\u200b<strong>Fusion des trois capteurs<\/strong>\u200b<br \/>\n\u2192 Les canaux visibles, infrarouges et laser synchronis\u00e9s permettent une transition transparente entre la d\u00e9tection, l'identification et le ciblage.<\/li>\n<li><strong>Technologie laser sans danger pour les yeux<\/strong>\u200b<br \/>\n\u2192<strong>Longueur d'onde 1535nm<\/strong>(conforme \u00e0 la norme IEC 60825) minimise les risques collat\u00e9raux lors d'op\u00e9rations en zone urbaine ou rapproch\u00e9e.<\/li>\n<li>\u200b<strong>Robuste et l\u00e9ger<\/strong>\u200b<br \/>\n\u2192<strong>&lt;16kg<\/strong>poids et compacit\u00e9<strong>\u03a6280mm\u00d7405.5mm<\/strong>r\u00e9duisent la charge utile des plates-formes tactiques.<\/li>\n<li><strong>Profil de faible puissance<\/strong>\u200b<br \/>\n\u2192<strong>Alimentation 28VDC<\/strong>\u200b | \u200b<strong>&lt;300W cr\u00eate<\/strong>id\u00e9al pour les missions prolong\u00e9es avec des budgets d'\u00e9nergie limit\u00e9s.<\/li>\n<li><strong>Architecture pr\u00eate \u00e0 \u00eatre d\u00e9ploy\u00e9e.<\/strong>\u2192 API ouverte pour l'int\u00e9gration avec les syst\u00e8mes C4ISR (par exemple, ATAK, IVAS)<\/li>\n<\/ul>\n<p style=\"padding-left: 40px;\">\u2192 Liaisons de donn\u00e9es et normes de cryptage personnalisables<\/p>\n<p style=\"padding-left: 40px;\">\u2192 Diagnostic embarqu\u00e9 pour la maintenance sur le terrain<\/p>\n<hr \/>\n<h3>\u200b<strong>Fonctions militaires essentielles<\/strong>\u200b<\/h3>\n<ul>\n<li>Bimode<strong>autofocus et zoom continu<\/strong>pour l'optique visible\/IR<\/li>\n<li>\u200b<strong>Suivi assist\u00e9 par l'IA<\/strong>(modes verrouillage, balayage et poursuite automatique)<\/li>\n<li>\u200b<strong>Ciblage g\u00e9ographique<\/strong>fusionn\u00e9es avec les donn\u00e9es GPS\/INS de la plate-forme<\/li>\n<li>\u200b<strong>Enregistrement HD + exportation de donn\u00e9es<\/strong>pour l'analyse post-mission (essentielle pour les AAR)<\/li>\n<li>\u200b<strong>D\u00e9tection de cibles multiples<\/strong>avec alerte prioritaire<\/li>\n<\/ul>\n<hr \/>\n<h3><strong>Sp\u00e9cifications techniques<\/strong>\u200b<\/h3>\n\n<table id=\"tablepress-44\" class=\"tablepress tablepress-id-44\">\n<thead>\n<tr class=\"row-1\">\n\t<th class=\"column-1\"><strong>Param\u00e8tres<\/strong><\/th><th class=\"column-2\"><strong>Sp\u00e9cifications<\/strong><\/th>\n<\/tr>\n<\/thead>\n<tbody class=\"row-striping row-hover\">\n<tr class=\"row-2\">\n\t<td class=\"column-1\"><strong>Indicateurs du syst\u00e8me :<\/strong><\/td><td class=\"column-2\"><\/td>\n<\/tr>\n<tr class=\"row-3\">\n\t<td class=\"column-1\">Plage de pivotement<\/td><td class=\"column-2\">Azimut : 360\u00b0 en continu<\/td>\n<\/tr>\n<tr class=\"row-4\">\n\t<td class=\"column-1\">Angle d'inclinaison<\/td><td class=\"column-2\">+20\u00b0 ~ -110\u00b0 (0\u00b0 est horizontal vers l'avant, positif vers le haut, n\u00e9gatif vers le bas)<\/td>\n<\/tr>\n<tr class=\"row-5\">\n\t<td class=\"column-1\">Vitesse angulaire maximale de recherche<\/td><td class=\"column-2\">\u226560\u00b0\/s<\/td>\n<\/tr>\n<tr class=\"row-6\">\n\t<td class=\"column-1\">Vitesse angulaire maximale de suivi<\/td><td class=\"column-2\">\u226510\u00b0\/s<\/td>\n<\/tr>\n<tr class=\"row-7\">\n\t<td class=\"column-1\">Pr\u00e9cision stable<\/td><td class=\"column-2\">\u226435 \u03bcrad\uff08RMS\uff09<\/td>\n<\/tr>\n<tr class=\"row-8\">\n\t<td class=\"column-1\">Pr\u00e9cision du suivi<\/td><td class=\"column-2\">\u22640.1mrad\uff08RMS\uff09<\/td>\n<\/tr>\n<tr class=\"row-9\">\n\t<td class=\"column-1\">Alimentation \u00e9lectrique<\/td><td class=\"column-2\">28VDC<\/td>\n<\/tr>\n<tr class=\"row-10\">\n\t<td class=\"column-1\">Consommation \u00e9lectrique<\/td><td class=\"column-2\">&lt; 200W (moyenne), &lt; 300W (cr\u00eate)<\/td>\n<\/tr>\n<tr class=\"row-11\">\n\t<td class=\"column-1\">Poids<\/td><td class=\"column-2\">&lt;16kg<\/td>\n<\/tr>\n<tr class=\"row-12\">\n\t<td class=\"column-1\">Taille<\/td><td class=\"column-2\">\u03a6280mm\u00d7405.5mm<\/td>\n<\/tr>\n<tr class=\"row-13\">\n\t<td class=\"column-1\"><strong>Capacit\u00e9 d'adaptation \u00e0 l'environnement :<\/strong><\/td><td class=\"column-2\"><\/td>\n<\/tr>\n<tr class=\"row-14\">\n\t<td class=\"column-1\">Temp\u00e9rature de fonctionnement<\/td><td class=\"column-2\">-40\u2103~+55\u2103<\/td>\n<\/tr>\n<tr class=\"row-15\">\n\t<td class=\"column-1\">Temp\u00e9rature de stockage<\/td><td class=\"column-2\">-45\u2103~+65\u2103<\/td>\n<\/tr>\n<tr class=\"row-16\">\n\t<td class=\"column-1\"><strong>Imagerie en lumi\u00e8re visible :<\/strong><\/td><td class=\"column-2\"><\/td>\n<\/tr>\n<tr class=\"row-17\">\n\t<td class=\"column-1\">R\u00e9solution<\/td><td class=\"column-2\">1920\u00d71080<\/td>\n<\/tr>\n<tr class=\"row-18\">\n\t<td class=\"column-1\">Longueur d'onde<\/td><td class=\"column-2\">0,4\u03bcm~0,7\u03bcm<\/td>\n<\/tr>\n<tr class=\"row-19\">\n\t<td class=\"column-1\">Couverture de la gamme<\/td><td class=\"column-2\">Port\u00e9e de d\u00e9tection : \u2265 10km<br \/>\nPort\u00e9e de reconnaissance : \u2265 7km<br \/>\n(Pour une cible de 4m\u00d76m, avec une visibilit\u00e9 \u2265 23km et une humidit\u00e9 relative \u2264 70%).<\/td>\n<\/tr>\n<tr class=\"row-20\">\n\t<td class=\"column-1\"><strong>Imagerie thermique infrarouge :<\/strong><\/td><td class=\"column-2\"><\/td>\n<\/tr>\n<tr class=\"row-21\">\n\t<td class=\"column-1\">R\u00e9solution<\/td><td class=\"column-2\">640\u00d7512<\/td>\n<\/tr>\n<tr class=\"row-22\">\n\t<td class=\"column-1\">Longueur d'onde<\/td><td class=\"column-2\">3\u03bcm~5\u03bcm<\/td>\n<\/tr>\n<tr class=\"row-23\">\n\t<td class=\"column-1\">Couverture de la gamme<\/td><td class=\"column-2\">Port\u00e9e de d\u00e9tection : \u2265 9km<br \/>\nPort\u00e9e de reconnaissance : \u2265 6km<br \/>\n(Pour une cible de 4m\u00d76m avec une diff\u00e9rence de 5K par rapport \u00e0 l'arri\u00e8re-plan, sous une visibilit\u00e9 \u2265 23km et une humidit\u00e9 relative \u2264 70%).<\/td>\n<\/tr>\n<tr class=\"row-24\">\n\t<td class=\"column-1\"><strong>T\u00e9l\u00e9m\u00e9trie laser :<\/strong><\/td><td class=\"column-2\"><\/td>\n<\/tr>\n<tr class=\"row-25\">\n\t<td class=\"column-1\">Longueur d'onde<\/td><td class=\"column-2\">1535nm<\/td>\n<\/tr>\n<tr class=\"row-26\">\n\t<td class=\"column-1\">Plage de port\u00e9e<\/td><td class=\"column-2\">100m~10 000m<\/td>\n<\/tr>\n<\/tbody>\n<\/table>\n\n<p>Note : Nous offrons des services professionnels OEM\/ODM, y compris la conception de solutions et la fabrication de tous les produits, et disposons d'une \u00e9quipe d'assistance technique compl\u00e8te.<\/p>\n<hr \/>\n<h3><strong>Applications<\/strong>\u200b<\/h3>\n<ul>\n<li>\u200b<strong>Int\u00e9gration UAS\/UGV.<\/strong>Coordination de l'ISR et de l'appui-feu \u00e0 long terme<\/li>\n<li>\u200b<strong>Border\/Coastal S\u00e9curit\u00e9.<\/strong>D\u00e9tection des passages ill\u00e9gaux, patrouilles de nuit<\/li>\n<li>\u200b<strong>Application de la loi.<\/strong>Sauvetage d'otages, recherche de fugitifs<\/li>\n<li>\u200b<strong>Infrastructures critiques.<\/strong>Surveillance des pipelines et des centrales \u00e9lectriques<\/li>\n<li>\u200b<strong>R\u00e9ponse aux catastrophes.<\/strong>Recherche et sauvetage dans des conditions de fum\u00e9e\/poussi\u00e8re<\/li>\n<\/ul>","protected":false},"excerpt":{"rendered":"<p>La cam\u00e9ra \u00e0 cardan SFEAGLE280A est \u00e9quip\u00e9e d'une t\u00e9l\u00e9vision \u00e0 lumi\u00e8re visible, d'une cam\u00e9ra thermique infrarouge r\u00e9frig\u00e9r\u00e9e et d'un t\u00e9l\u00e9m\u00e8tre laser. Elle offre des fonctions telles que la reconnaissance diurne et nocturne, la t\u00e9l\u00e9m\u00e9trie et le positionnement des cibles, ainsi qu'une stabilit\u00e9 de plate-forme de haute pr\u00e9cision. Il pr\u00e9sente une bonne stabilit\u00e9 de l'axe horizontal, un excellent effet d'observation, une polyvalence et une grande fiabilit\u00e9. Il peut \u00eatre utilis\u00e9 pour effectuer des t\u00e2ches telles que la recherche, la capture, l'identification et le suivi de cibles, et peut \u00eatre install\u00e9 sur divers a\u00e9ronefs, v\u00e9hicules et plates-formes embarqu\u00e9es.<\/p>","protected":false},"featured_media":7560,"comment_status":"closed","ping_status":"closed","template":"","meta":[],"product_brand":[],"product_cat":[15],"product_tag":[],"class_list":{"0":"post-7588","1":"product","2":"type-product","3":"status-publish","4":"has-post-thumbnail","6":"product_cat-electro-optical-pod-product","8":"first","9":"instock","10":"shipping-taxable","11":"product-type-simple"},"yoast_head":"<!-- This site is optimized with the Yoast SEO Premium plugin v24.8 (Yoast SEO v26.6) - https:\/\/yoast.com\/wordpress\/plugins\/seo\/ -->\n<title>Electro-Optical Pod SFEAGLE280A - SunFlaser Tech<\/title>\n<meta name=\"robots\" content=\"index, follow, max-snippet:-1, max-image-preview:large, max-video-preview:-1\" \/>\n<link rel=\"canonical\" href=\"https:\/\/sunflaser.com\/fr\/shop\/electro-optical-pod-sfeagle280a\/\" \/>\n<meta property=\"og:locale\" content=\"fr_FR\" \/>\n<meta property=\"og:type\" content=\"article\" \/>\n<meta property=\"og:title\" content=\"Electro-Optical Pod SFEAGLE280A\" \/>\n<meta property=\"og:description\" content=\"The SFEAGLE280A\u00a0 gimbal camera is equipped with visible light television, refrigerated infrared thermal imager and laser rangefinder. It features functions such as day and night reconnaissance, target ranging, target positioning, and high-precision platform stability. It has good horizontal axis stability, excellent observation effect, versatility and high reliability. It can be used to perform tasks such as target search, capture, identification and tracking, and is suitable for installation on various aircraft, vehicles and shipborne platforms.\" \/>\n<meta property=\"og:url\" content=\"https:\/\/sunflaser.com\/fr\/shop\/electro-optical-pod-sfeagle280a\/\" \/>\n<meta property=\"og:site_name\" content=\"SunFlaser Tech\" \/>\n<meta property=\"article:modified_time\" content=\"2025-09-26T08:40:56+00:00\" \/>\n<meta property=\"og:image\" content=\"https:\/\/sunflaser.com\/wp-content\/uploads\/2025\/04\/SFEAGLE280A.png\" \/>\n\t<meta property=\"og:image:width\" content=\"800\" \/>\n\t<meta property=\"og:image:height\" content=\"800\" \/>\n\t<meta property=\"og:image:type\" content=\"image\/png\" \/>\n<meta name=\"twitter:card\" content=\"summary_large_image\" \/>\n<meta name=\"twitter:label1\" content=\"Dur\u00e9e de lecture estim\u00e9e\" \/>\n\t<meta name=\"twitter:data1\" content=\"2 minutes\" \/>\n<script type=\"application\/ld+json\" class=\"yoast-schema-graph\">{\"@context\":\"https:\/\/schema.org\",\"@graph\":[{\"@type\":\"WebPage\",\"@id\":\"https:\/\/sunflaser.com\/shop\/electro-optical-pod-sfeagle280a\/\",\"url\":\"https:\/\/sunflaser.com\/shop\/electro-optical-pod-sfeagle280a\/\",\"name\":\"Electro-Optical Pod SFEAGLE280A - SunFlaser Tech\",\"isPartOf\":{\"@id\":\"https:\/\/sunflaser.com\/#website\"},\"primaryImageOfPage\":{\"@id\":\"https:\/\/sunflaser.com\/shop\/electro-optical-pod-sfeagle280a\/#primaryimage\"},\"image\":{\"@id\":\"https:\/\/sunflaser.com\/shop\/electro-optical-pod-sfeagle280a\/#primaryimage\"},\"thumbnailUrl\":\"https:\/\/sunflaser.com\/wp-content\/uploads\/2025\/04\/SFEAGLE280A.png\",\"datePublished\":\"2025-06-30T05:55:20+00:00\",\"dateModified\":\"2025-09-26T08:40:56+00:00\",\"breadcrumb\":{\"@id\":\"https:\/\/sunflaser.com\/shop\/electro-optical-pod-sfeagle280a\/#breadcrumb\"},\"inLanguage\":\"fr-FR\",\"potentialAction\":[{\"@type\":\"ReadAction\",\"target\":[\"https:\/\/sunflaser.com\/shop\/electro-optical-pod-sfeagle280a\/\"]}]},{\"@type\":\"ImageObject\",\"inLanguage\":\"fr-FR\",\"@id\":\"https:\/\/sunflaser.com\/shop\/electro-optical-pod-sfeagle280a\/#primaryimage\",\"url\":\"https:\/\/sunflaser.com\/wp-content\/uploads\/2025\/04\/SFEAGLE280A.png\",\"contentUrl\":\"https:\/\/sunflaser.com\/wp-content\/uploads\/2025\/04\/SFEAGLE280A.png\",\"width\":800,\"height\":800},{\"@type\":\"BreadcrumbList\",\"@id\":\"https:\/\/sunflaser.com\/shop\/electro-optical-pod-sfeagle280a\/#breadcrumb\",\"itemListElement\":[{\"@type\":\"ListItem\",\"position\":1,\"name\":\"\u9996\u9875\",\"item\":\"https:\/\/sunflaser.com\/\"},{\"@type\":\"ListItem\",\"position\":2,\"name\":\"Product\",\"item\":\"https:\/\/sunflaser.com\/product\/\"},{\"@type\":\"ListItem\",\"position\":3,\"name\":\"Electro-Optical Pod SFEAGLE280A\"}]},{\"@type\":\"WebSite\",\"@id\":\"https:\/\/sunflaser.com\/#website\",\"url\":\"https:\/\/sunflaser.com\/\",\"name\":\"SunFlaser Tech\",\"description\":\"\",\"publisher\":{\"@id\":\"https:\/\/sunflaser.com\/#organization\"},\"potentialAction\":[{\"@type\":\"SearchAction\",\"target\":{\"@type\":\"EntryPoint\",\"urlTemplate\":\"https:\/\/sunflaser.com\/?s={search_term_string}\"},\"query-input\":{\"@type\":\"PropertyValueSpecification\",\"valueRequired\":true,\"valueName\":\"search_term_string\"}}],\"inLanguage\":\"fr-FR\"},{\"@type\":\"Organization\",\"@id\":\"https:\/\/sunflaser.com\/#organization\",\"name\":\"\u76db\u98de\u5149\u901f\u79d1\u6280\uff08\u6210\u90fd\uff09\u6709\u9650\u516c\u53f8\",\"alternateName\":\"\u76db\u98de\u5149\u901f\u79d1\u6280\uff08\u6210\u90fd\uff09\u6709\u9650\u516c\u53f8\",\"url\":\"https:\/\/sunflaser.com\/\",\"logo\":{\"@type\":\"ImageObject\",\"inLanguage\":\"fr-FR\",\"@id\":\"https:\/\/sunflaser.com\/#\/schema\/logo\/image\/\",\"url\":\"https:\/\/sunflaser.com\/wp-content\/uploads\/2025\/05\/Modern-S-Letter-Logo.png\",\"contentUrl\":\"https:\/\/sunflaser.com\/wp-content\/uploads\/2025\/05\/Modern-S-Letter-Logo.png\",\"width\":1024,\"height\":289,\"caption\":\"\u76db\u98de\u5149\u901f\u79d1\u6280\uff08\u6210\u90fd\uff09\u6709\u9650\u516c\u53f8\"},\"image\":{\"@id\":\"https:\/\/sunflaser.com\/#\/schema\/logo\/image\/\"}}]}<\/script>\n<!-- \/ Yoast SEO Premium plugin. -->","yoast_head_json":{"title":"Electro-Optical Pod SFEAGLE280A - SunFlaser Tech","robots":{"index":"index","follow":"follow","max-snippet":"max-snippet:-1","max-image-preview":"max-image-preview:large","max-video-preview":"max-video-preview:-1"},"canonical":"https:\/\/sunflaser.com\/fr\/shop\/electro-optical-pod-sfeagle280a\/","og_locale":"fr_FR","og_type":"article","og_title":"Electro-Optical Pod SFEAGLE280A","og_description":"The SFEAGLE280A\u00a0 gimbal camera is equipped with visible light television, refrigerated infrared thermal imager and laser rangefinder. It features functions such as day and night reconnaissance, target ranging, target positioning, and high-precision platform stability. It has good horizontal axis stability, excellent observation effect, versatility and high reliability. It can be used to perform tasks such as target search, capture, identification and tracking, and is suitable for installation on various aircraft, vehicles and shipborne platforms.","og_url":"https:\/\/sunflaser.com\/fr\/shop\/electro-optical-pod-sfeagle280a\/","og_site_name":"SunFlaser Tech","article_modified_time":"2025-09-26T08:40:56+00:00","og_image":[{"width":800,"height":800,"url":"https:\/\/sunflaser.com\/wp-content\/uploads\/2025\/04\/SFEAGLE280A.png","type":"image\/png"}],"twitter_card":"summary_large_image","twitter_misc":{"Dur\u00e9e de lecture estim\u00e9e":"2 minutes"},"schema":{"@context":"https:\/\/schema.org","@graph":[{"@type":"WebPage","@id":"https:\/\/sunflaser.com\/shop\/electro-optical-pod-sfeagle280a\/","url":"https:\/\/sunflaser.com\/shop\/electro-optical-pod-sfeagle280a\/","name":"Electro-Optical Pod SFEAGLE280A - SunFlaser Tech","isPartOf":{"@id":"https:\/\/sunflaser.com\/#website"},"primaryImageOfPage":{"@id":"https:\/\/sunflaser.com\/shop\/electro-optical-pod-sfeagle280a\/#primaryimage"},"image":{"@id":"https:\/\/sunflaser.com\/shop\/electro-optical-pod-sfeagle280a\/#primaryimage"},"thumbnailUrl":"https:\/\/sunflaser.com\/wp-content\/uploads\/2025\/04\/SFEAGLE280A.png","datePublished":"2025-06-30T05:55:20+00:00","dateModified":"2025-09-26T08:40:56+00:00","breadcrumb":{"@id":"https:\/\/sunflaser.com\/shop\/electro-optical-pod-sfeagle280a\/#breadcrumb"},"inLanguage":"fr-FR","potentialAction":[{"@type":"ReadAction","target":["https:\/\/sunflaser.com\/shop\/electro-optical-pod-sfeagle280a\/"]}]},{"@type":"ImageObject","inLanguage":"fr-FR","@id":"https:\/\/sunflaser.com\/shop\/electro-optical-pod-sfeagle280a\/#primaryimage","url":"https:\/\/sunflaser.com\/wp-content\/uploads\/2025\/04\/SFEAGLE280A.png","contentUrl":"https:\/\/sunflaser.com\/wp-content\/uploads\/2025\/04\/SFEAGLE280A.png","width":800,"height":800},{"@type":"BreadcrumbList","@id":"https:\/\/sunflaser.com\/shop\/electro-optical-pod-sfeagle280a\/#breadcrumb","itemListElement":[{"@type":"ListItem","position":1,"name":"\u9996\u9875","item":"https:\/\/sunflaser.com\/"},{"@type":"ListItem","position":2,"name":"Product","item":"https:\/\/sunflaser.com\/product\/"},{"@type":"ListItem","position":3,"name":"Electro-Optical Pod SFEAGLE280A"}]},{"@type":"WebSite","@id":"https:\/\/sunflaser.com\/#website","url":"https:\/\/sunflaser.com\/","name":"SunFlaser Tech","description":"","publisher":{"@id":"https:\/\/sunflaser.com\/#organization"},"potentialAction":[{"@type":"SearchAction","target":{"@type":"EntryPoint","urlTemplate":"https:\/\/sunflaser.com\/?s={search_term_string}"},"query-input":{"@type":"PropertyValueSpecification","valueRequired":true,"valueName":"search_term_string"}}],"inLanguage":"fr-FR"},{"@type":"Organization","@id":"https:\/\/sunflaser.com\/#organization","name":"\u76db\u98de\u5149\u901f\u79d1\u6280\uff08\u6210\u90fd\uff09\u6709\u9650\u516c\u53f8","alternateName":"\u76db\u98de\u5149\u901f\u79d1\u6280\uff08\u6210\u90fd\uff09\u6709\u9650\u516c\u53f8","url":"https:\/\/sunflaser.com\/","logo":{"@type":"ImageObject","inLanguage":"fr-FR","@id":"https:\/\/sunflaser.com\/#\/schema\/logo\/image\/","url":"https:\/\/sunflaser.com\/wp-content\/uploads\/2025\/05\/Modern-S-Letter-Logo.png","contentUrl":"https:\/\/sunflaser.com\/wp-content\/uploads\/2025\/05\/Modern-S-Letter-Logo.png","width":1024,"height":289,"caption":"\u76db\u98de\u5149\u901f\u79d1\u6280\uff08\u6210\u90fd\uff09\u6709\u9650\u516c\u53f8"},"image":{"@id":"https:\/\/sunflaser.com\/#\/schema\/logo\/image\/"}}]}},"_links":{"self":[{"href":"https:\/\/sunflaser.com\/fr\/wp-json\/wp\/v2\/product\/7588","targetHints":{"allow":["GET"]}}],"collection":[{"href":"https:\/\/sunflaser.com\/fr\/wp-json\/wp\/v2\/product"}],"about":[{"href":"https:\/\/sunflaser.com\/fr\/wp-json\/wp\/v2\/types\/product"}],"replies":[{"embeddable":true,"href":"https:\/\/sunflaser.com\/fr\/wp-json\/wp\/v2\/comments?post=7588"}],"version-history":[{"count":0,"href":"https:\/\/sunflaser.com\/fr\/wp-json\/wp\/v2\/product\/7588\/revisions"}],"wp:featuredmedia":[{"embeddable":true,"href":"https:\/\/sunflaser.com\/fr\/wp-json\/wp\/v2\/media\/7560"}],"wp:attachment":[{"href":"https:\/\/sunflaser.com\/fr\/wp-json\/wp\/v2\/media?parent=7588"}],"wp:term":[{"taxonomy":"product_brand","embeddable":true,"href":"https:\/\/sunflaser.com\/fr\/wp-json\/wp\/v2\/product_brand?post=7588"},{"taxonomy":"product_cat","embeddable":true,"href":"https:\/\/sunflaser.com\/fr\/wp-json\/wp\/v2\/product_cat?post=7588"},{"taxonomy":"product_tag","embeddable":true,"href":"https:\/\/sunflaser.com\/fr\/wp-json\/wp\/v2\/product_tag?post=7588"}],"curies":[{"name":"wp","href":"https:\/\/api.w.org\/{rel}","templated":true}]}}