{"id":7586,"date":"2025-06-29T22:41:10","date_gmt":"2025-06-30T05:41:10","guid":{"rendered":"https:\/\/sunflaser.com\/?post_type=product&#038;p=7586"},"modified":"2025-09-26T00:51:43","modified_gmt":"2025-09-26T07:51:43","slug":"electro-optical-pod-sfeagle260a","status":"publish","type":"product","link":"https:\/\/sunflaser.com\/fr\/shop\/electro-optical-pod-sfeagle260a\/","title":{"rendered":"Pod \u00e9lectro-optique SFEAGLE260A"},"content":{"rendered":"<h3>Principaux arguments de vente<\/h3>\n<ul>\n<li><strong>Conception ultra-l\u00e9g\u00e8re<\/strong>-<strong>Poids total de 13 kg<\/strong>(30% plus l\u00e9ger que les syst\u00e8mes comparables) permet d'allonger les temps de vol des drones\/avions \u00e0 voilure tournante.<\/li>\n<li><strong>Stabilit\u00e9 de niveau militaire<\/strong>- La pr\u00e9cision de stabilisation \u226440\u03bcrad RMS (\u00b10,0023\u00b0) garantit un ciblage clair dans des conditions turbulentes.<\/li>\n<li><strong>Fusion des trois capteurs<\/strong>- Int\u00e9gration transparente des<strong>Lumi\u00e8re visible HD (1920\u00d71080)<\/strong>, ,<strong>Imageur thermique IR refroidi (640\u00d7512)<\/strong>, et<strong>D\u00e9signateur laser de 1,064\u03bcm<\/strong>.<\/li>\n<li><strong>Pr\u00eat pour les environnements extr\u00eames<\/strong>- Op\u00e9rationnel \u00e0 partir de<strong>-40\u00b0C \u00e0 +55\u00b0C<\/strong>(d\u00e9ploiement de l'Arctique au d\u00e9sert).<\/li>\n<li><strong>Port\u00e9e du laser 12000m<\/strong>- Ciblage \u00e0 la plus longue distance de sa cat\u00e9gorie (pr\u00e9cision de \u00b10,5 m).<\/li>\n<\/ul>\n<hr \/>\n<h3>Applications cl\u00e9s<\/h3>\n<ul>\n<li>ISR militaire (renseignement, surveillance, reconnaissance)<\/li>\n<li>Patrouille frontali\u00e8re et surveillance des c\u00f4tes<\/li>\n<li>Op\u00e9rations de recherche et de sauvetage<\/li>\n<li>Protection des infrastructures critiques<\/li>\n<li>Surveillance des incendies de for\u00eat (d\u00e9tection thermique)<\/li>\n<\/ul>\n<hr \/>\n<h3>La sup\u00e9riorit\u00e9 technique en action<\/h3>\n<ol>\n<li>\u200b<strong>Scanner et verrouiller<\/strong>- Suivi automatique de la cible \u00e0 une vitesse de balayage \u226560\u00b0\/s<\/li>\n<li>\u200b<strong>G\u00e9olocalisation<\/strong>- Cartographie des coordonn\u00e9es GPS en temps r\u00e9el (compatible avec les normes STANAG de l'OTAN)<\/li>\n<li>\u200b<strong>Traitement multi-cibles<\/strong>- Suivi simultan\u00e9 de plus de 5 objets avec hi\u00e9rarchisation des menaces<\/li>\n<li>\u200b<strong>Guidage par laser<\/strong>- Peindre des cibles pour les munitions \u00e0 guidage de pr\u00e9cision<\/li>\n<\/ol>\n<hr \/>\n<h3>Sp\u00e9cifications<\/h3>\n<div class=\"hyc-common-markdown__table-wrapper\" data-has-scroll=\"false\">\n\n<table id=\"tablepress-46\" class=\"tablepress tablepress-id-46\">\n<thead>\n<tr class=\"row-1\">\n\t<th class=\"column-1\"><strong>Param\u00e8tres<\/strong><\/th><th class=\"column-2\"><strong>Sp\u00e9cifications<\/strong><\/th>\n<\/tr>\n<\/thead>\n<tbody class=\"row-striping row-hover\">\n<tr class=\"row-2\">\n\t<td class=\"column-1\">Poids<\/td><td class=\"column-2\">Tourelle : <13kg;<br \/&gt;\n\u00c9quipement de contr\u00f4le : &lt;10kg<\/td>\n<\/tr>\n<tr class=\"row-3\">\n\t<td class=\"column-1\">Volume<\/td><td class=\"column-2\">Tourelle : \u03c6260mm\u00d7372mm<br \/>\n\u00c9quipement de contr\u00f4le : 486mm\u00d7325mm\u00d785mm<\/td>\n<\/tr>\n<tr class=\"row-4\">\n\t<td class=\"column-1\">Ranger de rotation<\/td><td class=\"column-2\">Azimut : 360\u00b0continu ;<br \/>\n\u00c9l\u00e9vation : +20\u00b0~-110\u00b0 (l'horizontale vers l'avant est de 0\u00b0)<\/td>\n<\/tr>\n<tr class=\"row-5\">\n\t<td class=\"column-1\">Pr\u00e9cision de la stabilisation<\/td><td class=\"column-2\"><0.035mrad(RMS)<\/td>\n<\/tr>\n<tr class=\"row-6\">\n\t<td class=\"column-1\">Dur\u00e9e d'enregistrement<\/td><td class=\"column-2\">\u22655 heures<\/td>\n<\/tr>\n<tr class=\"row-7\">\n\t<td class=\"column-1\"><strong>Lumi\u00e8re visible :<\/strong><\/td><td class=\"column-2\"><\/td>\n<\/tr>\n<tr class=\"row-8\">\n\t<td class=\"column-1\">Fonctionnalit\u00e9s telles que l'autofocus et l'am\u00e9lioration de l'image<\/td><td class=\"column-2\"><\/td>\n<\/tr>\n<tr class=\"row-9\">\n\t<td class=\"column-1\">R\u00e9solution<\/td><td class=\"column-2\">1920\u00d71080, couleur<\/td>\n<\/tr>\n<tr class=\"row-10\">\n\t<td class=\"column-1\">FOV<\/td><td class=\"column-2\">2\u00b0\u00d71.1\u00b0~19.8\u00b0\u00d711.1\u00b0continuous<\/td>\n<\/tr>\n<tr class=\"row-11\">\n\t<td class=\"column-1\">Distance de travail effective<\/td><td class=\"column-2\">Plage de d\u00e9tection :<br \/>\n\u22659km(pour les kayaks de sauvetage de 3m\u00d73m)<br \/>\nGamme d'identification :<br \/>\n\u22656km(pour les kayaks de sauvetage de 3m\u00d73m)<\/td>\n<\/tr>\n<tr class=\"row-12\">\n\t<td class=\"column-1\"><strong>IR :<\/strong><\/td><td class=\"column-2\"><\/td>\n<\/tr>\n<tr class=\"row-13\">\n\t<td class=\"column-1\">Fonctions telles que la conversion de polarit\u00e9, la correction non uniforme et l'am\u00e9lioration de l'image<\/td><td class=\"column-2\"><\/td>\n<\/tr>\n<tr class=\"row-14\">\n\t<td class=\"column-1\">R\u00e9solution<\/td><td class=\"column-2\">Onde moyenne 640\u00d7512 (refroidissement Stirling)<\/td>\n<\/tr>\n<tr class=\"row-15\">\n\t<td class=\"column-1\">FOV<\/td><td class=\"column-2\">1.84\u2070\u00d71.5\u00b0~35\u00b0\u00d728\u00b0continuous<\/td>\n<\/tr>\n<tr class=\"row-16\">\n\t<td class=\"column-1\">Distance de travail effective<\/td><td class=\"column-2\">Plage de d\u00e9tection :<br \/>\n\u22658km(pour les kayaks de sauvetage de 3m\u00d73m)<br \/>\nGamme d'identification :<br \/>\n\u22655km(pour les kayaks de sauvetage de 3m\u00d73m)<\/td>\n<\/tr>\n<tr class=\"row-17\">\n\t<td class=\"column-1\"><strong>Irradiateur laser :<\/strong><\/td><td class=\"column-2\"><\/td>\n<\/tr>\n<tr class=\"row-18\">\n\t<td class=\"column-1\">Longueur d'onde<\/td><td class=\"column-2\">1064nm<\/td>\n<\/tr>\n<tr class=\"row-19\">\n\t<td class=\"column-1\">Plage de port\u00e9e<\/td><td class=\"column-2\">30m\uff5e12000m<\/td>\n<\/tr>\n<tr class=\"row-20\">\n\t<td class=\"column-1\">L'\u00e9nergie<\/td><td class=\"column-2\">\u226550mJ<\/td>\n<\/tr>\n<tr class=\"row-21\">\n\t<td class=\"column-1\">Angle de diffusion du faisceau<\/td><td class=\"column-2\">\u22640.35mrad<\/td>\n<\/tr>\n<tr class=\"row-22\">\n\t<td class=\"column-1\">Distance d'irradiation<\/td><td class=\"column-2\">\u22655km<\/td>\n<\/tr>\n<tr class=\"row-23\">\n\t<td class=\"column-1\"><strong>PS :<\/strong><\/td><td class=\"column-2\">28VDC, le courant de cr\u00eate ne d\u00e9passe pas 7A<\/td>\n<\/tr>\n<tr class=\"row-24\">\n\t<td class=\"column-1\"><strong>Interface externe :<\/strong><\/td><td class=\"column-2\"><\/td>\n<\/tr>\n<tr class=\"row-25\">\n\t<td class=\"column-1\">Interface vid\u00e9o<\/td><td class=\"column-2\">Une sortie vid\u00e9o num\u00e9rique<br \/>\nUne sortie vid\u00e9o haute d\u00e9finition au format HD-SDI<\/td>\n<\/tr>\n<tr class=\"row-26\">\n\t<td class=\"column-1\">Interface de communication<\/td><td class=\"column-2\">Un RS422<\/td>\n<\/tr>\n<tr class=\"row-27\">\n\t<td class=\"column-1\"><strong>Adaptabilit\u00e9 \u00e0 l'environnement :<\/strong><\/td><td class=\"column-2\"><\/td>\n<\/tr>\n<tr class=\"row-28\">\n\t<td class=\"column-1\">Temp\u00e9rature de fonctionnement<\/td><td class=\"column-2\">-40\u2103\uff5e\uff0b60\u2103<\/td>\n<\/tr>\n<tr class=\"row-29\">\n\t<td class=\"column-1\">Temp\u00e9rature de stockage<\/td><td class=\"column-2\">-45\u2103\uff5e\uff0b70\u2103<\/td>\n<\/tr>\n<\/tbody>\n<\/table>\n\n<p>Note : Nous offrons des services professionnels OEM\/ODM, y compris la conception de solutions et la fabrication de tous les produits, et disposons d'une \u00e9quipe d'assistance technique compl\u00e8te.<\/p>\n<\/div>","protected":false},"excerpt":{"rendered":"<p>Le SFEAGLE260A int\u00e8gre une cam\u00e9ra visible haute r\u00e9solution, une cam\u00e9ra thermique IR refroidie et un d\u00e9signateur\/d\u00e9tecteur de distance laser \u00e0 s\u00e9curit\u00e9 oculaire dans une plateforme gyro-stabilis\u00e9e robuste. Con\u00e7ue pour un d\u00e9ploiement rapide sur des drones, des h\u00e9licopt\u00e8res et des v\u00e9hicules terrestres, elle offre des capacit\u00e9s de renseignement, de surveillance et de reconnaissance (ISR) en temps r\u00e9el dans des environnements extr\u00eames.<\/p>","protected":false},"featured_media":7559,"comment_status":"closed","ping_status":"closed","template":"","meta":[],"product_brand":[],"product_cat":[15],"product_tag":[],"class_list":{"0":"post-7586","1":"product","2":"type-product","3":"status-publish","4":"has-post-thumbnail","6":"product_cat-electro-optical-pod-product","8":"first","9":"instock","10":"shipping-taxable","11":"product-type-simple"},"yoast_head":"<!-- This site is optimized with the Yoast SEO Premium plugin v24.8 (Yoast SEO v26.6) - https:\/\/yoast.com\/wordpress\/plugins\/seo\/ -->\n<title>Electro-Optical Pod SFEAGLE260A - SunFlaser Tech<\/title>\n<meta name=\"description\" content=\"Lightweight 13kg multi-sensor gimbal with laser designation, IR\/visible imaging, and NATO-grade stability. Ideal for UAVs, helicopters, and border security. MIL-STD compliant.\" \/>\n<meta name=\"robots\" content=\"index, follow, max-snippet:-1, max-image-preview:large, max-video-preview:-1\" \/>\n<link rel=\"canonical\" href=\"https:\/\/sunflaser.com\/fr\/shop\/electro-optical-pod-sfeagle260a\/\" \/>\n<meta property=\"og:locale\" content=\"fr_FR\" \/>\n<meta property=\"og:type\" content=\"article\" \/>\n<meta property=\"og:title\" content=\"Electro-Optical Pod SFEAGLE260A\" \/>\n<meta property=\"og:description\" content=\"Lightweight 13kg multi-sensor gimbal with laser designation, IR\/visible imaging, and NATO-grade stability. Ideal for UAVs, helicopters, and border security. MIL-STD compliant.\" \/>\n<meta property=\"og:url\" content=\"https:\/\/sunflaser.com\/fr\/shop\/electro-optical-pod-sfeagle260a\/\" \/>\n<meta property=\"og:site_name\" content=\"SunFlaser Tech\" \/>\n<meta property=\"article:modified_time\" content=\"2025-09-26T07:51:43+00:00\" \/>\n<meta property=\"og:image\" content=\"https:\/\/sunflaser.com\/wp-content\/uploads\/2025\/04\/SFEAGLE260A.png\" \/>\n\t<meta property=\"og:image:width\" content=\"800\" \/>\n\t<meta property=\"og:image:height\" content=\"800\" \/>\n\t<meta property=\"og:image:type\" content=\"image\/png\" \/>\n<meta name=\"twitter:card\" content=\"summary_large_image\" \/>\n<meta name=\"twitter:label1\" content=\"Dur\u00e9e de lecture estim\u00e9e\" \/>\n\t<meta name=\"twitter:data1\" content=\"1 minute\" \/>\n<script type=\"application\/ld+json\" class=\"yoast-schema-graph\">{\"@context\":\"https:\/\/schema.org\",\"@graph\":[{\"@type\":\"WebPage\",\"@id\":\"https:\/\/sunflaser.com\/shop\/electro-optical-pod-sfeagle260a\/\",\"url\":\"https:\/\/sunflaser.com\/shop\/electro-optical-pod-sfeagle260a\/\",\"name\":\"Electro-Optical Pod SFEAGLE260A - SunFlaser Tech\",\"isPartOf\":{\"@id\":\"https:\/\/sunflaser.com\/#website\"},\"primaryImageOfPage\":{\"@id\":\"https:\/\/sunflaser.com\/shop\/electro-optical-pod-sfeagle260a\/#primaryimage\"},\"image\":{\"@id\":\"https:\/\/sunflaser.com\/shop\/electro-optical-pod-sfeagle260a\/#primaryimage\"},\"thumbnailUrl\":\"https:\/\/sunflaser.com\/wp-content\/uploads\/2025\/04\/SFEAGLE260A.png\",\"datePublished\":\"2025-06-30T05:41:10+00:00\",\"dateModified\":\"2025-09-26T07:51:43+00:00\",\"description\":\"Lightweight 13kg multi-sensor gimbal with laser designation, IR\/visible imaging, and NATO-grade stability. Ideal for UAVs, helicopters, and border security. MIL-STD compliant.\",\"breadcrumb\":{\"@id\":\"https:\/\/sunflaser.com\/shop\/electro-optical-pod-sfeagle260a\/#breadcrumb\"},\"inLanguage\":\"fr-FR\",\"potentialAction\":[{\"@type\":\"ReadAction\",\"target\":[\"https:\/\/sunflaser.com\/shop\/electro-optical-pod-sfeagle260a\/\"]}]},{\"@type\":\"ImageObject\",\"inLanguage\":\"fr-FR\",\"@id\":\"https:\/\/sunflaser.com\/shop\/electro-optical-pod-sfeagle260a\/#primaryimage\",\"url\":\"https:\/\/sunflaser.com\/wp-content\/uploads\/2025\/04\/SFEAGLE260A.png\",\"contentUrl\":\"https:\/\/sunflaser.com\/wp-content\/uploads\/2025\/04\/SFEAGLE260A.png\",\"width\":800,\"height\":800},{\"@type\":\"BreadcrumbList\",\"@id\":\"https:\/\/sunflaser.com\/shop\/electro-optical-pod-sfeagle260a\/#breadcrumb\",\"itemListElement\":[{\"@type\":\"ListItem\",\"position\":1,\"name\":\"\u9996\u9875\",\"item\":\"https:\/\/sunflaser.com\/\"},{\"@type\":\"ListItem\",\"position\":2,\"name\":\"Product\",\"item\":\"https:\/\/sunflaser.com\/product\/\"},{\"@type\":\"ListItem\",\"position\":3,\"name\":\"Electro-Optical Pod SFEAGLE260A\"}]},{\"@type\":\"WebSite\",\"@id\":\"https:\/\/sunflaser.com\/#website\",\"url\":\"https:\/\/sunflaser.com\/\",\"name\":\"SunFlaser Tech\",\"description\":\"\",\"publisher\":{\"@id\":\"https:\/\/sunflaser.com\/#organization\"},\"potentialAction\":[{\"@type\":\"SearchAction\",\"target\":{\"@type\":\"EntryPoint\",\"urlTemplate\":\"https:\/\/sunflaser.com\/?s={search_term_string}\"},\"query-input\":{\"@type\":\"PropertyValueSpecification\",\"valueRequired\":true,\"valueName\":\"search_term_string\"}}],\"inLanguage\":\"fr-FR\"},{\"@type\":\"Organization\",\"@id\":\"https:\/\/sunflaser.com\/#organization\",\"name\":\"\u76db\u98de\u5149\u901f\u79d1\u6280\uff08\u6210\u90fd\uff09\u6709\u9650\u516c\u53f8\",\"alternateName\":\"\u76db\u98de\u5149\u901f\u79d1\u6280\uff08\u6210\u90fd\uff09\u6709\u9650\u516c\u53f8\",\"url\":\"https:\/\/sunflaser.com\/\",\"logo\":{\"@type\":\"ImageObject\",\"inLanguage\":\"fr-FR\",\"@id\":\"https:\/\/sunflaser.com\/#\/schema\/logo\/image\/\",\"url\":\"https:\/\/sunflaser.com\/wp-content\/uploads\/2025\/05\/Modern-S-Letter-Logo.png\",\"contentUrl\":\"https:\/\/sunflaser.com\/wp-content\/uploads\/2025\/05\/Modern-S-Letter-Logo.png\",\"width\":1024,\"height\":289,\"caption\":\"\u76db\u98de\u5149\u901f\u79d1\u6280\uff08\u6210\u90fd\uff09\u6709\u9650\u516c\u53f8\"},\"image\":{\"@id\":\"https:\/\/sunflaser.com\/#\/schema\/logo\/image\/\"}}]}<\/script>\n<!-- \/ Yoast SEO Premium plugin. -->","yoast_head_json":{"title":"Electro-Optical Pod SFEAGLE260A - SunFlaser Tech","description":"Lightweight 13kg multi-sensor gimbal with laser designation, IR\/visible imaging, and NATO-grade stability. Ideal for UAVs, helicopters, and border security. MIL-STD compliant.","robots":{"index":"index","follow":"follow","max-snippet":"max-snippet:-1","max-image-preview":"max-image-preview:large","max-video-preview":"max-video-preview:-1"},"canonical":"https:\/\/sunflaser.com\/fr\/shop\/electro-optical-pod-sfeagle260a\/","og_locale":"fr_FR","og_type":"article","og_title":"Electro-Optical Pod SFEAGLE260A","og_description":"Lightweight 13kg multi-sensor gimbal with laser designation, IR\/visible imaging, and NATO-grade stability. Ideal for UAVs, helicopters, and border security. MIL-STD compliant.","og_url":"https:\/\/sunflaser.com\/fr\/shop\/electro-optical-pod-sfeagle260a\/","og_site_name":"SunFlaser Tech","article_modified_time":"2025-09-26T07:51:43+00:00","og_image":[{"width":800,"height":800,"url":"https:\/\/sunflaser.com\/wp-content\/uploads\/2025\/04\/SFEAGLE260A.png","type":"image\/png"}],"twitter_card":"summary_large_image","twitter_misc":{"Dur\u00e9e de lecture estim\u00e9e":"1 minute"},"schema":{"@context":"https:\/\/schema.org","@graph":[{"@type":"WebPage","@id":"https:\/\/sunflaser.com\/shop\/electro-optical-pod-sfeagle260a\/","url":"https:\/\/sunflaser.com\/shop\/electro-optical-pod-sfeagle260a\/","name":"Electro-Optical Pod SFEAGLE260A - SunFlaser Tech","isPartOf":{"@id":"https:\/\/sunflaser.com\/#website"},"primaryImageOfPage":{"@id":"https:\/\/sunflaser.com\/shop\/electro-optical-pod-sfeagle260a\/#primaryimage"},"image":{"@id":"https:\/\/sunflaser.com\/shop\/electro-optical-pod-sfeagle260a\/#primaryimage"},"thumbnailUrl":"https:\/\/sunflaser.com\/wp-content\/uploads\/2025\/04\/SFEAGLE260A.png","datePublished":"2025-06-30T05:41:10+00:00","dateModified":"2025-09-26T07:51:43+00:00","description":"Lightweight 13kg multi-sensor gimbal with laser designation, IR\/visible imaging, and NATO-grade stability. Ideal for UAVs, helicopters, and border security. MIL-STD compliant.","breadcrumb":{"@id":"https:\/\/sunflaser.com\/shop\/electro-optical-pod-sfeagle260a\/#breadcrumb"},"inLanguage":"fr-FR","potentialAction":[{"@type":"ReadAction","target":["https:\/\/sunflaser.com\/shop\/electro-optical-pod-sfeagle260a\/"]}]},{"@type":"ImageObject","inLanguage":"fr-FR","@id":"https:\/\/sunflaser.com\/shop\/electro-optical-pod-sfeagle260a\/#primaryimage","url":"https:\/\/sunflaser.com\/wp-content\/uploads\/2025\/04\/SFEAGLE260A.png","contentUrl":"https:\/\/sunflaser.com\/wp-content\/uploads\/2025\/04\/SFEAGLE260A.png","width":800,"height":800},{"@type":"BreadcrumbList","@id":"https:\/\/sunflaser.com\/shop\/electro-optical-pod-sfeagle260a\/#breadcrumb","itemListElement":[{"@type":"ListItem","position":1,"name":"\u9996\u9875","item":"https:\/\/sunflaser.com\/"},{"@type":"ListItem","position":2,"name":"Product","item":"https:\/\/sunflaser.com\/product\/"},{"@type":"ListItem","position":3,"name":"Electro-Optical Pod SFEAGLE260A"}]},{"@type":"WebSite","@id":"https:\/\/sunflaser.com\/#website","url":"https:\/\/sunflaser.com\/","name":"SunFlaser Tech","description":"","publisher":{"@id":"https:\/\/sunflaser.com\/#organization"},"potentialAction":[{"@type":"SearchAction","target":{"@type":"EntryPoint","urlTemplate":"https:\/\/sunflaser.com\/?s={search_term_string}"},"query-input":{"@type":"PropertyValueSpecification","valueRequired":true,"valueName":"search_term_string"}}],"inLanguage":"fr-FR"},{"@type":"Organization","@id":"https:\/\/sunflaser.com\/#organization","name":"\u76db\u98de\u5149\u901f\u79d1\u6280\uff08\u6210\u90fd\uff09\u6709\u9650\u516c\u53f8","alternateName":"\u76db\u98de\u5149\u901f\u79d1\u6280\uff08\u6210\u90fd\uff09\u6709\u9650\u516c\u53f8","url":"https:\/\/sunflaser.com\/","logo":{"@type":"ImageObject","inLanguage":"fr-FR","@id":"https:\/\/sunflaser.com\/#\/schema\/logo\/image\/","url":"https:\/\/sunflaser.com\/wp-content\/uploads\/2025\/05\/Modern-S-Letter-Logo.png","contentUrl":"https:\/\/sunflaser.com\/wp-content\/uploads\/2025\/05\/Modern-S-Letter-Logo.png","width":1024,"height":289,"caption":"\u76db\u98de\u5149\u901f\u79d1\u6280\uff08\u6210\u90fd\uff09\u6709\u9650\u516c\u53f8"},"image":{"@id":"https:\/\/sunflaser.com\/#\/schema\/logo\/image\/"}}]}},"_links":{"self":[{"href":"https:\/\/sunflaser.com\/fr\/wp-json\/wp\/v2\/product\/7586","targetHints":{"allow":["GET"]}}],"collection":[{"href":"https:\/\/sunflaser.com\/fr\/wp-json\/wp\/v2\/product"}],"about":[{"href":"https:\/\/sunflaser.com\/fr\/wp-json\/wp\/v2\/types\/product"}],"replies":[{"embeddable":true,"href":"https:\/\/sunflaser.com\/fr\/wp-json\/wp\/v2\/comments?post=7586"}],"version-history":[{"count":0,"href":"https:\/\/sunflaser.com\/fr\/wp-json\/wp\/v2\/product\/7586\/revisions"}],"wp:featuredmedia":[{"embeddable":true,"href":"https:\/\/sunflaser.com\/fr\/wp-json\/wp\/v2\/media\/7559"}],"wp:attachment":[{"href":"https:\/\/sunflaser.com\/fr\/wp-json\/wp\/v2\/media?parent=7586"}],"wp:term":[{"taxonomy":"product_brand","embeddable":true,"href":"https:\/\/sunflaser.com\/fr\/wp-json\/wp\/v2\/product_brand?post=7586"},{"taxonomy":"product_cat","embeddable":true,"href":"https:\/\/sunflaser.com\/fr\/wp-json\/wp\/v2\/product_cat?post=7586"},{"taxonomy":"product_tag","embeddable":true,"href":"https:\/\/sunflaser.com\/fr\/wp-json\/wp\/v2\/product_tag?post=7586"}],"curies":[{"name":"wp","href":"https:\/\/api.w.org\/{rel}","templated":true}]}}