{"id":7575,"date":"2025-06-27T03:00:35","date_gmt":"2025-06-27T10:00:35","guid":{"rendered":"https:\/\/sunflaser.com\/?post_type=product&#038;p=7575"},"modified":"2025-09-26T00:14:42","modified_gmt":"2025-09-26T07:14:42","slug":"electro-optical-pod-sfeagle240a","status":"publish","type":"product","link":"https:\/\/sunflaser.com\/fr\/shop\/electro-optical-pod-sfeagle240a\/","title":{"rendered":"Pod \u00e9lectro-optique SFEAGLE240A"},"content":{"rendered":"<h3><strong>Principaux arguments de vente<\/strong>\u200b<\/h3>\n<p>\u2705<strong>Avantage de l'IR refroidi<\/strong>\u200b<\/p>\n<ul>\n<li>\u200b<strong>Capteur \u00e0 refroidissement cryog\u00e9nique de 3-5\u03bcm<\/strong>Port\u00e9e de d\u00e9tection multipli\u00e9e par deux par rapport aux concurrents non refroidis (9 km contre 4 km)<\/li>\n<li>\u200b<strong>R\u00e9solution 640\u00d7512<\/strong>: Identifier des cibles de 4\u00d76 m \u00e0 des distances conformes aux normes de l'OTAN<\/li>\n<\/ul>\n<p>\u2705<strong>Stabilisation et suivi de pr\u00e9cision<\/strong>\u200b<\/p>\n<ul>\n<li>\u200b<strong>\u226440\u03bcrad Stabilit\u00e9 RMS<\/strong>(\u00e0 la pointe de l'industrie)<\/li>\n<li>\u200b<strong>\u22640.1mrad Pr\u00e9cision de suivi<\/strong>: Verrouillez les menaces en mouvement rapide \u00e0 une vitesse \u226510\u00b0\/s<\/li>\n<\/ul>\n<p>\u2705<strong>Capacit\u00e9s \u00e0 port\u00e9e \u00e9tendue<\/strong>\u200b<\/p>\n<ul>\n<li>\u200b<strong>T\u00e9l\u00e9m\u00e8tre laser 8 km<\/strong>: Mesure de distance de niveau artillerie<\/li>\n<li>\u200b<strong>Ciblage g\u00e9ographique<\/strong>: Coordonn\u00e9es corrig\u00e9es par RTK gr\u00e2ce \u00e0 la fusion de donn\u00e9es d'a\u00e9ronefs<\/li>\n<\/ul>\n<p>\u2705<strong>Pr\u00eat pour les plateformes lourdes<\/strong>\u200b<\/p>\n<ul>\n<li>\u200b<strong>Construction robuste<\/strong>: \u03a6240\u00d7361mm | &lt;10kg (convient aux drones de la classe Grey Eagle)<\/li>\n<li>\u200b<strong>28VDC Alimentation<\/strong>: &lt;100W consommation moyenne<\/li>\n<\/ul>\n<hr \/>\n<h3>\u200b<strong>Sp\u00e9cifications techniques<\/strong><\/h3>\n\n<table id=\"tablepress-45\" class=\"tablepress tablepress-id-45\">\n<thead>\n<tr class=\"row-1\">\n\t<th class=\"column-1\"><strong>Param\u00e8tres<\/strong><\/th><th class=\"column-2\"><strong>Sp\u00e9cifications<\/strong><\/th>\n<\/tr>\n<\/thead>\n<tbody class=\"row-striping row-hover\">\n<tr class=\"row-2\">\n\t<td class=\"column-1\">Poids<\/td><td class=\"column-2\">Tourelle : &lt;9.8kg;&lt;br \/&gt;\n \u00c9quipement de contr\u00f4le : &lt;10kg<\/td>\n<\/tr>\n<tr class=\"row-3\">\n\t<td class=\"column-1\">Volume<\/td><td class=\"column-2\">Tourelle : \u03c6240mm\u00d7362. 1mm<br \/>\n\u00c9quipement de contr\u00f4le : 486mm\u00d7325mm\u00d785mm<\/td>\n<\/tr>\n<tr class=\"row-4\">\n\t<td class=\"column-1\">Rotation<\/td><td class=\"column-2\">Azimut : 360\u00b0continu<\/td>\n<\/tr>\n<tr class=\"row-5\">\n\t<td class=\"column-1\">garde forestier<\/td><td class=\"column-2\">\u00c9l\u00e9vation : +20\u00b0~-110\u00b0 (l'horizontale vers l'avant est de 0\u00b0)<\/td>\n<\/tr>\n<tr class=\"row-6\">\n\t<td class=\"column-1\">Pr\u00e9cision de la stabilisation<\/td><td class=\"column-2\">&lt;0,035mrad (RMS)<\/td>\n<\/tr>\n<tr class=\"row-7\">\n\t<td class=\"column-1\">Dur\u00e9e d'enregistrement<\/td><td class=\"column-2\">\u22655 heures<\/td>\n<\/tr>\n<tr class=\"row-8\">\n\t<td class=\"column-1\"><strong>Lumi\u00e8re visible :<\/strong><\/td><td class=\"column-2\"><\/td>\n<\/tr>\n<tr class=\"row-9\">\n\t<td class=\"column-1\">Fonctionnalit\u00e9s telles que l'autofocus et l'am\u00e9lioration de l'image<\/td><td class=\"column-2\"><\/td>\n<\/tr>\n<tr class=\"row-10\">\n\t<td class=\"column-1\"><span style=\"color:#111111;\">R\u00e9solution<\/span><\/td><td class=\"column-2\">1920\u00d71080, couleur<\/td>\n<\/tr>\n<tr class=\"row-11\">\n\t<td class=\"column-1\">FOV<\/td><td class=\"column-2\">2.3\u00b0\u00d71.3\u00b0~50\u00b0\u00d728. 1\u00b0continu<\/td>\n<\/tr>\n<tr class=\"row-12\">\n\t<td class=\"column-1\">Distance de travail effective<\/td><td class=\"column-2\">Plage de d\u00e9tection : <br \/>\n\u22658km (pour les kayaks de sauvetage de 3m\u00d73m) ;<br \/>\nGamme d'identification :<br \/>\n\u22655km (pour les kayaks de sauvetage de 3m\u00d73m)<\/td>\n<\/tr>\n<tr class=\"row-13\">\n\t<td class=\"column-1\"><strong>IR :<\/strong><\/td><td class=\"column-2\"><\/td>\n<\/tr>\n<tr class=\"row-14\">\n\t<td class=\"column-1\">Fonctionnalit\u00e9s telles que la conversion de la polarit\u00e9, la correction de la non-uniformit\u00e9 et l'am\u00e9lioration de l'image<\/td><td class=\"column-2\"><\/td>\n<\/tr>\n<tr class=\"row-15\">\n\t<td class=\"column-1\"><span style=\"color:#111111;\">R\u00e9solution<\/span><\/td><td class=\"column-2\">Onde moyenne 640\u00d7512 (refroidissement Stirling)<\/td>\n<\/tr>\n<tr class=\"row-16\">\n\t<td class=\"column-1\">FOV<\/td><td class=\"column-2\">1.84\u00b0\u00d71.5\u00b0~35\u00b0\u00d728\u00b0continuous<\/td>\n<\/tr>\n<tr class=\"row-17\">\n\t<td class=\"column-1\">Distance de travail effective<\/td><td class=\"column-2\">Plage de d\u00e9tection : <br \/>\n\u22658km (pour les kayaks de sauvetage de 3m\u00d73m) ;<br \/>\nGamme d'identification :<br \/>\n\u22655km (pour les kayaks de sauvetage de 3m\u00d73m)<\/td>\n<\/tr>\n<tr class=\"row-18\">\n\t<td class=\"column-1\"><strong>T\u00e9l\u00e9m\u00e8tre laser :<\/strong><\/td><td class=\"column-2\"><\/td>\n<\/tr>\n<tr class=\"row-19\">\n\t<td class=\"column-1\">Longueur d'onde<\/td><td class=\"column-2\">1535nm (sans danger pour les yeux)<\/td>\n<\/tr>\n<tr class=\"row-20\">\n\t<td class=\"column-1\">Plage de port\u00e9e<\/td><td class=\"column-2\">30m\uff5e8000m<\/td>\n<\/tr>\n<tr class=\"row-21\">\n\t<td class=\"column-1\">PS<\/td><td class=\"column-2\">28VDC, le courant de cr\u00eate ne d\u00e9passe pas 5A<\/td>\n<\/tr>\n<tr class=\"row-22\">\n\t<td class=\"column-1\"><strong>Interface externe :<\/strong><\/td><td class=\"column-2\"><\/td>\n<\/tr>\n<tr class=\"row-23\">\n\t<td class=\"column-1\">Interface vid\u00e9o<\/td><td class=\"column-2\">Une sortie vid\u00e9o num\u00e9rique<br \/>\nUne sortie vid\u00e9o haute d\u00e9finition au format HD-SDI<\/td>\n<\/tr>\n<tr class=\"row-24\">\n\t<td class=\"column-1\"><\/td><td class=\"column-2\"><\/td>\n<\/tr>\n<tr class=\"row-25\">\n\t<td class=\"column-1\">Interface de communication<\/td><td class=\"column-2\">Un RS422<\/td>\n<\/tr>\n<tr class=\"row-26\">\n\t<td class=\"column-1\"><strong>Adaptabilit\u00e9 \u00e0 l'environnement :<\/strong><\/td><td class=\"column-2\"><\/td>\n<\/tr>\n<tr class=\"row-27\">\n\t<td class=\"column-1\">Temp\u00e9rature de fonctionnement<\/td><td class=\"column-2\">-40\u2103~+60\u2103<\/td>\n<\/tr>\n<tr class=\"row-28\">\n\t<td class=\"column-1\">Temp\u00e9rature de stockage<\/td><td class=\"column-2\">-45\u2103~+70\u2103<\/td>\n<\/tr>\n<\/tbody>\n<\/table>\n\n<p>Note : Nous offrons des services professionnels OEM\/ODM, y compris la conception de solutions et la fabrication de tous les produits, et disposons d'une \u00e9quipe d'assistance technique compl\u00e8te.<\/p>\n<hr \/>\n<h3>\u200b<strong>Fonctions essentielles<\/strong>\u200b<\/h3>\n<ul>\n<li>\u200b<strong>Fonctionnement en mode quadruple<\/strong>: Manuel\/Verrouillage\/Scan\/Auto-track<\/li>\n<li>\u200b<strong>Zoom continu bi-bande<\/strong>: Zoom optique visible et IR + autofocus<\/li>\n<li>\u200b<strong>Traitement avanc\u00e9 des images<\/strong>: Commutation de polarit\u00e9, NUC, am\u00e9lioration de l'image<\/li>\n<li>\u200b<strong>G\u00e9olocalisation des cibles<\/strong>: Coordonn\u00e9es GPS par fusion des donn\u00e9es de l'avion<\/li>\n<li>\u200b<strong>Enregistrement HD<\/strong>: Vid\u00e9o 1080p + stockage des m\u00e9tadonn\u00e9es<\/li>\n<\/ul>\n<hr \/>\n<h3>\u200b<strong>Applications<\/strong>\u200b<\/h3>\n<ul>\n<li>\u200b<strong>D\u00e9fense<\/strong>: UAV MALE\/HALE (par exemple, Predator, Reaper), reconnaissance par v\u00e9hicule blind\u00e9<\/li>\n<li>\u200b<strong>L'\u00e9nergie<\/strong>: Surveillance des plates-formes offshore, s\u00e9curit\u00e9 des pipelines<\/li>\n<li>\u200b<strong>S\u00e9curit\u00e9 int\u00e9rieure<\/strong>: Surveillance des fronti\u00e8res, op\u00e9rations C-UAS<\/li>\n<li>\u200b<strong>Intervention en cas de catastrophe<\/strong>: Recherche et sauvetage dans des conditions de faible visibilit\u00e9<\/li>\n<\/ul>\n<hr \/>\n<h3>\u200b<strong>Flux de travail op\u00e9rationnel<\/strong>\u200b<\/h3>\n<ol>\n<li>\u200b<strong>Montage<\/strong>: Int\u00e9gration des points durs (avion\/v\u00e9hicule)<\/li>\n<li>\u200b<strong>Activation<\/strong>: Auto-stabilisation en &lt;5 sec<\/li>\n<li>\u200b<strong>Ex\u00e9cution de la mission<\/strong>:\n<ul>\n<li>\u200b<strong>Recherche<\/strong>: balayage panoramique \u00e0 60\u00b0\/s<\/li>\n<li>\u200b<strong>Poursuivre<\/strong>: Cibles \u00e0 verrouillage automatique (bateaux\/v\u00e9hicules)<\/li>\n<li>\u200b<strong>Lase<\/strong>Distance de d\u00e9tection de 8 km + marquage GPS<\/li>\n<\/ul>\n<\/li>\n<li>\u200b<strong>Sortie de donn\u00e9es<\/strong>: Flux HD-SDI\/Ethernet + enregistrement embarqu\u00e9<\/li>\n<\/ol>\n<hr \/>\n<h3>\u200b<strong>Conformit\u00e9 et certifications<\/strong>\u200b<\/h3>\n<ul>\n<li>\u200b<strong>MIL-STD-810H<\/strong>(Vibration\/Temp\u00e9rature\/Choc)<\/li>\n<li>\u200b<strong>FCC Partie 15B<\/strong>(EMC)<\/li>\n<li>\u200b<strong>Contr\u00f4l\u00e9 par ITAR<\/strong>(cat\u00e9gorie VIII de la USML)<\/li>\n<li>\u200b<strong>CE\/RoHS 3<\/strong>\u200b<\/li>\n<\/ul>","protected":false},"excerpt":{"rendered":"<p>Le<strong>SFEAGLE240A<\/strong>int\u00e8gre un<strong>charge utile \u00e0 trois capteurs<\/strong>(HD visible.<strong>IR refroidi par cryog\u00e9nie<\/strong>, t\u00e9l\u00e9m\u00e8tre laser de 1,54\u03bcm) avec<strong>stabilisation de l'\u00e9lite<\/strong>(\u226440\u03bcrad RMS) pour les missions exigeantes de la d\u00e9fense et de l'industrie. Con\u00e7u pour l'int\u00e9gration d'a\u00e9ronefs fixes et de drones (&lt;10kg), il offre les avantages suivants<strong>D\u00e9tection visible\/IR \u00e0 9 km<\/strong>et<strong>T\u00e9l\u00e9m\u00e9trie laser 8 km<\/strong>- \u00e9tablissant de nouvelles normes en mati\u00e8re d'ISR \u00e0 longue port\u00e9e dans des environnements allant de l'Arctique au d\u00e9sert (de -40\u00b0C \u00e0 +55\u00b0C).<\/p>","protected":false},"featured_media":7558,"comment_status":"closed","ping_status":"closed","template":"","meta":[],"product_brand":[],"product_cat":[15],"product_tag":[],"class_list":{"0":"post-7575","1":"product","2":"type-product","3":"status-publish","4":"has-post-thumbnail","6":"product_cat-electro-optical-pod-product","8":"first","9":"instock","10":"shipping-taxable","11":"product-type-simple"},"yoast_head":"<!-- This site is optimized with the Yoast SEO Premium plugin v24.8 (Yoast SEO v26.6) - https:\/\/yoast.com\/wordpress\/plugins\/seo\/ -->\n<title>Electro-Optical Pod SFEAGLE240A - SunFlaser Tech<\/title>\n<meta name=\"robots\" content=\"index, follow, max-snippet:-1, max-image-preview:large, max-video-preview:-1\" \/>\n<link rel=\"canonical\" href=\"https:\/\/sunflaser.com\/fr\/shop\/electro-optical-pod-sfeagle240a\/\" \/>\n<meta property=\"og:locale\" content=\"fr_FR\" \/>\n<meta property=\"og:type\" content=\"article\" \/>\n<meta property=\"og:title\" content=\"Electro-Optical Pod SFEAGLE240A\" \/>\n<meta property=\"og:description\" content=\"The \u200bSFEAGLE240A\u200b integrates a \u200btri-sensor payload\u200b (HD visible, \u200bcryogenically-cooled IR, 1.54\u03bcm laser rangefinder) with \u200belite stabilization\u200b (\u226440\u03bcrad RMS) for demanding defense and industrial missions. Engineered for fixed-wing\/UAV integration (&lt;10kg), it delivers \u200b9km visible\/IR detection\u200b and \u200b8km laser ranging\u200b \u2013 setting new standards for long-range ISR in Arctic to desert environments (-40\u00b0C to +55\u00b0C).\" \/>\n<meta property=\"og:url\" content=\"https:\/\/sunflaser.com\/fr\/shop\/electro-optical-pod-sfeagle240a\/\" \/>\n<meta property=\"og:site_name\" content=\"SunFlaser Tech\" \/>\n<meta property=\"article:modified_time\" content=\"2025-09-26T07:14:42+00:00\" \/>\n<meta property=\"og:image\" content=\"https:\/\/sunflaser.com\/wp-content\/uploads\/2025\/04\/SFEAGLE240A.png\" \/>\n\t<meta property=\"og:image:width\" content=\"800\" \/>\n\t<meta property=\"og:image:height\" content=\"800\" \/>\n\t<meta property=\"og:image:type\" content=\"image\/png\" \/>\n<meta name=\"twitter:card\" content=\"summary_large_image\" \/>\n<meta name=\"twitter:label1\" content=\"Dur\u00e9e de lecture estim\u00e9e\" \/>\n\t<meta name=\"twitter:data1\" content=\"2 minutes\" \/>\n<script type=\"application\/ld+json\" class=\"yoast-schema-graph\">{\"@context\":\"https:\/\/schema.org\",\"@graph\":[{\"@type\":\"WebPage\",\"@id\":\"https:\/\/sunflaser.com\/shop\/electro-optical-pod-sfeagle240a\/\",\"url\":\"https:\/\/sunflaser.com\/shop\/electro-optical-pod-sfeagle240a\/\",\"name\":\"Electro-Optical Pod SFEAGLE240A - SunFlaser Tech\",\"isPartOf\":{\"@id\":\"https:\/\/sunflaser.com\/#website\"},\"primaryImageOfPage\":{\"@id\":\"https:\/\/sunflaser.com\/shop\/electro-optical-pod-sfeagle240a\/#primaryimage\"},\"image\":{\"@id\":\"https:\/\/sunflaser.com\/shop\/electro-optical-pod-sfeagle240a\/#primaryimage\"},\"thumbnailUrl\":\"https:\/\/sunflaser.com\/wp-content\/uploads\/2025\/04\/SFEAGLE240A.png\",\"datePublished\":\"2025-06-27T10:00:35+00:00\",\"dateModified\":\"2025-09-26T07:14:42+00:00\",\"breadcrumb\":{\"@id\":\"https:\/\/sunflaser.com\/shop\/electro-optical-pod-sfeagle240a\/#breadcrumb\"},\"inLanguage\":\"fr-FR\",\"potentialAction\":[{\"@type\":\"ReadAction\",\"target\":[\"https:\/\/sunflaser.com\/shop\/electro-optical-pod-sfeagle240a\/\"]}]},{\"@type\":\"ImageObject\",\"inLanguage\":\"fr-FR\",\"@id\":\"https:\/\/sunflaser.com\/shop\/electro-optical-pod-sfeagle240a\/#primaryimage\",\"url\":\"https:\/\/sunflaser.com\/wp-content\/uploads\/2025\/04\/SFEAGLE240A.png\",\"contentUrl\":\"https:\/\/sunflaser.com\/wp-content\/uploads\/2025\/04\/SFEAGLE240A.png\",\"width\":800,\"height\":800},{\"@type\":\"BreadcrumbList\",\"@id\":\"https:\/\/sunflaser.com\/shop\/electro-optical-pod-sfeagle240a\/#breadcrumb\",\"itemListElement\":[{\"@type\":\"ListItem\",\"position\":1,\"name\":\"\u9996\u9875\",\"item\":\"https:\/\/sunflaser.com\/\"},{\"@type\":\"ListItem\",\"position\":2,\"name\":\"Product\",\"item\":\"https:\/\/sunflaser.com\/product\/\"},{\"@type\":\"ListItem\",\"position\":3,\"name\":\"Electro-Optical Pod SFEAGLE240A\"}]},{\"@type\":\"WebSite\",\"@id\":\"https:\/\/sunflaser.com\/#website\",\"url\":\"https:\/\/sunflaser.com\/\",\"name\":\"SunFlaser Tech\",\"description\":\"\",\"publisher\":{\"@id\":\"https:\/\/sunflaser.com\/#organization\"},\"potentialAction\":[{\"@type\":\"SearchAction\",\"target\":{\"@type\":\"EntryPoint\",\"urlTemplate\":\"https:\/\/sunflaser.com\/?s={search_term_string}\"},\"query-input\":{\"@type\":\"PropertyValueSpecification\",\"valueRequired\":true,\"valueName\":\"search_term_string\"}}],\"inLanguage\":\"fr-FR\"},{\"@type\":\"Organization\",\"@id\":\"https:\/\/sunflaser.com\/#organization\",\"name\":\"\u76db\u98de\u5149\u901f\u79d1\u6280\uff08\u6210\u90fd\uff09\u6709\u9650\u516c\u53f8\",\"alternateName\":\"\u76db\u98de\u5149\u901f\u79d1\u6280\uff08\u6210\u90fd\uff09\u6709\u9650\u516c\u53f8\",\"url\":\"https:\/\/sunflaser.com\/\",\"logo\":{\"@type\":\"ImageObject\",\"inLanguage\":\"fr-FR\",\"@id\":\"https:\/\/sunflaser.com\/#\/schema\/logo\/image\/\",\"url\":\"https:\/\/sunflaser.com\/wp-content\/uploads\/2025\/05\/Modern-S-Letter-Logo.png\",\"contentUrl\":\"https:\/\/sunflaser.com\/wp-content\/uploads\/2025\/05\/Modern-S-Letter-Logo.png\",\"width\":1024,\"height\":289,\"caption\":\"\u76db\u98de\u5149\u901f\u79d1\u6280\uff08\u6210\u90fd\uff09\u6709\u9650\u516c\u53f8\"},\"image\":{\"@id\":\"https:\/\/sunflaser.com\/#\/schema\/logo\/image\/\"}}]}<\/script>\n<!-- \/ Yoast SEO Premium plugin. -->","yoast_head_json":{"title":"Electro-Optical Pod SFEAGLE240A - SunFlaser Tech","robots":{"index":"index","follow":"follow","max-snippet":"max-snippet:-1","max-image-preview":"max-image-preview:large","max-video-preview":"max-video-preview:-1"},"canonical":"https:\/\/sunflaser.com\/fr\/shop\/electro-optical-pod-sfeagle240a\/","og_locale":"fr_FR","og_type":"article","og_title":"Electro-Optical Pod SFEAGLE240A","og_description":"The \u200bSFEAGLE240A\u200b integrates a \u200btri-sensor payload\u200b (HD visible, \u200bcryogenically-cooled IR, 1.54\u03bcm laser rangefinder) with \u200belite stabilization\u200b (\u226440\u03bcrad RMS) for demanding defense and industrial missions. Engineered for fixed-wing\/UAV integration (&lt;10kg), it delivers \u200b9km visible\/IR detection\u200b and \u200b8km laser ranging\u200b \u2013 setting new standards for long-range ISR in Arctic to desert environments (-40\u00b0C to +55\u00b0C).","og_url":"https:\/\/sunflaser.com\/fr\/shop\/electro-optical-pod-sfeagle240a\/","og_site_name":"SunFlaser Tech","article_modified_time":"2025-09-26T07:14:42+00:00","og_image":[{"width":800,"height":800,"url":"https:\/\/sunflaser.com\/wp-content\/uploads\/2025\/04\/SFEAGLE240A.png","type":"image\/png"}],"twitter_card":"summary_large_image","twitter_misc":{"Dur\u00e9e de lecture estim\u00e9e":"2 minutes"},"schema":{"@context":"https:\/\/schema.org","@graph":[{"@type":"WebPage","@id":"https:\/\/sunflaser.com\/shop\/electro-optical-pod-sfeagle240a\/","url":"https:\/\/sunflaser.com\/shop\/electro-optical-pod-sfeagle240a\/","name":"Electro-Optical Pod SFEAGLE240A - SunFlaser Tech","isPartOf":{"@id":"https:\/\/sunflaser.com\/#website"},"primaryImageOfPage":{"@id":"https:\/\/sunflaser.com\/shop\/electro-optical-pod-sfeagle240a\/#primaryimage"},"image":{"@id":"https:\/\/sunflaser.com\/shop\/electro-optical-pod-sfeagle240a\/#primaryimage"},"thumbnailUrl":"https:\/\/sunflaser.com\/wp-content\/uploads\/2025\/04\/SFEAGLE240A.png","datePublished":"2025-06-27T10:00:35+00:00","dateModified":"2025-09-26T07:14:42+00:00","breadcrumb":{"@id":"https:\/\/sunflaser.com\/shop\/electro-optical-pod-sfeagle240a\/#breadcrumb"},"inLanguage":"fr-FR","potentialAction":[{"@type":"ReadAction","target":["https:\/\/sunflaser.com\/shop\/electro-optical-pod-sfeagle240a\/"]}]},{"@type":"ImageObject","inLanguage":"fr-FR","@id":"https:\/\/sunflaser.com\/shop\/electro-optical-pod-sfeagle240a\/#primaryimage","url":"https:\/\/sunflaser.com\/wp-content\/uploads\/2025\/04\/SFEAGLE240A.png","contentUrl":"https:\/\/sunflaser.com\/wp-content\/uploads\/2025\/04\/SFEAGLE240A.png","width":800,"height":800},{"@type":"BreadcrumbList","@id":"https:\/\/sunflaser.com\/shop\/electro-optical-pod-sfeagle240a\/#breadcrumb","itemListElement":[{"@type":"ListItem","position":1,"name":"\u9996\u9875","item":"https:\/\/sunflaser.com\/"},{"@type":"ListItem","position":2,"name":"Product","item":"https:\/\/sunflaser.com\/product\/"},{"@type":"ListItem","position":3,"name":"Electro-Optical Pod SFEAGLE240A"}]},{"@type":"WebSite","@id":"https:\/\/sunflaser.com\/#website","url":"https:\/\/sunflaser.com\/","name":"SunFlaser Tech","description":"","publisher":{"@id":"https:\/\/sunflaser.com\/#organization"},"potentialAction":[{"@type":"SearchAction","target":{"@type":"EntryPoint","urlTemplate":"https:\/\/sunflaser.com\/?s={search_term_string}"},"query-input":{"@type":"PropertyValueSpecification","valueRequired":true,"valueName":"search_term_string"}}],"inLanguage":"fr-FR"},{"@type":"Organization","@id":"https:\/\/sunflaser.com\/#organization","name":"\u76db\u98de\u5149\u901f\u79d1\u6280\uff08\u6210\u90fd\uff09\u6709\u9650\u516c\u53f8","alternateName":"\u76db\u98de\u5149\u901f\u79d1\u6280\uff08\u6210\u90fd\uff09\u6709\u9650\u516c\u53f8","url":"https:\/\/sunflaser.com\/","logo":{"@type":"ImageObject","inLanguage":"fr-FR","@id":"https:\/\/sunflaser.com\/#\/schema\/logo\/image\/","url":"https:\/\/sunflaser.com\/wp-content\/uploads\/2025\/05\/Modern-S-Letter-Logo.png","contentUrl":"https:\/\/sunflaser.com\/wp-content\/uploads\/2025\/05\/Modern-S-Letter-Logo.png","width":1024,"height":289,"caption":"\u76db\u98de\u5149\u901f\u79d1\u6280\uff08\u6210\u90fd\uff09\u6709\u9650\u516c\u53f8"},"image":{"@id":"https:\/\/sunflaser.com\/#\/schema\/logo\/image\/"}}]}},"_links":{"self":[{"href":"https:\/\/sunflaser.com\/fr\/wp-json\/wp\/v2\/product\/7575","targetHints":{"allow":["GET"]}}],"collection":[{"href":"https:\/\/sunflaser.com\/fr\/wp-json\/wp\/v2\/product"}],"about":[{"href":"https:\/\/sunflaser.com\/fr\/wp-json\/wp\/v2\/types\/product"}],"replies":[{"embeddable":true,"href":"https:\/\/sunflaser.com\/fr\/wp-json\/wp\/v2\/comments?post=7575"}],"version-history":[{"count":0,"href":"https:\/\/sunflaser.com\/fr\/wp-json\/wp\/v2\/product\/7575\/revisions"}],"wp:featuredmedia":[{"embeddable":true,"href":"https:\/\/sunflaser.com\/fr\/wp-json\/wp\/v2\/media\/7558"}],"wp:attachment":[{"href":"https:\/\/sunflaser.com\/fr\/wp-json\/wp\/v2\/media?parent=7575"}],"wp:term":[{"taxonomy":"product_brand","embeddable":true,"href":"https:\/\/sunflaser.com\/fr\/wp-json\/wp\/v2\/product_brand?post=7575"},{"taxonomy":"product_cat","embeddable":true,"href":"https:\/\/sunflaser.com\/fr\/wp-json\/wp\/v2\/product_cat?post=7575"},{"taxonomy":"product_tag","embeddable":true,"href":"https:\/\/sunflaser.com\/fr\/wp-json\/wp\/v2\/product_tag?post=7575"}],"curies":[{"name":"wp","href":"https:\/\/api.w.org\/{rel}","templated":true}]}}