{"id":7572,"date":"2025-06-27T02:45:53","date_gmt":"2025-06-27T09:45:53","guid":{"rendered":"https:\/\/sunflaser.com\/?post_type=product&#038;p=7572"},"modified":"2025-09-23T00:42:18","modified_gmt":"2025-09-23T07:42:18","slug":"electro-optical-pod-sfeagle180d","status":"publish","type":"product","link":"https:\/\/sunflaser.com\/fr\/shop\/electro-optical-pod-sfeagle180d\/","title":{"rendered":"Pod \u00e9lectro-optique SFEAGLE180D"},"content":{"rendered":"<h3><strong>Principaux arguments de vente<\/strong>\u200b<\/h3>\n<p>\u2705<strong>Triple-Sensor Dominance<\/strong>\u200b<\/p>\n<ul>\n<li>\u200b<strong>HD Visible (1920&#215;1080) + LWIR (640&#215;512) + Laser Rangefinder<\/strong>: Single-platform intelligence fusion<\/li>\n<li>\u200b<strong>6km Visible \/ 4km Thermal Detection<\/strong>: Identify 4x6m targets at NATO-standard ranges<\/li>\n<\/ul>\n<p>\u2705<strong>Elite Stabilization &amp; Tracking<\/strong>\u200b<\/p>\n<ul>\n<li>\u200b<strong>\u200b\u22640.1mrad RMS Stability<\/strong>: Maintains lock at \u226560\u00b0\/s maneuvers (e.g., UAV turbulence)<\/li>\n<li>\u200b<strong>\u200b\u22640.6mrad Tracking Accuracy<\/strong>: Pinpoint moving targets in urban\/arctic environments<\/li>\n<\/ul>\n<p>\u2705<strong>Int\u00e9gration optimis\u00e9e par SWaP<\/strong>\u200b<\/p>\n<ul>\n<li>\u200b<strong>Ultra-l\u00e9ger<\/strong>:<strong>\u200b&lt;3.5kg<\/strong>\u200b | \u200b<strong>\u03a6184\u00d7272.9mm<\/strong>\u200b (50% lighter than FLIR Star SAFIRE)<\/li>\n<li>\u200b<strong>Faible consommation<\/strong>: &lt;50W avg. | 28VDC (fits Tier 2 UAVs like ScanEagle)<\/li>\n<\/ul>\n<p>\u2705<strong>Ruggedized Reliability<\/strong>\u200b<\/p>\n<ul>\n<li>\u200b<strong>\u200b-40\u00b0C to +55\u00b0C Operation<\/strong>: Arctic to desert performance<\/li>\n<li>\u200b<strong>IP54 Environmental Sealing<\/strong>: Dust\/moisture protection<\/li>\n<\/ul>\n<hr \/>\n<h3>\u200b<strong>Sp\u00e9cifications techniques<\/strong>\u200b<\/h3>\n<div class=\"hyc-common-markdown__table-wrapper\" data-has-scroll=\"false\">\n\n<table id=\"tablepress-43\" class=\"tablepress tablepress-id-43\">\n<thead>\n<tr class=\"row-1\">\n\t<th class=\"column-1\"><strong>Param\u00e8tres<\/strong><\/th><th class=\"column-2\"><strong>Sp\u00e9cifications<\/strong><\/th>\n<\/tr>\n<\/thead>\n<tbody class=\"row-striping row-hover\">\n<tr class=\"row-2\">\n\t<td class=\"column-1\"><strong>Indicateurs du syst\u00e8me :<\/strong><\/td><td class=\"column-2\"><\/td>\n<\/tr>\n<tr class=\"row-3\">\n\t<td class=\"column-1\">Plage de pivotement<\/td><td class=\"column-2\">Rotation azimutale continue de 360 degr\u00e9s<\/td>\n<\/tr>\n<tr class=\"row-4\">\n\t<td class=\"column-1\">Angle d'inclinaison<\/td><td class=\"column-2\">+10\u00b0~-110\u00b0(0\u00b0 at horizontal forward position, positive for upward, negative for downward)\u200b\u200b<\/td>\n<\/tr>\n<tr class=\"row-5\">\n\t<td class=\"column-1\">Vitesse angulaire maximale de recherche<\/td><td class=\"column-2\">\u226560\u00b0\/s<\/td>\n<\/tr>\n<tr class=\"row-6\">\n\t<td class=\"column-1\">Vitesse angulaire maximale de suivi<\/td><td class=\"column-2\">\u226510\u00b0\/s<\/td>\n<\/tr>\n<tr class=\"row-7\">\n\t<td class=\"column-1\">Pr\u00e9cision stable<\/td><td class=\"column-2\">\u22640.1mrad\uff08RMS\uff09<\/td>\n<\/tr>\n<tr class=\"row-8\">\n\t<td class=\"column-1\">Pr\u00e9cision du suivi<\/td><td class=\"column-2\">\u22640.6mrad\uff08RMS\uff09<\/td>\n<\/tr>\n<tr class=\"row-9\">\n\t<td class=\"column-1\">Alimentation \u00e9lectrique<\/td><td class=\"column-2\">28VDC<\/td>\n<\/tr>\n<tr class=\"row-10\">\n\t<td class=\"column-1\">Consommation \u00e9lectrique<\/td><td class=\"column-2\"><50W(Average)<br \/>\n<150W(Peak)<\/td>\n<\/tr>\n<tr class=\"row-11\">\n\t<td class=\"column-1\">Poids<\/td><td class=\"column-2\">&lt;3.5kg<\/td>\n<\/tr>\n<tr class=\"row-12\">\n\t<td class=\"column-1\">Taille<\/td><td class=\"column-2\">\u03a6184mm\u00d7272.9mm<\/td>\n<\/tr>\n<tr class=\"row-13\">\n\t<td class=\"column-1\"><strong>Capacit\u00e9 d'adaptation \u00e0 l'environnement :<\/strong><\/td><td class=\"column-2\"><\/td>\n<\/tr>\n<tr class=\"row-14\">\n\t<td class=\"column-1\">Temp\u00e9rature de fonctionnement<\/td><td class=\"column-2\">-40\u2103~+55\u2103<\/td>\n<\/tr>\n<tr class=\"row-15\">\n\t<td class=\"column-1\">Temp\u00e9rature de stockage<\/td><td class=\"column-2\">-45\u2103~+65\u2103<\/td>\n<\/tr>\n<tr class=\"row-16\">\n\t<td class=\"column-1\"><strong>Imagerie en lumi\u00e8re visible :<\/strong><\/td><td class=\"column-2\"><\/td>\n<\/tr>\n<tr class=\"row-17\">\n\t<td class=\"column-1\">R\u00e9solution<\/td><td class=\"column-2\">1920\u00d71080<\/td>\n<\/tr>\n<tr class=\"row-18\">\n\t<td class=\"column-1\">Longueur d'onde<\/td><td class=\"column-2\">0,4\u03bcm~0,7\u03bcm<\/td>\n<\/tr>\n<tr class=\"row-19\">\n\t<td class=\"column-1\">Couverture de la gamme<\/td><td class=\"column-2\">Detection Range:\u22656km; \u200b<br \/>\nIdentification\u00a0Range:\u22653.5km(Conditions: Visibility \u226523 km, relative humidity \u226470%, 5K Temperature\u00a0difference between target and background, tested on a 4 m\u00d76 m target).<\/td>\n<\/tr>\n<tr class=\"row-20\">\n\t<td class=\"column-1\"><strong>Imagerie thermique infrarouge :<\/strong><\/td><td class=\"column-2\"><\/td>\n<\/tr>\n<tr class=\"row-21\">\n\t<td class=\"column-1\">R\u00e9solution<\/td><td class=\"column-2\">640\u00d7512<\/td>\n<\/tr>\n<tr class=\"row-22\">\n\t<td class=\"column-1\">Longueur d'onde<\/td><td class=\"column-2\">8\u03bcm~12\u03bcm<\/td>\n<\/tr>\n<tr class=\"row-23\">\n\t<td class=\"column-1\">Range Coverage<\/td><td class=\"column-2\">Detection Range:\u22654km; \u200b<br \/>\nIdentification Range:\u22652km(Conditions: Visibility \u226523 km, relative humidity \u226470%, 5K Temperature\u00a0difference between target and background, tested on a 4 m\u00d76 m target).<\/td>\n<\/tr>\n<tr class=\"row-24\">\n\t<td class=\"column-1\"><strong>T\u00e9l\u00e9m\u00e9trie laser :<\/strong><\/td><td class=\"column-2\"><\/td>\n<\/tr>\n<tr class=\"row-25\">\n\t<td class=\"column-1\">Longueur d'onde de fonctionnement<\/td><td class=\"column-2\">1535nm<\/td>\n<\/tr>\n<tr class=\"row-26\">\n\t<td class=\"column-1\">Gamme de port\u00e9e<\/td><td class=\"column-2\">100m~4000m<\/td>\n<\/tr>\n<\/tbody>\n<\/table>\n\n<p>Note : Nous offrons des services professionnels OEM\/ODM, y compris la conception de solutions et la fabrication de tous les produits, et disposons d'une \u00e9quipe d'assistance technique compl\u00e8te.<\/p>\n<\/div>\n<hr \/>\n<h3>\u200b<strong>Fonctions essentielles<\/strong>\u200b<\/h3>\n<ul>\n<li>\u200b<strong>Dual-Band Imaging<\/strong>: Simultaneous visible\/thermal streaming<\/li>\n<li>\u200b<strong>Auto-Tracking<\/strong>: Lock &amp; follow targets at \u226510\u00b0\/s<\/li>\n<li>\u200b<strong>Ciblage laser<\/strong>: GPS coordinates via rangefinder<\/li>\n<li>\u200b<strong>Smart Analytics<\/strong>: Onboard OCR, image enhancement, video storage<\/li>\n<li>\u200b<strong>Autodiagnostic<\/strong>: Real-time health monitoring<\/li>\n<\/ul>\n<hr \/>\n<h3>\u200b<strong>Applications<\/strong>\u200b<\/h3>\n<ul>\n<li>\u200b<strong>D\u00e9fense<\/strong>: UAV ISR (MALE\/HALE), border patrol, C-UAS<\/li>\n<li>\u200b<strong>Infrastructures critiques<\/strong>: Power line\/pipeline inspection<\/li>\n<li>\u200b<strong>S\u00e9curit\u00e9 publique<\/strong>: Disaster management (wildfire\/flood)<\/li>\n<li>\u200b<strong>Urban Security<\/strong>: Port monitoring, event surveillance<\/li>\n<\/ul>\n<hr \/>\n<h3>\u200b<strong>Conformit\u00e9 et certifications<\/strong>\u200b<\/h3>\n<ul>\n<li>\u200b<strong>CE\/FCC Part 15B<\/strong>(EMC)<\/li>\n<li>\u200b<strong>MIL-STD-810H<\/strong>\u200b (Vibration\/Temperature)<\/li>\n<li>\u200b<strong>RoHS 3\/REACH SVHC<\/strong>\u200b<\/li>\n<li>\u200b<strong>ITAR-Free<\/strong>\u200b (Dual-use compliant)<\/li>\n<\/ul>","protected":false},"excerpt":{"rendered":"<p>Le<strong>SFEGLE180D<\/strong>\u200b by Shengfei Lightspeed Technology integrates \u200b<strong>triple-sensor capability<\/strong>\u200b (HD visible, LWIR thermal, 1.54\u03bcm laser rangefinder) into an ultra-lightweight gimbal. Engineered for \u200b<strong>high-stability reconnaissance<\/strong>\u200b (\u22640.1mrad RMS stabilization), it delivers day\/night target detection up to \u200b<strong>6km visible<\/strong>et<strong>4km thermal<\/strong>\u200b ranges. Ideal for defense, critical infrastructure monitoring, and disaster response.<\/p>","protected":false},"featured_media":7557,"comment_status":"closed","ping_status":"closed","template":"","meta":[],"product_brand":[],"product_cat":[15],"product_tag":[],"class_list":{"0":"post-7572","1":"product","2":"type-product","3":"status-publish","4":"has-post-thumbnail","6":"product_cat-electro-optical-pod-product","8":"first","9":"instock","10":"shipping-taxable","11":"product-type-simple"},"yoast_head":"<!-- This site is optimized with the Yoast SEO Premium plugin v24.8 (Yoast SEO v26.6) - https:\/\/yoast.com\/wordpress\/plugins\/seo\/ -->\n<title>Electro-Optical Pod SFEAGLE180D - SunFlaser Tech<\/title>\n<meta name=\"robots\" content=\"index, follow, max-snippet:-1, max-image-preview:large, max-video-preview:-1\" \/>\n<link rel=\"canonical\" href=\"https:\/\/sunflaser.com\/fr\/shop\/electro-optical-pod-sfeagle180d\/\" \/>\n<meta property=\"og:locale\" content=\"fr_FR\" \/>\n<meta property=\"og:type\" content=\"article\" \/>\n<meta property=\"og:title\" content=\"Electro-Optical Pod SFEAGLE180D\" \/>\n<meta property=\"og:description\" content=\"The \u200bSFEGLE180D\u200b by Shengfei Lightspeed Technology integrates \u200btriple-sensor capability\u200b (HD visible, LWIR thermal, 1.54\u03bcm laser rangefinder) into an ultra-lightweight gimbal. Engineered for \u200bhigh-stability reconnaissance\u200b (\u22640.1mrad RMS stabilization), it delivers day\/night target detection up to \u200b6km visible\u200b and \u200b4km thermal\u200b ranges. Ideal for defense, critical infrastructure monitoring, and disaster response.\" \/>\n<meta property=\"og:url\" content=\"https:\/\/sunflaser.com\/fr\/shop\/electro-optical-pod-sfeagle180d\/\" \/>\n<meta property=\"og:site_name\" content=\"SunFlaser Tech\" \/>\n<meta property=\"article:modified_time\" content=\"2025-09-23T07:42:18+00:00\" \/>\n<meta property=\"og:image\" content=\"https:\/\/sunflaser.com\/wp-content\/uploads\/2025\/04\/SFEAGLE180D.png\" \/>\n\t<meta property=\"og:image:width\" content=\"800\" \/>\n\t<meta property=\"og:image:height\" content=\"800\" \/>\n\t<meta property=\"og:image:type\" content=\"image\/png\" \/>\n<meta name=\"twitter:card\" content=\"summary_large_image\" \/>\n<meta name=\"twitter:label1\" content=\"Dur\u00e9e de lecture estim\u00e9e\" \/>\n\t<meta name=\"twitter:data1\" content=\"2 minutes\" \/>\n<script type=\"application\/ld+json\" class=\"yoast-schema-graph\">{\"@context\":\"https:\/\/schema.org\",\"@graph\":[{\"@type\":\"WebPage\",\"@id\":\"https:\/\/sunflaser.com\/shop\/electro-optical-pod-sfeagle180d\/\",\"url\":\"https:\/\/sunflaser.com\/shop\/electro-optical-pod-sfeagle180d\/\",\"name\":\"Electro-Optical Pod SFEAGLE180D - SunFlaser Tech\",\"isPartOf\":{\"@id\":\"https:\/\/sunflaser.com\/#website\"},\"primaryImageOfPage\":{\"@id\":\"https:\/\/sunflaser.com\/shop\/electro-optical-pod-sfeagle180d\/#primaryimage\"},\"image\":{\"@id\":\"https:\/\/sunflaser.com\/shop\/electro-optical-pod-sfeagle180d\/#primaryimage\"},\"thumbnailUrl\":\"https:\/\/sunflaser.com\/wp-content\/uploads\/2025\/04\/SFEAGLE180D.png\",\"datePublished\":\"2025-06-27T09:45:53+00:00\",\"dateModified\":\"2025-09-23T07:42:18+00:00\",\"breadcrumb\":{\"@id\":\"https:\/\/sunflaser.com\/shop\/electro-optical-pod-sfeagle180d\/#breadcrumb\"},\"inLanguage\":\"fr-FR\",\"potentialAction\":[{\"@type\":\"ReadAction\",\"target\":[\"https:\/\/sunflaser.com\/shop\/electro-optical-pod-sfeagle180d\/\"]}]},{\"@type\":\"ImageObject\",\"inLanguage\":\"fr-FR\",\"@id\":\"https:\/\/sunflaser.com\/shop\/electro-optical-pod-sfeagle180d\/#primaryimage\",\"url\":\"https:\/\/sunflaser.com\/wp-content\/uploads\/2025\/04\/SFEAGLE180D.png\",\"contentUrl\":\"https:\/\/sunflaser.com\/wp-content\/uploads\/2025\/04\/SFEAGLE180D.png\",\"width\":800,\"height\":800},{\"@type\":\"BreadcrumbList\",\"@id\":\"https:\/\/sunflaser.com\/shop\/electro-optical-pod-sfeagle180d\/#breadcrumb\",\"itemListElement\":[{\"@type\":\"ListItem\",\"position\":1,\"name\":\"\u9996\u9875\",\"item\":\"https:\/\/sunflaser.com\/\"},{\"@type\":\"ListItem\",\"position\":2,\"name\":\"Product\",\"item\":\"https:\/\/sunflaser.com\/product\/\"},{\"@type\":\"ListItem\",\"position\":3,\"name\":\"Electro-Optical Pod SFEAGLE180D\"}]},{\"@type\":\"WebSite\",\"@id\":\"https:\/\/sunflaser.com\/#website\",\"url\":\"https:\/\/sunflaser.com\/\",\"name\":\"SunFlaser Tech\",\"description\":\"\",\"publisher\":{\"@id\":\"https:\/\/sunflaser.com\/#organization\"},\"potentialAction\":[{\"@type\":\"SearchAction\",\"target\":{\"@type\":\"EntryPoint\",\"urlTemplate\":\"https:\/\/sunflaser.com\/?s={search_term_string}\"},\"query-input\":{\"@type\":\"PropertyValueSpecification\",\"valueRequired\":true,\"valueName\":\"search_term_string\"}}],\"inLanguage\":\"fr-FR\"},{\"@type\":\"Organization\",\"@id\":\"https:\/\/sunflaser.com\/#organization\",\"name\":\"\u76db\u98de\u5149\u901f\u79d1\u6280\uff08\u6210\u90fd\uff09\u6709\u9650\u516c\u53f8\",\"alternateName\":\"\u76db\u98de\u5149\u901f\u79d1\u6280\uff08\u6210\u90fd\uff09\u6709\u9650\u516c\u53f8\",\"url\":\"https:\/\/sunflaser.com\/\",\"logo\":{\"@type\":\"ImageObject\",\"inLanguage\":\"fr-FR\",\"@id\":\"https:\/\/sunflaser.com\/#\/schema\/logo\/image\/\",\"url\":\"https:\/\/sunflaser.com\/wp-content\/uploads\/2025\/05\/Modern-S-Letter-Logo.png\",\"contentUrl\":\"https:\/\/sunflaser.com\/wp-content\/uploads\/2025\/05\/Modern-S-Letter-Logo.png\",\"width\":1024,\"height\":289,\"caption\":\"\u76db\u98de\u5149\u901f\u79d1\u6280\uff08\u6210\u90fd\uff09\u6709\u9650\u516c\u53f8\"},\"image\":{\"@id\":\"https:\/\/sunflaser.com\/#\/schema\/logo\/image\/\"}}]}<\/script>\n<!-- \/ Yoast SEO Premium plugin. -->","yoast_head_json":{"title":"Electro-Optical Pod SFEAGLE180D - SunFlaser Tech","robots":{"index":"index","follow":"follow","max-snippet":"max-snippet:-1","max-image-preview":"max-image-preview:large","max-video-preview":"max-video-preview:-1"},"canonical":"https:\/\/sunflaser.com\/fr\/shop\/electro-optical-pod-sfeagle180d\/","og_locale":"fr_FR","og_type":"article","og_title":"Electro-Optical Pod SFEAGLE180D","og_description":"The \u200bSFEGLE180D\u200b by Shengfei Lightspeed Technology integrates \u200btriple-sensor capability\u200b (HD visible, LWIR thermal, 1.54\u03bcm laser rangefinder) into an ultra-lightweight gimbal. Engineered for \u200bhigh-stability reconnaissance\u200b (\u22640.1mrad RMS stabilization), it delivers day\/night target detection up to \u200b6km visible\u200b and \u200b4km thermal\u200b ranges. Ideal for defense, critical infrastructure monitoring, and disaster response.","og_url":"https:\/\/sunflaser.com\/fr\/shop\/electro-optical-pod-sfeagle180d\/","og_site_name":"SunFlaser Tech","article_modified_time":"2025-09-23T07:42:18+00:00","og_image":[{"width":800,"height":800,"url":"https:\/\/sunflaser.com\/wp-content\/uploads\/2025\/04\/SFEAGLE180D.png","type":"image\/png"}],"twitter_card":"summary_large_image","twitter_misc":{"Dur\u00e9e de lecture estim\u00e9e":"2 minutes"},"schema":{"@context":"https:\/\/schema.org","@graph":[{"@type":"WebPage","@id":"https:\/\/sunflaser.com\/shop\/electro-optical-pod-sfeagle180d\/","url":"https:\/\/sunflaser.com\/shop\/electro-optical-pod-sfeagle180d\/","name":"Electro-Optical Pod SFEAGLE180D - SunFlaser Tech","isPartOf":{"@id":"https:\/\/sunflaser.com\/#website"},"primaryImageOfPage":{"@id":"https:\/\/sunflaser.com\/shop\/electro-optical-pod-sfeagle180d\/#primaryimage"},"image":{"@id":"https:\/\/sunflaser.com\/shop\/electro-optical-pod-sfeagle180d\/#primaryimage"},"thumbnailUrl":"https:\/\/sunflaser.com\/wp-content\/uploads\/2025\/04\/SFEAGLE180D.png","datePublished":"2025-06-27T09:45:53+00:00","dateModified":"2025-09-23T07:42:18+00:00","breadcrumb":{"@id":"https:\/\/sunflaser.com\/shop\/electro-optical-pod-sfeagle180d\/#breadcrumb"},"inLanguage":"fr-FR","potentialAction":[{"@type":"ReadAction","target":["https:\/\/sunflaser.com\/shop\/electro-optical-pod-sfeagle180d\/"]}]},{"@type":"ImageObject","inLanguage":"fr-FR","@id":"https:\/\/sunflaser.com\/shop\/electro-optical-pod-sfeagle180d\/#primaryimage","url":"https:\/\/sunflaser.com\/wp-content\/uploads\/2025\/04\/SFEAGLE180D.png","contentUrl":"https:\/\/sunflaser.com\/wp-content\/uploads\/2025\/04\/SFEAGLE180D.png","width":800,"height":800},{"@type":"BreadcrumbList","@id":"https:\/\/sunflaser.com\/shop\/electro-optical-pod-sfeagle180d\/#breadcrumb","itemListElement":[{"@type":"ListItem","position":1,"name":"\u9996\u9875","item":"https:\/\/sunflaser.com\/"},{"@type":"ListItem","position":2,"name":"Product","item":"https:\/\/sunflaser.com\/product\/"},{"@type":"ListItem","position":3,"name":"Electro-Optical Pod SFEAGLE180D"}]},{"@type":"WebSite","@id":"https:\/\/sunflaser.com\/#website","url":"https:\/\/sunflaser.com\/","name":"SunFlaser Tech","description":"","publisher":{"@id":"https:\/\/sunflaser.com\/#organization"},"potentialAction":[{"@type":"SearchAction","target":{"@type":"EntryPoint","urlTemplate":"https:\/\/sunflaser.com\/?s={search_term_string}"},"query-input":{"@type":"PropertyValueSpecification","valueRequired":true,"valueName":"search_term_string"}}],"inLanguage":"fr-FR"},{"@type":"Organization","@id":"https:\/\/sunflaser.com\/#organization","name":"\u76db\u98de\u5149\u901f\u79d1\u6280\uff08\u6210\u90fd\uff09\u6709\u9650\u516c\u53f8","alternateName":"\u76db\u98de\u5149\u901f\u79d1\u6280\uff08\u6210\u90fd\uff09\u6709\u9650\u516c\u53f8","url":"https:\/\/sunflaser.com\/","logo":{"@type":"ImageObject","inLanguage":"fr-FR","@id":"https:\/\/sunflaser.com\/#\/schema\/logo\/image\/","url":"https:\/\/sunflaser.com\/wp-content\/uploads\/2025\/05\/Modern-S-Letter-Logo.png","contentUrl":"https:\/\/sunflaser.com\/wp-content\/uploads\/2025\/05\/Modern-S-Letter-Logo.png","width":1024,"height":289,"caption":"\u76db\u98de\u5149\u901f\u79d1\u6280\uff08\u6210\u90fd\uff09\u6709\u9650\u516c\u53f8"},"image":{"@id":"https:\/\/sunflaser.com\/#\/schema\/logo\/image\/"}}]}},"_links":{"self":[{"href":"https:\/\/sunflaser.com\/fr\/wp-json\/wp\/v2\/product\/7572","targetHints":{"allow":["GET"]}}],"collection":[{"href":"https:\/\/sunflaser.com\/fr\/wp-json\/wp\/v2\/product"}],"about":[{"href":"https:\/\/sunflaser.com\/fr\/wp-json\/wp\/v2\/types\/product"}],"replies":[{"embeddable":true,"href":"https:\/\/sunflaser.com\/fr\/wp-json\/wp\/v2\/comments?post=7572"}],"version-history":[{"count":0,"href":"https:\/\/sunflaser.com\/fr\/wp-json\/wp\/v2\/product\/7572\/revisions"}],"wp:featuredmedia":[{"embeddable":true,"href":"https:\/\/sunflaser.com\/fr\/wp-json\/wp\/v2\/media\/7557"}],"wp:attachment":[{"href":"https:\/\/sunflaser.com\/fr\/wp-json\/wp\/v2\/media?parent=7572"}],"wp:term":[{"taxonomy":"product_brand","embeddable":true,"href":"https:\/\/sunflaser.com\/fr\/wp-json\/wp\/v2\/product_brand?post=7572"},{"taxonomy":"product_cat","embeddable":true,"href":"https:\/\/sunflaser.com\/fr\/wp-json\/wp\/v2\/product_cat?post=7572"},{"taxonomy":"product_tag","embeddable":true,"href":"https:\/\/sunflaser.com\/fr\/wp-json\/wp\/v2\/product_tag?post=7572"}],"curies":[{"name":"wp","href":"https:\/\/api.w.org\/{rel}","templated":true}]}}