{"id":7527,"date":"2025-06-27T00:32:37","date_gmt":"2025-06-27T07:32:37","guid":{"rendered":"https:\/\/sunflaser.com\/?post_type=product&#038;p=7527"},"modified":"2025-09-22T23:07:17","modified_gmt":"2025-09-23T06:07:17","slug":"1064nm-laser-target-designator-rangefinder-40mj-7km-sfc40l","status":"publish","type":"product","link":"https:\/\/sunflaser.com\/fr\/shop\/1064nm-laser-target-designator-rangefinder-40mj-7km-sfc40l\/","title":{"rendered":"1064nm Laser Target Designator &amp; Rangefinder 40mJ 7km SFC40L"},"content":{"rendered":"<h3><strong>Principaux arguments de vente<\/strong>\u200b<\/h3>\n<p>\u2705<strong>Pr\u00e9cision de ciblage in\u00e9gal\u00e9e<\/strong>\u200b<\/p>\n<ul>\n<li>\u200b<strong>\u22640.4mrad Divergence du faisceau<\/strong>+<strong>Cavit\u00e9 dynamique thermiquement stabilis\u00e9e<\/strong>=<strong>0,03mrad stabilit\u00e9 optique<\/strong>(valid\u00e9 par MIL-STD-810H)<\/li>\n<li>\u200b<strong>Port\u00e9e d'\u00e9clairage de 4 km<\/strong>- 2X plus loin que les mod\u00e8les d'entr\u00e9e de gamme<\/li>\n<\/ul>\n<p>\u2705<strong>La stabilit\u00e9 \u00e9nerg\u00e9tique red\u00e9finie<\/strong>\u200b<\/p>\n<ul>\n<li>\u200b<strong>Contr\u00f4le actif de l'\u00e9nergie en boucle ferm\u00e9e<\/strong>Fluctuation \u22645% (par rapport \u00e0 la norme industrielle 10%)<\/li>\n<li>\u200b<strong>Faisceau gaussien uniforme<\/strong>- aucune tache d'insecte (v\u00e9rifi\u00e9 par CCD \u00e0 2 km)<\/li>\n<\/ul>\n<p>\u2705<strong>Une durabilit\u00e9 \u00e0 toute \u00e9preuve<\/strong>\u200b<\/p>\n<ul>\n<li>\u200b<strong>Bo\u00eetier en aluminium de qualit\u00e9 a\u00e9ronautique<\/strong>- Blind\u00e9 EMI, r\u00e9sistant aux vibrations (certifi\u00e9 GJB150A.16-2009)<\/li>\n<li>\u200b<strong>Dur\u00e9e de vie des impulsions de plus de 2M<\/strong>avec une d\u00e9gradation de l'\u00e9nergie &lt;10%<\/li>\n<\/ul>\n<p>\u2705<strong>D\u00e9ploiement rapide<\/strong>\u200b<\/p>\n<ul>\n<li>\u200b<strong>Activation Plug-and-Play<\/strong>- r\u00e9chauffement nul dans des conditions arctiques\/d\u00e9sertiques<\/li>\n<li>\u200b<strong>Modules rempla\u00e7ables \u00e0 chaud<\/strong>- r\u00e9parable sur le terrain en moins de 10 minutes<\/li>\n<\/ul>\n<p><strong>\u2705 Conception \u00e0 ouverture commune<\/strong><\/p>\n<ul>\n<li>L'\u00e9mission et la r\u00e9ception sont combin\u00e9es dans le m\u00eame diam\u00e8tre.<\/li>\n<\/ul>\n<hr \/>\n<h4>\u200b<strong>Fonctions essentielles<\/strong>\u200b<\/h4>\n<ul>\n<li>\u200b<strong>Guidage laser de pr\u00e9cision<\/strong>: Codage PRF\/VPI\/pseudonoise configurable<\/li>\n<li>\u200b<strong>T\u00e9l\u00e9m\u00e9trie en temps r\u00e9el<\/strong>Port\u00e9e : 7 km (pr\u00e9cision de \u00b15 m), protection APD contre le d\u00e9crochage<\/li>\n<li>\u200b<strong>Diagnostic intelligent<\/strong>: Autocontr\u00f4le, comptage des impulsions, surveillance de la temp\u00e9rature<\/li>\n<li>\u200b<strong>Mises \u00e0 jour des microprogrammes<\/strong>: Actualisable sur le terrain via le port s\u00e9rie RS-422 (115200bps)<\/li>\n<\/ul>\n<hr \/>\n<h4>\u200b<strong>Sp\u00e9cifications techniques<\/strong>\u200b<\/h4>\n\n<table id=\"tablepress-36\" class=\"tablepress tablepress-id-36\">\n<thead>\n<tr class=\"row-1\">\n\t<th class=\"column-1\"><strong>Param\u00e8tres<\/strong><\/th><th class=\"column-2\"><strong>Valeur<\/strong><\/th>\n<\/tr>\n<\/thead>\n<tbody class=\"row-striping row-hover\">\n<tr class=\"row-2\">\n\t<td class=\"column-1\">Mod\u00e8le NO.<\/td><td class=\"column-2\">SFC40L<\/td>\n<\/tr>\n<tr class=\"row-3\">\n\t<td class=\"column-1\">Longueur d'onde<\/td><td class=\"column-2\">1064 nm<\/td>\n<\/tr>\n<tr class=\"row-4\">\n\t<td class=\"column-1\">\u00c9nergie laser<\/td><td class=\"column-2\">40 mJ<\/td>\n<\/tr>\n<tr class=\"row-5\">\n\t<td class=\"column-1\">Temps de d\u00e9marrage<\/td><td class=\"column-2\">Plug-and-Play<\/td>\n<\/tr>\n<tr class=\"row-6\">\n\t<td class=\"column-1\">Plage de fluctuation de l'\u00e9nergie<\/td><td class=\"column-2\">\u22645%\uff0cActive Energy Monitoring Closed-Loop Control Technology (technologie de contr\u00f4le en boucle ferm\u00e9e)<\/td>\n<\/tr>\n<tr class=\"row-7\">\n\t<td class=\"column-1\">Largeur d'impulsion<\/td><td class=\"column-2\">15\u00b15 ns<\/td>\n<\/tr>\n<tr class=\"row-8\">\n\t<td class=\"column-1\">Gamme de port\u00e9e<br \/>\n(visibilit\u00e9 de 10 km, r\u00e9flectivit\u00e9 de la cible sup\u00e9rieure \u00e0 20%, pour une cible de 2,3 m \u00d7 2,3 m)<\/td><td class=\"column-2\">\u22657 km<\/td>\n<\/tr>\n<tr class=\"row-9\">\n\t<td class=\"column-1\">Pr\u00e9cision de la recherche<\/td><td class=\"column-2\">\u00b1 5 m<\/td>\n<\/tr>\n<tr class=\"row-10\">\n\t<td class=\"column-1\">gamme d'\u00e9clairage<\/td><td class=\"column-2\">\u22654 km<\/td>\n<\/tr>\n<tr class=\"row-11\">\n\t<td class=\"column-1\">Pr\u00e9cision de l'encodage<\/td><td class=\"column-2\">\u22643 \u00b5s<\/td>\n<\/tr>\n<tr class=\"row-12\">\n\t<td class=\"column-1\">Angle de divergence<\/td><td class=\"column-2\">\u22640,4 mrad<\/td>\n<\/tr>\n<tr class=\"row-13\">\n\t<td class=\"column-1\">Fr\u00e9quence d'irradiation (base)<\/td><td class=\"column-2\">20 Hz<\/td>\n<\/tr>\n<tr class=\"row-14\">\n\t<td class=\"column-1\">Codage laser<\/td><td class=\"column-2\">Code de fr\u00e9quence de r\u00e9p\u00e9tition des impulsions<br \/>\nCode d'intervalle d'impulsion variable<br \/>\nCode de la pseudonoise<\/td>\n<\/tr>\n<tr class=\"row-15\">\n\t<td class=\"column-1\">Volume( mm)<\/td><td class=\"column-2\">98\u00d765\u00d752<\/td>\n<\/tr>\n<tr class=\"row-16\">\n\t<td class=\"column-1\">Poids<\/td><td class=\"column-2\">600 g<\/td>\n<\/tr>\n<tr class=\"row-17\">\n\t<td class=\"column-1\">Dur\u00e9e de l'irradiation<\/td><td class=\"column-2\">Cycle unique : \u226560s (intervalle : 60s, 2 cycles)<\/td>\n<\/tr>\n<tr class=\"row-18\">\n\t<td class=\"column-1\">Dur\u00e9e de l'intervalle continu<\/td><td class=\"column-2\">5min\uff081Hz\uff09\uff0c 2min\uff085Hz\uff09<\/td>\n<\/tr>\n<tr class=\"row-19\">\n\t<td class=\"column-1\">Temp. de fonctionnement.<\/td><td class=\"column-2\">-40\u2103~+ 60\u2103<\/td>\n<\/tr>\n<tr class=\"row-20\">\n\t<td class=\"column-1\">Vie professionnelle<\/td><td class=\"column-2\">Longue dur\u00e9e de vie, sup\u00e9rieure \u00e0 2 millions de cycles avec une d\u00e9gradation de l'\u00e9nergie inf\u00e9rieure \u00e0 10%.<\/td>\n<\/tr>\n<tr class=\"row-21\">\n\t<td class=\"column-1\">Stabilit\u00e9 de l'axe optique<\/td><td class=\"column-2\">\u22640.3mrad , Technologie:Cavit\u00e9 dynamique thermiquement stabilis\u00e9e<\/td>\n<\/tr>\n<tr class=\"row-22\">\n\t<td class=\"column-1\">Puissance de travail<\/td><td class=\"column-2\">Moyenne\u226425W<br \/>\nVeille\u22645W<br \/>\nCourant de cr\u00eate\u22643A<\/td>\n<\/tr>\n<tr class=\"row-23\">\n\t<td class=\"column-1\">Interface \u00e9lectrique<\/td><td class=\"column-2\">RS-422\uff08Configurable RS232 &amp; TTL Interfaces\uff09<\/td>\n<\/tr>\n<tr class=\"row-24\">\n\t<td class=\"column-1\">Vitesse de transmission<\/td><td class=\"column-2\">115200bps<\/td>\n<\/tr>\n<tr class=\"row-25\">\n\t<td class=\"column-1\">Plage configurable<\/td><td class=\"column-2\">\u00c9nergie laser : 20mJ\uff5e300mJ<br \/>\nInstabilit\u00e9 de l'axe optique : 0,1 mrad\uff5e3 mrad<br \/>\nEnveloppe profil\u00e9e<br \/>\nInterface \u00e9lectrique : RS-422\/RS232\/TTL<\/td>\n<\/tr>\n<\/tbody>\n<\/table>\n\n<hr \/>\n<h4>\u200b<strong>Applications<\/strong>\u200b<\/h4>\n<ul>\n<li>\u200b<strong>Syst\u00e8mes d'attaque par drone<\/strong>: Conseils pour les munitions de r\u00f4deur (par exemple, Switchblade 600)<\/li>\n<li>\u200b<strong>V\u00e9hicules blind\u00e9s<\/strong>: Ciblage int\u00e9gr\u00e9 pour les chars de combat principaux<\/li>\n<li>\u200b<strong>D\u00e9fense c\u00f4ti\u00e8re<\/strong>: Marquage de pr\u00e9cision \u00e0 bord des navires<\/li>\n<li>\u200b<strong>Infrastructures critiques<\/strong>: S\u00e9curit\u00e9 des centrales \u00e9lectriques et des p\u00e9rim\u00e8tres<\/li>\n<\/ul>\n<hr \/>\n<h4>\u200b<strong>Conformit\u00e9 et certification<\/strong>\u200b<\/h4>\n<ul>\n<li>\u200b<strong>Contr\u00f4l\u00e9 par ITAR<\/strong>(USML Cat\u00e9gorie XII)<\/li>\n<li>\u200b<strong>CE\/UKCA<\/strong>(en attente du 3e trimestre 2024)<\/li>\n<li>\u200b<strong>Conformit\u00e9 RoHS 3\/REACH SVHC<\/strong>\u200b<\/li>\n<li>\u200b<strong>Test\u00e9 selon la norme MIL-STD-461F EMI\/EMC<\/strong>\u200b<\/li>\n<\/ul>\n<hr \/>\n<h3>\u200b<strong>Utilisation op\u00e9rationnelle<\/strong>\u200b<\/h3>\n<ol>\n<li>\u200b<strong>Installation<\/strong>: Boulon via la plaque inf\u00e9rieure (plan\u00e9it\u00e9 \u22640,04mm) \u00e0 la surface thermoconductrice.<\/li>\n<li>\u200b<strong>Calibrage<\/strong>: Alignement \u00e0 l'aide de l'axe laser int\u00e9gr\u00e9 (parall\u00e9lisme \u22640.3mrad)<\/li>\n<li>\u200b<strong>Protocoles de s\u00e9curit\u00e9<\/strong>:\n<ul>\n<li>A l'int\u00e9rieur : APD OFF (par d\u00e9faut)<\/li>\n<li>A l'ext\u00e9rieur : APD ON pour la t\u00e9l\u00e9m\u00e9trie (\u00e9viter les cibles \u00e0 moins de 200 m)<\/li>\n<\/ul>\n<\/li>\n<\/ol>\n<p>&nbsp;<\/p>","protected":false},"excerpt":{"rendered":"<p>Le<strong>SFC40L<\/strong>de SUNFLASER livre<strong>\u00c9nergie laser de 40 mJ<\/strong>avec<strong>stabilit\u00e9 de l'\u00e9lite<\/strong>pour les missions de ciblage critiques. Con\u00e7ue pour \u00eatre int\u00e9gr\u00e9e aux plates-formes aux normes de l'OTAN (drones, v\u00e9hicules blind\u00e9s, syst\u00e8mes navals), son<strong>conception robuste de la coapture<\/strong>(98x65x52mm, 600g) fonctionne parfaitement en<strong>Extr\u00eames de -40\u00b0C \u00e0 +60\u00b0C<\/strong>- ce qui en fait la solution ultime pour les op\u00e9rations de d\u00e9fense, d'a\u00e9rospatiale et de s\u00e9curit\u00e9 \u00e0 fort impact.<\/p>","protected":false},"featured_media":7579,"comment_status":"closed","ping_status":"closed","template":"","meta":[],"product_brand":[],"product_cat":[96],"product_tag":[],"class_list":{"0":"post-7527","1":"product","2":"type-product","3":"status-publish","4":"has-post-thumbnail","6":"product_cat-1064nm-laser-target-designator-rangefinder","8":"first","9":"instock","10":"featured","11":"shipping-taxable","12":"product-type-simple"},"yoast_head":"<!-- This site is optimized with the Yoast SEO Premium plugin v24.8 (Yoast SEO v26.6) - https:\/\/yoast.com\/wordpress\/plugins\/seo\/ -->\n<title>1064nm Laser Target Designator &amp; Rangefinder 40mJ 7km SFC40L - SunFlaser Tech<\/title>\n<meta name=\"description\" content=\"The \u200bSFC40L\u200b from SUNFLASER\u200b delivers \u200b40mJ laser energy\u200b with \u200belite stability\u200b for critical targeting missions.\" \/>\n<meta name=\"robots\" content=\"index, follow, max-snippet:-1, max-image-preview:large, max-video-preview:-1\" \/>\n<link rel=\"canonical\" href=\"https:\/\/sunflaser.com\/fr\/shop\/1064nm-laser-target-designator-rangefinder-40mj-7km-sfc40l\/\" \/>\n<meta property=\"og:locale\" content=\"fr_FR\" \/>\n<meta property=\"og:type\" content=\"article\" \/>\n<meta property=\"og:title\" content=\"1064nm Laser Target Designator &amp; Rangefinder 40mJ 7km SFC40L\" \/>\n<meta property=\"og:description\" content=\"The \u200bSFC40L\u200b from SUNFLASER\u200b delivers \u200b40mJ laser energy\u200b with \u200belite stability\u200b for critical targeting missions.\" \/>\n<meta property=\"og:url\" content=\"https:\/\/sunflaser.com\/fr\/shop\/1064nm-laser-target-designator-rangefinder-40mj-7km-sfc40l\/\" \/>\n<meta property=\"og:site_name\" content=\"SunFlaser Tech\" \/>\n<meta property=\"article:modified_time\" content=\"2025-09-23T06:07:17+00:00\" \/>\n<meta property=\"og:image\" content=\"https:\/\/sunflaser.com\/wp-content\/uploads\/2025\/06\/SFC40L-01.png\" \/>\n\t<meta property=\"og:image:width\" content=\"800\" \/>\n\t<meta property=\"og:image:height\" content=\"800\" \/>\n\t<meta property=\"og:image:type\" content=\"image\/png\" \/>\n<meta name=\"twitter:card\" content=\"summary_large_image\" \/>\n<meta name=\"twitter:label1\" content=\"Dur\u00e9e de lecture estim\u00e9e\" \/>\n\t<meta name=\"twitter:data1\" content=\"2 minutes\" \/>\n<script type=\"application\/ld+json\" class=\"yoast-schema-graph\">{\"@context\":\"https:\/\/schema.org\",\"@graph\":[{\"@type\":\"WebPage\",\"@id\":\"https:\/\/sunflaser.com\/shop\/1064nm-laser-target-designator-rangefinder-40mj-7km-sfc40l\/\",\"url\":\"https:\/\/sunflaser.com\/shop\/1064nm-laser-target-designator-rangefinder-40mj-7km-sfc40l\/\",\"name\":\"1064nm Laser Target Designator & Rangefinder 40mJ 7km SFC40L - SunFlaser Tech\",\"isPartOf\":{\"@id\":\"https:\/\/sunflaser.com\/#website\"},\"primaryImageOfPage\":{\"@id\":\"https:\/\/sunflaser.com\/shop\/1064nm-laser-target-designator-rangefinder-40mj-7km-sfc40l\/#primaryimage\"},\"image\":{\"@id\":\"https:\/\/sunflaser.com\/shop\/1064nm-laser-target-designator-rangefinder-40mj-7km-sfc40l\/#primaryimage\"},\"thumbnailUrl\":\"https:\/\/sunflaser.com\/wp-content\/uploads\/2025\/06\/SFC40L-01.png\",\"datePublished\":\"2025-06-27T07:32:37+00:00\",\"dateModified\":\"2025-09-23T06:07:17+00:00\",\"description\":\"The \u200bSFC40L\u200b from SUNFLASER\u200b delivers \u200b40mJ laser energy\u200b with \u200belite stability\u200b for critical targeting missions.\",\"breadcrumb\":{\"@id\":\"https:\/\/sunflaser.com\/shop\/1064nm-laser-target-designator-rangefinder-40mj-7km-sfc40l\/#breadcrumb\"},\"inLanguage\":\"fr-FR\",\"potentialAction\":[{\"@type\":\"ReadAction\",\"target\":[\"https:\/\/sunflaser.com\/shop\/1064nm-laser-target-designator-rangefinder-40mj-7km-sfc40l\/\"]}]},{\"@type\":\"ImageObject\",\"inLanguage\":\"fr-FR\",\"@id\":\"https:\/\/sunflaser.com\/shop\/1064nm-laser-target-designator-rangefinder-40mj-7km-sfc40l\/#primaryimage\",\"url\":\"https:\/\/sunflaser.com\/wp-content\/uploads\/2025\/06\/SFC40L-01.png\",\"contentUrl\":\"https:\/\/sunflaser.com\/wp-content\/uploads\/2025\/06\/SFC40L-01.png\",\"width\":800,\"height\":800},{\"@type\":\"BreadcrumbList\",\"@id\":\"https:\/\/sunflaser.com\/shop\/1064nm-laser-target-designator-rangefinder-40mj-7km-sfc40l\/#breadcrumb\",\"itemListElement\":[{\"@type\":\"ListItem\",\"position\":1,\"name\":\"\u9996\u9875\",\"item\":\"https:\/\/sunflaser.com\/\"},{\"@type\":\"ListItem\",\"position\":2,\"name\":\"Product\",\"item\":\"https:\/\/sunflaser.com\/product\/\"},{\"@type\":\"ListItem\",\"position\":3,\"name\":\"1064nm Laser Target Designator &#038; Rangefinder 40mJ 7km SFC40L\"}]},{\"@type\":\"WebSite\",\"@id\":\"https:\/\/sunflaser.com\/#website\",\"url\":\"https:\/\/sunflaser.com\/\",\"name\":\"SunFlaser Tech\",\"description\":\"\",\"publisher\":{\"@id\":\"https:\/\/sunflaser.com\/#organization\"},\"potentialAction\":[{\"@type\":\"SearchAction\",\"target\":{\"@type\":\"EntryPoint\",\"urlTemplate\":\"https:\/\/sunflaser.com\/?s={search_term_string}\"},\"query-input\":{\"@type\":\"PropertyValueSpecification\",\"valueRequired\":true,\"valueName\":\"search_term_string\"}}],\"inLanguage\":\"fr-FR\"},{\"@type\":\"Organization\",\"@id\":\"https:\/\/sunflaser.com\/#organization\",\"name\":\"\u76db\u98de\u5149\u901f\u79d1\u6280\uff08\u6210\u90fd\uff09\u6709\u9650\u516c\u53f8\",\"alternateName\":\"\u76db\u98de\u5149\u901f\u79d1\u6280\uff08\u6210\u90fd\uff09\u6709\u9650\u516c\u53f8\",\"url\":\"https:\/\/sunflaser.com\/\",\"logo\":{\"@type\":\"ImageObject\",\"inLanguage\":\"fr-FR\",\"@id\":\"https:\/\/sunflaser.com\/#\/schema\/logo\/image\/\",\"url\":\"https:\/\/sunflaser.com\/wp-content\/uploads\/2025\/05\/Modern-S-Letter-Logo.png\",\"contentUrl\":\"https:\/\/sunflaser.com\/wp-content\/uploads\/2025\/05\/Modern-S-Letter-Logo.png\",\"width\":1024,\"height\":289,\"caption\":\"\u76db\u98de\u5149\u901f\u79d1\u6280\uff08\u6210\u90fd\uff09\u6709\u9650\u516c\u53f8\"},\"image\":{\"@id\":\"https:\/\/sunflaser.com\/#\/schema\/logo\/image\/\"}}]}<\/script>\n<!-- \/ Yoast SEO Premium plugin. -->","yoast_head_json":{"title":"1064nm Laser Target Designator & Rangefinder 40mJ 7km SFC40L - SunFlaser Tech","description":"The \u200bSFC40L\u200b from SUNFLASER\u200b delivers \u200b40mJ laser energy\u200b with \u200belite stability\u200b for critical targeting missions.","robots":{"index":"index","follow":"follow","max-snippet":"max-snippet:-1","max-image-preview":"max-image-preview:large","max-video-preview":"max-video-preview:-1"},"canonical":"https:\/\/sunflaser.com\/fr\/shop\/1064nm-laser-target-designator-rangefinder-40mj-7km-sfc40l\/","og_locale":"fr_FR","og_type":"article","og_title":"1064nm Laser Target Designator & Rangefinder 40mJ 7km SFC40L","og_description":"The \u200bSFC40L\u200b from SUNFLASER\u200b delivers \u200b40mJ laser energy\u200b with \u200belite stability\u200b for critical targeting missions.","og_url":"https:\/\/sunflaser.com\/fr\/shop\/1064nm-laser-target-designator-rangefinder-40mj-7km-sfc40l\/","og_site_name":"SunFlaser Tech","article_modified_time":"2025-09-23T06:07:17+00:00","og_image":[{"width":800,"height":800,"url":"https:\/\/sunflaser.com\/wp-content\/uploads\/2025\/06\/SFC40L-01.png","type":"image\/png"}],"twitter_card":"summary_large_image","twitter_misc":{"Dur\u00e9e de lecture estim\u00e9e":"2 minutes"},"schema":{"@context":"https:\/\/schema.org","@graph":[{"@type":"WebPage","@id":"https:\/\/sunflaser.com\/shop\/1064nm-laser-target-designator-rangefinder-40mj-7km-sfc40l\/","url":"https:\/\/sunflaser.com\/shop\/1064nm-laser-target-designator-rangefinder-40mj-7km-sfc40l\/","name":"1064nm Laser Target Designator & Rangefinder 40mJ 7km SFC40L - SunFlaser Tech","isPartOf":{"@id":"https:\/\/sunflaser.com\/#website"},"primaryImageOfPage":{"@id":"https:\/\/sunflaser.com\/shop\/1064nm-laser-target-designator-rangefinder-40mj-7km-sfc40l\/#primaryimage"},"image":{"@id":"https:\/\/sunflaser.com\/shop\/1064nm-laser-target-designator-rangefinder-40mj-7km-sfc40l\/#primaryimage"},"thumbnailUrl":"https:\/\/sunflaser.com\/wp-content\/uploads\/2025\/06\/SFC40L-01.png","datePublished":"2025-06-27T07:32:37+00:00","dateModified":"2025-09-23T06:07:17+00:00","description":"The \u200bSFC40L\u200b from SUNFLASER\u200b delivers \u200b40mJ laser energy\u200b with \u200belite stability\u200b for critical targeting missions.","breadcrumb":{"@id":"https:\/\/sunflaser.com\/shop\/1064nm-laser-target-designator-rangefinder-40mj-7km-sfc40l\/#breadcrumb"},"inLanguage":"fr-FR","potentialAction":[{"@type":"ReadAction","target":["https:\/\/sunflaser.com\/shop\/1064nm-laser-target-designator-rangefinder-40mj-7km-sfc40l\/"]}]},{"@type":"ImageObject","inLanguage":"fr-FR","@id":"https:\/\/sunflaser.com\/shop\/1064nm-laser-target-designator-rangefinder-40mj-7km-sfc40l\/#primaryimage","url":"https:\/\/sunflaser.com\/wp-content\/uploads\/2025\/06\/SFC40L-01.png","contentUrl":"https:\/\/sunflaser.com\/wp-content\/uploads\/2025\/06\/SFC40L-01.png","width":800,"height":800},{"@type":"BreadcrumbList","@id":"https:\/\/sunflaser.com\/shop\/1064nm-laser-target-designator-rangefinder-40mj-7km-sfc40l\/#breadcrumb","itemListElement":[{"@type":"ListItem","position":1,"name":"\u9996\u9875","item":"https:\/\/sunflaser.com\/"},{"@type":"ListItem","position":2,"name":"Product","item":"https:\/\/sunflaser.com\/product\/"},{"@type":"ListItem","position":3,"name":"1064nm Laser Target Designator &#038; Rangefinder 40mJ 7km SFC40L"}]},{"@type":"WebSite","@id":"https:\/\/sunflaser.com\/#website","url":"https:\/\/sunflaser.com\/","name":"SunFlaser Tech","description":"","publisher":{"@id":"https:\/\/sunflaser.com\/#organization"},"potentialAction":[{"@type":"SearchAction","target":{"@type":"EntryPoint","urlTemplate":"https:\/\/sunflaser.com\/?s={search_term_string}"},"query-input":{"@type":"PropertyValueSpecification","valueRequired":true,"valueName":"search_term_string"}}],"inLanguage":"fr-FR"},{"@type":"Organization","@id":"https:\/\/sunflaser.com\/#organization","name":"\u76db\u98de\u5149\u901f\u79d1\u6280\uff08\u6210\u90fd\uff09\u6709\u9650\u516c\u53f8","alternateName":"\u76db\u98de\u5149\u901f\u79d1\u6280\uff08\u6210\u90fd\uff09\u6709\u9650\u516c\u53f8","url":"https:\/\/sunflaser.com\/","logo":{"@type":"ImageObject","inLanguage":"fr-FR","@id":"https:\/\/sunflaser.com\/#\/schema\/logo\/image\/","url":"https:\/\/sunflaser.com\/wp-content\/uploads\/2025\/05\/Modern-S-Letter-Logo.png","contentUrl":"https:\/\/sunflaser.com\/wp-content\/uploads\/2025\/05\/Modern-S-Letter-Logo.png","width":1024,"height":289,"caption":"\u76db\u98de\u5149\u901f\u79d1\u6280\uff08\u6210\u90fd\uff09\u6709\u9650\u516c\u53f8"},"image":{"@id":"https:\/\/sunflaser.com\/#\/schema\/logo\/image\/"}}]}},"_links":{"self":[{"href":"https:\/\/sunflaser.com\/fr\/wp-json\/wp\/v2\/product\/7527","targetHints":{"allow":["GET"]}}],"collection":[{"href":"https:\/\/sunflaser.com\/fr\/wp-json\/wp\/v2\/product"}],"about":[{"href":"https:\/\/sunflaser.com\/fr\/wp-json\/wp\/v2\/types\/product"}],"replies":[{"embeddable":true,"href":"https:\/\/sunflaser.com\/fr\/wp-json\/wp\/v2\/comments?post=7527"}],"version-history":[{"count":0,"href":"https:\/\/sunflaser.com\/fr\/wp-json\/wp\/v2\/product\/7527\/revisions"}],"wp:featuredmedia":[{"embeddable":true,"href":"https:\/\/sunflaser.com\/fr\/wp-json\/wp\/v2\/media\/7579"}],"wp:attachment":[{"href":"https:\/\/sunflaser.com\/fr\/wp-json\/wp\/v2\/media?parent=7527"}],"wp:term":[{"taxonomy":"product_brand","embeddable":true,"href":"https:\/\/sunflaser.com\/fr\/wp-json\/wp\/v2\/product_brand?post=7527"},{"taxonomy":"product_cat","embeddable":true,"href":"https:\/\/sunflaser.com\/fr\/wp-json\/wp\/v2\/product_cat?post=7527"},{"taxonomy":"product_tag","embeddable":true,"href":"https:\/\/sunflaser.com\/fr\/wp-json\/wp\/v2\/product_tag?post=7527"}],"curies":[{"name":"wp","href":"https:\/\/api.w.org\/{rel}","templated":true}]}}