{"id":7520,"date":"2025-06-27T00:22:01","date_gmt":"2025-06-27T07:22:01","guid":{"rendered":"https:\/\/sunflaser.com\/?post_type=product&#038;p=7520"},"modified":"2025-09-22T22:59:30","modified_gmt":"2025-09-23T05:59:30","slug":"1064nm-laser-target-designator-rangefinder-20mj-5000m-sfc20l","status":"publish","type":"product","link":"https:\/\/sunflaser.com\/fr\/shop\/1064nm-laser-target-designator-rangefinder-20mj-5000m-sfc20l\/","title":{"rendered":"Designateur de cibles et t\u00e9l\u00e9m\u00e8tre laser 1064nm 20mJ 5km SFC20L"},"content":{"rendered":"<h3><strong>Principaux arguments de vente<\/strong>\u200b<\/h3>\n<p>\u2705<strong>Stabilit\u00e9 de l'\u00e9lite<\/strong>\u200b<\/p>\n<ul>\n<li>\u200b<strong>Cavit\u00e9 dynamique thermiquement stabilis\u00e9e<\/strong>: Stabilit\u00e9 de l'axe optique de 0,03 mrad (la meilleure de l'industrie)<\/li>\n<li>\u200b<strong>Contr\u00f4le actif de l'\u00e9nergie<\/strong>La surveillance en boucle ferm\u00e9e permet de d\u00e9tecter les fluctuations de la sortie \u22645%.<\/li>\n<li>\u200b<strong>Faisceau gaussien uniforme<\/strong>: Z\u00e9ro point de fuite pour un \u00e9clairage constant de la cible<\/li>\n<\/ul>\n<p>\u2705<strong>Durabilit\u00e9 in\u00e9gal\u00e9e<\/strong>\u200b<\/p>\n<ul>\n<li>\u200b<strong>Bo\u00eetier en aluminium de qualit\u00e9 a\u00e9ronautique<\/strong>: Blind\u00e9 EMI, pas de vis externes<\/li>\n<li>\u200b<strong>Dur\u00e9e de vie de l'impulsion 2M+<\/strong>: &lt;10% d\u00e9gradation de l&#039;\u00e9nergie apr\u00e8s une utilisation extr\u00eame<\/li>\n<li>\u200b<strong>R\u00e9sistant aux vibrations et aux chocs<\/strong>: Conforme \u00e0 la norme GJB150A.16-2009 (\u00e9quivalent MIL-STD-810H)<\/li>\n<\/ul>\n<p>\u2705<strong>Une agilit\u00e9 pr\u00eate \u00e0 l'emploi<\/strong>\u200b<\/p>\n<ul>\n<li>\u200b<strong>\u00c9chauffement z\u00e9ro<\/strong>: Activation instantan\u00e9e pour les op\u00e9rations dans l'Arctique et le d\u00e9sert<\/li>\n<li>\u200b<strong>Modules interchangeables \u00e0 chaud<\/strong>: Rempla\u00e7able sur le terrain en moins de 10 minutes gr\u00e2ce \u00e0 des connecteurs d'aviation<\/li>\n<li>\u200b<strong>Interfaces RS-422\/RS232\/TTL<\/strong>: Int\u00e9gration transparente de la plate-forme de l'OTAN<\/li>\n<\/ul>\n<p>\u2705<strong>Garanties intelligentes<\/strong>\u200b<\/p>\n<ul>\n<li>\u200b<strong>APD Protection contre le verrouillage<\/strong>: Evite d'endommager le capteur<\/li>\n<li>\u200b<strong>Autodestruction cod\u00e9e<\/strong>: Conformit\u00e9 de la s\u00e9curit\u00e9<\/li>\n<li>\u200b<strong>Surveillance de la sant\u00e9 en temps r\u00e9el<\/strong>: Nombre d'impulsions, temp\u00e9rature, \u00e9tat de l'alimentation<\/li>\n<\/ul>\n<p>\u2705<strong>Conception \u00e0 ouverture commune<\/strong><\/p>\n<ul>\n<li>L'\u00e9mission et la r\u00e9ception sont combin\u00e9es dans le m\u00eame diam\u00e8tre.<\/li>\n<\/ul>\n<hr \/>\n<h3>\u200b<strong>Sp\u00e9cifications techniques<\/strong>\u200b<\/h3>\n\n<table id=\"tablepress-35\" class=\"tablepress tablepress-id-35\">\n<thead>\n<tr class=\"row-1\">\n\t<th class=\"column-1\"><strong>Param\u00e8tres<\/strong><\/th><th class=\"column-2\"><strong>Valeur<\/strong><\/th>\n<\/tr>\n<\/thead>\n<tbody class=\"row-striping row-hover\">\n<tr class=\"row-2\">\n\t<td class=\"column-1\">Mod\u00e8le NO.<\/td><td class=\"column-2\">SFC20L<\/td>\n<\/tr>\n<tr class=\"row-3\">\n\t<td class=\"column-1\">Longueur d'onde<\/td><td class=\"column-2\">1064 nm<\/td>\n<\/tr>\n<tr class=\"row-4\">\n\t<td class=\"column-1\">\u00c9nergie laser<\/td><td class=\"column-2\">20 mJ<\/td>\n<\/tr>\n<tr class=\"row-5\">\n\t<td class=\"column-1\">Temps de d\u00e9marrage<\/td><td class=\"column-2\">Plug-and-Play<\/td>\n<\/tr>\n<tr class=\"row-6\">\n\t<td class=\"column-1\">Plage de fluctuation de l'\u00e9nergie<\/td><td class=\"column-2\">\u22645%\uff0cActive Energy Monitoring Closed-Loop Control Technology (technologie de contr\u00f4le en boucle ferm\u00e9e)<\/td>\n<\/tr>\n<tr class=\"row-7\">\n\t<td class=\"column-1\">Largeur d'impulsion<\/td><td class=\"column-2\">15\u00b15 ns<\/td>\n<\/tr>\n<tr class=\"row-8\">\n\t<td class=\"column-1\">Gamme de port\u00e9e<br \/>\n(visibilit\u00e9 de 10 km, r\u00e9flectivit\u00e9 de la cible sup\u00e9rieure \u00e0 20%, pour une cible de 2,3 m \u00d7 2,3 m)<\/td><td class=\"column-2\">\u22655 km<\/td>\n<\/tr>\n<tr class=\"row-9\">\n\t<td class=\"column-1\">Pr\u00e9cision de la recherche<\/td><td class=\"column-2\">\u00b1 5 m<\/td>\n<\/tr>\n<tr class=\"row-10\">\n\t<td class=\"column-1\">Plage d'irradiation<\/td><td class=\"column-2\">\u22652 km<\/td>\n<\/tr>\n<tr class=\"row-11\">\n\t<td class=\"column-1\">Pr\u00e9cision de l'encodage<\/td><td class=\"column-2\">\u22642 \u00b5s<\/td>\n<\/tr>\n<tr class=\"row-12\">\n\t<td class=\"column-1\">Angle de divergence<\/td><td class=\"column-2\">\u22640,5 mrad<\/td>\n<\/tr>\n<tr class=\"row-13\">\n\t<td class=\"column-1\">Fr\u00e9quence d'irradiation (base)<\/td><td class=\"column-2\">20 Hz<\/td>\n<\/tr>\n<tr class=\"row-14\">\n\t<td class=\"column-1\">Codage laser<\/td><td class=\"column-2\">Code de fr\u00e9quence de r\u00e9p\u00e9tition des impulsions<br \/>\nCode d'intervalle d'impulsion variable<br \/>\nCode de la pseudonoise<\/td>\n<\/tr>\n<tr class=\"row-15\">\n\t<td class=\"column-1\">Volume( mm)<\/td><td class=\"column-2\">88\u00d760\u00d752<\/td>\n<\/tr>\n<tr class=\"row-16\">\n\t<td class=\"column-1\">Poids<\/td><td class=\"column-2\">500 g<\/td>\n<\/tr>\n<tr class=\"row-17\">\n\t<td class=\"column-1\">Dur\u00e9e de l'irradiation<\/td><td class=\"column-2\">Cycle unique : \u226560s (intervalle : 60s, 2 cycles)<\/td>\n<\/tr>\n<tr class=\"row-18\">\n\t<td class=\"column-1\">Dur\u00e9e de la t\u00e9l\u00e9m\u00e9trie continue<\/td><td class=\"column-2\">5min\uff081Hz\uff09\uff0c 2min\uff085Hz\uff09<\/td>\n<\/tr>\n<tr class=\"row-19\">\n\t<td class=\"column-1\">Temp. de fonctionnement.<\/td><td class=\"column-2\">-40\u2103~+ 60\u2103<\/td>\n<\/tr>\n<tr class=\"row-20\">\n\t<td class=\"column-1\">La vie professionnelle<\/td><td class=\"column-2\">Longue dur\u00e9e de vie, sup\u00e9rieure \u00e0 2 millions de cycles avec une d\u00e9gradation de l'\u00e9nergie inf\u00e9rieure \u00e0 10%.<\/td>\n<\/tr>\n<tr class=\"row-21\">\n\t<td class=\"column-1\">Stabilit\u00e9 de l'axe optique<\/td><td class=\"column-2\">\u22640.3mrad , Technologie:Cavit\u00e9 dynamique thermiquement stabilis\u00e9e<\/td>\n<\/tr>\n<tr class=\"row-22\">\n\t<td class=\"column-1\">Puissance de travail<\/td><td class=\"column-2\">Moyenne\u226415W<br \/>\nVeille\u22645W<br \/>\nCourant de cr\u00eate\u22643A<\/td>\n<\/tr>\n<tr class=\"row-23\">\n\t<td class=\"column-1\">Interface \u00e9lectrique<\/td><td class=\"column-2\">RS-422\uff08Configurable RS232 &amp; TTL Interfaces\uff09<\/td>\n<\/tr>\n<tr class=\"row-24\">\n\t<td class=\"column-1\">D\u00e9bit en bauds<\/td><td class=\"column-2\">115200bps<\/td>\n<\/tr>\n<tr class=\"row-25\">\n\t<td class=\"column-1\">Plage configurable<\/td><td class=\"column-2\">\u00c9nergie laser : 20mJ\uff5e300mJ<br \/>\nInstabilit\u00e9 de l'axe optique : 0,1 mrad\uff5e3 mrad<br \/>\nEnveloppe profil\u00e9e<br \/>\nInterface \u00e9lectrique : RS-422\/RS232\/TTL<\/td>\n<\/tr>\n<\/tbody>\n<\/table>\n\n<hr \/>\n<h3>\u200b<strong>Fonctions essentielles<\/strong>\u200b<\/h3>\n<ul>\n<li>\u200b<strong>Ciblage de pr\u00e9cision<\/strong>: Codage PRF\/VPI\/pseudonoise configurable<\/li>\n<li>\u200b<strong>T\u00e9l\u00e9m\u00e9trie en temps r\u00e9el<\/strong>: Protection APD + contr\u00f4le de la port\u00e9e<\/li>\n<li>\u200b<strong>Diagnostics sur le terrain<\/strong>: Autotest int\u00e9gr\u00e9 et mises \u00e0 jour du micrologiciel via le port s\u00e9rie<\/li>\n<li>\u200b<strong>Protection de l'alimentation<\/strong>: Protection contre l'inversion de polarit\u00e9 et la surtension<\/li>\n<\/ul>\n<hr \/>\n<h3>\u200b<strong>Applications<\/strong>\u200b<\/h3>\n<ul>\n<li>\u200b<strong>Charges utiles des drones<\/strong>: Directives l\u00e9g\u00e8res pour les munitions en suspens<\/li>\n<li>\u200b<strong>Syst\u00e8mes de v\u00e9hicules<\/strong>: Montage r\u00e9sistant aux vibrations pour les r\u00e9servoirs\/APC<\/li>\n<li>\u200b<strong>Kits portables<\/strong>: Marquage laser des forces sp\u00e9ciales<\/li>\n<li>\u200b<strong>Simulateurs de formation<\/strong>: \u00c9mulation d'un sc\u00e9nario de tir r\u00e9el<\/li>\n<\/ul>\n<hr \/>\n<h3>\u200b<strong>Certifications et conformit\u00e9<\/strong>\u200b<\/h3>\n<ul>\n<li>\u200b<strong>Contr\u00f4l\u00e9 par ITAR<\/strong>(USML Cat\u00e9gorie XII) - Licence d'exportation requise<\/li>\n<li>\u200b<strong>Conformit\u00e9 RoHS\/REACH<\/strong>\u200b<\/li>\n<li>\u200b<strong>Test MIL-STD-810H<\/strong>(Chocs\/Vibrations)<\/li>\n<li>\u200b<strong>IEC 60825-1 Classe IV S\u00e9curit\u00e9 laser<\/strong>\u200b<\/li>\n<\/ul>\n<hr \/>\n<h3>\u200b<strong>Orientations op\u00e9rationnelles<\/strong>\u200b<\/h3>\n<ol>\n<li>\u200b<strong>Installation<\/strong>: Boulon sur une surface conductrice de chaleur (plan\u00e9it\u00e9 \u22640.04mm)<\/li>\n<li>\u200b<strong>Calibrage<\/strong>: Utiliser le spot laser pour l'alignement de l'axe (parall\u00e9lisme \u22640.3mrad)<\/li>\n<li>\u200b<strong>S\u00e9curit\u00e9<\/strong>: APD OFF \u00e0 l'int\u00e9rieur \/ APD ON pour la t\u00e9l\u00e9m\u00e9trie ext\u00e9rieure (\u00e9viter les cibles &lt;200m)<\/li>\n<\/ol>\n<hr \/>\n<h3>\u200b<strong>Pourquoi choisir SFC20L ?<\/strong>\u200b<\/h3>\n<blockquote><p><em>\u201c50% plus petit et 30% plus l\u00e9ger que les syst\u00e8mes existants - sans compromettre la pr\u00e9cision de niveau OTAN ou la durabilit\u00e9 pr\u00eate au combat. Le multiplicateur de force ultime pour la guerre moderne\u201d.\u201d<\/em><\/p><\/blockquote>","protected":false},"excerpt":{"rendered":"<p>Con\u00e7u par<strong>SUNFLASER<\/strong>(leader mondial dans le domaine des syst\u00e8mes de guidage laser), le SFC20L offre les avantages suivants<strong>pr\u00e9cision de niveau militaire<\/strong>dans un<strong>Emballage robuste de 500 g<\/strong>. Ce d\u00e9signateur laser 1064nm pr\u00eat \u00e0 l'emploi permet de<strong>marquage de pr\u00e9cision des cibles<\/strong>(divergence \u22640,5mrad) et<strong>t\u00e9l\u00e9m\u00e9trie \u00e0 longue port\u00e9e<\/strong>(5 km, pr\u00e9cision \u00b15 m) pour les drones, les v\u00e9hicules blind\u00e9s et les op\u00e9rations sp\u00e9ciales. Con\u00e7ue pour r\u00e9sister \u00e0 des conditions extr\u00eames (-40\u00b0C \u00e0 +60\u00b0C), elle \u00e9tablit la norme en mati\u00e8re de technologie de d\u00e9fense optimis\u00e9e en termes de taille, de poids et de puissance (SWaP).<\/p>","protected":false},"featured_media":7578,"comment_status":"closed","ping_status":"closed","template":"","meta":[],"product_brand":[],"product_cat":[96],"product_tag":[],"class_list":{"0":"post-7520","1":"product","2":"type-product","3":"status-publish","4":"has-post-thumbnail","6":"product_cat-1064nm-laser-target-designator-rangefinder","8":"first","9":"instock","10":"shipping-taxable","11":"product-type-simple"},"yoast_head":"<!-- This site is optimized with the Yoast SEO Premium plugin v24.8 (Yoast SEO v26.6) - https:\/\/yoast.com\/wordpress\/plugins\/seo\/ -->\n<title>1064nm Laser Target Designator &amp; Rangefinder\u200b 20mJ 5km SFC20L - SunFlaser Tech<\/title>\n<meta name=\"robots\" content=\"index, follow, max-snippet:-1, max-image-preview:large, max-video-preview:-1\" \/>\n<link rel=\"canonical\" href=\"https:\/\/sunflaser.com\/fr\/shop\/1064nm-laser-target-designator-rangefinder-20mj-5000m-sfc20l\/\" \/>\n<meta property=\"og:locale\" content=\"fr_FR\" \/>\n<meta property=\"og:type\" content=\"article\" \/>\n<meta property=\"og:title\" content=\"1064nm Laser Target Designator &amp; Rangefinder\u200b 20mJ 5km SFC20L\" \/>\n<meta property=\"og:description\" content=\"Engineered by \u200bSUNFLASER\u200b (a global leader in laser guidance systems), the SFC20L delivers \u200bmilitary-grade accuracy\u200b in a \u200b500g ruggedized package. This plug-and-play 1064nm laser designator enables \u200bprecision target marking\u200b (\u22640.5mrad divergence) and \u200blong-range ranging\u200b (5km, \u00b15m accuracy) for UAVs, armored vehicles, and special operations. Built to withstand extreme conditions (-40\u00b0C to +60\u00b0C), it sets the standard for SWaP-optimized (Size, Weight, and Power) defense tech.\" \/>\n<meta property=\"og:url\" content=\"https:\/\/sunflaser.com\/fr\/shop\/1064nm-laser-target-designator-rangefinder-20mj-5000m-sfc20l\/\" \/>\n<meta property=\"og:site_name\" content=\"SunFlaser Tech\" \/>\n<meta property=\"article:modified_time\" content=\"2025-09-23T05:59:30+00:00\" \/>\n<meta property=\"og:image\" content=\"https:\/\/sunflaser.com\/wp-content\/uploads\/2025\/06\/SFC20L-01.png\" \/>\n\t<meta property=\"og:image:width\" content=\"800\" \/>\n\t<meta property=\"og:image:height\" content=\"800\" \/>\n\t<meta property=\"og:image:type\" content=\"image\/png\" \/>\n<meta name=\"twitter:card\" content=\"summary_large_image\" \/>\n<meta name=\"twitter:label1\" content=\"Dur\u00e9e de lecture estim\u00e9e\" \/>\n\t<meta name=\"twitter:data1\" content=\"2 minutes\" \/>\n<script type=\"application\/ld+json\" class=\"yoast-schema-graph\">{\"@context\":\"https:\/\/schema.org\",\"@graph\":[{\"@type\":\"WebPage\",\"@id\":\"https:\/\/sunflaser.com\/shop\/1064nm-laser-target-designator-rangefinder-20mj-5000m-sfc20l\/\",\"url\":\"https:\/\/sunflaser.com\/shop\/1064nm-laser-target-designator-rangefinder-20mj-5000m-sfc20l\/\",\"name\":\"1064nm Laser Target Designator & Rangefinder\u200b 20mJ 5km SFC20L - SunFlaser Tech\",\"isPartOf\":{\"@id\":\"https:\/\/sunflaser.com\/#website\"},\"primaryImageOfPage\":{\"@id\":\"https:\/\/sunflaser.com\/shop\/1064nm-laser-target-designator-rangefinder-20mj-5000m-sfc20l\/#primaryimage\"},\"image\":{\"@id\":\"https:\/\/sunflaser.com\/shop\/1064nm-laser-target-designator-rangefinder-20mj-5000m-sfc20l\/#primaryimage\"},\"thumbnailUrl\":\"https:\/\/sunflaser.com\/wp-content\/uploads\/2025\/06\/SFC20L-01.png\",\"datePublished\":\"2025-06-27T07:22:01+00:00\",\"dateModified\":\"2025-09-23T05:59:30+00:00\",\"breadcrumb\":{\"@id\":\"https:\/\/sunflaser.com\/shop\/1064nm-laser-target-designator-rangefinder-20mj-5000m-sfc20l\/#breadcrumb\"},\"inLanguage\":\"fr-FR\",\"potentialAction\":[{\"@type\":\"ReadAction\",\"target\":[\"https:\/\/sunflaser.com\/shop\/1064nm-laser-target-designator-rangefinder-20mj-5000m-sfc20l\/\"]}]},{\"@type\":\"ImageObject\",\"inLanguage\":\"fr-FR\",\"@id\":\"https:\/\/sunflaser.com\/shop\/1064nm-laser-target-designator-rangefinder-20mj-5000m-sfc20l\/#primaryimage\",\"url\":\"https:\/\/sunflaser.com\/wp-content\/uploads\/2025\/06\/SFC20L-01.png\",\"contentUrl\":\"https:\/\/sunflaser.com\/wp-content\/uploads\/2025\/06\/SFC20L-01.png\",\"width\":800,\"height\":800},{\"@type\":\"BreadcrumbList\",\"@id\":\"https:\/\/sunflaser.com\/shop\/1064nm-laser-target-designator-rangefinder-20mj-5000m-sfc20l\/#breadcrumb\",\"itemListElement\":[{\"@type\":\"ListItem\",\"position\":1,\"name\":\"\u9996\u9875\",\"item\":\"https:\/\/sunflaser.com\/\"},{\"@type\":\"ListItem\",\"position\":2,\"name\":\"Product\",\"item\":\"https:\/\/sunflaser.com\/product\/\"},{\"@type\":\"ListItem\",\"position\":3,\"name\":\"1064nm Laser Target Designator &#038; Rangefinder\u200b 20mJ 5km SFC20L\"}]},{\"@type\":\"WebSite\",\"@id\":\"https:\/\/sunflaser.com\/#website\",\"url\":\"https:\/\/sunflaser.com\/\",\"name\":\"SunFlaser Tech\",\"description\":\"\",\"publisher\":{\"@id\":\"https:\/\/sunflaser.com\/#organization\"},\"potentialAction\":[{\"@type\":\"SearchAction\",\"target\":{\"@type\":\"EntryPoint\",\"urlTemplate\":\"https:\/\/sunflaser.com\/?s={search_term_string}\"},\"query-input\":{\"@type\":\"PropertyValueSpecification\",\"valueRequired\":true,\"valueName\":\"search_term_string\"}}],\"inLanguage\":\"fr-FR\"},{\"@type\":\"Organization\",\"@id\":\"https:\/\/sunflaser.com\/#organization\",\"name\":\"\u76db\u98de\u5149\u901f\u79d1\u6280\uff08\u6210\u90fd\uff09\u6709\u9650\u516c\u53f8\",\"alternateName\":\"\u76db\u98de\u5149\u901f\u79d1\u6280\uff08\u6210\u90fd\uff09\u6709\u9650\u516c\u53f8\",\"url\":\"https:\/\/sunflaser.com\/\",\"logo\":{\"@type\":\"ImageObject\",\"inLanguage\":\"fr-FR\",\"@id\":\"https:\/\/sunflaser.com\/#\/schema\/logo\/image\/\",\"url\":\"https:\/\/sunflaser.com\/wp-content\/uploads\/2025\/05\/Modern-S-Letter-Logo.png\",\"contentUrl\":\"https:\/\/sunflaser.com\/wp-content\/uploads\/2025\/05\/Modern-S-Letter-Logo.png\",\"width\":1024,\"height\":289,\"caption\":\"\u76db\u98de\u5149\u901f\u79d1\u6280\uff08\u6210\u90fd\uff09\u6709\u9650\u516c\u53f8\"},\"image\":{\"@id\":\"https:\/\/sunflaser.com\/#\/schema\/logo\/image\/\"}}]}<\/script>\n<!-- \/ Yoast SEO Premium plugin. -->","yoast_head_json":{"title":"1064nm Laser Target Designator & Rangefinder\u200b 20mJ 5km SFC20L - SunFlaser Tech","robots":{"index":"index","follow":"follow","max-snippet":"max-snippet:-1","max-image-preview":"max-image-preview:large","max-video-preview":"max-video-preview:-1"},"canonical":"https:\/\/sunflaser.com\/fr\/shop\/1064nm-laser-target-designator-rangefinder-20mj-5000m-sfc20l\/","og_locale":"fr_FR","og_type":"article","og_title":"1064nm Laser Target Designator & Rangefinder\u200b 20mJ 5km SFC20L","og_description":"Engineered by \u200bSUNFLASER\u200b (a global leader in laser guidance systems), the SFC20L delivers \u200bmilitary-grade accuracy\u200b in a \u200b500g ruggedized package. This plug-and-play 1064nm laser designator enables \u200bprecision target marking\u200b (\u22640.5mrad divergence) and \u200blong-range ranging\u200b (5km, \u00b15m accuracy) for UAVs, armored vehicles, and special operations. Built to withstand extreme conditions (-40\u00b0C to +60\u00b0C), it sets the standard for SWaP-optimized (Size, Weight, and Power) defense tech.","og_url":"https:\/\/sunflaser.com\/fr\/shop\/1064nm-laser-target-designator-rangefinder-20mj-5000m-sfc20l\/","og_site_name":"SunFlaser Tech","article_modified_time":"2025-09-23T05:59:30+00:00","og_image":[{"width":800,"height":800,"url":"https:\/\/sunflaser.com\/wp-content\/uploads\/2025\/06\/SFC20L-01.png","type":"image\/png"}],"twitter_card":"summary_large_image","twitter_misc":{"Dur\u00e9e de lecture estim\u00e9e":"2 minutes"},"schema":{"@context":"https:\/\/schema.org","@graph":[{"@type":"WebPage","@id":"https:\/\/sunflaser.com\/shop\/1064nm-laser-target-designator-rangefinder-20mj-5000m-sfc20l\/","url":"https:\/\/sunflaser.com\/shop\/1064nm-laser-target-designator-rangefinder-20mj-5000m-sfc20l\/","name":"1064nm Laser Target Designator & Rangefinder\u200b 20mJ 5km SFC20L - SunFlaser Tech","isPartOf":{"@id":"https:\/\/sunflaser.com\/#website"},"primaryImageOfPage":{"@id":"https:\/\/sunflaser.com\/shop\/1064nm-laser-target-designator-rangefinder-20mj-5000m-sfc20l\/#primaryimage"},"image":{"@id":"https:\/\/sunflaser.com\/shop\/1064nm-laser-target-designator-rangefinder-20mj-5000m-sfc20l\/#primaryimage"},"thumbnailUrl":"https:\/\/sunflaser.com\/wp-content\/uploads\/2025\/06\/SFC20L-01.png","datePublished":"2025-06-27T07:22:01+00:00","dateModified":"2025-09-23T05:59:30+00:00","breadcrumb":{"@id":"https:\/\/sunflaser.com\/shop\/1064nm-laser-target-designator-rangefinder-20mj-5000m-sfc20l\/#breadcrumb"},"inLanguage":"fr-FR","potentialAction":[{"@type":"ReadAction","target":["https:\/\/sunflaser.com\/shop\/1064nm-laser-target-designator-rangefinder-20mj-5000m-sfc20l\/"]}]},{"@type":"ImageObject","inLanguage":"fr-FR","@id":"https:\/\/sunflaser.com\/shop\/1064nm-laser-target-designator-rangefinder-20mj-5000m-sfc20l\/#primaryimage","url":"https:\/\/sunflaser.com\/wp-content\/uploads\/2025\/06\/SFC20L-01.png","contentUrl":"https:\/\/sunflaser.com\/wp-content\/uploads\/2025\/06\/SFC20L-01.png","width":800,"height":800},{"@type":"BreadcrumbList","@id":"https:\/\/sunflaser.com\/shop\/1064nm-laser-target-designator-rangefinder-20mj-5000m-sfc20l\/#breadcrumb","itemListElement":[{"@type":"ListItem","position":1,"name":"\u9996\u9875","item":"https:\/\/sunflaser.com\/"},{"@type":"ListItem","position":2,"name":"Product","item":"https:\/\/sunflaser.com\/product\/"},{"@type":"ListItem","position":3,"name":"1064nm Laser Target Designator &#038; Rangefinder\u200b 20mJ 5km SFC20L"}]},{"@type":"WebSite","@id":"https:\/\/sunflaser.com\/#website","url":"https:\/\/sunflaser.com\/","name":"SunFlaser Tech","description":"","publisher":{"@id":"https:\/\/sunflaser.com\/#organization"},"potentialAction":[{"@type":"SearchAction","target":{"@type":"EntryPoint","urlTemplate":"https:\/\/sunflaser.com\/?s={search_term_string}"},"query-input":{"@type":"PropertyValueSpecification","valueRequired":true,"valueName":"search_term_string"}}],"inLanguage":"fr-FR"},{"@type":"Organization","@id":"https:\/\/sunflaser.com\/#organization","name":"\u76db\u98de\u5149\u901f\u79d1\u6280\uff08\u6210\u90fd\uff09\u6709\u9650\u516c\u53f8","alternateName":"\u76db\u98de\u5149\u901f\u79d1\u6280\uff08\u6210\u90fd\uff09\u6709\u9650\u516c\u53f8","url":"https:\/\/sunflaser.com\/","logo":{"@type":"ImageObject","inLanguage":"fr-FR","@id":"https:\/\/sunflaser.com\/#\/schema\/logo\/image\/","url":"https:\/\/sunflaser.com\/wp-content\/uploads\/2025\/05\/Modern-S-Letter-Logo.png","contentUrl":"https:\/\/sunflaser.com\/wp-content\/uploads\/2025\/05\/Modern-S-Letter-Logo.png","width":1024,"height":289,"caption":"\u76db\u98de\u5149\u901f\u79d1\u6280\uff08\u6210\u90fd\uff09\u6709\u9650\u516c\u53f8"},"image":{"@id":"https:\/\/sunflaser.com\/#\/schema\/logo\/image\/"}}]}},"_links":{"self":[{"href":"https:\/\/sunflaser.com\/fr\/wp-json\/wp\/v2\/product\/7520","targetHints":{"allow":["GET"]}}],"collection":[{"href":"https:\/\/sunflaser.com\/fr\/wp-json\/wp\/v2\/product"}],"about":[{"href":"https:\/\/sunflaser.com\/fr\/wp-json\/wp\/v2\/types\/product"}],"replies":[{"embeddable":true,"href":"https:\/\/sunflaser.com\/fr\/wp-json\/wp\/v2\/comments?post=7520"}],"version-history":[{"count":0,"href":"https:\/\/sunflaser.com\/fr\/wp-json\/wp\/v2\/product\/7520\/revisions"}],"wp:featuredmedia":[{"embeddable":true,"href":"https:\/\/sunflaser.com\/fr\/wp-json\/wp\/v2\/media\/7578"}],"wp:attachment":[{"href":"https:\/\/sunflaser.com\/fr\/wp-json\/wp\/v2\/media?parent=7520"}],"wp:term":[{"taxonomy":"product_brand","embeddable":true,"href":"https:\/\/sunflaser.com\/fr\/wp-json\/wp\/v2\/product_brand?post=7520"},{"taxonomy":"product_cat","embeddable":true,"href":"https:\/\/sunflaser.com\/fr\/wp-json\/wp\/v2\/product_cat?post=7520"},{"taxonomy":"product_tag","embeddable":true,"href":"https:\/\/sunflaser.com\/fr\/wp-json\/wp\/v2\/product_tag?post=7520"}],"curies":[{"name":"wp","href":"https:\/\/api.w.org\/{rel}","templated":true}]}}