{"id":7516,"date":"2025-06-27T01:20:20","date_gmt":"2025-06-27T08:20:20","guid":{"rendered":"https:\/\/sunflaser.com\/?post_type=product&#038;p=7516"},"modified":"2025-09-23T00:02:31","modified_gmt":"2025-09-23T07:02:31","slug":"1064nm-laser-target-designator-rangefinder-80mj-10000m-sfc80l","status":"publish","type":"product","link":"https:\/\/sunflaser.com\/fr\/shop\/1064nm-laser-target-designator-rangefinder-80mj-10000m-sfc80l\/","title":{"rendered":"1064nm Laser Target Designator &amp; Rangefinder 80mJ 10km SFC80L"},"content":{"rendered":"<h3><strong>Principaux arguments de vente<\/strong>\u200b<\/h3>\n<p>\u2705<strong>Puissance et pr\u00e9cision in\u00e9gal\u00e9es<\/strong>\u200b<\/p>\n<ul>\n<li>\u200b<strong>\u00c9nergie laser 80mJ<\/strong>Les d\u00e9signations de l'OTAN : 2x la port\u00e9e de l'irridation par rapport aux d\u00e9signations standard de l'OTAN<\/li>\n<li>\u200b<strong>Contr\u00f4le du faisceau avec pr\u00e9cision<\/strong>: divergence \u22640,25mrad (la plus \u00e9troite de la classe)<\/li>\n<li>\u200b<strong>Contr\u00f4le actif de la stabilit\u00e9<\/strong>: \u22645% fluctuation de l'\u00e9nergie dans les temp\u00eates de sable\/le froid arctique<\/li>\n<\/ul>\n<p>\u2705<strong>Durabilit\u00e9 \u00e0 l'\u00e9preuve des champs de bataille<\/strong>\u200b<\/p>\n<ul>\n<li>\u200b<strong>Bo\u00eetier enti\u00e8rement m\u00e9tallique blind\u00e9 contre les interf\u00e9rences \u00e9lectromagn\u00e9tiques<\/strong>: Aucune vis externe ou pi\u00e8ce mobile<\/li>\n<li>\u200b<strong>Dur\u00e9e de vie de l'impulsion 2M+<\/strong>: &lt;10% d\u00e9gradation de l&#039;\u00e9nergie apr\u00e8s une utilisation extr\u00eame<\/li>\n<li>\u200b<strong>R\u00e9sistance aux vibrations et aux chocs<\/strong>: Valid\u00e9 selon la m\u00e9thode MIL-STD-810H 514.8<\/li>\n<\/ul>\n<p>\u2705<strong>Int\u00e9gration optimis\u00e9e par SWaP<\/strong>\u200b<\/p>\n<ul>\n<li>\u200b<strong>Ultra-compact<\/strong>: 110x73x60mm (convient aux baies pour drones avec le gain de place 50%)<\/li>\n<li>\u200b<strong>Faible consommation d'\u00e9nergie<\/strong>: \u226445W en moyenne | 28VDC (gamme 18-32V)<\/li>\n<li>\u200b<strong>Modules interchangeables \u00e0 chaud<\/strong>: Rempla\u00e7able sur le terrain en moins de 10 minutes gr\u00e2ce \u00e0 des connecteurs d'aviation<\/li>\n<\/ul>\n<p>\u2705<strong>Fonctionnement intelligent<\/strong>\u200b<\/p>\n<ul>\n<li>\u200b<strong>Activation Plug-and-Play<\/strong>: Temps de pr\u00e9chauffage nul<\/li>\n<li>\u200b<strong>Autodestruction cod\u00e9e<\/strong>: Conformit\u00e9 de la s\u00e9curit\u00e9<\/li>\n<li>\u200b<strong>Surveillance de la sant\u00e9 en temps r\u00e9el<\/strong>: Comptage d'impulsions, diagnostic de la temp\u00e9rature et de la tension<\/li>\n<\/ul>\n<p><strong>\u2705 Conception \u00e0 ouverture commune<\/strong><\/p>\n<ul>\n<li>L'\u00e9mission et la r\u00e9ception sont combin\u00e9es dans le m\u00eame diam\u00e8tre.<\/li>\n<\/ul>\n<hr \/>\n<h3>\u200b<strong>Sp\u00e9cifications techniques<\/strong>\u200b<\/h3>\n\n<table id=\"tablepress-38\" class=\"tablepress tablepress-id-38\">\n<thead>\n<tr class=\"row-1\">\n\t<th class=\"column-1\"><strong>Param\u00e8tres<\/strong><\/th><th class=\"column-2\"><strong>Valeur<\/strong><\/th>\n<\/tr>\n<\/thead>\n<tbody class=\"row-striping row-hover\">\n<tr class=\"row-2\">\n\t<td class=\"column-1\">Mod\u00e8le NO.<\/td><td class=\"column-2\">SFC80L<\/td>\n<\/tr>\n<tr class=\"row-3\">\n\t<td class=\"column-1\">Longueur d'onde<\/td><td class=\"column-2\">1064 nm<\/td>\n<\/tr>\n<tr class=\"row-4\">\n\t<td class=\"column-1\">\u00c9nergie laser<\/td><td class=\"column-2\">80 mJ<\/td>\n<\/tr>\n<tr class=\"row-5\">\n\t<td class=\"column-1\">Temps de d\u00e9marrage<\/td><td class=\"column-2\">Plug-and-Play<\/td>\n<\/tr>\n<tr class=\"row-6\">\n\t<td class=\"column-1\">Plage de fluctuation de l'\u00e9nergie<\/td><td class=\"column-2\">\u22645%\uff0cActive Energy Monitoring Closed-Loop Control Technology (technologie de contr\u00f4le en boucle ferm\u00e9e)<\/td>\n<\/tr>\n<tr class=\"row-7\">\n\t<td class=\"column-1\">Largeur d'impulsion<\/td><td class=\"column-2\">15\u00b15 ns<\/td>\n<\/tr>\n<tr class=\"row-8\">\n\t<td class=\"column-1\">Gamme de port\u00e9e<br \/>\n(visibilit\u00e9 de 10 km, r\u00e9flectivit\u00e9 de la cible sup\u00e9rieure \u00e0 20%, pour une cible de 2,3 m \u00d7 2,3 m)<\/td><td class=\"column-2\">\u226510 km<\/td>\n<\/tr>\n<tr class=\"row-9\">\n\t<td class=\"column-1\">Pr\u00e9cision de la recherche<\/td><td class=\"column-2\">\u00b1 5 m<\/td>\n<\/tr>\n<tr class=\"row-10\">\n\t<td class=\"column-1\">Plage d'irradiation<\/td><td class=\"column-2\">\u22658 km<\/td>\n<\/tr>\n<tr class=\"row-11\">\n\t<td class=\"column-1\">Pr\u00e9cision de l'encodage<\/td><td class=\"column-2\">\u22645 \u00b5s<\/td>\n<\/tr>\n<tr class=\"row-12\">\n\t<td class=\"column-1\">Angle de divergence<\/td><td class=\"column-2\">\u22640,25 mrad<\/td>\n<\/tr>\n<tr class=\"row-13\">\n\t<td class=\"column-1\">Fr\u00e9quence d'irradiation (base)<\/td><td class=\"column-2\">20 Hz<\/td>\n<\/tr>\n<tr class=\"row-14\">\n\t<td class=\"column-1\">Codage laser<\/td><td class=\"column-2\">Codage de la fr\u00e9quence de r\u00e9p\u00e9tition des impulsions<br \/>\nCode d'intervalle d'impulsion variable<br \/>\nCode de la pseudonoise<\/td>\n<\/tr>\n<tr class=\"row-15\">\n\t<td class=\"column-1\">Volume( mm)<\/td><td class=\"column-2\">110\u00d773\u00d760<\/td>\n<\/tr>\n<tr class=\"row-16\">\n\t<td class=\"column-1\">Poids<\/td><td class=\"column-2\">800 g<\/td>\n<\/tr>\n<tr class=\"row-17\">\n\t<td class=\"column-1\">Dur\u00e9e de l'irradiation<\/td><td class=\"column-2\">Cycle unique : \u226560s (intervalle : 60s, 2 cycles)<\/td>\n<\/tr>\n<tr class=\"row-18\">\n\t<td class=\"column-1\">Dur\u00e9e de l'intervalle continu<\/td><td class=\"column-2\">5min\uff081Hz\uff09\uff0c 2min\uff085Hz\uff09<\/td>\n<\/tr>\n<tr class=\"row-19\">\n\t<td class=\"column-1\">Temp. de fonctionnement.<\/td><td class=\"column-2\">-40\u2103~+ 60\u2103<\/td>\n<\/tr>\n<tr class=\"row-20\">\n\t<td class=\"column-1\">Vie professionnelle<\/td><td class=\"column-2\">Longue dur\u00e9e de vie, sup\u00e9rieure \u00e0 2 millions de cycles avec une d\u00e9gradation de l'\u00e9nergie inf\u00e9rieure \u00e0 10%.<\/td>\n<\/tr>\n<tr class=\"row-21\">\n\t<td class=\"column-1\">Stabilit\u00e9 de l'axe optique<\/td><td class=\"column-2\">\u22640.3mrad , Technologie:Cavit\u00e9 dynamique thermiquement stabilis\u00e9e<\/td>\n<\/tr>\n<tr class=\"row-22\">\n\t<td class=\"column-1\">Puissance de travail<\/td><td class=\"column-2\">Moyenne\u226445W<br \/>\nVeille\u22645W<br \/>\nCourant de cr\u00eate\u22644A<\/td>\n<\/tr>\n<tr class=\"row-23\">\n\t<td class=\"column-1\">Interface \u00e9lectrique<\/td><td class=\"column-2\">RS-422\uff08Configurable RS232 &amp; TTL Interfaces\uff09<\/td>\n<\/tr>\n<tr class=\"row-24\">\n\t<td class=\"column-1\">Vitesse de transmission<\/td><td class=\"column-2\">115200bps<\/td>\n<\/tr>\n<tr class=\"row-25\">\n\t<td class=\"column-1\">Plage configurable<\/td><td class=\"column-2\">\u00c9nergie laser : 20mJ\uff5e300mJ<br \/>\nInstabilit\u00e9 de l'axe optique : 0,1 mrad\uff5e3 mrad<br \/>\nEnveloppe profil\u00e9e<br \/>\nInterface \u00e9lectrique : RS-422\/RS232\/TTL<\/td>\n<\/tr>\n<\/tbody>\n<\/table>\n\n<hr \/>\n<h3>\u200b<strong>Fonctions essentielles<\/strong>\u200b<\/h3>\n<ul>\n<li>\u200b<strong>\u00c9clairage de pr\u00e9cision<\/strong>: Codage PRF\/VPI\/pseudonoise configurable<\/li>\n<li>\u200b<strong>T\u00e9l\u00e9m\u00e9trie prot\u00e9g\u00e9e par APD<\/strong>: Pr\u00e9vention automatique du verrouillage<\/li>\n<li>\u200b<strong>Diagnostics sur le terrain<\/strong>: Rapports d'\u00e9tat sur l'appareil + mises \u00e0 jour du micrologiciel<\/li>\n<li>\u200b<strong>Contr\u00f4le multiplateforme<\/strong>: Options d'interface RS-422\/RS232\/TTL<\/li>\n<\/ul>\n<hr \/>\n<h3>\u200b<strong>Applications<\/strong>\u200b<\/h3>\n<ul>\n<li>\u200b<strong>Charges utiles UCAV<\/strong>: Int\u00e9gration des drones de classe MQ-9 Reaper<\/li>\n<li>\u200b<strong>Syst\u00e8mes de v\u00e9hicules blind\u00e9s<\/strong>: Contr\u00f4le des tirs des chars et v\u00e9hicules blind\u00e9s l\u00e9gers<\/li>\n<li>\u200b<strong>Ciblage naval<\/strong>: D\u00e9fense c\u00f4ti\u00e8re et plates-formes navales<\/li>\n<li>\u200b<strong>Op\u00e9rations sp\u00e9ciales<\/strong>: Kits de reconnaissance \u00e0 longue port\u00e9e<\/li>\n<\/ul>\n<hr \/>\n<h3>\u200b<strong>Certifications et conformit\u00e9<\/strong>\u200b<\/h3>\n<ul>\n<li>\u200b<strong>Contr\u00f4l\u00e9 par ITAR<\/strong>(USML Cat\u00e9gorie XII - Licence d'exportation requise)<\/li>\n<li>\u200b<strong>MIL-STD-810H<\/strong>(Vibration\/Choc\/Temp\u00e9rature)<\/li>\n<li>\u200b<strong>IEC 60825-1 Classe IV<\/strong>S\u00e9curit\u00e9 laser<\/li>\n<li>\u200b<strong>Conformit\u00e9 RoHS 3\/REACH SVHC<\/strong>\u200b<\/li>\n<\/ul>\n<hr \/>\n<h3>\u200b<strong>Guide op\u00e9rationnel<\/strong>\u200b<\/h3>\n<ol>\n<li>\u200b<strong>Installation<\/strong>:\n<ul>\n<li>Boulon sur une surface thermoconductrice (plan\u00e9it\u00e9 \u22640.04mm)<\/li>\n<li>Retirer le film protecteur de la base de montage<\/li>\n<\/ul>\n<\/li>\n<li>\u200b<strong>Calibrage<\/strong>:\n<ul>\n<li>Utiliser le spot laser pour l'alignement de l'axe (parall\u00e9lisme \u22640.3mrad)<\/li>\n<\/ul>\n<\/li>\n<li>\u200b<strong>Protocoles de s\u00e9curit\u00e9<\/strong>:\n<ul>\n<li>\u200b<strong>UTILISATION INT\u00c9RIEURE<\/strong>: Maintenir l'APD d\u00e9sactiv\u00e9 (par d\u00e9faut)<\/li>\n<li>\u200b<strong>UTILISATION EN EXT\u00c9RIEUR<\/strong>: Activer l'APD pour la t\u00e9l\u00e9m\u00e9trie (\u00e9viter les cibles &lt;200m)<\/li>\n<\/ul>\n<\/li>\n<\/ol>","protected":false},"excerpt":{"rendered":"<p>Le<strong>SFC80L<\/strong>est l'outil de conception laser phare de SUNFLASER, con\u00e7u pour le<strong>d\u00e9signation d'un objectif \u00e0 port\u00e9e extr\u00eame<\/strong>(\u22658km) et<strong>t\u00e9l\u00e9m\u00e9trie de haute pr\u00e9cision<\/strong>(\u00b15m \u00e0 10km). Mod\u00e8le le plus puissant de la s\u00e9rie Polaris, il combine les caract\u00e9ristiques suivantes<strong>\u00c9nergie laser de 80 mJ<\/strong>avec<strong>robustesse de niveau militaire<\/strong>(test\u00e9 \u00e0<strong>GJB150A.16-2009\/MIL-STD-810H<\/strong>) en vue de son int\u00e9gration dans les drones, les v\u00e9hicules blind\u00e9s et les syst\u00e8mes de d\u00e9fense c\u00f4ti\u00e8re. Ses<strong>stabilisation thermique dynamique<\/strong>assure un fonctionnement fiable dans des environnements de -40\u00b0C \u00e0 +60\u00b0C.<\/p>","protected":false},"featured_media":7581,"comment_status":"closed","ping_status":"closed","template":"","meta":[],"product_brand":[],"product_cat":[96],"product_tag":[],"class_list":{"0":"post-7516","1":"product","2":"type-product","3":"status-publish","4":"has-post-thumbnail","6":"product_cat-1064nm-laser-target-designator-rangefinder","8":"first","9":"instock","10":"shipping-taxable","11":"product-type-simple"},"yoast_head":"<!-- This site is optimized with the Yoast SEO Premium plugin v24.8 (Yoast SEO v26.6) - https:\/\/yoast.com\/wordpress\/plugins\/seo\/ -->\n<title>1064nm Laser Target Designator &amp; Rangefinder 80mJ 10km SFC80L - SunFlaser Tech<\/title>\n<meta name=\"robots\" content=\"index, follow, max-snippet:-1, max-image-preview:large, max-video-preview:-1\" \/>\n<link rel=\"canonical\" href=\"https:\/\/sunflaser.com\/fr\/shop\/1064nm-laser-target-designator-rangefinder-80mj-10000m-sfc80l\/\" \/>\n<meta property=\"og:locale\" content=\"fr_FR\" \/>\n<meta property=\"og:type\" content=\"article\" \/>\n<meta property=\"og:title\" content=\"1064nm Laser Target Designator &amp; Rangefinder 80mJ 10km SFC80L\" \/>\n<meta property=\"og:description\" content=\"The \u200bSFC80L\u200b is SUNFLASER&#039;s flagship laser designator engineered for \u200bextreme-range target designation\u200b (\u22658km) and \u200bhigh-accuracy ranging\u200b (\u00b15m at 10km). As the most powerful model in the Polaris Series, it combines \u200b80mJ laser energy\u200b with \u200bmilitary-grade ruggedness\u200b (tested to \u200bGJB150A.16-2009\/MIL-STD-810H) for integration with UAVs, armored vehicles, and coastal defense systems. Its \u200bdynamic thermal stabilization\u200b ensures reliable operation in -40\u00b0C to +60\u00b0C environments.\" \/>\n<meta property=\"og:url\" content=\"https:\/\/sunflaser.com\/fr\/shop\/1064nm-laser-target-designator-rangefinder-80mj-10000m-sfc80l\/\" \/>\n<meta property=\"og:site_name\" content=\"SunFlaser Tech\" \/>\n<meta property=\"article:modified_time\" content=\"2025-09-23T07:02:31+00:00\" \/>\n<meta property=\"og:image\" content=\"https:\/\/sunflaser.com\/wp-content\/uploads\/2025\/06\/SFC80L-01.png\" \/>\n\t<meta property=\"og:image:width\" content=\"800\" \/>\n\t<meta property=\"og:image:height\" content=\"800\" \/>\n\t<meta property=\"og:image:type\" content=\"image\/png\" \/>\n<meta name=\"twitter:card\" content=\"summary_large_image\" \/>\n<meta name=\"twitter:label1\" content=\"Dur\u00e9e de lecture estim\u00e9e\" \/>\n\t<meta name=\"twitter:data1\" content=\"2 minutes\" \/>\n<script type=\"application\/ld+json\" class=\"yoast-schema-graph\">{\"@context\":\"https:\/\/schema.org\",\"@graph\":[{\"@type\":\"WebPage\",\"@id\":\"https:\/\/sunflaser.com\/shop\/1064nm-laser-target-designator-rangefinder-80mj-10000m-sfc80l\/\",\"url\":\"https:\/\/sunflaser.com\/shop\/1064nm-laser-target-designator-rangefinder-80mj-10000m-sfc80l\/\",\"name\":\"1064nm Laser Target Designator & Rangefinder 80mJ 10km SFC80L - SunFlaser Tech\",\"isPartOf\":{\"@id\":\"https:\/\/sunflaser.com\/#website\"},\"primaryImageOfPage\":{\"@id\":\"https:\/\/sunflaser.com\/shop\/1064nm-laser-target-designator-rangefinder-80mj-10000m-sfc80l\/#primaryimage\"},\"image\":{\"@id\":\"https:\/\/sunflaser.com\/shop\/1064nm-laser-target-designator-rangefinder-80mj-10000m-sfc80l\/#primaryimage\"},\"thumbnailUrl\":\"https:\/\/sunflaser.com\/wp-content\/uploads\/2025\/06\/SFC80L-01.png\",\"datePublished\":\"2025-06-27T08:20:20+00:00\",\"dateModified\":\"2025-09-23T07:02:31+00:00\",\"breadcrumb\":{\"@id\":\"https:\/\/sunflaser.com\/shop\/1064nm-laser-target-designator-rangefinder-80mj-10000m-sfc80l\/#breadcrumb\"},\"inLanguage\":\"fr-FR\",\"potentialAction\":[{\"@type\":\"ReadAction\",\"target\":[\"https:\/\/sunflaser.com\/shop\/1064nm-laser-target-designator-rangefinder-80mj-10000m-sfc80l\/\"]}]},{\"@type\":\"ImageObject\",\"inLanguage\":\"fr-FR\",\"@id\":\"https:\/\/sunflaser.com\/shop\/1064nm-laser-target-designator-rangefinder-80mj-10000m-sfc80l\/#primaryimage\",\"url\":\"https:\/\/sunflaser.com\/wp-content\/uploads\/2025\/06\/SFC80L-01.png\",\"contentUrl\":\"https:\/\/sunflaser.com\/wp-content\/uploads\/2025\/06\/SFC80L-01.png\",\"width\":800,\"height\":800},{\"@type\":\"BreadcrumbList\",\"@id\":\"https:\/\/sunflaser.com\/shop\/1064nm-laser-target-designator-rangefinder-80mj-10000m-sfc80l\/#breadcrumb\",\"itemListElement\":[{\"@type\":\"ListItem\",\"position\":1,\"name\":\"\u9996\u9875\",\"item\":\"https:\/\/sunflaser.com\/\"},{\"@type\":\"ListItem\",\"position\":2,\"name\":\"Product\",\"item\":\"https:\/\/sunflaser.com\/product\/\"},{\"@type\":\"ListItem\",\"position\":3,\"name\":\"1064nm Laser Target Designator &#038; Rangefinder 80mJ 10km SFC80L\"}]},{\"@type\":\"WebSite\",\"@id\":\"https:\/\/sunflaser.com\/#website\",\"url\":\"https:\/\/sunflaser.com\/\",\"name\":\"SunFlaser Tech\",\"description\":\"\",\"publisher\":{\"@id\":\"https:\/\/sunflaser.com\/#organization\"},\"potentialAction\":[{\"@type\":\"SearchAction\",\"target\":{\"@type\":\"EntryPoint\",\"urlTemplate\":\"https:\/\/sunflaser.com\/?s={search_term_string}\"},\"query-input\":{\"@type\":\"PropertyValueSpecification\",\"valueRequired\":true,\"valueName\":\"search_term_string\"}}],\"inLanguage\":\"fr-FR\"},{\"@type\":\"Organization\",\"@id\":\"https:\/\/sunflaser.com\/#organization\",\"name\":\"\u76db\u98de\u5149\u901f\u79d1\u6280\uff08\u6210\u90fd\uff09\u6709\u9650\u516c\u53f8\",\"alternateName\":\"\u76db\u98de\u5149\u901f\u79d1\u6280\uff08\u6210\u90fd\uff09\u6709\u9650\u516c\u53f8\",\"url\":\"https:\/\/sunflaser.com\/\",\"logo\":{\"@type\":\"ImageObject\",\"inLanguage\":\"fr-FR\",\"@id\":\"https:\/\/sunflaser.com\/#\/schema\/logo\/image\/\",\"url\":\"https:\/\/sunflaser.com\/wp-content\/uploads\/2025\/05\/Modern-S-Letter-Logo.png\",\"contentUrl\":\"https:\/\/sunflaser.com\/wp-content\/uploads\/2025\/05\/Modern-S-Letter-Logo.png\",\"width\":1024,\"height\":289,\"caption\":\"\u76db\u98de\u5149\u901f\u79d1\u6280\uff08\u6210\u90fd\uff09\u6709\u9650\u516c\u53f8\"},\"image\":{\"@id\":\"https:\/\/sunflaser.com\/#\/schema\/logo\/image\/\"}}]}<\/script>\n<!-- \/ Yoast SEO Premium plugin. -->","yoast_head_json":{"title":"1064nm Laser Target Designator & Rangefinder 80mJ 10km SFC80L - SunFlaser Tech","robots":{"index":"index","follow":"follow","max-snippet":"max-snippet:-1","max-image-preview":"max-image-preview:large","max-video-preview":"max-video-preview:-1"},"canonical":"https:\/\/sunflaser.com\/fr\/shop\/1064nm-laser-target-designator-rangefinder-80mj-10000m-sfc80l\/","og_locale":"fr_FR","og_type":"article","og_title":"1064nm Laser Target Designator & Rangefinder 80mJ 10km SFC80L","og_description":"The \u200bSFC80L\u200b is SUNFLASER's flagship laser designator engineered for \u200bextreme-range target designation\u200b (\u22658km) and \u200bhigh-accuracy ranging\u200b (\u00b15m at 10km). As the most powerful model in the Polaris Series, it combines \u200b80mJ laser energy\u200b with \u200bmilitary-grade ruggedness\u200b (tested to \u200bGJB150A.16-2009\/MIL-STD-810H) for integration with UAVs, armored vehicles, and coastal defense systems. Its \u200bdynamic thermal stabilization\u200b ensures reliable operation in -40\u00b0C to +60\u00b0C environments.","og_url":"https:\/\/sunflaser.com\/fr\/shop\/1064nm-laser-target-designator-rangefinder-80mj-10000m-sfc80l\/","og_site_name":"SunFlaser Tech","article_modified_time":"2025-09-23T07:02:31+00:00","og_image":[{"width":800,"height":800,"url":"https:\/\/sunflaser.com\/wp-content\/uploads\/2025\/06\/SFC80L-01.png","type":"image\/png"}],"twitter_card":"summary_large_image","twitter_misc":{"Dur\u00e9e de lecture estim\u00e9e":"2 minutes"},"schema":{"@context":"https:\/\/schema.org","@graph":[{"@type":"WebPage","@id":"https:\/\/sunflaser.com\/shop\/1064nm-laser-target-designator-rangefinder-80mj-10000m-sfc80l\/","url":"https:\/\/sunflaser.com\/shop\/1064nm-laser-target-designator-rangefinder-80mj-10000m-sfc80l\/","name":"1064nm Laser Target Designator & Rangefinder 80mJ 10km SFC80L - SunFlaser Tech","isPartOf":{"@id":"https:\/\/sunflaser.com\/#website"},"primaryImageOfPage":{"@id":"https:\/\/sunflaser.com\/shop\/1064nm-laser-target-designator-rangefinder-80mj-10000m-sfc80l\/#primaryimage"},"image":{"@id":"https:\/\/sunflaser.com\/shop\/1064nm-laser-target-designator-rangefinder-80mj-10000m-sfc80l\/#primaryimage"},"thumbnailUrl":"https:\/\/sunflaser.com\/wp-content\/uploads\/2025\/06\/SFC80L-01.png","datePublished":"2025-06-27T08:20:20+00:00","dateModified":"2025-09-23T07:02:31+00:00","breadcrumb":{"@id":"https:\/\/sunflaser.com\/shop\/1064nm-laser-target-designator-rangefinder-80mj-10000m-sfc80l\/#breadcrumb"},"inLanguage":"fr-FR","potentialAction":[{"@type":"ReadAction","target":["https:\/\/sunflaser.com\/shop\/1064nm-laser-target-designator-rangefinder-80mj-10000m-sfc80l\/"]}]},{"@type":"ImageObject","inLanguage":"fr-FR","@id":"https:\/\/sunflaser.com\/shop\/1064nm-laser-target-designator-rangefinder-80mj-10000m-sfc80l\/#primaryimage","url":"https:\/\/sunflaser.com\/wp-content\/uploads\/2025\/06\/SFC80L-01.png","contentUrl":"https:\/\/sunflaser.com\/wp-content\/uploads\/2025\/06\/SFC80L-01.png","width":800,"height":800},{"@type":"BreadcrumbList","@id":"https:\/\/sunflaser.com\/shop\/1064nm-laser-target-designator-rangefinder-80mj-10000m-sfc80l\/#breadcrumb","itemListElement":[{"@type":"ListItem","position":1,"name":"\u9996\u9875","item":"https:\/\/sunflaser.com\/"},{"@type":"ListItem","position":2,"name":"Product","item":"https:\/\/sunflaser.com\/product\/"},{"@type":"ListItem","position":3,"name":"1064nm Laser Target Designator &#038; Rangefinder 80mJ 10km SFC80L"}]},{"@type":"WebSite","@id":"https:\/\/sunflaser.com\/#website","url":"https:\/\/sunflaser.com\/","name":"SunFlaser Tech","description":"","publisher":{"@id":"https:\/\/sunflaser.com\/#organization"},"potentialAction":[{"@type":"SearchAction","target":{"@type":"EntryPoint","urlTemplate":"https:\/\/sunflaser.com\/?s={search_term_string}"},"query-input":{"@type":"PropertyValueSpecification","valueRequired":true,"valueName":"search_term_string"}}],"inLanguage":"fr-FR"},{"@type":"Organization","@id":"https:\/\/sunflaser.com\/#organization","name":"\u76db\u98de\u5149\u901f\u79d1\u6280\uff08\u6210\u90fd\uff09\u6709\u9650\u516c\u53f8","alternateName":"\u76db\u98de\u5149\u901f\u79d1\u6280\uff08\u6210\u90fd\uff09\u6709\u9650\u516c\u53f8","url":"https:\/\/sunflaser.com\/","logo":{"@type":"ImageObject","inLanguage":"fr-FR","@id":"https:\/\/sunflaser.com\/#\/schema\/logo\/image\/","url":"https:\/\/sunflaser.com\/wp-content\/uploads\/2025\/05\/Modern-S-Letter-Logo.png","contentUrl":"https:\/\/sunflaser.com\/wp-content\/uploads\/2025\/05\/Modern-S-Letter-Logo.png","width":1024,"height":289,"caption":"\u76db\u98de\u5149\u901f\u79d1\u6280\uff08\u6210\u90fd\uff09\u6709\u9650\u516c\u53f8"},"image":{"@id":"https:\/\/sunflaser.com\/#\/schema\/logo\/image\/"}}]}},"_links":{"self":[{"href":"https:\/\/sunflaser.com\/fr\/wp-json\/wp\/v2\/product\/7516","targetHints":{"allow":["GET"]}}],"collection":[{"href":"https:\/\/sunflaser.com\/fr\/wp-json\/wp\/v2\/product"}],"about":[{"href":"https:\/\/sunflaser.com\/fr\/wp-json\/wp\/v2\/types\/product"}],"replies":[{"embeddable":true,"href":"https:\/\/sunflaser.com\/fr\/wp-json\/wp\/v2\/comments?post=7516"}],"version-history":[{"count":0,"href":"https:\/\/sunflaser.com\/fr\/wp-json\/wp\/v2\/product\/7516\/revisions"}],"wp:featuredmedia":[{"embeddable":true,"href":"https:\/\/sunflaser.com\/fr\/wp-json\/wp\/v2\/media\/7581"}],"wp:attachment":[{"href":"https:\/\/sunflaser.com\/fr\/wp-json\/wp\/v2\/media?parent=7516"}],"wp:term":[{"taxonomy":"product_brand","embeddable":true,"href":"https:\/\/sunflaser.com\/fr\/wp-json\/wp\/v2\/product_brand?post=7516"},{"taxonomy":"product_cat","embeddable":true,"href":"https:\/\/sunflaser.com\/fr\/wp-json\/wp\/v2\/product_cat?post=7516"},{"taxonomy":"product_tag","embeddable":true,"href":"https:\/\/sunflaser.com\/fr\/wp-json\/wp\/v2\/product_tag?post=7516"}],"curies":[{"name":"wp","href":"https:\/\/api.w.org\/{rel}","templated":true}]}}