{"id":7504,"date":"2025-06-26T20:55:44","date_gmt":"2025-06-27T03:55:44","guid":{"rendered":"https:\/\/sunflaser.com\/?post_type=product&#038;p=7504"},"modified":"2025-09-22T23:15:26","modified_gmt":"2025-09-23T06:15:26","slug":"1064nm-laser-designator-rangefinder-160mj-50km-sfc160g","status":"publish","type":"product","link":"https:\/\/sunflaser.com\/fr\/shop\/1064nm-laser-designator-rangefinder-160mj-50km-sfc160g\/","title":{"rendered":"1064nm Laser Target Designator &amp; Rangefinder 160mJ 50km SFC160G"},"content":{"rendered":"<h4><strong>Principaux arguments de vente<\/strong><\/h4>\n<ol>\n<li>\u200b<strong>La sup\u00e9riorit\u00e9 du plug-and-play<\/strong>\u200b\n<ul>\n<li>\u200b<strong>Temps de pr\u00e9chauffage nul<\/strong>: Op\u00e9rationnel en quelques secondes, m\u00eame dans des conditions extr\u00eames de -40\u00b0C \u00e0 +60\u00b0C.<\/li>\n<li>\u200b<strong>Interface RS422<\/strong>: Int\u00e9gration transparente avec les plateformes existantes (drones, v\u00e9hicules blind\u00e9s, UAV).<\/li>\n<\/ul>\n<\/li>\n<li>\u200b<strong>Pr\u00e9cision et puissance in\u00e9gal\u00e9es<\/strong>\u200b\n<ul>\n<li>\u200b<strong>160mJ d'\u00e9nergie laser<\/strong>: La plus longue port\u00e9e de sa cat\u00e9gorie (200m-50,000m) avec une pr\u00e9cision de \u00b12m.<\/li>\n<li>\u200b<strong>0,3-0,4 mrad divergence du faisceau<\/strong>: Ciblage pr\u00e9cis des biens de grande valeur.<\/li>\n<\/ul>\n<\/li>\n<li>\u200b<strong>Durabilit\u00e9 de niveau militaire<\/strong>\u200b\n<ul>\n<li>\u200b<strong>R\u00e9silience certifi\u00e9e<\/strong>: Conforme \u00e0<strong>GJB150A.16-2009<\/strong>(vibrations\/chocs = \u00e9quivalent MIL-STD-810G).<\/li>\n<li>\u200b<strong>Stabilit\u00e9 \u00e0 pleine temp\u00e9rature<\/strong>Tol\u00e9rance de fluctuation de l'\u00e9nergie : \u00b18%.<\/li>\n<\/ul>\n<\/li>\n<li>\u200b<strong>Avantage d'un poids ultra-l\u00e9ger<\/strong>\u200b\n<ul>\n<li>\u200b<strong>L'outil tactique le plus l\u00e9ger<\/strong>: Poids \u22641,95kg (40% plus l\u00e9ger que les concurrents).<\/li>\n<li>\u200b<strong>Fonctionnement prolong\u00e9<\/strong>: 17s\/cycle d'irradiation pour les missions prolong\u00e9es (par exemple, 8 cycles \u00e0 intervalles de 10s).<\/li>\n<\/ul>\n<\/li>\n<\/ol>\n<hr \/>\n<h4><strong>Fonctions essentielles<\/strong>\u200b<\/h4>\n<ul>\n<li>\u200b<strong>D\u00e9signation de la cible laser<\/strong>: Encoder des munitions guid\u00e9es par laser avec une pr\u00e9cision \u22640,2\u03bcs.<\/li>\n<li>\u200b<strong>Mesures \u00e0 longue port\u00e9e<\/strong>: Port\u00e9e de 50 km \u00e0 un taux de rafra\u00eechissement de 5 Hz.<\/li>\n<li>\u200b<strong>Fonctionnement \u00e0 faible consommation d'\u00e9nergie<\/strong>Consommation moyenne : \u2264150W (alimentation 22V-32V DC).<\/li>\n<\/ul>\n<hr \/>\n<h4><strong>Applications<\/strong>\u200b<\/h4>\n<ul>\n<li>\u200b<strong>D\u00e9fense et op\u00e9rations tactiques<\/strong>: V\u00e9hicules blind\u00e9s, forces sp\u00e9ciales, artillerie de combat.<\/li>\n<li>\u200b<strong>A\u00e9rospatiale<\/strong>: Ciblage des drones, reconnaissance a\u00e9rienne, charges utiles des drones.<\/li>\n<li>\u200b<strong>Industriel<\/strong>: Arpentage, inspection des lignes \u00e9lectriques, recherche et sauvetage.<\/li>\n<li>\u200b<strong>Recherche<\/strong>: Surveillance de l'environnement, g\u00e9od\u00e9sie, cartographie de pr\u00e9cision.<\/li>\n<\/ul>\n<hr \/>\n<h4><strong>Sp\u00e9cifications techniques<\/strong>\u200b<\/h4>\n\n<table id=\"tablepress-34\" class=\"tablepress tablepress-id-34\">\n<thead>\n<tr class=\"row-1\">\n\t<th class=\"column-1\"><strong>Param\u00e8tres<\/strong><\/th><th class=\"column-2\"><strong>Valeur<\/strong><\/th>\n<\/tr>\n<\/thead>\n<tbody class=\"row-striping row-hover\">\n<tr class=\"row-2\">\n\t<td class=\"column-1\">L'\u00e9nergie<\/td><td class=\"column-2\">\u2265160mJ<\/td>\n<\/tr>\n<tr class=\"row-3\">\n\t<td class=\"column-1\">Longueur d'onde<\/td><td class=\"column-2\">1064nm<\/td>\n<\/tr>\n<tr class=\"row-4\">\n\t<td class=\"column-1\">Temps de d\u00e9marrage<\/td><td class=\"column-2\">Plug-and-Play<\/td>\n<\/tr>\n<tr class=\"row-5\">\n\t<td class=\"column-1\">Largeur d'impulsion<\/td><td class=\"column-2\">10ns\uff5e20ns<\/td>\n<\/tr>\n<tr class=\"row-6\">\n\t<td class=\"column-1\">Divergence du faisceau<\/td><td class=\"column-2\">0,3\uff5e0,4mrad<\/td>\n<\/tr>\n<tr class=\"row-7\">\n\t<td class=\"column-1\">Fluctuation de l'\u00e9nergie<\/td><td class=\"column-2\">\u00b18%(plage de temp\u00e9rature compl\u00e8te)<\/td>\n<\/tr>\n<tr class=\"row-8\">\n\t<td class=\"column-1\">Gamme de port\u00e9e<\/td><td class=\"column-2\">200m\uff5e50000m<\/td>\n<\/tr>\n<tr class=\"row-9\">\n\t<td class=\"column-1\">Pr\u00e9cision de la recherche<\/td><td class=\"column-2\">\u00b12m<\/td>\n<\/tr>\n<tr class=\"row-10\">\n\t<td class=\"column-1\">Fr\u00e9quence de t\u00e9l\u00e9m\u00e9trie<\/td><td class=\"column-2\">1Hz\/5Hz<\/td>\n<\/tr>\n<tr class=\"row-11\">\n\t<td class=\"column-1\">Pr\u00e9cision de l'encodage<\/td><td class=\"column-2\">\u22640.2us<\/td>\n<\/tr>\n<tr class=\"row-12\">\n\t<td class=\"column-1\">Fr\u00e9quence d'irradiation (base)<\/td><td class=\"column-2\">20Hz<\/td>\n<\/tr>\n<tr class=\"row-13\">\n\t<td class=\"column-1\">\u2605 Consommation \u00e9lectrique moyenne<\/td><td class=\"column-2\">\u2264150W<\/td>\n<\/tr>\n<tr class=\"row-14\">\n\t<td class=\"column-1\">\u2605 Poids<\/td><td class=\"column-2\">\u22641.95kg<\/td>\n<\/tr>\n<tr class=\"row-15\">\n\t<td class=\"column-1\">Dur\u00e9e de l'irradiation<\/td><td class=\"column-2\">Cycle unique : \u226517s (intervalle : 10s, 8 cycles) ;<br \/>\nCycle unique : \u226560s (intervalle : 60s, 2 cycles)<\/td>\n<\/tr>\n<tr class=\"row-16\">\n\t<td class=\"column-1\">Interface \u00e9lectrique<\/td><td class=\"column-2\">RS422<\/td>\n<\/tr>\n<tr class=\"row-17\">\n\t<td class=\"column-1\">Alimentation \u00e9lectrique<\/td><td class=\"column-2\">28V (22V-32V op\u00e9rationnel)<\/td>\n<\/tr>\n<tr class=\"row-18\">\n\t<td class=\"column-1\">Temp\u00e9rature de fonctionnement<\/td><td class=\"column-2\">-40\u2103\uff5e\ufe6260\u2103<\/td>\n<\/tr>\n<tr class=\"row-19\">\n\t<td class=\"column-1\">Temp\u00e9rature de stockage<\/td><td class=\"column-2\">-55\u2103\uff5e\ufe6270\u2103<\/td>\n<\/tr>\n<tr class=\"row-20\">\n\t<td class=\"column-1\">Vibrations<\/td><td class=\"column-2\">Conforme \u00e0 la norme GJB150A.16-2009 \u201cTest de vibration\u201d.\u201d<\/td>\n<\/tr>\n<tr class=\"row-21\">\n\t<td class=\"column-1\">Choc<\/td><td class=\"column-2\">Conforme \u00e0 la norme GJB150A.16-2009 \u201cShock Test\".<\/td>\n<\/tr>\n<\/tbody>\n<\/table>\n\n<p>Notes\uff1a<\/p>\n<ul>\n<li>Les param\u00e8tres marqu\u00e9s d'un \u2605 (poids, consommation \u00e9lectrique, volume) correspondent \u00e0 la divergence maximale du faisceau.<\/li>\n<li>La personnalisation est possible pour tous les produits.<\/li>\n<\/ul>\n<hr \/>\n<h4>\u200b<strong>Certifications et conformit\u00e9<\/strong>\u200b<\/h4>\n<ul>\n<li>\u200b<strong>Normes militaires<\/strong>: Enti\u00e8rement conforme aux tests de chocs\/vibrations par<strong>GJB150A.16-2009<\/strong>.<\/li>\n<li>\u200b<strong>R\u00e9silience environnementale<\/strong>: Fonctionne dans des conditions arctiques \u00e0 d\u00e9sertiques (-40\u00b0C \u00e0 +60\u00b0C).<\/li>\n<li>\u200b<strong>S\u00e9curit\u00e9<\/strong>: Conception sans danger pour les yeux, conforme aux protocoles internationaux de s\u00e9curit\u00e9 laser.<\/li>\n<\/ul>","protected":false},"excerpt":{"rendered":"<p>Le<strong>SFC160G<\/strong>est un d\u00e9signateur de cible et un t\u00e9l\u00e9m\u00e8tre laser \u00e0 coapture \u00e0 semi-conducteur \u00e0 la pointe de la technologie, con\u00e7u pour un d\u00e9ploiement rapide et une fiabilit\u00e9 extr\u00eame. Con\u00e7u par<strong>Technologie SUNFLASER<\/strong>- pionnier de la technologie des impulsions laser - ce syst\u00e8me pr\u00eat \u00e0 l'emploi offre une pr\u00e9cision in\u00e9gal\u00e9e pour les applications militaires, industrielles et a\u00e9rospatiales. Avec ses<strong>conception ultra-l\u00e9g\u00e8re<\/strong>(\u22641.95kg) et<strong>activation instantan\u00e9e<\/strong>, Il red\u00e9finit l'efficacit\u00e9 des missions critiques.<\/p>","protected":false},"featured_media":7483,"comment_status":"closed","ping_status":"closed","template":"","meta":[],"product_brand":[],"product_cat":[96],"product_tag":[],"class_list":{"0":"post-7504","1":"product","2":"type-product","3":"status-publish","4":"has-post-thumbnail","6":"product_cat-1064nm-laser-target-designator-rangefinder","8":"first","9":"instock","10":"shipping-taxable","11":"product-type-simple"},"yoast_head":"<!-- This site is optimized with the Yoast SEO Premium plugin v24.8 (Yoast SEO v26.6) - https:\/\/yoast.com\/wordpress\/plugins\/seo\/ -->\n<title>1064nm Laser Target Designator &amp; Rangefinder\u200b 160mJ 50km SFC160G - SunFlaser Tech<\/title>\n<meta name=\"description\" content=\"The \u200bSFC160G\u200b is a cutting-edge semiconductor co-aperture laser target designator and rangefinder engineered for rapid deployment and extreme reliability.\" \/>\n<meta name=\"robots\" content=\"index, follow, max-snippet:-1, max-image-preview:large, max-video-preview:-1\" \/>\n<link rel=\"canonical\" href=\"https:\/\/sunflaser.com\/fr\/shop\/1064nm-laser-designator-rangefinder-160mj-50km-sfc160g\/\" \/>\n<meta property=\"og:locale\" content=\"fr_FR\" \/>\n<meta property=\"og:type\" content=\"article\" \/>\n<meta property=\"og:title\" content=\"1064nm Laser Target Designator &amp; Rangefinder\u200b 160mJ 50km SFC160G\" \/>\n<meta property=\"og:description\" content=\"The \u200bSFC160G\u200b is a cutting-edge semiconductor co-aperture laser target designator and rangefinder engineered for rapid deployment and extreme reliability.\" \/>\n<meta property=\"og:url\" content=\"https:\/\/sunflaser.com\/fr\/shop\/1064nm-laser-designator-rangefinder-160mj-50km-sfc160g\/\" \/>\n<meta property=\"og:site_name\" content=\"SunFlaser Tech\" \/>\n<meta property=\"article:modified_time\" content=\"2025-09-23T06:15:26+00:00\" \/>\n<meta property=\"og:image\" content=\"https:\/\/sunflaser.com\/wp-content\/uploads\/2025\/04\/SFC160A.png\" \/>\n\t<meta property=\"og:image:width\" content=\"800\" \/>\n\t<meta property=\"og:image:height\" content=\"800\" \/>\n\t<meta property=\"og:image:type\" content=\"image\/png\" \/>\n<meta name=\"twitter:card\" content=\"summary_large_image\" \/>\n<meta name=\"twitter:label1\" content=\"Dur\u00e9e de lecture estim\u00e9e\" \/>\n\t<meta name=\"twitter:data1\" content=\"2 minutes\" \/>\n<script type=\"application\/ld+json\" class=\"yoast-schema-graph\">{\"@context\":\"https:\/\/schema.org\",\"@graph\":[{\"@type\":\"WebPage\",\"@id\":\"https:\/\/sunflaser.com\/shop\/1064nm-laser-designator-rangefinder-160mj-50km-sfc160g\/\",\"url\":\"https:\/\/sunflaser.com\/shop\/1064nm-laser-designator-rangefinder-160mj-50km-sfc160g\/\",\"name\":\"1064nm Laser Target Designator & Rangefinder\u200b 160mJ 50km SFC160G - SunFlaser Tech\",\"isPartOf\":{\"@id\":\"https:\/\/sunflaser.com\/#website\"},\"primaryImageOfPage\":{\"@id\":\"https:\/\/sunflaser.com\/shop\/1064nm-laser-designator-rangefinder-160mj-50km-sfc160g\/#primaryimage\"},\"image\":{\"@id\":\"https:\/\/sunflaser.com\/shop\/1064nm-laser-designator-rangefinder-160mj-50km-sfc160g\/#primaryimage\"},\"thumbnailUrl\":\"https:\/\/sunflaser.com\/wp-content\/uploads\/2025\/04\/SFC160A.png\",\"datePublished\":\"2025-06-27T03:55:44+00:00\",\"dateModified\":\"2025-09-23T06:15:26+00:00\",\"description\":\"The \u200bSFC160G\u200b is a cutting-edge semiconductor co-aperture laser target designator and rangefinder engineered for rapid deployment and extreme reliability.\",\"breadcrumb\":{\"@id\":\"https:\/\/sunflaser.com\/shop\/1064nm-laser-designator-rangefinder-160mj-50km-sfc160g\/#breadcrumb\"},\"inLanguage\":\"fr-FR\",\"potentialAction\":[{\"@type\":\"ReadAction\",\"target\":[\"https:\/\/sunflaser.com\/shop\/1064nm-laser-designator-rangefinder-160mj-50km-sfc160g\/\"]}]},{\"@type\":\"ImageObject\",\"inLanguage\":\"fr-FR\",\"@id\":\"https:\/\/sunflaser.com\/shop\/1064nm-laser-designator-rangefinder-160mj-50km-sfc160g\/#primaryimage\",\"url\":\"https:\/\/sunflaser.com\/wp-content\/uploads\/2025\/04\/SFC160A.png\",\"contentUrl\":\"https:\/\/sunflaser.com\/wp-content\/uploads\/2025\/04\/SFC160A.png\",\"width\":800,\"height\":800},{\"@type\":\"BreadcrumbList\",\"@id\":\"https:\/\/sunflaser.com\/shop\/1064nm-laser-designator-rangefinder-160mj-50km-sfc160g\/#breadcrumb\",\"itemListElement\":[{\"@type\":\"ListItem\",\"position\":1,\"name\":\"\u9996\u9875\",\"item\":\"https:\/\/sunflaser.com\/\"},{\"@type\":\"ListItem\",\"position\":2,\"name\":\"Product\",\"item\":\"https:\/\/sunflaser.com\/product\/\"},{\"@type\":\"ListItem\",\"position\":3,\"name\":\"1064nm Laser Target Designator &#038; Rangefinder\u200b 160mJ 50km SFC160G\"}]},{\"@type\":\"WebSite\",\"@id\":\"https:\/\/sunflaser.com\/#website\",\"url\":\"https:\/\/sunflaser.com\/\",\"name\":\"SunFlaser Tech\",\"description\":\"\",\"publisher\":{\"@id\":\"https:\/\/sunflaser.com\/#organization\"},\"potentialAction\":[{\"@type\":\"SearchAction\",\"target\":{\"@type\":\"EntryPoint\",\"urlTemplate\":\"https:\/\/sunflaser.com\/?s={search_term_string}\"},\"query-input\":{\"@type\":\"PropertyValueSpecification\",\"valueRequired\":true,\"valueName\":\"search_term_string\"}}],\"inLanguage\":\"fr-FR\"},{\"@type\":\"Organization\",\"@id\":\"https:\/\/sunflaser.com\/#organization\",\"name\":\"\u76db\u98de\u5149\u901f\u79d1\u6280\uff08\u6210\u90fd\uff09\u6709\u9650\u516c\u53f8\",\"alternateName\":\"\u76db\u98de\u5149\u901f\u79d1\u6280\uff08\u6210\u90fd\uff09\u6709\u9650\u516c\u53f8\",\"url\":\"https:\/\/sunflaser.com\/\",\"logo\":{\"@type\":\"ImageObject\",\"inLanguage\":\"fr-FR\",\"@id\":\"https:\/\/sunflaser.com\/#\/schema\/logo\/image\/\",\"url\":\"https:\/\/sunflaser.com\/wp-content\/uploads\/2025\/05\/Modern-S-Letter-Logo.png\",\"contentUrl\":\"https:\/\/sunflaser.com\/wp-content\/uploads\/2025\/05\/Modern-S-Letter-Logo.png\",\"width\":1024,\"height\":289,\"caption\":\"\u76db\u98de\u5149\u901f\u79d1\u6280\uff08\u6210\u90fd\uff09\u6709\u9650\u516c\u53f8\"},\"image\":{\"@id\":\"https:\/\/sunflaser.com\/#\/schema\/logo\/image\/\"}}]}<\/script>\n<!-- \/ Yoast SEO Premium plugin. -->","yoast_head_json":{"title":"1064nm Laser Target Designator & Rangefinder\u200b 160mJ 50km SFC160G - SunFlaser Tech","description":"The \u200bSFC160G\u200b is a cutting-edge semiconductor co-aperture laser target designator and rangefinder engineered for rapid deployment and extreme reliability.","robots":{"index":"index","follow":"follow","max-snippet":"max-snippet:-1","max-image-preview":"max-image-preview:large","max-video-preview":"max-video-preview:-1"},"canonical":"https:\/\/sunflaser.com\/fr\/shop\/1064nm-laser-designator-rangefinder-160mj-50km-sfc160g\/","og_locale":"fr_FR","og_type":"article","og_title":"1064nm Laser Target Designator & Rangefinder\u200b 160mJ 50km SFC160G","og_description":"The \u200bSFC160G\u200b is a cutting-edge semiconductor co-aperture laser target designator and rangefinder engineered for rapid deployment and extreme reliability.","og_url":"https:\/\/sunflaser.com\/fr\/shop\/1064nm-laser-designator-rangefinder-160mj-50km-sfc160g\/","og_site_name":"SunFlaser Tech","article_modified_time":"2025-09-23T06:15:26+00:00","og_image":[{"width":800,"height":800,"url":"https:\/\/sunflaser.com\/wp-content\/uploads\/2025\/04\/SFC160A.png","type":"image\/png"}],"twitter_card":"summary_large_image","twitter_misc":{"Dur\u00e9e de lecture estim\u00e9e":"2 minutes"},"schema":{"@context":"https:\/\/schema.org","@graph":[{"@type":"WebPage","@id":"https:\/\/sunflaser.com\/shop\/1064nm-laser-designator-rangefinder-160mj-50km-sfc160g\/","url":"https:\/\/sunflaser.com\/shop\/1064nm-laser-designator-rangefinder-160mj-50km-sfc160g\/","name":"1064nm Laser Target Designator & Rangefinder\u200b 160mJ 50km SFC160G - SunFlaser Tech","isPartOf":{"@id":"https:\/\/sunflaser.com\/#website"},"primaryImageOfPage":{"@id":"https:\/\/sunflaser.com\/shop\/1064nm-laser-designator-rangefinder-160mj-50km-sfc160g\/#primaryimage"},"image":{"@id":"https:\/\/sunflaser.com\/shop\/1064nm-laser-designator-rangefinder-160mj-50km-sfc160g\/#primaryimage"},"thumbnailUrl":"https:\/\/sunflaser.com\/wp-content\/uploads\/2025\/04\/SFC160A.png","datePublished":"2025-06-27T03:55:44+00:00","dateModified":"2025-09-23T06:15:26+00:00","description":"The \u200bSFC160G\u200b is a cutting-edge semiconductor co-aperture laser target designator and rangefinder engineered for rapid deployment and extreme reliability.","breadcrumb":{"@id":"https:\/\/sunflaser.com\/shop\/1064nm-laser-designator-rangefinder-160mj-50km-sfc160g\/#breadcrumb"},"inLanguage":"fr-FR","potentialAction":[{"@type":"ReadAction","target":["https:\/\/sunflaser.com\/shop\/1064nm-laser-designator-rangefinder-160mj-50km-sfc160g\/"]}]},{"@type":"ImageObject","inLanguage":"fr-FR","@id":"https:\/\/sunflaser.com\/shop\/1064nm-laser-designator-rangefinder-160mj-50km-sfc160g\/#primaryimage","url":"https:\/\/sunflaser.com\/wp-content\/uploads\/2025\/04\/SFC160A.png","contentUrl":"https:\/\/sunflaser.com\/wp-content\/uploads\/2025\/04\/SFC160A.png","width":800,"height":800},{"@type":"BreadcrumbList","@id":"https:\/\/sunflaser.com\/shop\/1064nm-laser-designator-rangefinder-160mj-50km-sfc160g\/#breadcrumb","itemListElement":[{"@type":"ListItem","position":1,"name":"\u9996\u9875","item":"https:\/\/sunflaser.com\/"},{"@type":"ListItem","position":2,"name":"Product","item":"https:\/\/sunflaser.com\/product\/"},{"@type":"ListItem","position":3,"name":"1064nm Laser Target Designator &#038; Rangefinder\u200b 160mJ 50km SFC160G"}]},{"@type":"WebSite","@id":"https:\/\/sunflaser.com\/#website","url":"https:\/\/sunflaser.com\/","name":"SunFlaser Tech","description":"","publisher":{"@id":"https:\/\/sunflaser.com\/#organization"},"potentialAction":[{"@type":"SearchAction","target":{"@type":"EntryPoint","urlTemplate":"https:\/\/sunflaser.com\/?s={search_term_string}"},"query-input":{"@type":"PropertyValueSpecification","valueRequired":true,"valueName":"search_term_string"}}],"inLanguage":"fr-FR"},{"@type":"Organization","@id":"https:\/\/sunflaser.com\/#organization","name":"\u76db\u98de\u5149\u901f\u79d1\u6280\uff08\u6210\u90fd\uff09\u6709\u9650\u516c\u53f8","alternateName":"\u76db\u98de\u5149\u901f\u79d1\u6280\uff08\u6210\u90fd\uff09\u6709\u9650\u516c\u53f8","url":"https:\/\/sunflaser.com\/","logo":{"@type":"ImageObject","inLanguage":"fr-FR","@id":"https:\/\/sunflaser.com\/#\/schema\/logo\/image\/","url":"https:\/\/sunflaser.com\/wp-content\/uploads\/2025\/05\/Modern-S-Letter-Logo.png","contentUrl":"https:\/\/sunflaser.com\/wp-content\/uploads\/2025\/05\/Modern-S-Letter-Logo.png","width":1024,"height":289,"caption":"\u76db\u98de\u5149\u901f\u79d1\u6280\uff08\u6210\u90fd\uff09\u6709\u9650\u516c\u53f8"},"image":{"@id":"https:\/\/sunflaser.com\/#\/schema\/logo\/image\/"}}]}},"_links":{"self":[{"href":"https:\/\/sunflaser.com\/fr\/wp-json\/wp\/v2\/product\/7504","targetHints":{"allow":["GET"]}}],"collection":[{"href":"https:\/\/sunflaser.com\/fr\/wp-json\/wp\/v2\/product"}],"about":[{"href":"https:\/\/sunflaser.com\/fr\/wp-json\/wp\/v2\/types\/product"}],"replies":[{"embeddable":true,"href":"https:\/\/sunflaser.com\/fr\/wp-json\/wp\/v2\/comments?post=7504"}],"version-history":[{"count":0,"href":"https:\/\/sunflaser.com\/fr\/wp-json\/wp\/v2\/product\/7504\/revisions"}],"wp:featuredmedia":[{"embeddable":true,"href":"https:\/\/sunflaser.com\/fr\/wp-json\/wp\/v2\/media\/7483"}],"wp:attachment":[{"href":"https:\/\/sunflaser.com\/fr\/wp-json\/wp\/v2\/media?parent=7504"}],"wp:term":[{"taxonomy":"product_brand","embeddable":true,"href":"https:\/\/sunflaser.com\/fr\/wp-json\/wp\/v2\/product_brand?post=7504"},{"taxonomy":"product_cat","embeddable":true,"href":"https:\/\/sunflaser.com\/fr\/wp-json\/wp\/v2\/product_cat?post=7504"},{"taxonomy":"product_tag","embeddable":true,"href":"https:\/\/sunflaser.com\/fr\/wp-json\/wp\/v2\/product_tag?post=7504"}],"curies":[{"name":"wp","href":"https:\/\/api.w.org\/{rel}","templated":true}]}}