{"id":7494,"date":"2025-06-26T20:32:40","date_gmt":"2025-06-27T03:32:40","guid":{"rendered":"https:\/\/sunflaser.com\/?post_type=product&#038;p=7494"},"modified":"2025-11-10T01:12:08","modified_gmt":"2025-11-10T09:12:08","slug":"1064nm-laser-target-designator-rangefinder-130mj-50km-sfc130g","status":"publish","type":"product","link":"https:\/\/sunflaser.com\/fr\/shop\/1064nm-laser-target-designator-rangefinder-130mj-50km-sfc130g\/","title":{"rendered":"1064nm Laser Target Designator &amp; Rangefinder 130mJ 50km SFC130G"},"content":{"rendered":"<h3><strong>Principaux arguments de vente<\/strong>\u200b<\/h3>\n<ol>\n<li>\u200b<strong>Outil tactique ultra-l\u00e9ger<\/strong>\u200b<br \/>\n\u27a4<strong>Le laser de classe 130mJ le plus l\u00e9ger de l'industrie<\/strong>(\u22641,5kg) r\u00e9duit la fatigue de l'op\u00e9rateur lors de missions prolong\u00e9es.<br \/>\n<em>Mots cl\u00e9s : d\u00e9signateur laser l\u00e9ger, t\u00e9l\u00e9m\u00e8tre portable militaire<\/em><\/li>\n<li>\u200b<strong>Fiabilit\u00e9 \"plug-and-play<\/strong>\u200b<br \/>\n\u27a4 Temps de chauffe nul - op\u00e9rationnel en 2 secondes \u00e0 une temp\u00e9rature comprise entre -40\u00b0C et +60\u00b0C.<br \/>\n<em>Mots cl\u00e9s : module laser \u00e0 d\u00e9marrage instantan\u00e9, syst\u00e8me \u00e9lectro-optique robuste<\/em><\/li>\n<li>\u200b<strong>Faciliter les frappes de pr\u00e9cision<\/strong>\u200b<br \/>\n\u27a4 \u22640,2\u03bcs de pr\u00e9cision d'encodage pour la compatibilit\u00e9 avec les munitions guid\u00e9es par GPS\/INS.<br \/>\n<em>Mots cl\u00e9s : encodage de cibles par laser, syst\u00e8mes d'armes guid\u00e9es de pr\u00e9cision<\/em><\/li>\n<li>\u200b<strong>Durabilit\u00e9 accrue<\/strong>\u200b<br \/>\n8 cycles d'irradiation de 17 secondes avec des intervalles de 10 secondes - surpasse les crit\u00e8res de r\u00e9f\u00e9rence de l'OTAN.<br \/>\n<em>Mots cl\u00e9s : laser \u00e0 cycle de fonctionnement \u00e9lev\u00e9, capacit\u00e9 de ciblage durable<\/em><\/li>\n<\/ol>\n<hr \/>\n<h3>\u200b<strong>Sp\u00e9cifications techniques<\/strong>\u200b<\/h3>\n\n<table id=\"tablepress-33\" class=\"tablepress tablepress-id-33\">\n<thead>\n<tr class=\"row-1\">\n\t<th class=\"column-1\"><strong>Param\u00e8tres<\/strong><\/th><th class=\"column-2\"><strong>Valeur<\/strong><\/th>\n<\/tr>\n<\/thead>\n<tbody class=\"row-striping row-hover\">\n<tr class=\"row-2\">\n\t<td class=\"column-1\">L'\u00e9nergie<\/td><td class=\"column-2\">\u2265130mJ<\/td>\n<\/tr>\n<tr class=\"row-3\">\n\t<td class=\"column-1\">Longueur d'onde<\/td><td class=\"column-2\">1064nm<\/td>\n<\/tr>\n<tr class=\"row-4\">\n\t<td class=\"column-1\">Temps de d\u00e9marrage<\/td><td class=\"column-2\">Plug-and-Play<\/td>\n<\/tr>\n<tr class=\"row-5\">\n\t<td class=\"column-1\">Largeur d'impulsion<\/td><td class=\"column-2\">10ns\uff5e20ns<\/td>\n<\/tr>\n<tr class=\"row-6\">\n\t<td class=\"column-1\">Divergence du faisceau<\/td><td class=\"column-2\">0,2\uff5e0,4mrad<\/td>\n<\/tr>\n<tr class=\"row-7\">\n\t<td class=\"column-1\">Fluctuation de l'\u00e9nergie<\/td><td class=\"column-2\">\u00b18%(plage de temp\u00e9rature compl\u00e8te)<\/td>\n<\/tr>\n<tr class=\"row-8\">\n\t<td class=\"column-1\">Gamme de port\u00e9e<\/td><td class=\"column-2\">200m\uff5e50000m<\/td>\n<\/tr>\n<tr class=\"row-9\">\n\t<td class=\"column-1\">Pr\u00e9cision de la recherche<\/td><td class=\"column-2\">\u00b12m<\/td>\n<\/tr>\n<tr class=\"row-10\">\n\t<td class=\"column-1\">Fr\u00e9quence de t\u00e9l\u00e9m\u00e9trie<\/td><td class=\"column-2\">1Hz\/5Hz<\/td>\n<\/tr>\n<tr class=\"row-11\">\n\t<td class=\"column-1\">Pr\u00e9cision de l'encodage<\/td><td class=\"column-2\">\u22640.2us<\/td>\n<\/tr>\n<tr class=\"row-12\">\n\t<td class=\"column-1\">Fr\u00e9quence d'irradiation (base)<\/td><td class=\"column-2\">20Hz<\/td>\n<\/tr>\n<tr class=\"row-13\">\n\t<td class=\"column-1\">\u2605 Consommation \u00e9lectrique moyenne<\/td><td class=\"column-2\">\u2264120W<\/td>\n<\/tr>\n<tr class=\"row-14\">\n\t<td class=\"column-1\">\u2605 Poids<\/td><td class=\"column-2\">\u22641.5kg<\/td>\n<\/tr>\n<tr class=\"row-15\">\n\t<td class=\"column-1\">Dur\u00e9e de l'irradiation<\/td><td class=\"column-2\">Cycle unique : \u226517s (intervalle : 10s, 8 cycles) ;<br \/>\nCycle unique : \u226560s (intervalle : 60s, 2 cycles)<\/td>\n<\/tr>\n<tr class=\"row-16\">\n\t<td class=\"column-1\">Interface \u00e9lectrique<\/td><td class=\"column-2\">RS422<\/td>\n<\/tr>\n<tr class=\"row-17\">\n\t<td class=\"column-1\">Alimentation \u00e9lectrique<\/td><td class=\"column-2\">28V (22V-32V op\u00e9rationnel)<\/td>\n<\/tr>\n<tr class=\"row-18\">\n\t<td class=\"column-1\">Temp\u00e9rature de fonctionnement<\/td><td class=\"column-2\">-40\u2103\uff5e\ufe6260\u2103<\/td>\n<\/tr>\n<tr class=\"row-19\">\n\t<td class=\"column-1\">Temp\u00e9rature de stockage<\/td><td class=\"column-2\">-55\u2103\uff5e\ufe6270\u2103<\/td>\n<\/tr>\n<tr class=\"row-20\">\n\t<td class=\"column-1\">Vibrations<\/td><td class=\"column-2\">Conforme \u00e0 la norme GJB150A.16-2009 \u201cTest de vibration\u201d.\u201d<\/td>\n<\/tr>\n<tr class=\"row-21\">\n\t<td class=\"column-1\">Choc<\/td><td class=\"column-2\">Conforme \u00e0 la norme GJB150A.16-2009 \u201cShock Test\u201d (essai de choc)\u201d<\/td>\n<\/tr>\n<\/tbody>\n<\/table>\n\n<p>Notes\uff1a<\/p>\n<ul>\n<li>Les param\u00e8tres marqu\u00e9s d'un \u2605 (poids, consommation \u00e9lectrique, volume) correspondent \u00e0 la divergence maximale du faisceau.<\/li>\n<li>La personnalisation est possible pour tous les produits.<\/li>\n<\/ul>\n<hr \/>\n<h3>\u200b<strong>Applications critiques<\/strong>\u200b<\/h3>\n<ul>\n<li>\u200b<strong>Op\u00e9rations sp\u00e9ciales<\/strong>\u200b<br \/>\n<blockquote><p>Marquez au laser des cibles de grande valeur pour les munitions intelligentes avec une pr\u00e9cision de synchronisation \u22640,2\u03bcs.<\/p><\/blockquote>\n<\/li>\n<li>\u200b<strong>Int\u00e9gration des UAV\/UGV<\/strong>\u200b<br \/>\n<blockquote><p>Permettre aux drones autonomes d'effectuer des missions ISR et de frappe via l'interface RS422.<\/p><\/blockquote>\n<\/li>\n<li>\u200b<strong>S\u00e9curit\u00e9 des fronti\u00e8res<\/strong>\u200b<br \/>\n<blockquote><p>D\u00e9tection des intrusions \u00e0 une distance de 50 km dans les temp\u00eates de sable\/pluie (stabilit\u00e9 \u00e9nerg\u00e9tique de \u00b18%).<\/p><\/blockquote>\n<\/li>\n<\/ul>\n<hr \/>\n<h3>\u200b<strong>Certifications et conformit\u00e9<\/strong>\u200b<\/h3>\n<ul>\n<li>\u200b<strong>Environnement<\/strong>\uff1aGJB150A-2009 (vibrations\/chocs)<\/li>\n<li>\u200b<strong>S\u00e9curit\u00e9<\/strong>\uff1aFDA CDRH Classe IV \/ IEC 60825-1:2014<\/li>\n<li>\u200b<strong>EMC<\/strong>\uff1aFCC Part 15 Subpart B (radiateur intentionnel)<\/li>\n<\/ul>","protected":false},"excerpt":{"rendered":"<p>Le SFC130G est un module de ciblage laser \u00e0 coapture de qualit\u00e9 militaire con\u00e7u pour un d\u00e9ploiement rapide et une fiabilit\u00e9 extr\u00eame. Int\u00e9grant les fonctions de d\u00e9signation et de t\u00e9l\u00e9m\u00e9trie dans une seule unit\u00e9 pr\u00eate \u00e0 l'emploi (&lt;1,5 kg), il d\u00e9livre une \u00e9nergie puls\u00e9e de 130 mJ avec une pr\u00e9cision de \u00b12 m jusqu&#039;\u00e0 50 km. Con\u00e7u selon les normes MIL-STD-810G et NATO STANAG, c&#039;est la solution id\u00e9ale pour les forces sp\u00e9ciales, l&#039;int\u00e9gration des drones et la surveillance des fronti\u00e8res.<\/p>","protected":false},"featured_media":7480,"comment_status":"closed","ping_status":"closed","template":"","meta":[],"product_brand":[],"product_cat":[96],"product_tag":[],"class_list":{"0":"post-7494","1":"product","2":"type-product","3":"status-publish","4":"has-post-thumbnail","6":"product_cat-1064nm-laser-target-designator-rangefinder","8":"first","9":"instock","10":"shipping-taxable","11":"product-type-simple"},"yoast_head":"<!-- This site is optimized with the Yoast SEO Premium plugin v24.8 (Yoast SEO v26.6) - https:\/\/yoast.com\/wordpress\/plugins\/seo\/ -->\n<title>1064nm Laser Target Designator &amp; Rangefinder 130mJ 50km SFC130G - SunFlaser Tech<\/title>\n<meta name=\"robots\" content=\"index, follow, max-snippet:-1, max-image-preview:large, max-video-preview:-1\" \/>\n<link rel=\"canonical\" href=\"https:\/\/sunflaser.com\/fr\/shop\/1064nm-laser-target-designator-rangefinder-130mj-50km-sfc130g\/\" \/>\n<meta property=\"og:locale\" content=\"fr_FR\" \/>\n<meta property=\"og:type\" content=\"article\" \/>\n<meta property=\"og:title\" content=\"1064nm Laser Target Designator &amp; Rangefinder 130mJ 50km SFC130G\" \/>\n<meta property=\"og:description\" content=\"The SFC130G is a military-grade, co-aperture laser targeting module engineered for rapid deployment and extreme reliability. Integrating designator and rangefinder functions into a single plug-and-play unit (&lt;1.5kg), it delivers 130mJ pulse energy with \u00b12m accuracy up to 50km. Built to MIL-STD-810G &amp; NATO STANAG standards, it\u2019s the ideal solution for special forces, UAV integration, and border surveillance.\" \/>\n<meta property=\"og:url\" content=\"https:\/\/sunflaser.com\/fr\/shop\/1064nm-laser-target-designator-rangefinder-130mj-50km-sfc130g\/\" \/>\n<meta property=\"og:site_name\" content=\"SunFlaser Tech\" \/>\n<meta property=\"article:modified_time\" content=\"2025-11-10T09:12:08+00:00\" \/>\n<meta property=\"og:image\" content=\"https:\/\/sunflaser.com\/wp-content\/uploads\/2025\/04\/SFC130A.png\" \/>\n\t<meta property=\"og:image:width\" content=\"800\" \/>\n\t<meta property=\"og:image:height\" content=\"800\" \/>\n\t<meta property=\"og:image:type\" content=\"image\/png\" \/>\n<meta name=\"twitter:card\" content=\"summary_large_image\" \/>\n<meta name=\"twitter:label1\" content=\"Dur\u00e9e de lecture estim\u00e9e\" \/>\n\t<meta name=\"twitter:data1\" content=\"1 minute\" \/>\n<script type=\"application\/ld+json\" class=\"yoast-schema-graph\">{\"@context\":\"https:\/\/schema.org\",\"@graph\":[{\"@type\":\"WebPage\",\"@id\":\"https:\/\/sunflaser.com\/shop\/1064nm-laser-target-designator-rangefinder-130mj-50km-sfc130g\/\",\"url\":\"https:\/\/sunflaser.com\/shop\/1064nm-laser-target-designator-rangefinder-130mj-50km-sfc130g\/\",\"name\":\"1064nm Laser Target Designator & Rangefinder 130mJ 50km SFC130G - SunFlaser Tech\",\"isPartOf\":{\"@id\":\"https:\/\/sunflaser.com\/#website\"},\"primaryImageOfPage\":{\"@id\":\"https:\/\/sunflaser.com\/shop\/1064nm-laser-target-designator-rangefinder-130mj-50km-sfc130g\/#primaryimage\"},\"image\":{\"@id\":\"https:\/\/sunflaser.com\/shop\/1064nm-laser-target-designator-rangefinder-130mj-50km-sfc130g\/#primaryimage\"},\"thumbnailUrl\":\"https:\/\/sunflaser.com\/wp-content\/uploads\/2025\/04\/SFC130A.png\",\"datePublished\":\"2025-06-27T03:32:40+00:00\",\"dateModified\":\"2025-11-10T09:12:08+00:00\",\"breadcrumb\":{\"@id\":\"https:\/\/sunflaser.com\/shop\/1064nm-laser-target-designator-rangefinder-130mj-50km-sfc130g\/#breadcrumb\"},\"inLanguage\":\"fr-FR\",\"potentialAction\":[{\"@type\":\"ReadAction\",\"target\":[\"https:\/\/sunflaser.com\/shop\/1064nm-laser-target-designator-rangefinder-130mj-50km-sfc130g\/\"]}]},{\"@type\":\"ImageObject\",\"inLanguage\":\"fr-FR\",\"@id\":\"https:\/\/sunflaser.com\/shop\/1064nm-laser-target-designator-rangefinder-130mj-50km-sfc130g\/#primaryimage\",\"url\":\"https:\/\/sunflaser.com\/wp-content\/uploads\/2025\/04\/SFC130A.png\",\"contentUrl\":\"https:\/\/sunflaser.com\/wp-content\/uploads\/2025\/04\/SFC130A.png\",\"width\":800,\"height\":800},{\"@type\":\"BreadcrumbList\",\"@id\":\"https:\/\/sunflaser.com\/shop\/1064nm-laser-target-designator-rangefinder-130mj-50km-sfc130g\/#breadcrumb\",\"itemListElement\":[{\"@type\":\"ListItem\",\"position\":1,\"name\":\"\u9996\u9875\",\"item\":\"https:\/\/sunflaser.com\/\"},{\"@type\":\"ListItem\",\"position\":2,\"name\":\"Product\",\"item\":\"https:\/\/sunflaser.com\/product\/\"},{\"@type\":\"ListItem\",\"position\":3,\"name\":\"1064nm Laser Target Designator &#038; Rangefinder 130mJ 50km SFC130G\"}]},{\"@type\":\"WebSite\",\"@id\":\"https:\/\/sunflaser.com\/#website\",\"url\":\"https:\/\/sunflaser.com\/\",\"name\":\"SunFlaser Tech\",\"description\":\"\",\"publisher\":{\"@id\":\"https:\/\/sunflaser.com\/#organization\"},\"potentialAction\":[{\"@type\":\"SearchAction\",\"target\":{\"@type\":\"EntryPoint\",\"urlTemplate\":\"https:\/\/sunflaser.com\/?s={search_term_string}\"},\"query-input\":{\"@type\":\"PropertyValueSpecification\",\"valueRequired\":true,\"valueName\":\"search_term_string\"}}],\"inLanguage\":\"fr-FR\"},{\"@type\":\"Organization\",\"@id\":\"https:\/\/sunflaser.com\/#organization\",\"name\":\"\u76db\u98de\u5149\u901f\u79d1\u6280\uff08\u6210\u90fd\uff09\u6709\u9650\u516c\u53f8\",\"alternateName\":\"\u76db\u98de\u5149\u901f\u79d1\u6280\uff08\u6210\u90fd\uff09\u6709\u9650\u516c\u53f8\",\"url\":\"https:\/\/sunflaser.com\/\",\"logo\":{\"@type\":\"ImageObject\",\"inLanguage\":\"fr-FR\",\"@id\":\"https:\/\/sunflaser.com\/#\/schema\/logo\/image\/\",\"url\":\"https:\/\/sunflaser.com\/wp-content\/uploads\/2025\/05\/Modern-S-Letter-Logo.png\",\"contentUrl\":\"https:\/\/sunflaser.com\/wp-content\/uploads\/2025\/05\/Modern-S-Letter-Logo.png\",\"width\":1024,\"height\":289,\"caption\":\"\u76db\u98de\u5149\u901f\u79d1\u6280\uff08\u6210\u90fd\uff09\u6709\u9650\u516c\u53f8\"},\"image\":{\"@id\":\"https:\/\/sunflaser.com\/#\/schema\/logo\/image\/\"}}]}<\/script>\n<!-- \/ Yoast SEO Premium plugin. -->","yoast_head_json":{"title":"1064nm Laser Target Designator & Rangefinder 130mJ 50km SFC130G - SunFlaser Tech","robots":{"index":"index","follow":"follow","max-snippet":"max-snippet:-1","max-image-preview":"max-image-preview:large","max-video-preview":"max-video-preview:-1"},"canonical":"https:\/\/sunflaser.com\/fr\/shop\/1064nm-laser-target-designator-rangefinder-130mj-50km-sfc130g\/","og_locale":"fr_FR","og_type":"article","og_title":"1064nm Laser Target Designator & Rangefinder 130mJ 50km SFC130G","og_description":"The SFC130G is a military-grade, co-aperture laser targeting module engineered for rapid deployment and extreme reliability. Integrating designator and rangefinder functions into a single plug-and-play unit (&lt;1.5kg), it delivers 130mJ pulse energy with \u00b12m accuracy up to 50km. Built to MIL-STD-810G &amp; NATO STANAG standards, it\u2019s the ideal solution for special forces, UAV integration, and border surveillance.","og_url":"https:\/\/sunflaser.com\/fr\/shop\/1064nm-laser-target-designator-rangefinder-130mj-50km-sfc130g\/","og_site_name":"SunFlaser Tech","article_modified_time":"2025-11-10T09:12:08+00:00","og_image":[{"width":800,"height":800,"url":"https:\/\/sunflaser.com\/wp-content\/uploads\/2025\/04\/SFC130A.png","type":"image\/png"}],"twitter_card":"summary_large_image","twitter_misc":{"Dur\u00e9e de lecture estim\u00e9e":"1 minute"},"schema":{"@context":"https:\/\/schema.org","@graph":[{"@type":"WebPage","@id":"https:\/\/sunflaser.com\/shop\/1064nm-laser-target-designator-rangefinder-130mj-50km-sfc130g\/","url":"https:\/\/sunflaser.com\/shop\/1064nm-laser-target-designator-rangefinder-130mj-50km-sfc130g\/","name":"1064nm Laser Target Designator & Rangefinder 130mJ 50km SFC130G - SunFlaser Tech","isPartOf":{"@id":"https:\/\/sunflaser.com\/#website"},"primaryImageOfPage":{"@id":"https:\/\/sunflaser.com\/shop\/1064nm-laser-target-designator-rangefinder-130mj-50km-sfc130g\/#primaryimage"},"image":{"@id":"https:\/\/sunflaser.com\/shop\/1064nm-laser-target-designator-rangefinder-130mj-50km-sfc130g\/#primaryimage"},"thumbnailUrl":"https:\/\/sunflaser.com\/wp-content\/uploads\/2025\/04\/SFC130A.png","datePublished":"2025-06-27T03:32:40+00:00","dateModified":"2025-11-10T09:12:08+00:00","breadcrumb":{"@id":"https:\/\/sunflaser.com\/shop\/1064nm-laser-target-designator-rangefinder-130mj-50km-sfc130g\/#breadcrumb"},"inLanguage":"fr-FR","potentialAction":[{"@type":"ReadAction","target":["https:\/\/sunflaser.com\/shop\/1064nm-laser-target-designator-rangefinder-130mj-50km-sfc130g\/"]}]},{"@type":"ImageObject","inLanguage":"fr-FR","@id":"https:\/\/sunflaser.com\/shop\/1064nm-laser-target-designator-rangefinder-130mj-50km-sfc130g\/#primaryimage","url":"https:\/\/sunflaser.com\/wp-content\/uploads\/2025\/04\/SFC130A.png","contentUrl":"https:\/\/sunflaser.com\/wp-content\/uploads\/2025\/04\/SFC130A.png","width":800,"height":800},{"@type":"BreadcrumbList","@id":"https:\/\/sunflaser.com\/shop\/1064nm-laser-target-designator-rangefinder-130mj-50km-sfc130g\/#breadcrumb","itemListElement":[{"@type":"ListItem","position":1,"name":"\u9996\u9875","item":"https:\/\/sunflaser.com\/"},{"@type":"ListItem","position":2,"name":"Product","item":"https:\/\/sunflaser.com\/product\/"},{"@type":"ListItem","position":3,"name":"1064nm Laser Target Designator &#038; Rangefinder 130mJ 50km SFC130G"}]},{"@type":"WebSite","@id":"https:\/\/sunflaser.com\/#website","url":"https:\/\/sunflaser.com\/","name":"SunFlaser Tech","description":"","publisher":{"@id":"https:\/\/sunflaser.com\/#organization"},"potentialAction":[{"@type":"SearchAction","target":{"@type":"EntryPoint","urlTemplate":"https:\/\/sunflaser.com\/?s={search_term_string}"},"query-input":{"@type":"PropertyValueSpecification","valueRequired":true,"valueName":"search_term_string"}}],"inLanguage":"fr-FR"},{"@type":"Organization","@id":"https:\/\/sunflaser.com\/#organization","name":"\u76db\u98de\u5149\u901f\u79d1\u6280\uff08\u6210\u90fd\uff09\u6709\u9650\u516c\u53f8","alternateName":"\u76db\u98de\u5149\u901f\u79d1\u6280\uff08\u6210\u90fd\uff09\u6709\u9650\u516c\u53f8","url":"https:\/\/sunflaser.com\/","logo":{"@type":"ImageObject","inLanguage":"fr-FR","@id":"https:\/\/sunflaser.com\/#\/schema\/logo\/image\/","url":"https:\/\/sunflaser.com\/wp-content\/uploads\/2025\/05\/Modern-S-Letter-Logo.png","contentUrl":"https:\/\/sunflaser.com\/wp-content\/uploads\/2025\/05\/Modern-S-Letter-Logo.png","width":1024,"height":289,"caption":"\u76db\u98de\u5149\u901f\u79d1\u6280\uff08\u6210\u90fd\uff09\u6709\u9650\u516c\u53f8"},"image":{"@id":"https:\/\/sunflaser.com\/#\/schema\/logo\/image\/"}}]}},"_links":{"self":[{"href":"https:\/\/sunflaser.com\/fr\/wp-json\/wp\/v2\/product\/7494","targetHints":{"allow":["GET"]}}],"collection":[{"href":"https:\/\/sunflaser.com\/fr\/wp-json\/wp\/v2\/product"}],"about":[{"href":"https:\/\/sunflaser.com\/fr\/wp-json\/wp\/v2\/types\/product"}],"replies":[{"embeddable":true,"href":"https:\/\/sunflaser.com\/fr\/wp-json\/wp\/v2\/comments?post=7494"}],"version-history":[{"count":0,"href":"https:\/\/sunflaser.com\/fr\/wp-json\/wp\/v2\/product\/7494\/revisions"}],"wp:featuredmedia":[{"embeddable":true,"href":"https:\/\/sunflaser.com\/fr\/wp-json\/wp\/v2\/media\/7480"}],"wp:attachment":[{"href":"https:\/\/sunflaser.com\/fr\/wp-json\/wp\/v2\/media?parent=7494"}],"wp:term":[{"taxonomy":"product_brand","embeddable":true,"href":"https:\/\/sunflaser.com\/fr\/wp-json\/wp\/v2\/product_brand?post=7494"},{"taxonomy":"product_cat","embeddable":true,"href":"https:\/\/sunflaser.com\/fr\/wp-json\/wp\/v2\/product_cat?post=7494"},{"taxonomy":"product_tag","embeddable":true,"href":"https:\/\/sunflaser.com\/fr\/wp-json\/wp\/v2\/product_tag?post=7494"}],"curies":[{"name":"wp","href":"https:\/\/api.w.org\/{rel}","templated":true}]}}