{"id":180,"date":"2025-04-30T14:37:11","date_gmt":"2025-04-30T06:37:11","guid":{"rendered":"https:\/\/sunflaser.com\/?post_type=product&#038;p=180"},"modified":"2025-09-23T00:26:30","modified_gmt":"2025-09-23T07:26:30","slug":"triple-sensor-electro-optical-infrared-eo-ir-gimbal-camera-with-ai-tracking-sfeagle180b","status":"publish","type":"product","link":"https:\/\/sunflaser.com\/fr\/shop\/triple-sensor-electro-optical-infrared-eo-ir-gimbal-camera-with-ai-tracking-sfeagle180b\/","title":{"rendered":"\u00c9lectro-Optique Pod SFEAGLE180B"},"content":{"rendered":"<h3><strong>Principaux arguments de vente<\/strong>\u200b<\/h3>\n<ul>\n<li><strong>Int\u00e9gration de trois capteurs<\/strong>: Combine l'imagerie visible 1080p, la vision thermique 640\u00d7512 IR et la t\u00e9l\u00e9m\u00e9trie laser 4 km pour la fusion de donn\u00e9es multispectrales.<\/li>\n<li>\u200b<strong>Stabilisation de haute pr\u00e9cision<\/strong>Stabilisation : la stabilisation \u22640,1mrad RMS garantit la nettet\u00e9 de l'image lors des man\u0153uvres \u00e0 grande vitesse (vitesse de recherche \u226560\u00b0\/s).<\/li>\n<li>\u200b<strong>L\u00e9ger et compact<\/strong>: Le poids de &lt;3,5 kg et la taille de \u03a6184mm\u00d7272,9mm optimisent la compatibilit\u00e9 avec les drones et les plateformes a\u00e9riennes.<\/li>\n<li><strong>Fiabilit\u00e9 par tous les temps<\/strong>: Fonctionne de -40\u2103 \u00e0 +55\u2103, parfait pour les environnements difficiles tels que les \u00e9tudes arctiques ou la surveillance des incendies de for\u00eat.<\/li>\n<li><strong>Des flux de travail pr\u00eats pour l'IA<\/strong>: Verrouillage de la cible, modes de suivi et superposition des m\u00e9tadonn\u00e9es pour une int\u00e9gration transparente avec les plates-formes d'analyse de l'IA.<\/li>\n<\/ul>\n<hr \/>\n<h3>\u200b<strong>Caract\u00e9ristiques principales<\/strong>\u200b<\/h3>\n<ul>\n<li>\u200b<strong>Imagerie \u00e0 double capteur<\/strong>:\n<ul>\n<li><em>Lumi\u00e8re visible<\/em>: R\u00e9solution 1920\u00d71080, port\u00e9e de d\u00e9tection de plus de 6 km.<\/li>\n<li><em>Thermique LWIR<\/em>R\u00e9solution de 640\u00d7512, d\u00e9tecte des cibles de plus de 3 km (5K \u0394T).<\/li>\n<\/ul>\n<\/li>\n<li>\u200b<strong>T\u00e9l\u00e9m\u00e8tre laser<\/strong>: Port\u00e9e de 100m-4000m (longueur d'onde de 1,54\u03bcm sans danger pour les yeux).<\/li>\n<li>\u200b<strong>Modes intelligents<\/strong>: Recherche, suivi, verrouillage et g\u00e9olocalisation pour des sc\u00e9narios dynamiques.<\/li>\n<li>\u200b<strong>Gestion des donn\u00e9es<\/strong>: Stockage vid\u00e9o embarqu\u00e9, am\u00e9lioration de l'image et autotests de diagnostic.<\/li>\n<\/ul>\n<hr \/>\n<h3>\u200b<strong>Applications<\/strong>\u200b<\/h3>\n<ul>\n<li>\u200b<strong>Inspections industrielles<\/strong>: Surveillance des lignes \u00e9lectriques et des pipelines, \u00e9valuation des fermes solaires.<\/li>\n<li>\u200b<strong>S\u00e9curit\u00e9 urbaine<\/strong>: Protection des infrastructures critiques, interventions d'urgence.<\/li>\n<li>\u200b<strong>Gestion de l'environnement<\/strong>: D\u00e9tection des incendies, cartographie des inondations, suivi de la faune et de la flore.<\/li>\n<li>\u200b<strong>Lev\u00e9s et cartographie<\/strong>: Mod\u00e9lisation 3D de haute pr\u00e9cision pour la construction et l'agriculture.<\/li>\n<li>\u200b<strong>D\u00e9fense<\/strong>: Missions de patrouille frontali\u00e8re, de reconnaissance et de recherche\/sauvetage.<\/li>\n<\/ul>\n<hr \/>\n<h3>\u200b<strong>Sp\u00e9cifications techniques<\/strong>\u200b<\/h3>\n\n<table id=\"tablepress-41\" class=\"tablepress tablepress-id-41\">\n<thead>\n<tr class=\"row-1\">\n\t<th class=\"column-1\"><strong>Param\u00e8tres<\/strong><\/th><th class=\"column-2\"><strong>Sp\u00e9cifications<\/strong><\/th>\n<\/tr>\n<\/thead>\n<tbody class=\"row-striping row-hover\">\n<tr class=\"row-2\">\n\t<td class=\"column-1\"><strong>Indicateurs du syst\u00e8me :<\/strong><\/td><td class=\"column-2\"><\/td>\n<\/tr>\n<tr class=\"row-3\">\n\t<td class=\"column-1\">Plage de pivotement<\/td><td class=\"column-2\">Orientation azimutale continue sur 360<\/td>\n<\/tr>\n<tr class=\"row-4\">\n\t<td class=\"column-1\">Angle d'inclinaison<\/td><td class=\"column-2\">+10\u00b0~-110\u00b0(le mouvement horizontal vers l'avant est de 0\u00b0, le mouvement vers le haut est positif et le mouvement vers le bas est n\u00e9gatif)<\/td>\n<\/tr>\n<tr class=\"row-5\">\n\t<td class=\"column-1\">Vitesse angulaire maximale de recherche<\/td><td class=\"column-2\">\u226560\u00b0\/s<\/td>\n<\/tr>\n<tr class=\"row-6\">\n\t<td class=\"column-1\">Vitesse angulaire maximale de suivi<\/td><td class=\"column-2\">\u226510\u00b0\/s<\/td>\n<\/tr>\n<tr class=\"row-7\">\n\t<td class=\"column-1\">Pr\u00e9cision stable<\/td><td class=\"column-2\">\u22640.1mrad\uff08RMS\uff09<\/td>\n<\/tr>\n<tr class=\"row-8\">\n\t<td class=\"column-1\">Pr\u00e9cision du suivi<\/td><td class=\"column-2\">\u22640.6mrad\uff08RMS\uff09<\/td>\n<\/tr>\n<tr class=\"row-9\">\n\t<td class=\"column-1\">Alimentation \u00e9lectrique<\/td><td class=\"column-2\">28VDC<\/td>\n<\/tr>\n<tr class=\"row-10\">\n\t<td class=\"column-1\">Consommation \u00e9lectrique<\/td><td class=\"column-2\">&lt;50W\uff08average\uff09\uff0c&lt;150W\uff08max\uff09<\/td>\n<\/tr>\n<tr class=\"row-11\">\n\t<td class=\"column-1\">Poids<\/td><td class=\"column-2\">&lt;3.5kg<\/td>\n<\/tr>\n<tr class=\"row-12\">\n\t<td class=\"column-1\">Taille<\/td><td class=\"column-2\">\u03a6184mm\u00d7272.9mm<\/td>\n<\/tr>\n<tr class=\"row-13\">\n\t<td class=\"column-1\"><strong>Capacit\u00e9 d'adaptation \u00e0 l'environnement :<\/strong><\/td><td class=\"column-2\"><\/td>\n<\/tr>\n<tr class=\"row-14\">\n\t<td class=\"column-1\">Temp\u00e9rature de fonctionnement<\/td><td class=\"column-2\">-40\u2103~+55\u2103<\/td>\n<\/tr>\n<tr class=\"row-15\">\n\t<td class=\"column-1\">Temp\u00e9rature de stockage<\/td><td class=\"column-2\">-45\u2103~+65\u2103<\/td>\n<\/tr>\n<tr class=\"row-16\">\n\t<td class=\"column-1\">Imagerie en lumi\u00e8re visible :<\/td><td class=\"column-2\"><\/td>\n<\/tr>\n<tr class=\"row-17\">\n\t<td class=\"column-1\">R\u00e9solution<\/td><td class=\"column-2\">1920\u00d71080<\/td>\n<\/tr>\n<tr class=\"row-18\">\n\t<td class=\"column-1\">Longueur d'onde<\/td><td class=\"column-2\">0,4\u03bcm~0,7\u03bcm<\/td>\n<\/tr>\n<tr class=\"row-19\">\n\t<td class=\"column-1\">Couverture de la gamme<\/td><td class=\"column-2\">Port\u00e9e de d\u00e9tection : \u22656 km ; Port\u00e9e de reconnaissance : \u22653,5 km<br \/>\n(\u00c0 une visibilit\u00e9 \u226523 km et une humidit\u00e9 relative \u226470%, pour une cible de 4 m \u00d7 6 m).<\/td>\n<\/tr>\n<tr class=\"row-20\">\n\t<td class=\"column-1\"><strong>Imagerie thermique infrarouge :<\/strong><\/td><td class=\"column-2\"><\/td>\n<\/tr>\n<tr class=\"row-21\">\n\t<td class=\"column-1\">R\u00e9solution<\/td><td class=\"column-2\">640\u00d7512<\/td>\n<\/tr>\n<tr class=\"row-22\">\n\t<td class=\"column-1\">Longueur d'onde<\/td><td class=\"column-2\">8\u03bcm~12\u03bcm<\/td>\n<\/tr>\n<tr class=\"row-23\">\n\t<td class=\"column-1\">Couverture de la gamme<\/td><td class=\"column-2\"><strong>Port\u00e9e de d\u00e9tection : \u22653 km ;\u00a0<strong>Gamme de reconnaissance :<\/strong>\u00a0\u22651,5 km<br \/>\n(Avec une visibilit\u00e9 d'au moins 23 km, une humidit\u00e9 relative ne d\u00e9passant pas 70% et une diff\u00e9rence de temp\u00e9rature de 5K entre la cible de 4 m \u00d7 6 m et l'arri\u00e8re-plan).<\/strong><\/td>\n<\/tr>\n<tr class=\"row-24\">\n\t<td class=\"column-1\"><strong>T\u00e9l\u00e9m\u00e9trie laser :<\/strong><\/td><td class=\"column-2\"><\/td>\n<\/tr>\n<tr class=\"row-25\">\n\t<td class=\"column-1\">Bande de fonctionnement<\/td><td class=\"column-2\">1,54\u03bcm<\/td>\n<\/tr>\n<tr class=\"row-26\">\n\t<td class=\"column-1\">Plage de port\u00e9e<\/td><td class=\"column-2\">100m~4000m<\/td>\n<\/tr>\n<\/tbody>\n<\/table>\n\n<p>*Les certifications varient selon les r\u00e9gions ; contactez-nous pour des exigences personnalis\u00e9es.<\/p>","protected":false},"excerpt":{"rendered":"<p>Le cardan \u00e9lectro-optique\/infrarouge (EO\/IR) SFEAGLE180B est une charge utile multi-capteurs de pointe con\u00e7ue pour les syst\u00e8mes a\u00e9riens sans pilote (UAS), les h\u00e9licopt\u00e8res et les plates-formes \u00e0 voilure fixe. Int\u00e9grant une cam\u00e9ra haute d\u00e9finition pour la lumi\u00e8re visible, une cam\u00e9ra thermique non refroidie pour l'infrarouge \u00e0 ondes longues (LWIR) et un t\u00e9l\u00e9m\u00e8tre laser sans danger pour les yeux, il offre des capacit\u00e9s in\u00e9gal\u00e9es de reconnaissance, de suivi des cibles et de g\u00e9olocalisation, de jour comme de nuit. Id\u00e9al pour les applications commerciales, industrielles et de d\u00e9fense, ce syst\u00e8me l\u00e9ger et robuste garantit des performances fiables dans des environnements extr\u00eames.<\/p>","protected":false},"featured_media":7556,"comment_status":"closed","ping_status":"closed","template":"","meta":[],"product_brand":[],"product_cat":[15],"product_tag":[],"class_list":{"0":"post-180","1":"product","2":"type-product","3":"status-publish","4":"has-post-thumbnail","6":"product_cat-electro-optical-pod-product","8":"first","9":"instock","10":"shipping-taxable","11":"product-type-simple"},"yoast_head":"<!-- This site is optimized with the Yoast SEO Premium plugin v24.8 (Yoast SEO v26.6) - https:\/\/yoast.com\/wordpress\/plugins\/seo\/ -->\n<title>Electro-Optical Pod SFEAGLE180B - SunFlaser Tech<\/title>\n<meta name=\"robots\" content=\"index, follow, max-snippet:-1, max-image-preview:large, max-video-preview:-1\" \/>\n<link rel=\"canonical\" href=\"https:\/\/sunflaser.com\/fr\/shop\/triple-sensor-electro-optical-infrared-eo-ir-gimbal-camera-with-ai-tracking-sfeagle180b\/\" \/>\n<meta property=\"og:locale\" content=\"fr_FR\" \/>\n<meta property=\"og:type\" content=\"article\" \/>\n<meta property=\"og:title\" content=\"Electro-Optical Pod SFEAGLE180B\" \/>\n<meta property=\"og:description\" content=\"The SFEAGLE180B Electro-Optical\/Infrared (EO\/IR) Gimbal is a cutting-edge multi-sensor payload designed for unmanned aerial systems (UAS), helicopters, and fixed-wing platforms. Integrating a high-definition visible-light camera, uncooled long-wave infrared (LWIR) thermal imager, and eye-safe laser rangefinder, it delivers unparalleled day\/night reconnaissance, target tracking, and geolocation capabilities. Ideal for commercial, industrial, and defense applications, this lightweight, ruggedized system ensures reliable performance in extreme environments.\" \/>\n<meta property=\"og:url\" content=\"https:\/\/sunflaser.com\/fr\/shop\/triple-sensor-electro-optical-infrared-eo-ir-gimbal-camera-with-ai-tracking-sfeagle180b\/\" \/>\n<meta property=\"og:site_name\" content=\"SunFlaser Tech\" \/>\n<meta property=\"article:modified_time\" content=\"2025-09-23T07:26:30+00:00\" \/>\n<meta property=\"og:image\" content=\"https:\/\/sunflaser.com\/wp-content\/uploads\/2025\/04\/SFEAGLE180B.png\" \/>\n\t<meta property=\"og:image:width\" content=\"800\" \/>\n\t<meta property=\"og:image:height\" content=\"800\" \/>\n\t<meta property=\"og:image:type\" content=\"image\/png\" \/>\n<meta name=\"twitter:card\" content=\"summary_large_image\" \/>\n<meta name=\"twitter:label1\" content=\"Dur\u00e9e de lecture estim\u00e9e\" \/>\n\t<meta name=\"twitter:data1\" content=\"2 minutes\" \/>\n<script type=\"application\/ld+json\" class=\"yoast-schema-graph\">{\"@context\":\"https:\/\/schema.org\",\"@graph\":[{\"@type\":\"WebPage\",\"@id\":\"https:\/\/sunflaser.com\/shop\/triple-sensor-electro-optical-infrared-eo-ir-gimbal-camera-with-ai-tracking-sfeagle180b\/\",\"url\":\"https:\/\/sunflaser.com\/shop\/triple-sensor-electro-optical-infrared-eo-ir-gimbal-camera-with-ai-tracking-sfeagle180b\/\",\"name\":\"Electro-Optical Pod SFEAGLE180B - SunFlaser Tech\",\"isPartOf\":{\"@id\":\"https:\/\/sunflaser.com\/#website\"},\"primaryImageOfPage\":{\"@id\":\"https:\/\/sunflaser.com\/shop\/triple-sensor-electro-optical-infrared-eo-ir-gimbal-camera-with-ai-tracking-sfeagle180b\/#primaryimage\"},\"image\":{\"@id\":\"https:\/\/sunflaser.com\/shop\/triple-sensor-electro-optical-infrared-eo-ir-gimbal-camera-with-ai-tracking-sfeagle180b\/#primaryimage\"},\"thumbnailUrl\":\"https:\/\/sunflaser.com\/wp-content\/uploads\/2025\/04\/SFEAGLE180B.png\",\"datePublished\":\"2025-04-30T06:37:11+00:00\",\"dateModified\":\"2025-09-23T07:26:30+00:00\",\"breadcrumb\":{\"@id\":\"https:\/\/sunflaser.com\/shop\/triple-sensor-electro-optical-infrared-eo-ir-gimbal-camera-with-ai-tracking-sfeagle180b\/#breadcrumb\"},\"inLanguage\":\"fr-FR\",\"potentialAction\":[{\"@type\":\"ReadAction\",\"target\":[\"https:\/\/sunflaser.com\/shop\/triple-sensor-electro-optical-infrared-eo-ir-gimbal-camera-with-ai-tracking-sfeagle180b\/\"]}]},{\"@type\":\"ImageObject\",\"inLanguage\":\"fr-FR\",\"@id\":\"https:\/\/sunflaser.com\/shop\/triple-sensor-electro-optical-infrared-eo-ir-gimbal-camera-with-ai-tracking-sfeagle180b\/#primaryimage\",\"url\":\"https:\/\/sunflaser.com\/wp-content\/uploads\/2025\/04\/SFEAGLE180B.png\",\"contentUrl\":\"https:\/\/sunflaser.com\/wp-content\/uploads\/2025\/04\/SFEAGLE180B.png\",\"width\":800,\"height\":800},{\"@type\":\"BreadcrumbList\",\"@id\":\"https:\/\/sunflaser.com\/shop\/triple-sensor-electro-optical-infrared-eo-ir-gimbal-camera-with-ai-tracking-sfeagle180b\/#breadcrumb\",\"itemListElement\":[{\"@type\":\"ListItem\",\"position\":1,\"name\":\"\u9996\u9875\",\"item\":\"https:\/\/sunflaser.com\/\"},{\"@type\":\"ListItem\",\"position\":2,\"name\":\"Product\",\"item\":\"https:\/\/sunflaser.com\/product\/\"},{\"@type\":\"ListItem\",\"position\":3,\"name\":\"Electro-Optical Pod SFEAGLE180B\"}]},{\"@type\":\"WebSite\",\"@id\":\"https:\/\/sunflaser.com\/#website\",\"url\":\"https:\/\/sunflaser.com\/\",\"name\":\"SunFlaser Tech\",\"description\":\"\",\"publisher\":{\"@id\":\"https:\/\/sunflaser.com\/#organization\"},\"potentialAction\":[{\"@type\":\"SearchAction\",\"target\":{\"@type\":\"EntryPoint\",\"urlTemplate\":\"https:\/\/sunflaser.com\/?s={search_term_string}\"},\"query-input\":{\"@type\":\"PropertyValueSpecification\",\"valueRequired\":true,\"valueName\":\"search_term_string\"}}],\"inLanguage\":\"fr-FR\"},{\"@type\":\"Organization\",\"@id\":\"https:\/\/sunflaser.com\/#organization\",\"name\":\"\u76db\u98de\u5149\u901f\u79d1\u6280\uff08\u6210\u90fd\uff09\u6709\u9650\u516c\u53f8\",\"alternateName\":\"\u76db\u98de\u5149\u901f\u79d1\u6280\uff08\u6210\u90fd\uff09\u6709\u9650\u516c\u53f8\",\"url\":\"https:\/\/sunflaser.com\/\",\"logo\":{\"@type\":\"ImageObject\",\"inLanguage\":\"fr-FR\",\"@id\":\"https:\/\/sunflaser.com\/#\/schema\/logo\/image\/\",\"url\":\"https:\/\/sunflaser.com\/wp-content\/uploads\/2025\/05\/Modern-S-Letter-Logo.png\",\"contentUrl\":\"https:\/\/sunflaser.com\/wp-content\/uploads\/2025\/05\/Modern-S-Letter-Logo.png\",\"width\":1024,\"height\":289,\"caption\":\"\u76db\u98de\u5149\u901f\u79d1\u6280\uff08\u6210\u90fd\uff09\u6709\u9650\u516c\u53f8\"},\"image\":{\"@id\":\"https:\/\/sunflaser.com\/#\/schema\/logo\/image\/\"}}]}<\/script>\n<!-- \/ Yoast SEO Premium plugin. -->","yoast_head_json":{"title":"Electro-Optical Pod SFEAGLE180B - SunFlaser Tech","robots":{"index":"index","follow":"follow","max-snippet":"max-snippet:-1","max-image-preview":"max-image-preview:large","max-video-preview":"max-video-preview:-1"},"canonical":"https:\/\/sunflaser.com\/fr\/shop\/triple-sensor-electro-optical-infrared-eo-ir-gimbal-camera-with-ai-tracking-sfeagle180b\/","og_locale":"fr_FR","og_type":"article","og_title":"Electro-Optical Pod SFEAGLE180B","og_description":"The SFEAGLE180B Electro-Optical\/Infrared (EO\/IR) Gimbal is a cutting-edge multi-sensor payload designed for unmanned aerial systems (UAS), helicopters, and fixed-wing platforms. Integrating a high-definition visible-light camera, uncooled long-wave infrared (LWIR) thermal imager, and eye-safe laser rangefinder, it delivers unparalleled day\/night reconnaissance, target tracking, and geolocation capabilities. Ideal for commercial, industrial, and defense applications, this lightweight, ruggedized system ensures reliable performance in extreme environments.","og_url":"https:\/\/sunflaser.com\/fr\/shop\/triple-sensor-electro-optical-infrared-eo-ir-gimbal-camera-with-ai-tracking-sfeagle180b\/","og_site_name":"SunFlaser Tech","article_modified_time":"2025-09-23T07:26:30+00:00","og_image":[{"width":800,"height":800,"url":"https:\/\/sunflaser.com\/wp-content\/uploads\/2025\/04\/SFEAGLE180B.png","type":"image\/png"}],"twitter_card":"summary_large_image","twitter_misc":{"Dur\u00e9e de lecture estim\u00e9e":"2 minutes"},"schema":{"@context":"https:\/\/schema.org","@graph":[{"@type":"WebPage","@id":"https:\/\/sunflaser.com\/shop\/triple-sensor-electro-optical-infrared-eo-ir-gimbal-camera-with-ai-tracking-sfeagle180b\/","url":"https:\/\/sunflaser.com\/shop\/triple-sensor-electro-optical-infrared-eo-ir-gimbal-camera-with-ai-tracking-sfeagle180b\/","name":"Electro-Optical Pod SFEAGLE180B - SunFlaser Tech","isPartOf":{"@id":"https:\/\/sunflaser.com\/#website"},"primaryImageOfPage":{"@id":"https:\/\/sunflaser.com\/shop\/triple-sensor-electro-optical-infrared-eo-ir-gimbal-camera-with-ai-tracking-sfeagle180b\/#primaryimage"},"image":{"@id":"https:\/\/sunflaser.com\/shop\/triple-sensor-electro-optical-infrared-eo-ir-gimbal-camera-with-ai-tracking-sfeagle180b\/#primaryimage"},"thumbnailUrl":"https:\/\/sunflaser.com\/wp-content\/uploads\/2025\/04\/SFEAGLE180B.png","datePublished":"2025-04-30T06:37:11+00:00","dateModified":"2025-09-23T07:26:30+00:00","breadcrumb":{"@id":"https:\/\/sunflaser.com\/shop\/triple-sensor-electro-optical-infrared-eo-ir-gimbal-camera-with-ai-tracking-sfeagle180b\/#breadcrumb"},"inLanguage":"fr-FR","potentialAction":[{"@type":"ReadAction","target":["https:\/\/sunflaser.com\/shop\/triple-sensor-electro-optical-infrared-eo-ir-gimbal-camera-with-ai-tracking-sfeagle180b\/"]}]},{"@type":"ImageObject","inLanguage":"fr-FR","@id":"https:\/\/sunflaser.com\/shop\/triple-sensor-electro-optical-infrared-eo-ir-gimbal-camera-with-ai-tracking-sfeagle180b\/#primaryimage","url":"https:\/\/sunflaser.com\/wp-content\/uploads\/2025\/04\/SFEAGLE180B.png","contentUrl":"https:\/\/sunflaser.com\/wp-content\/uploads\/2025\/04\/SFEAGLE180B.png","width":800,"height":800},{"@type":"BreadcrumbList","@id":"https:\/\/sunflaser.com\/shop\/triple-sensor-electro-optical-infrared-eo-ir-gimbal-camera-with-ai-tracking-sfeagle180b\/#breadcrumb","itemListElement":[{"@type":"ListItem","position":1,"name":"\u9996\u9875","item":"https:\/\/sunflaser.com\/"},{"@type":"ListItem","position":2,"name":"Product","item":"https:\/\/sunflaser.com\/product\/"},{"@type":"ListItem","position":3,"name":"Electro-Optical Pod SFEAGLE180B"}]},{"@type":"WebSite","@id":"https:\/\/sunflaser.com\/#website","url":"https:\/\/sunflaser.com\/","name":"SunFlaser Tech","description":"","publisher":{"@id":"https:\/\/sunflaser.com\/#organization"},"potentialAction":[{"@type":"SearchAction","target":{"@type":"EntryPoint","urlTemplate":"https:\/\/sunflaser.com\/?s={search_term_string}"},"query-input":{"@type":"PropertyValueSpecification","valueRequired":true,"valueName":"search_term_string"}}],"inLanguage":"fr-FR"},{"@type":"Organization","@id":"https:\/\/sunflaser.com\/#organization","name":"\u76db\u98de\u5149\u901f\u79d1\u6280\uff08\u6210\u90fd\uff09\u6709\u9650\u516c\u53f8","alternateName":"\u76db\u98de\u5149\u901f\u79d1\u6280\uff08\u6210\u90fd\uff09\u6709\u9650\u516c\u53f8","url":"https:\/\/sunflaser.com\/","logo":{"@type":"ImageObject","inLanguage":"fr-FR","@id":"https:\/\/sunflaser.com\/#\/schema\/logo\/image\/","url":"https:\/\/sunflaser.com\/wp-content\/uploads\/2025\/05\/Modern-S-Letter-Logo.png","contentUrl":"https:\/\/sunflaser.com\/wp-content\/uploads\/2025\/05\/Modern-S-Letter-Logo.png","width":1024,"height":289,"caption":"\u76db\u98de\u5149\u901f\u79d1\u6280\uff08\u6210\u90fd\uff09\u6709\u9650\u516c\u53f8"},"image":{"@id":"https:\/\/sunflaser.com\/#\/schema\/logo\/image\/"}}]}},"_links":{"self":[{"href":"https:\/\/sunflaser.com\/fr\/wp-json\/wp\/v2\/product\/180","targetHints":{"allow":["GET"]}}],"collection":[{"href":"https:\/\/sunflaser.com\/fr\/wp-json\/wp\/v2\/product"}],"about":[{"href":"https:\/\/sunflaser.com\/fr\/wp-json\/wp\/v2\/types\/product"}],"replies":[{"embeddable":true,"href":"https:\/\/sunflaser.com\/fr\/wp-json\/wp\/v2\/comments?post=180"}],"version-history":[{"count":0,"href":"https:\/\/sunflaser.com\/fr\/wp-json\/wp\/v2\/product\/180\/revisions"}],"wp:featuredmedia":[{"embeddable":true,"href":"https:\/\/sunflaser.com\/fr\/wp-json\/wp\/v2\/media\/7556"}],"wp:attachment":[{"href":"https:\/\/sunflaser.com\/fr\/wp-json\/wp\/v2\/media?parent=180"}],"wp:term":[{"taxonomy":"product_brand","embeddable":true,"href":"https:\/\/sunflaser.com\/fr\/wp-json\/wp\/v2\/product_brand?post=180"},{"taxonomy":"product_cat","embeddable":true,"href":"https:\/\/sunflaser.com\/fr\/wp-json\/wp\/v2\/product_cat?post=180"},{"taxonomy":"product_tag","embeddable":true,"href":"https:\/\/sunflaser.com\/fr\/wp-json\/wp\/v2\/product_tag?post=180"}],"curies":[{"name":"wp","href":"https:\/\/api.w.org\/{rel}","templated":true}]}}