{"id":171,"date":"2025-04-30T14:36:47","date_gmt":"2025-04-30T06:36:47","guid":{"rendered":"https:\/\/sunflaser.com\/?post_type=product&#038;p=171"},"modified":"2025-09-23T00:33:37","modified_gmt":"2025-09-23T07:33:37","slug":"dual-sensor-object-tracking-gimbal-camera-for-drone-sf-rbd64","status":"publish","type":"product","link":"https:\/\/sunflaser.com\/fr\/shop\/dual-sensor-object-tracking-gimbal-camera-for-drone-sf-rbd64\/","title":{"rendered":"Pod \u00e9lectro-optique SFEAGLE64A"},"content":{"rendered":"<h3><strong>Principaux arguments de vente<\/strong>\u200b<\/h3>\n<ul>\n<li><strong>Conception ultra-l\u00e9g\u00e8re<\/strong>\u200b<br \/>\nA seulement<strong>260g<\/strong>(0.57 lbs) et<strong>63,5x82mm<\/strong>il minimise la charge utile du drone sans compromettre les performances.<\/li>\n<li><strong>Polyvalence du double capteur<\/strong>\u200b<br \/>\nPassez d'une mani\u00e8re transparente de l'un \u00e0 l'autre<strong>Imagerie visible HD 1920\u00d71080@60fps<\/strong>(38,3\u00b0 FOV) et<strong>Vision thermique 640\u00d7512@60fps<\/strong>(24\u00b0 FOV) pour les missions jour\/nuit.<\/li>\n<li><strong>Anti-chocs et port\u00e9e \u00e9tendue<\/strong>\u200b<br \/>\nSurvit aux impacts du lancement et fonctionne en<strong>-40\u00b0C \u00e0 +60\u00b0C<\/strong>parfait pour les enqu\u00eates dans l'Arctique ou les patrouilles dans le d\u00e9sert.<\/li>\n<li><strong>Suivi et stabilisation intelligents<\/strong>\u200b<br \/>\nInt\u00e9gr\u00e9<strong>60Hz Suivi de l'IA<\/strong>(\u00b148 pixels\/image) et la stabilisation servo garantissent des images nettes m\u00eame \u00e0 des vitesses angulaires **\u226560\u00b0\/s**.<\/li>\n<li><strong>Efficacit\u00e9 \u00e9nerg\u00e9tique<\/strong>\u200b<br \/>\nLa gestion dynamique de l'\u00e9nergie permet de maintenir la consommation \u00e0 un niveau inf\u00e9rieur \u00e0 10 W (moyenne), ce qui prolonge la dur\u00e9e du vol.<\/li>\n<\/ul>\n<hr \/>\n<h3>\u200b<strong>Caract\u00e9ristiques principales<\/strong>\u200b<\/h3>\n<ul>\n<li>\u200b<strong>Stabilisation du servo<\/strong>: \u00c9limine les vibrations pour des images sans flou.<\/li>\n<li>\u200b<strong>Conception conforme \u00e0 la CEM<\/strong>: Aucune interf\u00e9rence avec les syst\u00e8mes de communication des drones.<\/li>\n<li>\u200b<strong>Contr\u00f4le pr\u00eat \u00e0 l'emploi<\/strong>: Int\u00e9gration simple via<strong>Port s\u00e9rie 232<\/strong>et<strong>Sortie vid\u00e9o Ethernet<\/strong>.<\/li>\n<li>\u200b<strong>Pr\u00e9cision au niveau du pixel<\/strong>Erreur de positionnement angulaire \u22640,3\u00b0 pour un ciblage pr\u00e9cis.<\/li>\n<\/ul>\n<hr \/>\n<h3>\u200b<strong>Applications<\/strong>\u200b<\/h3>\n<ul>\n<li>\u200b<strong>Recherche et sauvetage<\/strong>: Localiser les personnes disparues dans les for\u00eats ou les zones sinistr\u00e9es gr\u00e2ce aux signatures thermiques.<\/li>\n<li>\u200b<strong>Inspection des infrastructures<\/strong>: Surveillez les lignes \u00e9lectriques, les pipelines ou les \u00e9oliennes gr\u00e2ce au zoom HD.<\/li>\n<li>\u200b<strong>S\u00e9curit\u00e9 des fronti\u00e8res<\/strong>: Effectuer une surveillance \u00e0 longue distance dans l'obscurit\u00e9 totale.<\/li>\n<li>\u200b<strong>Surveillance de l'environnement<\/strong>: Suivez les animaux sauvages ou cartographiez le terrain gr\u00e2ce \u00e0 la flexibilit\u00e9 du double capteur.<\/li>\n<\/ul>\n<hr \/>\n<h3>\u200b<strong>Sp\u00e9cifications techniques<\/strong>\u200b<\/h3>\n\n<table id=\"tablepress-42\" class=\"tablepress tablepress-id-42\">\n<thead>\n<tr class=\"row-1\">\n\t<th class=\"column-1\"><strong>Param\u00e8tres<\/strong><\/th><th class=\"column-2\"><strong>Sp\u00e9cifications<\/strong><\/th>\n<\/tr>\n<\/thead>\n<tbody class=\"row-striping row-hover\">\n<tr class=\"row-2\">\n\t<td class=\"column-1\"><strong>Indicateurs du syst\u00e8me :<\/strong><\/td><td class=\"column-2\"><\/td>\n<\/tr>\n<tr class=\"row-3\">\n\t<td class=\"column-1\">Angle de cap<\/td><td class=\"column-2\">-90\u00b0~+90\u00b0<\/td>\n<\/tr>\n<tr class=\"row-4\">\n\t<td class=\"column-1\">Angle d'inclinaison<\/td><td class=\"column-2\">-90\u00b0~+30\u00b0<\/td>\n<\/tr>\n<tr class=\"row-5\">\n\t<td class=\"column-1\">vitesse angulaire<\/td><td class=\"column-2\">\u226560\u00b0\/s<\/td>\n<\/tr>\n<tr class=\"row-6\">\n\t<td class=\"column-1\">Acc\u00e9l\u00e9ration angulaire maximale<\/td><td class=\"column-2\">\u226590\u00b0\/s\u00b2<\/td>\n<\/tr>\n<tr class=\"row-7\">\n\t<td class=\"column-1\">Pr\u00e9cision de la position angulaire<\/td><td class=\"column-2\">\u22640.3\u00b0<\/td>\n<\/tr>\n<tr class=\"row-8\">\n\t<td class=\"column-1\">Alimentation \u00e9lectrique<\/td><td class=\"column-2\">12~28V<\/td>\n<\/tr>\n<tr class=\"row-9\">\n\t<td class=\"column-1\">Consommation \u00e9lectrique<\/td><td class=\"column-2\">\u226410W(moyenne)\uff0c\u226420W(max)<\/td>\n<\/tr>\n<tr class=\"row-10\">\n\t<td class=\"column-1\">Poids<\/td><td class=\"column-2\">260g<\/td>\n<\/tr>\n<tr class=\"row-11\">\n\t<td class=\"column-1\">Taille<\/td><td class=\"column-2\">\u03a663.5\u00d782mm<\/td>\n<\/tr>\n<tr class=\"row-12\">\n\t<td class=\"column-1\">Interface de contr\u00f4le<\/td><td class=\"column-2\">Port s\u00e9rie 232<\/td>\n<\/tr>\n<tr class=\"row-13\">\n\t<td class=\"column-1\">Sortie vid\u00e9o<\/td><td class=\"column-2\">Ethernet<\/td>\n<\/tr>\n<tr class=\"row-14\">\n\t<td class=\"column-1\"><strong>Capacit\u00e9 d'adaptation \u00e0 l'environnement :<\/strong><\/td><td class=\"column-2\"><\/td>\n<\/tr>\n<tr class=\"row-15\">\n\t<td class=\"column-1\">Temp\u00e9rature de fonctionnement<\/td><td class=\"column-2\">-40\u2103~+60\u2103<\/td>\n<\/tr>\n<tr class=\"row-16\">\n\t<td class=\"column-1\">Temp\u00e9rature de stockage<\/td><td class=\"column-2\">-40\u2103~+60\u2103<\/td>\n<\/tr>\n<tr class=\"row-17\">\n\t<td class=\"column-1\"><strong>Imagerie en lumi\u00e8re visible :<\/strong><\/td><td class=\"column-2\"><\/td>\n<\/tr>\n<tr class=\"row-18\">\n\t<td class=\"column-1\">R\u00e9solution et taux de rafra\u00eechissement<\/td><td class=\"column-2\">1920\u00d71080@60fps<\/td>\n<\/tr>\n<tr class=\"row-19\">\n\t<td class=\"column-1\">Champ de vision<\/td><td class=\"column-2\">38,3\u00b0\u00d722,1\u00b0(8mm)<\/td>\n<\/tr>\n<tr class=\"row-20\">\n\t<td class=\"column-1\"><strong>Imagerie thermique infrarouge :<\/strong><\/td><td class=\"column-2\"><\/td>\n<\/tr>\n<tr class=\"row-21\">\n\t<td class=\"column-1\">R\u00e9solution et taux de rafra\u00eechissement<\/td><td class=\"column-2\">640\u00d7512@60fps<\/td>\n<\/tr>\n<tr class=\"row-22\">\n\t<td class=\"column-1\">Champ de vision<\/td><td class=\"column-2\">24\u00b0\u00d718.1\u00b0(18mm)<\/td>\n<\/tr>\n<tr class=\"row-23\">\n\t<td class=\"column-1\"><strong>Module de suivi :<\/strong><\/td><td class=\"column-2\"><\/td>\n<\/tr>\n<tr class=\"row-24\">\n\t<td class=\"column-1\">Taux de rafra\u00eechissement<\/td><td class=\"column-2\">60Hz<\/td>\n<\/tr>\n<tr class=\"row-25\">\n\t<td class=\"column-1\">Vitesse de suivi<\/td><td class=\"column-2\">\u00b148 pixels par image<\/td>\n<\/tr>\n<\/tbody>\n<\/table>\n\n<p><em>Configurations personnalis\u00e9es disponibles (capteurs, certifications, interfaces). Contactez-nous pour un devis OEM\/ODM.<\/em><\/p>\n<p>&nbsp;<\/p>","protected":false},"excerpt":{"rendered":"<p>Le SFEAGLE64A Gimbal int\u00e8gre un<strong>cam\u00e9ra \u00e0 lumi\u00e8re visible<\/strong>et<strong>imageur thermique infrarouge non refroidi<\/strong>dans une charge utile gyrostabilis\u00e9e ultra-compacte con\u00e7ue pour les drones l\u00e9gers. Con\u00e7u pour la surveillance \u00e0 basse altitude, la recherche et le sauvetage, et les inspections industrielles, il combine une durabilit\u00e9 de niveau militaire avec un fonctionnement plug-and-play, id\u00e9al pour les op\u00e9rateurs qui privil\u00e9gient la portabilit\u00e9, la pr\u00e9cision et la conformit\u00e9 aux environnements difficiles.<\/p>","protected":false},"featured_media":7554,"comment_status":"closed","ping_status":"closed","template":"","meta":[],"product_brand":[],"product_cat":[15],"product_tag":[],"class_list":{"0":"post-171","1":"product","2":"type-product","3":"status-publish","4":"has-post-thumbnail","6":"product_cat-electro-optical-pod-product","8":"first","9":"instock","10":"shipping-taxable","11":"product-type-simple"},"yoast_head":"<!-- This site is optimized with the Yoast SEO Premium plugin v24.8 (Yoast SEO v26.6) - https:\/\/yoast.com\/wordpress\/plugins\/seo\/ -->\n<title>Electro-Optical Pod SFEAGLE64A - SunFlaser Tech<\/title>\n<meta name=\"robots\" content=\"index, follow, max-snippet:-1, max-image-preview:large, max-video-preview:-1\" \/>\n<link rel=\"canonical\" href=\"https:\/\/sunflaser.com\/fr\/shop\/dual-sensor-object-tracking-gimbal-camera-for-drone-sf-rbd64\/\" \/>\n<meta property=\"og:locale\" content=\"fr_FR\" \/>\n<meta property=\"og:type\" content=\"article\" \/>\n<meta property=\"og:title\" content=\"Electro-Optical Pod SFEAGLE64A\" \/>\n<meta property=\"og:description\" content=\"The SFEAGLE64A Gimbal integrates a \u200bvisible light camera\u200b and \u200buncooled infrared thermal imager\u200b into an ultra-compact, gyro-stabilized payload designed for lightweight drones. Engineered for low-altitude surveillance, search and rescue, and industrial inspections, it combines military-grade durability with plug-and-play operation\u2014ideal for operators prioritizing portability, precision, and compliance with harsh environments.\" \/>\n<meta property=\"og:url\" content=\"https:\/\/sunflaser.com\/fr\/shop\/dual-sensor-object-tracking-gimbal-camera-for-drone-sf-rbd64\/\" \/>\n<meta property=\"og:site_name\" content=\"SunFlaser Tech\" \/>\n<meta property=\"article:modified_time\" content=\"2025-09-23T07:33:37+00:00\" \/>\n<meta property=\"og:image\" content=\"https:\/\/sunflaser.com\/wp-content\/uploads\/2025\/04\/SFEAGLE64A.png\" \/>\n\t<meta property=\"og:image:width\" content=\"800\" \/>\n\t<meta property=\"og:image:height\" content=\"800\" \/>\n\t<meta property=\"og:image:type\" content=\"image\/png\" \/>\n<meta name=\"twitter:card\" content=\"summary_large_image\" \/>\n<meta name=\"twitter:label1\" content=\"Dur\u00e9e de lecture estim\u00e9e\" \/>\n\t<meta name=\"twitter:data1\" content=\"2 minutes\" \/>\n<script type=\"application\/ld+json\" class=\"yoast-schema-graph\">{\"@context\":\"https:\/\/schema.org\",\"@graph\":[{\"@type\":\"WebPage\",\"@id\":\"https:\/\/sunflaser.com\/shop\/dual-sensor-object-tracking-gimbal-camera-for-drone-sf-rbd64\/\",\"url\":\"https:\/\/sunflaser.com\/shop\/dual-sensor-object-tracking-gimbal-camera-for-drone-sf-rbd64\/\",\"name\":\"Electro-Optical Pod SFEAGLE64A - SunFlaser Tech\",\"isPartOf\":{\"@id\":\"https:\/\/sunflaser.com\/#website\"},\"primaryImageOfPage\":{\"@id\":\"https:\/\/sunflaser.com\/shop\/dual-sensor-object-tracking-gimbal-camera-for-drone-sf-rbd64\/#primaryimage\"},\"image\":{\"@id\":\"https:\/\/sunflaser.com\/shop\/dual-sensor-object-tracking-gimbal-camera-for-drone-sf-rbd64\/#primaryimage\"},\"thumbnailUrl\":\"https:\/\/sunflaser.com\/wp-content\/uploads\/2025\/04\/SFEAGLE64A.png\",\"datePublished\":\"2025-04-30T06:36:47+00:00\",\"dateModified\":\"2025-09-23T07:33:37+00:00\",\"breadcrumb\":{\"@id\":\"https:\/\/sunflaser.com\/shop\/dual-sensor-object-tracking-gimbal-camera-for-drone-sf-rbd64\/#breadcrumb\"},\"inLanguage\":\"fr-FR\",\"potentialAction\":[{\"@type\":\"ReadAction\",\"target\":[\"https:\/\/sunflaser.com\/shop\/dual-sensor-object-tracking-gimbal-camera-for-drone-sf-rbd64\/\"]}]},{\"@type\":\"ImageObject\",\"inLanguage\":\"fr-FR\",\"@id\":\"https:\/\/sunflaser.com\/shop\/dual-sensor-object-tracking-gimbal-camera-for-drone-sf-rbd64\/#primaryimage\",\"url\":\"https:\/\/sunflaser.com\/wp-content\/uploads\/2025\/04\/SFEAGLE64A.png\",\"contentUrl\":\"https:\/\/sunflaser.com\/wp-content\/uploads\/2025\/04\/SFEAGLE64A.png\",\"width\":800,\"height\":800},{\"@type\":\"BreadcrumbList\",\"@id\":\"https:\/\/sunflaser.com\/shop\/dual-sensor-object-tracking-gimbal-camera-for-drone-sf-rbd64\/#breadcrumb\",\"itemListElement\":[{\"@type\":\"ListItem\",\"position\":1,\"name\":\"\u9996\u9875\",\"item\":\"https:\/\/sunflaser.com\/\"},{\"@type\":\"ListItem\",\"position\":2,\"name\":\"Product\",\"item\":\"https:\/\/sunflaser.com\/product\/\"},{\"@type\":\"ListItem\",\"position\":3,\"name\":\"Electro-Optical Pod SFEAGLE64A\"}]},{\"@type\":\"WebSite\",\"@id\":\"https:\/\/sunflaser.com\/#website\",\"url\":\"https:\/\/sunflaser.com\/\",\"name\":\"SunFlaser Tech\",\"description\":\"\",\"publisher\":{\"@id\":\"https:\/\/sunflaser.com\/#organization\"},\"potentialAction\":[{\"@type\":\"SearchAction\",\"target\":{\"@type\":\"EntryPoint\",\"urlTemplate\":\"https:\/\/sunflaser.com\/?s={search_term_string}\"},\"query-input\":{\"@type\":\"PropertyValueSpecification\",\"valueRequired\":true,\"valueName\":\"search_term_string\"}}],\"inLanguage\":\"fr-FR\"},{\"@type\":\"Organization\",\"@id\":\"https:\/\/sunflaser.com\/#organization\",\"name\":\"\u76db\u98de\u5149\u901f\u79d1\u6280\uff08\u6210\u90fd\uff09\u6709\u9650\u516c\u53f8\",\"alternateName\":\"\u76db\u98de\u5149\u901f\u79d1\u6280\uff08\u6210\u90fd\uff09\u6709\u9650\u516c\u53f8\",\"url\":\"https:\/\/sunflaser.com\/\",\"logo\":{\"@type\":\"ImageObject\",\"inLanguage\":\"fr-FR\",\"@id\":\"https:\/\/sunflaser.com\/#\/schema\/logo\/image\/\",\"url\":\"https:\/\/sunflaser.com\/wp-content\/uploads\/2025\/05\/Modern-S-Letter-Logo.png\",\"contentUrl\":\"https:\/\/sunflaser.com\/wp-content\/uploads\/2025\/05\/Modern-S-Letter-Logo.png\",\"width\":1024,\"height\":289,\"caption\":\"\u76db\u98de\u5149\u901f\u79d1\u6280\uff08\u6210\u90fd\uff09\u6709\u9650\u516c\u53f8\"},\"image\":{\"@id\":\"https:\/\/sunflaser.com\/#\/schema\/logo\/image\/\"}}]}<\/script>\n<!-- \/ Yoast SEO Premium plugin. -->","yoast_head_json":{"title":"Electro-Optical Pod SFEAGLE64A - SunFlaser Tech","robots":{"index":"index","follow":"follow","max-snippet":"max-snippet:-1","max-image-preview":"max-image-preview:large","max-video-preview":"max-video-preview:-1"},"canonical":"https:\/\/sunflaser.com\/fr\/shop\/dual-sensor-object-tracking-gimbal-camera-for-drone-sf-rbd64\/","og_locale":"fr_FR","og_type":"article","og_title":"Electro-Optical Pod SFEAGLE64A","og_description":"The SFEAGLE64A Gimbal integrates a \u200bvisible light camera\u200b and \u200buncooled infrared thermal imager\u200b into an ultra-compact, gyro-stabilized payload designed for lightweight drones. Engineered for low-altitude surveillance, search and rescue, and industrial inspections, it combines military-grade durability with plug-and-play operation\u2014ideal for operators prioritizing portability, precision, and compliance with harsh environments.","og_url":"https:\/\/sunflaser.com\/fr\/shop\/dual-sensor-object-tracking-gimbal-camera-for-drone-sf-rbd64\/","og_site_name":"SunFlaser Tech","article_modified_time":"2025-09-23T07:33:37+00:00","og_image":[{"width":800,"height":800,"url":"https:\/\/sunflaser.com\/wp-content\/uploads\/2025\/04\/SFEAGLE64A.png","type":"image\/png"}],"twitter_card":"summary_large_image","twitter_misc":{"Dur\u00e9e de lecture estim\u00e9e":"2 minutes"},"schema":{"@context":"https:\/\/schema.org","@graph":[{"@type":"WebPage","@id":"https:\/\/sunflaser.com\/shop\/dual-sensor-object-tracking-gimbal-camera-for-drone-sf-rbd64\/","url":"https:\/\/sunflaser.com\/shop\/dual-sensor-object-tracking-gimbal-camera-for-drone-sf-rbd64\/","name":"Electro-Optical Pod SFEAGLE64A - SunFlaser Tech","isPartOf":{"@id":"https:\/\/sunflaser.com\/#website"},"primaryImageOfPage":{"@id":"https:\/\/sunflaser.com\/shop\/dual-sensor-object-tracking-gimbal-camera-for-drone-sf-rbd64\/#primaryimage"},"image":{"@id":"https:\/\/sunflaser.com\/shop\/dual-sensor-object-tracking-gimbal-camera-for-drone-sf-rbd64\/#primaryimage"},"thumbnailUrl":"https:\/\/sunflaser.com\/wp-content\/uploads\/2025\/04\/SFEAGLE64A.png","datePublished":"2025-04-30T06:36:47+00:00","dateModified":"2025-09-23T07:33:37+00:00","breadcrumb":{"@id":"https:\/\/sunflaser.com\/shop\/dual-sensor-object-tracking-gimbal-camera-for-drone-sf-rbd64\/#breadcrumb"},"inLanguage":"fr-FR","potentialAction":[{"@type":"ReadAction","target":["https:\/\/sunflaser.com\/shop\/dual-sensor-object-tracking-gimbal-camera-for-drone-sf-rbd64\/"]}]},{"@type":"ImageObject","inLanguage":"fr-FR","@id":"https:\/\/sunflaser.com\/shop\/dual-sensor-object-tracking-gimbal-camera-for-drone-sf-rbd64\/#primaryimage","url":"https:\/\/sunflaser.com\/wp-content\/uploads\/2025\/04\/SFEAGLE64A.png","contentUrl":"https:\/\/sunflaser.com\/wp-content\/uploads\/2025\/04\/SFEAGLE64A.png","width":800,"height":800},{"@type":"BreadcrumbList","@id":"https:\/\/sunflaser.com\/shop\/dual-sensor-object-tracking-gimbal-camera-for-drone-sf-rbd64\/#breadcrumb","itemListElement":[{"@type":"ListItem","position":1,"name":"\u9996\u9875","item":"https:\/\/sunflaser.com\/"},{"@type":"ListItem","position":2,"name":"Product","item":"https:\/\/sunflaser.com\/product\/"},{"@type":"ListItem","position":3,"name":"Electro-Optical Pod SFEAGLE64A"}]},{"@type":"WebSite","@id":"https:\/\/sunflaser.com\/#website","url":"https:\/\/sunflaser.com\/","name":"SunFlaser Tech","description":"","publisher":{"@id":"https:\/\/sunflaser.com\/#organization"},"potentialAction":[{"@type":"SearchAction","target":{"@type":"EntryPoint","urlTemplate":"https:\/\/sunflaser.com\/?s={search_term_string}"},"query-input":{"@type":"PropertyValueSpecification","valueRequired":true,"valueName":"search_term_string"}}],"inLanguage":"fr-FR"},{"@type":"Organization","@id":"https:\/\/sunflaser.com\/#organization","name":"\u76db\u98de\u5149\u901f\u79d1\u6280\uff08\u6210\u90fd\uff09\u6709\u9650\u516c\u53f8","alternateName":"\u76db\u98de\u5149\u901f\u79d1\u6280\uff08\u6210\u90fd\uff09\u6709\u9650\u516c\u53f8","url":"https:\/\/sunflaser.com\/","logo":{"@type":"ImageObject","inLanguage":"fr-FR","@id":"https:\/\/sunflaser.com\/#\/schema\/logo\/image\/","url":"https:\/\/sunflaser.com\/wp-content\/uploads\/2025\/05\/Modern-S-Letter-Logo.png","contentUrl":"https:\/\/sunflaser.com\/wp-content\/uploads\/2025\/05\/Modern-S-Letter-Logo.png","width":1024,"height":289,"caption":"\u76db\u98de\u5149\u901f\u79d1\u6280\uff08\u6210\u90fd\uff09\u6709\u9650\u516c\u53f8"},"image":{"@id":"https:\/\/sunflaser.com\/#\/schema\/logo\/image\/"}}]}},"_links":{"self":[{"href":"https:\/\/sunflaser.com\/fr\/wp-json\/wp\/v2\/product\/171","targetHints":{"allow":["GET"]}}],"collection":[{"href":"https:\/\/sunflaser.com\/fr\/wp-json\/wp\/v2\/product"}],"about":[{"href":"https:\/\/sunflaser.com\/fr\/wp-json\/wp\/v2\/types\/product"}],"replies":[{"embeddable":true,"href":"https:\/\/sunflaser.com\/fr\/wp-json\/wp\/v2\/comments?post=171"}],"version-history":[{"count":0,"href":"https:\/\/sunflaser.com\/fr\/wp-json\/wp\/v2\/product\/171\/revisions"}],"wp:featuredmedia":[{"embeddable":true,"href":"https:\/\/sunflaser.com\/fr\/wp-json\/wp\/v2\/media\/7554"}],"wp:attachment":[{"href":"https:\/\/sunflaser.com\/fr\/wp-json\/wp\/v2\/media?parent=171"}],"wp:term":[{"taxonomy":"product_brand","embeddable":true,"href":"https:\/\/sunflaser.com\/fr\/wp-json\/wp\/v2\/product_brand?post=171"},{"taxonomy":"product_cat","embeddable":true,"href":"https:\/\/sunflaser.com\/fr\/wp-json\/wp\/v2\/product_cat?post=171"},{"taxonomy":"product_tag","embeddable":true,"href":"https:\/\/sunflaser.com\/fr\/wp-json\/wp\/v2\/product_tag?post=171"}],"curies":[{"name":"wp","href":"https:\/\/api.w.org\/{rel}","templated":true}]}}