{"id":1593,"date":"2025-05-02T01:23:35","date_gmt":"2025-05-02T08:23:35","guid":{"rendered":"https:\/\/sunflaser.com\/?post_type=product&#038;p=1593"},"modified":"2025-09-23T00:18:18","modified_gmt":"2025-09-23T07:18:18","slug":"triple-sensor-3-axis-gyro-stabilized-eo-ir-gimbal-for-drones-with-ai-tracking-electro-optical-pod-sfeagle125a","status":"publish","type":"product","link":"https:\/\/sunflaser.com\/fr\/shop\/triple-sensor-3-axis-gyro-stabilized-eo-ir-gimbal-for-drones-with-ai-tracking-electro-optical-pod-sfeagle125a\/","title":{"rendered":"Pod \u00e9lectro-optique SFEAGLE125A"},"content":{"rendered":"<h3><strong>Caract\u00e9ristiques principales (USP)<\/strong>\u200b<\/h3>\n<ul>\n<li>\u200b<strong>L'excellence de l'imagerie \u00e0 double capteur<\/strong>\u200b\n<ul>\n<li>\u200b<strong>Cam\u00e9ra visible \u00e0 zoom optique 30x<\/strong>: Capturez des s\u00e9quences ultra-HD 1080p@60fps avec une<strong>Grand angle de 63\u00b0 \u00e0 FOV \u00e9troit de 2,3<\/strong>pour une reconnaissance d\u00e9taill\u00e9e.<\/li>\n<li>\u200b<strong>Imageur thermique IR 640\u00d7512<\/strong>: D\u00e9tecter les signatures thermiques dans l'obscurit\u00e9 totale ou \u00e0 travers la fum\u00e9e\/le brouillard, parfait pour<strong>recherche et sauvetage<\/strong>ou<strong>op\u00e9rations de nuit<\/strong>.<\/li>\n<\/ul>\n<\/li>\n<li>\u200b<strong>Stabilisation et suivi de niveau militaire<\/strong>\u200b\n<ul>\n<li>\u200b<strong>Plate-forme gyro-stabilis\u00e9e sur 3 axes<\/strong>: \u00c9liminer les vibrations pour<strong>une imagerie claire comme du cristal<\/strong>m\u00eame \u00e0 des vitesses angulaires de \u00b160\u00b0\/s.<\/li>\n<li>\u200b<strong>Auto-Tracking aliment\u00e9 par l'IA<\/strong>: Verrouillage sur les cibles \u00e0 \u00b148 pixels\/image pour<strong>suivi en temps r\u00e9el<\/strong>d'objets en mouvement.<\/li>\n<\/ul>\n<\/li>\n<li>\u200b<strong>Capacit\u00e9s de ciblage \u00e0 longue port\u00e9e<\/strong>\u200b\n<ul>\n<li>\u200b<strong>T\u00e9l\u00e9m\u00e8tre laser<\/strong>: Mesurer des distances jusqu'\u00e0<strong>2km (pr\u00e9cision \u00b11m)<\/strong>pour une g\u00e9olocalisation pr\u00e9cise et la planification de missions.<\/li>\n<\/ul>\n<\/li>\n<li>\u200b<strong>Robuste pour les conditions extr\u00eames<\/strong>\u200b\n<ul>\n<li>Fonctionne en<strong>De -20\u00b0C \u00e0 +60\u00b0C<\/strong>avec une r\u00e9sistance \u00e0 la poussi\u00e8re et \u00e0 l'humidit\u00e9 conforme \u00e0 la norme IP (personnalisable).<\/li>\n<\/ul>\n<\/li>\n<li>\u200b<strong>Faible consommation, haut rendement<\/strong>\u200b\n<ul>\n<li>La consommation de pointe \u226416W assure la compatibilit\u00e9 avec les drones de petite \u00e0 moyenne taille.<\/li>\n<\/ul>\n<\/li>\n<\/ul>\n<hr \/>\n<h3>\u200b<strong>Applications<\/strong>\u200b<\/h3>\n<ul>\n<li>\u200b<strong>D\u00e9fense et s\u00e9curit\u00e9<\/strong>: Patrouille frontali\u00e8re, acquisition de cibles, reconnaissance du champ de bataille.<\/li>\n<li>\u200b<strong>Industriel<\/strong>: Inspection des lignes \u00e9lectriques, surveillance des pipelines, \u00e9valuation des catastrophes.<\/li>\n<li>\u200b<strong>S\u00e9curit\u00e9 publique<\/strong>: Recherche et sauvetage, lutte contre les incendies, surveillance des forces de l'ordre.<\/li>\n<li>\u200b<strong>Agriculture<\/strong>: Analyse de la sant\u00e9 des cultures, surveillance du b\u00e9tail.<\/li>\n<\/ul>\n<hr \/>\n<h3>\u200b<strong>Sp\u00e9cifications techniques<\/strong>\u200b<\/h3>\n\n<table id=\"tablepress-40\" class=\"tablepress tablepress-id-40\">\n<thead>\n<tr class=\"row-1\">\n\t<th class=\"column-1\"><strong>Param\u00e8tres<\/strong><\/th><th class=\"column-2\"><strong>Sp\u00e9cifications<\/strong><\/th>\n<\/tr>\n<\/thead>\n<tbody class=\"row-striping row-hover\">\n<tr class=\"row-2\">\n\t<td class=\"column-1\"><strong>Indicateurs du syst\u00e8me :<\/strong><\/td><td class=\"column-2\"><\/td>\n<\/tr>\n<tr class=\"row-3\">\n\t<td class=\"column-1\">Plage de pivotement<\/td><td class=\"column-2\">n\u00d7360\u00b0 positionnement infini pour l'orientation<\/td>\n<\/tr>\n<tr class=\"row-4\">\n\t<td class=\"column-1\">Angle d'inclinaison<\/td><td class=\"column-2\">-110\u00b0~+110\u00b0<\/td>\n<\/tr>\n<tr class=\"row-5\">\n\t<td class=\"column-1\">Angle de roulis<\/td><td class=\"column-2\">-50\u00b0~+50\u00b0<\/td>\n<\/tr>\n<tr class=\"row-6\">\n\t<td class=\"column-1\">Vitesse angulaire maximale<\/td><td class=\"column-2\">\u226560\u00b0\/s<\/td>\n<\/tr>\n<tr class=\"row-7\">\n\t<td class=\"column-1\">Acc\u00e9l\u00e9ration angulaire maximale<\/td><td class=\"column-2\">\u226590\u00b0\/s\u00b2<\/td>\n<\/tr>\n<tr class=\"row-8\">\n\t<td class=\"column-1\">Pr\u00e9cision de la position angulaire<\/td><td class=\"column-2\">\u22640.3\u00b0<\/td>\n<\/tr>\n<tr class=\"row-9\">\n\t<td class=\"column-1\">Alimentation \u00e9lectrique<\/td><td class=\"column-2\">11~16VDC<\/td>\n<\/tr>\n<tr class=\"row-10\">\n\t<td class=\"column-1\">Consommation \u00e9lectrique<\/td><td class=\"column-2\">\u226410W(Average\uff09\uff0c\u226416W(Max)<\/td>\n<\/tr>\n<tr class=\"row-11\">\n\t<td class=\"column-1\">Poids<\/td><td class=\"column-2\">\u2264960g<\/td>\n<\/tr>\n<tr class=\"row-12\">\n\t<td class=\"column-1\">Taille<\/td><td class=\"column-2\">\u2264125mm\u00d7159mm\u00d7173mm<\/td>\n<\/tr>\n<tr class=\"row-13\">\n\t<td class=\"column-1\">Interface de contr\u00f4le<\/td><td class=\"column-2\">RS232<\/td>\n<\/tr>\n<tr class=\"row-14\">\n\t<td class=\"column-1\">Sortie vid\u00e9o<\/td><td class=\"column-2\">Ethernet\/SDL<\/td>\n<\/tr>\n<tr class=\"row-15\">\n\t<td class=\"column-1\"><strong>Capacit\u00e9 d'adaptation \u00e0 l'environnement :<\/strong><\/td><td class=\"column-2\"><\/td>\n<\/tr>\n<tr class=\"row-16\">\n\t<td class=\"column-1\">Temp\u00e9rature de fonctionnement<\/td><td class=\"column-2\">-20\u2103~+60\u2103<\/td>\n<\/tr>\n<tr class=\"row-17\">\n\t<td class=\"column-1\">Temp\u00e9rature de stockage<\/td><td class=\"column-2\">-40\u2103~+60\u2103<\/td>\n<\/tr>\n<tr class=\"row-18\">\n\t<td class=\"column-1\"><strong>Imagerie \u00e0 lumi\u00e8re visible avec zoom 30x :<\/strong><\/td><td class=\"column-2\"><\/td>\n<\/tr>\n<tr class=\"row-19\">\n\t<td class=\"column-1\">R\u00e9solution et taux de rafra\u00eechissement<\/td><td class=\"column-2\">1920\u00d71080@60fps<\/td>\n<\/tr>\n<tr class=\"row-20\">\n\t<td class=\"column-1\">Champ de vision<\/td><td class=\"column-2\">63\u00b0\u00d735\u00b0~2.3\u00b0\u00d71.3\u00b0<\/td>\n<\/tr>\n<tr class=\"row-21\">\n\t<td class=\"column-1\"><strong>Visiblelight 8mm fixed focus imaging :<\/strong><\/td><td class=\"column-2\"><\/td>\n<\/tr>\n<tr class=\"row-22\">\n\t<td class=\"column-1\">R\u00e9solution et taux de rafra\u00eechissement<\/td><td class=\"column-2\">1920\u00d71080@60fps<\/td>\n<\/tr>\n<tr class=\"row-23\">\n\t<td class=\"column-1\">Champ de vision<\/td><td class=\"column-2\">38.4\u00b0~22.2\u00b0<\/td>\n<\/tr>\n<tr class=\"row-24\">\n\t<td class=\"column-1\"><strong>Imagerie thermique infrarouge<\/strong><\/td><td class=\"column-2\"><\/td>\n<\/tr>\n<tr class=\"row-25\">\n\t<td class=\"column-1\">R\u00e9solution et taux de rafra\u00eechissement<\/td><td class=\"column-2\">640\u00d7512@60fps<\/td>\n<\/tr>\n<tr class=\"row-26\">\n\t<td class=\"column-1\">Champ de vision<\/td><td class=\"column-2\">12\u00b0\u00d79\u00b0<\/td>\n<\/tr>\n<tr class=\"row-27\">\n\t<td class=\"column-1\"><strong>T\u00e9l\u00e9m\u00e9trie laser :<\/strong><\/td><td class=\"column-2\"><\/td>\n<\/tr>\n<tr class=\"row-28\">\n\t<td class=\"column-1\">Port\u00e9e maximale<\/td><td class=\"column-2\">\u22652km<\/td>\n<\/tr>\n<tr class=\"row-29\">\n\t<td class=\"column-1\">Pr\u00e9cision de la mesure<\/td><td class=\"column-2\">\u00b11m<\/td>\n<\/tr>\n<tr class=\"row-30\">\n\t<td class=\"column-1\"><strong>Module de suivi :<\/strong><\/td><td class=\"column-2\"><\/td>\n<\/tr>\n<tr class=\"row-31\">\n\t<td class=\"column-1\">Taux de rafra\u00eechissement<\/td><td class=\"column-2\">60 images par seconde<\/td>\n<\/tr>\n<tr class=\"row-32\">\n\t<td class=\"column-1\">Vitesse du rayonnage<\/td><td class=\"column-2\">\u00b148 pixels par image<\/td>\n<\/tr>\n<\/tbody>\n<\/table>\n\n<hr \/>\n<h3>\u200b<strong>Conformit\u00e9 et certifications<\/strong>\u200b<\/h3>\n<ul>\n<li>Personnalisable pour r\u00e9pondre aux<strong>CE<\/strong>, ,<strong>FCC<\/strong>, et<strong>RoHS<\/strong>(sur demande).<\/li>\n<li>Compatible avec<strong>OTAN-STANAG<\/strong>pour les applications de d\u00e9fense.<\/li>\n<\/ul>\n<hr \/>\n<h3>\u200b<strong>Pourquoi choisir SUNFLASER ?<\/strong>\u200b<\/h3>\n<ul>\n<li>\u200b<strong>Plus de 10 ans d'expertise en EO\/IR<\/strong>: Des clients du monde entier font confiance aux solutions robustes et critiques.<\/li>\n<li>\u200b<strong>Enti\u00e8rement personnalisable<\/strong>: Adaptez les configurations (par exemple, un zoom plus \u00e9lev\u00e9, une port\u00e9e plus grande) \u00e0 vos besoins op\u00e9rationnels.<\/li>\n<li>\u200b<strong>D\u00e9ploiement rapide<\/strong>: Int\u00e9gration plug-and-play avec la plupart des plateformes commerciales et tactiques de drones.<\/li>\n<\/ul>","protected":false},"excerpt":{"rendered":"<p>Le SFEAGLE125A Electro-Optical\/Infrared (EO\/IR) Gimbal de SUNFLASER Tech est une charge utile l\u00e9g\u00e8re de pointe con\u00e7ue pour les syst\u00e8mes a\u00e9riens sans pilote (UAV). Con\u00e7ue pour<strong>surveillance, reconnaissance et ciblage de haute pr\u00e9cision<\/strong>, Ce syst\u00e8me tout-en-un int\u00e8gre un<strong>Cam\u00e9ra \u00e0 lumi\u00e8re visible avec zoom 30x<\/strong>, ,<strong>capteur d'imagerie thermique<\/strong>, et<strong>t\u00e9l\u00e9m\u00e8tre laser<\/strong>pour offrir des capacit\u00e9s op\u00e9rationnelles jour\/nuit in\u00e9gal\u00e9es. Id\u00e9ale pour la d\u00e9fense, la s\u00e9curit\u00e9, l'inspection industrielle et les interventions d'urgence, son<strong>conception ultra-compacte<\/strong>(\u2264960g) garantit un impact minimal sur le temps de vol du drone tout en maximisant la flexibilit\u00e9 de la mission.<\/p>","protected":false},"featured_media":7555,"comment_status":"closed","ping_status":"closed","template":"","meta":[],"product_brand":[],"product_cat":[15],"product_tag":[],"class_list":{"0":"post-1593","1":"product","2":"type-product","3":"status-publish","4":"has-post-thumbnail","6":"product_cat-electro-optical-pod-product","8":"first","9":"instock","10":"shipping-taxable","11":"product-type-simple"},"yoast_head":"<!-- This site is optimized with the Yoast SEO Premium plugin v24.8 (Yoast SEO v26.6) - https:\/\/yoast.com\/wordpress\/plugins\/seo\/ -->\n<title>Electro-Optical Pod SFEAGLE125A - SunFlaser Tech<\/title>\n<meta name=\"robots\" content=\"index, follow, max-snippet:-1, max-image-preview:large, max-video-preview:-1\" \/>\n<link rel=\"canonical\" href=\"https:\/\/sunflaser.com\/fr\/shop\/triple-sensor-3-axis-gyro-stabilized-eo-ir-gimbal-for-drones-with-ai-tracking-electro-optical-pod-sfeagle125a\/\" \/>\n<meta property=\"og:locale\" content=\"fr_FR\" \/>\n<meta property=\"og:type\" content=\"article\" \/>\n<meta property=\"og:title\" content=\"Electro-Optical Pod SFEAGLE125A\" \/>\n<meta property=\"og:description\" content=\"The SFEAGLE125A Electro-Optical\/Infrared (EO\/IR) Gimbal by SUNFLASER Tech is a cutting-edge, lightweight payload designed for unmanned aerial systems (UAVs). Engineered for \u200bhigh-precision surveillance, reconnaissance, and targeting, this all-in-one system integrates a \u200b30x zoom visible-light camera, \u200bthermal imaging sensor, and \u200blaser rangefinder\u200b to deliver unparalleled day\/night operational capabilities. Ideal for defense, security, industrial inspection, and emergency response, its \u200bultra-compact design\u200b (\u2264960g) ensures minimal impact on drone flight time while maximizing mission flexibility.\" \/>\n<meta property=\"og:url\" content=\"https:\/\/sunflaser.com\/fr\/shop\/triple-sensor-3-axis-gyro-stabilized-eo-ir-gimbal-for-drones-with-ai-tracking-electro-optical-pod-sfeagle125a\/\" \/>\n<meta property=\"og:site_name\" content=\"SunFlaser Tech\" \/>\n<meta property=\"article:modified_time\" content=\"2025-09-23T07:18:18+00:00\" \/>\n<meta property=\"og:image\" content=\"https:\/\/sunflaser.com\/wp-content\/uploads\/2025\/04\/SFEAGLE125A.png\" \/>\n\t<meta property=\"og:image:width\" content=\"800\" \/>\n\t<meta property=\"og:image:height\" content=\"800\" \/>\n\t<meta property=\"og:image:type\" content=\"image\/png\" \/>\n<meta name=\"twitter:card\" content=\"summary_large_image\" \/>\n<meta name=\"twitter:label1\" content=\"Dur\u00e9e de lecture estim\u00e9e\" \/>\n\t<meta name=\"twitter:data1\" content=\"2 minutes\" \/>\n<script type=\"application\/ld+json\" class=\"yoast-schema-graph\">{\"@context\":\"https:\/\/schema.org\",\"@graph\":[{\"@type\":\"WebPage\",\"@id\":\"https:\/\/sunflaser.com\/shop\/triple-sensor-3-axis-gyro-stabilized-eo-ir-gimbal-for-drones-with-ai-tracking-electro-optical-pod-sfeagle125a\/\",\"url\":\"https:\/\/sunflaser.com\/shop\/triple-sensor-3-axis-gyro-stabilized-eo-ir-gimbal-for-drones-with-ai-tracking-electro-optical-pod-sfeagle125a\/\",\"name\":\"Electro-Optical Pod SFEAGLE125A - SunFlaser Tech\",\"isPartOf\":{\"@id\":\"https:\/\/sunflaser.com\/#website\"},\"primaryImageOfPage\":{\"@id\":\"https:\/\/sunflaser.com\/shop\/triple-sensor-3-axis-gyro-stabilized-eo-ir-gimbal-for-drones-with-ai-tracking-electro-optical-pod-sfeagle125a\/#primaryimage\"},\"image\":{\"@id\":\"https:\/\/sunflaser.com\/shop\/triple-sensor-3-axis-gyro-stabilized-eo-ir-gimbal-for-drones-with-ai-tracking-electro-optical-pod-sfeagle125a\/#primaryimage\"},\"thumbnailUrl\":\"https:\/\/sunflaser.com\/wp-content\/uploads\/2025\/04\/SFEAGLE125A.png\",\"datePublished\":\"2025-05-02T08:23:35+00:00\",\"dateModified\":\"2025-09-23T07:18:18+00:00\",\"breadcrumb\":{\"@id\":\"https:\/\/sunflaser.com\/shop\/triple-sensor-3-axis-gyro-stabilized-eo-ir-gimbal-for-drones-with-ai-tracking-electro-optical-pod-sfeagle125a\/#breadcrumb\"},\"inLanguage\":\"fr-FR\",\"potentialAction\":[{\"@type\":\"ReadAction\",\"target\":[\"https:\/\/sunflaser.com\/shop\/triple-sensor-3-axis-gyro-stabilized-eo-ir-gimbal-for-drones-with-ai-tracking-electro-optical-pod-sfeagle125a\/\"]}]},{\"@type\":\"ImageObject\",\"inLanguage\":\"fr-FR\",\"@id\":\"https:\/\/sunflaser.com\/shop\/triple-sensor-3-axis-gyro-stabilized-eo-ir-gimbal-for-drones-with-ai-tracking-electro-optical-pod-sfeagle125a\/#primaryimage\",\"url\":\"https:\/\/sunflaser.com\/wp-content\/uploads\/2025\/04\/SFEAGLE125A.png\",\"contentUrl\":\"https:\/\/sunflaser.com\/wp-content\/uploads\/2025\/04\/SFEAGLE125A.png\",\"width\":800,\"height\":800},{\"@type\":\"BreadcrumbList\",\"@id\":\"https:\/\/sunflaser.com\/shop\/triple-sensor-3-axis-gyro-stabilized-eo-ir-gimbal-for-drones-with-ai-tracking-electro-optical-pod-sfeagle125a\/#breadcrumb\",\"itemListElement\":[{\"@type\":\"ListItem\",\"position\":1,\"name\":\"\u9996\u9875\",\"item\":\"https:\/\/sunflaser.com\/\"},{\"@type\":\"ListItem\",\"position\":2,\"name\":\"Product\",\"item\":\"https:\/\/sunflaser.com\/product\/\"},{\"@type\":\"ListItem\",\"position\":3,\"name\":\"Electro-Optical Pod SFEAGLE125A\"}]},{\"@type\":\"WebSite\",\"@id\":\"https:\/\/sunflaser.com\/#website\",\"url\":\"https:\/\/sunflaser.com\/\",\"name\":\"SunFlaser Tech\",\"description\":\"\",\"publisher\":{\"@id\":\"https:\/\/sunflaser.com\/#organization\"},\"potentialAction\":[{\"@type\":\"SearchAction\",\"target\":{\"@type\":\"EntryPoint\",\"urlTemplate\":\"https:\/\/sunflaser.com\/?s={search_term_string}\"},\"query-input\":{\"@type\":\"PropertyValueSpecification\",\"valueRequired\":true,\"valueName\":\"search_term_string\"}}],\"inLanguage\":\"fr-FR\"},{\"@type\":\"Organization\",\"@id\":\"https:\/\/sunflaser.com\/#organization\",\"name\":\"\u76db\u98de\u5149\u901f\u79d1\u6280\uff08\u6210\u90fd\uff09\u6709\u9650\u516c\u53f8\",\"alternateName\":\"\u76db\u98de\u5149\u901f\u79d1\u6280\uff08\u6210\u90fd\uff09\u6709\u9650\u516c\u53f8\",\"url\":\"https:\/\/sunflaser.com\/\",\"logo\":{\"@type\":\"ImageObject\",\"inLanguage\":\"fr-FR\",\"@id\":\"https:\/\/sunflaser.com\/#\/schema\/logo\/image\/\",\"url\":\"https:\/\/sunflaser.com\/wp-content\/uploads\/2025\/05\/Modern-S-Letter-Logo.png\",\"contentUrl\":\"https:\/\/sunflaser.com\/wp-content\/uploads\/2025\/05\/Modern-S-Letter-Logo.png\",\"width\":1024,\"height\":289,\"caption\":\"\u76db\u98de\u5149\u901f\u79d1\u6280\uff08\u6210\u90fd\uff09\u6709\u9650\u516c\u53f8\"},\"image\":{\"@id\":\"https:\/\/sunflaser.com\/#\/schema\/logo\/image\/\"}}]}<\/script>\n<!-- \/ Yoast SEO Premium plugin. -->","yoast_head_json":{"title":"Electro-Optical Pod SFEAGLE125A - SunFlaser Tech","robots":{"index":"index","follow":"follow","max-snippet":"max-snippet:-1","max-image-preview":"max-image-preview:large","max-video-preview":"max-video-preview:-1"},"canonical":"https:\/\/sunflaser.com\/fr\/shop\/triple-sensor-3-axis-gyro-stabilized-eo-ir-gimbal-for-drones-with-ai-tracking-electro-optical-pod-sfeagle125a\/","og_locale":"fr_FR","og_type":"article","og_title":"Electro-Optical Pod SFEAGLE125A","og_description":"The SFEAGLE125A Electro-Optical\/Infrared (EO\/IR) Gimbal by SUNFLASER Tech is a cutting-edge, lightweight payload designed for unmanned aerial systems (UAVs). Engineered for \u200bhigh-precision surveillance, reconnaissance, and targeting, this all-in-one system integrates a \u200b30x zoom visible-light camera, \u200bthermal imaging sensor, and \u200blaser rangefinder\u200b to deliver unparalleled day\/night operational capabilities. Ideal for defense, security, industrial inspection, and emergency response, its \u200bultra-compact design\u200b (\u2264960g) ensures minimal impact on drone flight time while maximizing mission flexibility.","og_url":"https:\/\/sunflaser.com\/fr\/shop\/triple-sensor-3-axis-gyro-stabilized-eo-ir-gimbal-for-drones-with-ai-tracking-electro-optical-pod-sfeagle125a\/","og_site_name":"SunFlaser Tech","article_modified_time":"2025-09-23T07:18:18+00:00","og_image":[{"width":800,"height":800,"url":"https:\/\/sunflaser.com\/wp-content\/uploads\/2025\/04\/SFEAGLE125A.png","type":"image\/png"}],"twitter_card":"summary_large_image","twitter_misc":{"Dur\u00e9e de lecture estim\u00e9e":"2 minutes"},"schema":{"@context":"https:\/\/schema.org","@graph":[{"@type":"WebPage","@id":"https:\/\/sunflaser.com\/shop\/triple-sensor-3-axis-gyro-stabilized-eo-ir-gimbal-for-drones-with-ai-tracking-electro-optical-pod-sfeagle125a\/","url":"https:\/\/sunflaser.com\/shop\/triple-sensor-3-axis-gyro-stabilized-eo-ir-gimbal-for-drones-with-ai-tracking-electro-optical-pod-sfeagle125a\/","name":"Electro-Optical Pod SFEAGLE125A - SunFlaser Tech","isPartOf":{"@id":"https:\/\/sunflaser.com\/#website"},"primaryImageOfPage":{"@id":"https:\/\/sunflaser.com\/shop\/triple-sensor-3-axis-gyro-stabilized-eo-ir-gimbal-for-drones-with-ai-tracking-electro-optical-pod-sfeagle125a\/#primaryimage"},"image":{"@id":"https:\/\/sunflaser.com\/shop\/triple-sensor-3-axis-gyro-stabilized-eo-ir-gimbal-for-drones-with-ai-tracking-electro-optical-pod-sfeagle125a\/#primaryimage"},"thumbnailUrl":"https:\/\/sunflaser.com\/wp-content\/uploads\/2025\/04\/SFEAGLE125A.png","datePublished":"2025-05-02T08:23:35+00:00","dateModified":"2025-09-23T07:18:18+00:00","breadcrumb":{"@id":"https:\/\/sunflaser.com\/shop\/triple-sensor-3-axis-gyro-stabilized-eo-ir-gimbal-for-drones-with-ai-tracking-electro-optical-pod-sfeagle125a\/#breadcrumb"},"inLanguage":"fr-FR","potentialAction":[{"@type":"ReadAction","target":["https:\/\/sunflaser.com\/shop\/triple-sensor-3-axis-gyro-stabilized-eo-ir-gimbal-for-drones-with-ai-tracking-electro-optical-pod-sfeagle125a\/"]}]},{"@type":"ImageObject","inLanguage":"fr-FR","@id":"https:\/\/sunflaser.com\/shop\/triple-sensor-3-axis-gyro-stabilized-eo-ir-gimbal-for-drones-with-ai-tracking-electro-optical-pod-sfeagle125a\/#primaryimage","url":"https:\/\/sunflaser.com\/wp-content\/uploads\/2025\/04\/SFEAGLE125A.png","contentUrl":"https:\/\/sunflaser.com\/wp-content\/uploads\/2025\/04\/SFEAGLE125A.png","width":800,"height":800},{"@type":"BreadcrumbList","@id":"https:\/\/sunflaser.com\/shop\/triple-sensor-3-axis-gyro-stabilized-eo-ir-gimbal-for-drones-with-ai-tracking-electro-optical-pod-sfeagle125a\/#breadcrumb","itemListElement":[{"@type":"ListItem","position":1,"name":"\u9996\u9875","item":"https:\/\/sunflaser.com\/"},{"@type":"ListItem","position":2,"name":"Product","item":"https:\/\/sunflaser.com\/product\/"},{"@type":"ListItem","position":3,"name":"Electro-Optical Pod SFEAGLE125A"}]},{"@type":"WebSite","@id":"https:\/\/sunflaser.com\/#website","url":"https:\/\/sunflaser.com\/","name":"SunFlaser Tech","description":"","publisher":{"@id":"https:\/\/sunflaser.com\/#organization"},"potentialAction":[{"@type":"SearchAction","target":{"@type":"EntryPoint","urlTemplate":"https:\/\/sunflaser.com\/?s={search_term_string}"},"query-input":{"@type":"PropertyValueSpecification","valueRequired":true,"valueName":"search_term_string"}}],"inLanguage":"fr-FR"},{"@type":"Organization","@id":"https:\/\/sunflaser.com\/#organization","name":"\u76db\u98de\u5149\u901f\u79d1\u6280\uff08\u6210\u90fd\uff09\u6709\u9650\u516c\u53f8","alternateName":"\u76db\u98de\u5149\u901f\u79d1\u6280\uff08\u6210\u90fd\uff09\u6709\u9650\u516c\u53f8","url":"https:\/\/sunflaser.com\/","logo":{"@type":"ImageObject","inLanguage":"fr-FR","@id":"https:\/\/sunflaser.com\/#\/schema\/logo\/image\/","url":"https:\/\/sunflaser.com\/wp-content\/uploads\/2025\/05\/Modern-S-Letter-Logo.png","contentUrl":"https:\/\/sunflaser.com\/wp-content\/uploads\/2025\/05\/Modern-S-Letter-Logo.png","width":1024,"height":289,"caption":"\u76db\u98de\u5149\u901f\u79d1\u6280\uff08\u6210\u90fd\uff09\u6709\u9650\u516c\u53f8"},"image":{"@id":"https:\/\/sunflaser.com\/#\/schema\/logo\/image\/"}}]}},"_links":{"self":[{"href":"https:\/\/sunflaser.com\/fr\/wp-json\/wp\/v2\/product\/1593","targetHints":{"allow":["GET"]}}],"collection":[{"href":"https:\/\/sunflaser.com\/fr\/wp-json\/wp\/v2\/product"}],"about":[{"href":"https:\/\/sunflaser.com\/fr\/wp-json\/wp\/v2\/types\/product"}],"replies":[{"embeddable":true,"href":"https:\/\/sunflaser.com\/fr\/wp-json\/wp\/v2\/comments?post=1593"}],"version-history":[{"count":0,"href":"https:\/\/sunflaser.com\/fr\/wp-json\/wp\/v2\/product\/1593\/revisions"}],"wp:featuredmedia":[{"embeddable":true,"href":"https:\/\/sunflaser.com\/fr\/wp-json\/wp\/v2\/media\/7555"}],"wp:attachment":[{"href":"https:\/\/sunflaser.com\/fr\/wp-json\/wp\/v2\/media?parent=1593"}],"wp:term":[{"taxonomy":"product_brand","embeddable":true,"href":"https:\/\/sunflaser.com\/fr\/wp-json\/wp\/v2\/product_brand?post=1593"},{"taxonomy":"product_cat","embeddable":true,"href":"https:\/\/sunflaser.com\/fr\/wp-json\/wp\/v2\/product_cat?post=1593"},{"taxonomy":"product_tag","embeddable":true,"href":"https:\/\/sunflaser.com\/fr\/wp-json\/wp\/v2\/product_tag?post=1593"}],"curies":[{"name":"wp","href":"https:\/\/api.w.org\/{rel}","templated":true}]}}