{"id":156,"date":"2025-04-30T14:35:40","date_gmt":"2025-04-30T06:35:40","guid":{"rendered":"https:\/\/sunflaser.com\/?post_type=product&#038;p=156"},"modified":"2025-11-26T22:35:18","modified_gmt":"2025-11-27T06:35:18","slug":"1535nm-laser-rangefinder-module-18000m-sfb18000r","status":"publish","type":"product","link":"https:\/\/sunflaser.com\/fr\/shop\/1535nm-laser-rangefinder-module-18000m-sfb18000r\/","title":{"rendered":"Module de t\u00e9l\u00e9m\u00e9trie laser 1535nm 18000m SFB18000R"},"content":{"rendered":"<h3><strong>Principaux arguments de vente<\/strong>\u200b<\/h3>\n<ul>\n<li><strong>Gamme \u00e9tendue<\/strong>: Capacit\u00e9 de 300 m \u00e0 18 km avec une divergence de faisceau de 0,3 mrad<\/li>\n<li><strong>Durabilit\u00e9 militaire<\/strong>: Fonctionne \u00e0 9 km d'altitude, r\u00e9siste aux chocs et aux vibrations<\/li>\n<li><strong>Puissance intelligente<\/strong>Entr\u00e9e large tension 21-31V DC pour l'aviation\/les v\u00e9hicules<\/li>\n<li>\u200b<strong>Ultra-pr\u00e9cis<\/strong>Taux de pr\u00e9cision du 98% avec \u00e9talonnage environnemental adaptatif<\/li>\n<\/ul>\n<hr \/>\n<h3>\u200b<strong>Applications<\/strong>\u200b<\/h3>\n<ul>\n<li>Lev\u00e9s a\u00e9riens<\/li>\n<li>Syst\u00e8mes de d\u00e9fense<\/li>\n<li>Drones de recherche et de sauvetage<\/li>\n<li>Inspection des infrastructures<\/li>\n<li>Gestion foresti\u00e8re<\/li>\n<\/ul>\n<hr \/>\n<h3><strong>Sp\u00e9cifications techniques<\/strong>\u200b<\/h3>\n\n<table id=\"tablepress-28\" class=\"tablepress tablepress-id-28\">\n<thead>\n<tr class=\"row-1\">\n\t<th class=\"column-1\"><strong>Param\u00e8tres<\/strong><\/th><th class=\"column-2\"><strong>Sp\u00e9cifications<\/strong><\/th>\n<\/tr>\n<\/thead>\n<tbody class=\"row-striping row-hover\">\n<tr class=\"row-2\">\n\t<td class=\"column-1\">Longueur d'onde<\/td><td class=\"column-2\">1540\u00b1 10 nm<\/td>\n<\/tr>\n<tr class=\"row-3\">\n\t<td class=\"column-1\">Temps de pr\u00e9paration<\/td><td class=\"column-2\">\u2264 1 min<\/td>\n<\/tr>\n<tr class=\"row-4\">\n\t<td class=\"column-1\">\u00c9nergie laser<\/td><td class=\"column-2\">\u2265 200 \u00b5J<\/td>\n<\/tr>\n<tr class=\"row-5\">\n\t<td class=\"column-1\">Port\u00e9e maximale<\/td><td class=\"column-2\">\u2265 18 km<br \/>\n(Conditions : Visibilit\u00e9 au sol de 20 km, turbulences atmosph\u00e9riques mod\u00e9r\u00e9es, coefficient de r\u00e9flectivit\u00e9 diffuse de la cible de 0,2, altitude de vol de l'avion porteur de 9 km ; taille de la cible : 10 m \u00d7 10 m.)<\/td>\n<\/tr>\n<tr class=\"row-6\">\n\t<td class=\"column-1\">Fourchette minimale<\/td><td class=\"column-2\">\u2264300m<\/td>\n<\/tr>\n<tr class=\"row-7\">\n\t<td class=\"column-1\">Pr\u00e9cision<\/td><td class=\"column-2\">\u2264\u00b15m<\/td>\n<\/tr>\n<tr class=\"row-8\">\n\t<td class=\"column-1\">Fr\u00e9quence<\/td><td class=\"column-2\">1Hz\u30015Hz<\/td>\n<\/tr>\n<tr class=\"row-9\">\n\t<td class=\"column-1\">Taux de pr\u00e9cision<\/td><td class=\"column-2\">\u226598%<\/td>\n<\/tr>\n<tr class=\"row-10\">\n\t<td class=\"column-1\">Angle du faisceau<\/td><td class=\"column-2\">\u22640.3mrad<\/td>\n<\/tr>\n<tr class=\"row-11\">\n\t<td class=\"column-1\">Instabilit\u00e9 de l'orientation du faisceau<\/td><td class=\"column-2\">\u2264 0,03 mrad (1\u03c3)<\/td>\n<\/tr>\n<tr class=\"row-12\">\n\t<td class=\"column-1\">Interface de communication<\/td><td class=\"column-2\">TTL<\/td>\n<\/tr>\n<tr class=\"row-13\">\n\t<td class=\"column-1\">Dimensions<\/td><td class=\"column-2\">(L)127mm\u00d7(W)85mm\u00d7(H)52.75mm<\/td>\n<\/tr>\n<tr class=\"row-14\">\n\t<td class=\"column-1\">Poids<\/td><td class=\"column-2\">\u2264400g<\/td>\n<\/tr>\n<tr class=\"row-15\">\n\t<td class=\"column-1\">Tension d'alimentation<\/td><td class=\"column-2\">+22V ~ 29V (Puissance d'entr\u00e9e : +28 VDC)<\/td>\n<\/tr>\n<tr class=\"row-16\">\n\t<td class=\"column-1\">Consommation \u00e9lectrique de pointe<\/td><td class=\"column-2\">\u226420W<\/td>\n<\/tr>\n<tr class=\"row-17\">\n\t<td class=\"column-1\">Consommation \u00e9lectrique moyenne<\/td><td class=\"column-2\">\u226410W<\/td>\n<\/tr>\n<tr class=\"row-18\">\n\t<td class=\"column-1\">Temp\u00e9rature de fonctionnement<\/td><td class=\"column-2\">-55\u2103~+70\u2103<\/td>\n<\/tr>\n<tr class=\"row-19\">\n\t<td class=\"column-1\">Temp\u00e9rature de stockage<\/td><td class=\"column-2\">-55\u2103~+70\u2103<\/td>\n<\/tr>\n<tr class=\"row-20\">\n\t<td class=\"column-1\">Dur\u00e9e de la t\u00e9l\u00e9m\u00e9trie continue<\/td><td class=\"column-2\">Dur\u00e9e maximale de la port\u00e9e continue \u22651 min, avec des intervalles \u2264 30 s.<\/td>\n<\/tr>\n<\/tbody>\n<\/table>\n\n<p>Note : Toutes les sp\u00e9cifications de performance et les interfaces peuvent \u00eatre personnalis\u00e9es pour r\u00e9pondre \u00e0 des besoins sp\u00e9cifiques.<\/p>","protected":false},"excerpt":{"rendered":"<p>Le module t\u00e9l\u00e9m\u00e8tre laser SFB18000R offre une mesure de distance de haute pr\u00e9cision jusqu'\u00e0 18 km, con\u00e7ue pour \u00eatre int\u00e9gr\u00e9e dans les syst\u00e8mes de ciblage opto\u00e9lectroniques, les drones et les \u00e9quipements industriels. Dot\u00e9 d'une double fr\u00e9quence d'impulsion (1Hz\/5Hz) et d'une pr\u00e9cision de \u00b15m, il excelle dans les conditions extr\u00eames (-55\u00b0C \u00e0 +70\u00b0C) tout en conservant un design l\u00e9ger et robuste (400g, 127x85x52.75mm).<\/p>","protected":false},"featured_media":7439,"comment_status":"closed","ping_status":"closed","template":"","meta":[],"product_brand":[],"product_cat":[105,605],"product_tag":[],"class_list":{"0":"post-156","1":"product","2":"type-product","3":"status-publish","4":"has-post-thumbnail","6":"product_cat-1535nm-eye-safe-laser-rangefinder-module","7":"product_cat-laser-rangefinder-module","8":"pa_acuracy-rate-649","9":"pa_blind-zone-747","10":"pa_dimensions-l127xw85xh52-75","11":"pa_operating-temperature-753","12":"pa_storage-temperature-728","13":"pa_voltage-22v-29v-input-power-28-vdc","14":"pa_weight-756","16":"first","17":"instock","18":"shipping-taxable","19":"product-type-simple"},"yoast_head":"<!-- This site is optimized with the Yoast SEO Premium plugin v24.8 (Yoast SEO v26.6) - https:\/\/yoast.com\/wordpress\/plugins\/seo\/ -->\n<title>1535nm Laser Rangefinder Module 18000m SFB18000R - SunFlaser Tech<\/title>\n<meta name=\"description\" content=\"The SFB18000R Laser Rangefinder Module delivers high-precision distance measurement up to 18km.\" \/>\n<meta name=\"robots\" content=\"index, follow, max-snippet:-1, max-image-preview:large, max-video-preview:-1\" \/>\n<link rel=\"canonical\" href=\"https:\/\/sunflaser.com\/fr\/shop\/1535nm-laser-rangefinder-module-18000m-sfb18000r\/\" \/>\n<meta property=\"og:locale\" content=\"fr_FR\" \/>\n<meta property=\"og:type\" content=\"article\" \/>\n<meta property=\"og:title\" content=\"1535nm Laser Rangefinder Module 18000m SFB18000R\" \/>\n<meta property=\"og:description\" content=\"The SFB18000R Laser Rangefinder Module delivers high-precision distance measurement up to 18km.\" \/>\n<meta property=\"og:url\" content=\"https:\/\/sunflaser.com\/fr\/shop\/1535nm-laser-rangefinder-module-18000m-sfb18000r\/\" \/>\n<meta property=\"og:site_name\" content=\"SunFlaser Tech\" \/>\n<meta property=\"article:modified_time\" content=\"2025-11-27T06:35:18+00:00\" \/>\n<meta property=\"og:image\" content=\"https:\/\/sunflaser.com\/wp-content\/uploads\/2025\/04\/SFB18000A.png\" \/>\n\t<meta property=\"og:image:width\" content=\"800\" \/>\n\t<meta property=\"og:image:height\" content=\"800\" \/>\n\t<meta property=\"og:image:type\" content=\"image\/png\" \/>\n<meta name=\"twitter:card\" content=\"summary_large_image\" \/>\n<meta name=\"twitter:label1\" content=\"Dur\u00e9e de lecture estim\u00e9e\" \/>\n\t<meta name=\"twitter:data1\" content=\"1 minute\" \/>\n<script type=\"application\/ld+json\" class=\"yoast-schema-graph\">{\"@context\":\"https:\/\/schema.org\",\"@graph\":[{\"@type\":\"WebPage\",\"@id\":\"https:\/\/sunflaser.com\/shop\/1535nm-laser-rangefinder-module-18000m-sfb18000r\/\",\"url\":\"https:\/\/sunflaser.com\/shop\/1535nm-laser-rangefinder-module-18000m-sfb18000r\/\",\"name\":\"1535nm Laser Rangefinder Module 18000m SFB18000R - SunFlaser Tech\",\"isPartOf\":{\"@id\":\"https:\/\/sunflaser.com\/#website\"},\"primaryImageOfPage\":{\"@id\":\"https:\/\/sunflaser.com\/shop\/1535nm-laser-rangefinder-module-18000m-sfb18000r\/#primaryimage\"},\"image\":{\"@id\":\"https:\/\/sunflaser.com\/shop\/1535nm-laser-rangefinder-module-18000m-sfb18000r\/#primaryimage\"},\"thumbnailUrl\":\"https:\/\/sunflaser.com\/wp-content\/uploads\/2025\/04\/SFB18000A.png\",\"datePublished\":\"2025-04-30T06:35:40+00:00\",\"dateModified\":\"2025-11-27T06:35:18+00:00\",\"description\":\"The SFB18000R Laser Rangefinder Module delivers high-precision distance measurement up to 18km.\",\"breadcrumb\":{\"@id\":\"https:\/\/sunflaser.com\/shop\/1535nm-laser-rangefinder-module-18000m-sfb18000r\/#breadcrumb\"},\"inLanguage\":\"fr-FR\",\"potentialAction\":[{\"@type\":\"ReadAction\",\"target\":[\"https:\/\/sunflaser.com\/shop\/1535nm-laser-rangefinder-module-18000m-sfb18000r\/\"]}]},{\"@type\":\"ImageObject\",\"inLanguage\":\"fr-FR\",\"@id\":\"https:\/\/sunflaser.com\/shop\/1535nm-laser-rangefinder-module-18000m-sfb18000r\/#primaryimage\",\"url\":\"https:\/\/sunflaser.com\/wp-content\/uploads\/2025\/04\/SFB18000A.png\",\"contentUrl\":\"https:\/\/sunflaser.com\/wp-content\/uploads\/2025\/04\/SFB18000A.png\",\"width\":800,\"height\":800},{\"@type\":\"BreadcrumbList\",\"@id\":\"https:\/\/sunflaser.com\/shop\/1535nm-laser-rangefinder-module-18000m-sfb18000r\/#breadcrumb\",\"itemListElement\":[{\"@type\":\"ListItem\",\"position\":1,\"name\":\"\u9996\u9875\",\"item\":\"https:\/\/sunflaser.com\/\"},{\"@type\":\"ListItem\",\"position\":2,\"name\":\"Product\",\"item\":\"https:\/\/sunflaser.com\/product\/\"},{\"@type\":\"ListItem\",\"position\":3,\"name\":\"1535nm Laser Rangefinder Module 18000m SFB18000R\"}]},{\"@type\":\"WebSite\",\"@id\":\"https:\/\/sunflaser.com\/#website\",\"url\":\"https:\/\/sunflaser.com\/\",\"name\":\"SunFlaser Tech\",\"description\":\"\",\"publisher\":{\"@id\":\"https:\/\/sunflaser.com\/#organization\"},\"potentialAction\":[{\"@type\":\"SearchAction\",\"target\":{\"@type\":\"EntryPoint\",\"urlTemplate\":\"https:\/\/sunflaser.com\/?s={search_term_string}\"},\"query-input\":{\"@type\":\"PropertyValueSpecification\",\"valueRequired\":true,\"valueName\":\"search_term_string\"}}],\"inLanguage\":\"fr-FR\"},{\"@type\":\"Organization\",\"@id\":\"https:\/\/sunflaser.com\/#organization\",\"name\":\"\u76db\u98de\u5149\u901f\u79d1\u6280\uff08\u6210\u90fd\uff09\u6709\u9650\u516c\u53f8\",\"alternateName\":\"\u76db\u98de\u5149\u901f\u79d1\u6280\uff08\u6210\u90fd\uff09\u6709\u9650\u516c\u53f8\",\"url\":\"https:\/\/sunflaser.com\/\",\"logo\":{\"@type\":\"ImageObject\",\"inLanguage\":\"fr-FR\",\"@id\":\"https:\/\/sunflaser.com\/#\/schema\/logo\/image\/\",\"url\":\"https:\/\/sunflaser.com\/wp-content\/uploads\/2025\/05\/Modern-S-Letter-Logo.png\",\"contentUrl\":\"https:\/\/sunflaser.com\/wp-content\/uploads\/2025\/05\/Modern-S-Letter-Logo.png\",\"width\":1024,\"height\":289,\"caption\":\"\u76db\u98de\u5149\u901f\u79d1\u6280\uff08\u6210\u90fd\uff09\u6709\u9650\u516c\u53f8\"},\"image\":{\"@id\":\"https:\/\/sunflaser.com\/#\/schema\/logo\/image\/\"}}]}<\/script>\n<!-- \/ Yoast SEO Premium plugin. -->","yoast_head_json":{"title":"1535nm Laser Rangefinder Module 18000m SFB18000R - SunFlaser Tech","description":"The SFB18000R Laser Rangefinder Module delivers high-precision distance measurement up to 18km.","robots":{"index":"index","follow":"follow","max-snippet":"max-snippet:-1","max-image-preview":"max-image-preview:large","max-video-preview":"max-video-preview:-1"},"canonical":"https:\/\/sunflaser.com\/fr\/shop\/1535nm-laser-rangefinder-module-18000m-sfb18000r\/","og_locale":"fr_FR","og_type":"article","og_title":"1535nm Laser Rangefinder Module 18000m SFB18000R","og_description":"The SFB18000R Laser Rangefinder Module delivers high-precision distance measurement up to 18km.","og_url":"https:\/\/sunflaser.com\/fr\/shop\/1535nm-laser-rangefinder-module-18000m-sfb18000r\/","og_site_name":"SunFlaser Tech","article_modified_time":"2025-11-27T06:35:18+00:00","og_image":[{"width":800,"height":800,"url":"https:\/\/sunflaser.com\/wp-content\/uploads\/2025\/04\/SFB18000A.png","type":"image\/png"}],"twitter_card":"summary_large_image","twitter_misc":{"Dur\u00e9e de lecture estim\u00e9e":"1 minute"},"schema":{"@context":"https:\/\/schema.org","@graph":[{"@type":"WebPage","@id":"https:\/\/sunflaser.com\/shop\/1535nm-laser-rangefinder-module-18000m-sfb18000r\/","url":"https:\/\/sunflaser.com\/shop\/1535nm-laser-rangefinder-module-18000m-sfb18000r\/","name":"1535nm Laser Rangefinder Module 18000m SFB18000R - SunFlaser Tech","isPartOf":{"@id":"https:\/\/sunflaser.com\/#website"},"primaryImageOfPage":{"@id":"https:\/\/sunflaser.com\/shop\/1535nm-laser-rangefinder-module-18000m-sfb18000r\/#primaryimage"},"image":{"@id":"https:\/\/sunflaser.com\/shop\/1535nm-laser-rangefinder-module-18000m-sfb18000r\/#primaryimage"},"thumbnailUrl":"https:\/\/sunflaser.com\/wp-content\/uploads\/2025\/04\/SFB18000A.png","datePublished":"2025-04-30T06:35:40+00:00","dateModified":"2025-11-27T06:35:18+00:00","description":"The SFB18000R Laser Rangefinder Module delivers high-precision distance measurement up to 18km.","breadcrumb":{"@id":"https:\/\/sunflaser.com\/shop\/1535nm-laser-rangefinder-module-18000m-sfb18000r\/#breadcrumb"},"inLanguage":"fr-FR","potentialAction":[{"@type":"ReadAction","target":["https:\/\/sunflaser.com\/shop\/1535nm-laser-rangefinder-module-18000m-sfb18000r\/"]}]},{"@type":"ImageObject","inLanguage":"fr-FR","@id":"https:\/\/sunflaser.com\/shop\/1535nm-laser-rangefinder-module-18000m-sfb18000r\/#primaryimage","url":"https:\/\/sunflaser.com\/wp-content\/uploads\/2025\/04\/SFB18000A.png","contentUrl":"https:\/\/sunflaser.com\/wp-content\/uploads\/2025\/04\/SFB18000A.png","width":800,"height":800},{"@type":"BreadcrumbList","@id":"https:\/\/sunflaser.com\/shop\/1535nm-laser-rangefinder-module-18000m-sfb18000r\/#breadcrumb","itemListElement":[{"@type":"ListItem","position":1,"name":"\u9996\u9875","item":"https:\/\/sunflaser.com\/"},{"@type":"ListItem","position":2,"name":"Product","item":"https:\/\/sunflaser.com\/product\/"},{"@type":"ListItem","position":3,"name":"1535nm Laser Rangefinder Module 18000m SFB18000R"}]},{"@type":"WebSite","@id":"https:\/\/sunflaser.com\/#website","url":"https:\/\/sunflaser.com\/","name":"SunFlaser Tech","description":"","publisher":{"@id":"https:\/\/sunflaser.com\/#organization"},"potentialAction":[{"@type":"SearchAction","target":{"@type":"EntryPoint","urlTemplate":"https:\/\/sunflaser.com\/?s={search_term_string}"},"query-input":{"@type":"PropertyValueSpecification","valueRequired":true,"valueName":"search_term_string"}}],"inLanguage":"fr-FR"},{"@type":"Organization","@id":"https:\/\/sunflaser.com\/#organization","name":"\u76db\u98de\u5149\u901f\u79d1\u6280\uff08\u6210\u90fd\uff09\u6709\u9650\u516c\u53f8","alternateName":"\u76db\u98de\u5149\u901f\u79d1\u6280\uff08\u6210\u90fd\uff09\u6709\u9650\u516c\u53f8","url":"https:\/\/sunflaser.com\/","logo":{"@type":"ImageObject","inLanguage":"fr-FR","@id":"https:\/\/sunflaser.com\/#\/schema\/logo\/image\/","url":"https:\/\/sunflaser.com\/wp-content\/uploads\/2025\/05\/Modern-S-Letter-Logo.png","contentUrl":"https:\/\/sunflaser.com\/wp-content\/uploads\/2025\/05\/Modern-S-Letter-Logo.png","width":1024,"height":289,"caption":"\u76db\u98de\u5149\u901f\u79d1\u6280\uff08\u6210\u90fd\uff09\u6709\u9650\u516c\u53f8"},"image":{"@id":"https:\/\/sunflaser.com\/#\/schema\/logo\/image\/"}}]}},"_links":{"self":[{"href":"https:\/\/sunflaser.com\/fr\/wp-json\/wp\/v2\/product\/156","targetHints":{"allow":["GET"]}}],"collection":[{"href":"https:\/\/sunflaser.com\/fr\/wp-json\/wp\/v2\/product"}],"about":[{"href":"https:\/\/sunflaser.com\/fr\/wp-json\/wp\/v2\/types\/product"}],"replies":[{"embeddable":true,"href":"https:\/\/sunflaser.com\/fr\/wp-json\/wp\/v2\/comments?post=156"}],"version-history":[{"count":0,"href":"https:\/\/sunflaser.com\/fr\/wp-json\/wp\/v2\/product\/156\/revisions"}],"wp:featuredmedia":[{"embeddable":true,"href":"https:\/\/sunflaser.com\/fr\/wp-json\/wp\/v2\/media\/7439"}],"wp:attachment":[{"href":"https:\/\/sunflaser.com\/fr\/wp-json\/wp\/v2\/media?parent=156"}],"wp:term":[{"taxonomy":"product_brand","embeddable":true,"href":"https:\/\/sunflaser.com\/fr\/wp-json\/wp\/v2\/product_brand?post=156"},{"taxonomy":"product_cat","embeddable":true,"href":"https:\/\/sunflaser.com\/fr\/wp-json\/wp\/v2\/product_cat?post=156"},{"taxonomy":"product_tag","embeddable":true,"href":"https:\/\/sunflaser.com\/fr\/wp-json\/wp\/v2\/product_tag?post=156"}],"curies":[{"name":"wp","href":"https:\/\/api.w.org\/{rel}","templated":true}]}}