{"id":155,"date":"2025-04-30T14:35:40","date_gmt":"2025-04-30T06:35:40","guid":{"rendered":"https:\/\/sunflaser.com\/?post_type=product&#038;p=155"},"modified":"2025-11-26T22:22:33","modified_gmt":"2025-11-27T06:22:33","slug":"1535nm-laser-rangefinder-module-8000m-sfb8000r","status":"publish","type":"product","link":"https:\/\/sunflaser.com\/fr\/shop\/1535nm-laser-rangefinder-module-8000m-sfb8000r\/","title":{"rendered":"Module de t\u00e9l\u00e9m\u00e9trie laser 1535nm 8000m SFB8000R"},"content":{"rendered":"<h3><strong>Principaux arguments de vente<\/strong><\/h3>\n<ul>\n<li>Ultra-compact et l\u00e9ger (\u2264100g, 68\u00d742.5x55mm)<\/li>\n<li>R\u00e9sistance aux environnements extr\u00eames (-40\u00b0C ~ +60\u00b0C)<\/li>\n<li>Taux de r\u00e9p\u00e9tition r\u00e9glable (1Hz-10Hz)<\/li>\n<li>Taux de pr\u00e9cision \u00e9lev\u00e9 (\u226598%) avec une faible divergence du faisceau (\u22640.3mrad)<\/li>\n<\/ul>\n<hr \/>\n<h3>\u200b<strong>Applications<\/strong>\u200b<\/h3>\n<ul>\n<li>Ciblage militaire<\/li>\n<li>Chasse<\/li>\n<li>Arpentage<\/li>\n<li>Inspection industrielle<\/li>\n<li>Int\u00e9gration avec les syst\u00e8mes \u00e9lectro-optiques<\/li>\n<\/ul>\n<hr \/>\n<h3>Technique <strong>Sp\u00e9cifications<\/strong>\u200b<\/h3>\n\n<table id=\"tablepress-24\" class=\"tablepress tablepress-id-24\">\n<thead>\n<tr class=\"row-1\">\n\t<th class=\"column-1\"><strong>Param\u00e8tres<\/strong><\/th><th class=\"column-2\"><strong>Sp\u00e9cifications<\/strong><\/th>\n<\/tr>\n<\/thead>\n<tbody class=\"row-striping row-hover\">\n<tr class=\"row-2\">\n\t<td class=\"column-1\">Longueur d'onde du laser<\/td><td class=\"column-2\">1535\u00b15nm<\/td>\n<\/tr>\n<tr class=\"row-3\">\n\t<td class=\"column-1\">Port\u00e9e maximale<\/td><td class=\"column-2\">\u2265 8 km <br \/>\n(Conditions : Visibilit\u00e9 atmosph\u00e9rique \u2265 10 km, humidit\u00e9 relative \u2264 80%, turbulence atmosph\u00e9rique mod\u00e9r\u00e9e, coefficient de r\u00e9flectance de la cible de 0,2 ; Taille de la cible : 2,3 m \u00d7 2,3 m.)<\/td>\n<\/tr>\n<tr class=\"row-4\">\n\t<td class=\"column-1\">Fourchette minimale<\/td><td class=\"column-2\">\u226430m<\/td>\n<\/tr>\n<tr class=\"row-5\">\n\t<td class=\"column-1\">Pr\u00e9cision de la recherche<\/td><td class=\"column-2\">\u2264\u00b11m<\/td>\n<\/tr>\n<tr class=\"row-6\">\n\t<td class=\"column-1\">Fr\u00e9quence<\/td><td class=\"column-2\">1Hz ~ 10Hz (r\u00e9glable)<\/td>\n<\/tr>\n<tr class=\"row-7\">\n\t<td class=\"column-1\">Dur\u00e9e de la recherche en continu<\/td><td class=\"column-2\">\u226530min<\/td>\n<\/tr>\n<tr class=\"row-8\">\n\t<td class=\"column-1\">Taux de pr\u00e9cision<\/td><td class=\"column-2\">\u226598%<\/td>\n<\/tr>\n<tr class=\"row-9\">\n\t<td class=\"column-1\">Angle du faisceau<\/td><td class=\"column-2\">\u22640.3mrad<\/td>\n<\/tr>\n<tr class=\"row-10\">\n\t<td class=\"column-1\">Interface de communication<\/td><td class=\"column-2\">RS422<\/td>\n<\/tr>\n<tr class=\"row-11\">\n\t<td class=\"column-1\">D\u00e9bit en bauds<\/td><td class=\"column-2\">115200<\/td>\n<\/tr>\n<tr class=\"row-12\">\n\t<td class=\"column-1\">Dimensions<\/td><td class=\"column-2\">\u2264(L)68mm \u00d7 (L)42.5mm \u00d7 (H)50 mm<\/td>\n<\/tr>\n<tr class=\"row-13\">\n\t<td class=\"column-1\">Poids<\/td><td class=\"column-2\">\u2264100g<\/td>\n<\/tr>\n<tr class=\"row-14\">\n\t<td class=\"column-1\">Tension d'alimentation<\/td><td class=\"column-2\">9~15V<\/td>\n<\/tr>\n<tr class=\"row-15\">\n\t<td class=\"column-1\">Temp\u00e9rature de fonctionnement<\/td><td class=\"column-2\">-40\u2103~+60\u2103<\/td>\n<\/tr>\n<tr class=\"row-16\">\n\t<td class=\"column-1\">Temp\u00e9rature de stockage<\/td><td class=\"column-2\">-50 \u2103 ~ +70 \u2103<\/td>\n<\/tr>\n<tr class=\"row-17\">\n\t<td class=\"column-1\">Principales fonctions<\/td><td class=\"column-2\">a) Fonctions de t\u00e9l\u00e9m\u00e9trie laser \u00e0 tir unique et continu ;  <br \/>\nb) Comptage cumulatif des impulsions laser ;  <br \/>\nc) Autocontr\u00f4le (autocontr\u00f4le \u00e0 la mise sous tension, autocontr\u00f4le au d\u00e9marrage et autocontr\u00f4le p\u00e9riodique).<\/td>\n<\/tr>\n<tr class=\"row-18\">\n\t<td class=\"column-1\">Choc<\/td><td class=\"column-2\">Unit\u00e9 sous tension test\u00e9e conform\u00e9ment \u00e0 la norme GJB-150.18A-2009, proc\u00e9dure I. Choc appliqu\u00e9 le long de trois axes mutuellement perpendiculaires (un parall\u00e8le \u00e0 l'axe optique de l'objectif) avec une forme d'onde en dents de scie terminale : Acc\u00e9l\u00e9ration de pointe de 40 g, dur\u00e9e de 11 ms, 3 chocs par direction (\u00b1) sur chaque axe.<\/td>\n<\/tr>\n<tr class=\"row-19\">\n\t<td class=\"column-1\">Vibrations<\/td><td class=\"column-2\">Prototype dans une mallette de rangement conform\u00e9ment \u00e0 la norme GJB-150.16A-2009, figure C.3 et tableau C.7. Vibration appliqu\u00e9e le long de trois axes mutuellement perpendiculaires (un parall\u00e8le \u00e0 l'axe optique de l'objectif), 40 minutes par axe.<\/td>\n<\/tr>\n<\/tbody>\n<\/table>\n\n<p>Note : Toutes les sp\u00e9cifications de performance et les interfaces peuvent \u00eatre personnalis\u00e9es pour r\u00e9pondre \u00e0 des besoins sp\u00e9cifiques.<\/p>","protected":false},"excerpt":{"rendered":"<p>Le module t\u00e9l\u00e9m\u00e8tre laser SFB8000R offre une pr\u00e9cision de niveau militaire dans un design l\u00e9ger et portable. Combinant un laser 1535nm sans danger pour les yeux et une optique avanc\u00e9e, il offre une pr\u00e9cision de \u00b11m sur 8km, id\u00e9ale pour les applications tactiques, ext\u00e9rieures et industrielles.<\/p>","protected":false},"featured_media":7437,"comment_status":"closed","ping_status":"closed","template":"","meta":[],"product_brand":[],"product_cat":[105,605],"product_tag":[],"class_list":{"0":"post-155","1":"product","2":"type-product","3":"status-publish","4":"has-post-thumbnail","6":"product_cat-1535nm-eye-safe-laser-rangefinder-module","7":"product_cat-laser-rangefinder-module","8":"pa_acuracy-rate-649","9":"pa_baud-rate-648","10":"pa_blind-zone-757","11":"pa_dimensions-l68-x-w42-5-x-h50","12":"pa_operating-temperature-695","13":"pa_storage-temperature-50-70","14":"pa_voltage-761","15":"pa_weight-762","17":"first","18":"instock","19":"shipping-taxable","20":"product-type-simple"},"yoast_head":"<!-- This site is optimized with the Yoast SEO Premium plugin v24.8 (Yoast SEO v26.6) - https:\/\/yoast.com\/wordpress\/plugins\/seo\/ -->\n<title>1535nm Laser Rangefinder Module 8000m SFB8000R - SunFlaser Tech<\/title>\n<meta name=\"description\" content=\"The SFB8000A Laser Rangefinder Module delivers military-grade precision in a lightweight, portable design.\" \/>\n<meta name=\"robots\" content=\"index, follow, max-snippet:-1, max-image-preview:large, max-video-preview:-1\" \/>\n<link rel=\"canonical\" href=\"https:\/\/sunflaser.com\/fr\/shop\/1535nm-laser-rangefinder-module-8000m-sfb8000r\/\" \/>\n<meta property=\"og:locale\" content=\"fr_FR\" \/>\n<meta property=\"og:type\" content=\"article\" \/>\n<meta property=\"og:title\" content=\"1535nm Laser Rangefinder Module 8000m SFB8000R\" \/>\n<meta property=\"og:description\" content=\"The SFB8000A Laser Rangefinder Module delivers military-grade precision in a lightweight, portable design.\" \/>\n<meta property=\"og:url\" content=\"https:\/\/sunflaser.com\/fr\/shop\/1535nm-laser-rangefinder-module-8000m-sfb8000r\/\" \/>\n<meta property=\"og:site_name\" content=\"SunFlaser Tech\" \/>\n<meta property=\"article:modified_time\" content=\"2025-11-27T06:22:33+00:00\" \/>\n<meta property=\"og:image\" content=\"https:\/\/sunflaser.com\/wp-content\/uploads\/2025\/04\/SFB8000A.png\" \/>\n\t<meta property=\"og:image:width\" content=\"800\" \/>\n\t<meta property=\"og:image:height\" content=\"800\" \/>\n\t<meta property=\"og:image:type\" content=\"image\/png\" \/>\n<meta name=\"twitter:card\" content=\"summary_large_image\" \/>\n<meta name=\"twitter:label1\" content=\"Dur\u00e9e de lecture estim\u00e9e\" \/>\n\t<meta name=\"twitter:data1\" content=\"1 minute\" \/>\n<script type=\"application\/ld+json\" class=\"yoast-schema-graph\">{\"@context\":\"https:\/\/schema.org\",\"@graph\":[{\"@type\":\"WebPage\",\"@id\":\"https:\/\/sunflaser.com\/shop\/1535nm-laser-rangefinder-module-8000m-sfb8000r\/\",\"url\":\"https:\/\/sunflaser.com\/shop\/1535nm-laser-rangefinder-module-8000m-sfb8000r\/\",\"name\":\"1535nm Laser Rangefinder Module 8000m SFB8000R - SunFlaser Tech\",\"isPartOf\":{\"@id\":\"https:\/\/sunflaser.com\/#website\"},\"primaryImageOfPage\":{\"@id\":\"https:\/\/sunflaser.com\/shop\/1535nm-laser-rangefinder-module-8000m-sfb8000r\/#primaryimage\"},\"image\":{\"@id\":\"https:\/\/sunflaser.com\/shop\/1535nm-laser-rangefinder-module-8000m-sfb8000r\/#primaryimage\"},\"thumbnailUrl\":\"https:\/\/sunflaser.com\/wp-content\/uploads\/2025\/04\/SFB8000A.png\",\"datePublished\":\"2025-04-30T06:35:40+00:00\",\"dateModified\":\"2025-11-27T06:22:33+00:00\",\"description\":\"The SFB8000A Laser Rangefinder Module delivers military-grade precision in a lightweight, portable design.\",\"breadcrumb\":{\"@id\":\"https:\/\/sunflaser.com\/shop\/1535nm-laser-rangefinder-module-8000m-sfb8000r\/#breadcrumb\"},\"inLanguage\":\"fr-FR\",\"potentialAction\":[{\"@type\":\"ReadAction\",\"target\":[\"https:\/\/sunflaser.com\/shop\/1535nm-laser-rangefinder-module-8000m-sfb8000r\/\"]}]},{\"@type\":\"ImageObject\",\"inLanguage\":\"fr-FR\",\"@id\":\"https:\/\/sunflaser.com\/shop\/1535nm-laser-rangefinder-module-8000m-sfb8000r\/#primaryimage\",\"url\":\"https:\/\/sunflaser.com\/wp-content\/uploads\/2025\/04\/SFB8000A.png\",\"contentUrl\":\"https:\/\/sunflaser.com\/wp-content\/uploads\/2025\/04\/SFB8000A.png\",\"width\":800,\"height\":800},{\"@type\":\"BreadcrumbList\",\"@id\":\"https:\/\/sunflaser.com\/shop\/1535nm-laser-rangefinder-module-8000m-sfb8000r\/#breadcrumb\",\"itemListElement\":[{\"@type\":\"ListItem\",\"position\":1,\"name\":\"\u9996\u9875\",\"item\":\"https:\/\/sunflaser.com\/\"},{\"@type\":\"ListItem\",\"position\":2,\"name\":\"Product\",\"item\":\"https:\/\/sunflaser.com\/product\/\"},{\"@type\":\"ListItem\",\"position\":3,\"name\":\"1535nm Laser Rangefinder Module 8000m SFB8000R\"}]},{\"@type\":\"WebSite\",\"@id\":\"https:\/\/sunflaser.com\/#website\",\"url\":\"https:\/\/sunflaser.com\/\",\"name\":\"SunFlaser Tech\",\"description\":\"\",\"publisher\":{\"@id\":\"https:\/\/sunflaser.com\/#organization\"},\"potentialAction\":[{\"@type\":\"SearchAction\",\"target\":{\"@type\":\"EntryPoint\",\"urlTemplate\":\"https:\/\/sunflaser.com\/?s={search_term_string}\"},\"query-input\":{\"@type\":\"PropertyValueSpecification\",\"valueRequired\":true,\"valueName\":\"search_term_string\"}}],\"inLanguage\":\"fr-FR\"},{\"@type\":\"Organization\",\"@id\":\"https:\/\/sunflaser.com\/#organization\",\"name\":\"\u76db\u98de\u5149\u901f\u79d1\u6280\uff08\u6210\u90fd\uff09\u6709\u9650\u516c\u53f8\",\"alternateName\":\"\u76db\u98de\u5149\u901f\u79d1\u6280\uff08\u6210\u90fd\uff09\u6709\u9650\u516c\u53f8\",\"url\":\"https:\/\/sunflaser.com\/\",\"logo\":{\"@type\":\"ImageObject\",\"inLanguage\":\"fr-FR\",\"@id\":\"https:\/\/sunflaser.com\/#\/schema\/logo\/image\/\",\"url\":\"https:\/\/sunflaser.com\/wp-content\/uploads\/2025\/05\/Modern-S-Letter-Logo.png\",\"contentUrl\":\"https:\/\/sunflaser.com\/wp-content\/uploads\/2025\/05\/Modern-S-Letter-Logo.png\",\"width\":1024,\"height\":289,\"caption\":\"\u76db\u98de\u5149\u901f\u79d1\u6280\uff08\u6210\u90fd\uff09\u6709\u9650\u516c\u53f8\"},\"image\":{\"@id\":\"https:\/\/sunflaser.com\/#\/schema\/logo\/image\/\"}}]}<\/script>\n<!-- \/ Yoast SEO Premium plugin. -->","yoast_head_json":{"title":"1535nm Laser Rangefinder Module 8000m SFB8000R - SunFlaser Tech","description":"The SFB8000A Laser Rangefinder Module delivers military-grade precision in a lightweight, portable design.","robots":{"index":"index","follow":"follow","max-snippet":"max-snippet:-1","max-image-preview":"max-image-preview:large","max-video-preview":"max-video-preview:-1"},"canonical":"https:\/\/sunflaser.com\/fr\/shop\/1535nm-laser-rangefinder-module-8000m-sfb8000r\/","og_locale":"fr_FR","og_type":"article","og_title":"1535nm Laser Rangefinder Module 8000m SFB8000R","og_description":"The SFB8000A Laser Rangefinder Module delivers military-grade precision in a lightweight, portable design.","og_url":"https:\/\/sunflaser.com\/fr\/shop\/1535nm-laser-rangefinder-module-8000m-sfb8000r\/","og_site_name":"SunFlaser Tech","article_modified_time":"2025-11-27T06:22:33+00:00","og_image":[{"width":800,"height":800,"url":"https:\/\/sunflaser.com\/wp-content\/uploads\/2025\/04\/SFB8000A.png","type":"image\/png"}],"twitter_card":"summary_large_image","twitter_misc":{"Dur\u00e9e de lecture estim\u00e9e":"1 minute"},"schema":{"@context":"https:\/\/schema.org","@graph":[{"@type":"WebPage","@id":"https:\/\/sunflaser.com\/shop\/1535nm-laser-rangefinder-module-8000m-sfb8000r\/","url":"https:\/\/sunflaser.com\/shop\/1535nm-laser-rangefinder-module-8000m-sfb8000r\/","name":"1535nm Laser Rangefinder Module 8000m SFB8000R - SunFlaser Tech","isPartOf":{"@id":"https:\/\/sunflaser.com\/#website"},"primaryImageOfPage":{"@id":"https:\/\/sunflaser.com\/shop\/1535nm-laser-rangefinder-module-8000m-sfb8000r\/#primaryimage"},"image":{"@id":"https:\/\/sunflaser.com\/shop\/1535nm-laser-rangefinder-module-8000m-sfb8000r\/#primaryimage"},"thumbnailUrl":"https:\/\/sunflaser.com\/wp-content\/uploads\/2025\/04\/SFB8000A.png","datePublished":"2025-04-30T06:35:40+00:00","dateModified":"2025-11-27T06:22:33+00:00","description":"The SFB8000A Laser Rangefinder Module delivers military-grade precision in a lightweight, portable design.","breadcrumb":{"@id":"https:\/\/sunflaser.com\/shop\/1535nm-laser-rangefinder-module-8000m-sfb8000r\/#breadcrumb"},"inLanguage":"fr-FR","potentialAction":[{"@type":"ReadAction","target":["https:\/\/sunflaser.com\/shop\/1535nm-laser-rangefinder-module-8000m-sfb8000r\/"]}]},{"@type":"ImageObject","inLanguage":"fr-FR","@id":"https:\/\/sunflaser.com\/shop\/1535nm-laser-rangefinder-module-8000m-sfb8000r\/#primaryimage","url":"https:\/\/sunflaser.com\/wp-content\/uploads\/2025\/04\/SFB8000A.png","contentUrl":"https:\/\/sunflaser.com\/wp-content\/uploads\/2025\/04\/SFB8000A.png","width":800,"height":800},{"@type":"BreadcrumbList","@id":"https:\/\/sunflaser.com\/shop\/1535nm-laser-rangefinder-module-8000m-sfb8000r\/#breadcrumb","itemListElement":[{"@type":"ListItem","position":1,"name":"\u9996\u9875","item":"https:\/\/sunflaser.com\/"},{"@type":"ListItem","position":2,"name":"Product","item":"https:\/\/sunflaser.com\/product\/"},{"@type":"ListItem","position":3,"name":"1535nm Laser Rangefinder Module 8000m SFB8000R"}]},{"@type":"WebSite","@id":"https:\/\/sunflaser.com\/#website","url":"https:\/\/sunflaser.com\/","name":"SunFlaser Tech","description":"","publisher":{"@id":"https:\/\/sunflaser.com\/#organization"},"potentialAction":[{"@type":"SearchAction","target":{"@type":"EntryPoint","urlTemplate":"https:\/\/sunflaser.com\/?s={search_term_string}"},"query-input":{"@type":"PropertyValueSpecification","valueRequired":true,"valueName":"search_term_string"}}],"inLanguage":"fr-FR"},{"@type":"Organization","@id":"https:\/\/sunflaser.com\/#organization","name":"\u76db\u98de\u5149\u901f\u79d1\u6280\uff08\u6210\u90fd\uff09\u6709\u9650\u516c\u53f8","alternateName":"\u76db\u98de\u5149\u901f\u79d1\u6280\uff08\u6210\u90fd\uff09\u6709\u9650\u516c\u53f8","url":"https:\/\/sunflaser.com\/","logo":{"@type":"ImageObject","inLanguage":"fr-FR","@id":"https:\/\/sunflaser.com\/#\/schema\/logo\/image\/","url":"https:\/\/sunflaser.com\/wp-content\/uploads\/2025\/05\/Modern-S-Letter-Logo.png","contentUrl":"https:\/\/sunflaser.com\/wp-content\/uploads\/2025\/05\/Modern-S-Letter-Logo.png","width":1024,"height":289,"caption":"\u76db\u98de\u5149\u901f\u79d1\u6280\uff08\u6210\u90fd\uff09\u6709\u9650\u516c\u53f8"},"image":{"@id":"https:\/\/sunflaser.com\/#\/schema\/logo\/image\/"}}]}},"_links":{"self":[{"href":"https:\/\/sunflaser.com\/fr\/wp-json\/wp\/v2\/product\/155","targetHints":{"allow":["GET"]}}],"collection":[{"href":"https:\/\/sunflaser.com\/fr\/wp-json\/wp\/v2\/product"}],"about":[{"href":"https:\/\/sunflaser.com\/fr\/wp-json\/wp\/v2\/types\/product"}],"replies":[{"embeddable":true,"href":"https:\/\/sunflaser.com\/fr\/wp-json\/wp\/v2\/comments?post=155"}],"version-history":[{"count":0,"href":"https:\/\/sunflaser.com\/fr\/wp-json\/wp\/v2\/product\/155\/revisions"}],"wp:featuredmedia":[{"embeddable":true,"href":"https:\/\/sunflaser.com\/fr\/wp-json\/wp\/v2\/media\/7437"}],"wp:attachment":[{"href":"https:\/\/sunflaser.com\/fr\/wp-json\/wp\/v2\/media?parent=155"}],"wp:term":[{"taxonomy":"product_brand","embeddable":true,"href":"https:\/\/sunflaser.com\/fr\/wp-json\/wp\/v2\/product_brand?post=155"},{"taxonomy":"product_cat","embeddable":true,"href":"https:\/\/sunflaser.com\/fr\/wp-json\/wp\/v2\/product_cat?post=155"},{"taxonomy":"product_tag","embeddable":true,"href":"https:\/\/sunflaser.com\/fr\/wp-json\/wp\/v2\/product_tag?post=155"}],"curies":[{"name":"wp","href":"https:\/\/api.w.org\/{rel}","templated":true}]}}