{"id":153,"date":"2025-04-30T14:35:39","date_gmt":"2025-04-30T06:35:39","guid":{"rendered":"https:\/\/sunflaser.com\/?post_type=product&#038;p=153"},"modified":"2025-10-26T22:53:12","modified_gmt":"2025-10-27T05:53:12","slug":"1535nm-laser-rangefinder-module-4000m-sfb4000r","status":"publish","type":"product","link":"https:\/\/sunflaser.com\/fr\/shop\/1535nm-laser-rangefinder-module-4000m-sfb4000r\/","title":{"rendered":"Module de t\u00e9l\u00e9m\u00e9trie laser 1535nm 4000m SFB4000R"},"content":{"rendered":"<h3><strong>Caract\u00e9ristiques principales<\/strong>\u200b<\/h3>\n<ul>\n<li>Ultra-compact (55x34x45mm) et l\u00e9ger (85g)<\/li>\n<li>Pr\u00e9cision de niveau militaire (\u00b11m) jusqu'\u00e0 4km<\/li>\n<li>Taux de r\u00e9p\u00e9tition r\u00e9glable (1Hz-10Hz) pour les sc\u00e9narios dynamiques<\/li>\n<li>Longueur d'onde de 1535 nm sans danger pour les yeux avec une divergence de faisceau minimale (0,5 mrad)<\/li>\n<li>Faible consommation d'\u00e9nergie (DC 9-15V)<\/li>\n<\/ul>\n<hr \/>\n<h3><strong>Applications<\/strong>\u200b<\/h3>\n<ul>\n<li>Syst\u00e8mes de d\u00e9fense tactique<\/li>\n<li>Chasse<\/li>\n<li>Navigation maritime<\/li>\n<li>Lev\u00e9s de construction<\/li>\n<li>Exploration en plein air<\/li>\n<\/ul>\n<hr \/>\n<h3>\u200b<strong>Sp\u00e9cifications<\/strong>\u200b<\/h3>\n\n<table id=\"tablepress-20\" class=\"tablepress tablepress-id-20\">\n<thead>\n<tr class=\"row-1\">\n\t<th class=\"column-1\"><strong>Param\u00e8tres<\/strong><\/th><th class=\"column-2\"><strong>Indicateur de performance<\/strong><\/th>\n<\/tr>\n<\/thead>\n<tbody class=\"row-striping row-hover\">\n<tr class=\"row-2\">\n\t<td class=\"column-1\">Longueur d'onde du laser<\/td><td class=\"column-2\">1,535 \u03bcm \u00b1 0,01 \u03bcm<\/td>\n<\/tr>\n<tr class=\"row-3\">\n\t<td class=\"column-1\">Angle de divergence du faisceau laser<\/td><td class=\"column-2\">0,4 mrad \u00b1 0,1 mrad<\/td>\n<\/tr>\n<tr class=\"row-4\">\n\t<td class=\"column-1\">Distance maximale de t\u00e9l\u00e9m\u00e9trie<\/td><td class=\"column-2\">\u2265 4 km<\/td>\n<\/tr>\n<tr class=\"row-5\">\n\t<td class=\"column-1\">Distance minimale de t\u00e9l\u00e9m\u00e9trie<\/td><td class=\"column-2\">\u2264 30 m<\/td>\n<\/tr>\n<tr class=\"row-6\">\n\t<td class=\"column-1\">Fr\u00e9quence de r\u00e9p\u00e9tition du laser<\/td><td class=\"column-2\">1 Hz - 10 Hz r\u00e9glable<\/td>\n<\/tr>\n<tr class=\"row-7\">\n\t<td class=\"column-1\">Pr\u00e9cision de la recherche<\/td><td class=\"column-2\">\u2264 \u00b1 2 m<\/td>\n<\/tr>\n<tr class=\"row-8\">\n\t<td class=\"column-1\">Taux de mesure correct<\/td><td class=\"column-2\">\u2265 98 %<\/td>\n<\/tr>\n<tr class=\"row-9\">\n\t<td class=\"column-1\">Mode de t\u00e9l\u00e9m\u00e9trie et dur\u00e9e<\/td><td class=\"column-2\">Simple \/ Continu ; dur\u00e9e maximale de la port\u00e9e continue pour une op\u00e9ration simple : pas moins de 30 minutes<\/td>\n<\/tr>\n<tr class=\"row-10\">\n\t<td class=\"column-1\">Tension d'alimentation<\/td><td class=\"column-2\">DC 9 V ~ 15 V<\/td>\n<\/tr>\n<tr class=\"row-11\">\n\t<td class=\"column-1\">Consommation \u00e9lectrique<\/td><td class=\"column-2\">Veille : \u2264 1,5 W ; Puissance nominale : \u2264 3,5 W ; Puissance de cr\u00eate : \u2264 7 W<\/td>\n<\/tr>\n<tr class=\"row-12\">\n\t<td class=\"column-1\">Interface de communication<\/td><td class=\"column-2\">RS-422 \/ TTL<\/td>\n<\/tr>\n<tr class=\"row-13\">\n\t<td class=\"column-1\">Volume<\/td><td class=\"column-2\">\u2264 55 mm \u00d7 34 mm \u00d7 45 mm<\/td>\n<\/tr>\n<tr class=\"row-14\">\n\t<td class=\"column-1\">Poids<\/td><td class=\"column-2\">\u2264 75 g<\/td>\n<\/tr>\n<tr class=\"row-15\">\n\t<td class=\"column-1\">Temp\u00e9rature de fonctionnement<\/td><td class=\"column-2\">-40 \u2103 ~ +70 \u2103<\/td>\n<\/tr>\n<tr class=\"row-16\">\n\t<td class=\"column-1\">Temp\u00e9rature de stockage<\/td><td class=\"column-2\">-50 \u2103 ~ +75 \u2103<\/td>\n<\/tr>\n<tr class=\"row-17\">\n\t<td class=\"column-1\">Stabilit\u00e9 de l'axe optique du laser<\/td><td class=\"column-2\">\u2264 0,3 mrad (sur toute la plage de temp\u00e9rature)<\/td>\n<\/tr>\n<tr class=\"row-18\">\n\t<td class=\"column-1\">Non-parall\u00e9lisme de l'axe du laser par rapport au point de r\u00e9f\u00e9rence du montage<\/td><td class=\"column-2\">\u2264 0,3 mrad<\/td>\n<\/tr>\n<\/tbody>\n<\/table>\n\n<p>Note : Toutes les sp\u00e9cifications de performance et les interfaces peuvent \u00eatre <strong>personnalis\u00e9<\/strong> pour r\u00e9pondre \u00e0 des besoins sp\u00e9cifiques.<\/p>","protected":false},"excerpt":{"rendered":"<p>T\u00e9l\u00e9m\u00e8tre laser compact et de haute pr\u00e9cision con\u00e7u pour des applications exigeantes dans les domaines de la d\u00e9fense, des sports de plein air et de l'arpentage industriel. Id\u00e9al pour l'int\u00e9gration dans des syst\u00e8mes \u00e9lectro-optiques, sa conception robuste garantit sa fiabilit\u00e9 dans des conditions extr\u00eames (-40\u00b0C \u00e0 +60\u00b0C).<\/p>","protected":false},"featured_media":7435,"comment_status":"closed","ping_status":"closed","template":"","meta":[],"product_brand":[],"product_cat":[105,605],"product_tag":[],"class_list":{"0":"post-153","1":"product","2":"type-product","3":"status-publish","4":"has-post-thumbnail","6":"product_cat-1535nm-eye-safe-laser-rangefinder-module","7":"product_cat-laser-rangefinder-module","9":"first","10":"instock","11":"shipping-taxable","12":"product-type-simple"},"yoast_head":"<!-- This site is optimized with the Yoast SEO Premium plugin v24.8 (Yoast SEO v26.6) - https:\/\/yoast.com\/wordpress\/plugins\/seo\/ -->\n<title>1535nm Laser Rangefinder\u200b Module 4000m SFB4000R - SunFlaser Tech<\/title>\n<meta name=\"description\" content=\"Compact, high-precision laser rangefinder designed for demanding applications in defense, outdoor sports, and industrial surveying.\" \/>\n<meta name=\"robots\" content=\"index, follow, max-snippet:-1, max-image-preview:large, max-video-preview:-1\" \/>\n<link rel=\"canonical\" href=\"https:\/\/sunflaser.com\/fr\/shop\/1535nm-laser-rangefinder-module-4000m-sfb4000r\/\" \/>\n<meta property=\"og:locale\" content=\"fr_FR\" \/>\n<meta property=\"og:type\" content=\"article\" \/>\n<meta property=\"og:title\" content=\"1535nm Laser Rangefinder\u200b Module 4000m SFB4000R\" \/>\n<meta property=\"og:description\" content=\"Compact, high-precision laser rangefinder designed for demanding applications in defense, outdoor sports, and industrial surveying.\" \/>\n<meta property=\"og:url\" content=\"https:\/\/sunflaser.com\/fr\/shop\/1535nm-laser-rangefinder-module-4000m-sfb4000r\/\" \/>\n<meta property=\"og:site_name\" content=\"SunFlaser Tech\" \/>\n<meta property=\"article:modified_time\" content=\"2025-10-27T05:53:12+00:00\" \/>\n<meta property=\"og:image\" content=\"https:\/\/sunflaser.com\/wp-content\/uploads\/2025\/04\/SFB4000B.png\" \/>\n\t<meta property=\"og:image:width\" content=\"800\" \/>\n\t<meta property=\"og:image:height\" content=\"800\" \/>\n\t<meta property=\"og:image:type\" content=\"image\/png\" \/>\n<meta name=\"twitter:card\" content=\"summary_large_image\" \/>\n<meta name=\"twitter:label1\" content=\"Dur\u00e9e de lecture estim\u00e9e\" \/>\n\t<meta name=\"twitter:data1\" content=\"1 minute\" \/>\n<script type=\"application\/ld+json\" class=\"yoast-schema-graph\">{\"@context\":\"https:\/\/schema.org\",\"@graph\":[{\"@type\":\"WebPage\",\"@id\":\"https:\/\/sunflaser.com\/shop\/1535nm-laser-rangefinder-module-4000m-sfb4000r\/\",\"url\":\"https:\/\/sunflaser.com\/shop\/1535nm-laser-rangefinder-module-4000m-sfb4000r\/\",\"name\":\"1535nm Laser Rangefinder\u200b Module 4000m SFB4000R - SunFlaser Tech\",\"isPartOf\":{\"@id\":\"https:\/\/sunflaser.com\/#website\"},\"primaryImageOfPage\":{\"@id\":\"https:\/\/sunflaser.com\/shop\/1535nm-laser-rangefinder-module-4000m-sfb4000r\/#primaryimage\"},\"image\":{\"@id\":\"https:\/\/sunflaser.com\/shop\/1535nm-laser-rangefinder-module-4000m-sfb4000r\/#primaryimage\"},\"thumbnailUrl\":\"https:\/\/sunflaser.com\/wp-content\/uploads\/2025\/04\/SFB4000B.png\",\"datePublished\":\"2025-04-30T06:35:39+00:00\",\"dateModified\":\"2025-10-27T05:53:12+00:00\",\"description\":\"Compact, high-precision laser rangefinder designed for demanding applications in defense, outdoor sports, and industrial surveying.\",\"breadcrumb\":{\"@id\":\"https:\/\/sunflaser.com\/shop\/1535nm-laser-rangefinder-module-4000m-sfb4000r\/#breadcrumb\"},\"inLanguage\":\"fr-FR\",\"potentialAction\":[{\"@type\":\"ReadAction\",\"target\":[\"https:\/\/sunflaser.com\/shop\/1535nm-laser-rangefinder-module-4000m-sfb4000r\/\"]}]},{\"@type\":\"ImageObject\",\"inLanguage\":\"fr-FR\",\"@id\":\"https:\/\/sunflaser.com\/shop\/1535nm-laser-rangefinder-module-4000m-sfb4000r\/#primaryimage\",\"url\":\"https:\/\/sunflaser.com\/wp-content\/uploads\/2025\/04\/SFB4000B.png\",\"contentUrl\":\"https:\/\/sunflaser.com\/wp-content\/uploads\/2025\/04\/SFB4000B.png\",\"width\":800,\"height\":800},{\"@type\":\"BreadcrumbList\",\"@id\":\"https:\/\/sunflaser.com\/shop\/1535nm-laser-rangefinder-module-4000m-sfb4000r\/#breadcrumb\",\"itemListElement\":[{\"@type\":\"ListItem\",\"position\":1,\"name\":\"\u9996\u9875\",\"item\":\"https:\/\/sunflaser.com\/\"},{\"@type\":\"ListItem\",\"position\":2,\"name\":\"Product\",\"item\":\"https:\/\/sunflaser.com\/product\/\"},{\"@type\":\"ListItem\",\"position\":3,\"name\":\"1535nm Laser Rangefinder\u200b Module 4000m SFB4000R\"}]},{\"@type\":\"WebSite\",\"@id\":\"https:\/\/sunflaser.com\/#website\",\"url\":\"https:\/\/sunflaser.com\/\",\"name\":\"SunFlaser Tech\",\"description\":\"\",\"publisher\":{\"@id\":\"https:\/\/sunflaser.com\/#organization\"},\"potentialAction\":[{\"@type\":\"SearchAction\",\"target\":{\"@type\":\"EntryPoint\",\"urlTemplate\":\"https:\/\/sunflaser.com\/?s={search_term_string}\"},\"query-input\":{\"@type\":\"PropertyValueSpecification\",\"valueRequired\":true,\"valueName\":\"search_term_string\"}}],\"inLanguage\":\"fr-FR\"},{\"@type\":\"Organization\",\"@id\":\"https:\/\/sunflaser.com\/#organization\",\"name\":\"\u76db\u98de\u5149\u901f\u79d1\u6280\uff08\u6210\u90fd\uff09\u6709\u9650\u516c\u53f8\",\"alternateName\":\"\u76db\u98de\u5149\u901f\u79d1\u6280\uff08\u6210\u90fd\uff09\u6709\u9650\u516c\u53f8\",\"url\":\"https:\/\/sunflaser.com\/\",\"logo\":{\"@type\":\"ImageObject\",\"inLanguage\":\"fr-FR\",\"@id\":\"https:\/\/sunflaser.com\/#\/schema\/logo\/image\/\",\"url\":\"https:\/\/sunflaser.com\/wp-content\/uploads\/2025\/05\/Modern-S-Letter-Logo.png\",\"contentUrl\":\"https:\/\/sunflaser.com\/wp-content\/uploads\/2025\/05\/Modern-S-Letter-Logo.png\",\"width\":1024,\"height\":289,\"caption\":\"\u76db\u98de\u5149\u901f\u79d1\u6280\uff08\u6210\u90fd\uff09\u6709\u9650\u516c\u53f8\"},\"image\":{\"@id\":\"https:\/\/sunflaser.com\/#\/schema\/logo\/image\/\"}}]}<\/script>\n<!-- \/ Yoast SEO Premium plugin. -->","yoast_head_json":{"title":"1535nm Laser Rangefinder\u200b Module 4000m SFB4000R - SunFlaser Tech","description":"Compact, high-precision laser rangefinder designed for demanding applications in defense, outdoor sports, and industrial surveying.","robots":{"index":"index","follow":"follow","max-snippet":"max-snippet:-1","max-image-preview":"max-image-preview:large","max-video-preview":"max-video-preview:-1"},"canonical":"https:\/\/sunflaser.com\/fr\/shop\/1535nm-laser-rangefinder-module-4000m-sfb4000r\/","og_locale":"fr_FR","og_type":"article","og_title":"1535nm Laser Rangefinder\u200b Module 4000m SFB4000R","og_description":"Compact, high-precision laser rangefinder designed for demanding applications in defense, outdoor sports, and industrial surveying.","og_url":"https:\/\/sunflaser.com\/fr\/shop\/1535nm-laser-rangefinder-module-4000m-sfb4000r\/","og_site_name":"SunFlaser Tech","article_modified_time":"2025-10-27T05:53:12+00:00","og_image":[{"width":800,"height":800,"url":"https:\/\/sunflaser.com\/wp-content\/uploads\/2025\/04\/SFB4000B.png","type":"image\/png"}],"twitter_card":"summary_large_image","twitter_misc":{"Dur\u00e9e de lecture estim\u00e9e":"1 minute"},"schema":{"@context":"https:\/\/schema.org","@graph":[{"@type":"WebPage","@id":"https:\/\/sunflaser.com\/shop\/1535nm-laser-rangefinder-module-4000m-sfb4000r\/","url":"https:\/\/sunflaser.com\/shop\/1535nm-laser-rangefinder-module-4000m-sfb4000r\/","name":"1535nm Laser Rangefinder\u200b Module 4000m SFB4000R - SunFlaser Tech","isPartOf":{"@id":"https:\/\/sunflaser.com\/#website"},"primaryImageOfPage":{"@id":"https:\/\/sunflaser.com\/shop\/1535nm-laser-rangefinder-module-4000m-sfb4000r\/#primaryimage"},"image":{"@id":"https:\/\/sunflaser.com\/shop\/1535nm-laser-rangefinder-module-4000m-sfb4000r\/#primaryimage"},"thumbnailUrl":"https:\/\/sunflaser.com\/wp-content\/uploads\/2025\/04\/SFB4000B.png","datePublished":"2025-04-30T06:35:39+00:00","dateModified":"2025-10-27T05:53:12+00:00","description":"Compact, high-precision laser rangefinder designed for demanding applications in defense, outdoor sports, and industrial surveying.","breadcrumb":{"@id":"https:\/\/sunflaser.com\/shop\/1535nm-laser-rangefinder-module-4000m-sfb4000r\/#breadcrumb"},"inLanguage":"fr-FR","potentialAction":[{"@type":"ReadAction","target":["https:\/\/sunflaser.com\/shop\/1535nm-laser-rangefinder-module-4000m-sfb4000r\/"]}]},{"@type":"ImageObject","inLanguage":"fr-FR","@id":"https:\/\/sunflaser.com\/shop\/1535nm-laser-rangefinder-module-4000m-sfb4000r\/#primaryimage","url":"https:\/\/sunflaser.com\/wp-content\/uploads\/2025\/04\/SFB4000B.png","contentUrl":"https:\/\/sunflaser.com\/wp-content\/uploads\/2025\/04\/SFB4000B.png","width":800,"height":800},{"@type":"BreadcrumbList","@id":"https:\/\/sunflaser.com\/shop\/1535nm-laser-rangefinder-module-4000m-sfb4000r\/#breadcrumb","itemListElement":[{"@type":"ListItem","position":1,"name":"\u9996\u9875","item":"https:\/\/sunflaser.com\/"},{"@type":"ListItem","position":2,"name":"Product","item":"https:\/\/sunflaser.com\/product\/"},{"@type":"ListItem","position":3,"name":"1535nm Laser Rangefinder\u200b Module 4000m SFB4000R"}]},{"@type":"WebSite","@id":"https:\/\/sunflaser.com\/#website","url":"https:\/\/sunflaser.com\/","name":"SunFlaser Tech","description":"","publisher":{"@id":"https:\/\/sunflaser.com\/#organization"},"potentialAction":[{"@type":"SearchAction","target":{"@type":"EntryPoint","urlTemplate":"https:\/\/sunflaser.com\/?s={search_term_string}"},"query-input":{"@type":"PropertyValueSpecification","valueRequired":true,"valueName":"search_term_string"}}],"inLanguage":"fr-FR"},{"@type":"Organization","@id":"https:\/\/sunflaser.com\/#organization","name":"\u76db\u98de\u5149\u901f\u79d1\u6280\uff08\u6210\u90fd\uff09\u6709\u9650\u516c\u53f8","alternateName":"\u76db\u98de\u5149\u901f\u79d1\u6280\uff08\u6210\u90fd\uff09\u6709\u9650\u516c\u53f8","url":"https:\/\/sunflaser.com\/","logo":{"@type":"ImageObject","inLanguage":"fr-FR","@id":"https:\/\/sunflaser.com\/#\/schema\/logo\/image\/","url":"https:\/\/sunflaser.com\/wp-content\/uploads\/2025\/05\/Modern-S-Letter-Logo.png","contentUrl":"https:\/\/sunflaser.com\/wp-content\/uploads\/2025\/05\/Modern-S-Letter-Logo.png","width":1024,"height":289,"caption":"\u76db\u98de\u5149\u901f\u79d1\u6280\uff08\u6210\u90fd\uff09\u6709\u9650\u516c\u53f8"},"image":{"@id":"https:\/\/sunflaser.com\/#\/schema\/logo\/image\/"}}]}},"_links":{"self":[{"href":"https:\/\/sunflaser.com\/fr\/wp-json\/wp\/v2\/product\/153","targetHints":{"allow":["GET"]}}],"collection":[{"href":"https:\/\/sunflaser.com\/fr\/wp-json\/wp\/v2\/product"}],"about":[{"href":"https:\/\/sunflaser.com\/fr\/wp-json\/wp\/v2\/types\/product"}],"replies":[{"embeddable":true,"href":"https:\/\/sunflaser.com\/fr\/wp-json\/wp\/v2\/comments?post=153"}],"version-history":[{"count":0,"href":"https:\/\/sunflaser.com\/fr\/wp-json\/wp\/v2\/product\/153\/revisions"}],"wp:featuredmedia":[{"embeddable":true,"href":"https:\/\/sunflaser.com\/fr\/wp-json\/wp\/v2\/media\/7435"}],"wp:attachment":[{"href":"https:\/\/sunflaser.com\/fr\/wp-json\/wp\/v2\/media?parent=153"}],"wp:term":[{"taxonomy":"product_brand","embeddable":true,"href":"https:\/\/sunflaser.com\/fr\/wp-json\/wp\/v2\/product_brand?post=153"},{"taxonomy":"product_cat","embeddable":true,"href":"https:\/\/sunflaser.com\/fr\/wp-json\/wp\/v2\/product_cat?post=153"},{"taxonomy":"product_tag","embeddable":true,"href":"https:\/\/sunflaser.com\/fr\/wp-json\/wp\/v2\/product_tag?post=153"}],"curies":[{"name":"wp","href":"https:\/\/api.w.org\/{rel}","templated":true}]}}