{"id":140,"date":"2025-04-30T14:35:16","date_gmt":"2025-04-30T06:35:16","guid":{"rendered":"https:\/\/sunflaser.com\/?post_type=product&#038;p=140"},"modified":"2025-10-26T22:53:44","modified_gmt":"2025-10-27T05:53:44","slug":"1535nm-eye-safe-laser-rangefinder-module-3000m-sfb3000r","status":"publish","type":"product","link":"https:\/\/sunflaser.com\/fr\/shop\/1535nm-eye-safe-laser-rangefinder-module-3000m-sfb3000r\/","title":{"rendered":"Module de t\u00e9l\u00e9m\u00e9trie laser 1535nm 3000m SFB3000R"},"content":{"rendered":"<h3><strong>Principaux arguments de vente<\/strong>\u200b<\/h3>\n<ul>\n<li>Poids ultra-l\u00e9ger (\u226460g) et design miniaturis\u00e9 (48.5x36x26mm)<\/li>\n<li>Haute pr\u00e9cision (\u00b11m) avec la fiabilit\u00e9 du 98%<\/li>\n<li>Performance robuste (-40\u00b0C \u00e0 +60\u00b0C)<\/li>\n<li>Taux de r\u00e9p\u00e9tition r\u00e9glable (1Hz-10Hz)<\/li>\n<li>Faible consommation d'\u00e9nergie (5V DC)<\/li>\n<\/ul>\n<hr \/>\n<h3>\u200b<strong>Applications<\/strong>\u200b<\/h3>\n<ul>\n<li>Ciblage tactique<\/li>\n<li>Navigation par drone<\/li>\n<li>Arpentage<\/li>\n<li>Chasse<\/li>\n<li>Surveillance de l'environnement<\/li>\n<li>Automatisation industrielle<\/li>\n<\/ul>\n<hr \/>\n<h3>\u200b<strong>Sp\u00e9cifications<\/strong>\u200b<\/h3>\n\n<table id=\"tablepress-18\" class=\"tablepress tablepress-id-18\">\n<thead>\n<tr class=\"row-1\">\n\t<th class=\"column-1\"><strong>Param\u00e8tres<\/strong><\/th><th class=\"column-2\"><strong>Index<\/strong><\/th>\n<\/tr>\n<\/thead>\n<tbody class=\"row-striping row-hover\">\n<tr class=\"row-2\">\n\t<td class=\"column-1\">Longueur d'onde du laser<\/td><td class=\"column-2\">1535\u00b15nm<\/td>\n<\/tr>\n<tr class=\"row-3\">\n\t<td class=\"column-1\">Plage de mesure maximale<\/td><td class=\"column-2\">\u22653000m<br \/>\n(visibilit\u00e9 \u2265 10 km ; humidit\u00e9 relative \u2264 80% avec une turbulence atmosph\u00e9rique mod\u00e9r\u00e9e et une r\u00e9flectivit\u00e9 de la cible de 0,2, pour une cible de 2,3 m \u00d7 2,3 m)<\/td>\n<\/tr>\n<tr class=\"row-4\">\n\t<td class=\"column-1\">Plage de mesure minimale<\/td><td class=\"column-2\">\u226430m<\/td>\n<\/tr>\n<tr class=\"row-5\">\n\t<td class=\"column-1\">Pr\u00e9cision de la mesure<\/td><td class=\"column-2\">\u2264\u00b11m<\/td>\n<\/tr>\n<tr class=\"row-6\">\n\t<td class=\"column-1\">Fr\u00e9quence de r\u00e9p\u00e9tition<\/td><td class=\"column-2\">R\u00e9glable de 1Hz \u00e0 10Hz<\/td>\n<\/tr>\n<tr class=\"row-7\">\n\t<td class=\"column-1\">Taux de mesure correct<\/td><td class=\"column-2\">\u226598%<\/td>\n<\/tr>\n<tr class=\"row-8\">\n\t<td class=\"column-1\">Angle du faisceau<\/td><td class=\"column-2\">\u22640.5mrad<\/td>\n<\/tr>\n<tr class=\"row-9\">\n\t<td class=\"column-1\">Volume<\/td><td class=\"column-2\">48.5\u00d736\u00d726mm<\/td>\n<\/tr>\n<tr class=\"row-10\">\n\t<td class=\"column-1\">Poids<\/td><td class=\"column-2\">\u226460g<\/td>\n<\/tr>\n<tr class=\"row-11\">\n\t<td class=\"column-1\">Tension d'alimentation<\/td><td class=\"column-2\">DC+5V<\/td>\n<\/tr>\n<tr class=\"row-12\">\n\t<td class=\"column-1\">Temp\u00e9rature de fonctionnement<\/td><td class=\"column-2\">-40\u2103~+60\u2103<\/td>\n<\/tr>\n<tr class=\"row-13\">\n\t<td class=\"column-1\">Temp\u00e9rature de stockage<\/td><td class=\"column-2\">-50\u2103~+70\u2103<\/td>\n<\/tr>\n<\/tbody>\n<\/table>\n\n<p>Note : Toutes les sp\u00e9cifications de performance et les interfaces peuvent \u00eatre personnalis\u00e9es pour r\u00e9pondre \u00e0 des besoins sp\u00e9cifiques.<\/p>\n<hr \/>\n<h3>\u200b<strong>Certifications<\/strong><\/h3>\n<p>Conforme aux normes CE, FCC et RoHS (personnalisable en fonction des exigences r\u00e9gionales).<\/p>","protected":false},"excerpt":{"rendered":"<p>T\u00e9l\u00e9m\u00e8tre laser compact de qualit\u00e9 militaire con\u00e7u pour mesurer avec une grande pr\u00e9cision des distances allant jusqu'\u00e0 3 km. Id\u00e9al pour les amateurs de plein air, les applications industrielles et l'int\u00e9gration de syst\u00e8mes tactiques.<\/p>","protected":false},"featured_media":7434,"comment_status":"closed","ping_status":"closed","template":"","meta":[],"product_brand":[],"product_cat":[105,605],"product_tag":[],"class_list":{"0":"post-140","1":"product","2":"type-product","3":"status-publish","4":"has-post-thumbnail","6":"product_cat-1535nm-eye-safe-laser-rangefinder-module","7":"product_cat-laser-rangefinder-module","9":"first","10":"instock","11":"shipping-taxable","12":"product-type-simple"},"yoast_head":"<!-- This site is optimized with the Yoast SEO Premium plugin v24.8 (Yoast SEO v26.6) - https:\/\/yoast.com\/wordpress\/plugins\/seo\/ -->\n<title>1535nm Laser Rangefinder Module 3000m SFB3000R - SunFlaser Tech<\/title>\n<meta name=\"description\" content=\"A compact, military-grade laser rangefinder designed for high-precision distance measurement up to 3km. Ideal for outdoor enthusiasts, industrial applications, and tactical systems integration.\" \/>\n<meta name=\"robots\" content=\"index, follow, max-snippet:-1, max-image-preview:large, max-video-preview:-1\" \/>\n<link rel=\"canonical\" href=\"https:\/\/sunflaser.com\/fr\/shop\/1535nm-eye-safe-laser-rangefinder-module-3000m-sfb3000r\/\" \/>\n<meta property=\"og:locale\" content=\"fr_FR\" \/>\n<meta property=\"og:type\" content=\"article\" \/>\n<meta property=\"og:title\" content=\"1535nm Laser Rangefinder Module 3000m SFB3000R\" \/>\n<meta property=\"og:description\" content=\"A compact, military-grade laser rangefinder designed for high-precision distance measurement up to 3km. Ideal for outdoor enthusiasts, industrial applications, and tactical systems integration.\" \/>\n<meta property=\"og:url\" content=\"https:\/\/sunflaser.com\/fr\/shop\/1535nm-eye-safe-laser-rangefinder-module-3000m-sfb3000r\/\" \/>\n<meta property=\"og:site_name\" content=\"SunFlaser Tech\" \/>\n<meta property=\"article:modified_time\" content=\"2025-10-27T05:53:44+00:00\" \/>\n<meta property=\"og:image\" content=\"https:\/\/sunflaser.com\/wp-content\/uploads\/2025\/04\/SFB3000B.png\" \/>\n\t<meta property=\"og:image:width\" content=\"800\" \/>\n\t<meta property=\"og:image:height\" content=\"800\" \/>\n\t<meta property=\"og:image:type\" content=\"image\/png\" \/>\n<meta name=\"twitter:card\" content=\"summary_large_image\" \/>\n<meta name=\"twitter:label1\" content=\"Dur\u00e9e de lecture estim\u00e9e\" \/>\n\t<meta name=\"twitter:data1\" content=\"1 minute\" \/>\n<script type=\"application\/ld+json\" class=\"yoast-schema-graph\">{\"@context\":\"https:\/\/schema.org\",\"@graph\":[{\"@type\":\"WebPage\",\"@id\":\"https:\/\/sunflaser.com\/shop\/1535nm-eye-safe-laser-rangefinder-module-3000m-sfb3000r\/\",\"url\":\"https:\/\/sunflaser.com\/shop\/1535nm-eye-safe-laser-rangefinder-module-3000m-sfb3000r\/\",\"name\":\"1535nm Laser Rangefinder Module 3000m SFB3000R - SunFlaser Tech\",\"isPartOf\":{\"@id\":\"https:\/\/sunflaser.com\/#website\"},\"primaryImageOfPage\":{\"@id\":\"https:\/\/sunflaser.com\/shop\/1535nm-eye-safe-laser-rangefinder-module-3000m-sfb3000r\/#primaryimage\"},\"image\":{\"@id\":\"https:\/\/sunflaser.com\/shop\/1535nm-eye-safe-laser-rangefinder-module-3000m-sfb3000r\/#primaryimage\"},\"thumbnailUrl\":\"https:\/\/sunflaser.com\/wp-content\/uploads\/2025\/04\/SFB3000B.png\",\"datePublished\":\"2025-04-30T06:35:16+00:00\",\"dateModified\":\"2025-10-27T05:53:44+00:00\",\"description\":\"A compact, military-grade laser rangefinder designed for high-precision distance measurement up to 3km. Ideal for outdoor enthusiasts, industrial applications, and tactical systems integration.\",\"breadcrumb\":{\"@id\":\"https:\/\/sunflaser.com\/shop\/1535nm-eye-safe-laser-rangefinder-module-3000m-sfb3000r\/#breadcrumb\"},\"inLanguage\":\"fr-FR\",\"potentialAction\":[{\"@type\":\"ReadAction\",\"target\":[\"https:\/\/sunflaser.com\/shop\/1535nm-eye-safe-laser-rangefinder-module-3000m-sfb3000r\/\"]}]},{\"@type\":\"ImageObject\",\"inLanguage\":\"fr-FR\",\"@id\":\"https:\/\/sunflaser.com\/shop\/1535nm-eye-safe-laser-rangefinder-module-3000m-sfb3000r\/#primaryimage\",\"url\":\"https:\/\/sunflaser.com\/wp-content\/uploads\/2025\/04\/SFB3000B.png\",\"contentUrl\":\"https:\/\/sunflaser.com\/wp-content\/uploads\/2025\/04\/SFB3000B.png\",\"width\":800,\"height\":800},{\"@type\":\"BreadcrumbList\",\"@id\":\"https:\/\/sunflaser.com\/shop\/1535nm-eye-safe-laser-rangefinder-module-3000m-sfb3000r\/#breadcrumb\",\"itemListElement\":[{\"@type\":\"ListItem\",\"position\":1,\"name\":\"\u9996\u9875\",\"item\":\"https:\/\/sunflaser.com\/\"},{\"@type\":\"ListItem\",\"position\":2,\"name\":\"Product\",\"item\":\"https:\/\/sunflaser.com\/product\/\"},{\"@type\":\"ListItem\",\"position\":3,\"name\":\"1535nm Laser Rangefinder Module 3000m SFB3000R\"}]},{\"@type\":\"WebSite\",\"@id\":\"https:\/\/sunflaser.com\/#website\",\"url\":\"https:\/\/sunflaser.com\/\",\"name\":\"SunFlaser Tech\",\"description\":\"\",\"publisher\":{\"@id\":\"https:\/\/sunflaser.com\/#organization\"},\"potentialAction\":[{\"@type\":\"SearchAction\",\"target\":{\"@type\":\"EntryPoint\",\"urlTemplate\":\"https:\/\/sunflaser.com\/?s={search_term_string}\"},\"query-input\":{\"@type\":\"PropertyValueSpecification\",\"valueRequired\":true,\"valueName\":\"search_term_string\"}}],\"inLanguage\":\"fr-FR\"},{\"@type\":\"Organization\",\"@id\":\"https:\/\/sunflaser.com\/#organization\",\"name\":\"\u76db\u98de\u5149\u901f\u79d1\u6280\uff08\u6210\u90fd\uff09\u6709\u9650\u516c\u53f8\",\"alternateName\":\"\u76db\u98de\u5149\u901f\u79d1\u6280\uff08\u6210\u90fd\uff09\u6709\u9650\u516c\u53f8\",\"url\":\"https:\/\/sunflaser.com\/\",\"logo\":{\"@type\":\"ImageObject\",\"inLanguage\":\"fr-FR\",\"@id\":\"https:\/\/sunflaser.com\/#\/schema\/logo\/image\/\",\"url\":\"https:\/\/sunflaser.com\/wp-content\/uploads\/2025\/05\/Modern-S-Letter-Logo.png\",\"contentUrl\":\"https:\/\/sunflaser.com\/wp-content\/uploads\/2025\/05\/Modern-S-Letter-Logo.png\",\"width\":1024,\"height\":289,\"caption\":\"\u76db\u98de\u5149\u901f\u79d1\u6280\uff08\u6210\u90fd\uff09\u6709\u9650\u516c\u53f8\"},\"image\":{\"@id\":\"https:\/\/sunflaser.com\/#\/schema\/logo\/image\/\"}}]}<\/script>\n<!-- \/ Yoast SEO Premium plugin. -->","yoast_head_json":{"title":"1535nm Laser Rangefinder Module 3000m SFB3000R - SunFlaser Tech","description":"T\u00e9l\u00e9m\u00e8tre laser compact de qualit\u00e9 militaire con\u00e7u pour mesurer avec une grande pr\u00e9cision des distances allant jusqu'\u00e0 3 km. Id\u00e9al pour les amateurs de plein air, les applications industrielles et l'int\u00e9gration de syst\u00e8mes tactiques.","robots":{"index":"index","follow":"follow","max-snippet":"max-snippet:-1","max-image-preview":"max-image-preview:large","max-video-preview":"max-video-preview:-1"},"canonical":"https:\/\/sunflaser.com\/fr\/shop\/1535nm-eye-safe-laser-rangefinder-module-3000m-sfb3000r\/","og_locale":"fr_FR","og_type":"article","og_title":"1535nm Laser Rangefinder Module 3000m SFB3000R","og_description":"A compact, military-grade laser rangefinder designed for high-precision distance measurement up to 3km. Ideal for outdoor enthusiasts, industrial applications, and tactical systems integration.","og_url":"https:\/\/sunflaser.com\/fr\/shop\/1535nm-eye-safe-laser-rangefinder-module-3000m-sfb3000r\/","og_site_name":"SunFlaser Tech","article_modified_time":"2025-10-27T05:53:44+00:00","og_image":[{"width":800,"height":800,"url":"https:\/\/sunflaser.com\/wp-content\/uploads\/2025\/04\/SFB3000B.png","type":"image\/png"}],"twitter_card":"summary_large_image","twitter_misc":{"Dur\u00e9e de lecture estim\u00e9e":"1 minute"},"schema":{"@context":"https:\/\/schema.org","@graph":[{"@type":"WebPage","@id":"https:\/\/sunflaser.com\/shop\/1535nm-eye-safe-laser-rangefinder-module-3000m-sfb3000r\/","url":"https:\/\/sunflaser.com\/shop\/1535nm-eye-safe-laser-rangefinder-module-3000m-sfb3000r\/","name":"1535nm Laser Rangefinder Module 3000m SFB3000R - SunFlaser Tech","isPartOf":{"@id":"https:\/\/sunflaser.com\/#website"},"primaryImageOfPage":{"@id":"https:\/\/sunflaser.com\/shop\/1535nm-eye-safe-laser-rangefinder-module-3000m-sfb3000r\/#primaryimage"},"image":{"@id":"https:\/\/sunflaser.com\/shop\/1535nm-eye-safe-laser-rangefinder-module-3000m-sfb3000r\/#primaryimage"},"thumbnailUrl":"https:\/\/sunflaser.com\/wp-content\/uploads\/2025\/04\/SFB3000B.png","datePublished":"2025-04-30T06:35:16+00:00","dateModified":"2025-10-27T05:53:44+00:00","description":"T\u00e9l\u00e9m\u00e8tre laser compact de qualit\u00e9 militaire con\u00e7u pour mesurer avec une grande pr\u00e9cision des distances allant jusqu'\u00e0 3 km. Id\u00e9al pour les amateurs de plein air, les applications industrielles et l'int\u00e9gration de syst\u00e8mes tactiques.","breadcrumb":{"@id":"https:\/\/sunflaser.com\/shop\/1535nm-eye-safe-laser-rangefinder-module-3000m-sfb3000r\/#breadcrumb"},"inLanguage":"fr-FR","potentialAction":[{"@type":"ReadAction","target":["https:\/\/sunflaser.com\/shop\/1535nm-eye-safe-laser-rangefinder-module-3000m-sfb3000r\/"]}]},{"@type":"ImageObject","inLanguage":"fr-FR","@id":"https:\/\/sunflaser.com\/shop\/1535nm-eye-safe-laser-rangefinder-module-3000m-sfb3000r\/#primaryimage","url":"https:\/\/sunflaser.com\/wp-content\/uploads\/2025\/04\/SFB3000B.png","contentUrl":"https:\/\/sunflaser.com\/wp-content\/uploads\/2025\/04\/SFB3000B.png","width":800,"height":800},{"@type":"BreadcrumbList","@id":"https:\/\/sunflaser.com\/shop\/1535nm-eye-safe-laser-rangefinder-module-3000m-sfb3000r\/#breadcrumb","itemListElement":[{"@type":"ListItem","position":1,"name":"\u9996\u9875","item":"https:\/\/sunflaser.com\/"},{"@type":"ListItem","position":2,"name":"Product","item":"https:\/\/sunflaser.com\/product\/"},{"@type":"ListItem","position":3,"name":"1535nm Laser Rangefinder Module 3000m SFB3000R"}]},{"@type":"WebSite","@id":"https:\/\/sunflaser.com\/#website","url":"https:\/\/sunflaser.com\/","name":"SunFlaser Tech","description":"","publisher":{"@id":"https:\/\/sunflaser.com\/#organization"},"potentialAction":[{"@type":"SearchAction","target":{"@type":"EntryPoint","urlTemplate":"https:\/\/sunflaser.com\/?s={search_term_string}"},"query-input":{"@type":"PropertyValueSpecification","valueRequired":true,"valueName":"search_term_string"}}],"inLanguage":"fr-FR"},{"@type":"Organization","@id":"https:\/\/sunflaser.com\/#organization","name":"\u76db\u98de\u5149\u901f\u79d1\u6280\uff08\u6210\u90fd\uff09\u6709\u9650\u516c\u53f8","alternateName":"\u76db\u98de\u5149\u901f\u79d1\u6280\uff08\u6210\u90fd\uff09\u6709\u9650\u516c\u53f8","url":"https:\/\/sunflaser.com\/","logo":{"@type":"ImageObject","inLanguage":"fr-FR","@id":"https:\/\/sunflaser.com\/#\/schema\/logo\/image\/","url":"https:\/\/sunflaser.com\/wp-content\/uploads\/2025\/05\/Modern-S-Letter-Logo.png","contentUrl":"https:\/\/sunflaser.com\/wp-content\/uploads\/2025\/05\/Modern-S-Letter-Logo.png","width":1024,"height":289,"caption":"\u76db\u98de\u5149\u901f\u79d1\u6280\uff08\u6210\u90fd\uff09\u6709\u9650\u516c\u53f8"},"image":{"@id":"https:\/\/sunflaser.com\/#\/schema\/logo\/image\/"}}]}},"_links":{"self":[{"href":"https:\/\/sunflaser.com\/fr\/wp-json\/wp\/v2\/product\/140","targetHints":{"allow":["GET"]}}],"collection":[{"href":"https:\/\/sunflaser.com\/fr\/wp-json\/wp\/v2\/product"}],"about":[{"href":"https:\/\/sunflaser.com\/fr\/wp-json\/wp\/v2\/types\/product"}],"replies":[{"embeddable":true,"href":"https:\/\/sunflaser.com\/fr\/wp-json\/wp\/v2\/comments?post=140"}],"version-history":[{"count":0,"href":"https:\/\/sunflaser.com\/fr\/wp-json\/wp\/v2\/product\/140\/revisions"}],"wp:featuredmedia":[{"embeddable":true,"href":"https:\/\/sunflaser.com\/fr\/wp-json\/wp\/v2\/media\/7434"}],"wp:attachment":[{"href":"https:\/\/sunflaser.com\/fr\/wp-json\/wp\/v2\/media?parent=140"}],"wp:term":[{"taxonomy":"product_brand","embeddable":true,"href":"https:\/\/sunflaser.com\/fr\/wp-json\/wp\/v2\/product_brand?post=140"},{"taxonomy":"product_cat","embeddable":true,"href":"https:\/\/sunflaser.com\/fr\/wp-json\/wp\/v2\/product_cat?post=140"},{"taxonomy":"product_tag","embeddable":true,"href":"https:\/\/sunflaser.com\/fr\/wp-json\/wp\/v2\/product_tag?post=140"}],"curies":[{"name":"wp","href":"https:\/\/api.w.org\/{rel}","templated":true}]}}