{"id":136,"date":"2025-04-30T14:35:15","date_gmt":"2025-04-30T06:35:15","guid":{"rendered":"https:\/\/sunflaser.com\/?post_type=product&#038;p=136"},"modified":"2025-11-19T19:23:55","modified_gmt":"2025-11-20T03:23:55","slug":"905nm-laser-rangefinder-module-1000m-sfa1000a","status":"publish","type":"product","link":"https:\/\/sunflaser.com\/fr\/shop\/905nm-laser-rangefinder-module-1000m-sfa1000a\/","title":{"rendered":"905nm Laser Rangefinder Module 1000m SFA1000A"},"content":{"rendered":"<h3><strong>Principaux arguments de vente<\/strong><\/h3>\n<ul>\n<li>\u200b<strong>Conception ultra-compacte<\/strong>: Taille miniature (\u03a623mm\u00d746mm) pour les applications \u00e0 espace limit\u00e9.<\/li>\n<li>\u200b<strong>Haute pr\u00e9cision<\/strong>La pr\u00e9cision de \u00b11m + 0,25%L garantit la fiabilit\u00e9 des donn\u00e9es.<\/li>\n<li>\u200b<strong>Des performances robustes<\/strong>: Fonctionne dans des environnements de -20\u00b0C \u00e0 +50\u00b0C.<\/li>\n<li>\u200b<strong>Faible consommation<\/strong>: Consommation maximale de 0,3 W pour une utilisation prolong\u00e9e.<\/li>\n<li>\u200b<strong>Int\u00e9gration facile<\/strong>: Interface TTL et commandes plug-and-play (modes simple\/1Hz).<\/li>\n<\/ul>\n<hr \/>\n<h3><strong>Applications<\/strong><\/h3>\n<ul>\n<li>Id\u00e9al pour la navigation des drones<\/li>\n<li>\u00e9vitement d'obstacles par les robots<\/li>\n<li>syst\u00e8mes de circulation intelligents<\/li>\n<li>enqu\u00eates sur la construction<\/li>\n<li>surveillance de la s\u00e9curit\u00e9<\/li>\n<li>aventures en plein air<\/li>\n<\/ul>\n<hr \/>\n<h3><strong>Sp\u00e9cifications<\/strong><\/h3>\n\n<table id=\"tablepress-9\" class=\"tablepress tablepress-id-9\">\n<thead>\n<tr class=\"row-1\">\n\t<th class=\"column-1\"><strong>Param\u00e8tres<\/strong><\/th><th class=\"column-2\"><strong>Sp\u00e9cifications<\/strong><\/th>\n<\/tr>\n<\/thead>\n<tbody class=\"row-striping row-hover\">\n<tr class=\"row-2\">\n\t<td class=\"column-1\">Longueur d'onde<\/td><td class=\"column-2\">905nm\u00b110nm@25\u2103<\/td>\n<\/tr>\n<tr class=\"row-3\">\n\t<td class=\"column-1\">Norme de s\u00e9curit\u00e9<\/td><td class=\"column-2\">Conforme \u00e0 la norme IEC60825-1 Classe 1<\/td>\n<\/tr>\n<tr class=\"row-4\">\n\t<td class=\"column-1\">Port\u00e9e maximale<\/td><td class=\"column-2\">\u22651000m (pour les grandes cibles au sol, r\u00e9flectivit\u00e9 : 0,3, humidit\u00e9 relative \u226460%, visibilit\u00e9 \u226510Km).<\/td>\n<\/tr>\n<tr class=\"row-5\">\n\t<td class=\"column-1\">Zone aveugle<\/td><td class=\"column-2\">\u226410m<\/td>\n<\/tr>\n<tr class=\"row-6\">\n\t<td class=\"column-1\">Pr\u00e9cision<\/td><td class=\"column-2\">\u2264\u00b11m (\u2264300m) ; \u2264\u00b12m (&gt;300m)<\/td>\n<\/tr>\n<tr class=\"row-7\">\n\t<td class=\"column-1\">Taux de pr\u00e9cision<\/td><td class=\"column-2\">\u226598%<\/td>\n<\/tr>\n<tr class=\"row-8\">\n\t<td class=\"column-1\">Fr\u00e9quence<\/td><td class=\"column-2\">Coup unique, 1Hz<\/td>\n<\/tr>\n<tr class=\"row-9\">\n\t<td class=\"column-1\">Tension d'alimentation<\/td><td class=\"column-2\">3.3V<\/td>\n<\/tr>\n<tr class=\"row-10\">\n\t<td class=\"column-1\">Consommation d'\u00e9nergie en veille<\/td><td class=\"column-2\">\u22640.6W<\/td>\n<\/tr>\n<tr class=\"row-11\">\n\t<td class=\"column-1\">Consommation \u00e9lectrique moyenne<\/td><td class=\"column-2\">\u22640.8W<\/td>\n<\/tr>\n<tr class=\"row-12\">\n\t<td class=\"column-1\">Courant de pointe au d\u00e9marrage<\/td><td class=\"column-2\">\u22641A@560us<\/td>\n<\/tr>\n<tr class=\"row-13\">\n\t<td class=\"column-1\">Courant de pointe de la gamme<\/td><td class=\"column-2\">\u2264400mA@170us<\/td>\n<\/tr>\n<tr class=\"row-14\">\n\t<td class=\"column-1\">Temps de r\u00e9ponse de la gamme<\/td><td class=\"column-2\">\u2264100ms<\/td>\n<\/tr>\n<tr class=\"row-15\">\n\t<td class=\"column-1\">Interface de communication<\/td><td class=\"column-2\">TTL (3,3V)<\/td>\n<\/tr>\n<tr class=\"row-16\">\n\t<td class=\"column-1\">D\u00e9bit en bauds<\/td><td class=\"column-2\">115200bps<\/td>\n<\/tr>\n<tr class=\"row-17\">\n\t<td class=\"column-1\">Temp\u00e9rature de fonctionnement<\/td><td class=\"column-2\">-20\u2103\uff5e55\u2103<\/td>\n<\/tr>\n<tr class=\"row-18\">\n\t<td class=\"column-1\">Exigences en mati\u00e8re de protection de l'environnement<\/td><td class=\"column-2\">Conforme \u00e0 la directive ROHS 2.0<\/td>\n<\/tr>\n<tr class=\"row-19\">\n\t<td class=\"column-1\">R\u00e9sistance aux chocs<\/td><td class=\"column-2\">750g, 1ms, 5000 fois<\/td>\n<\/tr>\n<tr class=\"row-20\">\n\t<td class=\"column-1\">\u00c9tanch\u00e9it\u00e9 \u00e0 l'air<\/td><td class=\"column-2\">IP67<\/td>\n<\/tr>\n<tr class=\"row-21\">\n\t<td class=\"column-1\">Dimension globale<\/td><td class=\"column-2\">\u226447mm\u00d7\u03a624mm<\/td>\n<\/tr>\n<tr class=\"row-22\">\n\t<td class=\"column-1\">Poids<\/td><td class=\"column-2\">\u226420g<\/td>\n<\/tr>\n<tr class=\"row-23\">\n\t<td class=\"column-1\">Conception de la s\u00e9curit\u00e9<\/td><td class=\"column-2\">Conforme \u00e0 la norme GJB 900A-2012<\/td>\n<\/tr>\n<\/tbody>\n<\/table>\n\n<p>Note : Toutes les sp\u00e9cifications de performance et les interfaces peuvent \u00eatre personnalis\u00e9es pour r\u00e9pondre \u00e0 des besoins sp\u00e9cifiques.<\/p>","protected":false},"excerpt":{"rendered":"<p>Le mini t\u00e9l\u00e9m\u00e8tre laser SFA1000A fournit des mesures de distance ultra-pr\u00e9cises jusqu'\u00e0 1000m avec une pr\u00e9cision de \u00b11m. Pesant seulement 20g et con\u00e7u pour une int\u00e9gration transparente, cet appareil l\u00e9ger et portable fonctionne \u00e0 905nm pour des performances s\u00fbres et fiables dans les drones, la robotique, l'automatisation industrielle et l'exploration en plein air.<\/p>","protected":false},"featured_media":7422,"comment_status":"closed","ping_status":"closed","template":"","meta":[],"product_brand":[],"product_cat":[126,605],"product_tag":[],"class_list":{"0":"post-136","1":"product","2":"type-product","3":"status-publish","4":"has-post-thumbnail","6":"product_cat-905nm-semiconductor-pulsed-laser-rangefinder-module","7":"product_cat-laser-rangefinder-module","8":"pa_acuracy-rate-614","9":"pa_baud-rate-648","10":"pa_blind-zone-651","11":"pa_dimensions-47x24","12":"pa_operating-temperature-682","13":"pa_voltage-3-3","14":"pa_weight-683","16":"first","17":"instock","18":"shipping-taxable","19":"product-type-simple"},"yoast_head":"<!-- This site is optimized with the Yoast SEO Premium plugin v24.8 (Yoast SEO v26.6) - https:\/\/yoast.com\/wordpress\/plugins\/seo\/ -->\n<title>905nm Laser Rangefinder Module 1000m SFA1000A - SunFlaser Tech<\/title>\n<meta name=\"description\" content=\"Laser RangefinderThe SFA1000A Mini Laser Rangefinder delivers ultra-precise distance measurements up to 1000m with \u00b11m accuracy. Weighing only 20g and designed for seamless integration, this lightweight, portable device operates at 905nm for safe, reliable performance in drones, robotics, industrial automation, and outdoor exploration.\" \/>\n<meta name=\"robots\" content=\"index, follow, max-snippet:-1, max-image-preview:large, max-video-preview:-1\" \/>\n<link rel=\"canonical\" href=\"https:\/\/sunflaser.com\/fr\/shop\/905nm-laser-rangefinder-module-1000m-sfa1000a\/\" \/>\n<meta property=\"og:locale\" content=\"fr_FR\" \/>\n<meta property=\"og:type\" content=\"article\" \/>\n<meta property=\"og:title\" content=\"905nm Laser Rangefinder Module 1000m SFA1000A\" \/>\n<meta property=\"og:description\" content=\"Laser RangefinderThe SFA1000A Mini Laser Rangefinder delivers ultra-precise distance measurements up to 1000m with \u00b11m accuracy. Weighing only 20g and designed for seamless integration, this lightweight, portable device operates at 905nm for safe, reliable performance in drones, robotics, industrial automation, and outdoor exploration.\" \/>\n<meta property=\"og:url\" content=\"https:\/\/sunflaser.com\/fr\/shop\/905nm-laser-rangefinder-module-1000m-sfa1000a\/\" \/>\n<meta property=\"og:site_name\" content=\"SunFlaser Tech\" \/>\n<meta property=\"article:modified_time\" content=\"2025-11-20T03:23:55+00:00\" \/>\n<meta property=\"og:image\" content=\"https:\/\/sunflaser.com\/wp-content\/uploads\/2025\/04\/SFA1000A-01.png\" \/>\n\t<meta property=\"og:image:width\" content=\"800\" \/>\n\t<meta property=\"og:image:height\" content=\"800\" \/>\n\t<meta property=\"og:image:type\" content=\"image\/png\" \/>\n<meta name=\"twitter:card\" content=\"summary_large_image\" \/>\n<meta name=\"twitter:label1\" content=\"Dur\u00e9e de lecture estim\u00e9e\" \/>\n\t<meta name=\"twitter:data1\" content=\"1 minute\" \/>\n<script type=\"application\/ld+json\" class=\"yoast-schema-graph\">{\"@context\":\"https:\/\/schema.org\",\"@graph\":[{\"@type\":\"WebPage\",\"@id\":\"https:\/\/sunflaser.com\/shop\/905nm-laser-rangefinder-module-1000m-sfa1000a\/\",\"url\":\"https:\/\/sunflaser.com\/shop\/905nm-laser-rangefinder-module-1000m-sfa1000a\/\",\"name\":\"905nm Laser Rangefinder Module 1000m SFA1000A - SunFlaser Tech\",\"isPartOf\":{\"@id\":\"https:\/\/sunflaser.com\/#website\"},\"primaryImageOfPage\":{\"@id\":\"https:\/\/sunflaser.com\/shop\/905nm-laser-rangefinder-module-1000m-sfa1000a\/#primaryimage\"},\"image\":{\"@id\":\"https:\/\/sunflaser.com\/shop\/905nm-laser-rangefinder-module-1000m-sfa1000a\/#primaryimage\"},\"thumbnailUrl\":\"https:\/\/sunflaser.com\/wp-content\/uploads\/2025\/04\/SFA1000A-01.png\",\"datePublished\":\"2025-04-30T06:35:15+00:00\",\"dateModified\":\"2025-11-20T03:23:55+00:00\",\"description\":\"Laser RangefinderThe SFA1000A Mini Laser Rangefinder delivers ultra-precise distance measurements up to 1000m with \u00b11m accuracy. Weighing only 20g and designed for seamless integration, this lightweight, portable device operates at 905nm for safe, reliable performance in drones, robotics, industrial automation, and outdoor exploration.\",\"breadcrumb\":{\"@id\":\"https:\/\/sunflaser.com\/shop\/905nm-laser-rangefinder-module-1000m-sfa1000a\/#breadcrumb\"},\"inLanguage\":\"fr-FR\",\"potentialAction\":[{\"@type\":\"ReadAction\",\"target\":[\"https:\/\/sunflaser.com\/shop\/905nm-laser-rangefinder-module-1000m-sfa1000a\/\"]}]},{\"@type\":\"ImageObject\",\"inLanguage\":\"fr-FR\",\"@id\":\"https:\/\/sunflaser.com\/shop\/905nm-laser-rangefinder-module-1000m-sfa1000a\/#primaryimage\",\"url\":\"https:\/\/sunflaser.com\/wp-content\/uploads\/2025\/04\/SFA1000A-01.png\",\"contentUrl\":\"https:\/\/sunflaser.com\/wp-content\/uploads\/2025\/04\/SFA1000A-01.png\",\"width\":800,\"height\":800},{\"@type\":\"BreadcrumbList\",\"@id\":\"https:\/\/sunflaser.com\/shop\/905nm-laser-rangefinder-module-1000m-sfa1000a\/#breadcrumb\",\"itemListElement\":[{\"@type\":\"ListItem\",\"position\":1,\"name\":\"\u9996\u9875\",\"item\":\"https:\/\/sunflaser.com\/\"},{\"@type\":\"ListItem\",\"position\":2,\"name\":\"Product\",\"item\":\"https:\/\/sunflaser.com\/product\/\"},{\"@type\":\"ListItem\",\"position\":3,\"name\":\"905nm Laser Rangefinder Module 1000m SFA1000A\"}]},{\"@type\":\"WebSite\",\"@id\":\"https:\/\/sunflaser.com\/#website\",\"url\":\"https:\/\/sunflaser.com\/\",\"name\":\"SunFlaser Tech\",\"description\":\"\",\"publisher\":{\"@id\":\"https:\/\/sunflaser.com\/#organization\"},\"potentialAction\":[{\"@type\":\"SearchAction\",\"target\":{\"@type\":\"EntryPoint\",\"urlTemplate\":\"https:\/\/sunflaser.com\/?s={search_term_string}\"},\"query-input\":{\"@type\":\"PropertyValueSpecification\",\"valueRequired\":true,\"valueName\":\"search_term_string\"}}],\"inLanguage\":\"fr-FR\"},{\"@type\":\"Organization\",\"@id\":\"https:\/\/sunflaser.com\/#organization\",\"name\":\"\u76db\u98de\u5149\u901f\u79d1\u6280\uff08\u6210\u90fd\uff09\u6709\u9650\u516c\u53f8\",\"alternateName\":\"\u76db\u98de\u5149\u901f\u79d1\u6280\uff08\u6210\u90fd\uff09\u6709\u9650\u516c\u53f8\",\"url\":\"https:\/\/sunflaser.com\/\",\"logo\":{\"@type\":\"ImageObject\",\"inLanguage\":\"fr-FR\",\"@id\":\"https:\/\/sunflaser.com\/#\/schema\/logo\/image\/\",\"url\":\"https:\/\/sunflaser.com\/wp-content\/uploads\/2025\/05\/Modern-S-Letter-Logo.png\",\"contentUrl\":\"https:\/\/sunflaser.com\/wp-content\/uploads\/2025\/05\/Modern-S-Letter-Logo.png\",\"width\":1024,\"height\":289,\"caption\":\"\u76db\u98de\u5149\u901f\u79d1\u6280\uff08\u6210\u90fd\uff09\u6709\u9650\u516c\u53f8\"},\"image\":{\"@id\":\"https:\/\/sunflaser.com\/#\/schema\/logo\/image\/\"}}]}<\/script>\n<!-- \/ Yoast SEO Premium plugin. -->","yoast_head_json":{"title":"905nm Laser Rangefinder Module 1000m SFA1000A - SunFlaser Tech","description":"Laser RangefinderThe SFA1000A Mini Laser Rangefinder delivers ultra-precise distance measurements up to 1000m with \u00b11m accuracy. Weighing only 20g and designed for seamless integration, this lightweight, portable device operates at 905nm for safe, reliable performance in drones, robotics, industrial automation, and outdoor exploration.","robots":{"index":"index","follow":"follow","max-snippet":"max-snippet:-1","max-image-preview":"max-image-preview:large","max-video-preview":"max-video-preview:-1"},"canonical":"https:\/\/sunflaser.com\/fr\/shop\/905nm-laser-rangefinder-module-1000m-sfa1000a\/","og_locale":"fr_FR","og_type":"article","og_title":"905nm Laser Rangefinder Module 1000m SFA1000A","og_description":"Laser RangefinderThe SFA1000A Mini Laser Rangefinder delivers ultra-precise distance measurements up to 1000m with \u00b11m accuracy. Weighing only 20g and designed for seamless integration, this lightweight, portable device operates at 905nm for safe, reliable performance in drones, robotics, industrial automation, and outdoor exploration.","og_url":"https:\/\/sunflaser.com\/fr\/shop\/905nm-laser-rangefinder-module-1000m-sfa1000a\/","og_site_name":"SunFlaser Tech","article_modified_time":"2025-11-20T03:23:55+00:00","og_image":[{"width":800,"height":800,"url":"https:\/\/sunflaser.com\/wp-content\/uploads\/2025\/04\/SFA1000A-01.png","type":"image\/png"}],"twitter_card":"summary_large_image","twitter_misc":{"Dur\u00e9e de lecture estim\u00e9e":"1 minute"},"schema":{"@context":"https:\/\/schema.org","@graph":[{"@type":"WebPage","@id":"https:\/\/sunflaser.com\/shop\/905nm-laser-rangefinder-module-1000m-sfa1000a\/","url":"https:\/\/sunflaser.com\/shop\/905nm-laser-rangefinder-module-1000m-sfa1000a\/","name":"905nm Laser Rangefinder Module 1000m SFA1000A - SunFlaser Tech","isPartOf":{"@id":"https:\/\/sunflaser.com\/#website"},"primaryImageOfPage":{"@id":"https:\/\/sunflaser.com\/shop\/905nm-laser-rangefinder-module-1000m-sfa1000a\/#primaryimage"},"image":{"@id":"https:\/\/sunflaser.com\/shop\/905nm-laser-rangefinder-module-1000m-sfa1000a\/#primaryimage"},"thumbnailUrl":"https:\/\/sunflaser.com\/wp-content\/uploads\/2025\/04\/SFA1000A-01.png","datePublished":"2025-04-30T06:35:15+00:00","dateModified":"2025-11-20T03:23:55+00:00","description":"Laser RangefinderThe SFA1000A Mini Laser Rangefinder delivers ultra-precise distance measurements up to 1000m with \u00b11m accuracy. Weighing only 20g and designed for seamless integration, this lightweight, portable device operates at 905nm for safe, reliable performance in drones, robotics, industrial automation, and outdoor exploration.","breadcrumb":{"@id":"https:\/\/sunflaser.com\/shop\/905nm-laser-rangefinder-module-1000m-sfa1000a\/#breadcrumb"},"inLanguage":"fr-FR","potentialAction":[{"@type":"ReadAction","target":["https:\/\/sunflaser.com\/shop\/905nm-laser-rangefinder-module-1000m-sfa1000a\/"]}]},{"@type":"ImageObject","inLanguage":"fr-FR","@id":"https:\/\/sunflaser.com\/shop\/905nm-laser-rangefinder-module-1000m-sfa1000a\/#primaryimage","url":"https:\/\/sunflaser.com\/wp-content\/uploads\/2025\/04\/SFA1000A-01.png","contentUrl":"https:\/\/sunflaser.com\/wp-content\/uploads\/2025\/04\/SFA1000A-01.png","width":800,"height":800},{"@type":"BreadcrumbList","@id":"https:\/\/sunflaser.com\/shop\/905nm-laser-rangefinder-module-1000m-sfa1000a\/#breadcrumb","itemListElement":[{"@type":"ListItem","position":1,"name":"\u9996\u9875","item":"https:\/\/sunflaser.com\/"},{"@type":"ListItem","position":2,"name":"Product","item":"https:\/\/sunflaser.com\/product\/"},{"@type":"ListItem","position":3,"name":"905nm Laser Rangefinder Module 1000m SFA1000A"}]},{"@type":"WebSite","@id":"https:\/\/sunflaser.com\/#website","url":"https:\/\/sunflaser.com\/","name":"SunFlaser Tech","description":"","publisher":{"@id":"https:\/\/sunflaser.com\/#organization"},"potentialAction":[{"@type":"SearchAction","target":{"@type":"EntryPoint","urlTemplate":"https:\/\/sunflaser.com\/?s={search_term_string}"},"query-input":{"@type":"PropertyValueSpecification","valueRequired":true,"valueName":"search_term_string"}}],"inLanguage":"fr-FR"},{"@type":"Organization","@id":"https:\/\/sunflaser.com\/#organization","name":"\u76db\u98de\u5149\u901f\u79d1\u6280\uff08\u6210\u90fd\uff09\u6709\u9650\u516c\u53f8","alternateName":"\u76db\u98de\u5149\u901f\u79d1\u6280\uff08\u6210\u90fd\uff09\u6709\u9650\u516c\u53f8","url":"https:\/\/sunflaser.com\/","logo":{"@type":"ImageObject","inLanguage":"fr-FR","@id":"https:\/\/sunflaser.com\/#\/schema\/logo\/image\/","url":"https:\/\/sunflaser.com\/wp-content\/uploads\/2025\/05\/Modern-S-Letter-Logo.png","contentUrl":"https:\/\/sunflaser.com\/wp-content\/uploads\/2025\/05\/Modern-S-Letter-Logo.png","width":1024,"height":289,"caption":"\u76db\u98de\u5149\u901f\u79d1\u6280\uff08\u6210\u90fd\uff09\u6709\u9650\u516c\u53f8"},"image":{"@id":"https:\/\/sunflaser.com\/#\/schema\/logo\/image\/"}}]}},"_links":{"self":[{"href":"https:\/\/sunflaser.com\/fr\/wp-json\/wp\/v2\/product\/136","targetHints":{"allow":["GET"]}}],"collection":[{"href":"https:\/\/sunflaser.com\/fr\/wp-json\/wp\/v2\/product"}],"about":[{"href":"https:\/\/sunflaser.com\/fr\/wp-json\/wp\/v2\/types\/product"}],"replies":[{"embeddable":true,"href":"https:\/\/sunflaser.com\/fr\/wp-json\/wp\/v2\/comments?post=136"}],"version-history":[{"count":0,"href":"https:\/\/sunflaser.com\/fr\/wp-json\/wp\/v2\/product\/136\/revisions"}],"wp:featuredmedia":[{"embeddable":true,"href":"https:\/\/sunflaser.com\/fr\/wp-json\/wp\/v2\/media\/7422"}],"wp:attachment":[{"href":"https:\/\/sunflaser.com\/fr\/wp-json\/wp\/v2\/media?parent=136"}],"wp:term":[{"taxonomy":"product_brand","embeddable":true,"href":"https:\/\/sunflaser.com\/fr\/wp-json\/wp\/v2\/product_brand?post=136"},{"taxonomy":"product_cat","embeddable":true,"href":"https:\/\/sunflaser.com\/fr\/wp-json\/wp\/v2\/product_cat?post=136"},{"taxonomy":"product_tag","embeddable":true,"href":"https:\/\/sunflaser.com\/fr\/wp-json\/wp\/v2\/product_tag?post=136"}],"curies":[{"name":"wp","href":"https:\/\/api.w.org\/{rel}","templated":true}]}}