{"id":135,"date":"2025-04-30T14:35:15","date_gmt":"2025-04-30T06:35:15","guid":{"rendered":"https:\/\/sunflaser.com\/?post_type=product&#038;p=135"},"modified":"2025-09-22T01:59:18","modified_gmt":"2025-09-22T08:59:18","slug":"1535nm-laser-rangefinder-module-9500m-sfb9500a","status":"publish","type":"product","link":"https:\/\/sunflaser.com\/fr\/shop\/1535nm-laser-rangefinder-module-9500m-sfb9500a\/","title":{"rendered":"1535nm Laser Rangefinder Module 9500m SFB9500A"},"content":{"rendered":"<h3><strong>Principaux arguments de vente<\/strong><\/h3>\n<ul>\n<li><strong>Laser 1535nm sans danger pour les yeux<\/strong>: Conforme aux normes de s\u00e9curit\u00e9 IEC 60825-1.<\/li>\n<li><strong>Conception ultra-compacte<\/strong>Les dimensions : 66x59x42mm, parfaites pour l'int\u00e9gration dans des espaces restreints.<\/li>\n<li><strong>Fonctionnement multimode<\/strong>: Modes Single-shot, 1Hz et 5Hz pour les besoins dynamiques.<\/li>\n<li><strong>Interface RS422\/TTL<\/strong>: Int\u00e9gration transparente avec les syst\u00e8mes de contr\u00f4le.<\/li>\n<li><strong>Faible consommation d'\u00e9nergie<\/strong>Puissance : \u22643W en moyenne, entr\u00e9e 5-14V DC.<\/li>\n<li>\u200b<strong>Optimisation des zones aveugles<\/strong>Zone aveugle : zone aveugle de \u226480m pour une d\u00e9tection fiable \u00e0 courte port\u00e9e.<\/li>\n<\/ul>\n<hr \/>\n<h3><strong>Applications<\/strong><\/h3>\n<ul>\n<li>Automatisation industrielle et robotique<\/li>\n<li>Drones pour la cartographie et la navigation<\/li>\n<li>V\u00e9hicules autonomes et syst\u00e8mes ADAS<\/li>\n<li>Mat\u00e9riel d'arpentage et outils de construction<\/li>\n<li>Syst\u00e8mes de s\u00e9curit\u00e9 et surveillance du p\u00e9rim\u00e8tre<\/li>\n<\/ul>\n<p>Note : \u00c9viter l'exposition \u00e0 la lumi\u00e8re directe du soleil, les changements rapides de temp\u00e9rature ou les environnements \u00e9lectrostatiques. Ne convient pas \u00e0 un usage militaire.<\/p>\n<hr \/>\n<h3><strong>Principales fonctions<\/strong><\/h3>\n<ul>\n<li>T\u00e9l\u00e9m\u00e9trie laser<\/li>\n<li>Mise sous tension et acquisition de la temp\u00e9rature<\/li>\n<li>Gradation de la port\u00e9e<\/li>\n<li>Recherche de la premi\u00e8re\/derni\u00e8re cible<\/li>\n<li>Autocontr\u00f4le<\/li>\n<li>Mise \u00e0 jour du micrologiciel du port s\u00e9rie<\/li>\n<\/ul>\n<hr \/>\n<h3><strong>Sp\u00e9cifications techniques<\/strong><\/h3>\n\n<table id=\"tablepress-25\" class=\"tablepress tablepress-id-25\">\n<thead>\n<tr class=\"row-1\">\n\t<th class=\"column-1\"><strong>Param\u00e8tres<\/strong><\/th><th class=\"column-2\"><strong>Indicateur de performance<\/strong><\/th>\n<\/tr>\n<\/thead>\n<tbody class=\"row-striping row-hover\">\n<tr class=\"row-2\">\n\t<td class=\"column-1\">Longueur d'onde de fonctionnement<\/td><td class=\"column-2\">1535nm \u00b110nm<\/td>\n<\/tr>\n<tr class=\"row-3\">\n\t<td class=\"column-1\">Capacit\u00e9 de t\u00e9l\u00e9m\u00e9trie<\/td><td class=\"column-2\">\u22659500m<\/td>\n<\/tr>\n<tr class=\"row-4\">\n\t<td class=\"column-1\">Zone aveugle<\/td><td class=\"column-2\">\u226480m<\/td>\n<\/tr>\n<tr class=\"row-5\">\n\t<td class=\"column-1\">Pr\u00e9cision<\/td><td class=\"column-2\">\u00b11m<\/td>\n<\/tr>\n<tr class=\"row-6\">\n\t<td class=\"column-1\">Taux de mesure correct<\/td><td class=\"column-2\">\u226598%<\/td>\n<\/tr>\n<tr class=\"row-7\">\n\t<td class=\"column-1\">R\u00e9solution<\/td><td class=\"column-2\">\u226450m<\/td>\n<\/tr>\n<tr class=\"row-8\">\n\t<td class=\"column-1\">Fr\u00e9quence de t\u00e9l\u00e9m\u00e9trie<\/td><td class=\"column-2\">Coup unique, 1Hz, 5Hz<\/td>\n<\/tr>\n<tr class=\"row-9\">\n\t<td class=\"column-1\">Poids<\/td><td class=\"column-2\">\u2264102g<\/td>\n<\/tr>\n<tr class=\"row-10\">\n\t<td class=\"column-1\">Dimensions<\/td><td class=\"column-2\">\u226466mm \u00d7 59mm \u00d7 42mm<\/td>\n<\/tr>\n<tr class=\"row-11\">\n\t<td class=\"column-1\">Tension de fonctionnement<\/td><td class=\"column-2\">5V~14V DC<\/td>\n<\/tr>\n<tr class=\"row-12\">\n\t<td class=\"column-1\">Consommation \u00e9lectrique<\/td><td class=\"column-2\">En veille : \u22640,001W ; en moyenne : \u22643W<\/td>\n<\/tr>\n<tr class=\"row-13\">\n\t<td class=\"column-1\">Conformit\u00e9 environnementale<\/td><td class=\"column-2\">Temp\u00e9rature de fonctionnement : -40\u2103 ~ +60\u2103<br \/>\nTemp\u00e9rature de stockage : -55\u2103 ~ +70\u2103<\/td>\n<\/tr>\n<\/tbody>\n<\/table>\n\n<hr \/>\n<h3><strong>Interface \u00e9lectrique<\/strong><\/h3>\n<p>L'ordinateur h\u00f4te se connecte au t\u00e9l\u00e9m\u00e8tre par l'interm\u00e9diaire d'un connecteur \u00e0 10 broches pour les tests d'interconnexion. Les d\u00e9finitions des broches de l'alimentation \u00e9lectrique et des ports de communication du c\u00f4t\u00e9 du t\u00e9l\u00e9m\u00e8tre sont indiqu\u00e9es dans le tableau suivant, et la position de la broche 1 sur le connecteur est illustr\u00e9e dans la figure suivante.<\/p>\n<p><strong>Tableau : D\u00e9finitions des broches de l'alimentation et du port de communication (c\u00f4t\u00e9 t\u00e9l\u00e9m\u00e8tre)<\/strong><\/p>\n<div class=\"hyc-common-markdown__table-wrapper\">\n<table>\n<thead>\n<tr>\n<th>N\u00b0 de broche.<\/th>\n<th>\u00c9tiquette<\/th>\n<th>D\u00e9finition de l'\u00e9lectricit\u00e9<\/th>\n<th>Remarques<\/th>\n<\/tr>\n<\/thead>\n<tbody>\n<tr>\n<td>P-1<\/td>\n<td>VIN+<\/td>\n<td>Puissance d'entr\u00e9e positive<\/td>\n<td>Alimentation \u00e9lectrique<\/td>\n<\/tr>\n<tr>\n<td>P-2<\/td>\n<td>COM<\/td>\n<td>Puissance d'entr\u00e9e n\u00e9gative<\/td>\n<td>Alimentation \u00e9lectrique<\/td>\n<\/tr>\n<tr>\n<td>P-3<\/td>\n<td>POWER_CTL<\/td>\n<td>Port de contr\u00f4le \u00e0 faible consommation d'\u00e9nergie<\/td>\n<td>Niveau flottant ou \u00e9lev\u00e9 (3V-9V) actif<\/td>\n<\/tr>\n<tr>\n<td>P-4<\/td>\n<td>RS422_TXD+<\/td>\n<td>Port de sortie du signal<\/td>\n<td>Du t\u00e9l\u00e9m\u00e8tre \u00e0 l'h\u00f4te<\/td>\n<\/tr>\n<tr>\n<td>P-5<\/td>\n<td>RS422_TXD-<\/td>\n<td>Port de sortie du signal (diff\u00e9rentiel)<\/td>\n<td>Du t\u00e9l\u00e9m\u00e8tre \u00e0 l'h\u00f4te<\/td>\n<\/tr>\n<tr>\n<td>P-6<\/td>\n<td>RS422_RXD-<\/td>\n<td>Port d'entr\u00e9e du signal<\/td>\n<td>De l'h\u00f4te au t\u00e9l\u00e9m\u00e8tre<\/td>\n<\/tr>\n<tr>\n<td>P-7<\/td>\n<td>RS422_RXD+<\/td>\n<td>Port d'entr\u00e9e du signal (diff\u00e9rentiel)<\/td>\n<td>De l'h\u00f4te au t\u00e9l\u00e9m\u00e8tre<\/td>\n<\/tr>\n<tr>\n<td>P-8<\/td>\n<td>GND<\/td>\n<td>Masse de communication<\/td>\n<td><\/td>\n<\/tr>\n<tr>\n<td>P-9<\/td>\n<td>TTL_RXD<\/td>\n<td>Port d'entr\u00e9e du signal<\/td>\n<td>3,3V TTL<\/td>\n<\/tr>\n<tr>\n<td>P-10<\/td>\n<td>TTL_TXD<\/td>\n<td>Port de sortie du signal<\/td>\n<td>3,3V TTL<\/td>\n<\/tr>\n<\/tbody>\n<\/table>\n<\/div>\n<p>Notes :<\/p>\n<ul>\n<li>\u200b<strong>Signaux diff\u00e9rentiels<\/strong>: Les broches 4-5 (RS422_TXD\u00b1) et 6-7 (RS422_RXD\u00b1) forment des paires diff\u00e9rentielles pour la communication RS422.<\/li>\n<li>\u200b<strong>Interface TTL<\/strong>: Les broches 9-10 prennent en charge la communication s\u00e9rie de niveau TTL 3,3V.<\/li>\n<li>\u200b<strong>Contr\u00f4le de la puissance<\/strong>: La broche 3 (POWER_CTL) active le mode basse consommation lorsqu'elle est laiss\u00e9e flottante ou qu'elle est activ\u00e9e (3V-9V).<\/li>\n<\/ul>\n<p><img fetchpriority=\"high\" decoding=\"async\" class=\"alignnone wp-image-6204\" src=\"https:\/\/sunflaser.com\/wp-content\/uploads\/2025\/04\/SF-DYC9002B-Electrical-interface-1-300x216.png\" alt=\"\" width=\"318\" height=\"229\" \/><\/p>\n<hr \/>\n<h3><strong>Certifications<\/strong><\/h3>\n<ul>\n<li>Conforme aux normes CE, RoHS et ISO 9001.<\/li>\n<\/ul>","protected":false},"excerpt":{"rendered":"<p>Le mini t\u00e9l\u00e9m\u00e8tre laser SFB9500A est un module performant et l\u00e9ger (\u2264102g) con\u00e7u pour mesurer les distances avec pr\u00e9cision. Fonctionnant \u00e0 une longueur d'onde de 1535nm sans danger pour les yeux, il offre une pr\u00e9cision de \u00b11m, une port\u00e9e de 9,5km et des modes polyvalents (tir unique\/1Hz\/5Hz). Id\u00e9al pour l'automatisation industrielle, les drones, la robotique et les \u00e9quipements ext\u00e9rieurs, sa conception robuste r\u00e9siste aux temp\u00e9ratures extr\u00eames (-40\u00b0C \u00e0 +60\u00b0C).<\/p>","protected":false},"featured_media":7455,"comment_status":"closed","ping_status":"closed","template":"","meta":[],"product_brand":[],"product_cat":[105],"product_tag":[],"class_list":{"0":"post-135","1":"product","2":"type-product","3":"status-publish","4":"has-post-thumbnail","6":"product_cat-1535nm-eye-safe-laser-rangefinder-module","8":"first","9":"instock","10":"shipping-taxable","11":"product-type-simple"},"yoast_head":"<!-- This site is optimized with the Yoast SEO Premium plugin v24.8 (Yoast SEO v26.6) - https:\/\/yoast.com\/wordpress\/plugins\/seo\/ -->\n<title>1535nm Laser Rangefinder Module 9500m SFB9500A - SunFlaser Tech<\/title>\n<meta name=\"description\" content=\"The SFB9500A Mini Laser Rangefinder is a high-performance, lightweight (\u2264102g) module designed for precision distance measurement.\" \/>\n<meta name=\"robots\" content=\"index, follow, max-snippet:-1, max-image-preview:large, max-video-preview:-1\" \/>\n<link rel=\"canonical\" href=\"https:\/\/sunflaser.com\/fr\/shop\/1535nm-laser-rangefinder-module-9500m-sfb9500a\/\" \/>\n<meta property=\"og:locale\" content=\"fr_FR\" \/>\n<meta property=\"og:type\" content=\"article\" \/>\n<meta property=\"og:title\" content=\"1535nm Laser Rangefinder Module 9500m SFB9500A\" \/>\n<meta property=\"og:description\" content=\"The SFB9500A Mini Laser Rangefinder is a high-performance, lightweight (\u2264102g) module designed for precision distance measurement.\" \/>\n<meta property=\"og:url\" content=\"https:\/\/sunflaser.com\/fr\/shop\/1535nm-laser-rangefinder-module-9500m-sfb9500a\/\" \/>\n<meta property=\"og:site_name\" content=\"SunFlaser Tech\" \/>\n<meta property=\"article:modified_time\" content=\"2025-09-22T08:59:18+00:00\" \/>\n<meta property=\"og:image\" content=\"https:\/\/sunflaser.com\/wp-content\/uploads\/2025\/04\/SFB9500A.png\" \/>\n\t<meta property=\"og:image:width\" content=\"800\" \/>\n\t<meta property=\"og:image:height\" content=\"800\" \/>\n\t<meta property=\"og:image:type\" content=\"image\/png\" \/>\n<meta name=\"twitter:card\" content=\"summary_large_image\" \/>\n<meta name=\"twitter:label1\" content=\"Dur\u00e9e de lecture estim\u00e9e\" \/>\n\t<meta name=\"twitter:data1\" content=\"2 minutes\" \/>\n<script type=\"application\/ld+json\" class=\"yoast-schema-graph\">{\"@context\":\"https:\/\/schema.org\",\"@graph\":[{\"@type\":\"WebPage\",\"@id\":\"https:\/\/sunflaser.com\/shop\/1535nm-laser-rangefinder-module-9500m-sfb9500a\/\",\"url\":\"https:\/\/sunflaser.com\/shop\/1535nm-laser-rangefinder-module-9500m-sfb9500a\/\",\"name\":\"1535nm Laser Rangefinder Module 9500m SFB9500A - SunFlaser Tech\",\"isPartOf\":{\"@id\":\"https:\/\/sunflaser.com\/#website\"},\"primaryImageOfPage\":{\"@id\":\"https:\/\/sunflaser.com\/shop\/1535nm-laser-rangefinder-module-9500m-sfb9500a\/#primaryimage\"},\"image\":{\"@id\":\"https:\/\/sunflaser.com\/shop\/1535nm-laser-rangefinder-module-9500m-sfb9500a\/#primaryimage\"},\"thumbnailUrl\":\"https:\/\/sunflaser.com\/wp-content\/uploads\/2025\/04\/SFB9500A.png\",\"datePublished\":\"2025-04-30T06:35:15+00:00\",\"dateModified\":\"2025-09-22T08:59:18+00:00\",\"description\":\"The SFB9500A Mini Laser Rangefinder is a high-performance, lightweight (\u2264102g) module designed for precision distance measurement.\",\"breadcrumb\":{\"@id\":\"https:\/\/sunflaser.com\/shop\/1535nm-laser-rangefinder-module-9500m-sfb9500a\/#breadcrumb\"},\"inLanguage\":\"fr-FR\",\"potentialAction\":[{\"@type\":\"ReadAction\",\"target\":[\"https:\/\/sunflaser.com\/shop\/1535nm-laser-rangefinder-module-9500m-sfb9500a\/\"]}]},{\"@type\":\"ImageObject\",\"inLanguage\":\"fr-FR\",\"@id\":\"https:\/\/sunflaser.com\/shop\/1535nm-laser-rangefinder-module-9500m-sfb9500a\/#primaryimage\",\"url\":\"https:\/\/sunflaser.com\/wp-content\/uploads\/2025\/04\/SFB9500A.png\",\"contentUrl\":\"https:\/\/sunflaser.com\/wp-content\/uploads\/2025\/04\/SFB9500A.png\",\"width\":800,\"height\":800},{\"@type\":\"BreadcrumbList\",\"@id\":\"https:\/\/sunflaser.com\/shop\/1535nm-laser-rangefinder-module-9500m-sfb9500a\/#breadcrumb\",\"itemListElement\":[{\"@type\":\"ListItem\",\"position\":1,\"name\":\"\u9996\u9875\",\"item\":\"https:\/\/sunflaser.com\/\"},{\"@type\":\"ListItem\",\"position\":2,\"name\":\"Product\",\"item\":\"https:\/\/sunflaser.com\/product\/\"},{\"@type\":\"ListItem\",\"position\":3,\"name\":\"1535nm Laser Rangefinder Module 9500m SFB9500A\"}]},{\"@type\":\"WebSite\",\"@id\":\"https:\/\/sunflaser.com\/#website\",\"url\":\"https:\/\/sunflaser.com\/\",\"name\":\"SunFlaser Tech\",\"description\":\"\",\"publisher\":{\"@id\":\"https:\/\/sunflaser.com\/#organization\"},\"potentialAction\":[{\"@type\":\"SearchAction\",\"target\":{\"@type\":\"EntryPoint\",\"urlTemplate\":\"https:\/\/sunflaser.com\/?s={search_term_string}\"},\"query-input\":{\"@type\":\"PropertyValueSpecification\",\"valueRequired\":true,\"valueName\":\"search_term_string\"}}],\"inLanguage\":\"fr-FR\"},{\"@type\":\"Organization\",\"@id\":\"https:\/\/sunflaser.com\/#organization\",\"name\":\"\u76db\u98de\u5149\u901f\u79d1\u6280\uff08\u6210\u90fd\uff09\u6709\u9650\u516c\u53f8\",\"alternateName\":\"\u76db\u98de\u5149\u901f\u79d1\u6280\uff08\u6210\u90fd\uff09\u6709\u9650\u516c\u53f8\",\"url\":\"https:\/\/sunflaser.com\/\",\"logo\":{\"@type\":\"ImageObject\",\"inLanguage\":\"fr-FR\",\"@id\":\"https:\/\/sunflaser.com\/#\/schema\/logo\/image\/\",\"url\":\"https:\/\/sunflaser.com\/wp-content\/uploads\/2025\/05\/Modern-S-Letter-Logo.png\",\"contentUrl\":\"https:\/\/sunflaser.com\/wp-content\/uploads\/2025\/05\/Modern-S-Letter-Logo.png\",\"width\":1024,\"height\":289,\"caption\":\"\u76db\u98de\u5149\u901f\u79d1\u6280\uff08\u6210\u90fd\uff09\u6709\u9650\u516c\u53f8\"},\"image\":{\"@id\":\"https:\/\/sunflaser.com\/#\/schema\/logo\/image\/\"}}]}<\/script>\n<!-- \/ Yoast SEO Premium plugin. -->","yoast_head_json":{"title":"1535nm Laser Rangefinder Module 9500m SFB9500A - SunFlaser Tech","description":"The SFB9500A Mini Laser Rangefinder is a high-performance, lightweight (\u2264102g) module designed for precision distance measurement.","robots":{"index":"index","follow":"follow","max-snippet":"max-snippet:-1","max-image-preview":"max-image-preview:large","max-video-preview":"max-video-preview:-1"},"canonical":"https:\/\/sunflaser.com\/fr\/shop\/1535nm-laser-rangefinder-module-9500m-sfb9500a\/","og_locale":"fr_FR","og_type":"article","og_title":"1535nm Laser Rangefinder Module 9500m SFB9500A","og_description":"The SFB9500A Mini Laser Rangefinder is a high-performance, lightweight (\u2264102g) module designed for precision distance measurement.","og_url":"https:\/\/sunflaser.com\/fr\/shop\/1535nm-laser-rangefinder-module-9500m-sfb9500a\/","og_site_name":"SunFlaser Tech","article_modified_time":"2025-09-22T08:59:18+00:00","og_image":[{"width":800,"height":800,"url":"https:\/\/sunflaser.com\/wp-content\/uploads\/2025\/04\/SFB9500A.png","type":"image\/png"}],"twitter_card":"summary_large_image","twitter_misc":{"Dur\u00e9e de lecture estim\u00e9e":"2 minutes"},"schema":{"@context":"https:\/\/schema.org","@graph":[{"@type":"WebPage","@id":"https:\/\/sunflaser.com\/shop\/1535nm-laser-rangefinder-module-9500m-sfb9500a\/","url":"https:\/\/sunflaser.com\/shop\/1535nm-laser-rangefinder-module-9500m-sfb9500a\/","name":"1535nm Laser Rangefinder Module 9500m SFB9500A - SunFlaser Tech","isPartOf":{"@id":"https:\/\/sunflaser.com\/#website"},"primaryImageOfPage":{"@id":"https:\/\/sunflaser.com\/shop\/1535nm-laser-rangefinder-module-9500m-sfb9500a\/#primaryimage"},"image":{"@id":"https:\/\/sunflaser.com\/shop\/1535nm-laser-rangefinder-module-9500m-sfb9500a\/#primaryimage"},"thumbnailUrl":"https:\/\/sunflaser.com\/wp-content\/uploads\/2025\/04\/SFB9500A.png","datePublished":"2025-04-30T06:35:15+00:00","dateModified":"2025-09-22T08:59:18+00:00","description":"The SFB9500A Mini Laser Rangefinder is a high-performance, lightweight (\u2264102g) module designed for precision distance measurement.","breadcrumb":{"@id":"https:\/\/sunflaser.com\/shop\/1535nm-laser-rangefinder-module-9500m-sfb9500a\/#breadcrumb"},"inLanguage":"fr-FR","potentialAction":[{"@type":"ReadAction","target":["https:\/\/sunflaser.com\/shop\/1535nm-laser-rangefinder-module-9500m-sfb9500a\/"]}]},{"@type":"ImageObject","inLanguage":"fr-FR","@id":"https:\/\/sunflaser.com\/shop\/1535nm-laser-rangefinder-module-9500m-sfb9500a\/#primaryimage","url":"https:\/\/sunflaser.com\/wp-content\/uploads\/2025\/04\/SFB9500A.png","contentUrl":"https:\/\/sunflaser.com\/wp-content\/uploads\/2025\/04\/SFB9500A.png","width":800,"height":800},{"@type":"BreadcrumbList","@id":"https:\/\/sunflaser.com\/shop\/1535nm-laser-rangefinder-module-9500m-sfb9500a\/#breadcrumb","itemListElement":[{"@type":"ListItem","position":1,"name":"\u9996\u9875","item":"https:\/\/sunflaser.com\/"},{"@type":"ListItem","position":2,"name":"Product","item":"https:\/\/sunflaser.com\/product\/"},{"@type":"ListItem","position":3,"name":"1535nm Laser Rangefinder Module 9500m SFB9500A"}]},{"@type":"WebSite","@id":"https:\/\/sunflaser.com\/#website","url":"https:\/\/sunflaser.com\/","name":"SunFlaser Tech","description":"","publisher":{"@id":"https:\/\/sunflaser.com\/#organization"},"potentialAction":[{"@type":"SearchAction","target":{"@type":"EntryPoint","urlTemplate":"https:\/\/sunflaser.com\/?s={search_term_string}"},"query-input":{"@type":"PropertyValueSpecification","valueRequired":true,"valueName":"search_term_string"}}],"inLanguage":"fr-FR"},{"@type":"Organization","@id":"https:\/\/sunflaser.com\/#organization","name":"\u76db\u98de\u5149\u901f\u79d1\u6280\uff08\u6210\u90fd\uff09\u6709\u9650\u516c\u53f8","alternateName":"\u76db\u98de\u5149\u901f\u79d1\u6280\uff08\u6210\u90fd\uff09\u6709\u9650\u516c\u53f8","url":"https:\/\/sunflaser.com\/","logo":{"@type":"ImageObject","inLanguage":"fr-FR","@id":"https:\/\/sunflaser.com\/#\/schema\/logo\/image\/","url":"https:\/\/sunflaser.com\/wp-content\/uploads\/2025\/05\/Modern-S-Letter-Logo.png","contentUrl":"https:\/\/sunflaser.com\/wp-content\/uploads\/2025\/05\/Modern-S-Letter-Logo.png","width":1024,"height":289,"caption":"\u76db\u98de\u5149\u901f\u79d1\u6280\uff08\u6210\u90fd\uff09\u6709\u9650\u516c\u53f8"},"image":{"@id":"https:\/\/sunflaser.com\/#\/schema\/logo\/image\/"}}]}},"_links":{"self":[{"href":"https:\/\/sunflaser.com\/fr\/wp-json\/wp\/v2\/product\/135","targetHints":{"allow":["GET"]}}],"collection":[{"href":"https:\/\/sunflaser.com\/fr\/wp-json\/wp\/v2\/product"}],"about":[{"href":"https:\/\/sunflaser.com\/fr\/wp-json\/wp\/v2\/types\/product"}],"replies":[{"embeddable":true,"href":"https:\/\/sunflaser.com\/fr\/wp-json\/wp\/v2\/comments?post=135"}],"version-history":[{"count":0,"href":"https:\/\/sunflaser.com\/fr\/wp-json\/wp\/v2\/product\/135\/revisions"}],"wp:featuredmedia":[{"embeddable":true,"href":"https:\/\/sunflaser.com\/fr\/wp-json\/wp\/v2\/media\/7455"}],"wp:attachment":[{"href":"https:\/\/sunflaser.com\/fr\/wp-json\/wp\/v2\/media?parent=135"}],"wp:term":[{"taxonomy":"product_brand","embeddable":true,"href":"https:\/\/sunflaser.com\/fr\/wp-json\/wp\/v2\/product_brand?post=135"},{"taxonomy":"product_cat","embeddable":true,"href":"https:\/\/sunflaser.com\/fr\/wp-json\/wp\/v2\/product_cat?post=135"},{"taxonomy":"product_tag","embeddable":true,"href":"https:\/\/sunflaser.com\/fr\/wp-json\/wp\/v2\/product_tag?post=135"}],"curies":[{"name":"wp","href":"https:\/\/api.w.org\/{rel}","templated":true}]}}