{"id":134,"date":"2025-04-30T14:35:14","date_gmt":"2025-04-30T06:35:14","guid":{"rendered":"https:\/\/sunflaser.com\/?post_type=product&#038;p=134"},"modified":"2025-10-26T22:58:57","modified_gmt":"2025-10-27T05:58:57","slug":"1535nm-laser-rangefinder-module-5300m-sfb5300a","status":"publish","type":"product","link":"https:\/\/sunflaser.com\/fr\/shop\/1535nm-laser-rangefinder-module-5300m-sfb5300a\/","title":{"rendered":"1535nm Laser Rangefinder Module 5300m SFB5300A"},"content":{"rendered":"<h3><strong>Principaux arguments de vente<\/strong><\/h3>\n<ul>\n<li>\u200b<strong>Pr\u00e9cision sup\u00e9rieure<\/strong>: pr\u00e9cision de \u00b11m avec une r\u00e9solution de 40m pour les applications critiques.<\/li>\n<li>\u200b<strong>Performance \u00e0 longue port\u00e9e<\/strong>: Mesures jusqu'\u00e0 5 300 m (cible de 2,3 m x 4,6 m).<\/li>\n<li>\u200b<strong>Conception de s\u00e9curit\u00e9 pour les yeux<\/strong>: Laser infrarouge de 1535 nm (conforme \u00e0 la classe 1M).<\/li>\n<li>\u200b<strong>Compact et l\u00e9ger<\/strong>Le poids de \u226485g et la taille de 62\u00d743\u00d732mm facilitent l'int\u00e9gration de l'appareil.<\/li>\n<li>\u200b<strong>Une durabilit\u00e9 \u00e0 toute \u00e9preuve<\/strong>: Fonctionne de -40\u00b0C \u00e0 +60\u00b0C, protection IP contre la poussi\u00e8re et l'humidit\u00e9.<\/li>\n<li>\u200b<strong>Faible consommation d'\u00e9nergie<\/strong>Puissance de fonctionnement : \u22644W pour une utilisation prolong\u00e9e.<\/li>\n<li>\u200b<strong>Modes polyvalents<\/strong>: Prise de vue unique, balayage continu 1Hz\/5Hz et contr\u00f4le de la distance.<\/li>\n<\/ul>\n<hr \/>\n<h3><strong>Caract\u00e9ristiques<\/strong><\/h3>\n<ul>\n<li>Communication RS422 pour une int\u00e9gration parfaite du syst\u00e8me.<\/li>\n<li>Capacit\u00e9s d'autotest, de rapport de temp\u00e9rature et de mise \u00e0 jour du micrologiciel.<\/li>\n<li>Reconnaissance de la premi\u00e8re\/derni\u00e8re cible et \u00e9vitement de la zone aveugle (\u226450m).<\/li>\n<\/ul>\n<hr \/>\n<h3><strong>Applications<\/strong><\/h3>\n<ul>\n<li>Automatisation industrielle et robotique.<\/li>\n<li>Navigation par drone et cartographie du terrain.<\/li>\n<li>Surveillance de la s\u00e9curit\u00e9 et du p\u00e9rim\u00e8tre.<\/li>\n<li>Sports de plein air et observation de la faune.<\/li>\n<\/ul>\n<hr \/>\n<h3><strong>Sp\u00e9cifications<\/strong><\/h3>\n\n<table id=\"tablepress-21\" class=\"tablepress tablepress-id-21\">\n<thead>\n<tr class=\"row-1\">\n\t<th class=\"column-1\"><strong>Param\u00e8tres<\/strong><\/th><th class=\"column-2\"><strong>Indicateur de performance<\/strong><\/th>\n<\/tr>\n<\/thead>\n<tbody class=\"row-striping row-hover\">\n<tr class=\"row-2\">\n\t<td class=\"column-1\">Longueur d'onde de fonctionnement<\/td><td class=\"column-2\">1535nm \u00b110nm<\/td>\n<\/tr>\n<tr class=\"row-3\">\n\t<td class=\"column-1\">Capacit\u00e9 de t\u00e9l\u00e9d\u00e9tection<\/td><td class=\"column-2\">\u22655300m (sur une cible standard de 2,3m\u00d74,6m ou \u00e9quivalent)<\/td>\n<\/tr>\n<tr class=\"row-4\">\n\t<td class=\"column-1\">Zone aveugle<\/td><td class=\"column-2\">\u226450m<\/td>\n<\/tr>\n<tr class=\"row-5\">\n\t<td class=\"column-1\">Pr\u00e9cision<\/td><td class=\"column-2\">\u00b11m<\/td>\n<\/tr>\n<tr class=\"row-6\">\n\t<td class=\"column-1\">Taux de mesure correct<\/td><td class=\"column-2\">98%<\/td>\n<\/tr>\n<tr class=\"row-7\">\n\t<td class=\"column-1\">Fr\u00e9quence de mesure<\/td><td class=\"column-2\">Coup unique, 1Hz, 5Hz<\/td>\n<\/tr>\n<tr class=\"row-8\">\n\t<td class=\"column-1\">Distance R\u00e9solution<\/td><td class=\"column-2\">\u226440m<\/td>\n<\/tr>\n<tr class=\"row-9\">\n\t<td class=\"column-1\">Poids<\/td><td class=\"column-2\">\u226485g<\/td>\n<\/tr>\n<tr class=\"row-10\">\n\t<td class=\"column-1\">Dimensions<\/td><td class=\"column-2\">\u226462mm\u00d743mm\u00d732mm<\/td>\n<\/tr>\n<tr class=\"row-11\">\n\t<td class=\"column-1\">Alimentation \u00e9lectrique<\/td><td class=\"column-2\">10V~14V DC<\/td>\n<\/tr>\n<tr class=\"row-12\">\n\t<td class=\"column-1\">Consommation \u00e9lectrique<\/td><td class=\"column-2\">En veille : \u22641.8W<br \/>\nFonctionnement : \u22644W<\/td>\n<\/tr>\n<tr class=\"row-13\">\n\t<td class=\"column-1\">Conformit\u00e9 environnementale<\/td><td class=\"column-2\">Temp\u00e9rature de fonctionnement : -40\u00b0C ~ +60\u00b0C<br \/>\nTemp\u00e9rature de stockage : -50\u00b0C ~ +70\u00b0C<\/td>\n<\/tr>\n<\/tbody>\n<\/table>\n\n<p>Note : Toutes les sp\u00e9cifications de performance et les interfaces peuvent \u00eatre personnalis\u00e9es pour r\u00e9pondre \u00e0 des besoins sp\u00e9cifiques.<\/p>\n<hr \/>\n<h3>Interface \u00e9lectrique<\/h3>\n<p>Les exigences en mati\u00e8re d'interface \u00e9lectrique sont les suivantes :<\/p>\n<ul>\n<li>\u200b<strong>Tension d'alimentation<\/strong>: 12V (plage de fonctionnement : 10V-14V).<\/li>\n<li>\u200b<strong>Puissance de fonctionnement<\/strong>: \u22644W.<\/li>\n<li>\u200b<strong>Puissance en veille<\/strong>: \u22641.8W.<\/li>\n<li>\u200b<strong>Connecteur<\/strong>: L'ordinateur h\u00f4te se connecte au t\u00e9l\u00e9m\u00e8tre par l'interm\u00e9diaire d'un connecteur \u00e0 10 broches au pas de 1,25 mm pour les tests d'interconnexion. Les d\u00e9finitions des broches pour l'alimentation et la communication sont indiqu\u00e9es dans le tableau 1, et l'emplacement de la broche 1 est illustr\u00e9 dans la figure suivante.<\/li>\n<\/ul>\n<p><strong>Tableau : D\u00e9finitions des broches de l'alimentation et du port de communication<\/strong><\/p>\n<div class=\"hyc-common-markdown__table-wrapper\">\n<table>\n<thead>\n<tr>\n<th>Num\u00e9ro de la broche<\/th>\n<th>\u00c9tiquette<\/th>\n<th>D\u00e9finition de l'\u00e9lectricit\u00e9<\/th>\n<th>Direction du signal<\/th>\n<\/tr>\n<\/thead>\n<tbody>\n<tr>\n<td>P-1<\/td>\n<td>VIN+<\/td>\n<td>Entr\u00e9e positive de l'alimentation<\/td>\n<td>Alimentation \u00e9lectrique<\/td>\n<\/tr>\n<tr>\n<td>P-2<\/td>\n<td>VIN-<\/td>\n<td>Entr\u00e9e n\u00e9gative de l'alimentation<\/td>\n<td>Alimentation \u00e9lectrique<\/td>\n<\/tr>\n<tr>\n<td>P-3<\/td>\n<td>NC<\/td>\n<td>Non connect\u00e9<\/td>\n<td><\/td>\n<\/tr>\n<tr>\n<td>P-4<\/td>\n<td>RS422_TXD+<\/td>\n<td>Port d'entr\u00e9e du signal<\/td>\n<td>Le t\u00e9l\u00e9m\u00e8tre au service de l'h\u00f4te<\/td>\n<\/tr>\n<tr>\n<td>P-5<\/td>\n<td>RS422_TXD-<\/td>\n<td>Port d'entr\u00e9e du signal<\/td>\n<td>Le t\u00e9l\u00e9m\u00e8tre au service de l'h\u00f4te<\/td>\n<\/tr>\n<tr>\n<td>P-6<\/td>\n<td>RS422_RXD-<\/td>\n<td>Port de sortie du signal<\/td>\n<td>H\u00f4te du t\u00e9l\u00e9m\u00e8tre<\/td>\n<\/tr>\n<tr>\n<td>P-7<\/td>\n<td>RS422_RXD+<\/td>\n<td>Port de sortie du signal<\/td>\n<td>H\u00f4te du t\u00e9l\u00e9m\u00e8tre<\/td>\n<\/tr>\n<tr>\n<td>P-8<\/td>\n<td>GND<\/td>\n<td>RS422 Masse<\/td>\n<td><\/td>\n<\/tr>\n<tr>\n<td>P-9<\/td>\n<td>SWDIO<\/td>\n<td>Port de donn\u00e9es<\/td>\n<td>Pour la programmation du micrologiciel<\/td>\n<\/tr>\n<tr>\n<td>P-10<\/td>\n<td>SWCLK<\/td>\n<td>Port d'horloge<\/td>\n<td>Pour la programmation du micrologiciel<\/td>\n<\/tr>\n<\/tbody>\n<\/table>\n<p><img fetchpriority=\"high\" decoding=\"async\" class=\"alignnone size-medium wp-image-6197\" src=\"https:\/\/sunflaser.com\/wp-content\/uploads\/2025\/04\/SF-DYC5001A-Electrical-interface-300x221.png\" alt=\"\" width=\"300\" height=\"221\" \/><\/p>\n<hr \/>\n<h3>Conformit\u00e9<\/h3>\n<ul>\n<li>CE, RoHS, ISO 9001<\/li>\n<\/ul>\n<\/div>","protected":false},"excerpt":{"rendered":"<p>Le t\u00e9l\u00e9m\u00e8tre laser compact SFB5300A est un instrument optique l\u00e9ger de haute pr\u00e9cision con\u00e7u pour mesurer rapidement et pr\u00e9cis\u00e9ment des distances jusqu'\u00e0 5 300 m\u00e8tres. Fonctionnant dans la longueur d'onde sans danger pour les yeux de 1535 nm, il garantit la s\u00e9curit\u00e9 de l'utilisateur tout en offrant des performances fiables dans divers environnements. Id\u00e9al pour l'automatisation industrielle, les drones, l'arpentage et les syst\u00e8mes de s\u00e9curit\u00e9, cet appareil allie technologie de pointe et portabilit\u00e9.<\/p>","protected":false},"featured_media":7778,"comment_status":"closed","ping_status":"closed","template":"","meta":[],"product_brand":[],"product_cat":[105,605],"product_tag":[],"class_list":{"0":"post-134","1":"product","2":"type-product","3":"status-publish","4":"has-post-thumbnail","6":"product_cat-1535nm-eye-safe-laser-rangefinder-module","7":"product_cat-laser-rangefinder-module","9":"first","10":"instock","11":"sold-individually","12":"shipping-taxable","13":"product-type-simple"},"yoast_head":"<!-- This site is optimized with the Yoast SEO Premium plugin v24.8 (Yoast SEO v26.6) - https:\/\/yoast.com\/wordpress\/plugins\/seo\/ -->\n<title>1535nm Laser Rangefinder Module 5300m SFB5300A - SunFlaser Tech<\/title>\n<meta name=\"description\" content=\"The SFB5300A Compact Laser Rangefinder is a high-precision, lightweight optical instrument designed for rapid and accurate distance measurement up to 5,300 meters.\" \/>\n<meta name=\"robots\" content=\"index, follow, max-snippet:-1, max-image-preview:large, max-video-preview:-1\" \/>\n<link rel=\"canonical\" href=\"https:\/\/sunflaser.com\/fr\/shop\/1535nm-laser-rangefinder-module-5300m-sfb5300a\/\" \/>\n<meta property=\"og:locale\" content=\"fr_FR\" \/>\n<meta property=\"og:type\" content=\"article\" \/>\n<meta property=\"og:title\" content=\"1535nm Laser Rangefinder Module 5300m SFB5300A\" \/>\n<meta property=\"og:description\" content=\"The SFB5300A Compact Laser Rangefinder is a high-precision, lightweight optical instrument designed for rapid and accurate distance measurement up to 5,300 meters.\" \/>\n<meta property=\"og:url\" content=\"https:\/\/sunflaser.com\/fr\/shop\/1535nm-laser-rangefinder-module-5300m-sfb5300a\/\" \/>\n<meta property=\"og:site_name\" content=\"SunFlaser Tech\" \/>\n<meta property=\"article:modified_time\" content=\"2025-10-27T05:58:57+00:00\" \/>\n<meta property=\"og:image\" content=\"https:\/\/sunflaser.com\/wp-content\/uploads\/2025\/04\/SFB5300A-1.png\" \/>\n\t<meta property=\"og:image:width\" content=\"800\" \/>\n\t<meta property=\"og:image:height\" content=\"800\" \/>\n\t<meta property=\"og:image:type\" content=\"image\/png\" \/>\n<meta name=\"twitter:card\" content=\"summary_large_image\" \/>\n<meta name=\"twitter:label1\" content=\"Dur\u00e9e de lecture estim\u00e9e\" \/>\n\t<meta name=\"twitter:data1\" content=\"2 minutes\" \/>\n<script type=\"application\/ld+json\" class=\"yoast-schema-graph\">{\"@context\":\"https:\/\/schema.org\",\"@graph\":[{\"@type\":\"WebPage\",\"@id\":\"https:\/\/sunflaser.com\/shop\/1535nm-laser-rangefinder-module-5300m-sfb5300a\/\",\"url\":\"https:\/\/sunflaser.com\/shop\/1535nm-laser-rangefinder-module-5300m-sfb5300a\/\",\"name\":\"1535nm Laser Rangefinder Module 5300m SFB5300A - SunFlaser Tech\",\"isPartOf\":{\"@id\":\"https:\/\/sunflaser.com\/#website\"},\"primaryImageOfPage\":{\"@id\":\"https:\/\/sunflaser.com\/shop\/1535nm-laser-rangefinder-module-5300m-sfb5300a\/#primaryimage\"},\"image\":{\"@id\":\"https:\/\/sunflaser.com\/shop\/1535nm-laser-rangefinder-module-5300m-sfb5300a\/#primaryimage\"},\"thumbnailUrl\":\"https:\/\/sunflaser.com\/wp-content\/uploads\/2025\/04\/SFB5300A-1.png\",\"datePublished\":\"2025-04-30T06:35:14+00:00\",\"dateModified\":\"2025-10-27T05:58:57+00:00\",\"description\":\"The SFB5300A Compact Laser Rangefinder is a high-precision, lightweight optical instrument designed for rapid and accurate distance measurement up to 5,300 meters.\",\"breadcrumb\":{\"@id\":\"https:\/\/sunflaser.com\/shop\/1535nm-laser-rangefinder-module-5300m-sfb5300a\/#breadcrumb\"},\"inLanguage\":\"fr-FR\",\"potentialAction\":[{\"@type\":\"ReadAction\",\"target\":[\"https:\/\/sunflaser.com\/shop\/1535nm-laser-rangefinder-module-5300m-sfb5300a\/\"]}]},{\"@type\":\"ImageObject\",\"inLanguage\":\"fr-FR\",\"@id\":\"https:\/\/sunflaser.com\/shop\/1535nm-laser-rangefinder-module-5300m-sfb5300a\/#primaryimage\",\"url\":\"https:\/\/sunflaser.com\/wp-content\/uploads\/2025\/04\/SFB5300A-1.png\",\"contentUrl\":\"https:\/\/sunflaser.com\/wp-content\/uploads\/2025\/04\/SFB5300A-1.png\",\"width\":800,\"height\":800},{\"@type\":\"BreadcrumbList\",\"@id\":\"https:\/\/sunflaser.com\/shop\/1535nm-laser-rangefinder-module-5300m-sfb5300a\/#breadcrumb\",\"itemListElement\":[{\"@type\":\"ListItem\",\"position\":1,\"name\":\"\u9996\u9875\",\"item\":\"https:\/\/sunflaser.com\/\"},{\"@type\":\"ListItem\",\"position\":2,\"name\":\"Product\",\"item\":\"https:\/\/sunflaser.com\/product\/\"},{\"@type\":\"ListItem\",\"position\":3,\"name\":\"1535nm Laser Rangefinder Module 5300m SFB5300A\"}]},{\"@type\":\"WebSite\",\"@id\":\"https:\/\/sunflaser.com\/#website\",\"url\":\"https:\/\/sunflaser.com\/\",\"name\":\"SunFlaser Tech\",\"description\":\"\",\"publisher\":{\"@id\":\"https:\/\/sunflaser.com\/#organization\"},\"potentialAction\":[{\"@type\":\"SearchAction\",\"target\":{\"@type\":\"EntryPoint\",\"urlTemplate\":\"https:\/\/sunflaser.com\/?s={search_term_string}\"},\"query-input\":{\"@type\":\"PropertyValueSpecification\",\"valueRequired\":true,\"valueName\":\"search_term_string\"}}],\"inLanguage\":\"fr-FR\"},{\"@type\":\"Organization\",\"@id\":\"https:\/\/sunflaser.com\/#organization\",\"name\":\"\u76db\u98de\u5149\u901f\u79d1\u6280\uff08\u6210\u90fd\uff09\u6709\u9650\u516c\u53f8\",\"alternateName\":\"\u76db\u98de\u5149\u901f\u79d1\u6280\uff08\u6210\u90fd\uff09\u6709\u9650\u516c\u53f8\",\"url\":\"https:\/\/sunflaser.com\/\",\"logo\":{\"@type\":\"ImageObject\",\"inLanguage\":\"fr-FR\",\"@id\":\"https:\/\/sunflaser.com\/#\/schema\/logo\/image\/\",\"url\":\"https:\/\/sunflaser.com\/wp-content\/uploads\/2025\/05\/Modern-S-Letter-Logo.png\",\"contentUrl\":\"https:\/\/sunflaser.com\/wp-content\/uploads\/2025\/05\/Modern-S-Letter-Logo.png\",\"width\":1024,\"height\":289,\"caption\":\"\u76db\u98de\u5149\u901f\u79d1\u6280\uff08\u6210\u90fd\uff09\u6709\u9650\u516c\u53f8\"},\"image\":{\"@id\":\"https:\/\/sunflaser.com\/#\/schema\/logo\/image\/\"}}]}<\/script>\n<!-- \/ Yoast SEO Premium plugin. -->","yoast_head_json":{"title":"1535nm Laser Rangefinder Module 5300m SFB5300A - SunFlaser Tech","description":"The SFB5300A Compact Laser Rangefinder is a high-precision, lightweight optical instrument designed for rapid and accurate distance measurement up to 5,300 meters.","robots":{"index":"index","follow":"follow","max-snippet":"max-snippet:-1","max-image-preview":"max-image-preview:large","max-video-preview":"max-video-preview:-1"},"canonical":"https:\/\/sunflaser.com\/fr\/shop\/1535nm-laser-rangefinder-module-5300m-sfb5300a\/","og_locale":"fr_FR","og_type":"article","og_title":"1535nm Laser Rangefinder Module 5300m SFB5300A","og_description":"The SFB5300A Compact Laser Rangefinder is a high-precision, lightweight optical instrument designed for rapid and accurate distance measurement up to 5,300 meters.","og_url":"https:\/\/sunflaser.com\/fr\/shop\/1535nm-laser-rangefinder-module-5300m-sfb5300a\/","og_site_name":"SunFlaser Tech","article_modified_time":"2025-10-27T05:58:57+00:00","og_image":[{"width":800,"height":800,"url":"https:\/\/sunflaser.com\/wp-content\/uploads\/2025\/04\/SFB5300A-1.png","type":"image\/png"}],"twitter_card":"summary_large_image","twitter_misc":{"Dur\u00e9e de lecture estim\u00e9e":"2 minutes"},"schema":{"@context":"https:\/\/schema.org","@graph":[{"@type":"WebPage","@id":"https:\/\/sunflaser.com\/shop\/1535nm-laser-rangefinder-module-5300m-sfb5300a\/","url":"https:\/\/sunflaser.com\/shop\/1535nm-laser-rangefinder-module-5300m-sfb5300a\/","name":"1535nm Laser Rangefinder Module 5300m SFB5300A - SunFlaser Tech","isPartOf":{"@id":"https:\/\/sunflaser.com\/#website"},"primaryImageOfPage":{"@id":"https:\/\/sunflaser.com\/shop\/1535nm-laser-rangefinder-module-5300m-sfb5300a\/#primaryimage"},"image":{"@id":"https:\/\/sunflaser.com\/shop\/1535nm-laser-rangefinder-module-5300m-sfb5300a\/#primaryimage"},"thumbnailUrl":"https:\/\/sunflaser.com\/wp-content\/uploads\/2025\/04\/SFB5300A-1.png","datePublished":"2025-04-30T06:35:14+00:00","dateModified":"2025-10-27T05:58:57+00:00","description":"The SFB5300A Compact Laser Rangefinder is a high-precision, lightweight optical instrument designed for rapid and accurate distance measurement up to 5,300 meters.","breadcrumb":{"@id":"https:\/\/sunflaser.com\/shop\/1535nm-laser-rangefinder-module-5300m-sfb5300a\/#breadcrumb"},"inLanguage":"fr-FR","potentialAction":[{"@type":"ReadAction","target":["https:\/\/sunflaser.com\/shop\/1535nm-laser-rangefinder-module-5300m-sfb5300a\/"]}]},{"@type":"ImageObject","inLanguage":"fr-FR","@id":"https:\/\/sunflaser.com\/shop\/1535nm-laser-rangefinder-module-5300m-sfb5300a\/#primaryimage","url":"https:\/\/sunflaser.com\/wp-content\/uploads\/2025\/04\/SFB5300A-1.png","contentUrl":"https:\/\/sunflaser.com\/wp-content\/uploads\/2025\/04\/SFB5300A-1.png","width":800,"height":800},{"@type":"BreadcrumbList","@id":"https:\/\/sunflaser.com\/shop\/1535nm-laser-rangefinder-module-5300m-sfb5300a\/#breadcrumb","itemListElement":[{"@type":"ListItem","position":1,"name":"\u9996\u9875","item":"https:\/\/sunflaser.com\/"},{"@type":"ListItem","position":2,"name":"Product","item":"https:\/\/sunflaser.com\/product\/"},{"@type":"ListItem","position":3,"name":"1535nm Laser Rangefinder Module 5300m SFB5300A"}]},{"@type":"WebSite","@id":"https:\/\/sunflaser.com\/#website","url":"https:\/\/sunflaser.com\/","name":"SunFlaser Tech","description":"","publisher":{"@id":"https:\/\/sunflaser.com\/#organization"},"potentialAction":[{"@type":"SearchAction","target":{"@type":"EntryPoint","urlTemplate":"https:\/\/sunflaser.com\/?s={search_term_string}"},"query-input":{"@type":"PropertyValueSpecification","valueRequired":true,"valueName":"search_term_string"}}],"inLanguage":"fr-FR"},{"@type":"Organization","@id":"https:\/\/sunflaser.com\/#organization","name":"\u76db\u98de\u5149\u901f\u79d1\u6280\uff08\u6210\u90fd\uff09\u6709\u9650\u516c\u53f8","alternateName":"\u76db\u98de\u5149\u901f\u79d1\u6280\uff08\u6210\u90fd\uff09\u6709\u9650\u516c\u53f8","url":"https:\/\/sunflaser.com\/","logo":{"@type":"ImageObject","inLanguage":"fr-FR","@id":"https:\/\/sunflaser.com\/#\/schema\/logo\/image\/","url":"https:\/\/sunflaser.com\/wp-content\/uploads\/2025\/05\/Modern-S-Letter-Logo.png","contentUrl":"https:\/\/sunflaser.com\/wp-content\/uploads\/2025\/05\/Modern-S-Letter-Logo.png","width":1024,"height":289,"caption":"\u76db\u98de\u5149\u901f\u79d1\u6280\uff08\u6210\u90fd\uff09\u6709\u9650\u516c\u53f8"},"image":{"@id":"https:\/\/sunflaser.com\/#\/schema\/logo\/image\/"}}]}},"_links":{"self":[{"href":"https:\/\/sunflaser.com\/fr\/wp-json\/wp\/v2\/product\/134","targetHints":{"allow":["GET"]}}],"collection":[{"href":"https:\/\/sunflaser.com\/fr\/wp-json\/wp\/v2\/product"}],"about":[{"href":"https:\/\/sunflaser.com\/fr\/wp-json\/wp\/v2\/types\/product"}],"replies":[{"embeddable":true,"href":"https:\/\/sunflaser.com\/fr\/wp-json\/wp\/v2\/comments?post=134"}],"version-history":[{"count":0,"href":"https:\/\/sunflaser.com\/fr\/wp-json\/wp\/v2\/product\/134\/revisions"}],"wp:featuredmedia":[{"embeddable":true,"href":"https:\/\/sunflaser.com\/fr\/wp-json\/wp\/v2\/media\/7778"}],"wp:attachment":[{"href":"https:\/\/sunflaser.com\/fr\/wp-json\/wp\/v2\/media?parent=134"}],"wp:term":[{"taxonomy":"product_brand","embeddable":true,"href":"https:\/\/sunflaser.com\/fr\/wp-json\/wp\/v2\/product_brand?post=134"},{"taxonomy":"product_cat","embeddable":true,"href":"https:\/\/sunflaser.com\/fr\/wp-json\/wp\/v2\/product_cat?post=134"},{"taxonomy":"product_tag","embeddable":true,"href":"https:\/\/sunflaser.com\/fr\/wp-json\/wp\/v2\/product_tag?post=134"}],"curies":[{"name":"wp","href":"https:\/\/api.w.org\/{rel}","templated":true}]}}