{"id":133,"date":"2025-04-30T14:35:14","date_gmt":"2025-04-30T06:35:14","guid":{"rendered":"https:\/\/sunflaser.com\/?post_type=product&#038;p=133"},"modified":"2025-10-26T22:58:36","modified_gmt":"2025-10-27T05:58:36","slug":"1535nm-laser-rangefinder-module-7300m-sfb7300a","status":"publish","type":"product","link":"https:\/\/sunflaser.com\/fr\/shop\/1535nm-laser-rangefinder-module-7300m-sfb7300a\/","title":{"rendered":"1535nm Laser Rangefinder Module 7300m SFB7300A"},"content":{"rendered":"<h3><strong>Principaux arguments de vente<\/strong><\/h3>\n<ul>\n<li><strong>S\u00e9curit\u00e9 des yeux et fiabilit\u00e9<\/strong>: Le laser de 1535 nm (spectre invisible) garantit la s\u00e9curit\u00e9 et la conformit\u00e9 aux normes internationales.<\/li>\n<li>\u200b<strong>Haute pr\u00e9cision<\/strong>Pr\u00e9cision de \u00b11m et r\u00e9solution de \u226450m pour les mesures critiques.<\/li>\n<li><strong>Compact et robuste<\/strong>: Ultra-l\u00e9ger (125g), fonctionne dans des conditions climatiques extr\u00eames (-40\u00b0C \u00e0 +60\u00b0C).<\/li>\n<li><strong>Modes polyvalents<\/strong>: Mesure unique, 1Hz ou 5Hz en continu.<\/li>\n<li><strong>Int\u00e9gration facile<\/strong>: Communication RS422 et conception modulaire pour une int\u00e9gration parfaite du syst\u00e8me.<\/li>\n<\/ul>\n<hr \/>\n<h3><strong>Applications<\/strong><\/h3>\n<ul>\n<li>Navigation des drones et des UAV<\/li>\n<li>Arpentage et construction<\/li>\n<li>Automatisation industrielle<\/li>\n<li>Syst\u00e8mes de s\u00e9curit\u00e9<\/li>\n<li>Exploration en plein air<\/li>\n<\/ul>\n<hr \/>\n<h3>Principales fonctions<\/h3>\n<ul>\n<li>Fonction de t\u00e9l\u00e9m\u00e9trie laser<\/li>\n<li>Fonction de mise sous tension et de contr\u00f4le de la temp\u00e9rature<\/li>\n<li>Capacit\u00e9 de d\u00e9coupage en fonction de la distance<\/li>\n<li>Premi\u00e8re\/derni\u00e8re cible Priorit\u00e9 Mesure<\/li>\n<li>Fonction d'autodiagnostic<\/li>\n<li>Capacit\u00e9 de mise \u00e0 jour du micrologiciel sur le port s\u00e9rie<\/li>\n<li>Fonction de comptage des impulsions laser (erreur de comptage de \u00b12)<\/li>\n<\/ul>\n<hr \/>\n<h3><strong>Sp\u00e9cifications<\/strong><\/h3>\n\n<table id=\"tablepress-23\" class=\"tablepress tablepress-id-23\">\n<thead>\n<tr class=\"row-1\">\n\t<th class=\"column-1\"><strong>Param\u00e8tres<\/strong><\/th><th class=\"column-2\"><strong>Sp\u00e9cifications<\/strong><\/th>\n<\/tr>\n<\/thead>\n<tbody class=\"row-striping row-hover\">\n<tr class=\"row-2\">\n\t<td class=\"column-1\">Longueur d'onde de fonctionnement<\/td><td class=\"column-2\">1535 nm \u00b1 10 nm<\/td>\n<\/tr>\n<tr class=\"row-3\">\n\t<td class=\"column-1\">Capacit\u00e9 de t\u00e9l\u00e9m\u00e9trie<\/td><td class=\"column-2\">\u2265 7300 m<\/td>\n<\/tr>\n<tr class=\"row-4\">\n\t<td class=\"column-1\">Zone aveugle de t\u00e9l\u00e9m\u00e9trie<\/td><td class=\"column-2\">\u2264 20 m<\/td>\n<\/tr>\n<tr class=\"row-5\">\n\t<td class=\"column-1\">Pr\u00e9cision de la recherche<\/td><td class=\"column-2\">\u00b1 1 m<\/td>\n<\/tr>\n<tr class=\"row-6\">\n\t<td class=\"column-1\">Taux de mesure correct<\/td><td class=\"column-2\">\u2265 98%<\/td>\n<\/tr>\n<tr class=\"row-7\">\n\t<td class=\"column-1\">Distance R\u00e9solution<\/td><td class=\"column-2\">\u2264 50 m<\/td>\n<\/tr>\n<tr class=\"row-8\">\n\t<td class=\"column-1\">Fr\u00e9quence de t\u00e9l\u00e9m\u00e9trie<\/td><td class=\"column-2\">Simple, 1 Hz, 5 Hz<\/td>\n<\/tr>\n<tr class=\"row-9\">\n\t<td class=\"column-1\">Poids du produit<\/td><td class=\"column-2\">\u2264 125 g<\/td>\n<\/tr>\n<tr class=\"row-10\">\n\t<td class=\"column-1\">Dimensions<\/td><td class=\"column-2\">\u2264 80 mm \u00d7 58,5 mm \u00d7 45 mm<\/td>\n<\/tr>\n<tr class=\"row-11\">\n\t<td class=\"column-1\">Tension d'alimentation<\/td><td class=\"column-2\">6 V ~ 9 V DC<\/td>\n<\/tr>\n<tr class=\"row-12\">\n\t<td class=\"column-1\">Consommation \u00e9lectrique<\/td><td class=\"column-2\">En veille : \u2264 0,5 W<br \/>\nMoyenne : \u2264 2 W<\/td>\n<\/tr>\n<tr class=\"row-13\">\n\t<td class=\"column-1\">Adaptabilit\u00e9 environnementale<\/td><td class=\"column-2\">Temp\u00e9rature de fonctionnement : -40 \u2103 ~ +60 \u2103<br \/>\nTemp\u00e9rature de stockage : -55 \u2103 ~ +70 \u2103<\/td>\n<\/tr>\n<\/tbody>\n<\/table>\n\n<hr \/>\n<h3><strong>Interface \u00e9lectrique<\/strong><\/h3>\n<p>Le connecteur est un<strong>Connecteur \u00e0 10 broches au pas de 1,25 mm<\/strong>. Les d\u00e9finitions des broches pour l'alimentation et la communication du c\u00f4t\u00e9 du t\u00e9l\u00e9m\u00e8tre sont \u00e9num\u00e9r\u00e9es dans le tableau suivant. L'orientation de la broche 1 est indiqu\u00e9e dans la figure suivante.<\/p>\n<p><strong>Tableau : D\u00e9finitions des broches d'alimentation et de communication (c\u00f4t\u00e9 t\u00e9l\u00e9m\u00e8tre)<\/strong><\/p>\n<div class=\"hyc-common-markdown__table-wrapper\">\n<table>\n<thead>\n<tr>\n<th>N\u00b0 de broche.<\/th>\n<th>Nom du signal<\/th>\n<th>Description<\/th>\n<\/tr>\n<\/thead>\n<tbody>\n<tr>\n<td>1<\/td>\n<td>LRFVCC<\/td>\n<td>Alimentation positive (+)<\/td>\n<\/tr>\n<tr>\n<td>2<\/td>\n<td>GND<\/td>\n<td>Alimentation n\u00e9gative (-)<\/td>\n<\/tr>\n<tr>\n<td>3<\/td>\n<td>NC<\/td>\n<td>Pas de connexion (r\u00e9serv\u00e9)<\/td>\n<\/tr>\n<tr>\n<td>4<\/td>\n<td>RS422_TXD+<\/td>\n<td>Communication entre le t\u00e9l\u00e9m\u00e8tre et l'h\u00f4te (diff\u00e9rentiel +)<\/td>\n<\/tr>\n<tr>\n<td>5<\/td>\n<td>RS422_TXD-<\/td>\n<td>Communication entre le t\u00e9l\u00e9m\u00e8tre et l'h\u00f4te (diff\u00e9rentiel -)<\/td>\n<\/tr>\n<tr>\n<td>6<\/td>\n<td>RS422_RXD-<\/td>\n<td>Communication entre l'h\u00f4te et le t\u00e9l\u00e9m\u00e8tre (diff\u00e9rentiel -)<\/td>\n<\/tr>\n<tr>\n<td>7<\/td>\n<td>RS422_RXD+<\/td>\n<td>Communication entre l'h\u00f4te et le t\u00e9l\u00e9m\u00e8tre (diff\u00e9rentiel +)<\/td>\n<\/tr>\n<tr>\n<td>8<\/td>\n<td>422_GND<\/td>\n<td>Masse de communication<\/td>\n<\/tr>\n<tr>\n<td>9<\/td>\n<td>SWDIO<\/td>\n<td>E\/S de donn\u00e9es (d\u00e9bogage du fil de s\u00e9rie)<\/td>\n<\/tr>\n<tr>\n<td>10<\/td>\n<td>SWCLK<\/td>\n<td>Horloge E\/S (D\u00e9bogage du c\u00e2ble s\u00e9rie)<\/td>\n<\/tr>\n<\/tbody>\n<\/table>\n<p><img fetchpriority=\"high\" decoding=\"async\" class=\"alignnone size-medium wp-image-6193\" src=\"https:\/\/sunflaser.com\/wp-content\/uploads\/2025\/04\/SF-DYC7001A-Electrical-interface-300x195.png\" alt=\"\" width=\"300\" height=\"195\" \/><\/p>\n<\/div>","protected":false},"excerpt":{"rendered":"<p>Le mini t\u00e9l\u00e9m\u00e8tre laser SFB7300A est un module compact et performant con\u00e7u pour mesurer avec pr\u00e9cision des distances jusqu'\u00e0 7 300 m\u00e8tres. Fonctionnant \u00e0 une longueur d'onde de 1535nm sans danger pour les yeux, il combine une portabilit\u00e9 l\u00e9g\u00e8re (\u2264125g) avec une durabilit\u00e9 de niveau militaire, id\u00e9ale pour les applications professionnelles et industrielles.<\/p>","protected":false},"featured_media":7454,"comment_status":"closed","ping_status":"closed","template":"","meta":[],"product_brand":[],"product_cat":[105,605],"product_tag":[],"class_list":{"0":"post-133","1":"product","2":"type-product","3":"status-publish","4":"has-post-thumbnail","6":"product_cat-1535nm-eye-safe-laser-rangefinder-module","7":"product_cat-laser-rangefinder-module","9":"first","10":"instock","11":"sold-individually","12":"shipping-taxable","13":"product-type-simple"},"yoast_head":"<!-- This site is optimized with the Yoast SEO Premium plugin v24.8 (Yoast SEO v26.6) - https:\/\/yoast.com\/wordpress\/plugins\/seo\/ -->\n<title>1535nm Laser Rangefinder Module 7300m SFB7300A - SunFlaser Tech<\/title>\n<meta name=\"description\" content=\"The SFB7300A Mini Laser Rangefinder is a compact, high-performance module designed for precise distance measurement up to 7,300 meters.\" \/>\n<meta name=\"robots\" content=\"index, follow, max-snippet:-1, max-image-preview:large, max-video-preview:-1\" \/>\n<link rel=\"canonical\" href=\"https:\/\/sunflaser.com\/fr\/shop\/1535nm-laser-rangefinder-module-7300m-sfb7300a\/\" \/>\n<meta property=\"og:locale\" content=\"fr_FR\" \/>\n<meta property=\"og:type\" content=\"article\" \/>\n<meta property=\"og:title\" content=\"1535nm Laser Rangefinder Module 7300m SFB7300A\" \/>\n<meta property=\"og:description\" content=\"The SFB7300A Mini Laser Rangefinder is a compact, high-performance module designed for precise distance measurement up to 7,300 meters.\" \/>\n<meta property=\"og:url\" content=\"https:\/\/sunflaser.com\/fr\/shop\/1535nm-laser-rangefinder-module-7300m-sfb7300a\/\" \/>\n<meta property=\"og:site_name\" content=\"SunFlaser Tech\" \/>\n<meta property=\"article:modified_time\" content=\"2025-10-27T05:58:36+00:00\" \/>\n<meta property=\"og:image\" content=\"https:\/\/sunflaser.com\/wp-content\/uploads\/2025\/04\/SFB7300A.png\" \/>\n\t<meta property=\"og:image:width\" content=\"800\" \/>\n\t<meta property=\"og:image:height\" content=\"800\" \/>\n\t<meta property=\"og:image:type\" content=\"image\/png\" \/>\n<meta name=\"twitter:card\" content=\"summary_large_image\" \/>\n<meta name=\"twitter:label1\" content=\"Dur\u00e9e de lecture estim\u00e9e\" \/>\n\t<meta name=\"twitter:data1\" content=\"2 minutes\" \/>\n<script type=\"application\/ld+json\" class=\"yoast-schema-graph\">{\"@context\":\"https:\/\/schema.org\",\"@graph\":[{\"@type\":\"WebPage\",\"@id\":\"https:\/\/sunflaser.com\/shop\/1535nm-laser-rangefinder-module-7300m-sfb7300a\/\",\"url\":\"https:\/\/sunflaser.com\/shop\/1535nm-laser-rangefinder-module-7300m-sfb7300a\/\",\"name\":\"1535nm Laser Rangefinder Module 7300m SFB7300A - SunFlaser Tech\",\"isPartOf\":{\"@id\":\"https:\/\/sunflaser.com\/#website\"},\"primaryImageOfPage\":{\"@id\":\"https:\/\/sunflaser.com\/shop\/1535nm-laser-rangefinder-module-7300m-sfb7300a\/#primaryimage\"},\"image\":{\"@id\":\"https:\/\/sunflaser.com\/shop\/1535nm-laser-rangefinder-module-7300m-sfb7300a\/#primaryimage\"},\"thumbnailUrl\":\"https:\/\/sunflaser.com\/wp-content\/uploads\/2025\/04\/SFB7300A.png\",\"datePublished\":\"2025-04-30T06:35:14+00:00\",\"dateModified\":\"2025-10-27T05:58:36+00:00\",\"description\":\"The SFB7300A Mini Laser Rangefinder is a compact, high-performance module designed for precise distance measurement up to 7,300 meters.\",\"breadcrumb\":{\"@id\":\"https:\/\/sunflaser.com\/shop\/1535nm-laser-rangefinder-module-7300m-sfb7300a\/#breadcrumb\"},\"inLanguage\":\"fr-FR\",\"potentialAction\":[{\"@type\":\"ReadAction\",\"target\":[\"https:\/\/sunflaser.com\/shop\/1535nm-laser-rangefinder-module-7300m-sfb7300a\/\"]}]},{\"@type\":\"ImageObject\",\"inLanguage\":\"fr-FR\",\"@id\":\"https:\/\/sunflaser.com\/shop\/1535nm-laser-rangefinder-module-7300m-sfb7300a\/#primaryimage\",\"url\":\"https:\/\/sunflaser.com\/wp-content\/uploads\/2025\/04\/SFB7300A.png\",\"contentUrl\":\"https:\/\/sunflaser.com\/wp-content\/uploads\/2025\/04\/SFB7300A.png\",\"width\":800,\"height\":800},{\"@type\":\"BreadcrumbList\",\"@id\":\"https:\/\/sunflaser.com\/shop\/1535nm-laser-rangefinder-module-7300m-sfb7300a\/#breadcrumb\",\"itemListElement\":[{\"@type\":\"ListItem\",\"position\":1,\"name\":\"\u9996\u9875\",\"item\":\"https:\/\/sunflaser.com\/\"},{\"@type\":\"ListItem\",\"position\":2,\"name\":\"Product\",\"item\":\"https:\/\/sunflaser.com\/product\/\"},{\"@type\":\"ListItem\",\"position\":3,\"name\":\"1535nm Laser Rangefinder Module 7300m SFB7300A\"}]},{\"@type\":\"WebSite\",\"@id\":\"https:\/\/sunflaser.com\/#website\",\"url\":\"https:\/\/sunflaser.com\/\",\"name\":\"SunFlaser Tech\",\"description\":\"\",\"publisher\":{\"@id\":\"https:\/\/sunflaser.com\/#organization\"},\"potentialAction\":[{\"@type\":\"SearchAction\",\"target\":{\"@type\":\"EntryPoint\",\"urlTemplate\":\"https:\/\/sunflaser.com\/?s={search_term_string}\"},\"query-input\":{\"@type\":\"PropertyValueSpecification\",\"valueRequired\":true,\"valueName\":\"search_term_string\"}}],\"inLanguage\":\"fr-FR\"},{\"@type\":\"Organization\",\"@id\":\"https:\/\/sunflaser.com\/#organization\",\"name\":\"\u76db\u98de\u5149\u901f\u79d1\u6280\uff08\u6210\u90fd\uff09\u6709\u9650\u516c\u53f8\",\"alternateName\":\"\u76db\u98de\u5149\u901f\u79d1\u6280\uff08\u6210\u90fd\uff09\u6709\u9650\u516c\u53f8\",\"url\":\"https:\/\/sunflaser.com\/\",\"logo\":{\"@type\":\"ImageObject\",\"inLanguage\":\"fr-FR\",\"@id\":\"https:\/\/sunflaser.com\/#\/schema\/logo\/image\/\",\"url\":\"https:\/\/sunflaser.com\/wp-content\/uploads\/2025\/05\/Modern-S-Letter-Logo.png\",\"contentUrl\":\"https:\/\/sunflaser.com\/wp-content\/uploads\/2025\/05\/Modern-S-Letter-Logo.png\",\"width\":1024,\"height\":289,\"caption\":\"\u76db\u98de\u5149\u901f\u79d1\u6280\uff08\u6210\u90fd\uff09\u6709\u9650\u516c\u53f8\"},\"image\":{\"@id\":\"https:\/\/sunflaser.com\/#\/schema\/logo\/image\/\"}}]}<\/script>\n<!-- \/ Yoast SEO Premium plugin. -->","yoast_head_json":{"title":"1535nm Laser Rangefinder Module 7300m SFB7300A - SunFlaser Tech","description":"The SFB7300A Mini Laser Rangefinder is a compact, high-performance module designed for precise distance measurement up to 7,300 meters.","robots":{"index":"index","follow":"follow","max-snippet":"max-snippet:-1","max-image-preview":"max-image-preview:large","max-video-preview":"max-video-preview:-1"},"canonical":"https:\/\/sunflaser.com\/fr\/shop\/1535nm-laser-rangefinder-module-7300m-sfb7300a\/","og_locale":"fr_FR","og_type":"article","og_title":"1535nm Laser Rangefinder Module 7300m SFB7300A","og_description":"The SFB7300A Mini Laser Rangefinder is a compact, high-performance module designed for precise distance measurement up to 7,300 meters.","og_url":"https:\/\/sunflaser.com\/fr\/shop\/1535nm-laser-rangefinder-module-7300m-sfb7300a\/","og_site_name":"SunFlaser Tech","article_modified_time":"2025-10-27T05:58:36+00:00","og_image":[{"width":800,"height":800,"url":"https:\/\/sunflaser.com\/wp-content\/uploads\/2025\/04\/SFB7300A.png","type":"image\/png"}],"twitter_card":"summary_large_image","twitter_misc":{"Dur\u00e9e de lecture estim\u00e9e":"2 minutes"},"schema":{"@context":"https:\/\/schema.org","@graph":[{"@type":"WebPage","@id":"https:\/\/sunflaser.com\/shop\/1535nm-laser-rangefinder-module-7300m-sfb7300a\/","url":"https:\/\/sunflaser.com\/shop\/1535nm-laser-rangefinder-module-7300m-sfb7300a\/","name":"1535nm Laser Rangefinder Module 7300m SFB7300A - SunFlaser Tech","isPartOf":{"@id":"https:\/\/sunflaser.com\/#website"},"primaryImageOfPage":{"@id":"https:\/\/sunflaser.com\/shop\/1535nm-laser-rangefinder-module-7300m-sfb7300a\/#primaryimage"},"image":{"@id":"https:\/\/sunflaser.com\/shop\/1535nm-laser-rangefinder-module-7300m-sfb7300a\/#primaryimage"},"thumbnailUrl":"https:\/\/sunflaser.com\/wp-content\/uploads\/2025\/04\/SFB7300A.png","datePublished":"2025-04-30T06:35:14+00:00","dateModified":"2025-10-27T05:58:36+00:00","description":"The SFB7300A Mini Laser Rangefinder is a compact, high-performance module designed for precise distance measurement up to 7,300 meters.","breadcrumb":{"@id":"https:\/\/sunflaser.com\/shop\/1535nm-laser-rangefinder-module-7300m-sfb7300a\/#breadcrumb"},"inLanguage":"fr-FR","potentialAction":[{"@type":"ReadAction","target":["https:\/\/sunflaser.com\/shop\/1535nm-laser-rangefinder-module-7300m-sfb7300a\/"]}]},{"@type":"ImageObject","inLanguage":"fr-FR","@id":"https:\/\/sunflaser.com\/shop\/1535nm-laser-rangefinder-module-7300m-sfb7300a\/#primaryimage","url":"https:\/\/sunflaser.com\/wp-content\/uploads\/2025\/04\/SFB7300A.png","contentUrl":"https:\/\/sunflaser.com\/wp-content\/uploads\/2025\/04\/SFB7300A.png","width":800,"height":800},{"@type":"BreadcrumbList","@id":"https:\/\/sunflaser.com\/shop\/1535nm-laser-rangefinder-module-7300m-sfb7300a\/#breadcrumb","itemListElement":[{"@type":"ListItem","position":1,"name":"\u9996\u9875","item":"https:\/\/sunflaser.com\/"},{"@type":"ListItem","position":2,"name":"Product","item":"https:\/\/sunflaser.com\/product\/"},{"@type":"ListItem","position":3,"name":"1535nm Laser Rangefinder Module 7300m SFB7300A"}]},{"@type":"WebSite","@id":"https:\/\/sunflaser.com\/#website","url":"https:\/\/sunflaser.com\/","name":"SunFlaser Tech","description":"","publisher":{"@id":"https:\/\/sunflaser.com\/#organization"},"potentialAction":[{"@type":"SearchAction","target":{"@type":"EntryPoint","urlTemplate":"https:\/\/sunflaser.com\/?s={search_term_string}"},"query-input":{"@type":"PropertyValueSpecification","valueRequired":true,"valueName":"search_term_string"}}],"inLanguage":"fr-FR"},{"@type":"Organization","@id":"https:\/\/sunflaser.com\/#organization","name":"\u76db\u98de\u5149\u901f\u79d1\u6280\uff08\u6210\u90fd\uff09\u6709\u9650\u516c\u53f8","alternateName":"\u76db\u98de\u5149\u901f\u79d1\u6280\uff08\u6210\u90fd\uff09\u6709\u9650\u516c\u53f8","url":"https:\/\/sunflaser.com\/","logo":{"@type":"ImageObject","inLanguage":"fr-FR","@id":"https:\/\/sunflaser.com\/#\/schema\/logo\/image\/","url":"https:\/\/sunflaser.com\/wp-content\/uploads\/2025\/05\/Modern-S-Letter-Logo.png","contentUrl":"https:\/\/sunflaser.com\/wp-content\/uploads\/2025\/05\/Modern-S-Letter-Logo.png","width":1024,"height":289,"caption":"\u76db\u98de\u5149\u901f\u79d1\u6280\uff08\u6210\u90fd\uff09\u6709\u9650\u516c\u53f8"},"image":{"@id":"https:\/\/sunflaser.com\/#\/schema\/logo\/image\/"}}]}},"_links":{"self":[{"href":"https:\/\/sunflaser.com\/fr\/wp-json\/wp\/v2\/product\/133","targetHints":{"allow":["GET"]}}],"collection":[{"href":"https:\/\/sunflaser.com\/fr\/wp-json\/wp\/v2\/product"}],"about":[{"href":"https:\/\/sunflaser.com\/fr\/wp-json\/wp\/v2\/types\/product"}],"replies":[{"embeddable":true,"href":"https:\/\/sunflaser.com\/fr\/wp-json\/wp\/v2\/comments?post=133"}],"version-history":[{"count":0,"href":"https:\/\/sunflaser.com\/fr\/wp-json\/wp\/v2\/product\/133\/revisions"}],"wp:featuredmedia":[{"embeddable":true,"href":"https:\/\/sunflaser.com\/fr\/wp-json\/wp\/v2\/media\/7454"}],"wp:attachment":[{"href":"https:\/\/sunflaser.com\/fr\/wp-json\/wp\/v2\/media?parent=133"}],"wp:term":[{"taxonomy":"product_brand","embeddable":true,"href":"https:\/\/sunflaser.com\/fr\/wp-json\/wp\/v2\/product_brand?post=133"},{"taxonomy":"product_cat","embeddable":true,"href":"https:\/\/sunflaser.com\/fr\/wp-json\/wp\/v2\/product_cat?post=133"},{"taxonomy":"product_tag","embeddable":true,"href":"https:\/\/sunflaser.com\/fr\/wp-json\/wp\/v2\/product_tag?post=133"}],"curies":[{"name":"wp","href":"https:\/\/api.w.org\/{rel}","templated":true}]}}