{"id":132,"date":"2025-04-30T14:35:14","date_gmt":"2025-04-30T06:35:14","guid":{"rendered":"https:\/\/sunflaser.com\/?post_type=product&#038;p=132"},"modified":"2025-10-26T22:58:44","modified_gmt":"2025-10-27T05:58:44","slug":"1535nm-laser-rangefinder-module-3200m-sfb3200a","status":"publish","type":"product","link":"https:\/\/sunflaser.com\/fr\/shop\/1535nm-laser-rangefinder-module-3200m-sfb3200a\/","title":{"rendered":"1535nm Laser Rangefinder Module 3200m SFB3200A"},"content":{"rendered":"<h3><strong>Principaux arguments de vente<\/strong><\/h3>\n<ul>\n<li><strong>S\u00e9curitaire pour les yeux et compact<\/strong>: Le laser de 1535 nm garantit la conformit\u00e9 aux normes de s\u00e9curit\u00e9 ; la conception ultra-compacte (50 mm x 36,5 mm x 24 mm) facilite l'int\u00e9gration.<\/li>\n<li><strong>Haute pr\u00e9cision<\/strong>Pr\u00e9cision de \u00b11m avec un taux de r\u00e9ussite de 98%+.<\/li>\n<li><strong>Modes polyvalents<\/strong>: Mesure \u00e0 un coup, \u00e0 1 Hz ou \u00e0 5 Hz ; diff\u00e9renciation de la premi\u00e8re\/derni\u00e8re cible.<\/li>\n<li><strong>Des performances robustes<\/strong>: Fonctionne \u00e0 des temp\u00e9ratures extr\u00eames (-40\u00b0C \u00e0 +60\u00b0C) et dans des environnements difficiles.<\/li>\n<li><strong>Faible consommation<\/strong>: 0,5 W en veille, 2 W en consommation moyenne.<\/li>\n<\/ul>\n<hr \/>\n<h3><strong>Applications<\/strong><\/h3>\n<ul>\n<li>Navigation du drone et \u00e9vitement des obstacles<\/li>\n<li>Robotique et syst\u00e8mes d'automatisation<\/li>\n<li>Mesure et arpentage industriels<\/li>\n<li>Surveillance de la s\u00e9curit\u00e9 et du trafic<\/li>\n<li>Recherche et cartographie environnementale<\/li>\n<\/ul>\n<hr \/>\n<h3><strong>Principales fonctions<\/strong><\/h3>\n<ul>\n<li>T\u00e9l\u00e9m\u00e9trie laser<\/li>\n<li>Surveillance de la mise sous tension et de la temp\u00e9rature<\/li>\n<li>Capacit\u00e9 de d\u00e9coupage en fonction de la distance<\/li>\n<li>Premi\u00e8re\/derni\u00e8re cible Priorit\u00e9 Mesure<\/li>\n<li>Autodiagnostic<\/li>\n<\/ul>\n<hr \/>\n<h3><strong>Sp\u00e9cifications<\/strong><\/h3>\n\n<table id=\"tablepress-19\" class=\"tablepress tablepress-id-19\">\n<thead>\n<tr class=\"row-1\">\n\t<th class=\"column-1\"><strong>Param\u00e8tres<\/strong><\/th><th class=\"column-2\"><strong>Index<\/strong><\/th>\n<\/tr>\n<\/thead>\n<tbody class=\"row-striping row-hover\">\n<tr class=\"row-2\">\n\t<td class=\"column-1\">Longueur d'onde de fonctionnement<\/td><td class=\"column-2\">1535nm \u00b110nm<\/td>\n<\/tr>\n<tr class=\"row-3\">\n\t<td class=\"column-1\">Max. Plage de mesure<\/td><td class=\"column-2\">\u22653200m<\/td>\n<\/tr>\n<tr class=\"row-4\">\n\t<td class=\"column-1\">Zone aveugle<\/td><td class=\"column-2\">\u226415m<\/td>\n<\/tr>\n<tr class=\"row-5\">\n\t<td class=\"column-1\">Pr\u00e9cision<\/td><td class=\"column-2\">\u00b11m<\/td>\n<\/tr>\n<tr class=\"row-6\">\n\t<td class=\"column-1\">Taux de mesure correct<\/td><td class=\"column-2\">\u226598%<\/td>\n<\/tr>\n<tr class=\"row-7\">\n\t<td class=\"column-1\">R\u00e9solution<\/td><td class=\"column-2\">\u226440m<\/td>\n<\/tr>\n<tr class=\"row-8\">\n\t<td class=\"column-1\">Fr\u00e9quence de mesure<\/td><td class=\"column-2\">Coup unique, 1Hz, 5Hz<\/td>\n<\/tr>\n<tr class=\"row-9\">\n\t<td class=\"column-1\">Poids<\/td><td class=\"column-2\">\u226458g<\/td>\n<\/tr>\n<tr class=\"row-10\">\n\t<td class=\"column-1\">Dimensions<\/td><td class=\"column-2\">\u226450mm \u00d7 36.5mm \u00d7 24mm<\/td>\n<\/tr>\n<tr class=\"row-11\">\n\t<td class=\"column-1\">Tension d'entr\u00e9e<\/td><td class=\"column-2\">4,8V ~ 8,5V<\/td>\n<\/tr>\n<tr class=\"row-12\">\n\t<td class=\"column-1\">Consommation \u00e9lectrique<\/td><td class=\"column-2\">En veille : \u22640,5W;En moyenne : \u22642W<\/td>\n<\/tr>\n<tr class=\"row-13\">\n\t<td class=\"column-1\">Adaptabilit\u00e9 environnementale<\/td><td class=\"column-2\">Temp\u00e9rature de fonctionnement : -40\u00b0C ~+60\u00b0C<br \/>\nTemp\u00e9rature de stockage : -55\u00b0C ~ +70\u00b0C<\/td>\n<\/tr>\n<\/tbody>\n<\/table>\n\n<hr \/>\n<h3><strong>Interface \u00e9lectrique<\/strong><\/h3>\n<p>L'h\u00f4te se connecte au t\u00e9l\u00e9m\u00e8tre par l'interm\u00e9diaire de la fonction<strong>DF52-10P-0.8C<\/strong> (c\u00f4t\u00e9 h\u00f4te) et<strong>DF52-10S-0.8H<\/strong> (c\u00f4t\u00e9 t\u00e9l\u00e9m\u00e8tre) pour les essais crois\u00e9s. Les d\u00e9finitions des broches de l'alimentation \u00e9lectrique et des ports de communication du t\u00e9l\u00e9m\u00e8tre sont indiqu\u00e9es dans le tableau suivant (les directions d'\u00e9mission et de r\u00e9ception sont relatives au t\u00e9l\u00e9m\u00e8tre). La position de la broche 1 sur le connecteur est indiqu\u00e9e dans la figure suivante.<\/p>\n<p><strong>Tableau : D\u00e9finitions des broches de l'alimentation du t\u00e9l\u00e9m\u00e8tre et des ports de communication<\/strong><\/p>\n\n<table id=\"tablepress-54\" class=\"tablepress tablepress-id-54\">\n<thead>\n<tr class=\"row-1\">\n\t<th class=\"column-1\">N\u00b0 de broche.<\/th><th class=\"column-2\">\u00c9tiquette<\/th><th class=\"column-3\">D\u00e9finition de l'\u00e9lectricit\u00e9<\/th><th class=\"column-4\">Remarques<\/th>\n<\/tr>\n<\/thead>\n<tbody class=\"row-striping row-hover\">\n<tr class=\"row-2\">\n\t<td class=\"column-1\">P-1<\/td><td class=\"column-2\">VIN+<\/td><td class=\"column-3\">Entr\u00e9e d'alimentation positive<\/td><td class=\"column-4\">Alimentation du t\u00e9l\u00e9m\u00e8tre<\/td>\n<\/tr>\n<tr class=\"row-3\">\n\t<td class=\"column-1\">P-2<\/td><td class=\"column-2\">VIN+<\/td><td class=\"column-3\">Entr\u00e9e d'alimentation positive<\/td><td class=\"column-4\">^<\/td>\n<\/tr>\n<tr class=\"row-4\">\n\t<td class=\"column-1\">P-3<\/td><td class=\"column-2\">COM<\/td><td class=\"column-3\">Entr\u00e9e d'alimentation n\u00e9gative<\/td><td class=\"column-4\">^<\/td>\n<\/tr>\n<tr class=\"row-5\">\n\t<td class=\"column-1\">P-4<\/td><td class=\"column-2\">COM<\/td><td class=\"column-3\">Entr\u00e9e d'alimentation n\u00e9gative<\/td><td class=\"column-4\">^<\/td>\n<\/tr>\n<tr class=\"row-6\">\n\t<td class=\"column-1\">P-5<\/td><td class=\"column-2\">RS422_TXD+<\/td><td class=\"column-3\">Port de sortie du signal<\/td><td class=\"column-4\">T\u00e9l\u00e9m\u00e8tre \u00e0 l'h\u00f4te<\/td>\n<\/tr>\n<tr class=\"row-7\">\n\t<td class=\"column-1\">P-6<\/td><td class=\"column-2\">RS422_TXD-<\/td><td class=\"column-3\">Port de sortie du signal<\/td><td class=\"column-4\">^<\/td>\n<\/tr>\n<tr class=\"row-8\">\n\t<td class=\"column-1\">P-7<\/td><td class=\"column-2\">RS422_RXD-<\/td><td class=\"column-3\">Port d'entr\u00e9e du signal<\/td><td class=\"column-4\">H\u00f4te du t\u00e9l\u00e9m\u00e8tre<\/td>\n<\/tr>\n<tr class=\"row-9\">\n\t<td class=\"column-1\">P-8<\/td><td class=\"column-2\">RS422_RXD+<\/td><td class=\"column-3\">Port d'entr\u00e9e du signal<\/td><td class=\"column-4\">^<\/td>\n<\/tr>\n<tr class=\"row-10\">\n\t<td class=\"column-1\">P-9<\/td><td class=\"column-2\">TTL_RXD<\/td><td class=\"column-3\">Port d'entr\u00e9e du signal<\/td><td class=\"column-4\">3,3V TTL<\/td>\n<\/tr>\n<tr class=\"row-11\">\n\t<td class=\"column-1\">P-10<\/td><td class=\"column-2\">TTL_TXD<\/td><td class=\"column-3\">Port de sortie du signal<\/td><td class=\"column-4\">3,3V TTL<\/td>\n<\/tr>\n<\/tbody>\n<\/table>\n\n<div class=\"hyc-common-markdown__table-wrapper\"><img fetchpriority=\"high\" decoding=\"async\" class=\"alignnone size-medium wp-image-6186\" src=\"https:\/\/sunflaser.com\/wp-content\/uploads\/2025\/04\/SF-DYC3001AGS-Electrical-interface-300x198.png\" alt=\"\" width=\"300\" height=\"198\" \/><\/div>\n<hr \/>\n<h3><strong>Conformit\u00e9<\/strong><\/h3>\n<ul>\n<li>Certifi\u00e9 CE, RoHS et FCC.<\/li>\n<\/ul>","protected":false},"excerpt":{"rendered":"<p>Le mini t\u00e9l\u00e9m\u00e8tre laser SFB3200A est un module laser compact, l\u00e9ger (\u226458g) et sans danger pour les yeux, con\u00e7u pour des mesures pr\u00e9cises \u00e0 longue distance. Fonctionnant \u00e0 une longueur d'onde de 1535nm (invisible \u00e0 l'\u0153il humain), il d\u00e9livre une port\u00e9e allant jusqu'\u00e0 3200m avec une pr\u00e9cision de \u00b11m. Id\u00e9al pour l'int\u00e9gration dans les drones, la robotique et les syst\u00e8mes industriels, il se caract\u00e9rise par une faible consommation d'\u00e9nergie, une durabilit\u00e9 robuste (fonctionnement de -40\u00b0C \u00e0 +60\u00b0C) et une communication polyvalente via les interfaces RS422\/TTL.<\/p>","protected":false},"featured_media":7416,"comment_status":"closed","ping_status":"closed","template":"","meta":[],"product_brand":[],"product_cat":[105,605],"product_tag":[],"class_list":{"0":"post-132","1":"product","2":"type-product","3":"status-publish","4":"has-post-thumbnail","6":"product_cat-1535nm-eye-safe-laser-rangefinder-module","7":"product_cat-laser-rangefinder-module","9":"first","10":"instock","11":"sold-individually","12":"shipping-taxable","13":"product-type-simple"},"yoast_head":"<!-- This site is optimized with the Yoast SEO Premium plugin v24.8 (Yoast SEO v26.6) - https:\/\/yoast.com\/wordpress\/plugins\/seo\/ -->\n<title>1535nm Laser Rangefinder Module 3200m SFB3200A - SunFlaser Tech<\/title>\n<meta name=\"description\" content=\"The SFB3200A Mini Laser Rangefinder is a compact, lightweight (\u226458g), and eye-safe laser module designed for precise long-distance measurement.\" \/>\n<meta name=\"robots\" content=\"index, follow, max-snippet:-1, max-image-preview:large, max-video-preview:-1\" \/>\n<link rel=\"canonical\" href=\"https:\/\/sunflaser.com\/fr\/shop\/1535nm-laser-rangefinder-module-3200m-sfb3200a\/\" \/>\n<meta property=\"og:locale\" content=\"fr_FR\" \/>\n<meta property=\"og:type\" content=\"article\" \/>\n<meta property=\"og:title\" content=\"1535nm Laser Rangefinder Module 3200m SFB3200A\" \/>\n<meta property=\"og:description\" content=\"The SFB3200A Mini Laser Rangefinder is a compact, lightweight (\u226458g), and eye-safe laser module designed for precise long-distance measurement.\" \/>\n<meta property=\"og:url\" content=\"https:\/\/sunflaser.com\/fr\/shop\/1535nm-laser-rangefinder-module-3200m-sfb3200a\/\" \/>\n<meta property=\"og:site_name\" content=\"SunFlaser Tech\" \/>\n<meta property=\"article:modified_time\" content=\"2025-10-27T05:58:44+00:00\" \/>\n<meta property=\"og:image\" content=\"https:\/\/sunflaser.com\/wp-content\/uploads\/2025\/04\/SFB3200A.png\" \/>\n\t<meta property=\"og:image:width\" content=\"800\" \/>\n\t<meta property=\"og:image:height\" content=\"800\" \/>\n\t<meta property=\"og:image:type\" content=\"image\/png\" \/>\n<meta name=\"twitter:card\" content=\"summary_large_image\" \/>\n<meta name=\"twitter:label1\" content=\"Dur\u00e9e de lecture estim\u00e9e\" \/>\n\t<meta name=\"twitter:data1\" content=\"2 minutes\" \/>\n<script type=\"application\/ld+json\" class=\"yoast-schema-graph\">{\"@context\":\"https:\/\/schema.org\",\"@graph\":[{\"@type\":\"WebPage\",\"@id\":\"https:\/\/sunflaser.com\/shop\/1535nm-laser-rangefinder-module-3200m-sfb3200a\/\",\"url\":\"https:\/\/sunflaser.com\/shop\/1535nm-laser-rangefinder-module-3200m-sfb3200a\/\",\"name\":\"1535nm Laser Rangefinder Module 3200m SFB3200A - SunFlaser Tech\",\"isPartOf\":{\"@id\":\"https:\/\/sunflaser.com\/#website\"},\"primaryImageOfPage\":{\"@id\":\"https:\/\/sunflaser.com\/shop\/1535nm-laser-rangefinder-module-3200m-sfb3200a\/#primaryimage\"},\"image\":{\"@id\":\"https:\/\/sunflaser.com\/shop\/1535nm-laser-rangefinder-module-3200m-sfb3200a\/#primaryimage\"},\"thumbnailUrl\":\"https:\/\/sunflaser.com\/wp-content\/uploads\/2025\/04\/SFB3200A.png\",\"datePublished\":\"2025-04-30T06:35:14+00:00\",\"dateModified\":\"2025-10-27T05:58:44+00:00\",\"description\":\"The SFB3200A Mini Laser Rangefinder is a compact, lightweight (\u226458g), and eye-safe laser module designed for precise long-distance measurement.\",\"breadcrumb\":{\"@id\":\"https:\/\/sunflaser.com\/shop\/1535nm-laser-rangefinder-module-3200m-sfb3200a\/#breadcrumb\"},\"inLanguage\":\"fr-FR\",\"potentialAction\":[{\"@type\":\"ReadAction\",\"target\":[\"https:\/\/sunflaser.com\/shop\/1535nm-laser-rangefinder-module-3200m-sfb3200a\/\"]}]},{\"@type\":\"ImageObject\",\"inLanguage\":\"fr-FR\",\"@id\":\"https:\/\/sunflaser.com\/shop\/1535nm-laser-rangefinder-module-3200m-sfb3200a\/#primaryimage\",\"url\":\"https:\/\/sunflaser.com\/wp-content\/uploads\/2025\/04\/SFB3200A.png\",\"contentUrl\":\"https:\/\/sunflaser.com\/wp-content\/uploads\/2025\/04\/SFB3200A.png\",\"width\":800,\"height\":800},{\"@type\":\"BreadcrumbList\",\"@id\":\"https:\/\/sunflaser.com\/shop\/1535nm-laser-rangefinder-module-3200m-sfb3200a\/#breadcrumb\",\"itemListElement\":[{\"@type\":\"ListItem\",\"position\":1,\"name\":\"\u9996\u9875\",\"item\":\"https:\/\/sunflaser.com\/\"},{\"@type\":\"ListItem\",\"position\":2,\"name\":\"Product\",\"item\":\"https:\/\/sunflaser.com\/product\/\"},{\"@type\":\"ListItem\",\"position\":3,\"name\":\"1535nm Laser Rangefinder Module 3200m SFB3200A\"}]},{\"@type\":\"WebSite\",\"@id\":\"https:\/\/sunflaser.com\/#website\",\"url\":\"https:\/\/sunflaser.com\/\",\"name\":\"SunFlaser Tech\",\"description\":\"\",\"publisher\":{\"@id\":\"https:\/\/sunflaser.com\/#organization\"},\"potentialAction\":[{\"@type\":\"SearchAction\",\"target\":{\"@type\":\"EntryPoint\",\"urlTemplate\":\"https:\/\/sunflaser.com\/?s={search_term_string}\"},\"query-input\":{\"@type\":\"PropertyValueSpecification\",\"valueRequired\":true,\"valueName\":\"search_term_string\"}}],\"inLanguage\":\"fr-FR\"},{\"@type\":\"Organization\",\"@id\":\"https:\/\/sunflaser.com\/#organization\",\"name\":\"\u76db\u98de\u5149\u901f\u79d1\u6280\uff08\u6210\u90fd\uff09\u6709\u9650\u516c\u53f8\",\"alternateName\":\"\u76db\u98de\u5149\u901f\u79d1\u6280\uff08\u6210\u90fd\uff09\u6709\u9650\u516c\u53f8\",\"url\":\"https:\/\/sunflaser.com\/\",\"logo\":{\"@type\":\"ImageObject\",\"inLanguage\":\"fr-FR\",\"@id\":\"https:\/\/sunflaser.com\/#\/schema\/logo\/image\/\",\"url\":\"https:\/\/sunflaser.com\/wp-content\/uploads\/2025\/05\/Modern-S-Letter-Logo.png\",\"contentUrl\":\"https:\/\/sunflaser.com\/wp-content\/uploads\/2025\/05\/Modern-S-Letter-Logo.png\",\"width\":1024,\"height\":289,\"caption\":\"\u76db\u98de\u5149\u901f\u79d1\u6280\uff08\u6210\u90fd\uff09\u6709\u9650\u516c\u53f8\"},\"image\":{\"@id\":\"https:\/\/sunflaser.com\/#\/schema\/logo\/image\/\"}}]}<\/script>\n<!-- \/ Yoast SEO Premium plugin. -->","yoast_head_json":{"title":"1535nm Laser Rangefinder Module 3200m SFB3200A - SunFlaser Tech","description":"The SFB3200A Mini Laser Rangefinder is a compact, lightweight (\u226458g), and eye-safe laser module designed for precise long-distance measurement.","robots":{"index":"index","follow":"follow","max-snippet":"max-snippet:-1","max-image-preview":"max-image-preview:large","max-video-preview":"max-video-preview:-1"},"canonical":"https:\/\/sunflaser.com\/fr\/shop\/1535nm-laser-rangefinder-module-3200m-sfb3200a\/","og_locale":"fr_FR","og_type":"article","og_title":"1535nm Laser Rangefinder Module 3200m SFB3200A","og_description":"The SFB3200A Mini Laser Rangefinder is a compact, lightweight (\u226458g), and eye-safe laser module designed for precise long-distance measurement.","og_url":"https:\/\/sunflaser.com\/fr\/shop\/1535nm-laser-rangefinder-module-3200m-sfb3200a\/","og_site_name":"SunFlaser Tech","article_modified_time":"2025-10-27T05:58:44+00:00","og_image":[{"width":800,"height":800,"url":"https:\/\/sunflaser.com\/wp-content\/uploads\/2025\/04\/SFB3200A.png","type":"image\/png"}],"twitter_card":"summary_large_image","twitter_misc":{"Dur\u00e9e de lecture estim\u00e9e":"2 minutes"},"schema":{"@context":"https:\/\/schema.org","@graph":[{"@type":"WebPage","@id":"https:\/\/sunflaser.com\/shop\/1535nm-laser-rangefinder-module-3200m-sfb3200a\/","url":"https:\/\/sunflaser.com\/shop\/1535nm-laser-rangefinder-module-3200m-sfb3200a\/","name":"1535nm Laser Rangefinder Module 3200m SFB3200A - SunFlaser Tech","isPartOf":{"@id":"https:\/\/sunflaser.com\/#website"},"primaryImageOfPage":{"@id":"https:\/\/sunflaser.com\/shop\/1535nm-laser-rangefinder-module-3200m-sfb3200a\/#primaryimage"},"image":{"@id":"https:\/\/sunflaser.com\/shop\/1535nm-laser-rangefinder-module-3200m-sfb3200a\/#primaryimage"},"thumbnailUrl":"https:\/\/sunflaser.com\/wp-content\/uploads\/2025\/04\/SFB3200A.png","datePublished":"2025-04-30T06:35:14+00:00","dateModified":"2025-10-27T05:58:44+00:00","description":"The SFB3200A Mini Laser Rangefinder is a compact, lightweight (\u226458g), and eye-safe laser module designed for precise long-distance measurement.","breadcrumb":{"@id":"https:\/\/sunflaser.com\/shop\/1535nm-laser-rangefinder-module-3200m-sfb3200a\/#breadcrumb"},"inLanguage":"fr-FR","potentialAction":[{"@type":"ReadAction","target":["https:\/\/sunflaser.com\/shop\/1535nm-laser-rangefinder-module-3200m-sfb3200a\/"]}]},{"@type":"ImageObject","inLanguage":"fr-FR","@id":"https:\/\/sunflaser.com\/shop\/1535nm-laser-rangefinder-module-3200m-sfb3200a\/#primaryimage","url":"https:\/\/sunflaser.com\/wp-content\/uploads\/2025\/04\/SFB3200A.png","contentUrl":"https:\/\/sunflaser.com\/wp-content\/uploads\/2025\/04\/SFB3200A.png","width":800,"height":800},{"@type":"BreadcrumbList","@id":"https:\/\/sunflaser.com\/shop\/1535nm-laser-rangefinder-module-3200m-sfb3200a\/#breadcrumb","itemListElement":[{"@type":"ListItem","position":1,"name":"\u9996\u9875","item":"https:\/\/sunflaser.com\/"},{"@type":"ListItem","position":2,"name":"Product","item":"https:\/\/sunflaser.com\/product\/"},{"@type":"ListItem","position":3,"name":"1535nm Laser Rangefinder Module 3200m SFB3200A"}]},{"@type":"WebSite","@id":"https:\/\/sunflaser.com\/#website","url":"https:\/\/sunflaser.com\/","name":"SunFlaser Tech","description":"","publisher":{"@id":"https:\/\/sunflaser.com\/#organization"},"potentialAction":[{"@type":"SearchAction","target":{"@type":"EntryPoint","urlTemplate":"https:\/\/sunflaser.com\/?s={search_term_string}"},"query-input":{"@type":"PropertyValueSpecification","valueRequired":true,"valueName":"search_term_string"}}],"inLanguage":"fr-FR"},{"@type":"Organization","@id":"https:\/\/sunflaser.com\/#organization","name":"\u76db\u98de\u5149\u901f\u79d1\u6280\uff08\u6210\u90fd\uff09\u6709\u9650\u516c\u53f8","alternateName":"\u76db\u98de\u5149\u901f\u79d1\u6280\uff08\u6210\u90fd\uff09\u6709\u9650\u516c\u53f8","url":"https:\/\/sunflaser.com\/","logo":{"@type":"ImageObject","inLanguage":"fr-FR","@id":"https:\/\/sunflaser.com\/#\/schema\/logo\/image\/","url":"https:\/\/sunflaser.com\/wp-content\/uploads\/2025\/05\/Modern-S-Letter-Logo.png","contentUrl":"https:\/\/sunflaser.com\/wp-content\/uploads\/2025\/05\/Modern-S-Letter-Logo.png","width":1024,"height":289,"caption":"\u76db\u98de\u5149\u901f\u79d1\u6280\uff08\u6210\u90fd\uff09\u6709\u9650\u516c\u53f8"},"image":{"@id":"https:\/\/sunflaser.com\/#\/schema\/logo\/image\/"}}]}},"_links":{"self":[{"href":"https:\/\/sunflaser.com\/fr\/wp-json\/wp\/v2\/product\/132","targetHints":{"allow":["GET"]}}],"collection":[{"href":"https:\/\/sunflaser.com\/fr\/wp-json\/wp\/v2\/product"}],"about":[{"href":"https:\/\/sunflaser.com\/fr\/wp-json\/wp\/v2\/types\/product"}],"replies":[{"embeddable":true,"href":"https:\/\/sunflaser.com\/fr\/wp-json\/wp\/v2\/comments?post=132"}],"version-history":[{"count":0,"href":"https:\/\/sunflaser.com\/fr\/wp-json\/wp\/v2\/product\/132\/revisions"}],"wp:featuredmedia":[{"embeddable":true,"href":"https:\/\/sunflaser.com\/fr\/wp-json\/wp\/v2\/media\/7416"}],"wp:attachment":[{"href":"https:\/\/sunflaser.com\/fr\/wp-json\/wp\/v2\/media?parent=132"}],"wp:term":[{"taxonomy":"product_brand","embeddable":true,"href":"https:\/\/sunflaser.com\/fr\/wp-json\/wp\/v2\/product_brand?post=132"},{"taxonomy":"product_cat","embeddable":true,"href":"https:\/\/sunflaser.com\/fr\/wp-json\/wp\/v2\/product_cat?post=132"},{"taxonomy":"product_tag","embeddable":true,"href":"https:\/\/sunflaser.com\/fr\/wp-json\/wp\/v2\/product_tag?post=132"}],"curies":[{"name":"wp","href":"https:\/\/api.w.org\/{rel}","templated":true}]}}