{"id":131,"date":"2025-04-30T14:35:13","date_gmt":"2025-04-30T06:35:13","guid":{"rendered":"https:\/\/sunflaser.com\/?post_type=product&#038;p=131"},"modified":"2025-10-26T22:59:23","modified_gmt":"2025-10-27T05:59:23","slug":"1535nm-laser-rangefinder-module-17500m-sfb17500a","status":"publish","type":"product","link":"https:\/\/sunflaser.com\/fr\/shop\/1535nm-laser-rangefinder-module-17500m-sfb17500a\/","title":{"rendered":"1535nm Laser Rangefinder Module 17500m SFB17500A"},"content":{"rendered":"<h3><strong>Principaux arguments de vente<\/strong><\/h3>\n<ul>\n<li><strong>Technologie de s\u00e9curit\u00e9 pour les yeux<\/strong>: Laser 1535nm (invisible, conforme \u00e0 la classe 1M).<\/li>\n<li><strong>Pr\u00e9cision extr\u00eame<\/strong>Pr\u00e9cision de \u00b11m, taux de r\u00e9ussite de 98%+.<\/li>\n<li><strong>Compact et durable<\/strong>: Robuste pour les conditions difficiles (\u00e9quivalent IP64).<\/li>\n<li><strong>Caract\u00e9ristiques intelligentes<\/strong>: Distance gating, autodiagnostic, mode basse consommation (&lt;6W).<\/li>\n<li><strong>Int\u00e9gration facile<\/strong>: Interface RS422 pr\u00eate \u00e0 l'emploi.<\/li>\n<\/ul>\n<hr \/>\n<h3><strong>Applications<\/strong><\/h3>\n<ul>\n<li>Automatisation industrielle<\/li>\n<li>Syst\u00e8mes de s\u00e9curit\u00e9<\/li>\n<li>Cartographie topographique<\/li>\n<li>Navigation par drone<\/li>\n<li>Gestion foresti\u00e8re<\/li>\n<li>Inspection des infrastructures<\/li>\n<\/ul>\n<hr \/>\n<h3><strong>Principales fonctions<\/strong><\/h3>\n<ul>\n<li>Fonction de t\u00e9l\u00e9m\u00e9trie laser<\/li>\n<li>Fonction de mise sous tension et de contr\u00f4le de la temp\u00e9rature<\/li>\n<li>Capacit\u00e9 de d\u00e9coupage en fonction de la distance<\/li>\n<li>Premi\u00e8re\/derni\u00e8re cible Priorit\u00e9 Mesure<\/li>\n<li>Fonction d'autodiagnostic<\/li>\n<li>Capacit\u00e9 de mise \u00e0 jour du micrologiciel sur le port s\u00e9rie<\/li>\n<\/ul>\n<hr \/>\n<h3><strong>Sp\u00e9cifications techniques<\/strong><\/h3>\n\n<table id=\"tablepress-27\" class=\"tablepress tablepress-id-27\">\n<thead>\n<tr class=\"row-1\">\n\t<th class=\"column-1\"><strong>Param\u00e8tres<\/strong><\/th><th class=\"column-2\"><strong>Indicateur de performance<\/strong><\/th>\n<\/tr>\n<\/thead>\n<tbody class=\"row-striping row-hover\">\n<tr class=\"row-2\">\n\t<td class=\"column-1\">Longueur d'onde de fonctionnement<\/td><td class=\"column-2\">1535nm \u00b110nm<\/td>\n<\/tr>\n<tr class=\"row-3\">\n\t<td class=\"column-1\">Capacit\u00e9 de t\u00e9l\u00e9m\u00e9trie<\/td><td class=\"column-2\">\u226517,500m<\/td>\n<\/tr>\n<tr class=\"row-4\">\n\t<td class=\"column-1\">Zone aveugle<\/td><td class=\"column-2\">\u2264120m<\/td>\n<\/tr>\n<tr class=\"row-5\">\n\t<td class=\"column-1\">Pr\u00e9cision<\/td><td class=\"column-2\">\u00b11m<\/td>\n<\/tr>\n<tr class=\"row-6\">\n\t<td class=\"column-1\">Taux de d\u00e9tection<\/td><td class=\"column-2\">\u226598%<\/td>\n<\/tr>\n<tr class=\"row-7\">\n\t<td class=\"column-1\">Distance R\u00e9solution<\/td><td class=\"column-2\">\u226450m<\/td>\n<\/tr>\n<tr class=\"row-8\">\n\t<td class=\"column-1\">Fr\u00e9quence de mesure<\/td><td class=\"column-2\">Coup unique, 1Hz<\/td>\n<\/tr>\n<tr class=\"row-9\">\n\t<td class=\"column-1\">Poids<\/td><td class=\"column-2\">\u2264596g<\/td>\n<\/tr>\n<tr class=\"row-10\">\n\t<td class=\"column-1\">Dimensions<\/td><td class=\"column-2\">\u2264144mm \u00d7 108mm \u00d7 75mm<\/td>\n<\/tr>\n<tr class=\"row-11\">\n\t<td class=\"column-1\">Tension d'alimentation<\/td><td class=\"column-2\">18V ~ 36V<\/td>\n<\/tr>\n<tr class=\"row-12\">\n\t<td class=\"column-1\">Consommation \u00e9lectrique<\/td><td class=\"column-2\">En veille : \u22642.5W ; En moyenne : \u22646W<\/td>\n<\/tr>\n<tr class=\"row-13\">\n\t<td class=\"column-1\">Adaptabilit\u00e9 environnementale<\/td><td class=\"column-2\">Temp\u00e9rature de fonctionnement : -40\u00b0C ~ +60\u00b0C<br \/>\nTemp\u00e9rature de stockage : -55\u00b0C ~ +70\u00b0C<\/td>\n<\/tr>\n<\/tbody>\n<\/table>","protected":false},"excerpt":{"rendered":"<p>Le<strong>SFB17500A Mini t\u00e9l\u00e9m\u00e8tre laser<\/strong>\u00a0 offre une mesure de distance tr\u00e8s performante avec un<strong>Laser 1535nm sans danger pour les yeux<\/strong>, Id\u00e9al pour les applications industrielles, de s\u00e9curit\u00e9 et ext\u00e9rieures. Dot\u00e9 d'une<strong>Port\u00e9e maximale de 17,5 km<\/strong>, Avec sa pr\u00e9cision de \u00b11m et sa l\u00e9g\u00e8ret\u00e9 (596g), il excelle dans les environnements exigeants (-40\u00b0C \u00e0 +60\u00b0C). Ses caract\u00e9ristiques incluent les modes d'impulsion simple\/1Hz, la priorisation de la premi\u00e8re\/derni\u00e8re cible et la connectivit\u00e9 RS422.<\/p>","protected":false},"featured_media":7457,"comment_status":"closed","ping_status":"closed","template":"","meta":[],"product_brand":[],"product_cat":[105,605],"product_tag":[],"class_list":{"0":"post-131","1":"product","2":"type-product","3":"status-publish","4":"has-post-thumbnail","6":"product_cat-1535nm-eye-safe-laser-rangefinder-module","7":"product_cat-laser-rangefinder-module","9":"first","10":"instock","11":"sold-individually","12":"shipping-taxable","13":"product-type-simple"},"yoast_head":"<!-- This site is optimized with the Yoast SEO Premium plugin v24.8 (Yoast SEO v26.6) - https:\/\/yoast.com\/wordpress\/plugins\/seo\/ -->\n<title>1535nm Laser Rangefinder Module 17500m SFB17500A - SunFlaser Tech<\/title>\n<meta name=\"description\" content=\"Boasting a \u200b17.5km max range, \u00b11m accuracy, and lightweight design (596g), it excels in demanding environments (-40\u00b0C to +60\u00b0C). Features include single\/1Hz pulse modes, first\/last target prioritization, and RS422 connectivity.\" \/>\n<meta name=\"robots\" content=\"index, follow, max-snippet:-1, max-image-preview:large, max-video-preview:-1\" \/>\n<link rel=\"canonical\" href=\"https:\/\/sunflaser.com\/fr\/shop\/1535nm-laser-rangefinder-module-17500m-sfb17500a\/\" \/>\n<meta property=\"og:locale\" content=\"fr_FR\" \/>\n<meta property=\"og:type\" content=\"article\" \/>\n<meta property=\"og:title\" content=\"1535nm Laser Rangefinder Module 17500m SFB17500A\" \/>\n<meta property=\"og:description\" content=\"Boasting a \u200b17.5km max range, \u00b11m accuracy, and lightweight design (596g), it excels in demanding environments (-40\u00b0C to +60\u00b0C). Features include single\/1Hz pulse modes, first\/last target prioritization, and RS422 connectivity.\" \/>\n<meta property=\"og:url\" content=\"https:\/\/sunflaser.com\/fr\/shop\/1535nm-laser-rangefinder-module-17500m-sfb17500a\/\" \/>\n<meta property=\"og:site_name\" content=\"SunFlaser Tech\" \/>\n<meta property=\"article:modified_time\" content=\"2025-10-27T05:59:23+00:00\" \/>\n<meta property=\"og:image\" content=\"https:\/\/sunflaser.com\/wp-content\/uploads\/2025\/04\/SFB17500A.png\" \/>\n\t<meta property=\"og:image:width\" content=\"800\" \/>\n\t<meta property=\"og:image:height\" content=\"800\" \/>\n\t<meta property=\"og:image:type\" content=\"image\/png\" \/>\n<meta name=\"twitter:card\" content=\"summary_large_image\" \/>\n<meta name=\"twitter:label1\" content=\"Dur\u00e9e de lecture estim\u00e9e\" \/>\n\t<meta name=\"twitter:data1\" content=\"1 minute\" \/>\n<script type=\"application\/ld+json\" class=\"yoast-schema-graph\">{\"@context\":\"https:\/\/schema.org\",\"@graph\":[{\"@type\":\"WebPage\",\"@id\":\"https:\/\/sunflaser.com\/shop\/1535nm-laser-rangefinder-module-17500m-sfb17500a\/\",\"url\":\"https:\/\/sunflaser.com\/shop\/1535nm-laser-rangefinder-module-17500m-sfb17500a\/\",\"name\":\"1535nm Laser Rangefinder Module 17500m SFB17500A - SunFlaser Tech\",\"isPartOf\":{\"@id\":\"https:\/\/sunflaser.com\/#website\"},\"primaryImageOfPage\":{\"@id\":\"https:\/\/sunflaser.com\/shop\/1535nm-laser-rangefinder-module-17500m-sfb17500a\/#primaryimage\"},\"image\":{\"@id\":\"https:\/\/sunflaser.com\/shop\/1535nm-laser-rangefinder-module-17500m-sfb17500a\/#primaryimage\"},\"thumbnailUrl\":\"https:\/\/sunflaser.com\/wp-content\/uploads\/2025\/04\/SFB17500A.png\",\"datePublished\":\"2025-04-30T06:35:13+00:00\",\"dateModified\":\"2025-10-27T05:59:23+00:00\",\"description\":\"Boasting a \u200b17.5km max range, \u00b11m accuracy, and lightweight design (596g), it excels in demanding environments (-40\u00b0C to +60\u00b0C). Features include single\/1Hz pulse modes, first\/last target prioritization, and RS422 connectivity.\",\"breadcrumb\":{\"@id\":\"https:\/\/sunflaser.com\/shop\/1535nm-laser-rangefinder-module-17500m-sfb17500a\/#breadcrumb\"},\"inLanguage\":\"fr-FR\",\"potentialAction\":[{\"@type\":\"ReadAction\",\"target\":[\"https:\/\/sunflaser.com\/shop\/1535nm-laser-rangefinder-module-17500m-sfb17500a\/\"]}]},{\"@type\":\"ImageObject\",\"inLanguage\":\"fr-FR\",\"@id\":\"https:\/\/sunflaser.com\/shop\/1535nm-laser-rangefinder-module-17500m-sfb17500a\/#primaryimage\",\"url\":\"https:\/\/sunflaser.com\/wp-content\/uploads\/2025\/04\/SFB17500A.png\",\"contentUrl\":\"https:\/\/sunflaser.com\/wp-content\/uploads\/2025\/04\/SFB17500A.png\",\"width\":800,\"height\":800},{\"@type\":\"BreadcrumbList\",\"@id\":\"https:\/\/sunflaser.com\/shop\/1535nm-laser-rangefinder-module-17500m-sfb17500a\/#breadcrumb\",\"itemListElement\":[{\"@type\":\"ListItem\",\"position\":1,\"name\":\"\u9996\u9875\",\"item\":\"https:\/\/sunflaser.com\/\"},{\"@type\":\"ListItem\",\"position\":2,\"name\":\"Product\",\"item\":\"https:\/\/sunflaser.com\/product\/\"},{\"@type\":\"ListItem\",\"position\":3,\"name\":\"1535nm Laser Rangefinder Module 17500m SFB17500A\"}]},{\"@type\":\"WebSite\",\"@id\":\"https:\/\/sunflaser.com\/#website\",\"url\":\"https:\/\/sunflaser.com\/\",\"name\":\"SunFlaser Tech\",\"description\":\"\",\"publisher\":{\"@id\":\"https:\/\/sunflaser.com\/#organization\"},\"potentialAction\":[{\"@type\":\"SearchAction\",\"target\":{\"@type\":\"EntryPoint\",\"urlTemplate\":\"https:\/\/sunflaser.com\/?s={search_term_string}\"},\"query-input\":{\"@type\":\"PropertyValueSpecification\",\"valueRequired\":true,\"valueName\":\"search_term_string\"}}],\"inLanguage\":\"fr-FR\"},{\"@type\":\"Organization\",\"@id\":\"https:\/\/sunflaser.com\/#organization\",\"name\":\"\u76db\u98de\u5149\u901f\u79d1\u6280\uff08\u6210\u90fd\uff09\u6709\u9650\u516c\u53f8\",\"alternateName\":\"\u76db\u98de\u5149\u901f\u79d1\u6280\uff08\u6210\u90fd\uff09\u6709\u9650\u516c\u53f8\",\"url\":\"https:\/\/sunflaser.com\/\",\"logo\":{\"@type\":\"ImageObject\",\"inLanguage\":\"fr-FR\",\"@id\":\"https:\/\/sunflaser.com\/#\/schema\/logo\/image\/\",\"url\":\"https:\/\/sunflaser.com\/wp-content\/uploads\/2025\/05\/Modern-S-Letter-Logo.png\",\"contentUrl\":\"https:\/\/sunflaser.com\/wp-content\/uploads\/2025\/05\/Modern-S-Letter-Logo.png\",\"width\":1024,\"height\":289,\"caption\":\"\u76db\u98de\u5149\u901f\u79d1\u6280\uff08\u6210\u90fd\uff09\u6709\u9650\u516c\u53f8\"},\"image\":{\"@id\":\"https:\/\/sunflaser.com\/#\/schema\/logo\/image\/\"}}]}<\/script>\n<!-- \/ Yoast SEO Premium plugin. -->","yoast_head_json":{"title":"1535nm Laser Rangefinder Module 17500m SFB17500A - SunFlaser Tech","description":"Boasting a \u200b17.5km max range, \u00b11m accuracy, and lightweight design (596g), it excels in demanding environments (-40\u00b0C to +60\u00b0C). Features include single\/1Hz pulse modes, first\/last target prioritization, and RS422 connectivity.","robots":{"index":"index","follow":"follow","max-snippet":"max-snippet:-1","max-image-preview":"max-image-preview:large","max-video-preview":"max-video-preview:-1"},"canonical":"https:\/\/sunflaser.com\/fr\/shop\/1535nm-laser-rangefinder-module-17500m-sfb17500a\/","og_locale":"fr_FR","og_type":"article","og_title":"1535nm Laser Rangefinder Module 17500m SFB17500A","og_description":"Boasting a \u200b17.5km max range, \u00b11m accuracy, and lightweight design (596g), it excels in demanding environments (-40\u00b0C to +60\u00b0C). Features include single\/1Hz pulse modes, first\/last target prioritization, and RS422 connectivity.","og_url":"https:\/\/sunflaser.com\/fr\/shop\/1535nm-laser-rangefinder-module-17500m-sfb17500a\/","og_site_name":"SunFlaser Tech","article_modified_time":"2025-10-27T05:59:23+00:00","og_image":[{"width":800,"height":800,"url":"https:\/\/sunflaser.com\/wp-content\/uploads\/2025\/04\/SFB17500A.png","type":"image\/png"}],"twitter_card":"summary_large_image","twitter_misc":{"Dur\u00e9e de lecture estim\u00e9e":"1 minute"},"schema":{"@context":"https:\/\/schema.org","@graph":[{"@type":"WebPage","@id":"https:\/\/sunflaser.com\/shop\/1535nm-laser-rangefinder-module-17500m-sfb17500a\/","url":"https:\/\/sunflaser.com\/shop\/1535nm-laser-rangefinder-module-17500m-sfb17500a\/","name":"1535nm Laser Rangefinder Module 17500m SFB17500A - SunFlaser Tech","isPartOf":{"@id":"https:\/\/sunflaser.com\/#website"},"primaryImageOfPage":{"@id":"https:\/\/sunflaser.com\/shop\/1535nm-laser-rangefinder-module-17500m-sfb17500a\/#primaryimage"},"image":{"@id":"https:\/\/sunflaser.com\/shop\/1535nm-laser-rangefinder-module-17500m-sfb17500a\/#primaryimage"},"thumbnailUrl":"https:\/\/sunflaser.com\/wp-content\/uploads\/2025\/04\/SFB17500A.png","datePublished":"2025-04-30T06:35:13+00:00","dateModified":"2025-10-27T05:59:23+00:00","description":"Boasting a \u200b17.5km max range, \u00b11m accuracy, and lightweight design (596g), it excels in demanding environments (-40\u00b0C to +60\u00b0C). Features include single\/1Hz pulse modes, first\/last target prioritization, and RS422 connectivity.","breadcrumb":{"@id":"https:\/\/sunflaser.com\/shop\/1535nm-laser-rangefinder-module-17500m-sfb17500a\/#breadcrumb"},"inLanguage":"fr-FR","potentialAction":[{"@type":"ReadAction","target":["https:\/\/sunflaser.com\/shop\/1535nm-laser-rangefinder-module-17500m-sfb17500a\/"]}]},{"@type":"ImageObject","inLanguage":"fr-FR","@id":"https:\/\/sunflaser.com\/shop\/1535nm-laser-rangefinder-module-17500m-sfb17500a\/#primaryimage","url":"https:\/\/sunflaser.com\/wp-content\/uploads\/2025\/04\/SFB17500A.png","contentUrl":"https:\/\/sunflaser.com\/wp-content\/uploads\/2025\/04\/SFB17500A.png","width":800,"height":800},{"@type":"BreadcrumbList","@id":"https:\/\/sunflaser.com\/shop\/1535nm-laser-rangefinder-module-17500m-sfb17500a\/#breadcrumb","itemListElement":[{"@type":"ListItem","position":1,"name":"\u9996\u9875","item":"https:\/\/sunflaser.com\/"},{"@type":"ListItem","position":2,"name":"Product","item":"https:\/\/sunflaser.com\/product\/"},{"@type":"ListItem","position":3,"name":"1535nm Laser Rangefinder Module 17500m SFB17500A"}]},{"@type":"WebSite","@id":"https:\/\/sunflaser.com\/#website","url":"https:\/\/sunflaser.com\/","name":"SunFlaser Tech","description":"","publisher":{"@id":"https:\/\/sunflaser.com\/#organization"},"potentialAction":[{"@type":"SearchAction","target":{"@type":"EntryPoint","urlTemplate":"https:\/\/sunflaser.com\/?s={search_term_string}"},"query-input":{"@type":"PropertyValueSpecification","valueRequired":true,"valueName":"search_term_string"}}],"inLanguage":"fr-FR"},{"@type":"Organization","@id":"https:\/\/sunflaser.com\/#organization","name":"\u76db\u98de\u5149\u901f\u79d1\u6280\uff08\u6210\u90fd\uff09\u6709\u9650\u516c\u53f8","alternateName":"\u76db\u98de\u5149\u901f\u79d1\u6280\uff08\u6210\u90fd\uff09\u6709\u9650\u516c\u53f8","url":"https:\/\/sunflaser.com\/","logo":{"@type":"ImageObject","inLanguage":"fr-FR","@id":"https:\/\/sunflaser.com\/#\/schema\/logo\/image\/","url":"https:\/\/sunflaser.com\/wp-content\/uploads\/2025\/05\/Modern-S-Letter-Logo.png","contentUrl":"https:\/\/sunflaser.com\/wp-content\/uploads\/2025\/05\/Modern-S-Letter-Logo.png","width":1024,"height":289,"caption":"\u76db\u98de\u5149\u901f\u79d1\u6280\uff08\u6210\u90fd\uff09\u6709\u9650\u516c\u53f8"},"image":{"@id":"https:\/\/sunflaser.com\/#\/schema\/logo\/image\/"}}]}},"_links":{"self":[{"href":"https:\/\/sunflaser.com\/fr\/wp-json\/wp\/v2\/product\/131","targetHints":{"allow":["GET"]}}],"collection":[{"href":"https:\/\/sunflaser.com\/fr\/wp-json\/wp\/v2\/product"}],"about":[{"href":"https:\/\/sunflaser.com\/fr\/wp-json\/wp\/v2\/types\/product"}],"replies":[{"embeddable":true,"href":"https:\/\/sunflaser.com\/fr\/wp-json\/wp\/v2\/comments?post=131"}],"version-history":[{"count":0,"href":"https:\/\/sunflaser.com\/fr\/wp-json\/wp\/v2\/product\/131\/revisions"}],"wp:featuredmedia":[{"embeddable":true,"href":"https:\/\/sunflaser.com\/fr\/wp-json\/wp\/v2\/media\/7457"}],"wp:attachment":[{"href":"https:\/\/sunflaser.com\/fr\/wp-json\/wp\/v2\/media?parent=131"}],"wp:term":[{"taxonomy":"product_brand","embeddable":true,"href":"https:\/\/sunflaser.com\/fr\/wp-json\/wp\/v2\/product_brand?post=131"},{"taxonomy":"product_cat","embeddable":true,"href":"https:\/\/sunflaser.com\/fr\/wp-json\/wp\/v2\/product_cat?post=131"},{"taxonomy":"product_tag","embeddable":true,"href":"https:\/\/sunflaser.com\/fr\/wp-json\/wp\/v2\/product_tag?post=131"}],"curies":[{"name":"wp","href":"https:\/\/api.w.org\/{rel}","templated":true}]}}