{"id":129,"date":"2025-04-30T14:35:13","date_gmt":"2025-04-30T06:35:13","guid":{"rendered":"https:\/\/sunflaser.com\/?post_type=product&#038;p=129"},"modified":"2025-10-26T22:59:08","modified_gmt":"2025-10-27T05:59:08","slug":"1535nm-eye-safe-laser-rangefinder-module-2500m-sfb2500a","status":"publish","type":"product","link":"https:\/\/sunflaser.com\/fr\/shop\/1535nm-eye-safe-laser-rangefinder-module-2500m-sfb2500a\/","title":{"rendered":"Module de t\u00e9l\u00e9m\u00e9trie laser 1535nm 2500m SFB2500A"},"content":{"rendered":"<h3><strong>Principaux arguments de vente<\/strong><\/h3>\n<ul>\n<li>\u200b<strong>Compact et l\u00e9ger<\/strong>: \u03a634mm x 55mm, parfait pour les drones, la robotique et les syst\u00e8mes portables.<\/li>\n<li><strong>Laser \u00e0 s\u00e9curit\u00e9 oculaire<\/strong>: Conforme aux normes de s\u00e9curit\u00e9 internationales (longueur d'onde de 1535nm).<\/li>\n<li><strong>Mesures \u00e0 grande vitesse<\/strong>: Prend en charge les modes 1Hz-10Hz pour les sc\u00e9narios dynamiques.<\/li>\n<li><strong>D\u00e9tection de cibles multiples<\/strong>: Priorit\u00e9 \u00e0 la premi\u00e8re ou \u00e0 la derni\u00e8re cible et r\u00e9duction de la distance pour une meilleure r\u00e9sistance \u00e0 l'encombrement.<\/li>\n<li>\u200b<strong>Durabilit\u00e9 extr\u00eame<\/strong>: Fonctionne de -40\u00b0C \u00e0 +60\u00b0C et r\u00e9siste aux vibrations\/chocs.<\/li>\n<li><strong>Faible consommation d'\u00e9nergie<\/strong>: Entr\u00e9e 4,5-14V avec modes d'\u00e9conomie d'\u00e9nergie.<\/li>\n<\/ul>\n<hr \/>\n<h3><strong>Caract\u00e9ristiques principales<\/strong><\/h3>\n<ul>\n<li>Modes de mesure simple\/continue.<\/li>\n<li>Autodiagnostic int\u00e9gr\u00e9 et compensation de la temp\u00e9rature.<\/li>\n<li>Communication RS422\/TTL pour une int\u00e9gration transparente.<\/li>\n<li>Distance de d\u00e9clenchement configurable (10-4 000 m).<\/li>\n<\/ul>\n<hr \/>\n<h3><strong>Applications<\/strong><\/h3>\n<ul>\n<li>\u200b<strong>Automatisation industrielle<\/strong>: Robotique, navigation AGV.<\/li>\n<li>\u200b<strong>Arpentage et construction<\/strong>: Cartographie 3D, surveillance structurelle.<\/li>\n<li>\u200b<strong>S\u00e9curit\u00e9 et d\u00e9fense<\/strong>: Surveillance du p\u00e9rim\u00e8tre, suivi des cibles.<\/li>\n<li>\u200b<strong>Drones<\/strong>: \u00c9vitement des obstacles, cartographie du terrain.<\/li>\n<li>\u200b<strong>Sports de plein air<\/strong>: T\u00e9l\u00e9m\u00e8tres am\u00e9lior\u00e9s pour le golf et la chasse.<\/li>\n<\/ul>\n<hr \/>\n<h3><strong>Sp\u00e9cifications<\/strong><\/h3>\n\n<table id=\"tablepress-16\" class=\"tablepress tablepress-id-16\">\n<thead>\n<tr class=\"row-1\">\n\t<th class=\"column-1\">Longueur d'onde de fonctionnement<\/th><th class=\"column-2\">1535nm \u00b15nm<\/th>\n<\/tr>\n<\/thead>\n<tbody class=\"row-striping row-hover\">\n<tr class=\"row-2\">\n\t<td class=\"column-1\">Capacit\u00e9 de t\u00e9l\u00e9m\u00e9trie<\/td><td class=\"column-2\">\u22652500m (visibilit\u00e9 \u22658km, r\u00e9flectivit\u00e9 de la cible 0,3, humidit\u00e9 \u226460%, pour une cible standard de 2,3m\u00d74,6m ou \u00e9quivalent).<br \/>\n\u22651500m (visibilit\u00e9 \u22658km, r\u00e9flectivit\u00e9 de la cible 0,3, humidit\u00e9 \u226460%, pour une cible standard de 1,7m\u00d70,5m ou \u00e9quivalent).<\/td>\n<\/tr>\n<tr class=\"row-3\">\n\t<td class=\"column-1\">Zone aveugle<\/td><td class=\"column-2\">\u226415m<\/td>\n<\/tr>\n<tr class=\"row-4\">\n\t<td class=\"column-1\">Pr\u00e9cision<\/td><td class=\"column-2\">\u2264\u00b11m<\/td>\n<\/tr>\n<tr class=\"row-5\">\n\t<td class=\"column-1\">Fr\u00e9quence de mesure<\/td><td class=\"column-2\">Coup unique, 1Hz, 2Hz, 3Hz, 4Hz, 5Hz, 10Hz<\/td>\n<\/tr>\n<tr class=\"row-6\">\n\t<td class=\"column-1\">Taux de mesure correct<\/td><td class=\"column-2\">\u226598%<\/td>\n<\/tr>\n<tr class=\"row-7\">\n\t<td class=\"column-1\">Distance R\u00e9solution<\/td><td class=\"column-2\">\u226448m<\/td>\n<\/tr>\n<tr class=\"row-8\">\n\t<td class=\"column-1\">Divergence du faisceau<\/td><td class=\"column-2\">\u22640.9mrad<\/td>\n<\/tr>\n<tr class=\"row-9\">\n\t<td class=\"column-1\">Temp\u00e9rature de fonctionnement<\/td><td class=\"column-2\">-40\u00b0C ~ +60\u00b0C<\/td>\n<\/tr>\n<tr class=\"row-10\">\n\t<td class=\"column-1\">Temp\u00e9rature de stockage<\/td><td class=\"column-2\">-55\u00b0C ~ +70\u00b0C (valid\u00e9 avec l'unit\u00e9 int\u00e9gr\u00e9e)<\/td>\n<\/tr>\n<tr class=\"row-11\">\n\t<td class=\"column-1\">Dimensions<\/td><td class=\"column-2\">\u2264\u03a634mm\u00d755mm<\/td>\n<\/tr>\n<tr class=\"row-12\">\n\t<td class=\"column-1\">Poids<\/td><td class=\"column-2\">\u226445g<\/td>\n<\/tr>\n<\/tbody>\n<\/table>\n\n<hr \/>\n<h3>Interface \u00e9lectrique<\/h3>\n<p>Les exigences en mati\u00e8re d'interface \u00e9lectrique sont les suivantes :<br \/>\na)<strong>Tension d'alimentation<\/strong>: 4,5V-14V (5V typique) ;<br \/>\nb) L'h\u00f4te se connecte au t\u00e9l\u00e9m\u00e8tre par l'interm\u00e9diaire d'un c\u00e2ble de connexion.<strong>Connecteur A1002H-10P<\/strong> (c\u00f4t\u00e9 h\u00f4te) et un<strong>Connecteur A1002WR-S-10P<\/strong> (c\u00f4t\u00e9 t\u00e9l\u00e9m\u00e8tre) pour les tests d'interconnexion. Les d\u00e9finitions des broches du port de communication sont indiqu\u00e9es dans le tableau.<strong>Les communications RS422 et TTL ne peuvent pas \u00eatre utilis\u00e9es simultan\u00e9ment.<\/strong><\/p>\n<p><strong>Tableau : D\u00e9finitions des broches \u00e9lectriques<\/strong><\/p>\n<table style=\"border-collapse: collapse; width: 650.02pt;\" border=\"0\" width=\"650\" cellspacing=\"0\" cellpadding=\"0\">\n<tbody>\n<tr style=\"height: 16.80pt;\">\n<td class=\"et3\" style=\"height: 16.80pt; width: 77.20pt;\" width=\"77\" height=\"16\"><strong>Num\u00e9ro de la broche<\/strong><\/td>\n<td class=\"et3\" style=\"width: 86.00pt;\" width=\"86\"><strong>\u00c9tiquette<\/strong><\/td>\n<td class=\"et3\" style=\"width: 150.00pt;\" width=\"150\"><strong>D\u00e9finition de l'\u00e9lectricit\u00e9<\/strong><\/td>\n<td class=\"et3\" style=\"width: 337.20pt;\" width=\"337\"><strong>Notes<\/strong><\/td>\n<\/tr>\n<tr style=\"height: 16.80pt;\">\n<td class=\"et4\" style=\"height: 16.80pt;\" height=\"16\">P-1<\/td>\n<td class=\"et4\">VIN+<\/td>\n<td class=\"et4\">Entr\u00e9e d'alimentation positive<\/td>\n<td class=\"et5\" style=\"border-bottom: .5pt solid #000000;\" rowspan=\"2\">Alimentation \u00e9lectrique<\/td>\n<\/tr>\n<tr style=\"height: 16.80pt;\">\n<td class=\"et4\" style=\"height: 16.80pt;\" height=\"16\">P-2<\/td>\n<td class=\"et4\">COM<\/td>\n<td class=\"et4\">Entr\u00e9e d'alimentation n\u00e9gative<\/td>\n<\/tr>\n<tr style=\"height: 16.80pt;\">\n<td class=\"et4\" style=\"height: 16.80pt;\" height=\"16\">P-3<\/td>\n<td class=\"et4\">POWER_CTL<\/td>\n<td class=\"et4\">Port de contr\u00f4le \u00e0 faible consommation d'\u00e9nergie<\/td>\n<td class=\"et4\">Activation par niveau flottant ou \u00e9lev\u00e9 (3,3 V) ; d\u00e9sactivation par niveau bas<\/td>\n<\/tr>\n<tr style=\"height: 16.80pt;\">\n<td class=\"et4\" style=\"height: 16.80pt;\" height=\"16\">P-4<\/td>\n<td class=\"et4\">RS422_TXD+<\/td>\n<td class=\"et5\" style=\"border-bottom: .5pt solid #000000;\" rowspan=\"2\">Port de sortie du signal<\/td>\n<td class=\"et5\" style=\"border-bottom: .5pt solid #000000;\" rowspan=\"2\">Du t\u00e9l\u00e9m\u00e8tre \u00e0 l'h\u00f4te<\/td>\n<\/tr>\n<tr style=\"height: 16.80pt;\">\n<td class=\"et4\" style=\"height: 16.80pt;\" height=\"16\">P-5<\/td>\n<td class=\"et4\">RS422_TXD-<\/td>\n<\/tr>\n<tr style=\"height: 16.80pt;\">\n<td class=\"et4\" style=\"height: 16.80pt;\" height=\"16\">P-6<\/td>\n<td class=\"et4\">RS422_RXD-<\/td>\n<td class=\"et5\" style=\"border-bottom: .5pt solid #000000;\" rowspan=\"2\">Port d'entr\u00e9e du signal<\/td>\n<td class=\"et5\" style=\"border-bottom: .5pt solid #000000;\" rowspan=\"2\">De l'h\u00f4te au t\u00e9l\u00e9m\u00e8tre<\/td>\n<\/tr>\n<tr style=\"height: 16.80pt;\">\n<td class=\"et4\" style=\"height: 16.80pt;\" height=\"16\">P-7<\/td>\n<td class=\"et4\">RS422_RXD+<\/td>\n<\/tr>\n<tr style=\"height: 16.80pt;\">\n<td class=\"et4\" style=\"height: 16.80pt;\" height=\"16\">P-8<\/td>\n<td class=\"et4\">GND<\/td>\n<td class=\"et4\">Masse de communication<\/td>\n<td class=\"et4\">Ligne de terre pour la communication<\/td>\n<\/tr>\n<tr style=\"height: 16.80pt;\">\n<td class=\"et4\" style=\"height: 16.80pt;\" height=\"16\">P-9<\/td>\n<td class=\"et4\">TTL_RXD<\/td>\n<td class=\"et4\">Port d'entr\u00e9e du signal<\/td>\n<td class=\"et5\" style=\"border-bottom: .5pt solid #000000;\" rowspan=\"2\">3,3V TTL<\/td>\n<\/tr>\n<tr style=\"height: 16.80pt;\">\n<td class=\"et4\" style=\"height: 16.80pt;\" height=\"16\">P-10<\/td>\n<td class=\"et4\">TTL_TXD<\/td>\n<td class=\"et4\">Port de sortie du signal<\/td>\n<\/tr>\n<\/tbody>\n<\/table>\n<p><img fetchpriority=\"high\" decoding=\"async\" class=\"alignnone size-medium wp-image-6168\" src=\"https:\/\/sunflaser.com\/wp-content\/uploads\/2025\/04\/SF-DYC20BG002-Electrical-interface-300x230.png\" alt=\"compact\" width=\"300\" height=\"230\" \/><\/p>\n<hr \/>\n<h3><strong>Certifications<\/strong><\/h3>\n<p>Conforme aux normes MIL-STD de r\u00e9sistance \u00e0 l'environnement et aux directives de qualit\u00e9 ISO.<\/p>","protected":false},"excerpt":{"rendered":"<p>Le SFB2500A est un t\u00e9l\u00e9m\u00e8tre laser ultra-compact de haute pr\u00e9cision con\u00e7u pour une int\u00e9gration transparente dans des syst\u00e8mes avanc\u00e9s. Fonctionnant \u00e0 une longueur d'onde de 1535nm sans danger pour les yeux, il fournit des mesures de distance rapides et pr\u00e9cises jusqu'\u00e0 2700m avec une pr\u00e9cision de \u00b11m. Id\u00e9al pour les applications industrielles et professionnelles, son poids l\u00e9ger (45 g) et sa construction robuste garantissent sa fiabilit\u00e9 dans les environnements difficiles.<\/p>","protected":false},"featured_media":7414,"comment_status":"closed","ping_status":"closed","template":"","meta":[],"product_brand":[],"product_cat":[105,605],"product_tag":[],"class_list":{"0":"post-129","1":"product","2":"type-product","3":"status-publish","4":"has-post-thumbnail","6":"product_cat-1535nm-eye-safe-laser-rangefinder-module","7":"product_cat-laser-rangefinder-module","9":"first","10":"instock","11":"sold-individually","12":"shipping-taxable","13":"product-type-simple"},"yoast_head":"<!-- This site is optimized with the Yoast SEO Premium plugin v24.8 (Yoast SEO v26.6) - https:\/\/yoast.com\/wordpress\/plugins\/seo\/ -->\n<title>1535nm Laser Rangefinder Module 2500m SFB2500A - SunFlaser Tech<\/title>\n<meta name=\"description\" content=\"The SFB2500A is a high-precision, ultra-compact laser rangefinder designed for seamless integration into advanced systems. Operating at an eye-safe 1535nm wavelength, it delivers rapid and accurate distance measurements up to 2,700m with \u00b11m precision.\" \/>\n<meta name=\"robots\" content=\"index, follow, max-snippet:-1, max-image-preview:large, max-video-preview:-1\" \/>\n<link rel=\"canonical\" href=\"https:\/\/sunflaser.com\/fr\/shop\/1535nm-eye-safe-laser-rangefinder-module-2500m-sfb2500a\/\" \/>\n<meta property=\"og:locale\" content=\"fr_FR\" \/>\n<meta property=\"og:type\" content=\"article\" \/>\n<meta property=\"og:title\" content=\"1535nm Laser Rangefinder Module 2500m SFB2500A\" \/>\n<meta property=\"og:description\" content=\"The SFB2500A is a high-precision, ultra-compact laser rangefinder designed for seamless integration into advanced systems. Operating at an eye-safe 1535nm wavelength, it delivers rapid and accurate distance measurements up to 2,700m with \u00b11m precision.\" \/>\n<meta property=\"og:url\" content=\"https:\/\/sunflaser.com\/fr\/shop\/1535nm-eye-safe-laser-rangefinder-module-2500m-sfb2500a\/\" \/>\n<meta property=\"og:site_name\" content=\"SunFlaser Tech\" \/>\n<meta property=\"article:modified_time\" content=\"2025-10-27T05:59:08+00:00\" \/>\n<meta property=\"og:image\" content=\"https:\/\/sunflaser.com\/wp-content\/uploads\/2025\/04\/SFB2500A.png\" \/>\n\t<meta property=\"og:image:width\" content=\"800\" \/>\n\t<meta property=\"og:image:height\" content=\"800\" \/>\n\t<meta property=\"og:image:type\" content=\"image\/png\" \/>\n<meta name=\"twitter:card\" content=\"summary_large_image\" \/>\n<meta name=\"twitter:label1\" content=\"Dur\u00e9e de lecture estim\u00e9e\" \/>\n\t<meta name=\"twitter:data1\" content=\"2 minutes\" \/>\n<script type=\"application\/ld+json\" class=\"yoast-schema-graph\">{\"@context\":\"https:\/\/schema.org\",\"@graph\":[{\"@type\":\"WebPage\",\"@id\":\"https:\/\/sunflaser.com\/shop\/1535nm-eye-safe-laser-rangefinder-module-2500m-sfb2500a\/\",\"url\":\"https:\/\/sunflaser.com\/shop\/1535nm-eye-safe-laser-rangefinder-module-2500m-sfb2500a\/\",\"name\":\"1535nm Laser Rangefinder Module 2500m SFB2500A - SunFlaser Tech\",\"isPartOf\":{\"@id\":\"https:\/\/sunflaser.com\/#website\"},\"primaryImageOfPage\":{\"@id\":\"https:\/\/sunflaser.com\/shop\/1535nm-eye-safe-laser-rangefinder-module-2500m-sfb2500a\/#primaryimage\"},\"image\":{\"@id\":\"https:\/\/sunflaser.com\/shop\/1535nm-eye-safe-laser-rangefinder-module-2500m-sfb2500a\/#primaryimage\"},\"thumbnailUrl\":\"https:\/\/sunflaser.com\/wp-content\/uploads\/2025\/04\/SFB2500A.png\",\"datePublished\":\"2025-04-30T06:35:13+00:00\",\"dateModified\":\"2025-10-27T05:59:08+00:00\",\"description\":\"The SFB2500A is a high-precision, ultra-compact laser rangefinder designed for seamless integration into advanced systems. Operating at an eye-safe 1535nm wavelength, it delivers rapid and accurate distance measurements up to 2,700m with \u00b11m precision.\",\"breadcrumb\":{\"@id\":\"https:\/\/sunflaser.com\/shop\/1535nm-eye-safe-laser-rangefinder-module-2500m-sfb2500a\/#breadcrumb\"},\"inLanguage\":\"fr-FR\",\"potentialAction\":[{\"@type\":\"ReadAction\",\"target\":[\"https:\/\/sunflaser.com\/shop\/1535nm-eye-safe-laser-rangefinder-module-2500m-sfb2500a\/\"]}]},{\"@type\":\"ImageObject\",\"inLanguage\":\"fr-FR\",\"@id\":\"https:\/\/sunflaser.com\/shop\/1535nm-eye-safe-laser-rangefinder-module-2500m-sfb2500a\/#primaryimage\",\"url\":\"https:\/\/sunflaser.com\/wp-content\/uploads\/2025\/04\/SFB2500A.png\",\"contentUrl\":\"https:\/\/sunflaser.com\/wp-content\/uploads\/2025\/04\/SFB2500A.png\",\"width\":800,\"height\":800},{\"@type\":\"BreadcrumbList\",\"@id\":\"https:\/\/sunflaser.com\/shop\/1535nm-eye-safe-laser-rangefinder-module-2500m-sfb2500a\/#breadcrumb\",\"itemListElement\":[{\"@type\":\"ListItem\",\"position\":1,\"name\":\"\u9996\u9875\",\"item\":\"https:\/\/sunflaser.com\/\"},{\"@type\":\"ListItem\",\"position\":2,\"name\":\"Product\",\"item\":\"https:\/\/sunflaser.com\/product\/\"},{\"@type\":\"ListItem\",\"position\":3,\"name\":\"1535nm Laser Rangefinder Module 2500m SFB2500A\"}]},{\"@type\":\"WebSite\",\"@id\":\"https:\/\/sunflaser.com\/#website\",\"url\":\"https:\/\/sunflaser.com\/\",\"name\":\"SunFlaser Tech\",\"description\":\"\",\"publisher\":{\"@id\":\"https:\/\/sunflaser.com\/#organization\"},\"potentialAction\":[{\"@type\":\"SearchAction\",\"target\":{\"@type\":\"EntryPoint\",\"urlTemplate\":\"https:\/\/sunflaser.com\/?s={search_term_string}\"},\"query-input\":{\"@type\":\"PropertyValueSpecification\",\"valueRequired\":true,\"valueName\":\"search_term_string\"}}],\"inLanguage\":\"fr-FR\"},{\"@type\":\"Organization\",\"@id\":\"https:\/\/sunflaser.com\/#organization\",\"name\":\"\u76db\u98de\u5149\u901f\u79d1\u6280\uff08\u6210\u90fd\uff09\u6709\u9650\u516c\u53f8\",\"alternateName\":\"\u76db\u98de\u5149\u901f\u79d1\u6280\uff08\u6210\u90fd\uff09\u6709\u9650\u516c\u53f8\",\"url\":\"https:\/\/sunflaser.com\/\",\"logo\":{\"@type\":\"ImageObject\",\"inLanguage\":\"fr-FR\",\"@id\":\"https:\/\/sunflaser.com\/#\/schema\/logo\/image\/\",\"url\":\"https:\/\/sunflaser.com\/wp-content\/uploads\/2025\/05\/Modern-S-Letter-Logo.png\",\"contentUrl\":\"https:\/\/sunflaser.com\/wp-content\/uploads\/2025\/05\/Modern-S-Letter-Logo.png\",\"width\":1024,\"height\":289,\"caption\":\"\u76db\u98de\u5149\u901f\u79d1\u6280\uff08\u6210\u90fd\uff09\u6709\u9650\u516c\u53f8\"},\"image\":{\"@id\":\"https:\/\/sunflaser.com\/#\/schema\/logo\/image\/\"}}]}<\/script>\n<!-- \/ Yoast SEO Premium plugin. -->","yoast_head_json":{"title":"1535nm Laser Rangefinder Module 2500m SFB2500A - SunFlaser Tech","description":"The SFB2500A is a high-precision, ultra-compact laser rangefinder designed for seamless integration into advanced systems. Operating at an eye-safe 1535nm wavelength, it delivers rapid and accurate distance measurements up to 2,700m with \u00b11m precision.","robots":{"index":"index","follow":"follow","max-snippet":"max-snippet:-1","max-image-preview":"max-image-preview:large","max-video-preview":"max-video-preview:-1"},"canonical":"https:\/\/sunflaser.com\/fr\/shop\/1535nm-eye-safe-laser-rangefinder-module-2500m-sfb2500a\/","og_locale":"fr_FR","og_type":"article","og_title":"1535nm Laser Rangefinder Module 2500m SFB2500A","og_description":"The SFB2500A is a high-precision, ultra-compact laser rangefinder designed for seamless integration into advanced systems. Operating at an eye-safe 1535nm wavelength, it delivers rapid and accurate distance measurements up to 2,700m with \u00b11m precision.","og_url":"https:\/\/sunflaser.com\/fr\/shop\/1535nm-eye-safe-laser-rangefinder-module-2500m-sfb2500a\/","og_site_name":"SunFlaser Tech","article_modified_time":"2025-10-27T05:59:08+00:00","og_image":[{"width":800,"height":800,"url":"https:\/\/sunflaser.com\/wp-content\/uploads\/2025\/04\/SFB2500A.png","type":"image\/png"}],"twitter_card":"summary_large_image","twitter_misc":{"Dur\u00e9e de lecture estim\u00e9e":"2 minutes"},"schema":{"@context":"https:\/\/schema.org","@graph":[{"@type":"WebPage","@id":"https:\/\/sunflaser.com\/shop\/1535nm-eye-safe-laser-rangefinder-module-2500m-sfb2500a\/","url":"https:\/\/sunflaser.com\/shop\/1535nm-eye-safe-laser-rangefinder-module-2500m-sfb2500a\/","name":"1535nm Laser Rangefinder Module 2500m SFB2500A - SunFlaser Tech","isPartOf":{"@id":"https:\/\/sunflaser.com\/#website"},"primaryImageOfPage":{"@id":"https:\/\/sunflaser.com\/shop\/1535nm-eye-safe-laser-rangefinder-module-2500m-sfb2500a\/#primaryimage"},"image":{"@id":"https:\/\/sunflaser.com\/shop\/1535nm-eye-safe-laser-rangefinder-module-2500m-sfb2500a\/#primaryimage"},"thumbnailUrl":"https:\/\/sunflaser.com\/wp-content\/uploads\/2025\/04\/SFB2500A.png","datePublished":"2025-04-30T06:35:13+00:00","dateModified":"2025-10-27T05:59:08+00:00","description":"The SFB2500A is a high-precision, ultra-compact laser rangefinder designed for seamless integration into advanced systems. Operating at an eye-safe 1535nm wavelength, it delivers rapid and accurate distance measurements up to 2,700m with \u00b11m precision.","breadcrumb":{"@id":"https:\/\/sunflaser.com\/shop\/1535nm-eye-safe-laser-rangefinder-module-2500m-sfb2500a\/#breadcrumb"},"inLanguage":"fr-FR","potentialAction":[{"@type":"ReadAction","target":["https:\/\/sunflaser.com\/shop\/1535nm-eye-safe-laser-rangefinder-module-2500m-sfb2500a\/"]}]},{"@type":"ImageObject","inLanguage":"fr-FR","@id":"https:\/\/sunflaser.com\/shop\/1535nm-eye-safe-laser-rangefinder-module-2500m-sfb2500a\/#primaryimage","url":"https:\/\/sunflaser.com\/wp-content\/uploads\/2025\/04\/SFB2500A.png","contentUrl":"https:\/\/sunflaser.com\/wp-content\/uploads\/2025\/04\/SFB2500A.png","width":800,"height":800},{"@type":"BreadcrumbList","@id":"https:\/\/sunflaser.com\/shop\/1535nm-eye-safe-laser-rangefinder-module-2500m-sfb2500a\/#breadcrumb","itemListElement":[{"@type":"ListItem","position":1,"name":"\u9996\u9875","item":"https:\/\/sunflaser.com\/"},{"@type":"ListItem","position":2,"name":"Product","item":"https:\/\/sunflaser.com\/product\/"},{"@type":"ListItem","position":3,"name":"1535nm Laser Rangefinder Module 2500m SFB2500A"}]},{"@type":"WebSite","@id":"https:\/\/sunflaser.com\/#website","url":"https:\/\/sunflaser.com\/","name":"SunFlaser Tech","description":"","publisher":{"@id":"https:\/\/sunflaser.com\/#organization"},"potentialAction":[{"@type":"SearchAction","target":{"@type":"EntryPoint","urlTemplate":"https:\/\/sunflaser.com\/?s={search_term_string}"},"query-input":{"@type":"PropertyValueSpecification","valueRequired":true,"valueName":"search_term_string"}}],"inLanguage":"fr-FR"},{"@type":"Organization","@id":"https:\/\/sunflaser.com\/#organization","name":"\u76db\u98de\u5149\u901f\u79d1\u6280\uff08\u6210\u90fd\uff09\u6709\u9650\u516c\u53f8","alternateName":"\u76db\u98de\u5149\u901f\u79d1\u6280\uff08\u6210\u90fd\uff09\u6709\u9650\u516c\u53f8","url":"https:\/\/sunflaser.com\/","logo":{"@type":"ImageObject","inLanguage":"fr-FR","@id":"https:\/\/sunflaser.com\/#\/schema\/logo\/image\/","url":"https:\/\/sunflaser.com\/wp-content\/uploads\/2025\/05\/Modern-S-Letter-Logo.png","contentUrl":"https:\/\/sunflaser.com\/wp-content\/uploads\/2025\/05\/Modern-S-Letter-Logo.png","width":1024,"height":289,"caption":"\u76db\u98de\u5149\u901f\u79d1\u6280\uff08\u6210\u90fd\uff09\u6709\u9650\u516c\u53f8"},"image":{"@id":"https:\/\/sunflaser.com\/#\/schema\/logo\/image\/"}}]}},"_links":{"self":[{"href":"https:\/\/sunflaser.com\/fr\/wp-json\/wp\/v2\/product\/129","targetHints":{"allow":["GET"]}}],"collection":[{"href":"https:\/\/sunflaser.com\/fr\/wp-json\/wp\/v2\/product"}],"about":[{"href":"https:\/\/sunflaser.com\/fr\/wp-json\/wp\/v2\/types\/product"}],"replies":[{"embeddable":true,"href":"https:\/\/sunflaser.com\/fr\/wp-json\/wp\/v2\/comments?post=129"}],"version-history":[{"count":0,"href":"https:\/\/sunflaser.com\/fr\/wp-json\/wp\/v2\/product\/129\/revisions"}],"wp:featuredmedia":[{"embeddable":true,"href":"https:\/\/sunflaser.com\/fr\/wp-json\/wp\/v2\/media\/7414"}],"wp:attachment":[{"href":"https:\/\/sunflaser.com\/fr\/wp-json\/wp\/v2\/media?parent=129"}],"wp:term":[{"taxonomy":"product_brand","embeddable":true,"href":"https:\/\/sunflaser.com\/fr\/wp-json\/wp\/v2\/product_brand?post=129"},{"taxonomy":"product_cat","embeddable":true,"href":"https:\/\/sunflaser.com\/fr\/wp-json\/wp\/v2\/product_cat?post=129"},{"taxonomy":"product_tag","embeddable":true,"href":"https:\/\/sunflaser.com\/fr\/wp-json\/wp\/v2\/product_tag?post=129"}],"curies":[{"name":"wp","href":"https:\/\/api.w.org\/{rel}","templated":true}]}}