{"id":127,"date":"2025-04-30T14:35:12","date_gmt":"2025-04-30T06:35:12","guid":{"rendered":"https:\/\/sunflaser.com\/?post_type=product&#038;p=127"},"modified":"2025-10-26T22:59:47","modified_gmt":"2025-10-27T05:59:47","slug":"1535nm-eye-safe-laser-rangefinder-module-3000m-sfb3000a","status":"publish","type":"product","link":"https:\/\/sunflaser.com\/fr\/shop\/1535nm-eye-safe-laser-rangefinder-module-3000m-sfb3000a\/","title":{"rendered":"1535nm d&#039;un T\u00e9l\u00e9m\u00e8tre Laser Module de 3000m SFB3000A"},"content":{"rendered":"<h3><strong>Principaux arguments de vente<\/strong><\/h3>\n<ul>\n<li>\u200b<strong>S\u00e9curit\u00e9 des yeux et fiabilit\u00e9<\/strong>: Le laser de 1535 nm garantit la conformit\u00e9 avec les normes de s\u00e9curit\u00e9 internationales.<\/li>\n<li>\u200b<strong>Pr\u00e9cision \u00e0 longue port\u00e9e<\/strong>: Mesure jusqu'\u00e0 3 000 m avec une pr\u00e9cision de \u00b11 m.<\/li>\n<li>\u200b<strong>Durabilit\u00e9 extr\u00eame<\/strong>: Fonctionne parfaitement \u00e0 des temp\u00e9ratures allant de -40\u00b0C \u00e0 +70\u00b0C.<\/li>\n<li>\u200b<strong>Modes multi-cibles<\/strong>: Priorit\u00e9 \u00e0 la premi\u00e8re\/derni\u00e8re cible, contr\u00f4le de la distance et mesure continue.<\/li>\n<li>\u200b<strong>Compact et l\u00e9ger<\/strong>: Conception ultra-portable (48\u00d730,5\u00d721mm, 32g) pour une int\u00e9gration facile.<\/li>\n<li>\u200b<strong>Faible consommation d'\u00e9nergie<\/strong>: Moyenne 1,5W @1Hz, compatible avec les sources d'alimentation 4,5-16V.<\/li>\n<\/ul>\n<hr \/>\n<h3><strong>Principales fonctions\u00a0<\/strong><\/h3>\n<ul>\n<li>La fonction de mesure de la distance entre la cible initiale et la cible finale ;<\/li>\n<li>La fonction de mesure des distances de cibles multiples ;<\/li>\n<li>La fonction de s\u00e9lection de la distance et le gating ;<\/li>\n<li>Fonction de contr\u00f4le de l'alimentation externe ;<\/li>\n<li>La fonction de comptage cumulatif des impulsions laser.<\/li>\n<\/ul>\n<hr \/>\n<h3><strong>Applications<\/strong><\/h3>\n<ul>\n<li>Arpentage industriel et construction<\/li>\n<li>Drones, robotique et syst\u00e8mes autonomes<\/li>\n<li>Surveillance de l'environnement et sylviculture<\/li>\n<li>Syst\u00e8mes de s\u00e9curit\u00e9 et d\u00e9fense du p\u00e9rim\u00e8tre<\/li>\n<li>Sports de plein air (chasse, golf, etc.)<\/li>\n<\/ul>\n<hr \/>\n<h3><strong>Sp\u00e9cifications<\/strong><\/h3>\n\n<table id=\"tablepress-17\" class=\"tablepress tablepress-id-17\">\n<thead>\n<tr class=\"row-1\">\n\t<th class=\"column-1\"><strong>Param\u00e8tres<\/strong><\/th><th class=\"column-2\"><strong>Index<\/strong><\/th>\n<\/tr>\n<\/thead>\n<tbody class=\"row-striping row-hover\">\n<tr class=\"row-2\">\n\t<td class=\"column-1\">Longueur d'onde de fonctionnement<\/td><td class=\"column-2\">1535nm \u00b15nm<\/td>\n<\/tr>\n<tr class=\"row-3\">\n\t<td class=\"column-1\">Plage de mesure maximale<\/td><td class=\"column-2\">\u22653000m (sur cible\/v\u00e9hicule de 2,3m\u00d74,6m, humidit\u00e9 \u226460%, visibilit\u00e9 \u22658km).<\/td>\n<\/tr>\n<tr class=\"row-4\">\n\t<td class=\"column-1\">Zone aveugle<\/td><td class=\"column-2\">\u226415m<\/td>\n<\/tr>\n<tr class=\"row-5\">\n\t<td class=\"column-1\">Pr\u00e9cision<\/td><td class=\"column-2\">\u2264\u00b11m<\/td>\n<\/tr>\n<tr class=\"row-6\">\n\t<td class=\"column-1\">Fr\u00e9quence de mesure<\/td><td class=\"column-2\">Prise unique ou 1Hz~10Hz<\/td>\n<\/tr>\n<tr class=\"row-7\">\n\t<td class=\"column-1\">Taux de mesure correct<\/td><td class=\"column-2\">\u226598%<\/td>\n<\/tr>\n<tr class=\"row-8\">\n\t<td class=\"column-1\">Distance R\u00e9solution<\/td><td class=\"column-2\">\u226420m<\/td>\n<\/tr>\n<tr class=\"row-9\">\n\t<td class=\"column-1\">Divergence du faisceau<\/td><td class=\"column-2\">\u22640,6mrad<\/td>\n<\/tr>\n<tr class=\"row-10\">\n\t<td class=\"column-1\">Temp\u00e9rature de fonctionnement<\/td><td class=\"column-2\">De -40\u00b0C \u00e0 +70\u00b0C<\/td>\n<\/tr>\n<tr class=\"row-11\">\n\t<td class=\"column-1\">Temp\u00e9rature de stockage<\/td><td class=\"column-2\">-55\u00b0C \u00e0 +75\u00b0C (valid\u00e9 avec le dispositif h\u00f4te)<\/td>\n<\/tr>\n<tr class=\"row-12\">\n\t<td class=\"column-1\">Choc thermique<\/td><td class=\"column-2\">-50\u00b0C \u00e0 +70\u00b0C (valid\u00e9 avec le dispositif h\u00f4te)<\/td>\n<\/tr>\n<tr class=\"row-13\">\n\t<td class=\"column-1\">Vibrations<\/td><td class=\"column-2\">5~50~5Hz, 1 octave\/min, 2,5g (valid\u00e9 avec le dispositif h\u00f4te)<\/td>\n<\/tr>\n<tr class=\"row-14\">\n\t<td class=\"column-1\">R\u00e9sistance aux chocs<\/td><td class=\"column-2\">1200g, 1ms (valid\u00e9 avec le dispositif h\u00f4te)<\/td>\n<\/tr>\n<\/tbody>\n<\/table>\n\n<p>Note\uff1aToutes les sp\u00e9cifications de performance et les interfaces peuvent \u00eatre personnalis\u00e9es pour r\u00e9pondre \u00e0 des besoins sp\u00e9cifiques.<\/p>\n<hr \/>\n<h3><strong>Certifications<\/strong><\/h3>\n<p>Conforme aux normes MIL-STD et GJB en mati\u00e8re de r\u00e9sistance \u00e0 l'environnement.<\/p>\n<hr \/>\n<h3><strong>Interface \u00e9lectrique<\/strong><\/h3>\n<p>Les exigences en mati\u00e8re d'interface \u00e9lectrique sont les suivantes :<\/p>\n<ul>\n<li>\u200b<strong>Tension d'alimentation<\/strong>: 4,5V-16V<\/li>\n<li>\u200b<strong>Consommation d'\u00e9nergie en veille<\/strong>: \u22640.6W<\/li>\n<li>\u200b<strong>Consommation \u00e9lectrique moyenne<\/strong>: \u22641.5W @1Hz<\/li>\n<li>\u200b<strong>Consommation \u00e9lectrique de pointe<\/strong>: \u22647W @12V<\/li>\n<li>\u200b<strong>Connecteur<\/strong>: Connecteur Changjiang<strong>A1257WR-S-6P<\/strong><\/li>\n<\/ul>\n<p><strong>Tableau : D\u00e9finitions des broches de l'alimentation et du port de communication (c\u00f4t\u00e9 t\u00e9l\u00e9m\u00e8tre)<\/strong><\/p>\n<div class=\"hyc-common-markdown__table-wrapper\">\n<table>\n<thead>\n<tr>\n<th>\u200b<strong>N\u00b0 de broche.<\/strong><\/th>\n<th>\u200b<strong>\u00c9tiquette<\/strong><\/th>\n<th>\u200b<strong>Description<\/strong><\/th>\n<\/tr>\n<\/thead>\n<tbody>\n<tr>\n<td>P-1<\/td>\n<td>VIN+<\/td>\n<td>Entr\u00e9e d'alimentation (4,5-16V)<\/td>\n<\/tr>\n<tr>\n<td>P-2<\/td>\n<td>VIN-<\/td>\n<td>Masse de l'alimentation<\/td>\n<\/tr>\n<tr>\n<td>P-3<\/td>\n<td>POWER_ON<\/td>\n<td>Contr\u00f4le de l'alimentation du module (logique TTL 3,3V) ;<br \/>\n\u2022 <strong>ON<\/strong>: &gt;2.7V<br \/>\n-<strong>OFF<\/strong>: &lt;0.3V<\/td>\n<\/tr>\n<tr>\n<td>P-4<\/td>\n<td>UART_TX<\/td>\n<td>TTL 3,3V UART Transmit<\/td>\n<\/tr>\n<tr>\n<td>P-5<\/td>\n<td>UART_RX<\/td>\n<td>TTL 3,3V R\u00e9ception UART<\/td>\n<\/tr>\n<tr>\n<td>P-6<\/td>\n<td>GND<\/td>\n<td>R\u00e9f\u00e9rence \u00e0 la terre pour UART<\/td>\n<\/tr>\n<\/tbody>\n<\/table>\n<\/div>\n<p>&nbsp;<\/p>","protected":false},"excerpt":{"rendered":"<p>Le mini t\u00e9l\u00e9m\u00e8tre laser SFB3000A est un appareil optique compact de haute pr\u00e9cision con\u00e7u pour mesurer avec exactitude des distances allant jusqu'\u00e0 3 000 m\u00e8tres. Fonctionnant \u00e0 une longueur d'onde de 1535 nm (laser de classe 1 sans danger pour les yeux), il offre une pr\u00e9cision de \u00b11 m, prend en charge plusieurs modes de ciblage et fonctionne dans des environnements extr\u00eames (de -40 \u00b0C \u00e0 +70 \u00b0C). Id\u00e9ale pour les applications industrielles, ext\u00e9rieures et de s\u00e9curit\u00e9, sa conception l\u00e9g\u00e8re (32 g) et sa faible consommation d'\u00e9nergie en font un outil polyvalent pour les professionnels.<\/p>","protected":false},"featured_media":7415,"comment_status":"closed","ping_status":"closed","template":"","meta":[],"product_brand":[],"product_cat":[105,605],"product_tag":[],"class_list":{"0":"post-127","1":"product","2":"type-product","3":"status-publish","4":"has-post-thumbnail","6":"product_cat-1535nm-eye-safe-laser-rangefinder-module","7":"product_cat-laser-rangefinder-module","9":"first","10":"instock","11":"sold-individually","12":"shipping-taxable","13":"product-type-simple"},"yoast_head":"<!-- This site is optimized with the Yoast SEO Premium plugin v24.8 (Yoast SEO v26.6) - https:\/\/yoast.com\/wordpress\/plugins\/seo\/ -->\n<title>1535nm Laser Rangefinder Module 3000m SFB3000A - SunFlaser Tech<\/title>\n<meta name=\"robots\" content=\"index, follow, max-snippet:-1, max-image-preview:large, max-video-preview:-1\" \/>\n<link rel=\"canonical\" href=\"https:\/\/sunflaser.com\/fr\/shop\/1535nm-eye-safe-laser-rangefinder-module-3000m-sfb3000a\/\" \/>\n<meta property=\"og:locale\" content=\"fr_FR\" \/>\n<meta property=\"og:type\" content=\"article\" \/>\n<meta property=\"og:title\" content=\"1535nm Laser Rangefinder Module 3000m SFB3000A\" \/>\n<meta property=\"og:description\" content=\"The SFB3000A Mini Laser Rangefinder is a compact, high-precision optical device designed for accurate distance measurement up to 3,000 meters. Operating at a 1535nm wavelength (eye-safe Class 1 laser), it delivers \u00b11m accuracy, supports multiple targeting modes, and thrives in extreme environments (-40\u00b0C to +70\u00b0C). Ideal for industrial, outdoor, and security applications, its lightweight design (32g) and low power consumption make it a versatile tool for professionals.\" \/>\n<meta property=\"og:url\" content=\"https:\/\/sunflaser.com\/fr\/shop\/1535nm-eye-safe-laser-rangefinder-module-3000m-sfb3000a\/\" \/>\n<meta property=\"og:site_name\" content=\"SunFlaser Tech\" \/>\n<meta property=\"article:modified_time\" content=\"2025-10-27T05:59:47+00:00\" \/>\n<meta property=\"og:image\" content=\"https:\/\/sunflaser.com\/wp-content\/uploads\/2025\/04\/SFB3000A.png\" \/>\n\t<meta property=\"og:image:width\" content=\"800\" \/>\n\t<meta property=\"og:image:height\" content=\"800\" \/>\n\t<meta property=\"og:image:type\" content=\"image\/png\" \/>\n<meta name=\"twitter:card\" content=\"summary_large_image\" \/>\n<meta name=\"twitter:label1\" content=\"Dur\u00e9e de lecture estim\u00e9e\" \/>\n\t<meta name=\"twitter:data1\" content=\"2 minutes\" \/>\n<script type=\"application\/ld+json\" class=\"yoast-schema-graph\">{\"@context\":\"https:\/\/schema.org\",\"@graph\":[{\"@type\":\"WebPage\",\"@id\":\"https:\/\/sunflaser.com\/shop\/1535nm-eye-safe-laser-rangefinder-module-3000m-sfb3000a\/\",\"url\":\"https:\/\/sunflaser.com\/shop\/1535nm-eye-safe-laser-rangefinder-module-3000m-sfb3000a\/\",\"name\":\"1535nm Laser Rangefinder Module 3000m SFB3000A - SunFlaser Tech\",\"isPartOf\":{\"@id\":\"https:\/\/sunflaser.com\/#website\"},\"primaryImageOfPage\":{\"@id\":\"https:\/\/sunflaser.com\/shop\/1535nm-eye-safe-laser-rangefinder-module-3000m-sfb3000a\/#primaryimage\"},\"image\":{\"@id\":\"https:\/\/sunflaser.com\/shop\/1535nm-eye-safe-laser-rangefinder-module-3000m-sfb3000a\/#primaryimage\"},\"thumbnailUrl\":\"https:\/\/sunflaser.com\/wp-content\/uploads\/2025\/04\/SFB3000A.png\",\"datePublished\":\"2025-04-30T06:35:12+00:00\",\"dateModified\":\"2025-10-27T05:59:47+00:00\",\"breadcrumb\":{\"@id\":\"https:\/\/sunflaser.com\/shop\/1535nm-eye-safe-laser-rangefinder-module-3000m-sfb3000a\/#breadcrumb\"},\"inLanguage\":\"fr-FR\",\"potentialAction\":[{\"@type\":\"ReadAction\",\"target\":[\"https:\/\/sunflaser.com\/shop\/1535nm-eye-safe-laser-rangefinder-module-3000m-sfb3000a\/\"]}]},{\"@type\":\"ImageObject\",\"inLanguage\":\"fr-FR\",\"@id\":\"https:\/\/sunflaser.com\/shop\/1535nm-eye-safe-laser-rangefinder-module-3000m-sfb3000a\/#primaryimage\",\"url\":\"https:\/\/sunflaser.com\/wp-content\/uploads\/2025\/04\/SFB3000A.png\",\"contentUrl\":\"https:\/\/sunflaser.com\/wp-content\/uploads\/2025\/04\/SFB3000A.png\",\"width\":800,\"height\":800},{\"@type\":\"BreadcrumbList\",\"@id\":\"https:\/\/sunflaser.com\/shop\/1535nm-eye-safe-laser-rangefinder-module-3000m-sfb3000a\/#breadcrumb\",\"itemListElement\":[{\"@type\":\"ListItem\",\"position\":1,\"name\":\"\u9996\u9875\",\"item\":\"https:\/\/sunflaser.com\/\"},{\"@type\":\"ListItem\",\"position\":2,\"name\":\"Product\",\"item\":\"https:\/\/sunflaser.com\/product\/\"},{\"@type\":\"ListItem\",\"position\":3,\"name\":\"1535nm Laser Rangefinder Module 3000m SFB3000A\"}]},{\"@type\":\"WebSite\",\"@id\":\"https:\/\/sunflaser.com\/#website\",\"url\":\"https:\/\/sunflaser.com\/\",\"name\":\"SunFlaser Tech\",\"description\":\"\",\"publisher\":{\"@id\":\"https:\/\/sunflaser.com\/#organization\"},\"potentialAction\":[{\"@type\":\"SearchAction\",\"target\":{\"@type\":\"EntryPoint\",\"urlTemplate\":\"https:\/\/sunflaser.com\/?s={search_term_string}\"},\"query-input\":{\"@type\":\"PropertyValueSpecification\",\"valueRequired\":true,\"valueName\":\"search_term_string\"}}],\"inLanguage\":\"fr-FR\"},{\"@type\":\"Organization\",\"@id\":\"https:\/\/sunflaser.com\/#organization\",\"name\":\"\u76db\u98de\u5149\u901f\u79d1\u6280\uff08\u6210\u90fd\uff09\u6709\u9650\u516c\u53f8\",\"alternateName\":\"\u76db\u98de\u5149\u901f\u79d1\u6280\uff08\u6210\u90fd\uff09\u6709\u9650\u516c\u53f8\",\"url\":\"https:\/\/sunflaser.com\/\",\"logo\":{\"@type\":\"ImageObject\",\"inLanguage\":\"fr-FR\",\"@id\":\"https:\/\/sunflaser.com\/#\/schema\/logo\/image\/\",\"url\":\"https:\/\/sunflaser.com\/wp-content\/uploads\/2025\/05\/Modern-S-Letter-Logo.png\",\"contentUrl\":\"https:\/\/sunflaser.com\/wp-content\/uploads\/2025\/05\/Modern-S-Letter-Logo.png\",\"width\":1024,\"height\":289,\"caption\":\"\u76db\u98de\u5149\u901f\u79d1\u6280\uff08\u6210\u90fd\uff09\u6709\u9650\u516c\u53f8\"},\"image\":{\"@id\":\"https:\/\/sunflaser.com\/#\/schema\/logo\/image\/\"}}]}<\/script>\n<!-- \/ Yoast SEO Premium plugin. -->","yoast_head_json":{"title":"1535nm Laser Rangefinder Module 3000m SFB3000A - SunFlaser Tech","robots":{"index":"index","follow":"follow","max-snippet":"max-snippet:-1","max-image-preview":"max-image-preview:large","max-video-preview":"max-video-preview:-1"},"canonical":"https:\/\/sunflaser.com\/fr\/shop\/1535nm-eye-safe-laser-rangefinder-module-3000m-sfb3000a\/","og_locale":"fr_FR","og_type":"article","og_title":"1535nm Laser Rangefinder Module 3000m SFB3000A","og_description":"The SFB3000A Mini Laser Rangefinder is a compact, high-precision optical device designed for accurate distance measurement up to 3,000 meters. Operating at a 1535nm wavelength (eye-safe Class 1 laser), it delivers \u00b11m accuracy, supports multiple targeting modes, and thrives in extreme environments (-40\u00b0C to +70\u00b0C). Ideal for industrial, outdoor, and security applications, its lightweight design (32g) and low power consumption make it a versatile tool for professionals.","og_url":"https:\/\/sunflaser.com\/fr\/shop\/1535nm-eye-safe-laser-rangefinder-module-3000m-sfb3000a\/","og_site_name":"SunFlaser Tech","article_modified_time":"2025-10-27T05:59:47+00:00","og_image":[{"width":800,"height":800,"url":"https:\/\/sunflaser.com\/wp-content\/uploads\/2025\/04\/SFB3000A.png","type":"image\/png"}],"twitter_card":"summary_large_image","twitter_misc":{"Dur\u00e9e de lecture estim\u00e9e":"2 minutes"},"schema":{"@context":"https:\/\/schema.org","@graph":[{"@type":"WebPage","@id":"https:\/\/sunflaser.com\/shop\/1535nm-eye-safe-laser-rangefinder-module-3000m-sfb3000a\/","url":"https:\/\/sunflaser.com\/shop\/1535nm-eye-safe-laser-rangefinder-module-3000m-sfb3000a\/","name":"1535nm Laser Rangefinder Module 3000m SFB3000A - SunFlaser Tech","isPartOf":{"@id":"https:\/\/sunflaser.com\/#website"},"primaryImageOfPage":{"@id":"https:\/\/sunflaser.com\/shop\/1535nm-eye-safe-laser-rangefinder-module-3000m-sfb3000a\/#primaryimage"},"image":{"@id":"https:\/\/sunflaser.com\/shop\/1535nm-eye-safe-laser-rangefinder-module-3000m-sfb3000a\/#primaryimage"},"thumbnailUrl":"https:\/\/sunflaser.com\/wp-content\/uploads\/2025\/04\/SFB3000A.png","datePublished":"2025-04-30T06:35:12+00:00","dateModified":"2025-10-27T05:59:47+00:00","breadcrumb":{"@id":"https:\/\/sunflaser.com\/shop\/1535nm-eye-safe-laser-rangefinder-module-3000m-sfb3000a\/#breadcrumb"},"inLanguage":"fr-FR","potentialAction":[{"@type":"ReadAction","target":["https:\/\/sunflaser.com\/shop\/1535nm-eye-safe-laser-rangefinder-module-3000m-sfb3000a\/"]}]},{"@type":"ImageObject","inLanguage":"fr-FR","@id":"https:\/\/sunflaser.com\/shop\/1535nm-eye-safe-laser-rangefinder-module-3000m-sfb3000a\/#primaryimage","url":"https:\/\/sunflaser.com\/wp-content\/uploads\/2025\/04\/SFB3000A.png","contentUrl":"https:\/\/sunflaser.com\/wp-content\/uploads\/2025\/04\/SFB3000A.png","width":800,"height":800},{"@type":"BreadcrumbList","@id":"https:\/\/sunflaser.com\/shop\/1535nm-eye-safe-laser-rangefinder-module-3000m-sfb3000a\/#breadcrumb","itemListElement":[{"@type":"ListItem","position":1,"name":"\u9996\u9875","item":"https:\/\/sunflaser.com\/"},{"@type":"ListItem","position":2,"name":"Product","item":"https:\/\/sunflaser.com\/product\/"},{"@type":"ListItem","position":3,"name":"1535nm Laser Rangefinder Module 3000m SFB3000A"}]},{"@type":"WebSite","@id":"https:\/\/sunflaser.com\/#website","url":"https:\/\/sunflaser.com\/","name":"SunFlaser Tech","description":"","publisher":{"@id":"https:\/\/sunflaser.com\/#organization"},"potentialAction":[{"@type":"SearchAction","target":{"@type":"EntryPoint","urlTemplate":"https:\/\/sunflaser.com\/?s={search_term_string}"},"query-input":{"@type":"PropertyValueSpecification","valueRequired":true,"valueName":"search_term_string"}}],"inLanguage":"fr-FR"},{"@type":"Organization","@id":"https:\/\/sunflaser.com\/#organization","name":"\u76db\u98de\u5149\u901f\u79d1\u6280\uff08\u6210\u90fd\uff09\u6709\u9650\u516c\u53f8","alternateName":"\u76db\u98de\u5149\u901f\u79d1\u6280\uff08\u6210\u90fd\uff09\u6709\u9650\u516c\u53f8","url":"https:\/\/sunflaser.com\/","logo":{"@type":"ImageObject","inLanguage":"fr-FR","@id":"https:\/\/sunflaser.com\/#\/schema\/logo\/image\/","url":"https:\/\/sunflaser.com\/wp-content\/uploads\/2025\/05\/Modern-S-Letter-Logo.png","contentUrl":"https:\/\/sunflaser.com\/wp-content\/uploads\/2025\/05\/Modern-S-Letter-Logo.png","width":1024,"height":289,"caption":"\u76db\u98de\u5149\u901f\u79d1\u6280\uff08\u6210\u90fd\uff09\u6709\u9650\u516c\u53f8"},"image":{"@id":"https:\/\/sunflaser.com\/#\/schema\/logo\/image\/"}}]}},"_links":{"self":[{"href":"https:\/\/sunflaser.com\/fr\/wp-json\/wp\/v2\/product\/127","targetHints":{"allow":["GET"]}}],"collection":[{"href":"https:\/\/sunflaser.com\/fr\/wp-json\/wp\/v2\/product"}],"about":[{"href":"https:\/\/sunflaser.com\/fr\/wp-json\/wp\/v2\/types\/product"}],"replies":[{"embeddable":true,"href":"https:\/\/sunflaser.com\/fr\/wp-json\/wp\/v2\/comments?post=127"}],"version-history":[{"count":0,"href":"https:\/\/sunflaser.com\/fr\/wp-json\/wp\/v2\/product\/127\/revisions"}],"wp:featuredmedia":[{"embeddable":true,"href":"https:\/\/sunflaser.com\/fr\/wp-json\/wp\/v2\/media\/7415"}],"wp:attachment":[{"href":"https:\/\/sunflaser.com\/fr\/wp-json\/wp\/v2\/media?parent=127"}],"wp:term":[{"taxonomy":"product_brand","embeddable":true,"href":"https:\/\/sunflaser.com\/fr\/wp-json\/wp\/v2\/product_brand?post=127"},{"taxonomy":"product_cat","embeddable":true,"href":"https:\/\/sunflaser.com\/fr\/wp-json\/wp\/v2\/product_cat?post=127"},{"taxonomy":"product_tag","embeddable":true,"href":"https:\/\/sunflaser.com\/fr\/wp-json\/wp\/v2\/product_tag?post=127"}],"curies":[{"name":"wp","href":"https:\/\/api.w.org\/{rel}","templated":true}]}}