{"id":123,"date":"2025-04-30T14:35:11","date_gmt":"2025-04-30T06:35:11","guid":{"rendered":"https:\/\/sunflaser.com\/?post_type=product&#038;p=123"},"modified":"2025-10-26T22:59:55","modified_gmt":"2025-10-27T05:59:55","slug":"905nm-laser-rangefinder-module-1500m-sfa1500a","status":"publish","type":"product","link":"https:\/\/sunflaser.com\/fr\/shop\/905nm-laser-rangefinder-module-1500m-sfa1500a\/","title":{"rendered":"905nm Laser Rangefinder Module 1500m SFA1500A"},"content":{"rendered":"<h3><strong>Principaux arguments de vente<\/strong><\/h3>\n<ul>\n<li>\u200b<strong>Ultra-l\u00e9ger<\/strong> (85g) avec protection IP67<\/li>\n<li>\u200b<strong>Int\u00e9gration Plug-and-Play<\/strong> via un kit de d\u00e9veloppement logiciel libre<\/li>\n<li>\u200b<strong>Sortie de donn\u00e9es en temps r\u00e9el<\/strong> (taux de rafra\u00eechissement de 10 Hz)<\/li>\n<li>\u200b<strong>Efficacit\u00e9 \u00e9nerg\u00e9tique<\/strong> (0,05 W en veille)<\/li>\n<\/ul>\n<hr \/>\n<h3><strong>Applications<\/strong>:<\/h3>\n<ul>\n<li>Cartographie topographique par drone<\/li>\n<li>Navigation autonome des v\u00e9hicules<\/li>\n<li>Gestion intelligente des stocks dans les entrep\u00f4ts<\/li>\n<li>Surveillance de la maintenance des parcs solaires<\/li>\n<\/ul>\n<hr \/>\n<h3><strong>Sp\u00e9cifications<\/strong>:<\/h3>\n\n<table id=\"tablepress-11\" class=\"tablepress tablepress-id-11\">\n<thead>\n<tr class=\"row-1\">\n\t<th class=\"column-1\"><strong>Param\u00e8tres<\/strong><\/th><th class=\"column-2\"><strong>Indicateur de performance<\/strong><\/th>\n<\/tr>\n<\/thead>\n<tbody class=\"row-striping row-hover\">\n<tr class=\"row-2\">\n\t<td class=\"column-1\">Longueur d'onde de fonctionnement<\/td><td class=\"column-2\">905nm \u00b1 10nm<\/td>\n<\/tr>\n<tr class=\"row-3\">\n\t<td class=\"column-1\">Ouverture d'\u00e9mission<\/td><td class=\"column-2\">\u03c67.2mm<\/td>\n<\/tr>\n<tr class=\"row-4\">\n\t<td class=\"column-1\">Ouverture de r\u00e9ception<\/td><td class=\"column-2\">\u03c619mm<\/td>\n<\/tr>\n<tr class=\"row-5\">\n\t<td class=\"column-1\">D\u00e9bit en bauds<\/td><td class=\"column-2\">115200 bps<\/td>\n<\/tr>\n<tr class=\"row-6\">\n\t<td class=\"column-1\">Capacit\u00e9 de t\u00e9l\u00e9m\u00e9trie<\/td><td class=\"column-2\">\u22651500m (sur les grandes cibles)<\/td>\n<\/tr>\n<tr class=\"row-7\">\n\t<td class=\"column-1\">Zone aveugle de t\u00e9l\u00e9m\u00e9trie<\/td><td class=\"column-2\">\u226410m<\/td>\n<\/tr>\n<tr class=\"row-8\">\n\t<td class=\"column-1\">Pr\u00e9cision de la recherche<\/td><td class=\"column-2\">\u00b11m (lorsque la plage de mesure &lt; 300m)<br \/>\n\u00b12m (lorsque la plage de mesure est \u2265 300m)<\/td>\n<\/tr>\n<tr class=\"row-9\">\n\t<td class=\"column-1\">Taux de mesure correct<\/td><td class=\"column-2\">\u226598%<\/td>\n<\/tr>\n<tr class=\"row-10\">\n\t<td class=\"column-1\">Taux de fausses alarmes<\/td><td class=\"column-2\">\u22642%<\/td>\n<\/tr>\n<tr class=\"row-11\">\n\t<td class=\"column-1\">Fr\u00e9quence de t\u00e9l\u00e9m\u00e9trie<\/td><td class=\"column-2\">Simple, 1Hz, 2Hz<\/td>\n<\/tr>\n<tr class=\"row-12\">\n\t<td class=\"column-1\">Poids<\/td><td class=\"column-2\">\u226420g<\/td>\n<\/tr>\n<tr class=\"row-13\">\n\t<td class=\"column-1\">Dimensions<\/td><td class=\"column-2\">\u2264\u03c623mm \u00d7 46mm<\/td>\n<\/tr>\n<tr class=\"row-14\">\n\t<td class=\"column-1\">Interface \u00e9lectrique<\/td><td class=\"column-2\">Socle : A1002WR-S-4P<br \/>\nFiche : LNN100-157128-200-4P<\/td>\n<\/tr>\n<tr class=\"row-15\">\n\t<td class=\"column-1\">Tension d'alimentation<\/td><td class=\"column-2\">3V ~ 5V (Typ. DC 3.3V)<\/td>\n<\/tr>\n<tr class=\"row-16\">\n\t<td class=\"column-1\">Consommation d'\u00e9nergie en veille<\/td><td class=\"column-2\">\u22640.4W @ 3.3V<\/td>\n<\/tr>\n<tr class=\"row-17\">\n\t<td class=\"column-1\">Consommation \u00e9lectrique moyenne<\/td><td class=\"column-2\">\u22640.5W @ 3.3V<\/td>\n<\/tr>\n<tr class=\"row-18\">\n\t<td class=\"column-1\">Consommation \u00e9lectrique de pointe<\/td><td class=\"column-2\">\u22641.2W @ 3.3V<\/td>\n<\/tr>\n<tr class=\"row-19\">\n\t<td class=\"column-1\">Temp\u00e9rature de fonctionnement<\/td><td class=\"column-2\">-20\u2103 ~ +60\u2103<\/td>\n<\/tr>\n<tr class=\"row-20\">\n\t<td class=\"column-1\">Temp\u00e9rature de stockage<\/td><td class=\"column-2\">-30\u2103 ~ +60\u2103<\/td>\n<\/tr>\n<tr class=\"row-21\">\n\t<td class=\"column-1\">Fonction<\/td><td class=\"column-2\">T\u00e9l\u00e9m\u00e9trie laser, sortie des donn\u00e9es via le port s\u00e9rie<\/td>\n<\/tr>\n<\/tbody>\n<\/table>\n\n<hr \/>\n<h3><strong>Interface \u00e9lectrique<\/strong><\/h3>\n<p>Les sp\u00e9cifications de l'interface \u00e9lectrique sont les suivantes :<\/p>\n<ul>\n<li>\u200b<strong>Tension d'alimentation<\/strong>Tension d'alimentation : 2,5V \u00e0 3,5V (nominale 3,3V)<\/li>\n<li>\u200b<strong>Consommation d'\u00e9nergie en veille<\/strong>: \u22640,6W @3,3V<\/li>\n<li>\u200b<strong>Consommation \u00e9lectrique moyenne<\/strong>: \u22640,8W @3,3V<\/li>\n<li>\u200b<strong>Compatibilit\u00e9 des connecteurs<\/strong>: L'ordinateur h\u00f4te se connecte au t\u00e9l\u00e9m\u00e8tre par l'interm\u00e9diaire d'un c\u00e2ble de connexion.<strong>LNN100-157128-200-4P<\/strong> pour tester l'interface avec le t\u00e9l\u00e9m\u00e8tre.<strong>A1002WR-S-4P<\/strong> connecteur.<\/li>\n<\/ul>\n<hr \/>\n<p><strong>Certifications<\/strong>: CE, FCC, RoHS, REACH<\/p>\n<hr \/>\n<p><em><strong>Conformit\u00e9 juridique<\/strong>: Les sp\u00e9cifications sont conformes aux contr\u00f4les d'exportation de l'UE et des \u00c9tats-Unis pour un usage civil. Aucun composant li\u00e9 \u00e0 ITAR\/MLRS.<\/em><\/p>\n<p><strong>[Contactez SUNFLASER pour la personnalisation OEM\/ODM et les prix de gros].<\/strong><\/p>","protected":false},"excerpt":{"rendered":"<p>Le <strong>SFA1500A\u00a0<\/strong>est un module t\u00e9l\u00e9m\u00e8tre laser de classe 1 de haute pr\u00e9cision con\u00e7u pour une int\u00e9gration transparente dans les drones, la robotique et les syst\u00e8mes IoT. Dot\u00e9 d'un laser 1550nm sans danger pour les yeux, il atteint une pr\u00e9cision de \u00b10,1% sur 2000m et ne p\u00e8se que 85g. Robuste pour un fonctionnement de -30\u00b0C \u00e0 +70\u00b0C, ce module basse consommation (1,2W) prend en charge les interfaces RS485\/CAN, ce qui le rend id\u00e9al pour l'automatisation industrielle, l'agriculture de pr\u00e9cision et les syst\u00e8mes de s\u00e9curit\u00e9.<\/p>","protected":false},"featured_media":7408,"comment_status":"closed","ping_status":"closed","template":"","meta":[],"product_brand":[],"product_cat":[126,605],"product_tag":[],"class_list":{"0":"post-123","1":"product","2":"type-product","3":"status-publish","4":"has-post-thumbnail","6":"product_cat-905nm-semiconductor-pulsed-laser-rangefinder-module","7":"product_cat-laser-rangefinder-module","9":"first","10":"instock","11":"sold-individually","12":"shipping-taxable","13":"product-type-simple"},"yoast_head":"<!-- This site is optimized with the Yoast SEO Premium plugin v24.8 (Yoast SEO v26.6) - https:\/\/yoast.com\/wordpress\/plugins\/seo\/ -->\n<title>905nm Laser Rangefinder Module 1500m SFA1500A - SunFlaser Tech<\/title>\n<meta name=\"description\" content=\"The \u200bSFA1500A\u00a0is a high-accuracy, Class 1 laser rangefinder module designed for seamless integration into drones, robotics, and IoT systems. With a 1550nm eye-safe laser, it achieves \u00b10.1% accuracy over 2000m and weighs only 85g. Ruggedized for -30\u00b0C to +70\u00b0C operation, this low-power (1.2W) module supports RS485\/CAN interfaces, making it ideal for industrial automation, precision agriculture, and security systems.\" \/>\n<meta name=\"robots\" content=\"index, follow, max-snippet:-1, max-image-preview:large, max-video-preview:-1\" \/>\n<link rel=\"canonical\" href=\"https:\/\/sunflaser.com\/fr\/shop\/905nm-laser-rangefinder-module-1500m-sfa1500a\/\" \/>\n<meta property=\"og:locale\" content=\"fr_FR\" \/>\n<meta property=\"og:type\" content=\"article\" \/>\n<meta property=\"og:title\" content=\"905nm Laser Rangefinder Module 1500m SFA1500A\" \/>\n<meta property=\"og:description\" content=\"The \u200bSFA1500A\u00a0is a high-accuracy, Class 1 laser rangefinder module designed for seamless integration into drones, robotics, and IoT systems. With a 1550nm eye-safe laser, it achieves \u00b10.1% accuracy over 2000m and weighs only 85g. Ruggedized for -30\u00b0C to +70\u00b0C operation, this low-power (1.2W) module supports RS485\/CAN interfaces, making it ideal for industrial automation, precision agriculture, and security systems.\" \/>\n<meta property=\"og:url\" content=\"https:\/\/sunflaser.com\/fr\/shop\/905nm-laser-rangefinder-module-1500m-sfa1500a\/\" \/>\n<meta property=\"og:site_name\" content=\"SunFlaser Tech\" \/>\n<meta property=\"article:modified_time\" content=\"2025-10-27T05:59:55+00:00\" \/>\n<meta property=\"og:image\" content=\"https:\/\/sunflaser.com\/wp-content\/uploads\/2025\/04\/SFA1500A.png\" \/>\n\t<meta property=\"og:image:width\" content=\"800\" \/>\n\t<meta property=\"og:image:height\" content=\"800\" \/>\n\t<meta property=\"og:image:type\" content=\"image\/png\" \/>\n<meta name=\"twitter:card\" content=\"summary_large_image\" \/>\n<meta name=\"twitter:label1\" content=\"Dur\u00e9e de lecture estim\u00e9e\" \/>\n\t<meta name=\"twitter:data1\" content=\"1 minute\" \/>\n<script type=\"application\/ld+json\" class=\"yoast-schema-graph\">{\"@context\":\"https:\/\/schema.org\",\"@graph\":[{\"@type\":\"WebPage\",\"@id\":\"https:\/\/sunflaser.com\/shop\/905nm-laser-rangefinder-module-1500m-sfa1500a\/\",\"url\":\"https:\/\/sunflaser.com\/shop\/905nm-laser-rangefinder-module-1500m-sfa1500a\/\",\"name\":\"905nm Laser Rangefinder Module 1500m SFA1500A - SunFlaser Tech\",\"isPartOf\":{\"@id\":\"https:\/\/sunflaser.com\/#website\"},\"primaryImageOfPage\":{\"@id\":\"https:\/\/sunflaser.com\/shop\/905nm-laser-rangefinder-module-1500m-sfa1500a\/#primaryimage\"},\"image\":{\"@id\":\"https:\/\/sunflaser.com\/shop\/905nm-laser-rangefinder-module-1500m-sfa1500a\/#primaryimage\"},\"thumbnailUrl\":\"https:\/\/sunflaser.com\/wp-content\/uploads\/2025\/04\/SFA1500A.png\",\"datePublished\":\"2025-04-30T06:35:11+00:00\",\"dateModified\":\"2025-10-27T05:59:55+00:00\",\"description\":\"The \u200bSFA1500A\u00a0is a high-accuracy, Class 1 laser rangefinder module designed for seamless integration into drones, robotics, and IoT systems. With a 1550nm eye-safe laser, it achieves \u00b10.1% accuracy over 2000m and weighs only 85g. Ruggedized for -30\u00b0C to +70\u00b0C operation, this low-power (1.2W) module supports RS485\/CAN interfaces, making it ideal for industrial automation, precision agriculture, and security systems.\",\"breadcrumb\":{\"@id\":\"https:\/\/sunflaser.com\/shop\/905nm-laser-rangefinder-module-1500m-sfa1500a\/#breadcrumb\"},\"inLanguage\":\"fr-FR\",\"potentialAction\":[{\"@type\":\"ReadAction\",\"target\":[\"https:\/\/sunflaser.com\/shop\/905nm-laser-rangefinder-module-1500m-sfa1500a\/\"]}]},{\"@type\":\"ImageObject\",\"inLanguage\":\"fr-FR\",\"@id\":\"https:\/\/sunflaser.com\/shop\/905nm-laser-rangefinder-module-1500m-sfa1500a\/#primaryimage\",\"url\":\"https:\/\/sunflaser.com\/wp-content\/uploads\/2025\/04\/SFA1500A.png\",\"contentUrl\":\"https:\/\/sunflaser.com\/wp-content\/uploads\/2025\/04\/SFA1500A.png\",\"width\":800,\"height\":800},{\"@type\":\"BreadcrumbList\",\"@id\":\"https:\/\/sunflaser.com\/shop\/905nm-laser-rangefinder-module-1500m-sfa1500a\/#breadcrumb\",\"itemListElement\":[{\"@type\":\"ListItem\",\"position\":1,\"name\":\"\u9996\u9875\",\"item\":\"https:\/\/sunflaser.com\/\"},{\"@type\":\"ListItem\",\"position\":2,\"name\":\"Product\",\"item\":\"https:\/\/sunflaser.com\/product\/\"},{\"@type\":\"ListItem\",\"position\":3,\"name\":\"905nm Laser Rangefinder Module 1500m SFA1500A\"}]},{\"@type\":\"WebSite\",\"@id\":\"https:\/\/sunflaser.com\/#website\",\"url\":\"https:\/\/sunflaser.com\/\",\"name\":\"SunFlaser Tech\",\"description\":\"\",\"publisher\":{\"@id\":\"https:\/\/sunflaser.com\/#organization\"},\"potentialAction\":[{\"@type\":\"SearchAction\",\"target\":{\"@type\":\"EntryPoint\",\"urlTemplate\":\"https:\/\/sunflaser.com\/?s={search_term_string}\"},\"query-input\":{\"@type\":\"PropertyValueSpecification\",\"valueRequired\":true,\"valueName\":\"search_term_string\"}}],\"inLanguage\":\"fr-FR\"},{\"@type\":\"Organization\",\"@id\":\"https:\/\/sunflaser.com\/#organization\",\"name\":\"\u76db\u98de\u5149\u901f\u79d1\u6280\uff08\u6210\u90fd\uff09\u6709\u9650\u516c\u53f8\",\"alternateName\":\"\u76db\u98de\u5149\u901f\u79d1\u6280\uff08\u6210\u90fd\uff09\u6709\u9650\u516c\u53f8\",\"url\":\"https:\/\/sunflaser.com\/\",\"logo\":{\"@type\":\"ImageObject\",\"inLanguage\":\"fr-FR\",\"@id\":\"https:\/\/sunflaser.com\/#\/schema\/logo\/image\/\",\"url\":\"https:\/\/sunflaser.com\/wp-content\/uploads\/2025\/05\/Modern-S-Letter-Logo.png\",\"contentUrl\":\"https:\/\/sunflaser.com\/wp-content\/uploads\/2025\/05\/Modern-S-Letter-Logo.png\",\"width\":1024,\"height\":289,\"caption\":\"\u76db\u98de\u5149\u901f\u79d1\u6280\uff08\u6210\u90fd\uff09\u6709\u9650\u516c\u53f8\"},\"image\":{\"@id\":\"https:\/\/sunflaser.com\/#\/schema\/logo\/image\/\"}}]}<\/script>\n<!-- \/ Yoast SEO Premium plugin. -->","yoast_head_json":{"title":"905nm Laser Rangefinder Module 1500m SFA1500A - SunFlaser Tech","description":"The \u200bSFA1500A\u00a0is a high-accuracy, Class 1 laser rangefinder module designed for seamless integration into drones, robotics, and IoT systems. With a 1550nm eye-safe laser, it achieves \u00b10.1% accuracy over 2000m and weighs only 85g. Ruggedized for -30\u00b0C to +70\u00b0C operation, this low-power (1.2W) module supports RS485\/CAN interfaces, making it ideal for industrial automation, precision agriculture, and security systems.","robots":{"index":"index","follow":"follow","max-snippet":"max-snippet:-1","max-image-preview":"max-image-preview:large","max-video-preview":"max-video-preview:-1"},"canonical":"https:\/\/sunflaser.com\/fr\/shop\/905nm-laser-rangefinder-module-1500m-sfa1500a\/","og_locale":"fr_FR","og_type":"article","og_title":"905nm Laser Rangefinder Module 1500m SFA1500A","og_description":"The \u200bSFA1500A\u00a0is a high-accuracy, Class 1 laser rangefinder module designed for seamless integration into drones, robotics, and IoT systems. With a 1550nm eye-safe laser, it achieves \u00b10.1% accuracy over 2000m and weighs only 85g. Ruggedized for -30\u00b0C to +70\u00b0C operation, this low-power (1.2W) module supports RS485\/CAN interfaces, making it ideal for industrial automation, precision agriculture, and security systems.","og_url":"https:\/\/sunflaser.com\/fr\/shop\/905nm-laser-rangefinder-module-1500m-sfa1500a\/","og_site_name":"SunFlaser Tech","article_modified_time":"2025-10-27T05:59:55+00:00","og_image":[{"width":800,"height":800,"url":"https:\/\/sunflaser.com\/wp-content\/uploads\/2025\/04\/SFA1500A.png","type":"image\/png"}],"twitter_card":"summary_large_image","twitter_misc":{"Dur\u00e9e de lecture estim\u00e9e":"1 minute"},"schema":{"@context":"https:\/\/schema.org","@graph":[{"@type":"WebPage","@id":"https:\/\/sunflaser.com\/shop\/905nm-laser-rangefinder-module-1500m-sfa1500a\/","url":"https:\/\/sunflaser.com\/shop\/905nm-laser-rangefinder-module-1500m-sfa1500a\/","name":"905nm Laser Rangefinder Module 1500m SFA1500A - SunFlaser Tech","isPartOf":{"@id":"https:\/\/sunflaser.com\/#website"},"primaryImageOfPage":{"@id":"https:\/\/sunflaser.com\/shop\/905nm-laser-rangefinder-module-1500m-sfa1500a\/#primaryimage"},"image":{"@id":"https:\/\/sunflaser.com\/shop\/905nm-laser-rangefinder-module-1500m-sfa1500a\/#primaryimage"},"thumbnailUrl":"https:\/\/sunflaser.com\/wp-content\/uploads\/2025\/04\/SFA1500A.png","datePublished":"2025-04-30T06:35:11+00:00","dateModified":"2025-10-27T05:59:55+00:00","description":"The \u200bSFA1500A\u00a0is a high-accuracy, Class 1 laser rangefinder module designed for seamless integration into drones, robotics, and IoT systems. With a 1550nm eye-safe laser, it achieves \u00b10.1% accuracy over 2000m and weighs only 85g. Ruggedized for -30\u00b0C to +70\u00b0C operation, this low-power (1.2W) module supports RS485\/CAN interfaces, making it ideal for industrial automation, precision agriculture, and security systems.","breadcrumb":{"@id":"https:\/\/sunflaser.com\/shop\/905nm-laser-rangefinder-module-1500m-sfa1500a\/#breadcrumb"},"inLanguage":"fr-FR","potentialAction":[{"@type":"ReadAction","target":["https:\/\/sunflaser.com\/shop\/905nm-laser-rangefinder-module-1500m-sfa1500a\/"]}]},{"@type":"ImageObject","inLanguage":"fr-FR","@id":"https:\/\/sunflaser.com\/shop\/905nm-laser-rangefinder-module-1500m-sfa1500a\/#primaryimage","url":"https:\/\/sunflaser.com\/wp-content\/uploads\/2025\/04\/SFA1500A.png","contentUrl":"https:\/\/sunflaser.com\/wp-content\/uploads\/2025\/04\/SFA1500A.png","width":800,"height":800},{"@type":"BreadcrumbList","@id":"https:\/\/sunflaser.com\/shop\/905nm-laser-rangefinder-module-1500m-sfa1500a\/#breadcrumb","itemListElement":[{"@type":"ListItem","position":1,"name":"\u9996\u9875","item":"https:\/\/sunflaser.com\/"},{"@type":"ListItem","position":2,"name":"Product","item":"https:\/\/sunflaser.com\/product\/"},{"@type":"ListItem","position":3,"name":"905nm Laser Rangefinder Module 1500m SFA1500A"}]},{"@type":"WebSite","@id":"https:\/\/sunflaser.com\/#website","url":"https:\/\/sunflaser.com\/","name":"SunFlaser Tech","description":"","publisher":{"@id":"https:\/\/sunflaser.com\/#organization"},"potentialAction":[{"@type":"SearchAction","target":{"@type":"EntryPoint","urlTemplate":"https:\/\/sunflaser.com\/?s={search_term_string}"},"query-input":{"@type":"PropertyValueSpecification","valueRequired":true,"valueName":"search_term_string"}}],"inLanguage":"fr-FR"},{"@type":"Organization","@id":"https:\/\/sunflaser.com\/#organization","name":"\u76db\u98de\u5149\u901f\u79d1\u6280\uff08\u6210\u90fd\uff09\u6709\u9650\u516c\u53f8","alternateName":"\u76db\u98de\u5149\u901f\u79d1\u6280\uff08\u6210\u90fd\uff09\u6709\u9650\u516c\u53f8","url":"https:\/\/sunflaser.com\/","logo":{"@type":"ImageObject","inLanguage":"fr-FR","@id":"https:\/\/sunflaser.com\/#\/schema\/logo\/image\/","url":"https:\/\/sunflaser.com\/wp-content\/uploads\/2025\/05\/Modern-S-Letter-Logo.png","contentUrl":"https:\/\/sunflaser.com\/wp-content\/uploads\/2025\/05\/Modern-S-Letter-Logo.png","width":1024,"height":289,"caption":"\u76db\u98de\u5149\u901f\u79d1\u6280\uff08\u6210\u90fd\uff09\u6709\u9650\u516c\u53f8"},"image":{"@id":"https:\/\/sunflaser.com\/#\/schema\/logo\/image\/"}}]}},"_links":{"self":[{"href":"https:\/\/sunflaser.com\/fr\/wp-json\/wp\/v2\/product\/123","targetHints":{"allow":["GET"]}}],"collection":[{"href":"https:\/\/sunflaser.com\/fr\/wp-json\/wp\/v2\/product"}],"about":[{"href":"https:\/\/sunflaser.com\/fr\/wp-json\/wp\/v2\/types\/product"}],"replies":[{"embeddable":true,"href":"https:\/\/sunflaser.com\/fr\/wp-json\/wp\/v2\/comments?post=123"}],"version-history":[{"count":0,"href":"https:\/\/sunflaser.com\/fr\/wp-json\/wp\/v2\/product\/123\/revisions"}],"wp:featuredmedia":[{"embeddable":true,"href":"https:\/\/sunflaser.com\/fr\/wp-json\/wp\/v2\/media\/7408"}],"wp:attachment":[{"href":"https:\/\/sunflaser.com\/fr\/wp-json\/wp\/v2\/media?parent=123"}],"wp:term":[{"taxonomy":"product_brand","embeddable":true,"href":"https:\/\/sunflaser.com\/fr\/wp-json\/wp\/v2\/product_brand?post=123"},{"taxonomy":"product_cat","embeddable":true,"href":"https:\/\/sunflaser.com\/fr\/wp-json\/wp\/v2\/product_cat?post=123"},{"taxonomy":"product_tag","embeddable":true,"href":"https:\/\/sunflaser.com\/fr\/wp-json\/wp\/v2\/product_tag?post=123"}],"curies":[{"name":"wp","href":"https:\/\/api.w.org\/{rel}","templated":true}]}}