{"id":121,"date":"2025-04-30T14:35:10","date_gmt":"2025-04-30T06:35:10","guid":{"rendered":"https:\/\/sunflaser.com\/?post_type=product&#038;p=121"},"modified":"2025-09-25T22:44:32","modified_gmt":"2025-09-26T05:44:32","slug":"1064nm-laser-designator-rangefinder-40mj-25000m-sfc40g","status":"publish","type":"product","link":"https:\/\/sunflaser.com\/fr\/shop\/1064nm-laser-designator-rangefinder-40mj-25000m-sfc40g\/","title":{"rendered":"1064nm Laser Target Designator &amp; Rangefinder 40mJ 25km SFC40G"},"content":{"rendered":"<h3><strong>Caract\u00e9ristiques principales<\/strong><\/h3>\n<ol>\n<li>\u200b<strong>Dual-Function Laser System<\/strong>: Integrates \u200b<strong>laser rangefinding<\/strong> (up to 25,000m) and \u200b<strong>encoded illumination<\/strong> (20Hz base frequency) for versatile targeting solutions.<\/li>\n<li>\u200b<strong>Rendement \u00e9nerg\u00e9tique \u00e9lev\u00e9<\/strong>: \u226540mJ pulse energy with \u00b11\u03bcs encoding precision ensures reliable, repeatable performance.<\/li>\n<li>\u200b<strong>Rapid Operation<\/strong>: \u22641-minute startup time and 5Hz continuous ranging for real-time data acquisition.<\/li>\n<li>\u200b<strong>Durabilit\u00e9 de niveau militaire<\/strong>: Operates in temperatures from -40\u00b0C ~ +60\u00b0C and withstands altitudes up to 4,500m.<\/li>\n<li>\u200b<strong>Built-In Diagnostics<\/strong>: Self-testing (power-on, startup, periodic) and fault reporting for minimal downtime.<\/li>\n<\/ol>\n<hr \/>\n<h3><strong>Applications<\/strong><\/h3>\n<ul>\n<li>\u200b<strong>D\u00e9fense et s\u00e9curit\u00e9<\/strong>: Target acquisition, artillery guidance, and reconnaissance.<\/li>\n<li>\u200b<strong>Inspection industrielle<\/strong>: Mesures \u00e0 long terme pour les secteurs de l'infrastructure, de l'exploitation mini\u00e8re et de l'\u00e9nergie.<\/li>\n<li>\u200b<strong>Recherche et sauvetage<\/strong>: High-altitude or low-visibility environment operations.<\/li>\n<li>\u200b<strong>Drone Navigation<\/strong>: Integration with UAV systems for precision mapping.<\/li>\n<\/ul>\n<hr \/>\n<h3><strong>Sp\u00e9cifications techniques<\/strong><\/h3>\n\n<table id=\"tablepress-30\" class=\"tablepress tablepress-id-30\">\n<thead>\n<tr class=\"row-1\">\n\t<th class=\"column-1\"><strong>Param\u00e8tres<\/strong><\/th><th class=\"column-2\"><strong>Sp\u00e9cifications<\/strong><\/th>\n<\/tr>\n<\/thead>\n<tbody class=\"row-striping row-hover\">\n<tr class=\"row-2\">\n\t<td class=\"column-1\">Type de laser<\/td><td class=\"column-2\">Laser \u00e0 l'\u00e9tat solide pomp\u00e9 par un semi-conducteur, non refroidi et sans contr\u00f4le de la temp\u00e9rature<\/td>\n<\/tr>\n<tr class=\"row-3\">\n\t<td class=\"column-1\">Longueur d'onde du laser<\/td><td class=\"column-2\">1064 nm \u00b1 3nm<\/td>\n<\/tr>\n<tr class=\"row-4\">\n\t<td class=\"column-1\">\u00c9nergie laser<\/td><td class=\"column-2\">\u2265 40 mJ<\/td>\n<\/tr>\n<tr class=\"row-5\">\n\t<td class=\"column-1\">Largeur d'impulsion du laser<\/td><td class=\"column-2\">15 \u00b1 5 ns<\/td>\n<\/tr>\n<tr class=\"row-6\">\n\t<td class=\"column-1\">Temps de pr\u00e9paration de l'op\u00e9ration<\/td><td class=\"column-2\">\u2264 1 min<\/td>\n<\/tr>\n<tr class=\"row-7\">\n\t<td class=\"column-1\">Angle de divergence du faisceau<\/td><td class=\"column-2\">\u2264 0.4 mrad<\/td>\n<\/tr>\n<tr class=\"row-8\">\n\t<td class=\"column-1\">Fluctuation de l'\u00e9nergie d'une impulsion laser unique au cours d'un cycle<\/td><td class=\"column-2\">\u2264 8% (\u00e0 l'exclusion des 2 premi\u00e8res secondes)<\/td>\n<\/tr>\n<tr class=\"row-9\">\n\t<td class=\"column-1\">Erreur de t\u00e9l\u00e9m\u00e9trie laser<\/td><td class=\"column-2\">\u00b1 5 m<\/td>\n<\/tr>\n<tr class=\"row-10\">\n\t<td class=\"column-1\">Fr\u00e9quence de t\u00e9l\u00e9m\u00e9trie<\/td><td class=\"column-2\">5 Hz<\/td>\n<\/tr>\n<tr class=\"row-11\">\n\t<td class=\"column-1\">Fr\u00e9quence fondamentale d'irradiation<\/td><td class=\"column-2\">20 Hz<\/td>\n<\/tr>\n<tr class=\"row-12\">\n\t<td class=\"column-1\">Codage laser<\/td><td class=\"column-2\">R\u00e9serv\u00e9 8 groupes de codage \u00e0 fr\u00e9quence fixe int\u00e9gr\u00e9s<\/td>\n<\/tr>\n<tr class=\"row-13\">\n\t<td class=\"column-1\">Pr\u00e9cision du codage de l'irradiation<\/td><td class=\"column-2\">\u2264 \u00b1 1 \u03bcs<\/td>\n<\/tr>\n<tr class=\"row-14\">\n\t<td class=\"column-1\">Distance de t\u00e9l\u00e9m\u00e9trie (grande cible, sol-sol)<\/td><td class=\"column-2\">300 m - 25 000 m<br \/>\n (visibilit\u00e9 non inf\u00e9rieure \u00e0 23 km, turbulences atmosph\u00e9riques mod\u00e9r\u00e9es, altitude de vol 6 km, coefficient de r\u00e9flexion de la cible 0,2)<\/td>\n<\/tr>\n<tr class=\"row-15\">\n\t<td class=\"column-1\">Dur\u00e9e de l'irradiation laser continue<\/td><td class=\"column-2\">One irradiation time is not less than 60 seconds, with an interval not greater than 60 seconds, continuous irradiation for 2 cycles; after 2 cycles, the irradiation time interval after the next irradiation 30 minutes<\/td>\n<\/tr>\n<tr class=\"row-16\">\n\t<td class=\"column-1\">Dur\u00e9e de la t\u00e9l\u00e9m\u00e9trie laser continue<\/td><td class=\"column-2\">Not less than 1 min (5 Hz)<\/td>\n<\/tr>\n<tr class=\"row-17\">\n\t<td class=\"column-1\">Parallelism between laser optical axis and installation reference plane<\/td><td class=\"column-2\">Deviation of laser optical axis \/ installation base plane \u2264 0.6 mrad<\/td>\n<\/tr>\n<tr class=\"row-18\">\n\t<td class=\"column-1\">Overall Dimensions (L \u00d7 W \u00d7 H)<\/td><td class=\"column-2\">\u2264 103 mm \u00d7 89.5 mm \u00d7 50.5 mm<\/td>\n<\/tr>\n<tr class=\"row-19\">\n\t<td class=\"column-1\">Poids<\/td><td class=\"column-2\">\u2264 535 g<\/td>\n<\/tr>\n<tr class=\"row-20\">\n\t<td class=\"column-1\">Temp\u00e9rature de fonctionnement<\/td><td class=\"column-2\">-40 \u2103 ~ +60 \u2103<\/td>\n<\/tr>\n<tr class=\"row-21\">\n\t<td class=\"column-1\">Temp\u00e9rature de stockage<\/td><td class=\"column-2\">-55 \u2103 ~ +70 \u2103<\/td>\n<\/tr>\n<tr class=\"row-22\">\n\t<td class=\"column-1\">Max Operating Altitude<\/td><td class=\"column-2\">4500 m<\/td>\n<\/tr>\n<\/tbody>\n<\/table>\n\n<p>Note\uff1aToutes les sp\u00e9cifications de performance et les interfaces peuvent \u00eatre personnalis\u00e9es pour r\u00e9pondre \u00e0 des besoins sp\u00e9cifiques.<\/p>\n<hr \/>\n<h3><strong>Conformit\u00e9 et certifications<\/strong><\/h3>\n<ul>\n<li>Tested to military environmental standards (referencing GJB 150A, GJB 151B).<\/li>\n<li>Meets electromagnetic compatibility (EMC) and maintenance requirements for defense applications.<\/li>\n<\/ul>\n<hr \/>\n<h3><strong>Why Choose SFC40G<\/strong><strong>?<\/strong><\/h3>\n<ul>\n<li>\u200b<strong>Compact et l\u00e9ger<\/strong>: Easy integration into mobile platforms.<\/li>\n<li>\u200b<strong>Faible entretien<\/strong>: 30-minute replacement time and modular design.<\/li>\n<li>\u200b<strong>Energy Efficient<\/strong>: Optimized power consumption for extended field use.<\/li>\n<\/ul>","protected":false},"excerpt":{"rendered":"<p>The SFC40G Laser Target Designator &amp; Rangefinder module is a cutting-edge, military-grade device designed for high-precision distance measurement and laser targeting. Combining advanced semiconductor-pumped solid-state laser technology with ruggedized construction, this compact system delivers unparalleled performance in extreme conditions, making it ideal for defense, industrial, and emergency response applications.<\/p>","protected":false},"featured_media":7476,"comment_status":"closed","ping_status":"closed","template":"","meta":[],"product_brand":[],"product_cat":[96],"product_tag":[],"class_list":{"0":"post-121","1":"product","2":"type-product","3":"status-publish","4":"has-post-thumbnail","6":"product_cat-1064nm-laser-target-designator-rangefinder","8":"first","9":"instock","10":"shipping-taxable","11":"product-type-simple"},"yoast_head":"<!-- This site is optimized with the Yoast SEO Premium plugin v24.8 (Yoast SEO v26.6) - https:\/\/yoast.com\/wordpress\/plugins\/seo\/ -->\n<title>1064nm Laser Target Designator &amp; Rangefinder 40mJ 25km SFC40G - SunFlaser Tech<\/title>\n<meta name=\"robots\" content=\"index, follow, max-snippet:-1, max-image-preview:large, max-video-preview:-1\" \/>\n<link rel=\"canonical\" href=\"https:\/\/sunflaser.com\/fr\/shop\/1064nm-laser-designator-rangefinder-40mj-25000m-sfc40g\/\" \/>\n<meta property=\"og:locale\" content=\"fr_FR\" \/>\n<meta property=\"og:type\" content=\"article\" \/>\n<meta property=\"og:title\" content=\"1064nm Laser Target Designator &amp; Rangefinder 40mJ 25km SFC40G\" \/>\n<meta property=\"og:description\" content=\"The SFC40G Laser Target Designator &amp; Rangefinder module is a cutting-edge, military-grade device designed for high-precision distance measurement and laser targeting. Combining advanced semiconductor-pumped solid-state laser technology with ruggedized construction, this compact system delivers unparalleled performance in extreme conditions, making it ideal for defense, industrial, and emergency response applications.\" \/>\n<meta property=\"og:url\" content=\"https:\/\/sunflaser.com\/fr\/shop\/1064nm-laser-designator-rangefinder-40mj-25000m-sfc40g\/\" \/>\n<meta property=\"og:site_name\" content=\"SunFlaser Tech\" \/>\n<meta property=\"article:modified_time\" content=\"2025-09-26T05:44:32+00:00\" \/>\n<meta property=\"og:image\" content=\"https:\/\/sunflaser.com\/wp-content\/uploads\/2025\/04\/SFC40A.png\" \/>\n\t<meta property=\"og:image:width\" content=\"800\" \/>\n\t<meta property=\"og:image:height\" content=\"800\" \/>\n\t<meta property=\"og:image:type\" content=\"image\/png\" \/>\n<meta name=\"twitter:card\" content=\"summary_large_image\" \/>\n<meta name=\"twitter:label1\" content=\"Dur\u00e9e de lecture estim\u00e9e\" \/>\n\t<meta name=\"twitter:data1\" content=\"2 minutes\" \/>\n<script type=\"application\/ld+json\" class=\"yoast-schema-graph\">{\"@context\":\"https:\/\/schema.org\",\"@graph\":[{\"@type\":\"WebPage\",\"@id\":\"https:\/\/sunflaser.com\/shop\/1064nm-laser-designator-rangefinder-40mj-25000m-sfc40g\/\",\"url\":\"https:\/\/sunflaser.com\/shop\/1064nm-laser-designator-rangefinder-40mj-25000m-sfc40g\/\",\"name\":\"1064nm Laser Target Designator & Rangefinder 40mJ 25km SFC40G - SunFlaser Tech\",\"isPartOf\":{\"@id\":\"https:\/\/sunflaser.com\/#website\"},\"primaryImageOfPage\":{\"@id\":\"https:\/\/sunflaser.com\/shop\/1064nm-laser-designator-rangefinder-40mj-25000m-sfc40g\/#primaryimage\"},\"image\":{\"@id\":\"https:\/\/sunflaser.com\/shop\/1064nm-laser-designator-rangefinder-40mj-25000m-sfc40g\/#primaryimage\"},\"thumbnailUrl\":\"https:\/\/sunflaser.com\/wp-content\/uploads\/2025\/04\/SFC40A.png\",\"datePublished\":\"2025-04-30T06:35:10+00:00\",\"dateModified\":\"2025-09-26T05:44:32+00:00\",\"breadcrumb\":{\"@id\":\"https:\/\/sunflaser.com\/shop\/1064nm-laser-designator-rangefinder-40mj-25000m-sfc40g\/#breadcrumb\"},\"inLanguage\":\"fr-FR\",\"potentialAction\":[{\"@type\":\"ReadAction\",\"target\":[\"https:\/\/sunflaser.com\/shop\/1064nm-laser-designator-rangefinder-40mj-25000m-sfc40g\/\"]}]},{\"@type\":\"ImageObject\",\"inLanguage\":\"fr-FR\",\"@id\":\"https:\/\/sunflaser.com\/shop\/1064nm-laser-designator-rangefinder-40mj-25000m-sfc40g\/#primaryimage\",\"url\":\"https:\/\/sunflaser.com\/wp-content\/uploads\/2025\/04\/SFC40A.png\",\"contentUrl\":\"https:\/\/sunflaser.com\/wp-content\/uploads\/2025\/04\/SFC40A.png\",\"width\":800,\"height\":800},{\"@type\":\"BreadcrumbList\",\"@id\":\"https:\/\/sunflaser.com\/shop\/1064nm-laser-designator-rangefinder-40mj-25000m-sfc40g\/#breadcrumb\",\"itemListElement\":[{\"@type\":\"ListItem\",\"position\":1,\"name\":\"\u9996\u9875\",\"item\":\"https:\/\/sunflaser.com\/\"},{\"@type\":\"ListItem\",\"position\":2,\"name\":\"Product\",\"item\":\"https:\/\/sunflaser.com\/product\/\"},{\"@type\":\"ListItem\",\"position\":3,\"name\":\"1064nm Laser Target Designator &#038; Rangefinder 40mJ 25km SFC40G\"}]},{\"@type\":\"WebSite\",\"@id\":\"https:\/\/sunflaser.com\/#website\",\"url\":\"https:\/\/sunflaser.com\/\",\"name\":\"SunFlaser Tech\",\"description\":\"\",\"publisher\":{\"@id\":\"https:\/\/sunflaser.com\/#organization\"},\"potentialAction\":[{\"@type\":\"SearchAction\",\"target\":{\"@type\":\"EntryPoint\",\"urlTemplate\":\"https:\/\/sunflaser.com\/?s={search_term_string}\"},\"query-input\":{\"@type\":\"PropertyValueSpecification\",\"valueRequired\":true,\"valueName\":\"search_term_string\"}}],\"inLanguage\":\"fr-FR\"},{\"@type\":\"Organization\",\"@id\":\"https:\/\/sunflaser.com\/#organization\",\"name\":\"\u76db\u98de\u5149\u901f\u79d1\u6280\uff08\u6210\u90fd\uff09\u6709\u9650\u516c\u53f8\",\"alternateName\":\"\u76db\u98de\u5149\u901f\u79d1\u6280\uff08\u6210\u90fd\uff09\u6709\u9650\u516c\u53f8\",\"url\":\"https:\/\/sunflaser.com\/\",\"logo\":{\"@type\":\"ImageObject\",\"inLanguage\":\"fr-FR\",\"@id\":\"https:\/\/sunflaser.com\/#\/schema\/logo\/image\/\",\"url\":\"https:\/\/sunflaser.com\/wp-content\/uploads\/2025\/05\/Modern-S-Letter-Logo.png\",\"contentUrl\":\"https:\/\/sunflaser.com\/wp-content\/uploads\/2025\/05\/Modern-S-Letter-Logo.png\",\"width\":1024,\"height\":289,\"caption\":\"\u76db\u98de\u5149\u901f\u79d1\u6280\uff08\u6210\u90fd\uff09\u6709\u9650\u516c\u53f8\"},\"image\":{\"@id\":\"https:\/\/sunflaser.com\/#\/schema\/logo\/image\/\"}}]}<\/script>\n<!-- \/ Yoast SEO Premium plugin. -->","yoast_head_json":{"title":"1064nm Laser Target Designator & Rangefinder 40mJ 25km SFC40G - SunFlaser Tech","robots":{"index":"index","follow":"follow","max-snippet":"max-snippet:-1","max-image-preview":"max-image-preview:large","max-video-preview":"max-video-preview:-1"},"canonical":"https:\/\/sunflaser.com\/fr\/shop\/1064nm-laser-designator-rangefinder-40mj-25000m-sfc40g\/","og_locale":"fr_FR","og_type":"article","og_title":"1064nm Laser Target Designator & Rangefinder 40mJ 25km SFC40G","og_description":"The SFC40G Laser Target Designator &amp; Rangefinder module is a cutting-edge, military-grade device designed for high-precision distance measurement and laser targeting. Combining advanced semiconductor-pumped solid-state laser technology with ruggedized construction, this compact system delivers unparalleled performance in extreme conditions, making it ideal for defense, industrial, and emergency response applications.","og_url":"https:\/\/sunflaser.com\/fr\/shop\/1064nm-laser-designator-rangefinder-40mj-25000m-sfc40g\/","og_site_name":"SunFlaser Tech","article_modified_time":"2025-09-26T05:44:32+00:00","og_image":[{"width":800,"height":800,"url":"https:\/\/sunflaser.com\/wp-content\/uploads\/2025\/04\/SFC40A.png","type":"image\/png"}],"twitter_card":"summary_large_image","twitter_misc":{"Dur\u00e9e de lecture estim\u00e9e":"2 minutes"},"schema":{"@context":"https:\/\/schema.org","@graph":[{"@type":"WebPage","@id":"https:\/\/sunflaser.com\/shop\/1064nm-laser-designator-rangefinder-40mj-25000m-sfc40g\/","url":"https:\/\/sunflaser.com\/shop\/1064nm-laser-designator-rangefinder-40mj-25000m-sfc40g\/","name":"1064nm Laser Target Designator & Rangefinder 40mJ 25km SFC40G - SunFlaser Tech","isPartOf":{"@id":"https:\/\/sunflaser.com\/#website"},"primaryImageOfPage":{"@id":"https:\/\/sunflaser.com\/shop\/1064nm-laser-designator-rangefinder-40mj-25000m-sfc40g\/#primaryimage"},"image":{"@id":"https:\/\/sunflaser.com\/shop\/1064nm-laser-designator-rangefinder-40mj-25000m-sfc40g\/#primaryimage"},"thumbnailUrl":"https:\/\/sunflaser.com\/wp-content\/uploads\/2025\/04\/SFC40A.png","datePublished":"2025-04-30T06:35:10+00:00","dateModified":"2025-09-26T05:44:32+00:00","breadcrumb":{"@id":"https:\/\/sunflaser.com\/shop\/1064nm-laser-designator-rangefinder-40mj-25000m-sfc40g\/#breadcrumb"},"inLanguage":"fr-FR","potentialAction":[{"@type":"ReadAction","target":["https:\/\/sunflaser.com\/shop\/1064nm-laser-designator-rangefinder-40mj-25000m-sfc40g\/"]}]},{"@type":"ImageObject","inLanguage":"fr-FR","@id":"https:\/\/sunflaser.com\/shop\/1064nm-laser-designator-rangefinder-40mj-25000m-sfc40g\/#primaryimage","url":"https:\/\/sunflaser.com\/wp-content\/uploads\/2025\/04\/SFC40A.png","contentUrl":"https:\/\/sunflaser.com\/wp-content\/uploads\/2025\/04\/SFC40A.png","width":800,"height":800},{"@type":"BreadcrumbList","@id":"https:\/\/sunflaser.com\/shop\/1064nm-laser-designator-rangefinder-40mj-25000m-sfc40g\/#breadcrumb","itemListElement":[{"@type":"ListItem","position":1,"name":"\u9996\u9875","item":"https:\/\/sunflaser.com\/"},{"@type":"ListItem","position":2,"name":"Product","item":"https:\/\/sunflaser.com\/product\/"},{"@type":"ListItem","position":3,"name":"1064nm Laser Target Designator &#038; Rangefinder 40mJ 25km SFC40G"}]},{"@type":"WebSite","@id":"https:\/\/sunflaser.com\/#website","url":"https:\/\/sunflaser.com\/","name":"SunFlaser Tech","description":"","publisher":{"@id":"https:\/\/sunflaser.com\/#organization"},"potentialAction":[{"@type":"SearchAction","target":{"@type":"EntryPoint","urlTemplate":"https:\/\/sunflaser.com\/?s={search_term_string}"},"query-input":{"@type":"PropertyValueSpecification","valueRequired":true,"valueName":"search_term_string"}}],"inLanguage":"fr-FR"},{"@type":"Organization","@id":"https:\/\/sunflaser.com\/#organization","name":"\u76db\u98de\u5149\u901f\u79d1\u6280\uff08\u6210\u90fd\uff09\u6709\u9650\u516c\u53f8","alternateName":"\u76db\u98de\u5149\u901f\u79d1\u6280\uff08\u6210\u90fd\uff09\u6709\u9650\u516c\u53f8","url":"https:\/\/sunflaser.com\/","logo":{"@type":"ImageObject","inLanguage":"fr-FR","@id":"https:\/\/sunflaser.com\/#\/schema\/logo\/image\/","url":"https:\/\/sunflaser.com\/wp-content\/uploads\/2025\/05\/Modern-S-Letter-Logo.png","contentUrl":"https:\/\/sunflaser.com\/wp-content\/uploads\/2025\/05\/Modern-S-Letter-Logo.png","width":1024,"height":289,"caption":"\u76db\u98de\u5149\u901f\u79d1\u6280\uff08\u6210\u90fd\uff09\u6709\u9650\u516c\u53f8"},"image":{"@id":"https:\/\/sunflaser.com\/#\/schema\/logo\/image\/"}}]}},"_links":{"self":[{"href":"https:\/\/sunflaser.com\/fr\/wp-json\/wp\/v2\/product\/121","targetHints":{"allow":["GET"]}}],"collection":[{"href":"https:\/\/sunflaser.com\/fr\/wp-json\/wp\/v2\/product"}],"about":[{"href":"https:\/\/sunflaser.com\/fr\/wp-json\/wp\/v2\/types\/product"}],"replies":[{"embeddable":true,"href":"https:\/\/sunflaser.com\/fr\/wp-json\/wp\/v2\/comments?post=121"}],"version-history":[{"count":0,"href":"https:\/\/sunflaser.com\/fr\/wp-json\/wp\/v2\/product\/121\/revisions"}],"wp:featuredmedia":[{"embeddable":true,"href":"https:\/\/sunflaser.com\/fr\/wp-json\/wp\/v2\/media\/7476"}],"wp:attachment":[{"href":"https:\/\/sunflaser.com\/fr\/wp-json\/wp\/v2\/media?parent=121"}],"wp:term":[{"taxonomy":"product_brand","embeddable":true,"href":"https:\/\/sunflaser.com\/fr\/wp-json\/wp\/v2\/product_brand?post=121"},{"taxonomy":"product_cat","embeddable":true,"href":"https:\/\/sunflaser.com\/fr\/wp-json\/wp\/v2\/product_cat?post=121"},{"taxonomy":"product_tag","embeddable":true,"href":"https:\/\/sunflaser.com\/fr\/wp-json\/wp\/v2\/product_tag?post=121"}],"curies":[{"name":"wp","href":"https:\/\/api.w.org\/{rel}","templated":true}]}}