{"id":120,"date":"2025-04-30T14:35:10","date_gmt":"2025-04-30T06:35:10","guid":{"rendered":"https:\/\/sunflaser.com\/?post_type=product&#038;p=120"},"modified":"2025-09-22T23:10:08","modified_gmt":"2025-09-23T06:10:08","slug":"1064nm-laser-designator-rangefinder-80mj-40000m-sfc80g","status":"publish","type":"product","link":"https:\/\/sunflaser.com\/fr\/shop\/1064nm-laser-designator-rangefinder-80mj-40000m-sfc80g\/","title":{"rendered":"1064nm Laser Target Designator &amp; Rangefinder 80mJ 40km SFC80G"},"content":{"rendered":"<h3><strong>Caract\u00e9ristiques principales<\/strong><\/h3>\n<ol>\n<li>\u200b<strong>Double fonction<\/strong>:\n<ul>\n<li>\u200b<strong>T\u00e9l\u00e9m\u00e8tre laser<\/strong>: Mesure avec pr\u00e9cision les distances entre<strong>De 300 m \u00e0 25 000 m<\/strong> (marge d'erreur \u00b15m).<\/li>\n<li>\u200b<strong>Ciblage laser<\/strong>: Supports<strong>Irradiation puls\u00e9e de 20 Hz<\/strong>\u00a0avec<strong>8 modes d'encodage \u00e0 fr\u00e9quence fixe int\u00e9gr\u00e9s<\/strong> pour les op\u00e9rations synchronis\u00e9es.<\/li>\n<\/ul>\n<\/li>\n<li>\u200b<strong>Des performances robustes<\/strong>:\n<ul>\n<li>\u200b<strong>Rendement \u00e9nerg\u00e9tique \u00e9lev\u00e9<\/strong>: \u00e9nergie d'impulsion \u226580mJ avec<strong>0,25 mrad divergence du faisceau<\/strong> pour une stabilit\u00e9 \u00e0 long terme.<\/li>\n<li>\u200b<strong>Activation rapide<\/strong>: Pr\u00eat \u00e0 fonctionner dans un d\u00e9lai de<strong>1 minute<\/strong>, m\u00eame dans des conditions extr\u00eames.<\/li>\n<\/ul>\n<\/li>\n<li>\u200b<strong>Autodiagnostic intelligent<\/strong>:\n<ul>\n<li>Les capacit\u00e9s d'autotest int\u00e9gr\u00e9es (mise sous tension, d\u00e9marrage et v\u00e9rifications p\u00e9riodiques) garantissent la disponibilit\u00e9 op\u00e9rationnelle.<\/li>\n<\/ul>\n<\/li>\n<li>\u200b<strong>Durabilit\u00e9 de niveau militaire<\/strong>:\n<ul>\n<li>Fonctionne \u00e0 des temp\u00e9ratures allant de -40\u00b0C \u00e0 +60\u00b0C et r\u00e9siste \u00e0 des altitudes allant jusqu'\u00e0 -10\u00b0C.<strong>4,500m<\/strong>.<\/li>\n<\/ul>\n<\/li>\n<\/ol>\n<hr \/>\n<h3>\u200b<strong>Applications<\/strong><\/h3>\n<ul>\n<li>\u200b<strong>D\u00e9fense et s\u00e9curit\u00e9<\/strong>: D\u00e9signation des cibles, reconnaissance et synchronisation des munitions guid\u00e9es.<\/li>\n<li>\u200b<strong>A\u00e9rospatiale<\/strong>: Cartographie d'altitude, navigation par drone et analyse de terrain.<\/li>\n<li>\u200b<strong>Inspection industrielle<\/strong>: Mesures \u00e0 long terme pour les secteurs de l'infrastructure, de l'exploitation mini\u00e8re et de l'\u00e9nergie.<\/li>\n<\/ul>\n<hr \/>\n<h3>\u200b<strong>Avantages concurrentiels<\/strong><\/h3>\n<ul>\n<li>\u200b<strong>Ing\u00e9nierie de pr\u00e9cision<\/strong>: Alignement ultra-stable du faisceau (\u22640,1mrad de d\u00e9viation spatiale) et **\u00b11\u03bcs de pr\u00e9cision d'encodage**.<\/li>\n<li>\u200b<strong>Cycles d'utilisation prolong\u00e9s<\/strong>:\n<ul>\n<li>\u200b<strong>Ciblage laser<\/strong>Fonctionnement continu de 60 secondes avec des intervalles de refroidissement de 60 secondes (2 cycles au maximum).<\/li>\n<li>\u200b<strong>T\u00e9l\u00e9m\u00e9trie<\/strong>: 1+ minute d'utilisation continue \u00e0 5Hz.<\/li>\n<\/ul>\n<\/li>\n<li>\u200b<strong>Faible entretien<\/strong>: MTBF de<strong>1 800 heures<\/strong> et une conception modulaire pour un remplacement rapide sur le terrain (&lt;30 minutes).<\/li>\n<\/ul>\n<hr \/>\n<h3>\u200b<strong>Sp\u00e9cifications techniques<\/strong><\/h3>\n\n<table id=\"tablepress-32\" class=\"tablepress tablepress-id-32\">\n<thead>\n<tr class=\"row-1\">\n\t<th class=\"column-1\"><strong>Param\u00e8tres<\/strong><\/th><th class=\"column-2\"><strong>Sp\u00e9cifications<\/strong><\/th>\n<\/tr>\n<\/thead>\n<tbody class=\"row-striping row-hover\">\n<tr class=\"row-2\">\n\t<td class=\"column-1\">Type de laser<\/td><td class=\"column-2\">Laser \u00e0 l'\u00e9tat solide pomp\u00e9 par un semi-conducteur, non refroidi et sans contr\u00f4le de la temp\u00e9rature<\/td>\n<\/tr>\n<tr class=\"row-3\">\n\t<td class=\"column-1\">Longueur d'onde du laser<\/td><td class=\"column-2\">1,064 \u03bcm \u00b1 0,003 \u03bcm<\/td>\n<\/tr>\n<tr class=\"row-4\">\n\t<td class=\"column-1\">\u00c9nergie laser<\/td><td class=\"column-2\">\u2265 80 mJ<\/td>\n<\/tr>\n<tr class=\"row-5\">\n\t<td class=\"column-1\">Largeur d'impulsion du laser<\/td><td class=\"column-2\">15 \u00b1 5 ns<\/td>\n<\/tr>\n<tr class=\"row-6\">\n\t<td class=\"column-1\">Temps de pr\u00e9paration de l'op\u00e9ration<\/td><td class=\"column-2\">\u2264 1 min<\/td>\n<\/tr>\n<tr class=\"row-7\">\n\t<td class=\"column-1\">Angle de divergence du faisceau<\/td><td class=\"column-2\">\u2264 0,25 mrad<\/td>\n<\/tr>\n<tr class=\"row-8\">\n\t<td class=\"column-1\">Instabilit\u00e9 du pointage spatial du faisceau<\/td><td class=\"column-2\">\u2264 0,1 mrad<\/td>\n<\/tr>\n<tr class=\"row-9\">\n\t<td class=\"column-1\">Fluctuation de l'\u00e9nergie d'une impulsion laser unique au cours d'un cycle<\/td><td class=\"column-2\">\u2264 8% (\u00e0 l'exclusion des 2 premi\u00e8res secondes)<\/td>\n<\/tr>\n<tr class=\"row-10\">\n\t<td class=\"column-1\">Erreur de t\u00e9l\u00e9m\u00e9trie laser<\/td><td class=\"column-2\">\u00b1 5 m<\/td>\n<\/tr>\n<tr class=\"row-11\">\n\t<td class=\"column-1\">Fr\u00e9quence de t\u00e9l\u00e9m\u00e9trie<\/td><td class=\"column-2\">5 Hz<\/td>\n<\/tr>\n<tr class=\"row-12\">\n\t<td class=\"column-1\">Fr\u00e9quence fondamentale d'irradiation<\/td><td class=\"column-2\">20 Hz<\/td>\n<\/tr>\n<tr class=\"row-13\">\n\t<td class=\"column-1\">Codage laser<\/td><td class=\"column-2\">R\u00e9serv\u00e9 8 groupes de codage \u00e0 fr\u00e9quence fixe int\u00e9gr\u00e9s<\/td>\n<\/tr>\n<tr class=\"row-14\">\n\t<td class=\"column-1\">Pr\u00e9cision du codage de l'irradiation<\/td><td class=\"column-2\">\u2264 \u00b1 1 \u03bcs<\/td>\n<\/tr>\n<tr class=\"row-15\">\n\t<td class=\"column-1\">Distance de t\u00e9l\u00e9m\u00e9trie (grande cible, sol-sol)<\/td><td class=\"column-2\">300 m - 25 000 m\u00a0<br \/>\n(visibilit\u00e9 non inf\u00e9rieure \u00e0 23 km, turbulences atmosph\u00e9riques mod\u00e9r\u00e9es, altitude de vol 6 km, coefficient de r\u00e9flexion de la cible 0,2)<\/td>\n<\/tr>\n<tr class=\"row-16\">\n\t<td class=\"column-1\">Dur\u00e9e de l'irradiation laser continue<\/td><td class=\"column-2\">Une dur\u00e9e d'irradiation n'est pas inf\u00e9rieure \u00e0 60 secondes, avec un intervalle de 60 secondes maximum, irradiation continue pendant 2 cycles ; apr\u00e8s 2 cycles, l'intervalle de temps d'irradiation apr\u00e8s l'irradiation suivante est de 30 minutes.<\/td>\n<\/tr>\n<tr class=\"row-17\">\n\t<td class=\"column-1\">Dur\u00e9e de la t\u00e9l\u00e9m\u00e9trie laser continue<\/td><td class=\"column-2\">\u2265 1 min (5 Hz)<\/td>\n<\/tr>\n<tr class=\"row-18\">\n\t<td class=\"column-1\">Parall\u00e9lisme entre l'axe optique du laser et le plan de r\u00e9f\u00e9rence de l'installation<\/td><td class=\"column-2\">D\u00e9viation de l'axe optique du laser par rapport au plan de base de l'installation \u2264 0,6 mrad<\/td>\n<\/tr>\n<\/tbody>\n<\/table>\n\n<p>Note\uff1aToutes les sp\u00e9cifications de performance et les interfaces peuvent \u00eatre personnalis\u00e9es pour r\u00e9pondre \u00e0 des besoins sp\u00e9cifiques.<\/p>\n<hr \/>\n<h3>\u200b<strong>Conformit\u00e9 et certifications<\/strong><\/h3>\n<ul>\n<li>R\u00e9unions<strong>GJB 150A-2009<\/strong> (essais environnementaux) et<strong>GJB 151B-2013<\/strong> (normes CEM).<\/li>\n<li>Protocoles de s\u00e9curit\u00e9 align\u00e9s sur<strong>GJB 900<\/strong> et<strong>GJB\/Z 102<\/strong>.<\/li>\n<\/ul>\n<p>&nbsp;<\/p>","protected":false},"excerpt":{"rendered":"<p>Le d\u00e9signateur de cibles et t\u00e9l\u00e9m\u00e8tre laser SFC80A est un appareil compact et robuste con\u00e7u pour le ciblage de haute pr\u00e9cision, la t\u00e9l\u00e9m\u00e9trie et l'irradiation laser cod\u00e9e. Combinant la technologie avanc\u00e9e des lasers \u00e0 l'\u00e9tat solide pomp\u00e9s par semi-conducteur avec une adaptabilit\u00e9 environnementale robuste, il offre des performances exceptionnelles dans des conditions extr\u00eames.<\/p>","protected":false},"featured_media":7477,"comment_status":"closed","ping_status":"closed","template":"","meta":[],"product_brand":[],"product_cat":[96],"product_tag":[],"class_list":{"0":"post-120","1":"product","2":"type-product","3":"status-publish","4":"has-post-thumbnail","6":"product_cat-1064nm-laser-target-designator-rangefinder","8":"first","9":"instock","10":"shipping-taxable","11":"product-type-simple"},"yoast_head":"<!-- This site is optimized with the Yoast SEO Premium plugin v24.8 (Yoast SEO v26.6) - https:\/\/yoast.com\/wordpress\/plugins\/seo\/ -->\n<title>1064nm Laser Target Designator &amp; Rangefinder 80mJ 40km SFC80G - SunFlaser Tech<\/title>\n<meta name=\"description\" content=\"The SFC80A Laser Target Designator &amp; Rangefinder is a compact and ruggedized device engineered for high-precision targeting, ranging, and encoded laser irradiation.\" \/>\n<meta name=\"robots\" content=\"index, follow, max-snippet:-1, max-image-preview:large, max-video-preview:-1\" \/>\n<link rel=\"canonical\" href=\"https:\/\/sunflaser.com\/fr\/shop\/1064nm-laser-designator-rangefinder-80mj-40000m-sfc80g\/\" \/>\n<meta property=\"og:locale\" content=\"fr_FR\" \/>\n<meta property=\"og:type\" content=\"article\" \/>\n<meta property=\"og:title\" content=\"1064nm Laser Target Designator &amp; Rangefinder 80mJ 40km SFC80G\" \/>\n<meta property=\"og:description\" content=\"The SFC80A Laser Target Designator &amp; Rangefinder is a compact and ruggedized device engineered for high-precision targeting, ranging, and encoded laser irradiation.\" \/>\n<meta property=\"og:url\" content=\"https:\/\/sunflaser.com\/fr\/shop\/1064nm-laser-designator-rangefinder-80mj-40000m-sfc80g\/\" \/>\n<meta property=\"og:site_name\" content=\"SunFlaser Tech\" \/>\n<meta property=\"article:modified_time\" content=\"2025-09-23T06:10:08+00:00\" \/>\n<meta property=\"og:image\" content=\"https:\/\/sunflaser.com\/wp-content\/uploads\/2025\/04\/SFC80A.png\" \/>\n\t<meta property=\"og:image:width\" content=\"800\" \/>\n\t<meta property=\"og:image:height\" content=\"800\" \/>\n\t<meta property=\"og:image:type\" content=\"image\/png\" \/>\n<meta name=\"twitter:card\" content=\"summary_large_image\" \/>\n<meta name=\"twitter:label1\" content=\"Dur\u00e9e de lecture estim\u00e9e\" \/>\n\t<meta name=\"twitter:data1\" content=\"2 minutes\" \/>\n<script type=\"application\/ld+json\" class=\"yoast-schema-graph\">{\"@context\":\"https:\/\/schema.org\",\"@graph\":[{\"@type\":\"WebPage\",\"@id\":\"https:\/\/sunflaser.com\/shop\/1064nm-laser-designator-rangefinder-80mj-40000m-sfc80g\/\",\"url\":\"https:\/\/sunflaser.com\/shop\/1064nm-laser-designator-rangefinder-80mj-40000m-sfc80g\/\",\"name\":\"1064nm Laser Target Designator & Rangefinder 80mJ 40km SFC80G - SunFlaser Tech\",\"isPartOf\":{\"@id\":\"https:\/\/sunflaser.com\/#website\"},\"primaryImageOfPage\":{\"@id\":\"https:\/\/sunflaser.com\/shop\/1064nm-laser-designator-rangefinder-80mj-40000m-sfc80g\/#primaryimage\"},\"image\":{\"@id\":\"https:\/\/sunflaser.com\/shop\/1064nm-laser-designator-rangefinder-80mj-40000m-sfc80g\/#primaryimage\"},\"thumbnailUrl\":\"https:\/\/sunflaser.com\/wp-content\/uploads\/2025\/04\/SFC80A.png\",\"datePublished\":\"2025-04-30T06:35:10+00:00\",\"dateModified\":\"2025-09-23T06:10:08+00:00\",\"description\":\"The SFC80A Laser Target Designator & Rangefinder is a compact and ruggedized device engineered for high-precision targeting, ranging, and encoded laser irradiation.\",\"breadcrumb\":{\"@id\":\"https:\/\/sunflaser.com\/shop\/1064nm-laser-designator-rangefinder-80mj-40000m-sfc80g\/#breadcrumb\"},\"inLanguage\":\"fr-FR\",\"potentialAction\":[{\"@type\":\"ReadAction\",\"target\":[\"https:\/\/sunflaser.com\/shop\/1064nm-laser-designator-rangefinder-80mj-40000m-sfc80g\/\"]}]},{\"@type\":\"ImageObject\",\"inLanguage\":\"fr-FR\",\"@id\":\"https:\/\/sunflaser.com\/shop\/1064nm-laser-designator-rangefinder-80mj-40000m-sfc80g\/#primaryimage\",\"url\":\"https:\/\/sunflaser.com\/wp-content\/uploads\/2025\/04\/SFC80A.png\",\"contentUrl\":\"https:\/\/sunflaser.com\/wp-content\/uploads\/2025\/04\/SFC80A.png\",\"width\":800,\"height\":800},{\"@type\":\"BreadcrumbList\",\"@id\":\"https:\/\/sunflaser.com\/shop\/1064nm-laser-designator-rangefinder-80mj-40000m-sfc80g\/#breadcrumb\",\"itemListElement\":[{\"@type\":\"ListItem\",\"position\":1,\"name\":\"\u9996\u9875\",\"item\":\"https:\/\/sunflaser.com\/\"},{\"@type\":\"ListItem\",\"position\":2,\"name\":\"Product\",\"item\":\"https:\/\/sunflaser.com\/product\/\"},{\"@type\":\"ListItem\",\"position\":3,\"name\":\"1064nm Laser Target Designator &#038; Rangefinder 80mJ 40km SFC80G\"}]},{\"@type\":\"WebSite\",\"@id\":\"https:\/\/sunflaser.com\/#website\",\"url\":\"https:\/\/sunflaser.com\/\",\"name\":\"SunFlaser Tech\",\"description\":\"\",\"publisher\":{\"@id\":\"https:\/\/sunflaser.com\/#organization\"},\"potentialAction\":[{\"@type\":\"SearchAction\",\"target\":{\"@type\":\"EntryPoint\",\"urlTemplate\":\"https:\/\/sunflaser.com\/?s={search_term_string}\"},\"query-input\":{\"@type\":\"PropertyValueSpecification\",\"valueRequired\":true,\"valueName\":\"search_term_string\"}}],\"inLanguage\":\"fr-FR\"},{\"@type\":\"Organization\",\"@id\":\"https:\/\/sunflaser.com\/#organization\",\"name\":\"\u76db\u98de\u5149\u901f\u79d1\u6280\uff08\u6210\u90fd\uff09\u6709\u9650\u516c\u53f8\",\"alternateName\":\"\u76db\u98de\u5149\u901f\u79d1\u6280\uff08\u6210\u90fd\uff09\u6709\u9650\u516c\u53f8\",\"url\":\"https:\/\/sunflaser.com\/\",\"logo\":{\"@type\":\"ImageObject\",\"inLanguage\":\"fr-FR\",\"@id\":\"https:\/\/sunflaser.com\/#\/schema\/logo\/image\/\",\"url\":\"https:\/\/sunflaser.com\/wp-content\/uploads\/2025\/05\/Modern-S-Letter-Logo.png\",\"contentUrl\":\"https:\/\/sunflaser.com\/wp-content\/uploads\/2025\/05\/Modern-S-Letter-Logo.png\",\"width\":1024,\"height\":289,\"caption\":\"\u76db\u98de\u5149\u901f\u79d1\u6280\uff08\u6210\u90fd\uff09\u6709\u9650\u516c\u53f8\"},\"image\":{\"@id\":\"https:\/\/sunflaser.com\/#\/schema\/logo\/image\/\"}}]}<\/script>\n<!-- \/ Yoast SEO Premium plugin. -->","yoast_head_json":{"title":"1064nm Laser Target Designator & Rangefinder 80mJ 40km SFC80G - SunFlaser Tech","description":"The SFC80A Laser Target Designator & Rangefinder is a compact and ruggedized device engineered for high-precision targeting, ranging, and encoded laser irradiation.","robots":{"index":"index","follow":"follow","max-snippet":"max-snippet:-1","max-image-preview":"max-image-preview:large","max-video-preview":"max-video-preview:-1"},"canonical":"https:\/\/sunflaser.com\/fr\/shop\/1064nm-laser-designator-rangefinder-80mj-40000m-sfc80g\/","og_locale":"fr_FR","og_type":"article","og_title":"1064nm Laser Target Designator & Rangefinder 80mJ 40km SFC80G","og_description":"The SFC80A Laser Target Designator & Rangefinder is a compact and ruggedized device engineered for high-precision targeting, ranging, and encoded laser irradiation.","og_url":"https:\/\/sunflaser.com\/fr\/shop\/1064nm-laser-designator-rangefinder-80mj-40000m-sfc80g\/","og_site_name":"SunFlaser Tech","article_modified_time":"2025-09-23T06:10:08+00:00","og_image":[{"width":800,"height":800,"url":"https:\/\/sunflaser.com\/wp-content\/uploads\/2025\/04\/SFC80A.png","type":"image\/png"}],"twitter_card":"summary_large_image","twitter_misc":{"Dur\u00e9e de lecture estim\u00e9e":"2 minutes"},"schema":{"@context":"https:\/\/schema.org","@graph":[{"@type":"WebPage","@id":"https:\/\/sunflaser.com\/shop\/1064nm-laser-designator-rangefinder-80mj-40000m-sfc80g\/","url":"https:\/\/sunflaser.com\/shop\/1064nm-laser-designator-rangefinder-80mj-40000m-sfc80g\/","name":"1064nm Laser Target Designator & Rangefinder 80mJ 40km SFC80G - SunFlaser Tech","isPartOf":{"@id":"https:\/\/sunflaser.com\/#website"},"primaryImageOfPage":{"@id":"https:\/\/sunflaser.com\/shop\/1064nm-laser-designator-rangefinder-80mj-40000m-sfc80g\/#primaryimage"},"image":{"@id":"https:\/\/sunflaser.com\/shop\/1064nm-laser-designator-rangefinder-80mj-40000m-sfc80g\/#primaryimage"},"thumbnailUrl":"https:\/\/sunflaser.com\/wp-content\/uploads\/2025\/04\/SFC80A.png","datePublished":"2025-04-30T06:35:10+00:00","dateModified":"2025-09-23T06:10:08+00:00","description":"The SFC80A Laser Target Designator & Rangefinder is a compact and ruggedized device engineered for high-precision targeting, ranging, and encoded laser irradiation.","breadcrumb":{"@id":"https:\/\/sunflaser.com\/shop\/1064nm-laser-designator-rangefinder-80mj-40000m-sfc80g\/#breadcrumb"},"inLanguage":"fr-FR","potentialAction":[{"@type":"ReadAction","target":["https:\/\/sunflaser.com\/shop\/1064nm-laser-designator-rangefinder-80mj-40000m-sfc80g\/"]}]},{"@type":"ImageObject","inLanguage":"fr-FR","@id":"https:\/\/sunflaser.com\/shop\/1064nm-laser-designator-rangefinder-80mj-40000m-sfc80g\/#primaryimage","url":"https:\/\/sunflaser.com\/wp-content\/uploads\/2025\/04\/SFC80A.png","contentUrl":"https:\/\/sunflaser.com\/wp-content\/uploads\/2025\/04\/SFC80A.png","width":800,"height":800},{"@type":"BreadcrumbList","@id":"https:\/\/sunflaser.com\/shop\/1064nm-laser-designator-rangefinder-80mj-40000m-sfc80g\/#breadcrumb","itemListElement":[{"@type":"ListItem","position":1,"name":"\u9996\u9875","item":"https:\/\/sunflaser.com\/"},{"@type":"ListItem","position":2,"name":"Product","item":"https:\/\/sunflaser.com\/product\/"},{"@type":"ListItem","position":3,"name":"1064nm Laser Target Designator &#038; Rangefinder 80mJ 40km SFC80G"}]},{"@type":"WebSite","@id":"https:\/\/sunflaser.com\/#website","url":"https:\/\/sunflaser.com\/","name":"SunFlaser Tech","description":"","publisher":{"@id":"https:\/\/sunflaser.com\/#organization"},"potentialAction":[{"@type":"SearchAction","target":{"@type":"EntryPoint","urlTemplate":"https:\/\/sunflaser.com\/?s={search_term_string}"},"query-input":{"@type":"PropertyValueSpecification","valueRequired":true,"valueName":"search_term_string"}}],"inLanguage":"fr-FR"},{"@type":"Organization","@id":"https:\/\/sunflaser.com\/#organization","name":"\u76db\u98de\u5149\u901f\u79d1\u6280\uff08\u6210\u90fd\uff09\u6709\u9650\u516c\u53f8","alternateName":"\u76db\u98de\u5149\u901f\u79d1\u6280\uff08\u6210\u90fd\uff09\u6709\u9650\u516c\u53f8","url":"https:\/\/sunflaser.com\/","logo":{"@type":"ImageObject","inLanguage":"fr-FR","@id":"https:\/\/sunflaser.com\/#\/schema\/logo\/image\/","url":"https:\/\/sunflaser.com\/wp-content\/uploads\/2025\/05\/Modern-S-Letter-Logo.png","contentUrl":"https:\/\/sunflaser.com\/wp-content\/uploads\/2025\/05\/Modern-S-Letter-Logo.png","width":1024,"height":289,"caption":"\u76db\u98de\u5149\u901f\u79d1\u6280\uff08\u6210\u90fd\uff09\u6709\u9650\u516c\u53f8"},"image":{"@id":"https:\/\/sunflaser.com\/#\/schema\/logo\/image\/"}}]}},"_links":{"self":[{"href":"https:\/\/sunflaser.com\/fr\/wp-json\/wp\/v2\/product\/120","targetHints":{"allow":["GET"]}}],"collection":[{"href":"https:\/\/sunflaser.com\/fr\/wp-json\/wp\/v2\/product"}],"about":[{"href":"https:\/\/sunflaser.com\/fr\/wp-json\/wp\/v2\/types\/product"}],"replies":[{"embeddable":true,"href":"https:\/\/sunflaser.com\/fr\/wp-json\/wp\/v2\/comments?post=120"}],"version-history":[{"count":0,"href":"https:\/\/sunflaser.com\/fr\/wp-json\/wp\/v2\/product\/120\/revisions"}],"wp:featuredmedia":[{"embeddable":true,"href":"https:\/\/sunflaser.com\/fr\/wp-json\/wp\/v2\/media\/7477"}],"wp:attachment":[{"href":"https:\/\/sunflaser.com\/fr\/wp-json\/wp\/v2\/media?parent=120"}],"wp:term":[{"taxonomy":"product_brand","embeddable":true,"href":"https:\/\/sunflaser.com\/fr\/wp-json\/wp\/v2\/product_brand?post=120"},{"taxonomy":"product_cat","embeddable":true,"href":"https:\/\/sunflaser.com\/fr\/wp-json\/wp\/v2\/product_cat?post=120"},{"taxonomy":"product_tag","embeddable":true,"href":"https:\/\/sunflaser.com\/fr\/wp-json\/wp\/v2\/product_tag?post=120"}],"curies":[{"name":"wp","href":"https:\/\/api.w.org\/{rel}","templated":true}]}}