{"id":119,"date":"2025-04-30T14:35:10","date_gmt":"2025-04-30T06:35:10","guid":{"rendered":"https:\/\/sunflaser.com\/?post_type=product&#038;p=119"},"modified":"2025-09-26T02:54:52","modified_gmt":"2025-09-26T09:54:52","slug":"ethernet-output-20x-optical-zoom-starlight-night-vision-drone-camera-with-3-axis-gimbal","status":"publish","type":"product","link":"https:\/\/sunflaser.com\/fr\/shop\/ethernet-output-20x-optical-zoom-starlight-night-vision-drone-camera-with-3-axis-gimbal\/","title":{"rendered":"\u00c9lectro-Optique Pod SFSKY079"},"content":{"rendered":"<p><iframe title=\"Sortie Ethernet Zoom optique 20x + Cam\u00e9ra de vision nocturne \u00e0 lumi\u00e8re \u00e9toil\u00e9e avec cardan 3 axes\" width=\"1778\" height=\"1000\" src=\"https:\/\/www.youtube.com\/embed\/mGFKNeVqxdo?feature=oembed\" frameborder=\"0\" allow=\"accelerometer; autoplay; clipboard-write; encrypted-media; gyroscope; picture-in-picture; web-share\" referrerpolicy=\"strict-origin-when-cross-origin\" allowfullscreen><\/iframe><\/p>\n<h3><strong>Caract\u00e9ristiques principales<\/strong><\/h3>\n<ol>\n<li>\u200b<strong>Int\u00e9gration des trois capteurs<\/strong>\n<ul>\n<li>\u200b<strong>Cam\u00e9ra visible 4K<\/strong>R\u00e9solution de 8MP, longueur focale de 35 mm, FOV de 10,1\u00b0\u00d77,6\u00b0, zoom num\u00e9rique 7x.<\/li>\n<li>\u200b<strong>Cam\u00e9ra visible 1080P<\/strong>R\u00e9solution de 2MP, longueur focale de 6 mm, FOV de 60\u00b0\u00d743\u00b0, zoom num\u00e9rique 9x.<\/li>\n<li>\u200b<strong>Imagerie thermique<\/strong>: r\u00e9solution 640\u00d7512, objectif 45mm, longueur d'onde 8-14\u03bcm, pr\u00e9cision \u00b13\u2103, mesure globale de la temp\u00e9rature.<\/li>\n<\/ul>\n<\/li>\n<li>\u200b<strong>Stabilisation et contr\u00f4le<\/strong>\n<ul>\n<li>Stabilisation sur deux axes avec une pr\u00e9cision de \u00b10,02\u00b0 (tangage\/roulis) et \u00b10,03\u00b0 (lacet).<\/li>\n<li>Correction automatique de la d\u00e9rive, recentrage en un clic et contr\u00f4le adaptatif de la vitesse en fonction du niveau de zoom.<\/li>\n<\/ul>\n<\/li>\n<li>\u200b<strong>Connectivit\u00e9 intelligente<\/strong>\n<ul>\n<li>\u200b<strong>Streaming RTSP<\/strong> pour une sortie vid\u00e9o H.264\/H.265 en temps r\u00e9el.<\/li>\n<li>\u200b<strong>Double enregistrement sur carte TF<\/strong> (4K + 1080P simultan\u00e9s).<\/li>\n<li>Contr\u00f4le par<strong>Ethernet, UART, S.BUS<\/strong>, ou PWM (en option).<\/li>\n<\/ul>\n<\/li>\n<li>\u200b<strong>Des analyses bas\u00e9es sur l'IA<\/strong>\n<ul>\n<li>Suivi d'objets (16\u00d716 \u00e0 256\u00d7256 pixels), reconnaissance de 100 cibles (humains\/v\u00e9hicules) et tol\u00e9rance d'occlusion de 2 secondes.<\/li>\n<\/ul>\n<\/li>\n<\/ol>\n<hr \/>\n<h3>\u200b<strong>Applications<\/strong><\/h3>\n<ul>\n<li>\u200b<strong>S\u00e9curit\u00e9 publique<\/strong>: Recherche et sauvetage, lutte contre les incendies et surveillance.<\/li>\n<li>\u200b<strong>Inspection industrielle<\/strong>: Inspection des lignes \u00e9lectriques, surveillance des pipelines.<\/li>\n<li>\u200b<strong>Surveillance de l'environnement<\/strong>: Suivi de la faune, gestion foresti\u00e8re.<\/li>\n<li>\u200b<strong>Photographie a\u00e9rienne<\/strong>: Des s\u00e9quences cin\u00e9matographiques en 4K avec une imagerie stabilis\u00e9e.<\/li>\n<\/ul>\n<hr \/>\n<h3>\u200b<strong>Principaux arguments de vente<\/strong><\/h3>\n<ul>\n<li>\u200b<strong>Ultra-l\u00e9ger<\/strong>: 510g \u00b110g, id\u00e9al pour l'int\u00e9gration de drones.<\/li>\n<li>\u200b<strong>Fusion de plusieurs capteurs<\/strong>: Commutation transparente entre les alimentations thermique et visible.<\/li>\n<li>\u200b<strong>Faible consommation d'\u00e9nergie<\/strong>Puissance dynamique de 6,4 W pour des missions prolong\u00e9es.<\/li>\n<li>\u200b<strong>Conception robuste<\/strong>: Fonctionne de -10\u00b0C \u00e0 +55\u00b0C et 20-80% d'humidit\u00e9.<\/li>\n<\/ul>\n<hr \/>\n<h3>\u200b<strong>Sp\u00e9cifications<\/strong><\/h3>\n\n<table id=\"tablepress-51\" class=\"tablepress tablepress-id-51\">\n<thead>\n<tr class=\"row-1\">\n\t<th class=\"column-1\"><strong>Param\u00e8tres<\/strong><\/th><th class=\"column-2\"><strong>Sp\u00e9cifications<\/strong><\/th>\n<\/tr>\n<\/thead>\n<tbody class=\"row-striping row-hover\">\n<tr class=\"row-2\">\n\t<td class=\"column-1\">Tension<\/td><td class=\"column-2\">DC 12V-26 .2V<\/td>\n<\/tr>\n<tr class=\"row-3\">\n\t<td class=\"column-1\">Alimentation \u00e9lectrique<\/td><td class=\"column-2\">Dynamique 6,6w<\/td>\n<\/tr>\n<tr class=\"row-4\">\n\t<td class=\"column-1\"><strong>Sp\u00e9cification :<\/strong><\/td><td class=\"column-2\"><\/td>\n<\/tr>\n<tr class=\"row-5\">\n\t<td class=\"column-1\">Angle de lacet<\/td><td class=\"column-2\">-20\u00b0\uff5e+180\u00b0<\/td>\n<\/tr>\n<tr class=\"row-6\">\n\t<td class=\"column-1\">Angle d'inclinaison<\/td><td class=\"column-2\">360\u00b0<\/td>\n<\/tr>\n<tr class=\"row-7\">\n\t<td class=\"column-1\">Angle de gigue en tangage et en roulis<\/td><td class=\"column-2\">\u00b10.02 \u00b0<\/td>\n<\/tr>\n<tr class=\"row-8\">\n\t<td class=\"column-1\">Angle de gigue horizontale<\/td><td class=\"column-2\">\u00b10.03 \u00b0<\/td>\n<\/tr>\n<tr class=\"row-9\">\n\t<td class=\"column-1\">Restauration en un clic<\/td><td class=\"column-2\">R\u00e9tablissement de la position initiale en un seul clic<\/td>\n<\/tr>\n<tr class=\"row-10\">\n\t<td class=\"column-1\">Vitesse de rotation du cardan r\u00e9glable<\/td><td class=\"column-2\">Lorsque le cardan tourne, la vitesse est adapt\u00e9e en fonction du mode de vitesse actuel de la cam\u00e9ra \u00e0 lumi\u00e8re visible multiple.<\/td>\n<\/tr>\n<tr class=\"row-11\">\n\t<td class=\"column-1\">Modes de contr\u00f4le<\/td><td class=\"column-2\">Prise en charge du contr\u00f4le IP du r\u00e9seau, du contr\u00f4le S.BUS, du contr\u00f4le UART (le contr\u00f4le PWM est optionnel)<\/td>\n<\/tr>\n<tr class=\"row-12\">\n\t<td class=\"column-1\"><strong>4K EO :<\/strong><\/td><td class=\"column-2\"><\/td>\n<\/tr>\n<tr class=\"row-13\">\n\t<td class=\"column-1\">CMOS<\/td><td class=\"column-2\">CAPTEUR CMOS \uff1a8MP<\/td>\n<\/tr>\n<tr class=\"row-14\">\n\t<td class=\"column-1\">Zoom dogital<\/td><td class=\"column-2\">Zoom num\u00e9rique 7x<\/td>\n<\/tr>\n<tr class=\"row-15\">\n\t<td class=\"column-1\">Mode de stockage compress\u00e9<\/td><td class=\"column-2\">H264\uff0cH265, streaming vid\u00e9o, stockage local sur carte TF 4K<\/td>\n<\/tr>\n<tr class=\"row-16\">\n\t<td class=\"column-1\">FOV<\/td><td class=\"column-2\">Focale 35 mm, FOV\uff1a 10,1 \u00b0x 7,6 \u00b0<\/td>\n<\/tr>\n<tr class=\"row-17\">\n\t<td class=\"column-1\"><strong>1080P EO :<\/strong><\/td><td class=\"column-2\"><\/td>\n<\/tr>\n<tr class=\"row-18\">\n\t<td class=\"column-1\">CMOS<\/td><td class=\"column-2\">CAPTEUR CMOS \uff1a2MP<\/td>\n<\/tr>\n<tr class=\"row-19\">\n\t<td class=\"column-1\">Zoom dogital<\/td><td class=\"column-2\">Zoom num\u00e9rique 9x<\/td>\n<\/tr>\n<tr class=\"row-20\">\n\t<td class=\"column-1\">Mode de stockage compress\u00e9<\/td><td class=\"column-2\">H264\uff0cVideo streaming local TF card storage 4K<\/td>\n<\/tr>\n<tr class=\"row-21\">\n\t<td class=\"column-1\">FOV<\/td><td class=\"column-2\">Longueur focale de 6 mm\uff0cFOV\uff1a 60 \u00b0x 43 \u00b0<\/td>\n<\/tr>\n<tr class=\"row-22\">\n\t<td class=\"column-1\"><strong>Thermique IR :<\/strong><\/td><td class=\"column-2\"><\/td>\n<\/tr>\n<tr class=\"row-23\">\n\t<td class=\"column-1\">R\u00e9solution<\/td><td class=\"column-2\">640\u00d7512 pixels<\/td>\n<\/tr>\n<tr class=\"row-24\">\n\t<td class=\"column-1\">Espacement des pixels<\/td><td class=\"column-2\">12 \u03bcm<\/td>\n<\/tr>\n<tr class=\"row-25\">\n\t<td class=\"column-1\">Type<\/td><td class=\"column-2\">Oxyde de vanadium non refroidi<\/td>\n<\/tr>\n<tr class=\"row-26\">\n\t<td class=\"column-1\">Gamme de longueurs d'onde<\/td><td class=\"column-2\">8\uff5e14 \u03bcm<\/td>\n<\/tr>\n<tr class=\"row-27\">\n\t<td class=\"column-1\">NETD<\/td><td class=\"column-2\">\u226450mk@25\u2103@F1.0<\/td>\n<\/tr>\n<tr class=\"row-28\">\n\t<td class=\"column-1\">Sortie vid\u00e9o<\/td><td class=\"column-2\">Sortie IP<\/td>\n<\/tr>\n<tr class=\"row-29\">\n\t<td class=\"column-1\">FOV<\/td><td class=\"column-2\">Longueur focale de 45 mm\uff0cFOV\uff1a9,8\u00b0 \u00d77,8\u00b0<\/td>\n<\/tr>\n<tr class=\"row-30\">\n\t<td class=\"column-1\">Mesure de la temp\u00e9rature globale<\/td><td class=\"column-2\">Prise en charge de la mesure globale de la temp\u00e9rature, fonction optionnelle d'enregistrement de la temp\u00e9rature sur l'ensemble du pixel<\/td>\n<\/tr>\n<tr class=\"row-31\">\n\t<td class=\"column-1\"><strong>Identification du suivi :<\/strong><\/td><td class=\"column-2\"><\/td>\n<\/tr>\n<tr class=\"row-32\">\n\t<td class=\"column-1\">Taille minimale reconnue<\/td><td class=\"column-2\">16\u00d716 pixels<\/td>\n<\/tr>\n<tr class=\"row-33\">\n\t<td class=\"column-1\">Taille maximale de la cible de suivi<\/td><td class=\"column-2\">256\u00d7256 pixels<\/td>\n<\/tr>\n<tr class=\"row-34\">\n\t<td class=\"column-1\">Temps d'occlusion maximal<\/td><td class=\"column-2\">2s<\/td>\n<\/tr>\n<tr class=\"row-35\">\n\t<td class=\"column-1\">Vitesse maximale support\u00e9e<\/td><td class=\"column-2\">50pixels\/trame<\/td>\n<\/tr>\n<tr class=\"row-36\">\n\t<td class=\"column-1\">Nombre maximum de reconnaissances<\/td><td class=\"column-2\">100<\/td>\n<\/tr>\n<tr class=\"row-37\">\n\t<td class=\"column-1\">Cat\u00e9gories reconnues<\/td><td class=\"column-2\">Homme et v\u00e9hicule<\/td>\n<\/tr>\n<tr class=\"row-38\">\n\t<td class=\"column-1\">Taille minimale reconnue<\/td><td class=\"column-2\">32\u00d732 pixels<\/td>\n<\/tr>\n<tr class=\"row-39\">\n\t<td class=\"column-1\"><strong>Mode de sortie r\u00e9seau<\/strong><\/td><td class=\"column-2\">1080P 30fps \/4K 30fps<\/td>\n<\/tr>\n<tr class=\"row-40\">\n\t<td class=\"column-1\"><strong>Taille<\/strong><\/td><td class=\"column-2\">\u03c6 :148mm H:136mm<\/td>\n<\/tr>\n<tr class=\"row-41\">\n\t<td class=\"column-1\"><strong>Environnement de travail<\/strong><\/td><td class=\"column-2\">-10\u2103 ~ +55\u2103 \/ 20% ~ 80% RH<\/td>\n<\/tr>\n<tr class=\"row-42\">\n\t<td class=\"column-1\"><strong>Environnement de stockage<\/strong><\/td><td class=\"column-2\">-20\u2103~ +60\u2103 \/ 20% ~ 95% RH<\/td>\n<\/tr>\n<tr class=\"row-43\">\n\t<td class=\"column-1\"><strong>Application<\/strong><\/td><td class=\"column-2\">UAV<\/td>\n<\/tr>\n<tr class=\"row-44\">\n\t<td class=\"column-1\"><strong>Poids<\/strong><\/td><td class=\"column-2\">510\u00b110g<\/td>\n<\/tr>\n<\/tbody>\n<\/table>\n\n<hr \/>\n<h3>\u200b<strong>Conformit\u00e9 et certifications<\/strong><\/h3>\n<p><em>Note : Certifications en attente de confirmation. Les normes communes pour les march\u00e9s sont les suivantes<\/em><\/p>\n<ul>\n<li>\u200b<strong>CE<\/strong> (directive CEM).<strong>FCC<\/strong> (Partie 15B).<strong>RoHS<\/strong>.<\/li>\n<\/ul>\n<hr \/>\n<h3>\u200b<strong>Workflow d'utilisation<\/strong><\/h3>\n<ol>\n<li>\u200b<strong>Mise en place<\/strong>: Montage sur drones\/v\u00e9hicules, connexion via Ethernet\/S.BUS.<\/li>\n<li>\u200b<strong>Mise sous tension<\/strong>: Temps de d\u00e9marrage &lt;20s ; le flux RTSP s&#039;initialise automatiquement.<\/li>\n<li>\u200b<strong>Contr\u00f4le<\/strong>: Utilisez le logiciel de la station terrestre pour le zoom, la mise au point, l'enregistrement et le suivi de l'IA.<\/li>\n<li>\u200b<strong>L'apr\u00e8s-mission<\/strong>: R\u00e9cup\u00e9rer la carte TF ou acc\u00e9der aux fichiers via SMB .<\/li>\n<\/ol>\n<hr \/>\n<p><strong>Pourquoi nous choisir ?<\/strong><br \/>\nNous sommes sp\u00e9cialis\u00e9s dans les solutions d'imagerie int\u00e9gr\u00e9es avec une assistance technique rapide et des mises \u00e0 jour de micrologiciels. <strong>Contactez-nous pour la personnalisation OEM\/ODM et la documentation sur la conformit\u00e9.<\/strong><\/p>","protected":false},"excerpt":{"rendered":"<p>Le SFSKY079 est un appareil l\u00e9ger et de haute pr\u00e9cision.<strong>cardan stabilis\u00e9 \u00e0 deux axes et \u00e0 trois capteurs<\/strong> <strong>cam\u00e9ra<\/strong> con\u00e7u pour des applications industrielles et professionnelles. Il int\u00e8gre<strong>deux cam\u00e9ras \u00e0 lumi\u00e8re visible (4K + 1080P)<\/strong> et un<strong>Module d'imagerie thermique 640\u00d7512<\/strong>, offrant une polyvalence in\u00e9gal\u00e9e pour les op\u00e9rations a\u00e9riennes et terrestres. Avec une latence ultra-faible (170 ms).<strong>Streaming RTSP<\/strong>, et<strong>Double enregistrement sur carte TF<\/strong>, Il permet de capturer et d'analyser des donn\u00e9es en temps r\u00e9el pour des missions critiques.<\/p>","protected":false},"featured_media":7543,"comment_status":"closed","ping_status":"closed","template":"","meta":[],"product_brand":[],"product_cat":[15],"product_tag":[],"class_list":{"0":"post-119","1":"product","2":"type-product","3":"status-publish","4":"has-post-thumbnail","6":"product_cat-electro-optical-pod-product","8":"first","9":"instock","10":"shipping-taxable","11":"product-type-simple"},"yoast_head":"<!-- This site is optimized with the Yoast SEO Premium plugin v24.8 (Yoast SEO v26.6) - https:\/\/yoast.com\/wordpress\/plugins\/seo\/ -->\n<title>Electro-Optical Pod SFSKY079 - SunFlaser Tech<\/title>\n<meta name=\"robots\" content=\"index, follow, max-snippet:-1, max-image-preview:large, max-video-preview:-1\" \/>\n<link rel=\"canonical\" href=\"https:\/\/sunflaser.com\/fr\/shop\/ethernet-output-20x-optical-zoom-starlight-night-vision-drone-camera-with-3-axis-gimbal\/\" \/>\n<meta property=\"og:locale\" content=\"fr_FR\" \/>\n<meta property=\"og:type\" content=\"article\" \/>\n<meta property=\"og:title\" content=\"Electro-Optical Pod SFSKY079\" \/>\n<meta property=\"og:description\" content=\"The SFSKY079 is a lightweight, high-precision \u200btri-sensor two-axis stabilized gimbal camera designed for industrial and professional applications. It integrates \u200bdual visible-light cameras (4K + 1080P) and a \u200b640\u00d7512 thermal imaging module, offering unmatched versatility for aerial and ground-based operations. With ultra-low latency (170ms), \u200bRTSP streaming, and \u200bTF card dual recording, it delivers real-time data capture and analysis for critical missions.\" \/>\n<meta property=\"og:url\" content=\"https:\/\/sunflaser.com\/fr\/shop\/ethernet-output-20x-optical-zoom-starlight-night-vision-drone-camera-with-3-axis-gimbal\/\" \/>\n<meta property=\"og:site_name\" content=\"SunFlaser Tech\" \/>\n<meta property=\"article:modified_time\" content=\"2025-09-26T09:54:52+00:00\" \/>\n<meta property=\"og:image\" content=\"https:\/\/sunflaser.com\/wp-content\/uploads\/2025\/04\/SFSKY079.png\" \/>\n\t<meta property=\"og:image:width\" content=\"800\" \/>\n\t<meta property=\"og:image:height\" content=\"800\" \/>\n\t<meta property=\"og:image:type\" content=\"image\/png\" \/>\n<meta name=\"twitter:card\" content=\"summary_large_image\" \/>\n<meta name=\"twitter:label1\" content=\"Dur\u00e9e de lecture estim\u00e9e\" \/>\n\t<meta name=\"twitter:data1\" content=\"2 minutes\" \/>\n<script type=\"application\/ld+json\" class=\"yoast-schema-graph\">{\"@context\":\"https:\/\/schema.org\",\"@graph\":[{\"@type\":\"WebPage\",\"@id\":\"https:\/\/sunflaser.com\/shop\/ethernet-output-20x-optical-zoom-starlight-night-vision-drone-camera-with-3-axis-gimbal\/\",\"url\":\"https:\/\/sunflaser.com\/shop\/ethernet-output-20x-optical-zoom-starlight-night-vision-drone-camera-with-3-axis-gimbal\/\",\"name\":\"Electro-Optical Pod SFSKY079 - SunFlaser Tech\",\"isPartOf\":{\"@id\":\"https:\/\/sunflaser.com\/#website\"},\"primaryImageOfPage\":{\"@id\":\"https:\/\/sunflaser.com\/shop\/ethernet-output-20x-optical-zoom-starlight-night-vision-drone-camera-with-3-axis-gimbal\/#primaryimage\"},\"image\":{\"@id\":\"https:\/\/sunflaser.com\/shop\/ethernet-output-20x-optical-zoom-starlight-night-vision-drone-camera-with-3-axis-gimbal\/#primaryimage\"},\"thumbnailUrl\":\"https:\/\/sunflaser.com\/wp-content\/uploads\/2025\/04\/SFSKY079.png\",\"datePublished\":\"2025-04-30T06:35:10+00:00\",\"dateModified\":\"2025-09-26T09:54:52+00:00\",\"breadcrumb\":{\"@id\":\"https:\/\/sunflaser.com\/shop\/ethernet-output-20x-optical-zoom-starlight-night-vision-drone-camera-with-3-axis-gimbal\/#breadcrumb\"},\"inLanguage\":\"fr-FR\",\"potentialAction\":[{\"@type\":\"ReadAction\",\"target\":[\"https:\/\/sunflaser.com\/shop\/ethernet-output-20x-optical-zoom-starlight-night-vision-drone-camera-with-3-axis-gimbal\/\"]}]},{\"@type\":\"ImageObject\",\"inLanguage\":\"fr-FR\",\"@id\":\"https:\/\/sunflaser.com\/shop\/ethernet-output-20x-optical-zoom-starlight-night-vision-drone-camera-with-3-axis-gimbal\/#primaryimage\",\"url\":\"https:\/\/sunflaser.com\/wp-content\/uploads\/2025\/04\/SFSKY079.png\",\"contentUrl\":\"https:\/\/sunflaser.com\/wp-content\/uploads\/2025\/04\/SFSKY079.png\",\"width\":800,\"height\":800},{\"@type\":\"BreadcrumbList\",\"@id\":\"https:\/\/sunflaser.com\/shop\/ethernet-output-20x-optical-zoom-starlight-night-vision-drone-camera-with-3-axis-gimbal\/#breadcrumb\",\"itemListElement\":[{\"@type\":\"ListItem\",\"position\":1,\"name\":\"\u9996\u9875\",\"item\":\"https:\/\/sunflaser.com\/\"},{\"@type\":\"ListItem\",\"position\":2,\"name\":\"Product\",\"item\":\"https:\/\/sunflaser.com\/product\/\"},{\"@type\":\"ListItem\",\"position\":3,\"name\":\"Electro-Optical Pod SFSKY079\"}]},{\"@type\":\"WebSite\",\"@id\":\"https:\/\/sunflaser.com\/#website\",\"url\":\"https:\/\/sunflaser.com\/\",\"name\":\"SunFlaser Tech\",\"description\":\"\",\"publisher\":{\"@id\":\"https:\/\/sunflaser.com\/#organization\"},\"potentialAction\":[{\"@type\":\"SearchAction\",\"target\":{\"@type\":\"EntryPoint\",\"urlTemplate\":\"https:\/\/sunflaser.com\/?s={search_term_string}\"},\"query-input\":{\"@type\":\"PropertyValueSpecification\",\"valueRequired\":true,\"valueName\":\"search_term_string\"}}],\"inLanguage\":\"fr-FR\"},{\"@type\":\"Organization\",\"@id\":\"https:\/\/sunflaser.com\/#organization\",\"name\":\"\u76db\u98de\u5149\u901f\u79d1\u6280\uff08\u6210\u90fd\uff09\u6709\u9650\u516c\u53f8\",\"alternateName\":\"\u76db\u98de\u5149\u901f\u79d1\u6280\uff08\u6210\u90fd\uff09\u6709\u9650\u516c\u53f8\",\"url\":\"https:\/\/sunflaser.com\/\",\"logo\":{\"@type\":\"ImageObject\",\"inLanguage\":\"fr-FR\",\"@id\":\"https:\/\/sunflaser.com\/#\/schema\/logo\/image\/\",\"url\":\"https:\/\/sunflaser.com\/wp-content\/uploads\/2025\/05\/Modern-S-Letter-Logo.png\",\"contentUrl\":\"https:\/\/sunflaser.com\/wp-content\/uploads\/2025\/05\/Modern-S-Letter-Logo.png\",\"width\":1024,\"height\":289,\"caption\":\"\u76db\u98de\u5149\u901f\u79d1\u6280\uff08\u6210\u90fd\uff09\u6709\u9650\u516c\u53f8\"},\"image\":{\"@id\":\"https:\/\/sunflaser.com\/#\/schema\/logo\/image\/\"}}]}<\/script>\n<!-- \/ Yoast SEO Premium plugin. -->","yoast_head_json":{"title":"Electro-Optical Pod SFSKY079 - SunFlaser Tech","robots":{"index":"index","follow":"follow","max-snippet":"max-snippet:-1","max-image-preview":"max-image-preview:large","max-video-preview":"max-video-preview:-1"},"canonical":"https:\/\/sunflaser.com\/fr\/shop\/ethernet-output-20x-optical-zoom-starlight-night-vision-drone-camera-with-3-axis-gimbal\/","og_locale":"fr_FR","og_type":"article","og_title":"Electro-Optical Pod SFSKY079","og_description":"The SFSKY079 is a lightweight, high-precision \u200btri-sensor two-axis stabilized gimbal camera designed for industrial and professional applications. It integrates \u200bdual visible-light cameras (4K + 1080P) and a \u200b640\u00d7512 thermal imaging module, offering unmatched versatility for aerial and ground-based operations. With ultra-low latency (170ms), \u200bRTSP streaming, and \u200bTF card dual recording, it delivers real-time data capture and analysis for critical missions.","og_url":"https:\/\/sunflaser.com\/fr\/shop\/ethernet-output-20x-optical-zoom-starlight-night-vision-drone-camera-with-3-axis-gimbal\/","og_site_name":"SunFlaser Tech","article_modified_time":"2025-09-26T09:54:52+00:00","og_image":[{"width":800,"height":800,"url":"https:\/\/sunflaser.com\/wp-content\/uploads\/2025\/04\/SFSKY079.png","type":"image\/png"}],"twitter_card":"summary_large_image","twitter_misc":{"Dur\u00e9e de lecture estim\u00e9e":"2 minutes"},"schema":{"@context":"https:\/\/schema.org","@graph":[{"@type":"WebPage","@id":"https:\/\/sunflaser.com\/shop\/ethernet-output-20x-optical-zoom-starlight-night-vision-drone-camera-with-3-axis-gimbal\/","url":"https:\/\/sunflaser.com\/shop\/ethernet-output-20x-optical-zoom-starlight-night-vision-drone-camera-with-3-axis-gimbal\/","name":"Electro-Optical Pod SFSKY079 - SunFlaser Tech","isPartOf":{"@id":"https:\/\/sunflaser.com\/#website"},"primaryImageOfPage":{"@id":"https:\/\/sunflaser.com\/shop\/ethernet-output-20x-optical-zoom-starlight-night-vision-drone-camera-with-3-axis-gimbal\/#primaryimage"},"image":{"@id":"https:\/\/sunflaser.com\/shop\/ethernet-output-20x-optical-zoom-starlight-night-vision-drone-camera-with-3-axis-gimbal\/#primaryimage"},"thumbnailUrl":"https:\/\/sunflaser.com\/wp-content\/uploads\/2025\/04\/SFSKY079.png","datePublished":"2025-04-30T06:35:10+00:00","dateModified":"2025-09-26T09:54:52+00:00","breadcrumb":{"@id":"https:\/\/sunflaser.com\/shop\/ethernet-output-20x-optical-zoom-starlight-night-vision-drone-camera-with-3-axis-gimbal\/#breadcrumb"},"inLanguage":"fr-FR","potentialAction":[{"@type":"ReadAction","target":["https:\/\/sunflaser.com\/shop\/ethernet-output-20x-optical-zoom-starlight-night-vision-drone-camera-with-3-axis-gimbal\/"]}]},{"@type":"ImageObject","inLanguage":"fr-FR","@id":"https:\/\/sunflaser.com\/shop\/ethernet-output-20x-optical-zoom-starlight-night-vision-drone-camera-with-3-axis-gimbal\/#primaryimage","url":"https:\/\/sunflaser.com\/wp-content\/uploads\/2025\/04\/SFSKY079.png","contentUrl":"https:\/\/sunflaser.com\/wp-content\/uploads\/2025\/04\/SFSKY079.png","width":800,"height":800},{"@type":"BreadcrumbList","@id":"https:\/\/sunflaser.com\/shop\/ethernet-output-20x-optical-zoom-starlight-night-vision-drone-camera-with-3-axis-gimbal\/#breadcrumb","itemListElement":[{"@type":"ListItem","position":1,"name":"\u9996\u9875","item":"https:\/\/sunflaser.com\/"},{"@type":"ListItem","position":2,"name":"Product","item":"https:\/\/sunflaser.com\/product\/"},{"@type":"ListItem","position":3,"name":"Electro-Optical Pod SFSKY079"}]},{"@type":"WebSite","@id":"https:\/\/sunflaser.com\/#website","url":"https:\/\/sunflaser.com\/","name":"SunFlaser Tech","description":"","publisher":{"@id":"https:\/\/sunflaser.com\/#organization"},"potentialAction":[{"@type":"SearchAction","target":{"@type":"EntryPoint","urlTemplate":"https:\/\/sunflaser.com\/?s={search_term_string}"},"query-input":{"@type":"PropertyValueSpecification","valueRequired":true,"valueName":"search_term_string"}}],"inLanguage":"fr-FR"},{"@type":"Organization","@id":"https:\/\/sunflaser.com\/#organization","name":"\u76db\u98de\u5149\u901f\u79d1\u6280\uff08\u6210\u90fd\uff09\u6709\u9650\u516c\u53f8","alternateName":"\u76db\u98de\u5149\u901f\u79d1\u6280\uff08\u6210\u90fd\uff09\u6709\u9650\u516c\u53f8","url":"https:\/\/sunflaser.com\/","logo":{"@type":"ImageObject","inLanguage":"fr-FR","@id":"https:\/\/sunflaser.com\/#\/schema\/logo\/image\/","url":"https:\/\/sunflaser.com\/wp-content\/uploads\/2025\/05\/Modern-S-Letter-Logo.png","contentUrl":"https:\/\/sunflaser.com\/wp-content\/uploads\/2025\/05\/Modern-S-Letter-Logo.png","width":1024,"height":289,"caption":"\u76db\u98de\u5149\u901f\u79d1\u6280\uff08\u6210\u90fd\uff09\u6709\u9650\u516c\u53f8"},"image":{"@id":"https:\/\/sunflaser.com\/#\/schema\/logo\/image\/"}}]}},"_links":{"self":[{"href":"https:\/\/sunflaser.com\/fr\/wp-json\/wp\/v2\/product\/119","targetHints":{"allow":["GET"]}}],"collection":[{"href":"https:\/\/sunflaser.com\/fr\/wp-json\/wp\/v2\/product"}],"about":[{"href":"https:\/\/sunflaser.com\/fr\/wp-json\/wp\/v2\/types\/product"}],"replies":[{"embeddable":true,"href":"https:\/\/sunflaser.com\/fr\/wp-json\/wp\/v2\/comments?post=119"}],"version-history":[{"count":0,"href":"https:\/\/sunflaser.com\/fr\/wp-json\/wp\/v2\/product\/119\/revisions"}],"wp:featuredmedia":[{"embeddable":true,"href":"https:\/\/sunflaser.com\/fr\/wp-json\/wp\/v2\/media\/7543"}],"wp:attachment":[{"href":"https:\/\/sunflaser.com\/fr\/wp-json\/wp\/v2\/media?parent=119"}],"wp:term":[{"taxonomy":"product_brand","embeddable":true,"href":"https:\/\/sunflaser.com\/fr\/wp-json\/wp\/v2\/product_brand?post=119"},{"taxonomy":"product_cat","embeddable":true,"href":"https:\/\/sunflaser.com\/fr\/wp-json\/wp\/v2\/product_cat?post=119"},{"taxonomy":"product_tag","embeddable":true,"href":"https:\/\/sunflaser.com\/fr\/wp-json\/wp\/v2\/product_tag?post=119"}],"curies":[{"name":"wp","href":"https:\/\/api.w.org\/{rel}","templated":true}]}}