{"id":118,"date":"2025-04-30T14:35:10","date_gmt":"2025-04-30T06:35:10","guid":{"rendered":"https:\/\/sunflaser.com\/?post_type=product&#038;p=118"},"modified":"2025-09-26T02:13:33","modified_gmt":"2025-09-26T09:13:33","slug":"30x-optical-zoom-cmos-sensor-640512-thermal-imaging-5000m-lrf-ip-small-gimbal-camera","status":"publish","type":"product","link":"https:\/\/sunflaser.com\/fr\/shop\/30x-optical-zoom-cmos-sensor-640512-thermal-imaging-5000m-lrf-ip-small-gimbal-camera\/","title":{"rendered":"Pod \u00e9lectro-optique SFSKY305"},"content":{"rendered":"<p><iframe title=\"Capteur CMOS \u00e0 zoom optique 30x + imagerie thermique 640*512 + 5000M LRF IP petite cam\u00e9ra \u00e0 cardan\" width=\"1778\" height=\"1000\" src=\"https:\/\/www.youtube.com\/embed\/c8u8r_YUAFs?feature=oembed\" frameborder=\"0\" allow=\"accelerometer; autoplay; clipboard-write; encrypted-media; gyroscope; picture-in-picture; web-share\" referrerpolicy=\"strict-origin-when-cross-origin\" allowfullscreen><\/iframe><\/p>\n<h3><strong> Caract\u00e9ristiques principales<\/strong><\/h3>\n<ul>\n<li>\u200b<strong>Int\u00e9gration de trois capteurs<\/strong>:<\/li>\n<\/ul>\n<p style=\"text-align: left; padding-left: 80px;\">\u200b<strong>Zoom optique 30x + zoom num\u00e9rique 9x (zoom hybride 270x)<\/strong>: Capturez des d\u00e9tails ultra clairs gr\u00e2ce au capteur CMOS 2MP \u00e0 large dynamique.<\/p>\n<p style=\"text-align: left; padding-left: 80px;\">\u200b<strong>640\u00d7512 Imagerie thermique<\/strong>: Objectif de 35 mm, pas de pixel de 12\u03bcm, et mesure globale de la temp\u00e9rature (-20\u00b0C \u00e0 550\u00b0C).<\/p>\n<p style=\"text-align: left; padding-left: 80px;\">\u200b<strong>T\u00e9l\u00e9m\u00e8tre laser 5000m<\/strong>Pr\u00e9cision de \u00b11m, laser de s\u00e9curit\u00e9 de classe 1 (1535nm).<\/p>\n<ul>\n<li>\u200b<strong>Suivi par l'IA<\/strong>: D\u00e9tecter et suivre jusqu'\u00e0 100 cibles (personnes\/v\u00e9hicules) en temps r\u00e9el, m\u00eame avec une tol\u00e9rance d'occlusion de 2 secondes.<\/li>\n<li>\u200b<strong>Stabilisation triaxiale<\/strong>Le syst\u00e8me de contr\u00f4le de l'inclinaison et de l'inclinaison : stabilit\u00e9 de \u00b10,02\u00b0, rotation continue de 360\u00b0 et contr\u00f4le adaptatif de la vitesse.<\/li>\n<li>\u200b<strong>Double enregistrement et diffusion en continu<\/strong>: Vid\u00e9o RTSP 1080P\/30fps, stockage simultan\u00e9 sur carte TF et acc\u00e8s aux fichiers r\u00e9seau.<\/li>\n<li>\u200b<strong>Contr\u00f4les conviviaux<\/strong>: Prise en charge des ports IP\/S.BUS\/s\u00e9rie, modes PIP (Picture-in-Picture) personnalisables et plus de 8 \u00e9crans pseudo-couleur.<\/li>\n<\/ul>\n<hr \/>\n<h3><strong>Applications<\/strong><\/h3>\n<ul>\n<li>\u200b<strong>S\u00e9curit\u00e9 publique<\/strong>: Recherche et sauvetage, surveillance des foules et maintien de l'ordre.<\/li>\n<li>\u200b<strong>Inspection industrielle<\/strong>: Entretien des lignes \u00e9lectriques, surveillance des pipelines et contr\u00f4le des fermes solaires.<\/li>\n<li>\u200b<strong>Environnement et d\u00e9fense<\/strong>: Suivi de la faune, surveillance des fronti\u00e8res et reconnaissance militaire.<\/li>\n<li>\u200b<strong>Intervention en cas de catastrophe<\/strong>: Lutte contre les incendies, \u00e9valuation des inondations et analyse post-catastrophe.<\/li>\n<\/ul>\n<hr \/>\n<h3><strong>Avantages concurrentiels<\/strong><\/h3>\n<ul>\n<li>\u200b<strong>Pr\u00e9cision \u00e0 longue port\u00e9e<\/strong>: Mesure laser \u00e0 5 km et d\u00e9tection thermique pour les missions critiques.<\/li>\n<li>\u200b<strong>L\u00e9ger et durable<\/strong>: Class\u00e9 IP54, op\u00e9rationnel dans des environnements de -10\u00b0C \u00e0 +55\u00b0C.<\/li>\n<li>\u200b<strong>Int\u00e9gration transparente<\/strong>: Compatible avec la plupart des drones, streaming RTSP et commandes plug-and-play.<\/li>\n<li>\u200b<strong>Rentabilit\u00e9<\/strong>: La faible consommation d'\u00e9nergie (10W) r\u00e9duit l'\u00e9puisement de la batterie du drone.<\/li>\n<\/ul>\n<hr \/>\n<h3><strong>Sp\u00e9cifications techniques<\/strong><\/h3>\n\n<table id=\"tablepress-49\" class=\"tablepress tablepress-id-49\">\n<thead>\n<tr class=\"row-1\">\n\t<th class=\"column-1\"><strong>Param\u00e8tres<\/strong><\/th><th class=\"column-2\"><strong>Sp\u00e9cifications<\/strong><\/th>\n<\/tr>\n<\/thead>\n<tbody class=\"row-striping row-hover\">\n<tr class=\"row-2\">\n\t<td class=\"column-1\">Tension<\/td><td class=\"column-2\">DC12V-26.2V<\/td>\n<\/tr>\n<tr class=\"row-3\">\n\t<td class=\"column-1\">Consommation \u00e9lectrique<\/td><td class=\"column-2\">Dynamique 10W<\/td>\n<\/tr>\n<tr class=\"row-4\">\n\t<td class=\"column-1\"><strong>Rotule :<\/strong><\/td><td class=\"column-2\"><\/td>\n<\/tr>\n<tr class=\"row-5\">\n\t<td class=\"column-1\">Angle d'enroulement<\/td><td class=\"column-2\">-45\u00b0\uff5e \ufe6245\u00b0<\/td>\n<\/tr>\n<tr class=\"row-6\">\n\t<td class=\"column-1\">Angle d'inclinaison<\/td><td class=\"column-2\">-30\u00b0\uff5e +120\u00b0<\/td>\n<\/tr>\n<tr class=\"row-7\">\n\t<td class=\"column-1\">Angle de lacet<\/td><td class=\"column-2\">Rotation continue de 360 degr\u00e9s<\/td>\n<\/tr>\n<tr class=\"row-8\">\n\t<td class=\"column-1\">Mode Gimbal<\/td><td class=\"column-2\">Prise en charge du mode de verrouillage\/suivi du cardan ; retour \u00e0 la position initiale en un seul clic<\/td>\n<\/tr>\n<tr class=\"row-9\">\n\t<td class=\"column-1\">M\u00e9thode de contr\u00f4le<\/td><td class=\"column-2\">Vitesse auto-adaptable et contr\u00f4lable, contr\u00f4le externe par r\u00e9seau IP ou s\u00e9rie TTL<\/td>\n<\/tr>\n<tr class=\"row-10\">\n\t<td class=\"column-1\"><strong>Cam\u00e9ra \u00e0 lumi\u00e8re visible :<\/strong><\/td><td class=\"column-2\"><\/td>\n<\/tr>\n<tr class=\"row-11\">\n\t<td class=\"column-1\">Taille du CMOS<\/td><td class=\"column-2\">Capteur CMOS 1\/2,8 pouces 2MP \u00e0 large gamme dynamique<\/td>\n<\/tr>\n<tr class=\"row-12\">\n\t<td class=\"column-1\">Zoom optique<\/td><td class=\"column-2\">Zoom optique 30x, f=4.5\uff5e135 mm \u00b15%<\/td>\n<\/tr>\n<tr class=\"row-13\">\n\t<td class=\"column-1\">Temps de concentration<\/td><td class=\"column-2\">Mise au point rapide en temps r\u00e9el, temps de mise au point &lt; 1s<\/td>\n<\/tr>\n<tr class=\"row-14\">\n\t<td class=\"column-1\">Sortie vid\u00e9o<\/td><td class=\"column-2\">Sortie IP\/HDMI ; flux vid\u00e9o RTSP 1080P, enregistrement local TF 1080P<\/td>\n<\/tr>\n<tr class=\"row-15\">\n\t<td class=\"column-1\">Angle de champ (FOV)<\/td><td class=\"column-2\">D : LARGE 67.8\u00ba\u00b15% TELE 2.77\u00ba\u00b15%<br \/>\nH : LARGE 59.8\u00ba\u00b15% TELE 2.34\u00ba\u00b15%<br \/>\nV : LARGE 40.5\u00ba\u00b15% TELE 1.48\u00ba\u00b15%<\/td>\n<\/tr>\n<tr class=\"row-16\">\n\t<td class=\"column-1\">Mode de soutien<\/td><td class=\"column-2\">1080P 30fps<\/td>\n<\/tr>\n<tr class=\"row-17\">\n\t<td class=\"column-1\"><strong>Port\u00e9e du laser :<\/strong><\/td><td class=\"column-2\"><\/td>\n<\/tr>\n<tr class=\"row-18\">\n\t<td class=\"column-1\">Longueur d'onde du laser<\/td><td class=\"column-2\">1535\u00b110nm s\u00e9curit\u00e9 pour les yeux<\/td>\n<\/tr>\n<tr class=\"row-19\">\n\t<td class=\"column-1\">Plage de d\u00e9tection<\/td><td class=\"column-2\">50--5000m<\/td>\n<\/tr>\n<tr class=\"row-20\">\n\t<td class=\"column-1\">Pr\u00e9cision \/ R\u00e9solution<\/td><td class=\"column-2\">Pr\u00e9cision\u00b11m ; R\u00e9solution de la port\u00e9e \u2264 40m<\/td>\n<\/tr>\n<tr class=\"row-21\">\n\t<td class=\"column-1\"><strong>Imagerie thermique :<\/strong><\/td><td class=\"column-2\"><\/td>\n<\/tr>\n<tr class=\"row-22\">\n\t<td class=\"column-1\">R\u00e9solution<\/td><td class=\"column-2\">640*512 pixels<\/td>\n<\/tr>\n<tr class=\"row-23\">\n\t<td class=\"column-1\">Espacement des pixels<\/td><td class=\"column-2\">12\u03bcm<\/td>\n<\/tr>\n<tr class=\"row-24\">\n\t<td class=\"column-1\">Type<\/td><td class=\"column-2\">Cam\u00e9ra microbolom\u00e9trique infrarouge non refroidie<\/td>\n<\/tr>\n<tr class=\"row-25\">\n\t<td class=\"column-1\">Gamme de longueurs d'onde<\/td><td class=\"column-2\">8\uff5e14\u03bcm<\/td>\n<\/tr>\n<tr class=\"row-26\">\n\t<td class=\"column-1\">Sensibilit\u00e9 thermique (NETD)<\/td><td class=\"column-2\">\u226450mk@F1.0@25\u2103<\/td>\n<\/tr>\n<tr class=\"row-27\">\n\t<td class=\"column-1\">Rapport de contraste, pseudo-couleur<\/td><td class=\"column-2\">Modes de pseudo-couleur r\u00e9glables et multiples<\/td>\n<\/tr>\n<tr class=\"row-28\">\n\t<td class=\"column-1\">Angle du champ<\/td><td class=\"column-2\">Objectif 35mm\uff0cAngle\uff1a12.52\u00b0x 10.03\u00b0<\/td>\n<\/tr>\n<tr class=\"row-29\">\n\t<td class=\"column-1\">Mesure (en option)<\/td><td class=\"column-2\">\u00a0Affichage de la temp\u00e9rature la plus \u00e9lev\u00e9e, de la temp\u00e9rature la plus basse et de la temp\u00e9rature dans toutes les zones<\/td>\n<\/tr>\n<tr class=\"row-30\">\n\t<td class=\"column-1\"><strong>Reconnaissance et suivi des cibles :<\/strong><\/td><td class=\"column-2\"><\/td>\n<\/tr>\n<tr class=\"row-31\">\n\t<td class=\"column-1\">Taille minimale de l'objectif de suivi<\/td><td class=\"column-2\">16\u00d716 pixels<\/td>\n<\/tr>\n<tr class=\"row-32\">\n\t<td class=\"column-1\">Taille maximale de la cible de suivi<\/td><td class=\"column-2\">256\u00d7256 pixels<\/td>\n<\/tr>\n<tr class=\"row-33\">\n\t<td class=\"column-1\">Dur\u00e9e de la m\u00e9moire cible<\/td><td class=\"column-2\">2 secondes<\/td>\n<\/tr>\n<tr class=\"row-34\">\n\t<td class=\"column-1\">Vitesse de suivi<\/td><td class=\"column-2\">50 pixels\/trame max.<\/td>\n<\/tr>\n<tr class=\"row-35\">\n\t<td class=\"column-1\">D\u00e9tection simultan\u00e9e qt\u00e9  <\/td><td class=\"column-2\">100 cibles maximum<\/td>\n<\/tr>\n<tr class=\"row-36\">\n\t<td class=\"column-1\">Cat\u00e9gories reconnues<\/td><td class=\"column-2\">L'homme et le v\u00e9hicule<\/td>\n<\/tr>\n<tr class=\"row-37\">\n\t<td class=\"column-1\">Taille minimale de la cible de d\u00e9tection<\/td><td class=\"column-2\">32\u00d732 pixels<\/td>\n<\/tr>\n<tr class=\"row-38\">\n\t<td class=\"column-1\"><strong>Taille de l'appareil<\/strong><\/td><td class=\"column-2\">\u03c6\uff1a195mm H:200mm<\/td>\n<\/tr>\n<tr class=\"row-39\">\n\t<td class=\"column-1\"><strong>Conditions de travail<\/strong><\/td><td class=\"column-2\">-10\u2103~ +55\u2103 \/ 20% ~ 80% RH<\/td>\n<\/tr>\n<tr class=\"row-40\">\n\t<td class=\"column-1\"><strong>Conditions de stockage<\/strong><\/td><td class=\"column-2\">-20\u2103 ~ +60\u2103 \/ 20% ~ 95% RH<\/td>\n<\/tr>\n<tr class=\"row-41\">\n\t<td class=\"column-1\"><strong>Application<\/strong><\/td><td class=\"column-2\">Photographie a\u00e9rienne par drone<\/td>\n<\/tr>\n<tr class=\"row-42\">\n\t<td class=\"column-1\"><strong>Poids<\/strong><\/td><td class=\"column-2\">1580\u00b120g<\/td>\n<\/tr>\n<\/tbody>\n<\/table>\n\n<hr \/>\n<h3>\u200b<strong>Conformit\u00e9 et certifications<\/strong><\/h3>\n<ul>\n<li>\u200b<strong>S\u00e9curit\u00e9 laser<\/strong>: Conforme \u00e0 la norme IEC 60825-1 (classe 1).<\/li>\n<li>\u200b<strong>CEM\/Environnement<\/strong>: Conforme aux normes CE\/FCC .<\/li>\n<li>\u200b<strong>RoHS<\/strong>: Composants sans plomb.<\/li>\n<\/ul>\n<hr \/>\n<h3><strong>Workflow d'utilisation<\/strong><\/h3>\n<ol>\n<li>\u200b<strong>Montage<\/strong>: Fixation aux drones par des trous de montage M3 de 100x100mm.<\/li>\n<li>\u200b<strong>Alimentation et connexion<\/strong>: Utiliser une interface \u00e0 8 broches (entr\u00e9e 12-26,2V) et configurer via IP\/S.BUS\/s\u00e9rie.<\/li>\n<li>\u200b<strong>Contr\u00f4le<\/strong>: Acc\u00e9der aux flux RTSP, basculer entre les modes PIP\/thermique et ajuster le zoom via le logiciel de la station au sol.<\/li>\n<li>\u200b<strong>Enregistrer et analyser<\/strong>: Enregistrez vos s\u00e9quences sur une carte TF ou sur le r\u00e9seau de stockage, utilisez le suivi AI pour hi\u00e9rarchiser les cibles.<\/li>\n<\/ol>","protected":false},"excerpt":{"rendered":"<p>La nacelle \u00e9lectro-optique SFSKY305 est un syst\u00e8me de cardan \u00e0 trois capteurs de pointe con\u00e7u pour les applications de drones professionnels. Il int\u00e8gre un zoom optique 30x pour la lumi\u00e8re visible, une imagerie thermique 640\u00d7512 et un t\u00e9l\u00e9m\u00e8tre laser 5000m dans une charge utile compacte et l\u00e9g\u00e8re (1580\u00b120g). Con\u00e7u pour la pr\u00e9cision et la fiabilit\u00e9, il dispose d'une stabilisation avanc\u00e9e, d'un suivi de cible pilot\u00e9 par l'IA et d'un double enregistrement vid\u00e9o, ce qui le rend id\u00e9al pour la surveillance a\u00e9rienne, l'inspection et les op\u00e9rations de sauvetage.Il int\u00e8gre un zoom optique 30x pour la lumi\u00e8re visible, une imagerie thermique 640\u00d7512 et un t\u00e9l\u00e9m\u00e8tre laser 5000m dans une charge utile compacte et l\u00e9g\u00e8re (1580\u00b120g). Con\u00e7ue pour la pr\u00e9cision et la fiabilit\u00e9, elle est dot\u00e9e d'une stabilisation avanc\u00e9e, d'un suivi de cible pilot\u00e9 par l'IA et d'un double enregistrement vid\u00e9o, ce qui la rend id\u00e9ale pour les op\u00e9rations de surveillance a\u00e9rienne, d'inspection et de sauvetage.<\/p>","protected":false},"featured_media":7545,"comment_status":"closed","ping_status":"closed","template":"","meta":[],"product_brand":[],"product_cat":[15],"product_tag":[],"class_list":{"0":"post-118","1":"product","2":"type-product","3":"status-publish","4":"has-post-thumbnail","6":"product_cat-electro-optical-pod-product","8":"first","9":"instock","10":"shipping-taxable","11":"product-type-simple"},"yoast_head":"<!-- This site is optimized with the Yoast SEO Premium plugin v24.8 (Yoast SEO v26.6) - https:\/\/yoast.com\/wordpress\/plugins\/seo\/ -->\n<title>Electro-Optical Pod SFSKY305 - SunFlaser Tech<\/title>\n<meta name=\"robots\" content=\"index, follow, max-snippet:-1, max-image-preview:large, max-video-preview:-1\" \/>\n<link rel=\"canonical\" href=\"https:\/\/sunflaser.com\/fr\/shop\/30x-optical-zoom-cmos-sensor-640512-thermal-imaging-5000m-lrf-ip-small-gimbal-camera\/\" \/>\n<meta property=\"og:locale\" content=\"fr_FR\" \/>\n<meta property=\"og:type\" content=\"article\" \/>\n<meta property=\"og:title\" content=\"Electro-Optical Pod SFSKY305\" \/>\n<meta property=\"og:description\" content=\"The SFSKY305 electro-optic pod is a cutting-edge triple-sensor gimbal system designed for professional drone applications. It integrates \u200b30x optical zoom visible light, \u200b640x512 thermal imaging, and a \u200b5000m laser rangefinder into a compact, lightweight payload (1580\u00b120g). Engineered for precision and reliability, it features advanced stabilization, AI-driven target tracking, and dual-video recording, making it ideal for aerial surveillance, inspection, and rescue operations.integrates \u200b30x optical zoom visible light, \u200b640x512 thermal imaging, and a \u200b5000m laser rangefinder into a compact, lightweight payload (1580\u00b120g). Engineered for precision and reliability, it features advanced stabilization, AI-driven target tracking, and dual-video recording, making it ideal for aerial surveillance, inspection, and rescue operations.\" \/>\n<meta property=\"og:url\" content=\"https:\/\/sunflaser.com\/fr\/shop\/30x-optical-zoom-cmos-sensor-640512-thermal-imaging-5000m-lrf-ip-small-gimbal-camera\/\" \/>\n<meta property=\"og:site_name\" content=\"SunFlaser Tech\" \/>\n<meta property=\"article:modified_time\" content=\"2025-09-26T09:13:33+00:00\" \/>\n<meta property=\"og:image\" content=\"https:\/\/sunflaser.com\/wp-content\/uploads\/2025\/04\/SFSKY305.png\" \/>\n\t<meta property=\"og:image:width\" content=\"800\" \/>\n\t<meta property=\"og:image:height\" content=\"800\" \/>\n\t<meta property=\"og:image:type\" content=\"image\/png\" \/>\n<meta name=\"twitter:card\" content=\"summary_large_image\" \/>\n<meta name=\"twitter:label1\" content=\"Dur\u00e9e de lecture estim\u00e9e\" \/>\n\t<meta name=\"twitter:data1\" content=\"2 minutes\" \/>\n<script type=\"application\/ld+json\" class=\"yoast-schema-graph\">{\"@context\":\"https:\/\/schema.org\",\"@graph\":[{\"@type\":\"WebPage\",\"@id\":\"https:\/\/sunflaser.com\/shop\/30x-optical-zoom-cmos-sensor-640512-thermal-imaging-5000m-lrf-ip-small-gimbal-camera\/\",\"url\":\"https:\/\/sunflaser.com\/shop\/30x-optical-zoom-cmos-sensor-640512-thermal-imaging-5000m-lrf-ip-small-gimbal-camera\/\",\"name\":\"Electro-Optical Pod SFSKY305 - SunFlaser Tech\",\"isPartOf\":{\"@id\":\"https:\/\/sunflaser.com\/#website\"},\"primaryImageOfPage\":{\"@id\":\"https:\/\/sunflaser.com\/shop\/30x-optical-zoom-cmos-sensor-640512-thermal-imaging-5000m-lrf-ip-small-gimbal-camera\/#primaryimage\"},\"image\":{\"@id\":\"https:\/\/sunflaser.com\/shop\/30x-optical-zoom-cmos-sensor-640512-thermal-imaging-5000m-lrf-ip-small-gimbal-camera\/#primaryimage\"},\"thumbnailUrl\":\"https:\/\/sunflaser.com\/wp-content\/uploads\/2025\/04\/SFSKY305.png\",\"datePublished\":\"2025-04-30T06:35:10+00:00\",\"dateModified\":\"2025-09-26T09:13:33+00:00\",\"breadcrumb\":{\"@id\":\"https:\/\/sunflaser.com\/shop\/30x-optical-zoom-cmos-sensor-640512-thermal-imaging-5000m-lrf-ip-small-gimbal-camera\/#breadcrumb\"},\"inLanguage\":\"fr-FR\",\"potentialAction\":[{\"@type\":\"ReadAction\",\"target\":[\"https:\/\/sunflaser.com\/shop\/30x-optical-zoom-cmos-sensor-640512-thermal-imaging-5000m-lrf-ip-small-gimbal-camera\/\"]}]},{\"@type\":\"ImageObject\",\"inLanguage\":\"fr-FR\",\"@id\":\"https:\/\/sunflaser.com\/shop\/30x-optical-zoom-cmos-sensor-640512-thermal-imaging-5000m-lrf-ip-small-gimbal-camera\/#primaryimage\",\"url\":\"https:\/\/sunflaser.com\/wp-content\/uploads\/2025\/04\/SFSKY305.png\",\"contentUrl\":\"https:\/\/sunflaser.com\/wp-content\/uploads\/2025\/04\/SFSKY305.png\",\"width\":800,\"height\":800},{\"@type\":\"BreadcrumbList\",\"@id\":\"https:\/\/sunflaser.com\/shop\/30x-optical-zoom-cmos-sensor-640512-thermal-imaging-5000m-lrf-ip-small-gimbal-camera\/#breadcrumb\",\"itemListElement\":[{\"@type\":\"ListItem\",\"position\":1,\"name\":\"\u9996\u9875\",\"item\":\"https:\/\/sunflaser.com\/\"},{\"@type\":\"ListItem\",\"position\":2,\"name\":\"Product\",\"item\":\"https:\/\/sunflaser.com\/product\/\"},{\"@type\":\"ListItem\",\"position\":3,\"name\":\"Electro-Optical Pod SFSKY305\"}]},{\"@type\":\"WebSite\",\"@id\":\"https:\/\/sunflaser.com\/#website\",\"url\":\"https:\/\/sunflaser.com\/\",\"name\":\"SunFlaser Tech\",\"description\":\"\",\"publisher\":{\"@id\":\"https:\/\/sunflaser.com\/#organization\"},\"potentialAction\":[{\"@type\":\"SearchAction\",\"target\":{\"@type\":\"EntryPoint\",\"urlTemplate\":\"https:\/\/sunflaser.com\/?s={search_term_string}\"},\"query-input\":{\"@type\":\"PropertyValueSpecification\",\"valueRequired\":true,\"valueName\":\"search_term_string\"}}],\"inLanguage\":\"fr-FR\"},{\"@type\":\"Organization\",\"@id\":\"https:\/\/sunflaser.com\/#organization\",\"name\":\"\u76db\u98de\u5149\u901f\u79d1\u6280\uff08\u6210\u90fd\uff09\u6709\u9650\u516c\u53f8\",\"alternateName\":\"\u76db\u98de\u5149\u901f\u79d1\u6280\uff08\u6210\u90fd\uff09\u6709\u9650\u516c\u53f8\",\"url\":\"https:\/\/sunflaser.com\/\",\"logo\":{\"@type\":\"ImageObject\",\"inLanguage\":\"fr-FR\",\"@id\":\"https:\/\/sunflaser.com\/#\/schema\/logo\/image\/\",\"url\":\"https:\/\/sunflaser.com\/wp-content\/uploads\/2025\/05\/Modern-S-Letter-Logo.png\",\"contentUrl\":\"https:\/\/sunflaser.com\/wp-content\/uploads\/2025\/05\/Modern-S-Letter-Logo.png\",\"width\":1024,\"height\":289,\"caption\":\"\u76db\u98de\u5149\u901f\u79d1\u6280\uff08\u6210\u90fd\uff09\u6709\u9650\u516c\u53f8\"},\"image\":{\"@id\":\"https:\/\/sunflaser.com\/#\/schema\/logo\/image\/\"}}]}<\/script>\n<!-- \/ Yoast SEO Premium plugin. -->","yoast_head_json":{"title":"Electro-Optical Pod SFSKY305 - SunFlaser Tech","robots":{"index":"index","follow":"follow","max-snippet":"max-snippet:-1","max-image-preview":"max-image-preview:large","max-video-preview":"max-video-preview:-1"},"canonical":"https:\/\/sunflaser.com\/fr\/shop\/30x-optical-zoom-cmos-sensor-640512-thermal-imaging-5000m-lrf-ip-small-gimbal-camera\/","og_locale":"fr_FR","og_type":"article","og_title":"Electro-Optical Pod SFSKY305","og_description":"The SFSKY305 electro-optic pod is a cutting-edge triple-sensor gimbal system designed for professional drone applications. It integrates \u200b30x optical zoom visible light, \u200b640x512 thermal imaging, and a \u200b5000m laser rangefinder into a compact, lightweight payload (1580\u00b120g). Engineered for precision and reliability, it features advanced stabilization, AI-driven target tracking, and dual-video recording, making it ideal for aerial surveillance, inspection, and rescue operations.integrates \u200b30x optical zoom visible light, \u200b640x512 thermal imaging, and a \u200b5000m laser rangefinder into a compact, lightweight payload (1580\u00b120g). Engineered for precision and reliability, it features advanced stabilization, AI-driven target tracking, and dual-video recording, making it ideal for aerial surveillance, inspection, and rescue operations.","og_url":"https:\/\/sunflaser.com\/fr\/shop\/30x-optical-zoom-cmos-sensor-640512-thermal-imaging-5000m-lrf-ip-small-gimbal-camera\/","og_site_name":"SunFlaser Tech","article_modified_time":"2025-09-26T09:13:33+00:00","og_image":[{"width":800,"height":800,"url":"https:\/\/sunflaser.com\/wp-content\/uploads\/2025\/04\/SFSKY305.png","type":"image\/png"}],"twitter_card":"summary_large_image","twitter_misc":{"Dur\u00e9e de lecture estim\u00e9e":"2 minutes"},"schema":{"@context":"https:\/\/schema.org","@graph":[{"@type":"WebPage","@id":"https:\/\/sunflaser.com\/shop\/30x-optical-zoom-cmos-sensor-640512-thermal-imaging-5000m-lrf-ip-small-gimbal-camera\/","url":"https:\/\/sunflaser.com\/shop\/30x-optical-zoom-cmos-sensor-640512-thermal-imaging-5000m-lrf-ip-small-gimbal-camera\/","name":"Electro-Optical Pod SFSKY305 - SunFlaser Tech","isPartOf":{"@id":"https:\/\/sunflaser.com\/#website"},"primaryImageOfPage":{"@id":"https:\/\/sunflaser.com\/shop\/30x-optical-zoom-cmos-sensor-640512-thermal-imaging-5000m-lrf-ip-small-gimbal-camera\/#primaryimage"},"image":{"@id":"https:\/\/sunflaser.com\/shop\/30x-optical-zoom-cmos-sensor-640512-thermal-imaging-5000m-lrf-ip-small-gimbal-camera\/#primaryimage"},"thumbnailUrl":"https:\/\/sunflaser.com\/wp-content\/uploads\/2025\/04\/SFSKY305.png","datePublished":"2025-04-30T06:35:10+00:00","dateModified":"2025-09-26T09:13:33+00:00","breadcrumb":{"@id":"https:\/\/sunflaser.com\/shop\/30x-optical-zoom-cmos-sensor-640512-thermal-imaging-5000m-lrf-ip-small-gimbal-camera\/#breadcrumb"},"inLanguage":"fr-FR","potentialAction":[{"@type":"ReadAction","target":["https:\/\/sunflaser.com\/shop\/30x-optical-zoom-cmos-sensor-640512-thermal-imaging-5000m-lrf-ip-small-gimbal-camera\/"]}]},{"@type":"ImageObject","inLanguage":"fr-FR","@id":"https:\/\/sunflaser.com\/shop\/30x-optical-zoom-cmos-sensor-640512-thermal-imaging-5000m-lrf-ip-small-gimbal-camera\/#primaryimage","url":"https:\/\/sunflaser.com\/wp-content\/uploads\/2025\/04\/SFSKY305.png","contentUrl":"https:\/\/sunflaser.com\/wp-content\/uploads\/2025\/04\/SFSKY305.png","width":800,"height":800},{"@type":"BreadcrumbList","@id":"https:\/\/sunflaser.com\/shop\/30x-optical-zoom-cmos-sensor-640512-thermal-imaging-5000m-lrf-ip-small-gimbal-camera\/#breadcrumb","itemListElement":[{"@type":"ListItem","position":1,"name":"\u9996\u9875","item":"https:\/\/sunflaser.com\/"},{"@type":"ListItem","position":2,"name":"Product","item":"https:\/\/sunflaser.com\/product\/"},{"@type":"ListItem","position":3,"name":"Electro-Optical Pod SFSKY305"}]},{"@type":"WebSite","@id":"https:\/\/sunflaser.com\/#website","url":"https:\/\/sunflaser.com\/","name":"SunFlaser Tech","description":"","publisher":{"@id":"https:\/\/sunflaser.com\/#organization"},"potentialAction":[{"@type":"SearchAction","target":{"@type":"EntryPoint","urlTemplate":"https:\/\/sunflaser.com\/?s={search_term_string}"},"query-input":{"@type":"PropertyValueSpecification","valueRequired":true,"valueName":"search_term_string"}}],"inLanguage":"fr-FR"},{"@type":"Organization","@id":"https:\/\/sunflaser.com\/#organization","name":"\u76db\u98de\u5149\u901f\u79d1\u6280\uff08\u6210\u90fd\uff09\u6709\u9650\u516c\u53f8","alternateName":"\u76db\u98de\u5149\u901f\u79d1\u6280\uff08\u6210\u90fd\uff09\u6709\u9650\u516c\u53f8","url":"https:\/\/sunflaser.com\/","logo":{"@type":"ImageObject","inLanguage":"fr-FR","@id":"https:\/\/sunflaser.com\/#\/schema\/logo\/image\/","url":"https:\/\/sunflaser.com\/wp-content\/uploads\/2025\/05\/Modern-S-Letter-Logo.png","contentUrl":"https:\/\/sunflaser.com\/wp-content\/uploads\/2025\/05\/Modern-S-Letter-Logo.png","width":1024,"height":289,"caption":"\u76db\u98de\u5149\u901f\u79d1\u6280\uff08\u6210\u90fd\uff09\u6709\u9650\u516c\u53f8"},"image":{"@id":"https:\/\/sunflaser.com\/#\/schema\/logo\/image\/"}}]}},"_links":{"self":[{"href":"https:\/\/sunflaser.com\/fr\/wp-json\/wp\/v2\/product\/118","targetHints":{"allow":["GET"]}}],"collection":[{"href":"https:\/\/sunflaser.com\/fr\/wp-json\/wp\/v2\/product"}],"about":[{"href":"https:\/\/sunflaser.com\/fr\/wp-json\/wp\/v2\/types\/product"}],"replies":[{"embeddable":true,"href":"https:\/\/sunflaser.com\/fr\/wp-json\/wp\/v2\/comments?post=118"}],"version-history":[{"count":0,"href":"https:\/\/sunflaser.com\/fr\/wp-json\/wp\/v2\/product\/118\/revisions"}],"wp:featuredmedia":[{"embeddable":true,"href":"https:\/\/sunflaser.com\/fr\/wp-json\/wp\/v2\/media\/7545"}],"wp:attachment":[{"href":"https:\/\/sunflaser.com\/fr\/wp-json\/wp\/v2\/media?parent=118"}],"wp:term":[{"taxonomy":"product_brand","embeddable":true,"href":"https:\/\/sunflaser.com\/fr\/wp-json\/wp\/v2\/product_brand?post=118"},{"taxonomy":"product_cat","embeddable":true,"href":"https:\/\/sunflaser.com\/fr\/wp-json\/wp\/v2\/product_cat?post=118"},{"taxonomy":"product_tag","embeddable":true,"href":"https:\/\/sunflaser.com\/fr\/wp-json\/wp\/v2\/product_tag?post=118"}],"curies":[{"name":"wp","href":"https:\/\/api.w.org\/{rel}","templated":true}]}}