{"id":117,"date":"2025-04-30T14:35:10","date_gmt":"2025-04-30T06:35:10","guid":{"rendered":"https:\/\/sunflaser.com\/?post_type=product&#038;p=117"},"modified":"2025-09-26T02:00:34","modified_gmt":"2025-09-26T09:00:34","slug":"20x-optical-zoom-3-axis-stabilization-4k-resolution-network-ip-drone-gimbal-camera-ptz-with-ai-tracking","status":"publish","type":"product","link":"https:\/\/sunflaser.com\/fr\/shop\/20x-optical-zoom-3-axis-stabilization-4k-resolution-network-ip-drone-gimbal-camera-ptz-with-ai-tracking\/","title":{"rendered":"\u00c9lectro-Optique Pod SFSKY207"},"content":{"rendered":"<p><iframe title=\"Cam\u00e9ra Gimbal Drone IP r\u00e9seau PTZ \u00e0 zoom optique 20x et stabilisation 3 axes 4K avec AI Tracking\" width=\"1778\" height=\"1000\" src=\"https:\/\/www.youtube.com\/embed\/gCD51tfj4Lo?feature=oembed\" frameborder=\"0\" allow=\"accelerometer; autoplay; clipboard-write; encrypted-media; gyroscope; picture-in-picture; web-share\" referrerpolicy=\"strict-origin-when-cross-origin\" allowfullscreen><\/iframe><\/p>\n<h3>Caract\u00e9ristiques principales<\/h3>\n<ul>\n<li><strong>Zoom hybride 140x\uff1a<\/strong>\n<ul>\n<li><strong>Zoom optique 20x + zoom num\u00e9rique 7x<\/strong>: Capturez des d\u00e9tails ultra clairs, m\u00eame \u00e0 grande distance.<\/li>\n<li><strong>6,7-125 mm Plage de longueur focale<\/strong>: Flexible, du grand angle au t\u00e9l\u00e9objectif, il convient \u00e0 une grande vari\u00e9t\u00e9 d'applications.<\/li>\n<\/ul>\n<\/li>\n<li><strong>Stabilisation sur trois axes<\/strong>\n<ul>\n<li>Pr\u00e9cision de \u00b10,02\u00b0 pour le roulis et le tangage : \u00c9limine les vibrations pour un m\u00e9trage fluide dans des conditions dynamiques.<\/li>\n<li>-280\u00b0 \u00e0 +280\u00b0 Plage de lacet : Contr\u00f4le panoramique complet avec vitesse adaptative en fonction du niveau de zoom.<\/li>\n<\/ul>\n<\/li>\n<li><strong>Performance \u00e0 faible luminosit\u00e9<\/strong>\n<ul>\n<li>Capteur STARVIS2 : R\u00e9solution de 8MP, sensibilit\u00e9 de 0,29 lux pour une vision nocturne claire.<\/li>\n<\/ul>\n<\/li>\n<li><strong>Suivi de l'IA<\/strong>\n<ul>\n<li>D\u00e9tecte et suit plus de 100 cibles (v\u00e9hicules, personnes) avec une taille minimale de suivi de 16x16px.<\/li>\n<\/ul>\n<\/li>\n<li><strong>Double enregistrement et diffusion en continu<\/strong>\n<ul>\n<li>Vid\u00e9o H.264 4K\/1080P : Stockage local sur une carte TF de 128 Go (classe 6 ou sup\u00e9rieure) et streaming RTSP en temps r\u00e9el.<\/li>\n<li>Faible latence de 170 ms : Id\u00e9al pour la surveillance et le contr\u00f4le en temps r\u00e9el.<\/li>\n<\/ul>\n<\/li>\n<li><strong>L\u00e9ger et durable<\/strong>\n<ul>\n<li>Poids : 690 g : Conception compacte (109,6 \u00d7 110 \u00d7 170 mm), facilement int\u00e9grable dans les drones.<\/li>\n<li>Fonctionne de -10\u00b0C \u00e0 +55\u00b0C : Con\u00e7u pour les environnements difficiles.<\/li>\n<\/ul>\n<\/li>\n<\/ul>\n<hr \/>\n<h3><strong>Applications<\/strong><\/h3>\n<ul>\n<li><strong>S\u00e9curit\u00e9 publique :<\/strong>\u00a0Surveillance, recherche de suspects et intervention en cas de catastrophe.<\/li>\n<li><strong>Inspection industrielle :<\/strong>\u00a0Surveillance des lignes \u00e9lectriques, inspection des pipelines et \u00e9tude des infrastructures.<\/li>\n<li><strong>Recherche et sauvetage :<\/strong>\u00a0D\u00e9tection rapide des cibles dans les zones sauvages ou urbaines \u00e0 faible luminosit\u00e9.<\/li>\n<li><strong>Surveillance de l'environnement :<\/strong>\u00a0Observation de la faune et recherche \u00e9cologique.<\/li>\n<\/ul>\n<hr \/>\n<h3><strong>Points de vente uniques (USP)<\/strong><\/h3>\n<ul>\n<li><strong>Zoom hybride + suivi AI :<\/strong>\u00a0Un niveau de d\u00e9tail et d'automatisation in\u00e9gal\u00e9 pour les missions critiques.<\/li>\n<li><strong>Interfaces de contr\u00f4le multiples :<\/strong>\u00a0Prend en charge les protocoles IP, SBUS et s\u00e9rie ; contr\u00f4l\u00e9 par des applications PC\/mobiles intuitives.<\/li>\n<li><strong>Installation Plug-and-Play :<\/strong>\u00a0Installation rapide et initialisation en 10 secondes.<\/li>\n<li><strong>Mode de vitesse adaptative :<\/strong>\u00a0Ajuste automatiquement la vitesse du panoramique et de l'inclinaison en fonction du niveau de zoom afin de garantir la pr\u00e9cision.<\/li>\n<\/ul>\n<hr \/>\n<h3>Sp\u00e9cifications techniques<\/h3>\n\n<table id=\"tablepress-48\" class=\"tablepress tablepress-id-48\">\n<thead>\n<tr class=\"row-1\">\n\t<th class=\"column-1\"><strong>Param\u00e8tres<\/strong><\/th><th class=\"column-2\"><strong>Sp\u00e9cifications<\/strong><\/th>\n<\/tr>\n<\/thead>\n<tbody class=\"row-striping row-hover\">\n<tr class=\"row-2\">\n\t<td class=\"column-1\"><strong>Tension<\/strong><\/td><td class=\"column-2\">DC12V-26.2V<\/td>\n<\/tr>\n<tr class=\"row-3\">\n\t<td class=\"column-1\"><strong>Puissance<\/strong><\/td><td class=\"column-2\">6.72W<\/td>\n<\/tr>\n<tr class=\"row-4\">\n\t<td class=\"column-1\"><strong>Param\u00e8tres techniques :<\/strong><\/td><td class=\"column-2\"><\/td>\n<\/tr>\n<tr class=\"row-5\">\n\t<td class=\"column-1\">Angle d'enroulement<\/td><td class=\"column-2\">-45\u00b0\uff5e +45\u00b0<\/td>\n<\/tr>\n<tr class=\"row-6\">\n\t<td class=\"column-1\">Angle d'inclinaison<\/td><td class=\"column-2\">-30\u00b0\uff5e +120\u00b0<\/td>\n<\/tr>\n<tr class=\"row-7\">\n\t<td class=\"column-1\">Angle de lacet<\/td><td class=\"column-2\">-280\u00b0\uff5e +280\u00b0<\/td>\n<\/tr>\n<tr class=\"row-8\">\n\t<td class=\"column-1\">Angle de gigue<\/td><td class=\"column-2\">\u00b10.02\u00b0<\/td>\n<\/tr>\n<tr class=\"row-9\">\n\t<td class=\"column-1\">Angle de gigue horizontale<\/td><td class=\"column-2\">\u00b10.03\u00b0<\/td>\n<\/tr>\n<tr class=\"row-10\">\n\t<td class=\"column-1\">Restauration en un clic<\/td><td class=\"column-2\">R\u00e9tablissement de la position initiale en un seul clic<\/td>\n<\/tr>\n<tr class=\"row-11\">\n\t<td class=\"column-1\">Vitesse de rotation du cardan r\u00e9glable<\/td><td class=\"column-2\">Utilisez la commande \u00e0 faible vitesse en cas de zoom important pour un affichage de haute pr\u00e9cision. Utiliser la commande de vitesse rapide pour les petits zooms<\/td>\n<\/tr>\n<tr class=\"row-12\">\n\t<td class=\"column-1\"><strong>Cam\u00e9ra \u00e0 lumi\u00e8re visible :<\/strong><\/td><td class=\"column-2\"><\/td>\n<\/tr>\n<tr class=\"row-13\">\n\t<td class=\"column-1\">CAPTEUR<\/td><td class=\"column-2\">1\/1,8 pouce 8 m\u00e9gapixels STARVIS2, capteur CMOS \u00e0 faible bruit<\/td>\n<\/tr>\n<tr class=\"row-14\">\n\t<td class=\"column-1\">Zoom<\/td><td class=\"column-2\">Zoom optique HD 20x, f=6,7\u00b15%\uff5e125\u00b15%mm<\/td>\n<\/tr>\n<tr class=\"row-15\">\n\t<td class=\"column-1\">Focus<\/td><td class=\"column-2\">Mise au point en temps r\u00e9el, moins d'une seconde<\/td>\n<\/tr>\n<tr class=\"row-16\">\n\t<td class=\"column-1\">Sortie vid\u00e9o<\/td><td class=\"column-2\">Sortie Ethernet (RTSP), enregistrement local sur carte TF 4K, 1080p<\/td>\n<\/tr>\n<tr class=\"row-17\">\n\t<td class=\"column-1\">Champ de vision (FOV)<\/td><td class=\"column-2\">D : LARGE 66.6\u00b0\u00b15% TELE 4.0\u00b0\u00b15%<br \/>\nH : LARGE 59.6\u00b0\u00b15% TELE 3.5\u00b0\u00b15%<br \/>\nV : LARGE 35.7\u00b0\u00b15% TELE 2.0\u00b0\u00b15%<\/td>\n<\/tr>\n<tr class=\"row-18\">\n\t<td class=\"column-1\">Mode vid\u00e9o<\/td><td class=\"column-2\">4K 30fps\/1080P 30fps<\/td>\n<\/tr>\n<tr class=\"row-19\">\n\t<td class=\"column-1\"><strong>Reconnaissance et suivi des cibles :<\/strong><\/td><td class=\"column-2\"><\/td>\n<\/tr>\n<tr class=\"row-20\">\n\t<td class=\"column-1\">Taille minimale de l'objectif de suivi<\/td><td class=\"column-2\">16\u00d716 pixels<\/td>\n<\/tr>\n<tr class=\"row-21\">\n\t<td class=\"column-1\">Taille maximale de la cible de suivi<\/td><td class=\"column-2\">256\u00d7256 pixels<\/td>\n<\/tr>\n<tr class=\"row-22\">\n\t<td class=\"column-1\">Dur\u00e9e de la m\u00e9moire cible<\/td><td class=\"column-2\">2 secondes<\/td>\n<\/tr>\n<tr class=\"row-23\">\n\t<td class=\"column-1\">Vitesse de suivi<\/td><td class=\"column-2\">50 pixels\/trame max.<\/td>\n<\/tr>\n<tr class=\"row-24\">\n\t<td class=\"column-1\">D\u00e9tection simultan\u00e9e qt\u00e9 \u00a0<\/td><td class=\"column-2\">100 cibles maximum<\/td>\n<\/tr>\n<tr class=\"row-25\">\n\t<td class=\"column-1\">Cat\u00e9gories reconnues<\/td><td class=\"column-2\">L'homme et le v\u00e9hicule<\/td>\n<\/tr>\n<tr class=\"row-26\">\n\t<td class=\"column-1\">Taille minimale de la cible de d\u00e9tection<\/td><td class=\"column-2\">32\u00d732 pixels<\/td>\n<\/tr>\n<tr class=\"row-27\">\n\t<td class=\"column-1\"><strong>Mode de contr\u00f4le<\/strong><\/td><td class=\"column-2\">Commande IP, SBUS ou Uart, App\/Software<\/td>\n<\/tr>\n<tr class=\"row-28\">\n\t<td class=\"column-1\"><strong>Taille du cardan<\/strong><\/td><td class=\"column-2\">110mm\u00d7157mm\u00d7170mm<\/td>\n<\/tr>\n<tr class=\"row-29\">\n\t<td class=\"column-1\"><strong>\u00c9tat de fonctionnement<\/strong><\/td><td class=\"column-2\">-10\u2103 ~ +55\u2103 \/ 20% ~ 80% RH<\/td>\n<\/tr>\n<tr class=\"row-30\">\n\t<td class=\"column-1\"><strong>Environnement de stockage<\/strong><\/td><td class=\"column-2\">-20\u2103 ~ +60\u2103 \/ 20% ~ 95% RH<\/td>\n<\/tr>\n<tr class=\"row-31\">\n\t<td class=\"column-1\"><strong>Poids<\/strong><\/td><td class=\"column-2\">670\u00b110g<\/td>\n<\/tr>\n<\/tbody>\n<\/table>\n\n<hr \/>\n<h3><strong>Guide de l'utilisateur<\/strong><\/h3>\n<ol>\n<li><strong>Installation :<\/strong>Montage \u00e0 l'aide d'un support M3 de 80\u00d780 mm ; connexion aux interfaces d'alimentation et de contr\u00f4le.<\/li>\n<li><strong>Contr\u00f4le au sol :<\/strong>Utilisez le logiciel pour la diffusion en temps r\u00e9el (RTSP), le r\u00e9glage du zoom\/de la mise au point et le suivi de l'IA.<\/li>\n<li><strong>Gestion du stockage :<\/strong>Acc\u00e9dez aux fichiers via le protocole SMB ou retirez la carte TF.<\/li>\n<li><strong>Entretien :<\/strong>Nettoyez l'objectif avec un chiffon en microfibres ; \u00e9vitez l'humidit\u00e9 extr\u00eame.<\/li>\n<\/ol>\n<hr \/>\n<h3><strong>Certification (personnalisable)<\/strong><\/h3>\n<ul>\n<li><strong>CE\/FCC :<\/strong>\u00a0Conformit\u00e9 \u00e9lectromagn\u00e9tique (disponible sur demande).<\/li>\n<li><strong>Indice de protection IP :<\/strong>\u00a0Protection contre la poussi\u00e8re et l'eau (en option).<\/li>\n<\/ul>\n<hr \/>\n<h3><strong>Pourquoi nous choisir ?<\/strong><\/h3>\n<ul>\n<li><strong>Innovation SUNFLASER :<\/strong>\u00a0Plus de 10 ans d'expertise dans le d\u00e9veloppement de charges utiles pour les drones.<\/li>\n<li><strong>Des solutions sur mesure :<\/strong>\u00a0Conformit\u00e9 personnalis\u00e9e et soutien \u00e0 l'int\u00e9gration.<\/li>\n<li><strong>Soutien mondial :<\/strong>\u00a0Service technique 24\/7.<\/li>\n<\/ul>\n<p>Am\u00e9liorez vos capacit\u00e9s de mission avec le SF-TPD20S78, qui allie pr\u00e9cision et fiabilit\u00e9.<\/p>\n<hr \/>\n<p><em><strong>Remarque :<\/strong> Les certifications de conformit\u00e9 (CE\/FCC) et les indices IP peuvent \u00eatre ajout\u00e9s en fonction des besoins du client. Pour les demandes OEM\/ODM, veuillez nous contacter.<\/em><\/p>\n<p>&nbsp;<\/p>\n<h3>T\u00e9l\u00e9chargement de la documentation du produit<\/h3>\n<p><a href=\"https:\/\/sunflaser.com\/wp-content\/uploads\/2025\/04\/SF-TPD20S78_User-manual-v25.1.pdf\">SF-TPD20S78_user-manual-v25.1<\/a><\/p>","protected":false},"excerpt":{"rendered":"<p>SFSKY207 est un<strong>Syst\u00e8me de stabilisation \u00e0 3 axes<\/strong> con\u00e7u pour les v\u00e9hicules a\u00e9riens sans pilote (UAV), en int\u00e9grant<strong>Zoom hybride 140x<\/strong> (20x optique + 7x num\u00e9rique).<strong>Enregistrement vid\u00e9o 4K\/1080P<\/strong>, et<strong>Suivi des cibles gr\u00e2ce \u00e0 l'IA<\/strong>. Con\u00e7u pour la pr\u00e9cision dans les environnements \u00e0 faible luminosit\u00e9, il pr\u00e9sente les caract\u00e9ristiques suivantes<strong>Technologie de capteur CMOS STARVIS2 \u00e0 faible bruit<\/strong> et est id\u00e9al pour la surveillance professionnelle, la recherche et le sauvetage, et l'inspection industrielle.<\/p>","protected":false},"featured_media":7544,"comment_status":"closed","ping_status":"closed","template":"","meta":[],"product_brand":[],"product_cat":[15],"product_tag":[],"class_list":{"0":"post-117","1":"product","2":"type-product","3":"status-publish","4":"has-post-thumbnail","6":"product_cat-electro-optical-pod-product","8":"first","9":"instock","10":"shipping-taxable","11":"product-type-simple"},"yoast_head":"<!-- This site is optimized with the Yoast SEO Premium plugin v24.8 (Yoast SEO v26.6) - https:\/\/yoast.com\/wordpress\/plugins\/seo\/ -->\n<title>Electro-Optical Pod SFSKY207 - SunFlaser Tech<\/title>\n<meta name=\"robots\" content=\"index, follow, max-snippet:-1, max-image-preview:large, max-video-preview:-1\" \/>\n<link rel=\"canonical\" href=\"https:\/\/sunflaser.com\/fr\/shop\/20x-optical-zoom-3-axis-stabilization-4k-resolution-network-ip-drone-gimbal-camera-ptz-with-ai-tracking\/\" \/>\n<meta property=\"og:locale\" content=\"fr_FR\" \/>\n<meta property=\"og:type\" content=\"article\" \/>\n<meta property=\"og:title\" content=\"Electro-Optical Pod SFSKY207\" \/>\n<meta property=\"og:description\" content=\"SFSKY207 is an advanced \u200b3-axis stabilized gimbal system designed for unmanned aerial vehicles (UAVs), integrating \u200b140x hybrid zoom (20x optical + 7x digital), \u200b4K\/1080P video recording, and \u200bAI-powered target tracking. Engineered for precision in low-light environments, it features \u200bSTARVIS2 low-noise CMOS sensor technology and is ideal for professional surveillance, search and rescue, and industrial inspection.\" \/>\n<meta property=\"og:url\" content=\"https:\/\/sunflaser.com\/fr\/shop\/20x-optical-zoom-3-axis-stabilization-4k-resolution-network-ip-drone-gimbal-camera-ptz-with-ai-tracking\/\" \/>\n<meta property=\"og:site_name\" content=\"SunFlaser Tech\" \/>\n<meta property=\"article:modified_time\" content=\"2025-09-26T09:00:34+00:00\" \/>\n<meta property=\"og:image\" content=\"https:\/\/sunflaser.com\/wp-content\/uploads\/2025\/04\/SFSKY207.png\" \/>\n\t<meta property=\"og:image:width\" content=\"800\" \/>\n\t<meta property=\"og:image:height\" content=\"800\" \/>\n\t<meta property=\"og:image:type\" content=\"image\/png\" \/>\n<meta name=\"twitter:card\" content=\"summary_large_image\" \/>\n<meta name=\"twitter:label1\" content=\"Dur\u00e9e de lecture estim\u00e9e\" \/>\n\t<meta name=\"twitter:data1\" content=\"2 minutes\" \/>\n<script type=\"application\/ld+json\" class=\"yoast-schema-graph\">{\"@context\":\"https:\/\/schema.org\",\"@graph\":[{\"@type\":\"WebPage\",\"@id\":\"https:\/\/sunflaser.com\/shop\/20x-optical-zoom-3-axis-stabilization-4k-resolution-network-ip-drone-gimbal-camera-ptz-with-ai-tracking\/\",\"url\":\"https:\/\/sunflaser.com\/shop\/20x-optical-zoom-3-axis-stabilization-4k-resolution-network-ip-drone-gimbal-camera-ptz-with-ai-tracking\/\",\"name\":\"Electro-Optical Pod SFSKY207 - SunFlaser Tech\",\"isPartOf\":{\"@id\":\"https:\/\/sunflaser.com\/#website\"},\"primaryImageOfPage\":{\"@id\":\"https:\/\/sunflaser.com\/shop\/20x-optical-zoom-3-axis-stabilization-4k-resolution-network-ip-drone-gimbal-camera-ptz-with-ai-tracking\/#primaryimage\"},\"image\":{\"@id\":\"https:\/\/sunflaser.com\/shop\/20x-optical-zoom-3-axis-stabilization-4k-resolution-network-ip-drone-gimbal-camera-ptz-with-ai-tracking\/#primaryimage\"},\"thumbnailUrl\":\"https:\/\/sunflaser.com\/wp-content\/uploads\/2025\/04\/SFSKY207.png\",\"datePublished\":\"2025-04-30T06:35:10+00:00\",\"dateModified\":\"2025-09-26T09:00:34+00:00\",\"breadcrumb\":{\"@id\":\"https:\/\/sunflaser.com\/shop\/20x-optical-zoom-3-axis-stabilization-4k-resolution-network-ip-drone-gimbal-camera-ptz-with-ai-tracking\/#breadcrumb\"},\"inLanguage\":\"fr-FR\",\"potentialAction\":[{\"@type\":\"ReadAction\",\"target\":[\"https:\/\/sunflaser.com\/shop\/20x-optical-zoom-3-axis-stabilization-4k-resolution-network-ip-drone-gimbal-camera-ptz-with-ai-tracking\/\"]}]},{\"@type\":\"ImageObject\",\"inLanguage\":\"fr-FR\",\"@id\":\"https:\/\/sunflaser.com\/shop\/20x-optical-zoom-3-axis-stabilization-4k-resolution-network-ip-drone-gimbal-camera-ptz-with-ai-tracking\/#primaryimage\",\"url\":\"https:\/\/sunflaser.com\/wp-content\/uploads\/2025\/04\/SFSKY207.png\",\"contentUrl\":\"https:\/\/sunflaser.com\/wp-content\/uploads\/2025\/04\/SFSKY207.png\",\"width\":800,\"height\":800},{\"@type\":\"BreadcrumbList\",\"@id\":\"https:\/\/sunflaser.com\/shop\/20x-optical-zoom-3-axis-stabilization-4k-resolution-network-ip-drone-gimbal-camera-ptz-with-ai-tracking\/#breadcrumb\",\"itemListElement\":[{\"@type\":\"ListItem\",\"position\":1,\"name\":\"\u9996\u9875\",\"item\":\"https:\/\/sunflaser.com\/\"},{\"@type\":\"ListItem\",\"position\":2,\"name\":\"Product\",\"item\":\"https:\/\/sunflaser.com\/product\/\"},{\"@type\":\"ListItem\",\"position\":3,\"name\":\"Electro-Optical Pod SFSKY207\"}]},{\"@type\":\"WebSite\",\"@id\":\"https:\/\/sunflaser.com\/#website\",\"url\":\"https:\/\/sunflaser.com\/\",\"name\":\"SunFlaser Tech\",\"description\":\"\",\"publisher\":{\"@id\":\"https:\/\/sunflaser.com\/#organization\"},\"potentialAction\":[{\"@type\":\"SearchAction\",\"target\":{\"@type\":\"EntryPoint\",\"urlTemplate\":\"https:\/\/sunflaser.com\/?s={search_term_string}\"},\"query-input\":{\"@type\":\"PropertyValueSpecification\",\"valueRequired\":true,\"valueName\":\"search_term_string\"}}],\"inLanguage\":\"fr-FR\"},{\"@type\":\"Organization\",\"@id\":\"https:\/\/sunflaser.com\/#organization\",\"name\":\"\u76db\u98de\u5149\u901f\u79d1\u6280\uff08\u6210\u90fd\uff09\u6709\u9650\u516c\u53f8\",\"alternateName\":\"\u76db\u98de\u5149\u901f\u79d1\u6280\uff08\u6210\u90fd\uff09\u6709\u9650\u516c\u53f8\",\"url\":\"https:\/\/sunflaser.com\/\",\"logo\":{\"@type\":\"ImageObject\",\"inLanguage\":\"fr-FR\",\"@id\":\"https:\/\/sunflaser.com\/#\/schema\/logo\/image\/\",\"url\":\"https:\/\/sunflaser.com\/wp-content\/uploads\/2025\/05\/Modern-S-Letter-Logo.png\",\"contentUrl\":\"https:\/\/sunflaser.com\/wp-content\/uploads\/2025\/05\/Modern-S-Letter-Logo.png\",\"width\":1024,\"height\":289,\"caption\":\"\u76db\u98de\u5149\u901f\u79d1\u6280\uff08\u6210\u90fd\uff09\u6709\u9650\u516c\u53f8\"},\"image\":{\"@id\":\"https:\/\/sunflaser.com\/#\/schema\/logo\/image\/\"}}]}<\/script>\n<!-- \/ Yoast SEO Premium plugin. -->","yoast_head_json":{"title":"Electro-Optical Pod SFSKY207 - SunFlaser Tech","robots":{"index":"index","follow":"follow","max-snippet":"max-snippet:-1","max-image-preview":"max-image-preview:large","max-video-preview":"max-video-preview:-1"},"canonical":"https:\/\/sunflaser.com\/fr\/shop\/20x-optical-zoom-3-axis-stabilization-4k-resolution-network-ip-drone-gimbal-camera-ptz-with-ai-tracking\/","og_locale":"fr_FR","og_type":"article","og_title":"Electro-Optical Pod SFSKY207","og_description":"SFSKY207 is an advanced \u200b3-axis stabilized gimbal system designed for unmanned aerial vehicles (UAVs), integrating \u200b140x hybrid zoom (20x optical + 7x digital), \u200b4K\/1080P video recording, and \u200bAI-powered target tracking. Engineered for precision in low-light environments, it features \u200bSTARVIS2 low-noise CMOS sensor technology and is ideal for professional surveillance, search and rescue, and industrial inspection.","og_url":"https:\/\/sunflaser.com\/fr\/shop\/20x-optical-zoom-3-axis-stabilization-4k-resolution-network-ip-drone-gimbal-camera-ptz-with-ai-tracking\/","og_site_name":"SunFlaser Tech","article_modified_time":"2025-09-26T09:00:34+00:00","og_image":[{"width":800,"height":800,"url":"https:\/\/sunflaser.com\/wp-content\/uploads\/2025\/04\/SFSKY207.png","type":"image\/png"}],"twitter_card":"summary_large_image","twitter_misc":{"Dur\u00e9e de lecture estim\u00e9e":"2 minutes"},"schema":{"@context":"https:\/\/schema.org","@graph":[{"@type":"WebPage","@id":"https:\/\/sunflaser.com\/shop\/20x-optical-zoom-3-axis-stabilization-4k-resolution-network-ip-drone-gimbal-camera-ptz-with-ai-tracking\/","url":"https:\/\/sunflaser.com\/shop\/20x-optical-zoom-3-axis-stabilization-4k-resolution-network-ip-drone-gimbal-camera-ptz-with-ai-tracking\/","name":"Electro-Optical Pod SFSKY207 - SunFlaser Tech","isPartOf":{"@id":"https:\/\/sunflaser.com\/#website"},"primaryImageOfPage":{"@id":"https:\/\/sunflaser.com\/shop\/20x-optical-zoom-3-axis-stabilization-4k-resolution-network-ip-drone-gimbal-camera-ptz-with-ai-tracking\/#primaryimage"},"image":{"@id":"https:\/\/sunflaser.com\/shop\/20x-optical-zoom-3-axis-stabilization-4k-resolution-network-ip-drone-gimbal-camera-ptz-with-ai-tracking\/#primaryimage"},"thumbnailUrl":"https:\/\/sunflaser.com\/wp-content\/uploads\/2025\/04\/SFSKY207.png","datePublished":"2025-04-30T06:35:10+00:00","dateModified":"2025-09-26T09:00:34+00:00","breadcrumb":{"@id":"https:\/\/sunflaser.com\/shop\/20x-optical-zoom-3-axis-stabilization-4k-resolution-network-ip-drone-gimbal-camera-ptz-with-ai-tracking\/#breadcrumb"},"inLanguage":"fr-FR","potentialAction":[{"@type":"ReadAction","target":["https:\/\/sunflaser.com\/shop\/20x-optical-zoom-3-axis-stabilization-4k-resolution-network-ip-drone-gimbal-camera-ptz-with-ai-tracking\/"]}]},{"@type":"ImageObject","inLanguage":"fr-FR","@id":"https:\/\/sunflaser.com\/shop\/20x-optical-zoom-3-axis-stabilization-4k-resolution-network-ip-drone-gimbal-camera-ptz-with-ai-tracking\/#primaryimage","url":"https:\/\/sunflaser.com\/wp-content\/uploads\/2025\/04\/SFSKY207.png","contentUrl":"https:\/\/sunflaser.com\/wp-content\/uploads\/2025\/04\/SFSKY207.png","width":800,"height":800},{"@type":"BreadcrumbList","@id":"https:\/\/sunflaser.com\/shop\/20x-optical-zoom-3-axis-stabilization-4k-resolution-network-ip-drone-gimbal-camera-ptz-with-ai-tracking\/#breadcrumb","itemListElement":[{"@type":"ListItem","position":1,"name":"\u9996\u9875","item":"https:\/\/sunflaser.com\/"},{"@type":"ListItem","position":2,"name":"Product","item":"https:\/\/sunflaser.com\/product\/"},{"@type":"ListItem","position":3,"name":"Electro-Optical Pod SFSKY207"}]},{"@type":"WebSite","@id":"https:\/\/sunflaser.com\/#website","url":"https:\/\/sunflaser.com\/","name":"SunFlaser Tech","description":"","publisher":{"@id":"https:\/\/sunflaser.com\/#organization"},"potentialAction":[{"@type":"SearchAction","target":{"@type":"EntryPoint","urlTemplate":"https:\/\/sunflaser.com\/?s={search_term_string}"},"query-input":{"@type":"PropertyValueSpecification","valueRequired":true,"valueName":"search_term_string"}}],"inLanguage":"fr-FR"},{"@type":"Organization","@id":"https:\/\/sunflaser.com\/#organization","name":"\u76db\u98de\u5149\u901f\u79d1\u6280\uff08\u6210\u90fd\uff09\u6709\u9650\u516c\u53f8","alternateName":"\u76db\u98de\u5149\u901f\u79d1\u6280\uff08\u6210\u90fd\uff09\u6709\u9650\u516c\u53f8","url":"https:\/\/sunflaser.com\/","logo":{"@type":"ImageObject","inLanguage":"fr-FR","@id":"https:\/\/sunflaser.com\/#\/schema\/logo\/image\/","url":"https:\/\/sunflaser.com\/wp-content\/uploads\/2025\/05\/Modern-S-Letter-Logo.png","contentUrl":"https:\/\/sunflaser.com\/wp-content\/uploads\/2025\/05\/Modern-S-Letter-Logo.png","width":1024,"height":289,"caption":"\u76db\u98de\u5149\u901f\u79d1\u6280\uff08\u6210\u90fd\uff09\u6709\u9650\u516c\u53f8"},"image":{"@id":"https:\/\/sunflaser.com\/#\/schema\/logo\/image\/"}}]}},"_links":{"self":[{"href":"https:\/\/sunflaser.com\/fr\/wp-json\/wp\/v2\/product\/117","targetHints":{"allow":["GET"]}}],"collection":[{"href":"https:\/\/sunflaser.com\/fr\/wp-json\/wp\/v2\/product"}],"about":[{"href":"https:\/\/sunflaser.com\/fr\/wp-json\/wp\/v2\/types\/product"}],"replies":[{"embeddable":true,"href":"https:\/\/sunflaser.com\/fr\/wp-json\/wp\/v2\/comments?post=117"}],"version-history":[{"count":0,"href":"https:\/\/sunflaser.com\/fr\/wp-json\/wp\/v2\/product\/117\/revisions"}],"wp:featuredmedia":[{"embeddable":true,"href":"https:\/\/sunflaser.com\/fr\/wp-json\/wp\/v2\/media\/7544"}],"wp:attachment":[{"href":"https:\/\/sunflaser.com\/fr\/wp-json\/wp\/v2\/media?parent=117"}],"wp:term":[{"taxonomy":"product_brand","embeddable":true,"href":"https:\/\/sunflaser.com\/fr\/wp-json\/wp\/v2\/product_brand?post=117"},{"taxonomy":"product_cat","embeddable":true,"href":"https:\/\/sunflaser.com\/fr\/wp-json\/wp\/v2\/product_cat?post=117"},{"taxonomy":"product_tag","embeddable":true,"href":"https:\/\/sunflaser.com\/fr\/wp-json\/wp\/v2\/product_tag?post=117"}],"curies":[{"name":"wp","href":"https:\/\/api.w.org\/{rel}","templated":true}]}}