{"id":11002,"date":"2025-12-22T19:09:39","date_gmt":"2025-12-23T03:09:39","guid":{"rendered":"https:\/\/sunflaser.com\/?post_type=product&#038;p=11002"},"modified":"2025-12-22T23:25:09","modified_gmt":"2025-12-23T07:25:09","slug":"1535nm-laser-transmitting-antenna-100%ce%bcj200%ce%bcj-sfb100-200lf2","status":"publish","type":"product","link":"https:\/\/sunflaser.com\/fr\/shop\/1535nm-laser-transmitting-antenna-100%ce%bcj200%ce%bcj-sfb100-200lf2\/","title":{"rendered":"Antenne de transmission laser 1535nm 100\u03bcJ,200\u03bcJ SFB100\/200LF2"},"content":{"rendered":"<h2 class=\"header-iWP5WJ auto-hide-last-sibling-br\">Principaux arguments de vente<\/h2>\n<ul class=\"auto-hide-last-sibling-br\">\n<li><strong>Fonctionnement sans danger pour les yeux<\/strong>: Fonctionnant \u00e0 une longueur d'onde de 1535 nm, cette antenne de transmission laser garantit une s\u00e9curit\u00e9 maximale pour les yeux humains, \u00e9liminant les risques associ\u00e9s aux syst\u00e8mes laser non s\u00e9curis\u00e9s pour les yeux et la rendant id\u00e9ale pour les applications industrielles et de terrain o\u00f9 la s\u00e9curit\u00e9 de l'op\u00e9rateur est primordiale.<\/li>\n<li><strong>Photod\u00e9tecteur int\u00e9gr\u00e9 (PD)<\/strong>: \u00c9quip\u00e9e d'un DP interne, l'antenne de transmission laser d\u00e9livre des signaux de synchronisation laser fiables avec une amplitude typique de 3V @ 50\u03a9 d'imp\u00e9dance, permettant une int\u00e9gration transparente avec les syst\u00e8mes externes et am\u00e9liorant l'efficacit\u00e9 op\u00e9rationnelle globale.<\/li>\n<li><strong>Divergence de faisceau ultra-fine<\/strong>: Avec une divergence totale inf\u00e9rieure \u00e0 0,8 mrad et un mode de faisceau TEM\u2080\u2080, l'antenne d'\u00e9mission laser assure une collimation exceptionnelle du faisceau, garantissant une concentration pr\u00e9cise de l'\u00e9nergie et des performances \u00e0 longue distance.<\/li>\n<li><strong>Conception compacte et l\u00e9g\u00e8re<\/strong>: Avec un poids de seulement 11 g et des dimensions compactes, cette antenne de transmission laser offre une flexibilit\u00e9 in\u00e9gal\u00e9e pour l'installation dans des dispositifs \u00e0 espace restreint, sans compromis sur la puissance ou la fiabilit\u00e9.<\/li>\n<li><strong>Adaptation \u00e0 de nombreuses temp\u00e9ratures<\/strong>: Con\u00e7ue pour fonctionner sans faille dans des environnements extr\u00eames, l'antenne de transmission laser fonctionne de mani\u00e8re stable dans une plage de temp\u00e9rature de -40\u2103 \u00e0 65\u2103 et peut \u00eatre stock\u00e9e en toute s\u00e9curit\u00e9 entre -45\u2103 et 80\u2103, ce qui la rend adapt\u00e9e aux conditions ext\u00e9rieures et industrielles difficiles.<\/li>\n<li><strong>Fiabilit\u00e9 et stabilit\u00e9 \u00e9nerg\u00e9tique \u00e9lev\u00e9es<\/strong>: Avec une stabilit\u00e9 \u00e9nerg\u00e9tique de 3% RMS, l'antenne d'\u00e9mission laser offre des performances constantes et reproductibles, tandis que sa construction robuste garantit une durabilit\u00e9 \u00e0 long terme, m\u00eame en cas de fonctionnement \u00e0 haute fr\u00e9quence.<\/li>\n<li><strong>Transmittance \u00e9lev\u00e9e<\/strong>: L'antenne de transmission laser atteint une transmittance de plus de 90%, minimisant la perte d'\u00e9nergie et maximisant l'efficacit\u00e9 de la transmission du signal laser pour des r\u00e9sultats d'application optimaux.<\/li>\n<\/ul>\n<hr \/>\n<h2 class=\"header-iWP5WJ auto-hide-last-sibling-br\">Applications<\/h2>\n<ul class=\"auto-hide-last-sibling-br\">\n<li><strong>T\u00e9l\u00e9m\u00e9trie laser<\/strong>: Id\u00e9ale pour mesurer les distances dans les domaines de l'automatisation industrielle, de la topographie et de l'a\u00e9rospatiale, l'antenne d'\u00e9mission laser \u00e0 faible divergence et \u00e0 \u00e9nergie stable garantit des calculs de distance pr\u00e9cis et \u00e0 longue port\u00e9e.<\/li>\n<li><strong>T\u00e9l\u00e9d\u00e9tection par laser<\/strong>: Adapt\u00e9e \u00e0 la surveillance de l'environnement, \u00e0 la d\u00e9tection atmosph\u00e9rique et aux syst\u00e8mes d'information g\u00e9ographique (SIG), l'antenne de transmission laser d\u00e9livre des signaux laser fiables permettant de capturer des donn\u00e9es de t\u00e9l\u00e9d\u00e9tection d\u00e9taill\u00e9es.<\/li>\n<li><strong>Radar laser (LiDAR)<\/strong>: Parfaitement adapt\u00e9e aux v\u00e9hicules autonomes, \u00e0 la robotique et \u00e0 l'imagerie 3D, l'antenne de transmission laser permet, gr\u00e2ce \u00e0 un contr\u00f4le pr\u00e9cis du faisceau et \u00e0 une synchronisation rapide, de d\u00e9tecter et de cartographier des cibles \u00e0 haute r\u00e9solution.<\/li>\n<\/ul>\n<hr \/>\n<h2 class=\"header-iWP5WJ auto-hide-last-sibling-br\">Sp\u00e9cifications techniques<\/h2>\n\n<table id=\"tablepress-66\" class=\"tablepress tablepress-id-66\">\n<thead>\n<tr class=\"row-1\">\n\t<th class=\"column-1\">Param\u00e8tres<\/th><th class=\"column-2\">Sp\u00e9cifications<\/th>\n<\/tr>\n<\/thead>\n<tbody class=\"row-striping\">\n<tr class=\"row-2\">\n\t<td class=\"column-1\">Longueur d'onde<\/td><td class=\"column-2\">1535 nm<\/td>\n<\/tr>\n<tr class=\"row-3\">\n\t<td class=\"column-1\">Fr\u00e9quence de r\u00e9p\u00e9tition<\/td><td class=\"column-2\">10 Hz<\/td>\n<\/tr>\n<tr class=\"row-4\">\n\t<td class=\"column-1\">\u00c9nergie \u00e0 impulsion unique<\/td><td class=\"column-2\">100 \u03bcJ, 200 \u03bcJ <\/td>\n<\/tr>\n<tr class=\"row-5\">\n\t<td class=\"column-1\">Antenne d'\u00e9mission Transmittance<\/td><td class=\"column-2\">>90%<\/td>\n<\/tr>\n<tr class=\"row-6\">\n\t<td class=\"column-1\">Largeur d'impulsion<\/td><td class=\"column-2\">5 ns<\/td>\n<\/tr>\n<tr class=\"row-7\">\n\t<td class=\"column-1\">Courant d'exploitation<\/td><td class=\"column-2\">8 A (100\u03bcJ), 10 A (200\u03bcJ)<\/td>\n<\/tr>\n<tr class=\"row-8\">\n\t<td class=\"column-1\">Divergence \u00e0 angle complet<\/td><td class=\"column-2\">&lt;0,8 mrad <\/td>\n<\/tr>\n<tr class=\"row-9\">\n\t<td class=\"column-1\">Taille de spot typique (Typ.)<\/td><td class=\"column-2\">5 mm <\/td>\n<\/tr>\n<tr class=\"row-10\">\n\t<td class=\"column-1\">Mode faisceau<\/td><td class=\"column-2\">TEM\u2080\u2080<\/td>\n<\/tr>\n<tr class=\"row-11\">\n\t<td class=\"column-1\">Stabilit\u00e9 \u00e9nerg\u00e9tique (RMS)<\/td><td class=\"column-2\">3%<\/td>\n<\/tr>\n<tr class=\"row-12\">\n\t<td class=\"column-1\">PD Amplitude (Typ.)<\/td><td class=\"column-2\">3 V @ 50\u03a9 Imp\u00e9dance<\/td>\n<\/tr>\n<tr class=\"row-13\">\n\t<td class=\"column-1\">Poids<\/td><td class=\"column-2\">11 g<\/td>\n<\/tr>\n<tr class=\"row-14\">\n\t<td class=\"column-1\">Temp\u00e9rature de fonctionnement<\/td><td class=\"column-2\">-40\u2103 ~ 65\u2103<\/td>\n<\/tr>\n<tr class=\"row-15\">\n\t<td class=\"column-1\">Temp\u00e9rature de stockage<\/td><td class=\"column-2\">-45\u2103 ~ 80\u2103<\/td>\n<\/tr>\n<\/tbody>\n<\/table>\n\n<p><em>Note : Toutes les donn\u00e9es du tableau sont des valeurs typiques test\u00e9es \u00e0 temp\u00e9rature ambiante (25\u2103). Les sp\u00e9cifications finales sont soumises au rapport d'essai de l'usine.<\/em><\/p>","protected":false},"excerpt":{"rendered":"<p>L'antenne de transmission laser \u00e0 s\u00e9curit\u00e9 oculaire de la s\u00e9rie F01 est un module laser int\u00e9gr\u00e9 d\u00e9velopp\u00e9 ind\u00e9pendamment par l'entreprise. Il se compose d'un laser \u00e0 verre erbium passif Q-switch\u00e9 pomp\u00e9 par semi-conducteur, d'une antenne de transmission et d'un photod\u00e9tecteur (PD). Il est utilis\u00e9 professionnellement dans la t\u00e9l\u00e9m\u00e9trie laser, la t\u00e9l\u00e9d\u00e9tection laser, le lidar et d'autres domaines. Ce module \u00e9met un laser \u00e0 une longueur d'onde de 1535 nm sans danger pour les yeux et fournit des signaux de synchronisation laser. Il se caract\u00e9rise par une taille compacte, un angle de divergence \u00e9troit et un fonctionnement \u00e0 temp\u00e9rature \u00e9lev\u00e9e.<\/p>","protected":false},"featured_media":11005,"comment_status":"closed","ping_status":"closed","template":"","meta":[],"product_brand":[],"product_cat":[606],"product_tag":[],"class_list":{"0":"post-11002","1":"product","2":"type-product","3":"status-publish","4":"has-post-thumbnail","6":"product_cat-laser-module","8":"first","9":"instock","10":"shipping-taxable","11":"product-type-simple"},"yoast_head":"<!-- This site is optimized with the Yoast SEO Premium plugin v24.8 (Yoast SEO v26.6) - https:\/\/yoast.com\/wordpress\/plugins\/seo\/ -->\n<title>1535nm Laser Transmitting Antenna 100\u03bcJ,200\u03bcJ SFB100\/200LF2 - SunFlaser Tech<\/title>\n<meta name=\"robots\" content=\"index, follow, max-snippet:-1, max-image-preview:large, max-video-preview:-1\" \/>\n<link rel=\"canonical\" href=\"https:\/\/sunflaser.com\/fr\/shop\/1535nm-laser-transmitting-antenna-100\u03bcj200\u03bcj-sfb100-200lf2\/\" \/>\n<meta property=\"og:locale\" content=\"fr_FR\" \/>\n<meta property=\"og:type\" content=\"article\" \/>\n<meta property=\"og:title\" content=\"1535nm Laser Transmitting Antenna 100\u03bcJ,200\u03bcJ SFB100\/200LF2\" \/>\n<meta property=\"og:description\" content=\"The F01 Series Eye-safe Laser Transmitting Antenna is an integrated laser module independently developed by the company, consisting of a semiconductor-pumped passive Q-switched erbium glass laser, a transmitting antenna, and a photodetector (PD). It is professionally used in laser ranging, laser remote sensing, lidar, and other fields. This module emits laser at an eye-safe wavelength of 1535 nm and provides laser synchronization signals, featuring compact size, narrow divergence angle, and wide-temperature operation.\" \/>\n<meta property=\"og:url\" content=\"https:\/\/sunflaser.com\/fr\/shop\/1535nm-laser-transmitting-antenna-100\u03bcj200\u03bcj-sfb100-200lf2\/\" \/>\n<meta property=\"og:site_name\" content=\"SunFlaser Tech\" \/>\n<meta property=\"article:modified_time\" content=\"2025-12-23T07:25:09+00:00\" \/>\n<meta property=\"og:image\" content=\"https:\/\/sunflaser.com\/wp-content\/uploads\/2025\/12\/SFB100-200LF2.jpg\" \/>\n\t<meta property=\"og:image:width\" content=\"1440\" \/>\n\t<meta property=\"og:image:height\" content=\"1440\" \/>\n\t<meta property=\"og:image:type\" content=\"image\/jpeg\" \/>\n<meta name=\"twitter:card\" content=\"summary_large_image\" \/>\n<meta name=\"twitter:label1\" content=\"Dur\u00e9e de lecture estim\u00e9e\" \/>\n\t<meta name=\"twitter:data1\" content=\"2 minutes\" \/>\n<script type=\"application\/ld+json\" class=\"yoast-schema-graph\">{\"@context\":\"https:\/\/schema.org\",\"@graph\":[{\"@type\":\"WebPage\",\"@id\":\"https:\/\/sunflaser.com\/shop\/1535nm-laser-transmitting-antenna-100%ce%bcj200%ce%bcj-sfb100-200lf2\/\",\"url\":\"https:\/\/sunflaser.com\/shop\/1535nm-laser-transmitting-antenna-100%ce%bcj200%ce%bcj-sfb100-200lf2\/\",\"name\":\"1535nm Laser Transmitting Antenna 100\u03bcJ,200\u03bcJ SFB100\/200LF2 - SunFlaser Tech\",\"isPartOf\":{\"@id\":\"https:\/\/sunflaser.com\/#website\"},\"primaryImageOfPage\":{\"@id\":\"https:\/\/sunflaser.com\/shop\/1535nm-laser-transmitting-antenna-100%ce%bcj200%ce%bcj-sfb100-200lf2\/#primaryimage\"},\"image\":{\"@id\":\"https:\/\/sunflaser.com\/shop\/1535nm-laser-transmitting-antenna-100%ce%bcj200%ce%bcj-sfb100-200lf2\/#primaryimage\"},\"thumbnailUrl\":\"https:\/\/sunflaser.com\/wp-content\/uploads\/2025\/12\/SFB100-200LF2.jpg\",\"datePublished\":\"2025-12-23T03:09:39+00:00\",\"dateModified\":\"2025-12-23T07:25:09+00:00\",\"breadcrumb\":{\"@id\":\"https:\/\/sunflaser.com\/shop\/1535nm-laser-transmitting-antenna-100%ce%bcj200%ce%bcj-sfb100-200lf2\/#breadcrumb\"},\"inLanguage\":\"fr-FR\",\"potentialAction\":[{\"@type\":\"ReadAction\",\"target\":[\"https:\/\/sunflaser.com\/shop\/1535nm-laser-transmitting-antenna-100%ce%bcj200%ce%bcj-sfb100-200lf2\/\"]}]},{\"@type\":\"ImageObject\",\"inLanguage\":\"fr-FR\",\"@id\":\"https:\/\/sunflaser.com\/shop\/1535nm-laser-transmitting-antenna-100%ce%bcj200%ce%bcj-sfb100-200lf2\/#primaryimage\",\"url\":\"https:\/\/sunflaser.com\/wp-content\/uploads\/2025\/12\/SFB100-200LF2.jpg\",\"contentUrl\":\"https:\/\/sunflaser.com\/wp-content\/uploads\/2025\/12\/SFB100-200LF2.jpg\",\"width\":1440,\"height\":1440},{\"@type\":\"BreadcrumbList\",\"@id\":\"https:\/\/sunflaser.com\/shop\/1535nm-laser-transmitting-antenna-100%ce%bcj200%ce%bcj-sfb100-200lf2\/#breadcrumb\",\"itemListElement\":[{\"@type\":\"ListItem\",\"position\":1,\"name\":\"\u9996\u9875\",\"item\":\"https:\/\/sunflaser.com\/\"},{\"@type\":\"ListItem\",\"position\":2,\"name\":\"Product\",\"item\":\"https:\/\/sunflaser.com\/product\/\"},{\"@type\":\"ListItem\",\"position\":3,\"name\":\"1535nm Laser Transmitting Antenna 100\u03bcJ,200\u03bcJ SFB100\/200LF2\"}]},{\"@type\":\"WebSite\",\"@id\":\"https:\/\/sunflaser.com\/#website\",\"url\":\"https:\/\/sunflaser.com\/\",\"name\":\"SunFlaser Tech\",\"description\":\"\",\"publisher\":{\"@id\":\"https:\/\/sunflaser.com\/#organization\"},\"potentialAction\":[{\"@type\":\"SearchAction\",\"target\":{\"@type\":\"EntryPoint\",\"urlTemplate\":\"https:\/\/sunflaser.com\/?s={search_term_string}\"},\"query-input\":{\"@type\":\"PropertyValueSpecification\",\"valueRequired\":true,\"valueName\":\"search_term_string\"}}],\"inLanguage\":\"fr-FR\"},{\"@type\":\"Organization\",\"@id\":\"https:\/\/sunflaser.com\/#organization\",\"name\":\"\u76db\u98de\u5149\u901f\u79d1\u6280\uff08\u6210\u90fd\uff09\u6709\u9650\u516c\u53f8\",\"alternateName\":\"\u76db\u98de\u5149\u901f\u79d1\u6280\uff08\u6210\u90fd\uff09\u6709\u9650\u516c\u53f8\",\"url\":\"https:\/\/sunflaser.com\/\",\"logo\":{\"@type\":\"ImageObject\",\"inLanguage\":\"fr-FR\",\"@id\":\"https:\/\/sunflaser.com\/#\/schema\/logo\/image\/\",\"url\":\"https:\/\/sunflaser.com\/wp-content\/uploads\/2025\/05\/Modern-S-Letter-Logo.png\",\"contentUrl\":\"https:\/\/sunflaser.com\/wp-content\/uploads\/2025\/05\/Modern-S-Letter-Logo.png\",\"width\":1024,\"height\":289,\"caption\":\"\u76db\u98de\u5149\u901f\u79d1\u6280\uff08\u6210\u90fd\uff09\u6709\u9650\u516c\u53f8\"},\"image\":{\"@id\":\"https:\/\/sunflaser.com\/#\/schema\/logo\/image\/\"}}]}<\/script>\n<!-- \/ Yoast SEO Premium plugin. -->","yoast_head_json":{"title":"1535nm Laser Transmitting Antenna 100\u03bcJ,200\u03bcJ SFB100\/200LF2 - SunFlaser Tech","robots":{"index":"index","follow":"follow","max-snippet":"max-snippet:-1","max-image-preview":"max-image-preview:large","max-video-preview":"max-video-preview:-1"},"canonical":"https:\/\/sunflaser.com\/fr\/shop\/1535nm-laser-transmitting-antenna-100\u03bcj200\u03bcj-sfb100-200lf2\/","og_locale":"fr_FR","og_type":"article","og_title":"1535nm Laser Transmitting Antenna 100\u03bcJ,200\u03bcJ SFB100\/200LF2","og_description":"The F01 Series Eye-safe Laser Transmitting Antenna is an integrated laser module independently developed by the company, consisting of a semiconductor-pumped passive Q-switched erbium glass laser, a transmitting antenna, and a photodetector (PD). It is professionally used in laser ranging, laser remote sensing, lidar, and other fields. This module emits laser at an eye-safe wavelength of 1535 nm and provides laser synchronization signals, featuring compact size, narrow divergence angle, and wide-temperature operation.","og_url":"https:\/\/sunflaser.com\/fr\/shop\/1535nm-laser-transmitting-antenna-100\u03bcj200\u03bcj-sfb100-200lf2\/","og_site_name":"SunFlaser Tech","article_modified_time":"2025-12-23T07:25:09+00:00","og_image":[{"width":1440,"height":1440,"url":"https:\/\/sunflaser.com\/wp-content\/uploads\/2025\/12\/SFB100-200LF2.jpg","type":"image\/jpeg"}],"twitter_card":"summary_large_image","twitter_misc":{"Dur\u00e9e de lecture estim\u00e9e":"2 minutes"},"schema":{"@context":"https:\/\/schema.org","@graph":[{"@type":"WebPage","@id":"https:\/\/sunflaser.com\/shop\/1535nm-laser-transmitting-antenna-100%ce%bcj200%ce%bcj-sfb100-200lf2\/","url":"https:\/\/sunflaser.com\/shop\/1535nm-laser-transmitting-antenna-100%ce%bcj200%ce%bcj-sfb100-200lf2\/","name":"1535nm Laser Transmitting Antenna 100\u03bcJ,200\u03bcJ SFB100\/200LF2 - SunFlaser Tech","isPartOf":{"@id":"https:\/\/sunflaser.com\/#website"},"primaryImageOfPage":{"@id":"https:\/\/sunflaser.com\/shop\/1535nm-laser-transmitting-antenna-100%ce%bcj200%ce%bcj-sfb100-200lf2\/#primaryimage"},"image":{"@id":"https:\/\/sunflaser.com\/shop\/1535nm-laser-transmitting-antenna-100%ce%bcj200%ce%bcj-sfb100-200lf2\/#primaryimage"},"thumbnailUrl":"https:\/\/sunflaser.com\/wp-content\/uploads\/2025\/12\/SFB100-200LF2.jpg","datePublished":"2025-12-23T03:09:39+00:00","dateModified":"2025-12-23T07:25:09+00:00","breadcrumb":{"@id":"https:\/\/sunflaser.com\/shop\/1535nm-laser-transmitting-antenna-100%ce%bcj200%ce%bcj-sfb100-200lf2\/#breadcrumb"},"inLanguage":"fr-FR","potentialAction":[{"@type":"ReadAction","target":["https:\/\/sunflaser.com\/shop\/1535nm-laser-transmitting-antenna-100%ce%bcj200%ce%bcj-sfb100-200lf2\/"]}]},{"@type":"ImageObject","inLanguage":"fr-FR","@id":"https:\/\/sunflaser.com\/shop\/1535nm-laser-transmitting-antenna-100%ce%bcj200%ce%bcj-sfb100-200lf2\/#primaryimage","url":"https:\/\/sunflaser.com\/wp-content\/uploads\/2025\/12\/SFB100-200LF2.jpg","contentUrl":"https:\/\/sunflaser.com\/wp-content\/uploads\/2025\/12\/SFB100-200LF2.jpg","width":1440,"height":1440},{"@type":"BreadcrumbList","@id":"https:\/\/sunflaser.com\/shop\/1535nm-laser-transmitting-antenna-100%ce%bcj200%ce%bcj-sfb100-200lf2\/#breadcrumb","itemListElement":[{"@type":"ListItem","position":1,"name":"\u9996\u9875","item":"https:\/\/sunflaser.com\/"},{"@type":"ListItem","position":2,"name":"Product","item":"https:\/\/sunflaser.com\/product\/"},{"@type":"ListItem","position":3,"name":"1535nm Laser Transmitting Antenna 100\u03bcJ,200\u03bcJ SFB100\/200LF2"}]},{"@type":"WebSite","@id":"https:\/\/sunflaser.com\/#website","url":"https:\/\/sunflaser.com\/","name":"SunFlaser Tech","description":"","publisher":{"@id":"https:\/\/sunflaser.com\/#organization"},"potentialAction":[{"@type":"SearchAction","target":{"@type":"EntryPoint","urlTemplate":"https:\/\/sunflaser.com\/?s={search_term_string}"},"query-input":{"@type":"PropertyValueSpecification","valueRequired":true,"valueName":"search_term_string"}}],"inLanguage":"fr-FR"},{"@type":"Organization","@id":"https:\/\/sunflaser.com\/#organization","name":"\u76db\u98de\u5149\u901f\u79d1\u6280\uff08\u6210\u90fd\uff09\u6709\u9650\u516c\u53f8","alternateName":"\u76db\u98de\u5149\u901f\u79d1\u6280\uff08\u6210\u90fd\uff09\u6709\u9650\u516c\u53f8","url":"https:\/\/sunflaser.com\/","logo":{"@type":"ImageObject","inLanguage":"fr-FR","@id":"https:\/\/sunflaser.com\/#\/schema\/logo\/image\/","url":"https:\/\/sunflaser.com\/wp-content\/uploads\/2025\/05\/Modern-S-Letter-Logo.png","contentUrl":"https:\/\/sunflaser.com\/wp-content\/uploads\/2025\/05\/Modern-S-Letter-Logo.png","width":1024,"height":289,"caption":"\u76db\u98de\u5149\u901f\u79d1\u6280\uff08\u6210\u90fd\uff09\u6709\u9650\u516c\u53f8"},"image":{"@id":"https:\/\/sunflaser.com\/#\/schema\/logo\/image\/"}}]}},"_links":{"self":[{"href":"https:\/\/sunflaser.com\/fr\/wp-json\/wp\/v2\/product\/11002","targetHints":{"allow":["GET"]}}],"collection":[{"href":"https:\/\/sunflaser.com\/fr\/wp-json\/wp\/v2\/product"}],"about":[{"href":"https:\/\/sunflaser.com\/fr\/wp-json\/wp\/v2\/types\/product"}],"replies":[{"embeddable":true,"href":"https:\/\/sunflaser.com\/fr\/wp-json\/wp\/v2\/comments?post=11002"}],"version-history":[{"count":0,"href":"https:\/\/sunflaser.com\/fr\/wp-json\/wp\/v2\/product\/11002\/revisions"}],"wp:featuredmedia":[{"embeddable":true,"href":"https:\/\/sunflaser.com\/fr\/wp-json\/wp\/v2\/media\/11005"}],"wp:attachment":[{"href":"https:\/\/sunflaser.com\/fr\/wp-json\/wp\/v2\/media?parent=11002"}],"wp:term":[{"taxonomy":"product_brand","embeddable":true,"href":"https:\/\/sunflaser.com\/fr\/wp-json\/wp\/v2\/product_brand?post=11002"},{"taxonomy":"product_cat","embeddable":true,"href":"https:\/\/sunflaser.com\/fr\/wp-json\/wp\/v2\/product_cat?post=11002"},{"taxonomy":"product_tag","embeddable":true,"href":"https:\/\/sunflaser.com\/fr\/wp-json\/wp\/v2\/product_tag?post=11002"}],"curies":[{"name":"wp","href":"https:\/\/api.w.org\/{rel}","templated":true}]}}