{"id":10975,"date":"2025-12-21T21:23:29","date_gmt":"2025-12-22T05:23:29","guid":{"rendered":"https:\/\/sunflaser.com\/?post_type=product&#038;p=10975"},"modified":"2025-12-21T21:23:30","modified_gmt":"2025-12-22T05:23:30","slug":"1535nm-erbium-glass-laser-module-800%ce%bcj1000%ce%bcj-sfb800-1000lj","status":"publish","type":"product","link":"https:\/\/sunflaser.com\/fr\/shop\/1535nm-erbium-glass-laser-module-800%ce%bcj1000%ce%bcj-sfb800-1000lj\/","title":{"rendered":"1535nm Erbium Glass Laser Module 800\u03bcJ,1000\u03bcJ SFB800\/1000LJ"},"content":{"rendered":"<h3 class=\"header-iWP5WJ auto-hide-last-sibling-br\">Caract\u00e9ristiques principales<\/h3>\n<ul class=\"auto-hide-last-sibling-br\">\n<li>Bas\u00e9 sur la technologie Er:glass passive Q-switching pour une sortie d'impulsion de haute qualit\u00e9<\/li>\n<li>Produit laser de classe 1, enti\u00e8rement conforme aux normes relatives aux lasers sans danger pour les yeux<\/li>\n<li>Module de pompe \u00e0 semi-conducteur int\u00e9gr\u00e9 et conception du cristal laser pour une fiabilit\u00e9 accrue<\/li>\n<li>Stabilit\u00e9 \u00e9nerg\u00e9tique exceptionnelle (RMS \u2264 3%) pour des performances constantes<\/li>\n<li>Divergence \u00e9troite \u00e0 angle complet (8-10 mrad typique) pour une diffusion focalis\u00e9e du faisceau<\/li>\n<li>Structure m\u00e9canique robuste adapt\u00e9e \u00e0 l'int\u00e9gration dans des syst\u00e8mes complexes<\/li>\n<\/ul>\n<hr \/>\n<h3 class=\"header-iWP5WJ auto-hide-last-sibling-br\">Domaines d'application<\/h3>\n<ul class=\"auto-hide-last-sibling-br\">\n<li><strong>T\u00e9l\u00e9m\u00e8tres<\/strong>: Id\u00e9al pour les mesures de distance de pr\u00e9cision dans les t\u00e9l\u00e9m\u00e8tres de l'industrie, de la d\u00e9fense et de l'a\u00e9rospatiale, gr\u00e2ce \u00e0 l'\u00e9nergie d'impulsion stable et \u00e0 la qualit\u00e9 du faisceau pour des lectures pr\u00e9cises.<\/li>\n<li><strong>Radar m\u00e9t\u00e9orologique<\/strong>: Fiable pour les syst\u00e8mes de surveillance et de pr\u00e9vision m\u00e9t\u00e9orologiques, o\u00f9 la grande adaptabilit\u00e9 \u00e0 la temp\u00e9rature et la puret\u00e9 des impulsions du module laser garantissent une collecte de donn\u00e9es coh\u00e9rente dans des conditions atmosph\u00e9riques variables.<\/li>\n<li><strong>Fus\u00e9es<\/strong>: Compatible avec les technologies de fus\u00e9e avanc\u00e9es, elle offre une taille compacte, une s\u00e9curit\u00e9 oculaire et des performances stables pour les applications critiques de d\u00e9fense et de s\u00e9curit\u00e9.<\/li>\n<\/ul>\n<hr \/>\n<h3 class=\"header-iWP5WJ auto-hide-last-sibling-br\">Sp\u00e9cifications techniques<\/h3>\n\n<table id=\"tablepress-64\" class=\"tablepress tablepress-id-64\">\n<thead>\n<tr class=\"row-1\">\n\t<th class=\"column-1\">Param\u00e8tres<\/th><th class=\"column-2\">Sp\u00e9cifications<\/th>\n<\/tr>\n<\/thead>\n<tbody class=\"row-striping row-hover\">\n<tr class=\"row-2\">\n\t<td class=\"column-1\">Longueur d'onde<\/td><td class=\"column-2\">1535nm<\/td>\n<\/tr>\n<tr class=\"row-3\">\n\t<td class=\"column-1\">\u00c9nergie \u00e0 impulsion unique<\/td><td class=\"column-2\">800 \u03bcJ, 1000 \u03bcJ<\/td>\n<\/tr>\n<tr class=\"row-4\">\n\t<td class=\"column-1\">Largeur d'impulsion (Typ. )<\/td><td class=\"column-2\">8ns<\/td>\n<\/tr>\n<tr class=\"row-5\">\n\t<td class=\"column-1\">Fr\u00e9quence de r\u00e9p\u00e9tition<\/td><td class=\"column-2\">5Hz<\/td>\n<\/tr>\n<tr class=\"row-6\">\n\t<td class=\"column-1\">Courant d'exploitation<\/td><td class=\"column-2\">30A<\/td>\n<\/tr>\n<tr class=\"row-7\">\n\t<td class=\"column-1\">Divergence \u00e0 angle complet \uff08Typ. \uff09<\/td><td class=\"column-2\">7 mrad<\/td>\n<\/tr>\n<tr class=\"row-8\">\n\t<td class=\"column-1\">Mode faisceau<\/td><td class=\"column-2\">TEM\u2080\u2080<\/td>\n<\/tr>\n<tr class=\"row-9\">\n\t<td class=\"column-1\">Stabilit\u00e9 \u00e9nerg\u00e9tique (RMS)<\/td><td class=\"column-2\">3%<\/td>\n<\/tr>\n<tr class=\"row-10\">\n\t<td class=\"column-1\">Poids<\/td><td class=\"column-2\">20g<\/td>\n<\/tr>\n<tr class=\"row-11\">\n\t<td class=\"column-1\">Dimensions (L\u00d7L\u00d7H)<\/td><td class=\"column-2\">40x9x7.65mm<\/td>\n<\/tr>\n<tr class=\"row-12\">\n\t<td class=\"column-1\">Temp\u00e9rature de fonctionnement<\/td><td class=\"column-2\">-40\u2103~65\u2103<\/td>\n<\/tr>\n<tr class=\"row-13\">\n\t<td class=\"column-1\">Temp\u00e9rature de stockage<\/td><td class=\"column-2\">-45\u2103~80\u2103<\/td>\n<\/tr>\n<\/tbody>\n<\/table>\n\n<p>Note : Toutes les donn\u00e9es du tableau ci-dessus sont des valeurs typiques test\u00e9es \u00e0 temp\u00e9rature ambiante (25\u2103), et les donn\u00e9es finales sont soumises au rapport d'essai de l'usine.<\/p>\n<p>&nbsp;<\/p>","protected":false},"excerpt":{"rendered":"<p>Le module laser \u00e0 verre erbium 1535nm se situe dans une bande de longueur d'onde sans danger pour les yeux, offrant des avantages significatifs dans la t\u00e9l\u00e9m\u00e9trie laser, le radar et d'autres domaines. Cette s\u00e9rie de lasers d\u00e9livre des impulsions pures sans queue, avec une \u00e9nergie stable et une excellente qualit\u00e9 de faisceau. Gr\u00e2ce \u00e0 la conception int\u00e9gr\u00e9e du module de pompage \u00e0 semi-conducteur et du cristal laser, elle pr\u00e9sente un bo\u00eetier compact qui facilite l'installation et l'int\u00e9gration. L'\u00e9nergie de sortie maximale de cette s\u00e9rie de produits peut atteindre 1 mJ.<\/p>","protected":false},"featured_media":10983,"comment_status":"open","ping_status":"closed","template":"","meta":[],"product_brand":[],"product_cat":[605],"product_tag":[],"class_list":{"0":"post-10975","1":"product","2":"type-product","3":"status-publish","4":"has-post-thumbnail","6":"product_cat-laser-rangefinder-module","8":"first","9":"instock","10":"shipping-taxable","11":"product-type-simple"},"yoast_head":"<!-- This site is optimized with the Yoast SEO Premium plugin v24.8 (Yoast SEO v26.6) - https:\/\/yoast.com\/wordpress\/plugins\/seo\/ -->\n<title>1535nm Erbium Glass Laser Module 800\u03bcJ,1000\u03bcJ SFB800\/1000LJ - SunFlaser Tech<\/title>\n<meta name=\"robots\" content=\"index, follow, max-snippet:-1, max-image-preview:large, max-video-preview:-1\" \/>\n<link rel=\"canonical\" href=\"https:\/\/sunflaser.com\/fr\/shop\/1535nm-erbium-glass-laser-module-800\u03bcj1000\u03bcj-sfb800-1000lj\/\" \/>\n<meta property=\"og:locale\" content=\"fr_FR\" \/>\n<meta property=\"og:type\" content=\"article\" \/>\n<meta property=\"og:title\" content=\"1535nm Erbium Glass Laser Module 800\u03bcJ,1000\u03bcJ SFB800\/1000LJ\" \/>\n<meta property=\"og:description\" content=\"The 1535nm erbium glass laser module in an eye-safe wavelength band, offering significant advantages in laser ranging, radar, and other fields. This series of lasers delivers pure pulses without tails, featuring stable single-pulse energy and excellent beam quality. With an integrated design of the semiconductor pumping module and laser crystal, it boasts a compact package that facilitates easy installation and integration.The maximum output energy of this product series can reach 1 mJ.\" \/>\n<meta property=\"og:url\" content=\"https:\/\/sunflaser.com\/fr\/shop\/1535nm-erbium-glass-laser-module-800\u03bcj1000\u03bcj-sfb800-1000lj\/\" \/>\n<meta property=\"og:site_name\" content=\"SunFlaser Tech\" \/>\n<meta property=\"article:modified_time\" content=\"2025-12-22T05:23:30+00:00\" \/>\n<meta property=\"og:image\" content=\"https:\/\/sunflaser.com\/wp-content\/uploads\/2025\/12\/SFB800-1000LJ.jpg\" \/>\n\t<meta property=\"og:image:width\" content=\"1440\" \/>\n\t<meta property=\"og:image:height\" content=\"1440\" \/>\n\t<meta property=\"og:image:type\" content=\"image\/jpeg\" \/>\n<meta name=\"twitter:card\" content=\"summary_large_image\" \/>\n<meta name=\"twitter:label1\" content=\"Dur\u00e9e de lecture estim\u00e9e\" \/>\n\t<meta name=\"twitter:data1\" content=\"1 minute\" \/>\n<script type=\"application\/ld+json\" class=\"yoast-schema-graph\">{\"@context\":\"https:\/\/schema.org\",\"@graph\":[{\"@type\":\"WebPage\",\"@id\":\"https:\/\/sunflaser.com\/shop\/1535nm-erbium-glass-laser-module-800%ce%bcj1000%ce%bcj-sfb800-1000lj\/\",\"url\":\"https:\/\/sunflaser.com\/shop\/1535nm-erbium-glass-laser-module-800%ce%bcj1000%ce%bcj-sfb800-1000lj\/\",\"name\":\"1535nm Erbium Glass Laser Module 800\u03bcJ,1000\u03bcJ SFB800\/1000LJ - SunFlaser Tech\",\"isPartOf\":{\"@id\":\"https:\/\/sunflaser.com\/#website\"},\"primaryImageOfPage\":{\"@id\":\"https:\/\/sunflaser.com\/shop\/1535nm-erbium-glass-laser-module-800%ce%bcj1000%ce%bcj-sfb800-1000lj\/#primaryimage\"},\"image\":{\"@id\":\"https:\/\/sunflaser.com\/shop\/1535nm-erbium-glass-laser-module-800%ce%bcj1000%ce%bcj-sfb800-1000lj\/#primaryimage\"},\"thumbnailUrl\":\"https:\/\/sunflaser.com\/wp-content\/uploads\/2025\/12\/SFB800-1000LJ.jpg\",\"datePublished\":\"2025-12-22T05:23:29+00:00\",\"dateModified\":\"2025-12-22T05:23:30+00:00\",\"breadcrumb\":{\"@id\":\"https:\/\/sunflaser.com\/shop\/1535nm-erbium-glass-laser-module-800%ce%bcj1000%ce%bcj-sfb800-1000lj\/#breadcrumb\"},\"inLanguage\":\"fr-FR\",\"potentialAction\":[{\"@type\":\"ReadAction\",\"target\":[\"https:\/\/sunflaser.com\/shop\/1535nm-erbium-glass-laser-module-800%ce%bcj1000%ce%bcj-sfb800-1000lj\/\"]}]},{\"@type\":\"ImageObject\",\"inLanguage\":\"fr-FR\",\"@id\":\"https:\/\/sunflaser.com\/shop\/1535nm-erbium-glass-laser-module-800%ce%bcj1000%ce%bcj-sfb800-1000lj\/#primaryimage\",\"url\":\"https:\/\/sunflaser.com\/wp-content\/uploads\/2025\/12\/SFB800-1000LJ.jpg\",\"contentUrl\":\"https:\/\/sunflaser.com\/wp-content\/uploads\/2025\/12\/SFB800-1000LJ.jpg\",\"width\":1440,\"height\":1440},{\"@type\":\"BreadcrumbList\",\"@id\":\"https:\/\/sunflaser.com\/shop\/1535nm-erbium-glass-laser-module-800%ce%bcj1000%ce%bcj-sfb800-1000lj\/#breadcrumb\",\"itemListElement\":[{\"@type\":\"ListItem\",\"position\":1,\"name\":\"\u9996\u9875\",\"item\":\"https:\/\/sunflaser.com\/\"},{\"@type\":\"ListItem\",\"position\":2,\"name\":\"Product\",\"item\":\"https:\/\/sunflaser.com\/product\/\"},{\"@type\":\"ListItem\",\"position\":3,\"name\":\"1535nm Erbium Glass Laser Module 800\u03bcJ,1000\u03bcJ SFB800\/1000LJ\"}]},{\"@type\":\"WebSite\",\"@id\":\"https:\/\/sunflaser.com\/#website\",\"url\":\"https:\/\/sunflaser.com\/\",\"name\":\"SunFlaser Tech\",\"description\":\"\",\"publisher\":{\"@id\":\"https:\/\/sunflaser.com\/#organization\"},\"potentialAction\":[{\"@type\":\"SearchAction\",\"target\":{\"@type\":\"EntryPoint\",\"urlTemplate\":\"https:\/\/sunflaser.com\/?s={search_term_string}\"},\"query-input\":{\"@type\":\"PropertyValueSpecification\",\"valueRequired\":true,\"valueName\":\"search_term_string\"}}],\"inLanguage\":\"fr-FR\"},{\"@type\":\"Organization\",\"@id\":\"https:\/\/sunflaser.com\/#organization\",\"name\":\"\u76db\u98de\u5149\u901f\u79d1\u6280\uff08\u6210\u90fd\uff09\u6709\u9650\u516c\u53f8\",\"alternateName\":\"\u76db\u98de\u5149\u901f\u79d1\u6280\uff08\u6210\u90fd\uff09\u6709\u9650\u516c\u53f8\",\"url\":\"https:\/\/sunflaser.com\/\",\"logo\":{\"@type\":\"ImageObject\",\"inLanguage\":\"fr-FR\",\"@id\":\"https:\/\/sunflaser.com\/#\/schema\/logo\/image\/\",\"url\":\"https:\/\/sunflaser.com\/wp-content\/uploads\/2025\/05\/Modern-S-Letter-Logo.png\",\"contentUrl\":\"https:\/\/sunflaser.com\/wp-content\/uploads\/2025\/05\/Modern-S-Letter-Logo.png\",\"width\":1024,\"height\":289,\"caption\":\"\u76db\u98de\u5149\u901f\u79d1\u6280\uff08\u6210\u90fd\uff09\u6709\u9650\u516c\u53f8\"},\"image\":{\"@id\":\"https:\/\/sunflaser.com\/#\/schema\/logo\/image\/\"}}]}<\/script>\n<!-- \/ Yoast SEO Premium plugin. -->","yoast_head_json":{"title":"1535nm Erbium Glass Laser Module 800\u03bcJ,1000\u03bcJ SFB800\/1000LJ - SunFlaser Tech","robots":{"index":"index","follow":"follow","max-snippet":"max-snippet:-1","max-image-preview":"max-image-preview:large","max-video-preview":"max-video-preview:-1"},"canonical":"https:\/\/sunflaser.com\/fr\/shop\/1535nm-erbium-glass-laser-module-800\u03bcj1000\u03bcj-sfb800-1000lj\/","og_locale":"fr_FR","og_type":"article","og_title":"1535nm Erbium Glass Laser Module 800\u03bcJ,1000\u03bcJ SFB800\/1000LJ","og_description":"The 1535nm erbium glass laser module in an eye-safe wavelength band, offering significant advantages in laser ranging, radar, and other fields. This series of lasers delivers pure pulses without tails, featuring stable single-pulse energy and excellent beam quality. With an integrated design of the semiconductor pumping module and laser crystal, it boasts a compact package that facilitates easy installation and integration.The maximum output energy of this product series can reach 1 mJ.","og_url":"https:\/\/sunflaser.com\/fr\/shop\/1535nm-erbium-glass-laser-module-800\u03bcj1000\u03bcj-sfb800-1000lj\/","og_site_name":"SunFlaser Tech","article_modified_time":"2025-12-22T05:23:30+00:00","og_image":[{"width":1440,"height":1440,"url":"https:\/\/sunflaser.com\/wp-content\/uploads\/2025\/12\/SFB800-1000LJ.jpg","type":"image\/jpeg"}],"twitter_card":"summary_large_image","twitter_misc":{"Dur\u00e9e de lecture estim\u00e9e":"1 minute"},"schema":{"@context":"https:\/\/schema.org","@graph":[{"@type":"WebPage","@id":"https:\/\/sunflaser.com\/shop\/1535nm-erbium-glass-laser-module-800%ce%bcj1000%ce%bcj-sfb800-1000lj\/","url":"https:\/\/sunflaser.com\/shop\/1535nm-erbium-glass-laser-module-800%ce%bcj1000%ce%bcj-sfb800-1000lj\/","name":"1535nm Erbium Glass Laser Module 800\u03bcJ,1000\u03bcJ SFB800\/1000LJ - SunFlaser Tech","isPartOf":{"@id":"https:\/\/sunflaser.com\/#website"},"primaryImageOfPage":{"@id":"https:\/\/sunflaser.com\/shop\/1535nm-erbium-glass-laser-module-800%ce%bcj1000%ce%bcj-sfb800-1000lj\/#primaryimage"},"image":{"@id":"https:\/\/sunflaser.com\/shop\/1535nm-erbium-glass-laser-module-800%ce%bcj1000%ce%bcj-sfb800-1000lj\/#primaryimage"},"thumbnailUrl":"https:\/\/sunflaser.com\/wp-content\/uploads\/2025\/12\/SFB800-1000LJ.jpg","datePublished":"2025-12-22T05:23:29+00:00","dateModified":"2025-12-22T05:23:30+00:00","breadcrumb":{"@id":"https:\/\/sunflaser.com\/shop\/1535nm-erbium-glass-laser-module-800%ce%bcj1000%ce%bcj-sfb800-1000lj\/#breadcrumb"},"inLanguage":"fr-FR","potentialAction":[{"@type":"ReadAction","target":["https:\/\/sunflaser.com\/shop\/1535nm-erbium-glass-laser-module-800%ce%bcj1000%ce%bcj-sfb800-1000lj\/"]}]},{"@type":"ImageObject","inLanguage":"fr-FR","@id":"https:\/\/sunflaser.com\/shop\/1535nm-erbium-glass-laser-module-800%ce%bcj1000%ce%bcj-sfb800-1000lj\/#primaryimage","url":"https:\/\/sunflaser.com\/wp-content\/uploads\/2025\/12\/SFB800-1000LJ.jpg","contentUrl":"https:\/\/sunflaser.com\/wp-content\/uploads\/2025\/12\/SFB800-1000LJ.jpg","width":1440,"height":1440},{"@type":"BreadcrumbList","@id":"https:\/\/sunflaser.com\/shop\/1535nm-erbium-glass-laser-module-800%ce%bcj1000%ce%bcj-sfb800-1000lj\/#breadcrumb","itemListElement":[{"@type":"ListItem","position":1,"name":"\u9996\u9875","item":"https:\/\/sunflaser.com\/"},{"@type":"ListItem","position":2,"name":"Product","item":"https:\/\/sunflaser.com\/product\/"},{"@type":"ListItem","position":3,"name":"1535nm Erbium Glass Laser Module 800\u03bcJ,1000\u03bcJ SFB800\/1000LJ"}]},{"@type":"WebSite","@id":"https:\/\/sunflaser.com\/#website","url":"https:\/\/sunflaser.com\/","name":"SunFlaser Tech","description":"","publisher":{"@id":"https:\/\/sunflaser.com\/#organization"},"potentialAction":[{"@type":"SearchAction","target":{"@type":"EntryPoint","urlTemplate":"https:\/\/sunflaser.com\/?s={search_term_string}"},"query-input":{"@type":"PropertyValueSpecification","valueRequired":true,"valueName":"search_term_string"}}],"inLanguage":"fr-FR"},{"@type":"Organization","@id":"https:\/\/sunflaser.com\/#organization","name":"\u76db\u98de\u5149\u901f\u79d1\u6280\uff08\u6210\u90fd\uff09\u6709\u9650\u516c\u53f8","alternateName":"\u76db\u98de\u5149\u901f\u79d1\u6280\uff08\u6210\u90fd\uff09\u6709\u9650\u516c\u53f8","url":"https:\/\/sunflaser.com\/","logo":{"@type":"ImageObject","inLanguage":"fr-FR","@id":"https:\/\/sunflaser.com\/#\/schema\/logo\/image\/","url":"https:\/\/sunflaser.com\/wp-content\/uploads\/2025\/05\/Modern-S-Letter-Logo.png","contentUrl":"https:\/\/sunflaser.com\/wp-content\/uploads\/2025\/05\/Modern-S-Letter-Logo.png","width":1024,"height":289,"caption":"\u76db\u98de\u5149\u901f\u79d1\u6280\uff08\u6210\u90fd\uff09\u6709\u9650\u516c\u53f8"},"image":{"@id":"https:\/\/sunflaser.com\/#\/schema\/logo\/image\/"}}]}},"_links":{"self":[{"href":"https:\/\/sunflaser.com\/fr\/wp-json\/wp\/v2\/product\/10975","targetHints":{"allow":["GET"]}}],"collection":[{"href":"https:\/\/sunflaser.com\/fr\/wp-json\/wp\/v2\/product"}],"about":[{"href":"https:\/\/sunflaser.com\/fr\/wp-json\/wp\/v2\/types\/product"}],"replies":[{"embeddable":true,"href":"https:\/\/sunflaser.com\/fr\/wp-json\/wp\/v2\/comments?post=10975"}],"version-history":[{"count":0,"href":"https:\/\/sunflaser.com\/fr\/wp-json\/wp\/v2\/product\/10975\/revisions"}],"wp:featuredmedia":[{"embeddable":true,"href":"https:\/\/sunflaser.com\/fr\/wp-json\/wp\/v2\/media\/10983"}],"wp:attachment":[{"href":"https:\/\/sunflaser.com\/fr\/wp-json\/wp\/v2\/media?parent=10975"}],"wp:term":[{"taxonomy":"product_brand","embeddable":true,"href":"https:\/\/sunflaser.com\/fr\/wp-json\/wp\/v2\/product_brand?post=10975"},{"taxonomy":"product_cat","embeddable":true,"href":"https:\/\/sunflaser.com\/fr\/wp-json\/wp\/v2\/product_cat?post=10975"},{"taxonomy":"product_tag","embeddable":true,"href":"https:\/\/sunflaser.com\/fr\/wp-json\/wp\/v2\/product_tag?post=10975"}],"curies":[{"name":"wp","href":"https:\/\/api.w.org\/{rel}","templated":true}]}}