{"id":10820,"date":"2025-11-19T01:01:08","date_gmt":"2025-11-19T09:01:08","guid":{"rendered":"https:\/\/sunflaser.com\/?post_type=product&#038;p=10820"},"modified":"2025-11-19T01:57:04","modified_gmt":"2025-11-19T09:57:04","slug":"905nm-laser-rangefinder-module-1500m-sfa1500c","status":"publish","type":"product","link":"https:\/\/sunflaser.com\/fr\/shop\/905nm-laser-rangefinder-module-1500m-sfa1500c\/","title":{"rendered":"905nm Laser Rangefinder Module 1500m SFA1500C"},"content":{"rendered":"<h3 class=\"header-iWP5WJ auto-hide-last-sibling-br\">Principaux arguments de vente<\/h3>\n<ul class=\"auto-hide-last-sibling-br\">\n<li>Impressionnante port\u00e9e \u00e0 longue distance : Ce t\u00e9l\u00e9m\u00e8tre laser atteint une distance de mesure maximale de \u22651500m pour les grandes cibles (dans des conditions optimales : visibilit\u00e9 \u22655km, cibles \u00e0 forte r\u00e9flectivit\u00e9), ce qui garantit des performances fiables dans les sc\u00e9narios ext\u00e9rieurs et industriels.<\/li>\n<li>Grande pr\u00e9cision des mesures : Avec une pr\u00e9cision de \u00b11m et un taux d'atteinte des cibles de \u226598%, le t\u00e9l\u00e9m\u00e8tre laser fournit des donn\u00e9es de distance coh\u00e9rentes et pr\u00e9cises, essentielles pour les applications n\u00e9cessitant des mesures fiables.<\/li>\n<li>Conception ultra-compacte et l\u00e9g\u00e8re : Avec des dimensions de \u226425,8mm\u00d724,6mm\u00d712,8mm et un poids de seulement 10\u00b10,5g, ce t\u00e9l\u00e9m\u00e8tre laser compact permet une int\u00e9gration facile dans divers appareils sans ajouter d'encombrement excessif.<\/li>\n<li>Fonctionnement stable et efficace : Prend en charge plusieurs fr\u00e9quences de t\u00e9l\u00e9m\u00e9trie (simple, 1Hz, 2Hz) pour s'adapter aux diff\u00e9rents besoins d'utilisation. Faible consommation d'\u00e9nergie en veille (\u22641W) pour une performance \u00e9conome en \u00e9nergie.<\/li>\n<li>Forte adaptabilit\u00e9 environnementale : Fonctionne de mani\u00e8re fiable dans une plage de temp\u00e9rature de -20\u2103\uff5e+60\u2103 et convient \u00e0 une utilisation dans des environnements avec une humidit\u00e9 \u226480%, ce qui le rend durable pour les conditions ext\u00e9rieures et industrielles globales.<\/li>\n<li>Construction s\u00fbre et durable : Dot\u00e9 d'une protection \u00e9lectrostatique et d'une conception \u00e9tanche, le t\u00e9l\u00e9m\u00e8tre laser r\u00e9siste aux dommages caus\u00e9s par l'\u00e9lectricit\u00e9 statique, l'humidit\u00e9 et les risques environnementaux mineurs, garantissant ainsi une longue dur\u00e9e de vie.<\/li>\n<\/ul>\n<hr \/>\n<h3 class=\"header-iWP5WJ auto-hide-last-sibling-br\">Fonctions<\/h3>\n<ul class=\"auto-hide-last-sibling-br\">\n<li>Mesure de la distance de base : Le t\u00e9l\u00e9m\u00e8tre laser \u00e9met une lumi\u00e8re laser vers la cible et calcule la distance en fonction du temps de vol, fournissant ainsi des donn\u00e9es de distance pr\u00e9cises pour des objets sp\u00e9cifiques.<\/li>\n<li>Modes de mesure multiples : Prise en charge de la mesure unique, de la mesure continue \u00e0 1Hz et de la mesure continue \u00e0 2Hz, permettant aux utilisateurs de s\u00e9lectionner le mode optimal pour leur application.<\/li>\n<li>Retour de donn\u00e9es en temps r\u00e9el : Renvoie les informations sur la distance (parties enti\u00e8res et d\u00e9cimales) et l'\u00e9tat de la mesure (succ\u00e8s\/\u00e9chec) via le port s\u00e9rie TTL, ce qui permet une surveillance et une analyse des donn\u00e9es en temps r\u00e9el.<\/li>\n<li>Fonction d'autotest : La fonction d'autotest int\u00e9gr\u00e9e permet aux utilisateurs de v\u00e9rifier l'\u00e9tat de fonctionnement du t\u00e9l\u00e9m\u00e8tre laser, garantissant ainsi la fiabilit\u00e9 avant les mesures critiques.<\/li>\n<li>Commande d'arr\u00eat de la mesure : Une commande sp\u00e9cifique permet d'arr\u00eater les mesures en continu, ce qui offre une grande souplesse d'utilisation pour les sc\u00e9narios dynamiques.<\/li>\n<\/ul>\n<hr \/>\n<h3 class=\"header-iWP5WJ auto-hide-last-sibling-br\">Domaines d'application<\/h3>\n<div class=\"auto-hide-last-sibling-br paragraph-pP9ZLC paragraph-element br-paragraph-space\">Le t\u00e9l\u00e9m\u00e8tre laser SFA1500C est polyvalent et convient \u00e0 de nombreuses industries et sc\u00e9narios dans le monde entier :<\/div>\n<div class=\"container-Uxvbjy md-box-line-break wrapper-GYqxgQ undefined\"><\/div>\n<ul class=\"auto-hide-last-sibling-br\">\n<li>Surveillance et s\u00e9curit\u00e9 ext\u00e9rieures : Id\u00e9al pour les syst\u00e8mes de contr\u00f4le de s\u00e9curit\u00e9, la protection des p\u00e9rim\u00e8tres et les \u00e9quipements de surveillance ext\u00e9rieure, fournissant des donn\u00e9es de distance en temps r\u00e9el pour le suivi des cibles.<\/li>\n<li>Automatisation industrielle : Int\u00e9gr\u00e9 dans les syst\u00e8mes robotiques, les \u00e9quipements de contr\u00f4le industriel et les lignes de production pour une d\u00e9tection et un positionnement pr\u00e9cis des distances.<\/li>\n<li>UAV et a\u00e9rospatiale : Compatible avec les v\u00e9hicules a\u00e9riens sans pilote (UAV) et les petits avions, il offre une mesure de distance l\u00e9g\u00e8re et compacte pour la navigation et les t\u00e2ches critiques.<\/li>\n<li>Arpentage et cartographie : Utilis\u00e9 dans les outils d'arpentage portables, les dispositifs de collecte d'informations g\u00e9ographiques et les \u00e9quipements de cartographie en plein air pour obtenir des donn\u00e9es de distance pr\u00e9cises.<\/li>\n<li>Transport et logistique : Appliqu\u00e9 \u00e0 la surveillance de la distance parcourue par les v\u00e9hicules, \u00e0 la planification logistique et aux syst\u00e8mes de gestion du trafic afin d'am\u00e9liorer l'efficacit\u00e9 op\u00e9rationnelle.<\/li>\n<li>Chasse et sports de plein air : Un compagnon fiable pour l'\u00e9quipement de chasse et l'\u00e9quipement d'aventure en plein air, fournissant des mesures de distance pr\u00e9cises pour l'acquisition de cibles.<\/li>\n<\/ul>\n<hr \/>\n<h3 class=\"header-iWP5WJ auto-hide-last-sibling-br\">Sp\u00e9cifications techniques<\/h3>\n\n<table id=\"tablepress-59\" class=\"tablepress tablepress-id-59\">\n<thead>\n<tr class=\"row-1\">\n\t<th class=\"column-1\"><strong>Param\u00e8tres<\/strong><\/th><th class=\"column-2\"><strong>Sp\u00e9cifications<\/strong><\/th>\n<\/tr>\n<\/thead>\n<tbody class=\"row-striping row-hover\">\n<tr class=\"row-2\">\n\t<td class=\"column-1\">Longueur d'onde de fonctionnement<\/td><td class=\"column-2\">905nm\u00b15nm<\/td>\n<\/tr>\n<tr class=\"row-3\">\n\t<td class=\"column-1\">Capacit\u00e9 de t\u00e9l\u00e9d\u00e9tection<\/td><td class=\"column-2\">\u22651500m (grandes cibles, visibilit\u00e9 \u22655km)<\/td>\n<\/tr>\n<tr class=\"row-4\">\n\t<td class=\"column-1\">Zone aveugle de t\u00e9l\u00e9m\u00e9trie<\/td><td class=\"column-2\">\u22645m<\/td>\n<\/tr>\n<tr class=\"row-5\">\n\t<td class=\"column-1\">Pr\u00e9cision de la mesure<\/td><td class=\"column-2\">\u00b11m<\/td>\n<\/tr>\n<tr class=\"row-6\">\n\t<td class=\"column-1\">Taux de pr\u00e9cision<\/td><td class=\"column-2\">\u226598%<\/td>\n<\/tr>\n<tr class=\"row-7\">\n\t<td class=\"column-1\">Fr\u00e9quences de t\u00e9l\u00e9m\u00e9trie<\/td><td class=\"column-2\">Simple, 1Hz, 2Hz<\/td>\n<\/tr>\n<tr class=\"row-8\">\n\t<td class=\"column-1\">Poids<\/td><td class=\"column-2\">10\u00b10.5g<\/td>\n<\/tr>\n<tr class=\"row-9\">\n\t<td class=\"column-1\">Dimensions<\/td><td class=\"column-2\">\u226425.8mm\u00d724.6mm\u00d712.8mm<\/td>\n<\/tr>\n<tr class=\"row-10\">\n\t<td class=\"column-1\">Tension d'alimentation<\/td><td class=\"column-2\">3V\uff5e5V<\/td>\n<\/tr>\n<tr class=\"row-11\">\n\t<td class=\"column-1\">Consommation d'\u00e9nergie en veille<\/td><td class=\"column-2\">\u22641.2W<\/td>\n<\/tr>\n<tr class=\"row-12\">\n\t<td class=\"column-1\">Consommation \u00e9lectrique moyenne<\/td><td class=\"column-2\">\u22641.5W<\/td>\n<\/tr>\n<tr class=\"row-13\">\n\t<td class=\"column-1\">Temp\u00e9rature de fonctionnement<\/td><td class=\"column-2\">-20\u2103\uff5e+60\u2103<\/td>\n<\/tr>\n<tr class=\"row-14\">\n\t<td class=\"column-1\">Interface de communication<\/td><td class=\"column-2\">Port s\u00e9rie TTL<\/td>\n<\/tr>\n<tr class=\"row-15\">\n\t<td class=\"column-1\">D\u00e9bit en bauds<\/td><td class=\"column-2\">115200bps<\/td>\n<\/tr>\n<tr class=\"row-16\">\n\t<td class=\"column-1\">Fonction principale<\/td><td class=\"column-2\">Mesure de la distance par laser<\/td>\n<\/tr>\n<\/tbody>\n<\/table>","protected":false},"excerpt":{"rendered":"<p>Le t\u00e9l\u00e9m\u00e8tre laser compact SFA1500C est un appareil photo\u00e9lectrique de haute performance con\u00e7u pour calculer la distance en \u00e9mettant une lumi\u00e8re laser et en mesurant son temps de vol jusqu'\u00e0 la cible. Ce t\u00e9l\u00e9m\u00e8tre laser allie une fonctionnalit\u00e9 fiable \u00e0 une utilisation conviviale. Il est dot\u00e9 d'une interface de communication TTL pour une transmission transparente des donn\u00e9es. En tant que solution compacte et l\u00e9g\u00e8re de mesure de distance par laser, il r\u00e9pond aux exigences rigoureuses des march\u00e9s internationaux, offrant des performances exceptionnelles pour une large gamme d'applications professionnelles.<\/p>","protected":false},"featured_media":10831,"comment_status":"closed","ping_status":"closed","template":"","meta":[],"product_brand":[],"product_cat":[126,605],"product_tag":[],"class_list":{"0":"post-10820","1":"product","2":"type-product","3":"status-publish","4":"has-post-thumbnail","6":"product_cat-905nm-semiconductor-pulsed-laser-rangefinder-module","7":"product_cat-laser-rangefinder-module","8":"pa_acuracy-rate-649","9":"pa_baud-rate-648","10":"pa_blind-zone-1500m-large-targets-visibility-5km","11":"pa_dimensions-25-8x24-6x12-8","12":"pa_operating-temperature-631","13":"pa_voltage-676","14":"pa_weight-100-5","16":"first","17":"instock","18":"shipping-taxable","19":"product-type-simple"},"yoast_head":"<!-- This site is optimized with the Yoast SEO Premium plugin v24.8 (Yoast SEO v26.6) - https:\/\/yoast.com\/wordpress\/plugins\/seo\/ -->\n<title>905nm Laser Rangefinder Module 1500m SFA1500C - SunFlaser Tech<\/title>\n<meta name=\"description\" content=\"The SFA1500C compact laser rangefinder is a high-performance photoelectric device designed to calculate distance by emitting laser light and measuring its flight time to the target. This laser rangefinder combines reliable functionality with user-friendly operation, featuring a TTL communication interface for seamless data transmission. As a compact and lightweight laser distance measurement solution, it meets the rigorous demands of international markets, offering exceptional performance for a wide range of professional applications.\" \/>\n<meta name=\"robots\" content=\"index, follow, max-snippet:-1, max-image-preview:large, max-video-preview:-1\" \/>\n<link rel=\"canonical\" href=\"https:\/\/sunflaser.com\/fr\/shop\/905nm-laser-rangefinder-module-1500m-sfa1500c\/\" \/>\n<meta property=\"og:locale\" content=\"fr_FR\" \/>\n<meta property=\"og:type\" content=\"article\" \/>\n<meta property=\"og:title\" content=\"905nm Laser Rangefinder Module 1500m SFA1500C\" \/>\n<meta property=\"og:description\" content=\"The SFA1500C compact laser rangefinder is a high-performance photoelectric device designed to calculate distance by emitting laser light and measuring its flight time to the target. This laser rangefinder combines reliable functionality with user-friendly operation, featuring a TTL communication interface for seamless data transmission. As a compact and lightweight laser distance measurement solution, it meets the rigorous demands of international markets, offering exceptional performance for a wide range of professional applications.\" \/>\n<meta property=\"og:url\" content=\"https:\/\/sunflaser.com\/fr\/shop\/905nm-laser-rangefinder-module-1500m-sfa1500c\/\" \/>\n<meta property=\"og:site_name\" content=\"SunFlaser Tech\" \/>\n<meta property=\"article:modified_time\" content=\"2025-11-19T09:57:04+00:00\" \/>\n<meta property=\"og:image\" content=\"https:\/\/sunflaser.com\/wp-content\/uploads\/2025\/11\/SFA1500C.jpg\" \/>\n\t<meta property=\"og:image:width\" content=\"1440\" \/>\n\t<meta property=\"og:image:height\" content=\"1440\" \/>\n\t<meta property=\"og:image:type\" content=\"image\/jpeg\" \/>\n<meta name=\"twitter:card\" content=\"summary_large_image\" \/>\n<meta name=\"twitter:label1\" content=\"Dur\u00e9e de lecture estim\u00e9e\" \/>\n\t<meta name=\"twitter:data1\" content=\"3 minutes\" \/>\n<script type=\"application\/ld+json\" class=\"yoast-schema-graph\">{\"@context\":\"https:\/\/schema.org\",\"@graph\":[{\"@type\":\"WebPage\",\"@id\":\"https:\/\/sunflaser.com\/shop\/905nm-laser-rangefinder-module-1500m-sfa1500c\/\",\"url\":\"https:\/\/sunflaser.com\/shop\/905nm-laser-rangefinder-module-1500m-sfa1500c\/\",\"name\":\"905nm Laser Rangefinder Module 1500m SFA1500C - SunFlaser Tech\",\"isPartOf\":{\"@id\":\"https:\/\/sunflaser.com\/#website\"},\"primaryImageOfPage\":{\"@id\":\"https:\/\/sunflaser.com\/shop\/905nm-laser-rangefinder-module-1500m-sfa1500c\/#primaryimage\"},\"image\":{\"@id\":\"https:\/\/sunflaser.com\/shop\/905nm-laser-rangefinder-module-1500m-sfa1500c\/#primaryimage\"},\"thumbnailUrl\":\"https:\/\/sunflaser.com\/wp-content\/uploads\/2025\/11\/SFA1500C.jpg\",\"datePublished\":\"2025-11-19T09:01:08+00:00\",\"dateModified\":\"2025-11-19T09:57:04+00:00\",\"description\":\"The SFA1500C compact laser rangefinder is a high-performance photoelectric device designed to calculate distance by emitting laser light and measuring its flight time to the target. This laser rangefinder combines reliable functionality with user-friendly operation, featuring a TTL communication interface for seamless data transmission. As a compact and lightweight laser distance measurement solution, it meets the rigorous demands of international markets, offering exceptional performance for a wide range of professional applications.\",\"breadcrumb\":{\"@id\":\"https:\/\/sunflaser.com\/shop\/905nm-laser-rangefinder-module-1500m-sfa1500c\/#breadcrumb\"},\"inLanguage\":\"fr-FR\",\"potentialAction\":[{\"@type\":\"ReadAction\",\"target\":[\"https:\/\/sunflaser.com\/shop\/905nm-laser-rangefinder-module-1500m-sfa1500c\/\"]}]},{\"@type\":\"ImageObject\",\"inLanguage\":\"fr-FR\",\"@id\":\"https:\/\/sunflaser.com\/shop\/905nm-laser-rangefinder-module-1500m-sfa1500c\/#primaryimage\",\"url\":\"https:\/\/sunflaser.com\/wp-content\/uploads\/2025\/11\/SFA1500C.jpg\",\"contentUrl\":\"https:\/\/sunflaser.com\/wp-content\/uploads\/2025\/11\/SFA1500C.jpg\",\"width\":1440,\"height\":1440,\"caption\":\"905nm Laser Rangefinder Module 1500m SFA1500C\"},{\"@type\":\"BreadcrumbList\",\"@id\":\"https:\/\/sunflaser.com\/shop\/905nm-laser-rangefinder-module-1500m-sfa1500c\/#breadcrumb\",\"itemListElement\":[{\"@type\":\"ListItem\",\"position\":1,\"name\":\"\u9996\u9875\",\"item\":\"https:\/\/sunflaser.com\/\"},{\"@type\":\"ListItem\",\"position\":2,\"name\":\"Product\",\"item\":\"https:\/\/sunflaser.com\/product\/\"},{\"@type\":\"ListItem\",\"position\":3,\"name\":\"905nm Laser Rangefinder Module 1500m SFA1500C\"}]},{\"@type\":\"WebSite\",\"@id\":\"https:\/\/sunflaser.com\/#website\",\"url\":\"https:\/\/sunflaser.com\/\",\"name\":\"SunFlaser Tech\",\"description\":\"\",\"publisher\":{\"@id\":\"https:\/\/sunflaser.com\/#organization\"},\"potentialAction\":[{\"@type\":\"SearchAction\",\"target\":{\"@type\":\"EntryPoint\",\"urlTemplate\":\"https:\/\/sunflaser.com\/?s={search_term_string}\"},\"query-input\":{\"@type\":\"PropertyValueSpecification\",\"valueRequired\":true,\"valueName\":\"search_term_string\"}}],\"inLanguage\":\"fr-FR\"},{\"@type\":\"Organization\",\"@id\":\"https:\/\/sunflaser.com\/#organization\",\"name\":\"\u76db\u98de\u5149\u901f\u79d1\u6280\uff08\u6210\u90fd\uff09\u6709\u9650\u516c\u53f8\",\"alternateName\":\"\u76db\u98de\u5149\u901f\u79d1\u6280\uff08\u6210\u90fd\uff09\u6709\u9650\u516c\u53f8\",\"url\":\"https:\/\/sunflaser.com\/\",\"logo\":{\"@type\":\"ImageObject\",\"inLanguage\":\"fr-FR\",\"@id\":\"https:\/\/sunflaser.com\/#\/schema\/logo\/image\/\",\"url\":\"https:\/\/sunflaser.com\/wp-content\/uploads\/2025\/05\/Modern-S-Letter-Logo.png\",\"contentUrl\":\"https:\/\/sunflaser.com\/wp-content\/uploads\/2025\/05\/Modern-S-Letter-Logo.png\",\"width\":1024,\"height\":289,\"caption\":\"\u76db\u98de\u5149\u901f\u79d1\u6280\uff08\u6210\u90fd\uff09\u6709\u9650\u516c\u53f8\"},\"image\":{\"@id\":\"https:\/\/sunflaser.com\/#\/schema\/logo\/image\/\"}}]}<\/script>\n<!-- \/ Yoast SEO Premium plugin. -->","yoast_head_json":{"title":"905nm Laser Rangefinder Module 1500m SFA1500C - SunFlaser Tech","description":"Le t\u00e9l\u00e9m\u00e8tre laser compact SFA1500C est un appareil photo\u00e9lectrique de haute performance con\u00e7u pour calculer la distance en \u00e9mettant une lumi\u00e8re laser et en mesurant son temps de vol jusqu'\u00e0 la cible. Ce t\u00e9l\u00e9m\u00e8tre laser allie une fonctionnalit\u00e9 fiable \u00e0 une utilisation conviviale. Il est dot\u00e9 d'une interface de communication TTL pour une transmission transparente des donn\u00e9es. En tant que solution compacte et l\u00e9g\u00e8re de mesure de distance par laser, il r\u00e9pond aux exigences rigoureuses des march\u00e9s internationaux, offrant des performances exceptionnelles pour une large gamme d'applications professionnelles.","robots":{"index":"index","follow":"follow","max-snippet":"max-snippet:-1","max-image-preview":"max-image-preview:large","max-video-preview":"max-video-preview:-1"},"canonical":"https:\/\/sunflaser.com\/fr\/shop\/905nm-laser-rangefinder-module-1500m-sfa1500c\/","og_locale":"fr_FR","og_type":"article","og_title":"905nm Laser Rangefinder Module 1500m SFA1500C","og_description":"The SFA1500C compact laser rangefinder is a high-performance photoelectric device designed to calculate distance by emitting laser light and measuring its flight time to the target. This laser rangefinder combines reliable functionality with user-friendly operation, featuring a TTL communication interface for seamless data transmission. As a compact and lightweight laser distance measurement solution, it meets the rigorous demands of international markets, offering exceptional performance for a wide range of professional applications.","og_url":"https:\/\/sunflaser.com\/fr\/shop\/905nm-laser-rangefinder-module-1500m-sfa1500c\/","og_site_name":"SunFlaser Tech","article_modified_time":"2025-11-19T09:57:04+00:00","og_image":[{"width":1440,"height":1440,"url":"https:\/\/sunflaser.com\/wp-content\/uploads\/2025\/11\/SFA1500C.jpg","type":"image\/jpeg"}],"twitter_card":"summary_large_image","twitter_misc":{"Dur\u00e9e de lecture estim\u00e9e":"3 minutes"},"schema":{"@context":"https:\/\/schema.org","@graph":[{"@type":"WebPage","@id":"https:\/\/sunflaser.com\/shop\/905nm-laser-rangefinder-module-1500m-sfa1500c\/","url":"https:\/\/sunflaser.com\/shop\/905nm-laser-rangefinder-module-1500m-sfa1500c\/","name":"905nm Laser Rangefinder Module 1500m SFA1500C - SunFlaser Tech","isPartOf":{"@id":"https:\/\/sunflaser.com\/#website"},"primaryImageOfPage":{"@id":"https:\/\/sunflaser.com\/shop\/905nm-laser-rangefinder-module-1500m-sfa1500c\/#primaryimage"},"image":{"@id":"https:\/\/sunflaser.com\/shop\/905nm-laser-rangefinder-module-1500m-sfa1500c\/#primaryimage"},"thumbnailUrl":"https:\/\/sunflaser.com\/wp-content\/uploads\/2025\/11\/SFA1500C.jpg","datePublished":"2025-11-19T09:01:08+00:00","dateModified":"2025-11-19T09:57:04+00:00","description":"Le t\u00e9l\u00e9m\u00e8tre laser compact SFA1500C est un appareil photo\u00e9lectrique de haute performance con\u00e7u pour calculer la distance en \u00e9mettant une lumi\u00e8re laser et en mesurant son temps de vol jusqu'\u00e0 la cible. Ce t\u00e9l\u00e9m\u00e8tre laser allie une fonctionnalit\u00e9 fiable \u00e0 une utilisation conviviale. Il est dot\u00e9 d'une interface de communication TTL pour une transmission transparente des donn\u00e9es. En tant que solution compacte et l\u00e9g\u00e8re de mesure de distance par laser, il r\u00e9pond aux exigences rigoureuses des march\u00e9s internationaux, offrant des performances exceptionnelles pour une large gamme d'applications professionnelles.","breadcrumb":{"@id":"https:\/\/sunflaser.com\/shop\/905nm-laser-rangefinder-module-1500m-sfa1500c\/#breadcrumb"},"inLanguage":"fr-FR","potentialAction":[{"@type":"ReadAction","target":["https:\/\/sunflaser.com\/shop\/905nm-laser-rangefinder-module-1500m-sfa1500c\/"]}]},{"@type":"ImageObject","inLanguage":"fr-FR","@id":"https:\/\/sunflaser.com\/shop\/905nm-laser-rangefinder-module-1500m-sfa1500c\/#primaryimage","url":"https:\/\/sunflaser.com\/wp-content\/uploads\/2025\/11\/SFA1500C.jpg","contentUrl":"https:\/\/sunflaser.com\/wp-content\/uploads\/2025\/11\/SFA1500C.jpg","width":1440,"height":1440,"caption":"905nm Laser Rangefinder Module 1500m SFA1500C"},{"@type":"BreadcrumbList","@id":"https:\/\/sunflaser.com\/shop\/905nm-laser-rangefinder-module-1500m-sfa1500c\/#breadcrumb","itemListElement":[{"@type":"ListItem","position":1,"name":"\u9996\u9875","item":"https:\/\/sunflaser.com\/"},{"@type":"ListItem","position":2,"name":"Product","item":"https:\/\/sunflaser.com\/product\/"},{"@type":"ListItem","position":3,"name":"905nm Laser Rangefinder Module 1500m SFA1500C"}]},{"@type":"WebSite","@id":"https:\/\/sunflaser.com\/#website","url":"https:\/\/sunflaser.com\/","name":"SunFlaser Tech","description":"","publisher":{"@id":"https:\/\/sunflaser.com\/#organization"},"potentialAction":[{"@type":"SearchAction","target":{"@type":"EntryPoint","urlTemplate":"https:\/\/sunflaser.com\/?s={search_term_string}"},"query-input":{"@type":"PropertyValueSpecification","valueRequired":true,"valueName":"search_term_string"}}],"inLanguage":"fr-FR"},{"@type":"Organization","@id":"https:\/\/sunflaser.com\/#organization","name":"\u76db\u98de\u5149\u901f\u79d1\u6280\uff08\u6210\u90fd\uff09\u6709\u9650\u516c\u53f8","alternateName":"\u76db\u98de\u5149\u901f\u79d1\u6280\uff08\u6210\u90fd\uff09\u6709\u9650\u516c\u53f8","url":"https:\/\/sunflaser.com\/","logo":{"@type":"ImageObject","inLanguage":"fr-FR","@id":"https:\/\/sunflaser.com\/#\/schema\/logo\/image\/","url":"https:\/\/sunflaser.com\/wp-content\/uploads\/2025\/05\/Modern-S-Letter-Logo.png","contentUrl":"https:\/\/sunflaser.com\/wp-content\/uploads\/2025\/05\/Modern-S-Letter-Logo.png","width":1024,"height":289,"caption":"\u76db\u98de\u5149\u901f\u79d1\u6280\uff08\u6210\u90fd\uff09\u6709\u9650\u516c\u53f8"},"image":{"@id":"https:\/\/sunflaser.com\/#\/schema\/logo\/image\/"}}]}},"_links":{"self":[{"href":"https:\/\/sunflaser.com\/fr\/wp-json\/wp\/v2\/product\/10820","targetHints":{"allow":["GET"]}}],"collection":[{"href":"https:\/\/sunflaser.com\/fr\/wp-json\/wp\/v2\/product"}],"about":[{"href":"https:\/\/sunflaser.com\/fr\/wp-json\/wp\/v2\/types\/product"}],"replies":[{"embeddable":true,"href":"https:\/\/sunflaser.com\/fr\/wp-json\/wp\/v2\/comments?post=10820"}],"version-history":[{"count":0,"href":"https:\/\/sunflaser.com\/fr\/wp-json\/wp\/v2\/product\/10820\/revisions"}],"wp:featuredmedia":[{"embeddable":true,"href":"https:\/\/sunflaser.com\/fr\/wp-json\/wp\/v2\/media\/10831"}],"wp:attachment":[{"href":"https:\/\/sunflaser.com\/fr\/wp-json\/wp\/v2\/media?parent=10820"}],"wp:term":[{"taxonomy":"product_brand","embeddable":true,"href":"https:\/\/sunflaser.com\/fr\/wp-json\/wp\/v2\/product_brand?post=10820"},{"taxonomy":"product_cat","embeddable":true,"href":"https:\/\/sunflaser.com\/fr\/wp-json\/wp\/v2\/product_cat?post=10820"},{"taxonomy":"product_tag","embeddable":true,"href":"https:\/\/sunflaser.com\/fr\/wp-json\/wp\/v2\/product_tag?post=10820"}],"curies":[{"name":"wp","href":"https:\/\/api.w.org\/{rel}","templated":true}]}}