{"id":10781,"date":"2025-11-18T21:51:09","date_gmt":"2025-11-19T05:51:09","guid":{"rendered":"https:\/\/sunflaser.com\/?post_type=product&#038;p=10781"},"modified":"2025-11-18T22:29:11","modified_gmt":"2025-11-19T06:29:11","slug":"905nm-laser-rangefinder-module-1000m-sfa1000b","status":"publish","type":"product","link":"https:\/\/sunflaser.com\/fr\/shop\/905nm-laser-rangefinder-module-1000m-sfa1000b\/","title":{"rendered":"905nm d&#039;un T\u00e9l\u00e9m\u00e8tre Laser Module de 1000m SFA1000B"},"content":{"rendered":"<h2 class=\"header-iWP5WJ auto-hide-last-sibling-br\">Points de vente<\/h2>\n<ul class=\"auto-hide-last-sibling-br\">\n<li><strong>Des performances exceptionnelles \u00e0 longue port\u00e9e<\/strong>: Ce t\u00e9l\u00e9m\u00e8tre laser atteint une port\u00e9e de mesure maximale de \u22651000m (dans des conditions optimales : cible de grande taille, visibilit\u00e9 \u226510km, humidit\u00e9 \u226460%, coefficient de r\u00e9flexion de la cible 0,3), surpassant de nombreux mod\u00e8les compacts pour les besoins de d\u00e9tection \u00e0 longue distance.<\/li>\n<li><strong>Une pr\u00e9cision \u00e0 la pointe de l'industrie<\/strong>: Avec une pr\u00e9cision de mesure de \u2264\u00b11m (pour les distances \u2264300m) et \u2264\u00b12m (pour les distances \uff1e300m), ainsi qu'un taux de r\u00e9ussite des mesures de 99% et un taux de fausse alarme de \u22641%, le t\u00e9l\u00e9m\u00e8tre laser SFA1000B garantit des donn\u00e9es fiables pour la prise de d\u00e9cisions critiques.<\/li>\n<li><strong>Conception ultra-compacte et l\u00e9g\u00e8re<\/strong>: Pesant \u226410g et mesurant seulement \u226426mm\u00d725mm\u00d713,5mm, ce mini t\u00e9l\u00e9m\u00e8tre laser s'int\u00e8gre parfaitement aux appareils tels que les drones, les cam\u00e9ras de s\u00e9curit\u00e9 ou les outils portatifs - aucun mat\u00e9riel encombrant ne vient entraver la mobilit\u00e9.<\/li>\n<li><strong>Grande adaptabilit\u00e9 \u00e0 l'environnement<\/strong>: Utilisable \u00e0 des temp\u00e9ratures allant de -20\u2103 \u00e0 60\u2103 et \u00e0 des niveaux d'humidit\u00e9 inf\u00e9rieurs \u00e0 80%, le t\u00e9l\u00e9m\u00e8tre laser SFA1000B conserve sa stabilit\u00e9 dans des conditions difficiles, qu'il s'agisse d'hivers froids en ext\u00e9rieur ou d'environnements industriels chauds.<\/li>\n<li><strong>Faible consommation d'\u00e9nergie<\/strong>: Avec une consommation en veille de \u22640,6W et une consommation en fonctionnement de \u22640,8W, il prolonge l'autonomie de la batterie pour les applications portables, ce qui est id\u00e9al pour le travail sur le terrain ou les op\u00e9rations \u00e0 distance.<\/li>\n<li><strong>Conception robuste contre les interf\u00e9rences<\/strong>: La mise \u00e0 la terre de l'alimentation, la mise \u00e0 la terre de la communication et la mise \u00e0 la terre de la structure sont enti\u00e8rement isol\u00e9es, ce qui r\u00e9duit le bruit \u00e9lectrique et garantit des performances constantes pour le t\u00e9l\u00e9m\u00e8tre laser dans des syst\u00e8mes \u00e9lectroniques complexes.<\/li>\n<\/ul>\n<hr \/>\n<h2 class=\"header-iWP5WJ auto-hide-last-sibling-br\">Fonctions principales<\/h2>\n<ul class=\"auto-hide-last-sibling-br\">\n<li><strong>Deux modes de mesure<\/strong>:\n<ul class=\"auto-hide-last-sibling-br\">\n<li>Mesure en une seule fois : D\u00e9clench\u00e9e par des commandes s\u00e9rie TTL, elle fournit en une seule fois des donn\u00e9es de distance pr\u00e9cises pour des contr\u00f4les cibl\u00e9s (par exemple, des enqu\u00eates sur des chantiers de construction).<\/li>\n<li>Mesure continue : Prend en charge les fr\u00e9quences s\u00e9lectionnables (1Hz, 2Hz, 5Hz) pour capturer les changements de distance en temps r\u00e9el - parfait pour les t\u00e2ches dynamiques telles que le suivi de l'altitude d'un drone ou la surveillance d'une cible en mouvement.<\/li>\n<\/ul>\n<\/li>\n<li><strong>Mode d'\u00e9talonnage de l'axe<\/strong>: Une fonction d'\u00e9talonnage d\u00e9di\u00e9e (activ\u00e9e par commande) garantit l'alignement de l'axe optique du t\u00e9l\u00e9m\u00e8tre laser avec les dispositifs externes (par exemple, les cam\u00e9ras), ce qui permet de maintenir la pr\u00e9cision dans les syst\u00e8mes int\u00e9gr\u00e9s.<\/li>\n<li><strong>Transmission stable des donn\u00e9es<\/strong>: Communique via UART-TTL (3,3V) avec un taux de transfert de 115200bps, permettant un transfert de donn\u00e9es rapide et sans erreur vers des dispositifs de niveau sup\u00e9rieur (par exemple, microcontr\u00f4leurs, ordinateurs portables) \u00e0 des fins d'analyse ou de stockage.<\/li>\n<li><strong>Contr\u00f4le facile de l'arr\u00eat<\/strong>: Une simple commande d'arr\u00eat des mesures interrompt instantan\u00e9ment les op\u00e9rations, prot\u00e9geant ainsi les composants du t\u00e9l\u00e9m\u00e8tre laser et \u00e9conomisant l'\u00e9nergie lorsqu'il n'est pas utilis\u00e9.<\/li>\n<\/ul>\n<hr \/>\n<h2 class=\"header-iWP5WJ auto-hide-last-sibling-br\">Domaines d'application<\/h2>\n<ul class=\"auto-hide-last-sibling-br\">\n<li><strong>Plein air et aventure<\/strong>: Les chasseurs, les randonneurs et les campeurs font confiance \u00e0 cet appareil pour la navigation, la t\u00e9l\u00e9m\u00e9trie et l'\u00e9valuation du terrain. Sa taille compacte se glisse facilement dans les sacs \u00e0 dos.<\/li>\n<li><strong>Automatisation industrielle<\/strong>: Int\u00e9gr\u00e9 dans les bras robotiques, les lignes d'assemblage et les syst\u00e8mes de manutention pour contr\u00f4ler les distances entre les composants, garantissant ainsi la pr\u00e9cision des processus de fabrication.<\/li>\n<li><strong>S\u00e9curit\u00e9 et surveillance<\/strong>: Am\u00e9liore les syst\u00e8mes de protection du p\u00e9rim\u00e8tre, les drones et les cam\u00e9ras de s\u00e9curit\u00e9 en fournissant des donn\u00e9es de distance en temps r\u00e9el pour la d\u00e9tection des menaces ou le suivi des objets.<\/li>\n<li><strong>Construction et arpentage<\/strong>: Utilis\u00e9 dans l'arpentage, l'inspection des b\u00e2timents et les projets d'infrastructure pour mesurer les distances entre les structures, r\u00e9duisant ainsi l'erreur humaine dans les calculs.<\/li>\n<li><strong>A\u00e9rospatiale et drones<\/strong>: Compatible avec les v\u00e9hicules a\u00e9riens sans pilote (UAV) pour la mesure de l'altitude, l'\u00e9vitement des obstacles et le verrouillage de la cible, ce qui est essentiel pour les op\u00e9rations de drones commerciaux ou militaires.<\/li>\n<li><strong>Marine et navigation de plaisance<\/strong>: Aide les marins et les op\u00e9rateurs de bateaux \u00e0 s'amarrer, \u00e0 naviguer et \u00e0 d\u00e9tecter les obstacles, afin d'assurer la s\u00e9curit\u00e9 des d\u00e9placements dans les environnements c\u00f4tiers ou en eaux libres.<\/li>\n<\/ul>\n<hr \/>\n<h2 class=\"header-iWP5WJ auto-hide-last-sibling-br\">Sp\u00e9cifications techniques<\/h2>\n\n<table id=\"tablepress-58\" class=\"tablepress tablepress-id-58\">\n<thead>\n<tr class=\"row-1\">\n\t<th class=\"column-1\"><strong>Param\u00e8tres<\/strong><\/th><th class=\"column-2\"><strong>Sp\u00e9cifications<\/strong><\/th>\n<\/tr>\n<\/thead>\n<tbody class=\"row-striping row-hover\">\n<tr class=\"row-2\">\n\t<td class=\"column-1\">Bande d'ondes de travail<\/td><td class=\"column-2\">905nm \u00b110nm @25\u00b0C<\/td>\n<\/tr>\n<tr class=\"row-3\">\n\t<td class=\"column-1\">Ouverture d'\u00e9mission<\/td><td class=\"column-2\">\u03a610mm<\/td>\n<\/tr>\n<tr class=\"row-4\">\n\t<td class=\"column-1\">Ouverture de la r\u00e9ception<\/td><td class=\"column-2\">\u03a615mm<\/td>\n<\/tr>\n<tr class=\"row-5\">\n\t<td class=\"column-1\">Capacit\u00e9 de t\u00e9l\u00e9m\u00e9trie<\/td><td class=\"column-2\">\u22651000m (Cible : Grande cible, visibilit\u00e9 : \u226510km, humidit\u00e9 : \u226460%, r\u00e9flectance de la cible : 0.3)<\/td>\n<\/tr>\n<tr class=\"row-6\">\n\t<td class=\"column-1\">Zone aveugle de t\u00e9l\u00e9m\u00e9trie<\/td><td class=\"column-2\">\u22643m<\/td>\n<\/tr>\n<tr class=\"row-7\">\n\t<td class=\"column-1\">Pr\u00e9cision de la recherche<\/td><td class=\"column-2\">\u2264\u00b11m (\u2264300m), \u2264\u00b12m (&gt;300m)<\/td>\n<\/tr>\n<tr class=\"row-8\">\n\t<td class=\"column-1\">Taux de r\u00e9ussite<\/td><td class=\"column-2\">\u226599%<\/td>\n<\/tr>\n<tr class=\"row-9\">\n\t<td class=\"column-1\">Taux de fausses alarmes<\/td><td class=\"column-2\">\u22641%<\/td>\n<\/tr>\n<tr class=\"row-10\">\n\t<td class=\"column-1\">Fr\u00e9quence de t\u00e9l\u00e9m\u00e9trie<\/td><td class=\"column-2\">Coup unique, 1Hz<\/td>\n<\/tr>\n<tr class=\"row-11\">\n\t<td class=\"column-1\">Poids<\/td><td class=\"column-2\">\u226410g<\/td>\n<\/tr>\n<tr class=\"row-12\">\n\t<td class=\"column-1\">Dimensions<\/td><td class=\"column-2\">\u226426mm \u00d7 25mm \u00d7 13.5mm<\/td>\n<\/tr>\n<tr class=\"row-13\">\n\t<td class=\"column-1\">Interface \u00e9lectrique<\/td><td class=\"column-2\">Connecteur femelle : 0.8WTB-6AWB-01<br \/>\nConnecteur : 0.8WTB-6Y-2<\/td>\n<\/tr>\n<tr class=\"row-14\">\n\t<td class=\"column-1\">Tension d'alimentation<\/td><td class=\"column-2\">3,3V (plage tol\u00e9r\u00e9e : 3,3V \u00e0 5V)<\/td>\n<\/tr>\n<tr class=\"row-15\">\n\t<td class=\"column-1\">Consommation d'\u00e9nergie en veille<\/td><td class=\"column-2\">\u22640.6W<\/td>\n<\/tr>\n<tr class=\"row-16\">\n\t<td class=\"column-1\">Consommation d'\u00e9nergie en fonctionnement<\/td><td class=\"column-2\">\u22640.8W<\/td>\n<\/tr>\n<tr class=\"row-17\">\n\t<td class=\"column-1\">Courant d'appel (pointe de d\u00e9marrage)<\/td><td class=\"column-2\">\u2264680mA<\/td>\n<\/tr>\n<tr class=\"row-18\">\n\t<td class=\"column-1\">Temp\u00e9rature de fonctionnement<\/td><td class=\"column-2\">De -20\u00b0C \u00e0 +60\u00b0C<\/td>\n<\/tr>\n<tr class=\"row-19\">\n\t<td class=\"column-1\">Isolation \u00e9lectrique<\/td><td class=\"column-2\">Isolation entre GND d'alimentation, GND de communication et GND du ch\u00e2ssis<\/td>\n<\/tr>\n<tr class=\"row-20\">\n\t<td class=\"column-1\">Fonction<\/td><td class=\"column-2\">Fonction de t\u00e9l\u00e9m\u00e9trie laser<\/td>\n<\/tr>\n<\/tbody>\n<\/table>","protected":false},"excerpt":{"rendered":"<p>Le mini t\u00e9l\u00e9m\u00e8tre laser SFA1000B red\u00e9finit la pr\u00e9cision et la portabilit\u00e9 pour les t\u00e2ches de d\u00e9tection de distance. Con\u00e7u pour r\u00e9pondre aux normes strictes des march\u00e9s mondiaux, ce t\u00e9l\u00e9m\u00e8tre laser compact offre des performances fiables, des fonctionnalit\u00e9s polyvalentes et une conception durable, ce qui en fait un choix de premier ordre pour les professionnels de tous les secteurs. Qu'il s'agisse d'exploration ext\u00e9rieure, d'automatisation industrielle ou d'applications de s\u00e9curit\u00e9, le t\u00e9l\u00e9m\u00e8tre laser SFA1000B associe une technologie de pointe \u00e0 des fonctions centr\u00e9es sur l'utilisateur pour r\u00e9soudre des probl\u00e8mes de mesure complexes.<\/p>","protected":false},"featured_media":10796,"comment_status":"closed","ping_status":"closed","template":"","meta":[],"product_brand":[],"product_cat":[126,605],"product_tag":[],"class_list":{"0":"post-10781","1":"product","2":"type-product","3":"status-publish","4":"has-post-thumbnail","6":"product_cat-905nm-semiconductor-pulsed-laser-rangefinder-module","7":"product_cat-laser-rangefinder-module","8":"pa_acuracy-rate-627","9":"pa_baud-rate-648","10":"pa_blind-zone-625","11":"pa_dimensions-26-x-25-x-13-5","12":"pa_operating-temperature-631","13":"pa_voltage-3-3v-can-be-pulled-up-to-3-3v5v","14":"pa_weight-646","16":"first","17":"instock","18":"shipping-taxable","19":"product-type-simple"},"yoast_head":"<!-- This site is optimized with the Yoast SEO Premium plugin v24.8 (Yoast SEO v26.6) - https:\/\/yoast.com\/wordpress\/plugins\/seo\/ -->\n<title>905nm Laser Rangefinder Module 1000m SFA1000B - SunFlaser Tech<\/title>\n<meta name=\"robots\" content=\"index, follow, max-snippet:-1, max-image-preview:large, max-video-preview:-1\" \/>\n<link rel=\"canonical\" href=\"https:\/\/sunflaser.com\/fr\/shop\/905nm-laser-rangefinder-module-1000m-sfa1000b\/\" \/>\n<meta property=\"og:locale\" content=\"fr_FR\" \/>\n<meta property=\"og:type\" content=\"article\" \/>\n<meta property=\"og:title\" content=\"905nm Laser Rangefinder Module 1000m SFA1000B\" \/>\n<meta property=\"og:description\" content=\"The SFA1000B mini laser rangefinder redefines precision and portability for distance detection tasks. Engineered to meet the strict standards of global markets, this compact laser rangefinder delivers reliable performance, versatile functionality, and durable design, making it a top choice for professionals across industries. Whether for outdoor exploration, industrial automation, or security applications, the SFA1000B laser rangefinder combines cutting-edge technology with user-centric features to solve complex measurement challenges.\" \/>\n<meta property=\"og:url\" content=\"https:\/\/sunflaser.com\/fr\/shop\/905nm-laser-rangefinder-module-1000m-sfa1000b\/\" \/>\n<meta property=\"og:site_name\" content=\"SunFlaser Tech\" \/>\n<meta property=\"article:modified_time\" content=\"2025-11-19T06:29:11+00:00\" \/>\n<meta property=\"og:image\" content=\"https:\/\/sunflaser.com\/wp-content\/uploads\/2025\/11\/SFA1000B.jpg\" \/>\n\t<meta property=\"og:image:width\" content=\"1440\" \/>\n\t<meta property=\"og:image:height\" content=\"1440\" \/>\n\t<meta property=\"og:image:type\" content=\"image\/jpeg\" \/>\n<meta name=\"twitter:card\" content=\"summary_large_image\" \/>\n<meta name=\"twitter:label1\" content=\"Dur\u00e9e de lecture estim\u00e9e\" \/>\n\t<meta name=\"twitter:data1\" content=\"3 minutes\" \/>\n<script type=\"application\/ld+json\" class=\"yoast-schema-graph\">{\"@context\":\"https:\/\/schema.org\",\"@graph\":[{\"@type\":\"WebPage\",\"@id\":\"https:\/\/sunflaser.com\/shop\/905nm-laser-rangefinder-module-1000m-sfa1000b\/\",\"url\":\"https:\/\/sunflaser.com\/shop\/905nm-laser-rangefinder-module-1000m-sfa1000b\/\",\"name\":\"905nm Laser Rangefinder Module 1000m SFA1000B - SunFlaser Tech\",\"isPartOf\":{\"@id\":\"https:\/\/sunflaser.com\/#website\"},\"primaryImageOfPage\":{\"@id\":\"https:\/\/sunflaser.com\/shop\/905nm-laser-rangefinder-module-1000m-sfa1000b\/#primaryimage\"},\"image\":{\"@id\":\"https:\/\/sunflaser.com\/shop\/905nm-laser-rangefinder-module-1000m-sfa1000b\/#primaryimage\"},\"thumbnailUrl\":\"https:\/\/sunflaser.com\/wp-content\/uploads\/2025\/11\/SFA1000B.jpg\",\"datePublished\":\"2025-11-19T05:51:09+00:00\",\"dateModified\":\"2025-11-19T06:29:11+00:00\",\"breadcrumb\":{\"@id\":\"https:\/\/sunflaser.com\/shop\/905nm-laser-rangefinder-module-1000m-sfa1000b\/#breadcrumb\"},\"inLanguage\":\"fr-FR\",\"potentialAction\":[{\"@type\":\"ReadAction\",\"target\":[\"https:\/\/sunflaser.com\/shop\/905nm-laser-rangefinder-module-1000m-sfa1000b\/\"]}]},{\"@type\":\"ImageObject\",\"inLanguage\":\"fr-FR\",\"@id\":\"https:\/\/sunflaser.com\/shop\/905nm-laser-rangefinder-module-1000m-sfa1000b\/#primaryimage\",\"url\":\"https:\/\/sunflaser.com\/wp-content\/uploads\/2025\/11\/SFA1000B.jpg\",\"contentUrl\":\"https:\/\/sunflaser.com\/wp-content\/uploads\/2025\/11\/SFA1000B.jpg\",\"width\":1440,\"height\":1440,\"caption\":\"905nm Laser Rangefinder Module 1000m SFA1000B\"},{\"@type\":\"BreadcrumbList\",\"@id\":\"https:\/\/sunflaser.com\/shop\/905nm-laser-rangefinder-module-1000m-sfa1000b\/#breadcrumb\",\"itemListElement\":[{\"@type\":\"ListItem\",\"position\":1,\"name\":\"\u9996\u9875\",\"item\":\"https:\/\/sunflaser.com\/\"},{\"@type\":\"ListItem\",\"position\":2,\"name\":\"Product\",\"item\":\"https:\/\/sunflaser.com\/product\/\"},{\"@type\":\"ListItem\",\"position\":3,\"name\":\"905nm Laser Rangefinder Module 1000m SFA1000B\"}]},{\"@type\":\"WebSite\",\"@id\":\"https:\/\/sunflaser.com\/#website\",\"url\":\"https:\/\/sunflaser.com\/\",\"name\":\"SunFlaser Tech\",\"description\":\"\",\"publisher\":{\"@id\":\"https:\/\/sunflaser.com\/#organization\"},\"potentialAction\":[{\"@type\":\"SearchAction\",\"target\":{\"@type\":\"EntryPoint\",\"urlTemplate\":\"https:\/\/sunflaser.com\/?s={search_term_string}\"},\"query-input\":{\"@type\":\"PropertyValueSpecification\",\"valueRequired\":true,\"valueName\":\"search_term_string\"}}],\"inLanguage\":\"fr-FR\"},{\"@type\":\"Organization\",\"@id\":\"https:\/\/sunflaser.com\/#organization\",\"name\":\"\u76db\u98de\u5149\u901f\u79d1\u6280\uff08\u6210\u90fd\uff09\u6709\u9650\u516c\u53f8\",\"alternateName\":\"\u76db\u98de\u5149\u901f\u79d1\u6280\uff08\u6210\u90fd\uff09\u6709\u9650\u516c\u53f8\",\"url\":\"https:\/\/sunflaser.com\/\",\"logo\":{\"@type\":\"ImageObject\",\"inLanguage\":\"fr-FR\",\"@id\":\"https:\/\/sunflaser.com\/#\/schema\/logo\/image\/\",\"url\":\"https:\/\/sunflaser.com\/wp-content\/uploads\/2025\/05\/Modern-S-Letter-Logo.png\",\"contentUrl\":\"https:\/\/sunflaser.com\/wp-content\/uploads\/2025\/05\/Modern-S-Letter-Logo.png\",\"width\":1024,\"height\":289,\"caption\":\"\u76db\u98de\u5149\u901f\u79d1\u6280\uff08\u6210\u90fd\uff09\u6709\u9650\u516c\u53f8\"},\"image\":{\"@id\":\"https:\/\/sunflaser.com\/#\/schema\/logo\/image\/\"}}]}<\/script>\n<!-- \/ Yoast SEO Premium plugin. -->","yoast_head_json":{"title":"905nm Laser Rangefinder Module 1000m SFA1000B - SunFlaser Tech","robots":{"index":"index","follow":"follow","max-snippet":"max-snippet:-1","max-image-preview":"max-image-preview:large","max-video-preview":"max-video-preview:-1"},"canonical":"https:\/\/sunflaser.com\/fr\/shop\/905nm-laser-rangefinder-module-1000m-sfa1000b\/","og_locale":"fr_FR","og_type":"article","og_title":"905nm Laser Rangefinder Module 1000m SFA1000B","og_description":"The SFA1000B mini laser rangefinder redefines precision and portability for distance detection tasks. Engineered to meet the strict standards of global markets, this compact laser rangefinder delivers reliable performance, versatile functionality, and durable design, making it a top choice for professionals across industries. Whether for outdoor exploration, industrial automation, or security applications, the SFA1000B laser rangefinder combines cutting-edge technology with user-centric features to solve complex measurement challenges.","og_url":"https:\/\/sunflaser.com\/fr\/shop\/905nm-laser-rangefinder-module-1000m-sfa1000b\/","og_site_name":"SunFlaser Tech","article_modified_time":"2025-11-19T06:29:11+00:00","og_image":[{"width":1440,"height":1440,"url":"https:\/\/sunflaser.com\/wp-content\/uploads\/2025\/11\/SFA1000B.jpg","type":"image\/jpeg"}],"twitter_card":"summary_large_image","twitter_misc":{"Dur\u00e9e de lecture estim\u00e9e":"3 minutes"},"schema":{"@context":"https:\/\/schema.org","@graph":[{"@type":"WebPage","@id":"https:\/\/sunflaser.com\/shop\/905nm-laser-rangefinder-module-1000m-sfa1000b\/","url":"https:\/\/sunflaser.com\/shop\/905nm-laser-rangefinder-module-1000m-sfa1000b\/","name":"905nm Laser Rangefinder Module 1000m SFA1000B - SunFlaser Tech","isPartOf":{"@id":"https:\/\/sunflaser.com\/#website"},"primaryImageOfPage":{"@id":"https:\/\/sunflaser.com\/shop\/905nm-laser-rangefinder-module-1000m-sfa1000b\/#primaryimage"},"image":{"@id":"https:\/\/sunflaser.com\/shop\/905nm-laser-rangefinder-module-1000m-sfa1000b\/#primaryimage"},"thumbnailUrl":"https:\/\/sunflaser.com\/wp-content\/uploads\/2025\/11\/SFA1000B.jpg","datePublished":"2025-11-19T05:51:09+00:00","dateModified":"2025-11-19T06:29:11+00:00","breadcrumb":{"@id":"https:\/\/sunflaser.com\/shop\/905nm-laser-rangefinder-module-1000m-sfa1000b\/#breadcrumb"},"inLanguage":"fr-FR","potentialAction":[{"@type":"ReadAction","target":["https:\/\/sunflaser.com\/shop\/905nm-laser-rangefinder-module-1000m-sfa1000b\/"]}]},{"@type":"ImageObject","inLanguage":"fr-FR","@id":"https:\/\/sunflaser.com\/shop\/905nm-laser-rangefinder-module-1000m-sfa1000b\/#primaryimage","url":"https:\/\/sunflaser.com\/wp-content\/uploads\/2025\/11\/SFA1000B.jpg","contentUrl":"https:\/\/sunflaser.com\/wp-content\/uploads\/2025\/11\/SFA1000B.jpg","width":1440,"height":1440,"caption":"905nm Laser Rangefinder Module 1000m SFA1000B"},{"@type":"BreadcrumbList","@id":"https:\/\/sunflaser.com\/shop\/905nm-laser-rangefinder-module-1000m-sfa1000b\/#breadcrumb","itemListElement":[{"@type":"ListItem","position":1,"name":"\u9996\u9875","item":"https:\/\/sunflaser.com\/"},{"@type":"ListItem","position":2,"name":"Product","item":"https:\/\/sunflaser.com\/product\/"},{"@type":"ListItem","position":3,"name":"905nm Laser Rangefinder Module 1000m SFA1000B"}]},{"@type":"WebSite","@id":"https:\/\/sunflaser.com\/#website","url":"https:\/\/sunflaser.com\/","name":"SunFlaser Tech","description":"","publisher":{"@id":"https:\/\/sunflaser.com\/#organization"},"potentialAction":[{"@type":"SearchAction","target":{"@type":"EntryPoint","urlTemplate":"https:\/\/sunflaser.com\/?s={search_term_string}"},"query-input":{"@type":"PropertyValueSpecification","valueRequired":true,"valueName":"search_term_string"}}],"inLanguage":"fr-FR"},{"@type":"Organization","@id":"https:\/\/sunflaser.com\/#organization","name":"\u76db\u98de\u5149\u901f\u79d1\u6280\uff08\u6210\u90fd\uff09\u6709\u9650\u516c\u53f8","alternateName":"\u76db\u98de\u5149\u901f\u79d1\u6280\uff08\u6210\u90fd\uff09\u6709\u9650\u516c\u53f8","url":"https:\/\/sunflaser.com\/","logo":{"@type":"ImageObject","inLanguage":"fr-FR","@id":"https:\/\/sunflaser.com\/#\/schema\/logo\/image\/","url":"https:\/\/sunflaser.com\/wp-content\/uploads\/2025\/05\/Modern-S-Letter-Logo.png","contentUrl":"https:\/\/sunflaser.com\/wp-content\/uploads\/2025\/05\/Modern-S-Letter-Logo.png","width":1024,"height":289,"caption":"\u76db\u98de\u5149\u901f\u79d1\u6280\uff08\u6210\u90fd\uff09\u6709\u9650\u516c\u53f8"},"image":{"@id":"https:\/\/sunflaser.com\/#\/schema\/logo\/image\/"}}]}},"_links":{"self":[{"href":"https:\/\/sunflaser.com\/fr\/wp-json\/wp\/v2\/product\/10781","targetHints":{"allow":["GET"]}}],"collection":[{"href":"https:\/\/sunflaser.com\/fr\/wp-json\/wp\/v2\/product"}],"about":[{"href":"https:\/\/sunflaser.com\/fr\/wp-json\/wp\/v2\/types\/product"}],"replies":[{"embeddable":true,"href":"https:\/\/sunflaser.com\/fr\/wp-json\/wp\/v2\/comments?post=10781"}],"version-history":[{"count":0,"href":"https:\/\/sunflaser.com\/fr\/wp-json\/wp\/v2\/product\/10781\/revisions"}],"wp:featuredmedia":[{"embeddable":true,"href":"https:\/\/sunflaser.com\/fr\/wp-json\/wp\/v2\/media\/10796"}],"wp:attachment":[{"href":"https:\/\/sunflaser.com\/fr\/wp-json\/wp\/v2\/media?parent=10781"}],"wp:term":[{"taxonomy":"product_brand","embeddable":true,"href":"https:\/\/sunflaser.com\/fr\/wp-json\/wp\/v2\/product_brand?post=10781"},{"taxonomy":"product_cat","embeddable":true,"href":"https:\/\/sunflaser.com\/fr\/wp-json\/wp\/v2\/product_cat?post=10781"},{"taxonomy":"product_tag","embeddable":true,"href":"https:\/\/sunflaser.com\/fr\/wp-json\/wp\/v2\/product_tag?post=10781"}],"curies":[{"name":"wp","href":"https:\/\/api.w.org\/{rel}","templated":true}]}}