{"id":10281,"date":"2025-10-17T01:13:03","date_gmt":"2025-10-17T08:13:03","guid":{"rendered":"https:\/\/sunflaser.com\/?post_type=product&#038;p=10281"},"modified":"2025-11-10T01:43:36","modified_gmt":"2025-11-10T09:43:36","slug":"jir-u3-uncooled-infrared-observation-device","status":"publish","type":"product","link":"https:\/\/sunflaser.com\/fr\/shop\/jir-u3-uncooled-infrared-observation-device\/","title":{"rendered":"SFD20000U Dispositif d'observation infrarouge non refroidi"},"content":{"rendered":"<h3><strong>Principaux arguments de vente<\/strong>\u200b<\/h3>\n<ol class=\"ybc-ol-component ybc-ol-component_1\">\n<li class=\"ybc-li-component ybc-li-component_ol\">\u200b<strong>Imagerie thermique haute performance<\/strong>\u200b\n<ul class=\"ybc-ul-component\">\n<li class=\"ybc-li-component ybc-li-component_ul\">D\u00e9tecter des cibles telles que les fourgonnettes de transport jusqu'\u00e0<strong>6 km<\/strong>et les reconna\u00eetre \u00e0 partir de<strong>4 km<\/strong>(visibilit\u00e9 de 10 km, humidit\u00e9 de 60%).<\/li>\n<li class=\"ybc-li-component ybc-li-component_ul\">Large<strong>9,6\u00b0\u00d77,2\u00b0 champ de vision<\/strong>en douceur<strong>Zoom \u00e9lectronique 1-8x<\/strong>(pas de 0,1x) pour une observation pr\u00e9cise.<\/li>\n<\/ul>\n<\/li>\n<li class=\"ybc-li-component ybc-li-component_ol\">\u200b<strong>Syst\u00e8me \u00e0 double capteur : Infrarouge + lumi\u00e8re visible<\/strong>\u200b\n<ul class=\"ybc-ul-component\">\n<li class=\"ybc-li-component ybc-li-component_ul\">La cam\u00e9ra \u00e0 lumi\u00e8re visible d\u00e9tecte les camionnettes jusqu'\u00e0<strong>9 km<\/strong>et les reconna\u00eet \u00e0 partir de<strong>5 km<\/strong>(visibilit\u00e9 de 12 km).<\/li>\n<li class=\"ybc-li-component ybc-li-component_ul\">\u200b<strong>Champ de vision 3\u00b0\u00d72,2\u00b0 en lumi\u00e8re visible<\/strong>avec le zoom 1-8x correspondant. Id\u00e9al pour les conditions de brouillard et de faible luminosit\u00e9.<strong>d\u00e9sembuage int\u00e9gr\u00e9<\/strong>.<\/li>\n<\/ul>\n<\/li>\n<li class=\"ybc-li-component ybc-li-component_ol\">\u200b<strong>T\u00e9l\u00e9m\u00e8tre laser \u00e0 longue port\u00e9e et navigation<\/strong>\u200b\n<ul class=\"ybc-ul-component\">\n<li class=\"ybc-li-component ybc-li-component_ul\">Mesurer les distances entre<strong>\u226450 m \u00e0 \u22659 km<\/strong>avec<strong>Pr\u00e9cision du compas magn\u00e9tique \u22640,5<\/strong>.<\/li>\n<li class=\"ybc-li-component ybc-li-component_ul\">Positionnement GPS avec<strong>Pr\u00e9cision horizontale\/en altitude \u226410 m<\/strong>pour un suivi pr\u00e9cis de la localisation.<\/li>\n<\/ul>\n<\/li>\n<li class=\"ybc-li-component ybc-li-component_ol\">\u200b<strong>Fonctionnement prolong\u00e9 et durabilit\u00e9<\/strong>\u200b\n<ul class=\"ybc-ul-component\">\n<li class=\"ybc-li-component ybc-li-component_ul\">\u200b<strong>\u226518 heures<\/strong>d'utilisation continue avec des batteries rechargeables (compatible avec le chargement solaire).<\/li>\n<li class=\"ybc-li-component ybc-li-component_ul\">Fonctionne \u00e0 des temp\u00e9ratures extr\u00eames (<strong>-40\u00b0C \u00e0 +55\u00b0C<\/strong>) et comprend des fonctions d'anti-chute, de protection contre l'inversion de polarit\u00e9 et d'\u00e9conomie d'\u00e9nergie automatique.<\/li>\n<\/ul>\n<\/li>\n<li class=\"ybc-li-component ybc-li-component_ol\">\u200b<strong>Conception portable tout-en-un<\/strong>\u200b\n<ul class=\"ybc-ul-component\">\n<li class=\"ybc-li-component ybc-li-component_ul\">L\u00e9ger (<strong>\u22641,8 kg<\/strong>) et compact (<strong>\u2264260\u00d7180\u00d795 mm<\/strong>). Comprend une sangle de poignet, un tr\u00e9pied, un \u00e9tui de transport et une mallette de transport pour un d\u00e9ploiement facile.<\/li>\n<\/ul>\n<\/li>\n<\/ol>\n<hr \/>\n<h3>\u200b<strong>Applications<\/strong>\u200b<\/h3>\n<ul class=\"ybc-ul-component\">\n<li class=\"ybc-li-component ybc-li-component_ul\">\u200b<strong>S\u00e9curit\u00e9 et surveillance<\/strong>: Patrouille frontali\u00e8re, surveillance des infrastructures critiques.<\/li>\n<li class=\"ybc-li-component ybc-li-component_ul\">\u200b<strong>Recherche et sauvetage<\/strong>: Op\u00e9rations de nuit, intervention en cas de catastrophe.<\/li>\n<li class=\"ybc-li-component ybc-li-component_ul\">\u200b<strong>Inspection industrielle<\/strong>: Entretien des lignes \u00e9lectriques, surveillance des pipelines.<\/li>\n<li class=\"ybc-li-component ybc-li-component_ul\">\u200b<strong>Exploration en plein air<\/strong>: Chasse, observation de la faune, navigation maritime.<\/li>\n<\/ul>\n<hr \/>\n<h3><strong>Sp\u00e9cifications techniques<\/strong><\/h3>\n\n<table id=\"tablepress-57\" class=\"tablepress tablepress-id-57\">\n<thead>\n<tr class=\"row-1\">\n\t<th class=\"column-1\"><strong>Param\u00e8tres<\/strong><\/th><th class=\"column-2\"><strong>Sp\u00e9cifications<\/strong><\/th><td class=\"column-3\"><\/td>\n<\/tr>\n<\/thead>\n<tbody class=\"row-striping row-hover\">\n<tr class=\"row-2\">\n\t<td class=\"column-1\"><strong>Infrarouge :<\/strong><\/td><td class=\"column-2\"><\/td><td class=\"column-3\"><\/td>\n<\/tr>\n<tr class=\"row-3\">\n\t<td class=\"column-1\">Plage de fonctionnement<\/td><td class=\"column-2\"><strong>Port\u00e9e de d\u00e9tection pour un v\u00e9hicule \u2265 6km ; <br \/>\nPort\u00e9e de reconnaissance pour le c\u00f4t\u00e9 d'une camionnette \u2265 4km.<br \/>\n\uff08Dans des conditions de visibilit\u00e9 de 10 km, d'humidit\u00e9 de 60%, de diff\u00e9rence de temp\u00e9rature moyenne de 3K entre la cible et l'arri\u00e8re-plan, et d'arri\u00e8re-plan non transparent\uff09.<\/strong><\/td><td class=\"column-3\"><\/td>\n<\/tr>\n<tr class=\"row-4\">\n\t<td class=\"column-1\">Champ de vision<\/td><td class=\"column-2\">\u2265 9.6\u00b0 \u00d7 7.2\u00b0<\/td><td class=\"column-3\"><\/td>\n<\/tr>\n<tr class=\"row-5\">\n\t<td class=\"column-1\">Zoom \u00e9lectronique<\/td><td class=\"column-2\">1x ~ 8x, avec un pas de zoom \u2264 0,1<\/td><td class=\"column-3\"><\/td>\n<\/tr>\n<tr class=\"row-6\">\n\t<td class=\"column-1\"><strong>Lumi\u00e8re visible :<\/strong><\/td><td class=\"column-2\"><\/td><td class=\"column-3\"><\/td>\n<\/tr>\n<tr class=\"row-7\">\n\t<td class=\"column-1\">Plage de fonctionnement<\/td><td class=\"column-2\"><strong>Port\u00e9e de d\u00e9tection pour un v\u00e9hicule \u2265 9km ; <br \/>\nPort\u00e9e de reconnaissance d'une camionnette \u2265 5 km.<br \/>\n(Dans des conditions de visibilit\u00e9 de 12 km et sur un fond non transparent)<\/strong><\/td><td class=\"column-3\"><\/td>\n<\/tr>\n<tr class=\"row-8\">\n\t<td class=\"column-1\">Champ de vision<\/td><td class=\"column-2\">\u2265 3\u00b0 \u00d7 2.2\u00b0<\/td><td class=\"column-3\"><\/td>\n<\/tr>\n<tr class=\"row-9\">\n\t<td class=\"column-1\">Zoom \u00e9lectronique<\/td><td class=\"column-2\">1x ~ 8x, avec un pas de zoom \u2264 0,1<\/td><td class=\"column-3\"><\/td>\n<\/tr>\n<tr class=\"row-10\">\n\t<td class=\"column-1\"><strong>T\u00e9l\u00e9m\u00e8tre laser<strong>\u200b<\/strong><\/strong><\/td><td class=\"column-2\"><\/td><td class=\"column-3\"><\/td>\n<\/tr>\n<tr class=\"row-11\">\n\t<td class=\"column-1\">Gamme de port\u00e9e<\/td><td class=\"column-2\"><strong>Port\u00e9e minimale : \u2264 50m ;<br \/>\nPort\u00e9e maximale : \u2265 9km<br \/>\n (pour le c\u00f4t\u00e9 d'une camionnette, visibilit\u00e9 de 12 km)<\/strong><\/td><td class=\"column-3\"><\/td>\n<\/tr>\n<tr class=\"row-12\">\n\t<td class=\"column-1\"><strong>Compas magn\u00e9tique<strong>\u200b<\/strong><\/strong><\/td><td class=\"column-2\"><\/td><td class=\"column-3\"><\/td>\n<\/tr>\n<tr class=\"row-13\">\n\t<td class=\"column-1\">Pr\u00e9cision de l'orientation<\/td><td class=\"column-2\">\u2264 0.5\u00b0<\/td><td class=\"column-3\"><\/td>\n<\/tr>\n<tr class=\"row-14\">\n\t<td class=\"column-1\"><strong>Positionnement<strong>\u200b<\/strong><\/strong><\/td><td class=\"column-2\"><\/td><td class=\"column-3\"><\/td>\n<\/tr>\n<tr class=\"row-15\">\n\t<td class=\"column-1\">Pr\u00e9cision du positionnement horizontal<\/td><td class=\"column-2\">\u2264 10m (CEP)<\/td><td class=\"column-3\"><\/td>\n<\/tr>\n<tr class=\"row-16\">\n\t<td class=\"column-1\">Pr\u00e9cision du positionnement en \u00e9l\u00e9vation<\/td><td class=\"column-2\">\u2264 10m (PE)<\/td><td class=\"column-3\"><\/td>\n<\/tr>\n<tr class=\"row-17\">\n\t<td class=\"column-1\"><strong>Capacit\u00e9 de stockage<strong>\u200b<\/strong><\/strong><\/td><td class=\"column-2\"><\/td><td class=\"column-3\"><\/td>\n<\/tr>\n<tr class=\"row-18\">\n\t<td class=\"column-1\">Capacit\u00e9 de stockage<\/td><td class=\"column-2\">\u2265 6 heures de vid\u00e9o AVI et \u2265 10 000 images BMP<\/td><td class=\"column-3\"><\/td>\n<\/tr>\n<tr class=\"row-19\">\n\t<td class=\"column-1\">Capacit\u00e9 de la carte m\u00e9moire<\/td><td class=\"column-2\">64 GO<\/td><td class=\"column-3\"><\/td>\n<\/tr>\n<tr class=\"row-20\">\n\t<td class=\"column-1\"><strong>Plage de r\u00e9glage de la dioptrie de l'oculaire<strong>\u200b<\/strong><\/strong><\/td><td class=\"column-2\">(-4 \u00e0 +4) Dioptries<\/td><td class=\"column-3\"><\/td>\n<\/tr>\n<tr class=\"row-21\">\n\t<td class=\"column-1\"><strong>Poids<strong>\u200b<\/strong><\/strong><\/td><td class=\"column-2\">\u2264 1,8 kg (y compris la batterie)<\/td><td class=\"column-3\"><\/td>\n<\/tr>\n<tr class=\"row-22\">\n\t<td class=\"column-1\"><strong>Dur\u00e9e de fonctionnement continu \u00e0 temp\u00e9rature ambiante<strong>\u200b<\/strong><\/strong><\/td><td class=\"column-2\">\u2265 18 heures<\/td><td class=\"column-3\"><\/td>\n<\/tr>\n<tr class=\"row-23\">\n\t<td class=\"column-1\"><strong>Dimensions<strong>\u200b<\/strong><\/strong><\/td><td class=\"column-2\">\u2264 260 \u00d7 180 \u00d7 95 mm<\/td><td class=\"column-3\"><\/td>\n<\/tr>\n<tr class=\"row-24\">\n\t<td class=\"column-1\"><strong>Couleur<strong>\u200b<\/strong><\/strong><\/td><td class=\"column-2\">Noir<\/td><td class=\"column-3\"><\/td>\n<\/tr>\n<tr class=\"row-25\">\n\t<td class=\"column-1\"><strong>Alimentation \u00e9lectrique<strong>\u200b<\/strong><\/strong><\/td><td class=\"column-2\">Alimentation par batterie<\/td><td class=\"column-3\"><\/td>\n<\/tr>\n<tr class=\"row-26\">\n\t<td class=\"column-1\"><strong>Plage focale<strong>\u200b<\/strong><\/strong><\/td><td class=\"column-2\">50m ~ \u221e<\/td><td class=\"column-3\"><\/td>\n<\/tr>\n<tr class=\"row-27\">\n\t<td class=\"column-1\"><strong>Temps de d\u00e9marrage<strong>\u200b<\/strong><\/strong><\/td><td class=\"column-2\">Temps de d\u00e9marrage du syst\u00e8me \u2264 60s<\/td><td class=\"column-3\"><\/td>\n<\/tr>\n<\/tbody>\n<\/table>","protected":false},"excerpt":{"rendered":"<p>Le dispositif d'observation infrarouge non refroidi SFD20000U est un syst\u00e8me \u00e0 double capteur haute performance con\u00e7u pour les professionnels qui ont besoin de capacit\u00e9s de d\u00e9tection et d'observation fiables \u00e0 longue port\u00e9e. Combinant une imagerie thermique infrarouge avanc\u00e9e et une cam\u00e9ra \u00e0 lumi\u00e8re visible haute r\u00e9solution, cet appareil offre une clart\u00e9 exceptionnelle dans divers environnements, qu'il s'agisse d'op\u00e9rations nocturnes \u00e0 faible luminosit\u00e9 ou de conditions m\u00e9t\u00e9orologiques difficiles. Sa conception robuste et portable garantit une facilit\u00e9 d'utilisation pour les applications de terrain telles que la surveillance, la recherche et le sauvetage, et l'inspection industrielle.<\/p>","protected":false},"featured_media":10288,"comment_status":"closed","ping_status":"closed","template":"","meta":[],"product_brand":[],"product_cat":[600],"product_tag":[],"class_list":{"0":"post-10281","1":"product","2":"type-product","3":"status-publish","4":"has-post-thumbnail","6":"product_cat-handheld-observation-device","8":"first","9":"instock","10":"shipping-taxable","11":"product-type-simple"},"yoast_head":"<!-- This site is optimized with the Yoast SEO Premium plugin v24.8 (Yoast SEO v26.6) - https:\/\/yoast.com\/wordpress\/plugins\/seo\/ -->\n<title>SFD20000U Uncooled Infrared Observation Device - SunFlaser Tech<\/title>\n<meta name=\"robots\" content=\"index, follow, max-snippet:-1, max-image-preview:large, max-video-preview:-1\" \/>\n<link rel=\"canonical\" href=\"https:\/\/sunflaser.com\/fr\/shop\/jir-u3-uncooled-infrared-observation-device\/\" \/>\n<meta property=\"og:locale\" content=\"fr_FR\" \/>\n<meta property=\"og:type\" content=\"article\" \/>\n<meta property=\"og:title\" content=\"SFD20000U Uncooled Infrared Observation Device\" \/>\n<meta property=\"og:description\" content=\"The SFD20000U Uncooled Infrared Observation Device is a high-performance, dual-sensor system designed for professionals requiring reliable long-range detection and observation capabilities. Combining advanced infrared thermal imaging with a high-resolution visible light camera, this device delivers exceptional clarity in diverse environments\u2014from low-light nighttime operations to challenging weather conditions. Its rugged, portable design ensures ease of use for field applications such as surveillance, search and rescue, and industrial inspection.\" \/>\n<meta property=\"og:url\" content=\"https:\/\/sunflaser.com\/fr\/shop\/jir-u3-uncooled-infrared-observation-device\/\" \/>\n<meta property=\"og:site_name\" content=\"SunFlaser Tech\" \/>\n<meta property=\"article:modified_time\" content=\"2025-11-10T09:43:36+00:00\" \/>\n<meta property=\"og:image\" content=\"https:\/\/sunflaser.com\/wp-content\/uploads\/2025\/10\/JIR-U3.jpg\" \/>\n\t<meta property=\"og:image:width\" content=\"1440\" \/>\n\t<meta property=\"og:image:height\" content=\"1440\" \/>\n\t<meta property=\"og:image:type\" content=\"image\/jpeg\" \/>\n<meta name=\"twitter:card\" content=\"summary_large_image\" \/>\n<meta name=\"twitter:label1\" content=\"Dur\u00e9e de lecture estim\u00e9e\" \/>\n\t<meta name=\"twitter:data1\" content=\"2 minutes\" \/>\n<script type=\"application\/ld+json\" class=\"yoast-schema-graph\">{\"@context\":\"https:\/\/schema.org\",\"@graph\":[{\"@type\":\"WebPage\",\"@id\":\"https:\/\/sunflaser.com\/shop\/jir-u3-uncooled-infrared-observation-device\/\",\"url\":\"https:\/\/sunflaser.com\/shop\/jir-u3-uncooled-infrared-observation-device\/\",\"name\":\"SFD20000U Uncooled Infrared Observation Device - SunFlaser Tech\",\"isPartOf\":{\"@id\":\"https:\/\/sunflaser.com\/#website\"},\"primaryImageOfPage\":{\"@id\":\"https:\/\/sunflaser.com\/shop\/jir-u3-uncooled-infrared-observation-device\/#primaryimage\"},\"image\":{\"@id\":\"https:\/\/sunflaser.com\/shop\/jir-u3-uncooled-infrared-observation-device\/#primaryimage\"},\"thumbnailUrl\":\"https:\/\/sunflaser.com\/wp-content\/uploads\/2025\/10\/JIR-U3.jpg\",\"datePublished\":\"2025-10-17T08:13:03+00:00\",\"dateModified\":\"2025-11-10T09:43:36+00:00\",\"breadcrumb\":{\"@id\":\"https:\/\/sunflaser.com\/shop\/jir-u3-uncooled-infrared-observation-device\/#breadcrumb\"},\"inLanguage\":\"fr-FR\",\"potentialAction\":[{\"@type\":\"ReadAction\",\"target\":[\"https:\/\/sunflaser.com\/shop\/jir-u3-uncooled-infrared-observation-device\/\"]}]},{\"@type\":\"ImageObject\",\"inLanguage\":\"fr-FR\",\"@id\":\"https:\/\/sunflaser.com\/shop\/jir-u3-uncooled-infrared-observation-device\/#primaryimage\",\"url\":\"https:\/\/sunflaser.com\/wp-content\/uploads\/2025\/10\/JIR-U3.jpg\",\"contentUrl\":\"https:\/\/sunflaser.com\/wp-content\/uploads\/2025\/10\/JIR-U3.jpg\",\"width\":1440,\"height\":1440},{\"@type\":\"BreadcrumbList\",\"@id\":\"https:\/\/sunflaser.com\/shop\/jir-u3-uncooled-infrared-observation-device\/#breadcrumb\",\"itemListElement\":[{\"@type\":\"ListItem\",\"position\":1,\"name\":\"\u9996\u9875\",\"item\":\"https:\/\/sunflaser.com\/\"},{\"@type\":\"ListItem\",\"position\":2,\"name\":\"Product\",\"item\":\"https:\/\/sunflaser.com\/product\/\"},{\"@type\":\"ListItem\",\"position\":3,\"name\":\"SFD20000U Uncooled Infrared Observation Device\"}]},{\"@type\":\"WebSite\",\"@id\":\"https:\/\/sunflaser.com\/#website\",\"url\":\"https:\/\/sunflaser.com\/\",\"name\":\"SunFlaser Tech\",\"description\":\"\",\"publisher\":{\"@id\":\"https:\/\/sunflaser.com\/#organization\"},\"potentialAction\":[{\"@type\":\"SearchAction\",\"target\":{\"@type\":\"EntryPoint\",\"urlTemplate\":\"https:\/\/sunflaser.com\/?s={search_term_string}\"},\"query-input\":{\"@type\":\"PropertyValueSpecification\",\"valueRequired\":true,\"valueName\":\"search_term_string\"}}],\"inLanguage\":\"fr-FR\"},{\"@type\":\"Organization\",\"@id\":\"https:\/\/sunflaser.com\/#organization\",\"name\":\"\u76db\u98de\u5149\u901f\u79d1\u6280\uff08\u6210\u90fd\uff09\u6709\u9650\u516c\u53f8\",\"alternateName\":\"\u76db\u98de\u5149\u901f\u79d1\u6280\uff08\u6210\u90fd\uff09\u6709\u9650\u516c\u53f8\",\"url\":\"https:\/\/sunflaser.com\/\",\"logo\":{\"@type\":\"ImageObject\",\"inLanguage\":\"fr-FR\",\"@id\":\"https:\/\/sunflaser.com\/#\/schema\/logo\/image\/\",\"url\":\"https:\/\/sunflaser.com\/wp-content\/uploads\/2025\/05\/Modern-S-Letter-Logo.png\",\"contentUrl\":\"https:\/\/sunflaser.com\/wp-content\/uploads\/2025\/05\/Modern-S-Letter-Logo.png\",\"width\":1024,\"height\":289,\"caption\":\"\u76db\u98de\u5149\u901f\u79d1\u6280\uff08\u6210\u90fd\uff09\u6709\u9650\u516c\u53f8\"},\"image\":{\"@id\":\"https:\/\/sunflaser.com\/#\/schema\/logo\/image\/\"}}]}<\/script>\n<!-- \/ Yoast SEO Premium plugin. -->","yoast_head_json":{"title":"SFD20000U Uncooled Infrared Observation Device - SunFlaser Tech","robots":{"index":"index","follow":"follow","max-snippet":"max-snippet:-1","max-image-preview":"max-image-preview:large","max-video-preview":"max-video-preview:-1"},"canonical":"https:\/\/sunflaser.com\/fr\/shop\/jir-u3-uncooled-infrared-observation-device\/","og_locale":"fr_FR","og_type":"article","og_title":"SFD20000U Uncooled Infrared Observation Device","og_description":"The SFD20000U Uncooled Infrared Observation Device is a high-performance, dual-sensor system designed for professionals requiring reliable long-range detection and observation capabilities. Combining advanced infrared thermal imaging with a high-resolution visible light camera, this device delivers exceptional clarity in diverse environments\u2014from low-light nighttime operations to challenging weather conditions. Its rugged, portable design ensures ease of use for field applications such as surveillance, search and rescue, and industrial inspection.","og_url":"https:\/\/sunflaser.com\/fr\/shop\/jir-u3-uncooled-infrared-observation-device\/","og_site_name":"SunFlaser Tech","article_modified_time":"2025-11-10T09:43:36+00:00","og_image":[{"width":1440,"height":1440,"url":"https:\/\/sunflaser.com\/wp-content\/uploads\/2025\/10\/JIR-U3.jpg","type":"image\/jpeg"}],"twitter_card":"summary_large_image","twitter_misc":{"Dur\u00e9e de lecture estim\u00e9e":"2 minutes"},"schema":{"@context":"https:\/\/schema.org","@graph":[{"@type":"WebPage","@id":"https:\/\/sunflaser.com\/shop\/jir-u3-uncooled-infrared-observation-device\/","url":"https:\/\/sunflaser.com\/shop\/jir-u3-uncooled-infrared-observation-device\/","name":"SFD20000U Uncooled Infrared Observation Device - SunFlaser Tech","isPartOf":{"@id":"https:\/\/sunflaser.com\/#website"},"primaryImageOfPage":{"@id":"https:\/\/sunflaser.com\/shop\/jir-u3-uncooled-infrared-observation-device\/#primaryimage"},"image":{"@id":"https:\/\/sunflaser.com\/shop\/jir-u3-uncooled-infrared-observation-device\/#primaryimage"},"thumbnailUrl":"https:\/\/sunflaser.com\/wp-content\/uploads\/2025\/10\/JIR-U3.jpg","datePublished":"2025-10-17T08:13:03+00:00","dateModified":"2025-11-10T09:43:36+00:00","breadcrumb":{"@id":"https:\/\/sunflaser.com\/shop\/jir-u3-uncooled-infrared-observation-device\/#breadcrumb"},"inLanguage":"fr-FR","potentialAction":[{"@type":"ReadAction","target":["https:\/\/sunflaser.com\/shop\/jir-u3-uncooled-infrared-observation-device\/"]}]},{"@type":"ImageObject","inLanguage":"fr-FR","@id":"https:\/\/sunflaser.com\/shop\/jir-u3-uncooled-infrared-observation-device\/#primaryimage","url":"https:\/\/sunflaser.com\/wp-content\/uploads\/2025\/10\/JIR-U3.jpg","contentUrl":"https:\/\/sunflaser.com\/wp-content\/uploads\/2025\/10\/JIR-U3.jpg","width":1440,"height":1440},{"@type":"BreadcrumbList","@id":"https:\/\/sunflaser.com\/shop\/jir-u3-uncooled-infrared-observation-device\/#breadcrumb","itemListElement":[{"@type":"ListItem","position":1,"name":"\u9996\u9875","item":"https:\/\/sunflaser.com\/"},{"@type":"ListItem","position":2,"name":"Product","item":"https:\/\/sunflaser.com\/product\/"},{"@type":"ListItem","position":3,"name":"SFD20000U Uncooled Infrared Observation Device"}]},{"@type":"WebSite","@id":"https:\/\/sunflaser.com\/#website","url":"https:\/\/sunflaser.com\/","name":"SunFlaser Tech","description":"","publisher":{"@id":"https:\/\/sunflaser.com\/#organization"},"potentialAction":[{"@type":"SearchAction","target":{"@type":"EntryPoint","urlTemplate":"https:\/\/sunflaser.com\/?s={search_term_string}"},"query-input":{"@type":"PropertyValueSpecification","valueRequired":true,"valueName":"search_term_string"}}],"inLanguage":"fr-FR"},{"@type":"Organization","@id":"https:\/\/sunflaser.com\/#organization","name":"\u76db\u98de\u5149\u901f\u79d1\u6280\uff08\u6210\u90fd\uff09\u6709\u9650\u516c\u53f8","alternateName":"\u76db\u98de\u5149\u901f\u79d1\u6280\uff08\u6210\u90fd\uff09\u6709\u9650\u516c\u53f8","url":"https:\/\/sunflaser.com\/","logo":{"@type":"ImageObject","inLanguage":"fr-FR","@id":"https:\/\/sunflaser.com\/#\/schema\/logo\/image\/","url":"https:\/\/sunflaser.com\/wp-content\/uploads\/2025\/05\/Modern-S-Letter-Logo.png","contentUrl":"https:\/\/sunflaser.com\/wp-content\/uploads\/2025\/05\/Modern-S-Letter-Logo.png","width":1024,"height":289,"caption":"\u76db\u98de\u5149\u901f\u79d1\u6280\uff08\u6210\u90fd\uff09\u6709\u9650\u516c\u53f8"},"image":{"@id":"https:\/\/sunflaser.com\/#\/schema\/logo\/image\/"}}]}},"_links":{"self":[{"href":"https:\/\/sunflaser.com\/fr\/wp-json\/wp\/v2\/product\/10281","targetHints":{"allow":["GET"]}}],"collection":[{"href":"https:\/\/sunflaser.com\/fr\/wp-json\/wp\/v2\/product"}],"about":[{"href":"https:\/\/sunflaser.com\/fr\/wp-json\/wp\/v2\/types\/product"}],"replies":[{"embeddable":true,"href":"https:\/\/sunflaser.com\/fr\/wp-json\/wp\/v2\/comments?post=10281"}],"version-history":[{"count":0,"href":"https:\/\/sunflaser.com\/fr\/wp-json\/wp\/v2\/product\/10281\/revisions"}],"wp:featuredmedia":[{"embeddable":true,"href":"https:\/\/sunflaser.com\/fr\/wp-json\/wp\/v2\/media\/10288"}],"wp:attachment":[{"href":"https:\/\/sunflaser.com\/fr\/wp-json\/wp\/v2\/media?parent=10281"}],"wp:term":[{"taxonomy":"product_brand","embeddable":true,"href":"https:\/\/sunflaser.com\/fr\/wp-json\/wp\/v2\/product_brand?post=10281"},{"taxonomy":"product_cat","embeddable":true,"href":"https:\/\/sunflaser.com\/fr\/wp-json\/wp\/v2\/product_cat?post=10281"},{"taxonomy":"product_tag","embeddable":true,"href":"https:\/\/sunflaser.com\/fr\/wp-json\/wp\/v2\/product_tag?post=10281"}],"curies":[{"name":"wp","href":"https:\/\/api.w.org\/{rel}","templated":true}]}}