{"id":10273,"date":"2025-10-16T23:34:41","date_gmt":"2025-10-17T06:34:41","guid":{"rendered":"https:\/\/sunflaser.com\/?post_type=product&#038;p=10273"},"modified":"2025-11-18T17:11:58","modified_gmt":"2025-11-19T01:11:58","slug":"905nm-laser-rangefinder-module-200m-sfa200ah","status":"publish","type":"product","link":"https:\/\/sunflaser.com\/fr\/shop\/905nm-laser-rangefinder-module-200m-sfa200ah\/","title":{"rendered":"905nm Laser Rangefinder Module 200m SFA200AH"},"content":{"rendered":"<h3><strong>Principaux produits<\/strong>\u200b<\/h3>\n<ul class=\"ybc-ul-component\">\n<li class=\"ybc-li-component ybc-li-component_ul\">\u200b<strong>Ultra-compact et l\u00e9ger.<\/strong>Avec un poids de 50 g seulement et un encombrement minimal, il s'int\u00e8gre facilement dans les installations o\u00f9 l'espace est restreint.<\/li>\n<li class=\"ybc-li-component ybc-li-component_ul\">\u200b<strong>Large plage de mesure.<\/strong>Capable de mesurer des distances allant de 0,05 m \u00e0 200 m, en fonction de la r\u00e9flectivit\u00e9 de la cible et des conditions environnementales.<\/li>\n<li class=\"ybc-li-component ybc-li-component_ul\">\u200b<strong>Fonctionnement \u00e0 haute fr\u00e9quence.<\/strong>Fr\u00e9quence d'acquisition r\u00e9glable de 1 \u00e0 20 kHz, avec une fr\u00e9quence de sortie \u2265100 Hz, garantissant des donn\u00e9es en temps r\u00e9el pour les applications dynamiques.<\/li>\n<li class=\"ybc-li-component ybc-li-component_ul\">\u200b<strong>Durabilit\u00e9 environnementale robuste.<\/strong>Fonctionne de mani\u00e8re fiable \u00e0 des temp\u00e9ratures allant de -40\u00b0C \u00e0 +65\u00b0C, convient aux environnements ext\u00e9rieurs et industriels difficiles.<\/li>\n<li class=\"ybc-li-component ybc-li-component_ul\">\u200b<strong>Haute pr\u00e9cision.<\/strong>Offre une pr\u00e9cision de \u00b10,05m (pour les distances \u226410m) et 0,1m (au-del\u00e0 de 10m), ce qui permet d'effectuer des t\u00e2ches de haute pr\u00e9cision.<\/li>\n<\/ul>\n<hr \/>\n<h3>\u200b<strong>Principales fonctions et caract\u00e9ristiques<\/strong>\u200b<\/h3>\n<ul class=\"ybc-ul-component\">\n<li class=\"ybc-li-component ybc-li-component_ul\">\u200b<strong>Sortie de fr\u00e9quence adaptative.<\/strong>La fr\u00e9quence de sortie s'ajuste automatiquement en fonction de la r\u00e9flectivit\u00e9 de la cible, optimisant ainsi les performances dans des conditions variables.<\/li>\n<li class=\"ybc-li-component ybc-li-component_ul\">\u200b<strong>Interfaces de communication doubles.<\/strong>Prend en charge la communication s\u00e9rie TTL ou RS422 de 3,3 V, avec des vitesses de transmission configurables jusqu'\u00e0 921600 bps.<\/li>\n<li class=\"ybc-li-component ybc-li-component_ul\">\u200b<strong>Faible consommation d'\u00e9nergie.<\/strong>Consomme moins de 2 W en fonctionnement, ce qui est id\u00e9al pour les syst\u00e8mes aliment\u00e9s par batterie.<\/li>\n<li class=\"ybc-li-component ybc-li-component_ul\">\u200b<strong>Longueur d'onde du laser sans danger pour les yeux.<\/strong>Le laser 905nm \u00b110nm garantit la conformit\u00e9 aux normes de s\u00e9curit\u00e9 et des performances stables.<\/li>\n<\/ul>\n<hr \/>\n<h3>\u200b<strong>Applications typiques<\/strong>\u200b<\/h3>\n<p>Ce micro t\u00e9l\u00e9m\u00e8tre laser est largement utilis\u00e9 dans :<\/p>\n<ul class=\"ybc-ul-component\">\n<li class=\"ybc-li-component ybc-li-component_ul\">UAV et drones pour l'\u00e9vitement d'obstacles et la cartographie du terrain<\/li>\n<li class=\"ybc-li-component ybc-li-component_ul\">Robotique pour la navigation et la d\u00e9tection d'objets<\/li>\n<li class=\"ybc-li-component ybc-li-component_ul\">Automatisation industrielle et syst\u00e8mes de positionnement<\/li>\n<li class=\"ybc-li-component ybc-li-component_ul\">Syst\u00e8mes intelligents de transport et d'assistance aux v\u00e9hicules<\/li>\n<li class=\"ybc-li-component ybc-li-component_ul\">Mat\u00e9riel d'arpentage et outils de mesure de pr\u00e9cision<\/li>\n<\/ul>\n<div class=\"hyc-common-markdown__replace\">\n<div class=\"hyc-common-markdown__replace__item\">\n<hr \/>\n<h3 class=\"hyc-content-img hyc-content-img--multi hyc-content-img--round\" data-view-more-text=\"\u67e5\u770b\u66f4\u591a(undefined)\"><strong>Tableau des sp\u00e9cifications techniques<\/strong><\/h3>\n\n<table id=\"tablepress-56\" class=\"tablepress tablepress-id-56\">\n<thead>\n<tr class=\"row-1\">\n\t<th class=\"column-1\"><strong>Param\u00e8tres<\/strong><\/th><th class=\"column-2\"><strong>Sp\u00e9cifications<\/strong><\/th>\n<\/tr>\n<\/thead>\n<tbody class=\"row-striping row-hover\">\n<tr class=\"row-2\">\n\t<td class=\"column-1\">Longueur d'onde<\/td><td class=\"column-2\">905nm \u00b1 10nm @ 25\u00b0C<\/td>\n<\/tr>\n<tr class=\"row-3\">\n\t<td class=\"column-1\">Fr\u00e9quence d'acquisition<\/td><td class=\"column-2\">R\u00e9glable de 1 \u00e0 20 KHz<\/td>\n<\/tr>\n<tr class=\"row-4\">\n\t<td class=\"column-1\">Fr\u00e9quence de sortie<\/td><td class=\"column-2\">\u2265 100 Hz (la fr\u00e9quence de sortie r\u00e9elle s'adapte en fonction de la r\u00e9flectivit\u00e9 de la cible, tombant en dessous de la fr\u00e9quence d'acquisition pour les cibles \u00e0 faible r\u00e9flectivit\u00e9).<\/td>\n<\/tr>\n<tr class=\"row-5\">\n\t<td class=\"column-1\">Port\u00e9e maximale<\/td><td class=\"column-2\"><strong>\u2265 200m<\/strong> (R\u00e9flectivit\u00e9 de la cible \u2265 50%, Visibilit\u00e9 \u2265 5 km, Humidit\u00e9 relative \u2264 60%)<br \/>\n<strong>\u2265 120m<\/strong> (R\u00e9flectivit\u00e9 de la cible \u2265 10%, Visibilit\u00e9 \u2265 5 km, Humidit\u00e9 relative \u2264 60%)<\/td>\n<\/tr>\n<tr class=\"row-6\">\n\t<td class=\"column-1\">Fourchette minimale<\/td><td class=\"column-2\">\u2264 0.05m<\/td>\n<\/tr>\n<tr class=\"row-7\">\n\t<td class=\"column-1\">Pr\u00e9cision de la recherche<\/td><td class=\"column-2\">\u2264 \u00b1 0,05m (pour des distances \u2264 10m)<br \/>\n\u2264 0,1m (pour les distances &gt; 10m)<\/td>\n<\/tr>\n<tr class=\"row-8\">\n\t<td class=\"column-1\">Temp\u00e9rature de fonctionnement<\/td><td class=\"column-2\">De -40\u00b0C \u00e0 +65\u00b0C<\/td>\n<\/tr>\n<tr class=\"row-9\">\n\t<td class=\"column-1\">Temp\u00e9rature de stockage<\/td><td class=\"column-2\">-50\u00b0C \u00e0 +85\u00b0C<\/td>\n<\/tr>\n<tr class=\"row-10\">\n\t<td class=\"column-1\">Capacit\u00e9 de t\u00e9l\u00e9m\u00e9trie<\/td><td class=\"column-2\">Dans des conditions de visibilit\u00e9 \u2265 5 km et d'humidit\u00e9 relative \u2264 60%, le t\u00e9l\u00e9m\u00e8tre laser doit atteindre une port\u00e9e maximale de plus de 200 m\u00e8tres avec un taux de pr\u00e9cision sup\u00e9rieur \u00e0 98%. <\/td>\n<\/tr>\n<\/tbody>\n<\/table>\n\n<\/div>\n<\/div>","protected":false},"excerpt":{"rendered":"<p>Le t\u00e9l\u00e9m\u00e8tre micro laser SFA200AH est un dispositif \u00e9lectro-optique avanc\u00e9 con\u00e7u pour mesurer avec pr\u00e9cision les distances \u00e0 l'aide de la technologie laser \u00e0 temps de vol. Compact, l\u00e9ger (\u226450g) et con\u00e7u pour la fiabilit\u00e9, il fournit des donn\u00e9es de t\u00e9l\u00e9m\u00e9trie pr\u00e9cises et \u00e0 grande vitesse, id\u00e9ales pour l'int\u00e9gration dans les syst\u00e8mes modernes de robotique, de drones, d'automatisation industrielle et de cartographie. Avec deux options de communication (3.3V TTL ou RS422) et une large tension d'entr\u00e9e (9-36V), le SFA200AH offre flexibilit\u00e9 et performance dans un bo\u00eetier miniature.<\/p>","protected":false},"featured_media":10274,"comment_status":"closed","ping_status":"closed","template":"","meta":[],"product_brand":[],"product_cat":[126,605],"product_tag":[],"class_list":{"0":"post-10273","1":"product","2":"type-product","3":"status-publish","4":"has-post-thumbnail","6":"product_cat-905nm-semiconductor-pulsed-laser-rangefinder-module","7":"product_cat-laser-rangefinder-module","8":"pa_acuracy-rate-614","9":"pa_baud-rate-921600-460800-default","10":"pa_blind-zone-0-05","11":"pa_dimensions-46x33x25","12":"pa_operating-temperature-621","13":"pa_storage-temperature-622","14":"pa_voltage-936-typ-24","15":"pa_weight-620","17":"first","18":"instock","19":"shipping-taxable","20":"product-type-simple"},"yoast_head":"<!-- This site is optimized with the Yoast SEO Premium plugin v24.8 (Yoast SEO v26.6) - https:\/\/yoast.com\/wordpress\/plugins\/seo\/ -->\n<title>905nm Laser Rangefinder Module 200m SFA200AH - SunFlaser Tech<\/title>\n<meta name=\"robots\" content=\"index, follow, max-snippet:-1, max-image-preview:large, max-video-preview:-1\" \/>\n<link rel=\"canonical\" href=\"https:\/\/sunflaser.com\/fr\/shop\/905nm-laser-rangefinder-module-200m-sfa200ah\/\" \/>\n<meta property=\"og:locale\" content=\"fr_FR\" \/>\n<meta property=\"og:type\" content=\"article\" \/>\n<meta property=\"og:title\" content=\"905nm Laser Rangefinder Module 200m SFA200AH\" \/>\n<meta property=\"og:description\" content=\"The SFA200AH Micro Laser Rangefinder is an advanced electro-optical device designed for precision distance measurement using time-of-flight laser technology. Compact, lightweight (\u226450g), and built for reliability, it delivers high-speed, accurate ranging data ideal for integration into modern robotic, UAV, industrial automation, and mapping systems. With dual communication options (3.3V TTL or RS422) and wide voltage input support (9\u201336V), the SFA200AH offers flexibility and performance in a miniature package.\" \/>\n<meta property=\"og:url\" content=\"https:\/\/sunflaser.com\/fr\/shop\/905nm-laser-rangefinder-module-200m-sfa200ah\/\" \/>\n<meta property=\"og:site_name\" content=\"SunFlaser Tech\" \/>\n<meta property=\"article:modified_time\" content=\"2025-11-19T01:11:58+00:00\" \/>\n<meta property=\"og:image\" content=\"https:\/\/sunflaser.com\/wp-content\/uploads\/2025\/10\/SFA200AH.jpg\" \/>\n\t<meta property=\"og:image:width\" content=\"1440\" \/>\n\t<meta property=\"og:image:height\" content=\"1440\" \/>\n\t<meta property=\"og:image:type\" content=\"image\/jpeg\" \/>\n<meta name=\"twitter:card\" content=\"summary_large_image\" \/>\n<meta name=\"twitter:label1\" content=\"Dur\u00e9e de lecture estim\u00e9e\" \/>\n\t<meta name=\"twitter:data1\" content=\"2 minutes\" \/>\n<script type=\"application\/ld+json\" class=\"yoast-schema-graph\">{\"@context\":\"https:\/\/schema.org\",\"@graph\":[{\"@type\":\"WebPage\",\"@id\":\"https:\/\/sunflaser.com\/shop\/905nm-laser-rangefinder-module-200m-sfa200ah\/\",\"url\":\"https:\/\/sunflaser.com\/shop\/905nm-laser-rangefinder-module-200m-sfa200ah\/\",\"name\":\"905nm Laser Rangefinder Module 200m SFA200AH - SunFlaser Tech\",\"isPartOf\":{\"@id\":\"https:\/\/sunflaser.com\/#website\"},\"primaryImageOfPage\":{\"@id\":\"https:\/\/sunflaser.com\/shop\/905nm-laser-rangefinder-module-200m-sfa200ah\/#primaryimage\"},\"image\":{\"@id\":\"https:\/\/sunflaser.com\/shop\/905nm-laser-rangefinder-module-200m-sfa200ah\/#primaryimage\"},\"thumbnailUrl\":\"https:\/\/sunflaser.com\/wp-content\/uploads\/2025\/10\/SFA200AH.jpg\",\"datePublished\":\"2025-10-17T06:34:41+00:00\",\"dateModified\":\"2025-11-19T01:11:58+00:00\",\"breadcrumb\":{\"@id\":\"https:\/\/sunflaser.com\/shop\/905nm-laser-rangefinder-module-200m-sfa200ah\/#breadcrumb\"},\"inLanguage\":\"fr-FR\",\"potentialAction\":[{\"@type\":\"ReadAction\",\"target\":[\"https:\/\/sunflaser.com\/shop\/905nm-laser-rangefinder-module-200m-sfa200ah\/\"]}]},{\"@type\":\"ImageObject\",\"inLanguage\":\"fr-FR\",\"@id\":\"https:\/\/sunflaser.com\/shop\/905nm-laser-rangefinder-module-200m-sfa200ah\/#primaryimage\",\"url\":\"https:\/\/sunflaser.com\/wp-content\/uploads\/2025\/10\/SFA200AH.jpg\",\"contentUrl\":\"https:\/\/sunflaser.com\/wp-content\/uploads\/2025\/10\/SFA200AH.jpg\",\"width\":1440,\"height\":1440},{\"@type\":\"BreadcrumbList\",\"@id\":\"https:\/\/sunflaser.com\/shop\/905nm-laser-rangefinder-module-200m-sfa200ah\/#breadcrumb\",\"itemListElement\":[{\"@type\":\"ListItem\",\"position\":1,\"name\":\"\u9996\u9875\",\"item\":\"https:\/\/sunflaser.com\/\"},{\"@type\":\"ListItem\",\"position\":2,\"name\":\"Product\",\"item\":\"https:\/\/sunflaser.com\/product\/\"},{\"@type\":\"ListItem\",\"position\":3,\"name\":\"905nm Laser Rangefinder Module 200m SFA200AH\"}]},{\"@type\":\"WebSite\",\"@id\":\"https:\/\/sunflaser.com\/#website\",\"url\":\"https:\/\/sunflaser.com\/\",\"name\":\"SunFlaser Tech\",\"description\":\"\",\"publisher\":{\"@id\":\"https:\/\/sunflaser.com\/#organization\"},\"potentialAction\":[{\"@type\":\"SearchAction\",\"target\":{\"@type\":\"EntryPoint\",\"urlTemplate\":\"https:\/\/sunflaser.com\/?s={search_term_string}\"},\"query-input\":{\"@type\":\"PropertyValueSpecification\",\"valueRequired\":true,\"valueName\":\"search_term_string\"}}],\"inLanguage\":\"fr-FR\"},{\"@type\":\"Organization\",\"@id\":\"https:\/\/sunflaser.com\/#organization\",\"name\":\"\u76db\u98de\u5149\u901f\u79d1\u6280\uff08\u6210\u90fd\uff09\u6709\u9650\u516c\u53f8\",\"alternateName\":\"\u76db\u98de\u5149\u901f\u79d1\u6280\uff08\u6210\u90fd\uff09\u6709\u9650\u516c\u53f8\",\"url\":\"https:\/\/sunflaser.com\/\",\"logo\":{\"@type\":\"ImageObject\",\"inLanguage\":\"fr-FR\",\"@id\":\"https:\/\/sunflaser.com\/#\/schema\/logo\/image\/\",\"url\":\"https:\/\/sunflaser.com\/wp-content\/uploads\/2025\/05\/Modern-S-Letter-Logo.png\",\"contentUrl\":\"https:\/\/sunflaser.com\/wp-content\/uploads\/2025\/05\/Modern-S-Letter-Logo.png\",\"width\":1024,\"height\":289,\"caption\":\"\u76db\u98de\u5149\u901f\u79d1\u6280\uff08\u6210\u90fd\uff09\u6709\u9650\u516c\u53f8\"},\"image\":{\"@id\":\"https:\/\/sunflaser.com\/#\/schema\/logo\/image\/\"}}]}<\/script>\n<!-- \/ Yoast SEO Premium plugin. -->","yoast_head_json":{"title":"905nm Laser Rangefinder Module 200m SFA200AH - SunFlaser Tech","robots":{"index":"index","follow":"follow","max-snippet":"max-snippet:-1","max-image-preview":"max-image-preview:large","max-video-preview":"max-video-preview:-1"},"canonical":"https:\/\/sunflaser.com\/fr\/shop\/905nm-laser-rangefinder-module-200m-sfa200ah\/","og_locale":"fr_FR","og_type":"article","og_title":"905nm Laser Rangefinder Module 200m SFA200AH","og_description":"The SFA200AH Micro Laser Rangefinder is an advanced electro-optical device designed for precision distance measurement using time-of-flight laser technology. Compact, lightweight (\u226450g), and built for reliability, it delivers high-speed, accurate ranging data ideal for integration into modern robotic, UAV, industrial automation, and mapping systems. With dual communication options (3.3V TTL or RS422) and wide voltage input support (9\u201336V), the SFA200AH offers flexibility and performance in a miniature package.","og_url":"https:\/\/sunflaser.com\/fr\/shop\/905nm-laser-rangefinder-module-200m-sfa200ah\/","og_site_name":"SunFlaser Tech","article_modified_time":"2025-11-19T01:11:58+00:00","og_image":[{"width":1440,"height":1440,"url":"https:\/\/sunflaser.com\/wp-content\/uploads\/2025\/10\/SFA200AH.jpg","type":"image\/jpeg"}],"twitter_card":"summary_large_image","twitter_misc":{"Dur\u00e9e de lecture estim\u00e9e":"2 minutes"},"schema":{"@context":"https:\/\/schema.org","@graph":[{"@type":"WebPage","@id":"https:\/\/sunflaser.com\/shop\/905nm-laser-rangefinder-module-200m-sfa200ah\/","url":"https:\/\/sunflaser.com\/shop\/905nm-laser-rangefinder-module-200m-sfa200ah\/","name":"905nm Laser Rangefinder Module 200m SFA200AH - SunFlaser Tech","isPartOf":{"@id":"https:\/\/sunflaser.com\/#website"},"primaryImageOfPage":{"@id":"https:\/\/sunflaser.com\/shop\/905nm-laser-rangefinder-module-200m-sfa200ah\/#primaryimage"},"image":{"@id":"https:\/\/sunflaser.com\/shop\/905nm-laser-rangefinder-module-200m-sfa200ah\/#primaryimage"},"thumbnailUrl":"https:\/\/sunflaser.com\/wp-content\/uploads\/2025\/10\/SFA200AH.jpg","datePublished":"2025-10-17T06:34:41+00:00","dateModified":"2025-11-19T01:11:58+00:00","breadcrumb":{"@id":"https:\/\/sunflaser.com\/shop\/905nm-laser-rangefinder-module-200m-sfa200ah\/#breadcrumb"},"inLanguage":"fr-FR","potentialAction":[{"@type":"ReadAction","target":["https:\/\/sunflaser.com\/shop\/905nm-laser-rangefinder-module-200m-sfa200ah\/"]}]},{"@type":"ImageObject","inLanguage":"fr-FR","@id":"https:\/\/sunflaser.com\/shop\/905nm-laser-rangefinder-module-200m-sfa200ah\/#primaryimage","url":"https:\/\/sunflaser.com\/wp-content\/uploads\/2025\/10\/SFA200AH.jpg","contentUrl":"https:\/\/sunflaser.com\/wp-content\/uploads\/2025\/10\/SFA200AH.jpg","width":1440,"height":1440},{"@type":"BreadcrumbList","@id":"https:\/\/sunflaser.com\/shop\/905nm-laser-rangefinder-module-200m-sfa200ah\/#breadcrumb","itemListElement":[{"@type":"ListItem","position":1,"name":"\u9996\u9875","item":"https:\/\/sunflaser.com\/"},{"@type":"ListItem","position":2,"name":"Product","item":"https:\/\/sunflaser.com\/product\/"},{"@type":"ListItem","position":3,"name":"905nm Laser Rangefinder Module 200m SFA200AH"}]},{"@type":"WebSite","@id":"https:\/\/sunflaser.com\/#website","url":"https:\/\/sunflaser.com\/","name":"SunFlaser Tech","description":"","publisher":{"@id":"https:\/\/sunflaser.com\/#organization"},"potentialAction":[{"@type":"SearchAction","target":{"@type":"EntryPoint","urlTemplate":"https:\/\/sunflaser.com\/?s={search_term_string}"},"query-input":{"@type":"PropertyValueSpecification","valueRequired":true,"valueName":"search_term_string"}}],"inLanguage":"fr-FR"},{"@type":"Organization","@id":"https:\/\/sunflaser.com\/#organization","name":"\u76db\u98de\u5149\u901f\u79d1\u6280\uff08\u6210\u90fd\uff09\u6709\u9650\u516c\u53f8","alternateName":"\u76db\u98de\u5149\u901f\u79d1\u6280\uff08\u6210\u90fd\uff09\u6709\u9650\u516c\u53f8","url":"https:\/\/sunflaser.com\/","logo":{"@type":"ImageObject","inLanguage":"fr-FR","@id":"https:\/\/sunflaser.com\/#\/schema\/logo\/image\/","url":"https:\/\/sunflaser.com\/wp-content\/uploads\/2025\/05\/Modern-S-Letter-Logo.png","contentUrl":"https:\/\/sunflaser.com\/wp-content\/uploads\/2025\/05\/Modern-S-Letter-Logo.png","width":1024,"height":289,"caption":"\u76db\u98de\u5149\u901f\u79d1\u6280\uff08\u6210\u90fd\uff09\u6709\u9650\u516c\u53f8"},"image":{"@id":"https:\/\/sunflaser.com\/#\/schema\/logo\/image\/"}}]}},"_links":{"self":[{"href":"https:\/\/sunflaser.com\/fr\/wp-json\/wp\/v2\/product\/10273","targetHints":{"allow":["GET"]}}],"collection":[{"href":"https:\/\/sunflaser.com\/fr\/wp-json\/wp\/v2\/product"}],"about":[{"href":"https:\/\/sunflaser.com\/fr\/wp-json\/wp\/v2\/types\/product"}],"replies":[{"embeddable":true,"href":"https:\/\/sunflaser.com\/fr\/wp-json\/wp\/v2\/comments?post=10273"}],"version-history":[{"count":0,"href":"https:\/\/sunflaser.com\/fr\/wp-json\/wp\/v2\/product\/10273\/revisions"}],"wp:featuredmedia":[{"embeddable":true,"href":"https:\/\/sunflaser.com\/fr\/wp-json\/wp\/v2\/media\/10274"}],"wp:attachment":[{"href":"https:\/\/sunflaser.com\/fr\/wp-json\/wp\/v2\/media?parent=10273"}],"wp:term":[{"taxonomy":"product_brand","embeddable":true,"href":"https:\/\/sunflaser.com\/fr\/wp-json\/wp\/v2\/product_brand?post=10273"},{"taxonomy":"product_cat","embeddable":true,"href":"https:\/\/sunflaser.com\/fr\/wp-json\/wp\/v2\/product_cat?post=10273"},{"taxonomy":"product_tag","embeddable":true,"href":"https:\/\/sunflaser.com\/fr\/wp-json\/wp\/v2\/product_tag?post=10273"}],"curies":[{"name":"wp","href":"https:\/\/api.w.org\/{rel}","templated":true}]}}