{"id":10237,"date":"2025-10-16T20:14:03","date_gmt":"2025-10-17T03:14:03","guid":{"rendered":"https:\/\/sunflaser.com\/?post_type=product&#038;p=10237"},"modified":"2025-11-18T01:01:31","modified_gmt":"2025-11-18T09:01:31","slug":"905nm-laser-rangefinder-module-2000m-sfa2000b","status":"publish","type":"product","link":"https:\/\/sunflaser.com\/fr\/shop\/905nm-laser-rangefinder-module-2000m-sfa2000b\/","title":{"rendered":"905nm Laser Rangefinder Module 2000m SFA2000B"},"content":{"rendered":"<h3><strong>Principales caract\u00e9ristiques et avantages<\/strong>\u200b<\/h3>\n<ul class=\"ybc-ul-component\">\n<li class=\"ybc-li-component ybc-li-component_ul\">\u200b<strong>Haute pr\u00e9cision<\/strong>: Pr\u00e9cision de \u00b11m dans des conditions normales, ce qui garantit la fiabilit\u00e9 de l'appareil.<strong>t\u00e9l\u00e9m\u00e8tre<\/strong>pour les applications critiques.<\/li>\n<li class=\"ybc-li-component ybc-li-component_ul\">\u200b<strong>Compact et l\u00e9ger<\/strong>: L'architecture miniaturis\u00e9e permet une int\u00e9gration facile dans les syst\u00e8mes \u00e0 espace limit\u00e9.<\/li>\n<li class=\"ybc-li-component ybc-li-component_ul\">\u200b<strong>Fonctionnement \u00e0 faible consommation<\/strong>: Consommation de pointe \u22641,5W (@1Hz), optimis\u00e9e pour les appareils aliment\u00e9s par batterie.<\/li>\n<li class=\"ybc-li-component ybc-li-component_ul\">\u200b<strong>R\u00e9ponse rapide<\/strong>: Le syst\u00e8me \"Boots\" fournit des r\u00e9sultats de mesure en moins de 100 ms, ce qui permet de prendre des d\u00e9cisions en temps r\u00e9el.<\/li>\n<li class=\"ybc-li-component ybc-li-component_ul\">\u200b<strong>Communication robuste<\/strong>: Prend en charge le protocole UART 115200bps (par d\u00e9faut) avec des ajustements flexibles de la vitesse de transmission (9600\/38400\/57600bps).<\/li>\n<\/ul>\n<hr \/>\n<h3>\u200b<strong>Applications<\/strong>\u200b<\/h3>\n<ul class=\"ybc-ul-component\">\n<li class=\"ybc-li-component ybc-li-component_ul\">Drones autonomes et navigation des drones<\/li>\n<li class=\"ybc-li-component ybc-li-component_ul\">Robotique industrielle et contr\u00f4le de la distance des AGV<\/li>\n<li class=\"ybc-li-component ybc-li-component_ul\">Syst\u00e8mes intelligents de surveillance du trafic<\/li>\n<li class=\"ybc-li-component ybc-li-component_ul\">Arpentage de pr\u00e9cision pour l'agriculture et la sylviculture<\/li>\n<li class=\"ybc-li-component ybc-li-component_ul\">\u00c9quipements de s\u00e9curit\u00e9 et de surveillance<\/li>\n<\/ul>\n<hr \/>\n<h3>\u200b<strong>Sp\u00e9cifications techniques<\/strong><\/h3>\n\n<table id=\"tablepress-50\" class=\"tablepress tablepress-id-50\">\n<thead>\n<tr class=\"row-1\">\n\t<th class=\"column-1\"><strong>Param\u00e8tres<\/strong><\/th><th class=\"column-2\"><strong>Indicateur de performance<\/strong><\/th><td class=\"column-3\"><\/td>\n<\/tr>\n<\/thead>\n<tbody class=\"row-striping row-hover\">\n<tr class=\"row-2\">\n\t<td class=\"column-1\">Longueur d'onde de fonctionnement<\/td><td class=\"column-2\">905 nm<\/td><td class=\"column-3\"><\/td>\n<\/tr>\n<tr class=\"row-3\">\n\t<td class=\"column-1\">Ouverture de l'\u00e9metteur<\/td><td class=\"column-2\">\u03a67 mm<\/td><td class=\"column-3\"><\/td>\n<\/tr>\n<tr class=\"row-4\">\n\t<td class=\"column-1\">Ouverture du r\u00e9cepteur<\/td><td class=\"column-2\">\u03a67 mm<\/td><td class=\"column-3\"><\/td>\n<\/tr>\n<tr class=\"row-5\">\n\t<td class=\"column-1\">Capacit\u00e9 de t\u00e9l\u00e9m\u00e9trie<\/td><td class=\"column-2\">\u22652000 m (nuit, visibilit\u00e9 : \u226510 km, humidit\u00e9 : \u226460%, b\u00e2timent) ; \u22651200 m (jour, visibilit\u00e9 : \u226510 km, humidit\u00e9 : \u226460%, b\u00e2timent) ; \u22653 m (port\u00e9e minimale).<\/td><td class=\"column-3\"><\/td>\n<\/tr>\n<tr class=\"row-6\">\n\t<td class=\"column-1\">Zone aveugle de t\u00e9l\u00e9m\u00e9trie<\/td><td class=\"column-2\">\u2264 \u00b10,25 m (L \u226450 m) ; \u2264 \u00b10,5 m (50 m) ; \u2264 \u00b10,5 m (L \u226450 m) ; \u2264 \u00b10,5 m (L \u226450 m). &lt; L \u2264100 m) ; \u2264 \u00b11 m (100 m &lt; L \u2264300 m) ; \u2264 \u00b12 m (300 m &lt; L \u22641200 m) ; \u2264 \u00b12 m (300 m &lt; L \u22642000 m, Nuit)<\/td><td class=\"column-3\"><\/td>\n<\/tr>\n<tr class=\"row-7\">\n\t<td class=\"column-1\">Pr\u00e9cision de la recherche<\/td><td class=\"column-2\">\u00b11 m<\/td><td class=\"column-3\"><\/td>\n<\/tr>\n<tr class=\"row-8\">\n\t<td class=\"column-1\">Taux de mesure correct<\/td><td class=\"column-2\">\u226599%<\/td><td class=\"column-3\"><\/td>\n<\/tr>\n<tr class=\"row-9\">\n\t<td class=\"column-1\">Taux de fausses alarmes<\/td><td class=\"column-2\">\u22642%<\/td><td class=\"column-3\"><\/td>\n<\/tr>\n<tr class=\"row-10\">\n\t<td class=\"column-1\">Fr\u00e9quence de t\u00e9l\u00e9m\u00e9trie<\/td><td class=\"column-2\">Coup unique, 1 Hz ; Remarque : les fr\u00e9quences \u00e0 courte port\u00e9e de 2 Hz, 3 Hz, 4 Hz sont prises en charge.<\/td><td class=\"column-3\"><\/td>\n<\/tr>\n<tr class=\"row-11\">\n\t<td class=\"column-1\">D\u00e9bit en bauds<\/td><td class=\"column-2\">115200 bps (par d\u00e9faut) \/ 9600 bps \/ 38400 bps \/ 57600 bps<\/td><td class=\"column-3\"><\/td>\n<\/tr>\n<tr class=\"row-12\">\n\t<td class=\"column-1\">Poids<\/td><td class=\"column-2\">\u22645 g<\/td><td class=\"column-3\"><\/td>\n<\/tr>\n<tr class=\"row-13\">\n\t<td class=\"column-1\">Dimensions<\/td><td class=\"column-2\">\u226422,5 mm \u00d7 16 mm \u00d7 9,5 mm<\/td><td class=\"column-3\"><\/td>\n<\/tr>\n<tr class=\"row-14\">\n\t<td class=\"column-1\">Interface \u00e9lectrique<\/td><td class=\"column-2\">Connecteur m\u00e2le : 0.8WTB-6Y-2 ; Connecteur femelle : 0.8WTB-6AWB-01<\/td><td class=\"column-3\"><\/td>\n<\/tr>\n<tr class=\"row-15\">\n\t<td class=\"column-1\">Tension d'alimentation<\/td><td class=\"column-2\">3,3 V (Tol\u00e9rance \u00e0 3,3 V ~ 5 V)<\/td><td class=\"column-3\"><\/td>\n<\/tr>\n<tr class=\"row-16\">\n\t<td class=\"column-1\">Consommation d'\u00e9nergie en veille<\/td><td class=\"column-2\">\u22640.3 W<\/td><td class=\"column-3\"><\/td>\n<\/tr>\n<tr class=\"row-17\">\n\t<td class=\"column-1\">Consommation \u00e9lectrique moyenne<\/td><td class=\"column-2\">\u22640,8 W \u00e0 1 Hz<\/td><td class=\"column-3\"><\/td>\n<\/tr>\n<tr class=\"row-18\">\n\t<td class=\"column-1\">Consommation d'\u00e9nergie de pointe pour la t\u00e9l\u00e9m\u00e9trie<\/td><td class=\"column-2\">\u22641.5 W @1 Hz<\/td><td class=\"column-3\"><\/td>\n<\/tr>\n<tr class=\"row-19\">\n\t<td class=\"column-1\">Courant d'appel (d\u00e9marrage)<\/td><td class=\"column-2\">\u2264500 mA<\/td><td class=\"column-3\"><\/td>\n<\/tr>\n<tr class=\"row-20\">\n\t<td class=\"column-1\">Courant de fuite<\/td><td class=\"column-2\">&lt;100 \u00b5A<\/td><td class=\"column-3\"><\/td>\n<\/tr>\n<tr class=\"row-21\">\n\t<td class=\"column-1\">Temps de r\u00e9ponse de la mise sous tension \u00e0 la t\u00e9l\u00e9m\u00e9trie<\/td><td class=\"column-2\">\u2264100 ms<\/td><td class=\"column-3\"><\/td>\n<\/tr>\n<tr class=\"row-22\">\n\t<td class=\"column-1\">Temp\u00e9rature de fonctionnement<\/td><td class=\"column-2\">-20 \u00b0C ~ +60 \u00b0C<\/td><td class=\"column-3\"><\/td>\n<\/tr>\n<tr class=\"row-23\">\n\t<td class=\"column-1\">Temp\u00e9rature de stockage<\/td><td class=\"column-2\">-45 \u00b0C ~ +70 \u00b0C<\/td><td class=\"column-3\"><\/td>\n<\/tr>\n<tr class=\"row-24\">\n\t<td class=\"column-1\">Fonction<\/td><td class=\"column-2\">T\u00e9l\u00e9m\u00e9trie laser<\/td><td class=\"column-3\"><\/td>\n<\/tr>\n<\/tbody>\n<\/table>\n\n<p>Note 1 : Les param\u00e8tres marqu\u00e9s d'un * dans le tableau sont des valeurs de conception ou des calculs th\u00e9oriques, \u00e0 titre de r\u00e9f\u00e9rence uniquement.<br \/>\nNote 2 : La port\u00e9e et la pr\u00e9cision nominales sont obtenues dans des conditions de visibilit\u00e9 non inf\u00e9rieure \u00e0 10 km et d'humidit\u00e9 relative non sup\u00e9rieure \u00e0 60%. La capacit\u00e9 de t\u00e9l\u00e9m\u00e9trie et la pr\u00e9cision du t\u00e9l\u00e9m\u00e8tre peuvent varier en fonction des conditions environnementales et des caract\u00e9ristiques de la cible, et doivent \u00eatre d\u00e9termin\u00e9es sur la base de mesures r\u00e9elles. Si le t\u00e9l\u00e9m\u00e8tre est utilis\u00e9 sur une plate-forme stabilis\u00e9e, il convient de s'assurer que la plate-forme peut maintenir un suivi stable de la cible ; dans le cas contraire, les performances ou la pr\u00e9cision de la t\u00e9l\u00e9m\u00e9trie peuvent \u00eatre affect\u00e9es.<\/p>","protected":false},"excerpt":{"rendered":"<p>Le micro t\u00e9l\u00e9m\u00e8tre laser SFA2000B est un instrument de pointe.<strong>outil de mesure laser<\/strong>con\u00e7u pour la d\u00e9tection de distance de pr\u00e9cision dans les applications compactes. Fonctionnant sur une longueur d'onde laser de 905nm, cette<strong>t\u00e9l\u00e9m\u00e8tre laser<\/strong>offre des performances fiables avec une faible consommation d'\u00e9nergie et une int\u00e9gration UART-TTL transparente. Id\u00e9al pour la robotique, les drones, l'automatisation industrielle et les infrastructures intelligentes, le SFA2000B allie pr\u00e9cision et durabilit\u00e9 dans un design miniaturis\u00e9.<\/p>","protected":false},"featured_media":10342,"comment_status":"closed","ping_status":"closed","template":"","meta":[],"product_brand":[],"product_cat":[126,605],"product_tag":[],"class_list":{"0":"post-10237","1":"product","2":"type-product","3":"status-publish","4":"has-post-thumbnail","6":"product_cat-905nm-semiconductor-pulsed-laser-rangefinder-module","7":"product_cat-laser-rangefinder-module","8":"pa_acuracy-rate-627","9":"pa_baud-rate-115200default-9600-38400-57600","10":"pa_blind-zone-625","11":"pa_dimensions-22-5x16x9-5","12":"pa_operating-temperature-631","13":"pa_storage-temperature-45-70","14":"pa_voltage-3-3v-can-be-pulled-up-to-3-3v5v","15":"pa_weight-634","17":"first","18":"instock","19":"shipping-taxable","20":"product-type-simple"},"yoast_head":"<!-- This site is optimized with the Yoast SEO Premium plugin v24.8 (Yoast SEO v26.6) - https:\/\/yoast.com\/wordpress\/plugins\/seo\/ -->\n<title>905nm Laser Rangefinder Module 2000m SFA2000B - SunFlaser Tech<\/title>\n<meta name=\"robots\" content=\"index, follow, max-snippet:-1, max-image-preview:large, max-video-preview:-1\" \/>\n<link rel=\"canonical\" href=\"https:\/\/sunflaser.com\/fr\/shop\/905nm-laser-rangefinder-module-2000m-sfa2000b\/\" \/>\n<meta property=\"og:locale\" content=\"fr_FR\" \/>\n<meta property=\"og:type\" content=\"article\" \/>\n<meta property=\"og:title\" content=\"905nm Laser Rangefinder Module 2000m SFA2000B\" \/>\n<meta property=\"og:description\" content=\"The SFA2000B micro laser rangefinder is an advanced \u200blaser measuring tool\u200b engineered for precision distance detection in compact applications. Operating on a 905nm laser wavelength, this \u200blaser rangefinder\u200b delivers reliable performance with low power consumption and seamless UART-TTL integration. Ideal for robotics, UAVs, industrial automation, and smart infrastructure, the SFA2000B combines accuracy with durability in a miniaturized design.\" \/>\n<meta property=\"og:url\" content=\"https:\/\/sunflaser.com\/fr\/shop\/905nm-laser-rangefinder-module-2000m-sfa2000b\/\" \/>\n<meta property=\"og:site_name\" content=\"SunFlaser Tech\" \/>\n<meta property=\"article:modified_time\" content=\"2025-11-18T09:01:31+00:00\" \/>\n<meta property=\"og:image\" content=\"https:\/\/sunflaser.com\/wp-content\/uploads\/2025\/10\/SFA2000B-0.jpg\" \/>\n\t<meta property=\"og:image:width\" content=\"1440\" \/>\n\t<meta property=\"og:image:height\" content=\"1440\" \/>\n\t<meta property=\"og:image:type\" content=\"image\/jpeg\" \/>\n<meta name=\"twitter:card\" content=\"summary_large_image\" \/>\n<meta name=\"twitter:label1\" content=\"Dur\u00e9e de lecture estim\u00e9e\" \/>\n\t<meta name=\"twitter:data1\" content=\"2 minutes\" \/>\n<script type=\"application\/ld+json\" class=\"yoast-schema-graph\">{\"@context\":\"https:\/\/schema.org\",\"@graph\":[{\"@type\":\"WebPage\",\"@id\":\"https:\/\/sunflaser.com\/shop\/905nm-laser-rangefinder-module-2000m-sfa2000b\/\",\"url\":\"https:\/\/sunflaser.com\/shop\/905nm-laser-rangefinder-module-2000m-sfa2000b\/\",\"name\":\"905nm Laser Rangefinder Module 2000m SFA2000B - SunFlaser Tech\",\"isPartOf\":{\"@id\":\"https:\/\/sunflaser.com\/#website\"},\"primaryImageOfPage\":{\"@id\":\"https:\/\/sunflaser.com\/shop\/905nm-laser-rangefinder-module-2000m-sfa2000b\/#primaryimage\"},\"image\":{\"@id\":\"https:\/\/sunflaser.com\/shop\/905nm-laser-rangefinder-module-2000m-sfa2000b\/#primaryimage\"},\"thumbnailUrl\":\"https:\/\/sunflaser.com\/wp-content\/uploads\/2025\/10\/SFA2000B-0.jpg\",\"datePublished\":\"2025-10-17T03:14:03+00:00\",\"dateModified\":\"2025-11-18T09:01:31+00:00\",\"breadcrumb\":{\"@id\":\"https:\/\/sunflaser.com\/shop\/905nm-laser-rangefinder-module-2000m-sfa2000b\/#breadcrumb\"},\"inLanguage\":\"fr-FR\",\"potentialAction\":[{\"@type\":\"ReadAction\",\"target\":[\"https:\/\/sunflaser.com\/shop\/905nm-laser-rangefinder-module-2000m-sfa2000b\/\"]}]},{\"@type\":\"ImageObject\",\"inLanguage\":\"fr-FR\",\"@id\":\"https:\/\/sunflaser.com\/shop\/905nm-laser-rangefinder-module-2000m-sfa2000b\/#primaryimage\",\"url\":\"https:\/\/sunflaser.com\/wp-content\/uploads\/2025\/10\/SFA2000B-0.jpg\",\"contentUrl\":\"https:\/\/sunflaser.com\/wp-content\/uploads\/2025\/10\/SFA2000B-0.jpg\",\"width\":1440,\"height\":1440},{\"@type\":\"BreadcrumbList\",\"@id\":\"https:\/\/sunflaser.com\/shop\/905nm-laser-rangefinder-module-2000m-sfa2000b\/#breadcrumb\",\"itemListElement\":[{\"@type\":\"ListItem\",\"position\":1,\"name\":\"\u9996\u9875\",\"item\":\"https:\/\/sunflaser.com\/\"},{\"@type\":\"ListItem\",\"position\":2,\"name\":\"Product\",\"item\":\"https:\/\/sunflaser.com\/product\/\"},{\"@type\":\"ListItem\",\"position\":3,\"name\":\"905nm Laser Rangefinder Module 2000m SFA2000B\"}]},{\"@type\":\"WebSite\",\"@id\":\"https:\/\/sunflaser.com\/#website\",\"url\":\"https:\/\/sunflaser.com\/\",\"name\":\"SunFlaser Tech\",\"description\":\"\",\"publisher\":{\"@id\":\"https:\/\/sunflaser.com\/#organization\"},\"potentialAction\":[{\"@type\":\"SearchAction\",\"target\":{\"@type\":\"EntryPoint\",\"urlTemplate\":\"https:\/\/sunflaser.com\/?s={search_term_string}\"},\"query-input\":{\"@type\":\"PropertyValueSpecification\",\"valueRequired\":true,\"valueName\":\"search_term_string\"}}],\"inLanguage\":\"fr-FR\"},{\"@type\":\"Organization\",\"@id\":\"https:\/\/sunflaser.com\/#organization\",\"name\":\"\u76db\u98de\u5149\u901f\u79d1\u6280\uff08\u6210\u90fd\uff09\u6709\u9650\u516c\u53f8\",\"alternateName\":\"\u76db\u98de\u5149\u901f\u79d1\u6280\uff08\u6210\u90fd\uff09\u6709\u9650\u516c\u53f8\",\"url\":\"https:\/\/sunflaser.com\/\",\"logo\":{\"@type\":\"ImageObject\",\"inLanguage\":\"fr-FR\",\"@id\":\"https:\/\/sunflaser.com\/#\/schema\/logo\/image\/\",\"url\":\"https:\/\/sunflaser.com\/wp-content\/uploads\/2025\/05\/Modern-S-Letter-Logo.png\",\"contentUrl\":\"https:\/\/sunflaser.com\/wp-content\/uploads\/2025\/05\/Modern-S-Letter-Logo.png\",\"width\":1024,\"height\":289,\"caption\":\"\u76db\u98de\u5149\u901f\u79d1\u6280\uff08\u6210\u90fd\uff09\u6709\u9650\u516c\u53f8\"},\"image\":{\"@id\":\"https:\/\/sunflaser.com\/#\/schema\/logo\/image\/\"}}]}<\/script>\n<!-- \/ Yoast SEO Premium plugin. -->","yoast_head_json":{"title":"905nm Laser Rangefinder Module 2000m SFA2000B - SunFlaser Tech","robots":{"index":"index","follow":"follow","max-snippet":"max-snippet:-1","max-image-preview":"max-image-preview:large","max-video-preview":"max-video-preview:-1"},"canonical":"https:\/\/sunflaser.com\/fr\/shop\/905nm-laser-rangefinder-module-2000m-sfa2000b\/","og_locale":"fr_FR","og_type":"article","og_title":"905nm Laser Rangefinder Module 2000m SFA2000B","og_description":"The SFA2000B micro laser rangefinder is an advanced \u200blaser measuring tool\u200b engineered for precision distance detection in compact applications. Operating on a 905nm laser wavelength, this \u200blaser rangefinder\u200b delivers reliable performance with low power consumption and seamless UART-TTL integration. Ideal for robotics, UAVs, industrial automation, and smart infrastructure, the SFA2000B combines accuracy with durability in a miniaturized design.","og_url":"https:\/\/sunflaser.com\/fr\/shop\/905nm-laser-rangefinder-module-2000m-sfa2000b\/","og_site_name":"SunFlaser Tech","article_modified_time":"2025-11-18T09:01:31+00:00","og_image":[{"width":1440,"height":1440,"url":"https:\/\/sunflaser.com\/wp-content\/uploads\/2025\/10\/SFA2000B-0.jpg","type":"image\/jpeg"}],"twitter_card":"summary_large_image","twitter_misc":{"Dur\u00e9e de lecture estim\u00e9e":"2 minutes"},"schema":{"@context":"https:\/\/schema.org","@graph":[{"@type":"WebPage","@id":"https:\/\/sunflaser.com\/shop\/905nm-laser-rangefinder-module-2000m-sfa2000b\/","url":"https:\/\/sunflaser.com\/shop\/905nm-laser-rangefinder-module-2000m-sfa2000b\/","name":"905nm Laser Rangefinder Module 2000m SFA2000B - SunFlaser Tech","isPartOf":{"@id":"https:\/\/sunflaser.com\/#website"},"primaryImageOfPage":{"@id":"https:\/\/sunflaser.com\/shop\/905nm-laser-rangefinder-module-2000m-sfa2000b\/#primaryimage"},"image":{"@id":"https:\/\/sunflaser.com\/shop\/905nm-laser-rangefinder-module-2000m-sfa2000b\/#primaryimage"},"thumbnailUrl":"https:\/\/sunflaser.com\/wp-content\/uploads\/2025\/10\/SFA2000B-0.jpg","datePublished":"2025-10-17T03:14:03+00:00","dateModified":"2025-11-18T09:01:31+00:00","breadcrumb":{"@id":"https:\/\/sunflaser.com\/shop\/905nm-laser-rangefinder-module-2000m-sfa2000b\/#breadcrumb"},"inLanguage":"fr-FR","potentialAction":[{"@type":"ReadAction","target":["https:\/\/sunflaser.com\/shop\/905nm-laser-rangefinder-module-2000m-sfa2000b\/"]}]},{"@type":"ImageObject","inLanguage":"fr-FR","@id":"https:\/\/sunflaser.com\/shop\/905nm-laser-rangefinder-module-2000m-sfa2000b\/#primaryimage","url":"https:\/\/sunflaser.com\/wp-content\/uploads\/2025\/10\/SFA2000B-0.jpg","contentUrl":"https:\/\/sunflaser.com\/wp-content\/uploads\/2025\/10\/SFA2000B-0.jpg","width":1440,"height":1440},{"@type":"BreadcrumbList","@id":"https:\/\/sunflaser.com\/shop\/905nm-laser-rangefinder-module-2000m-sfa2000b\/#breadcrumb","itemListElement":[{"@type":"ListItem","position":1,"name":"\u9996\u9875","item":"https:\/\/sunflaser.com\/"},{"@type":"ListItem","position":2,"name":"Product","item":"https:\/\/sunflaser.com\/product\/"},{"@type":"ListItem","position":3,"name":"905nm Laser Rangefinder Module 2000m SFA2000B"}]},{"@type":"WebSite","@id":"https:\/\/sunflaser.com\/#website","url":"https:\/\/sunflaser.com\/","name":"SunFlaser Tech","description":"","publisher":{"@id":"https:\/\/sunflaser.com\/#organization"},"potentialAction":[{"@type":"SearchAction","target":{"@type":"EntryPoint","urlTemplate":"https:\/\/sunflaser.com\/?s={search_term_string}"},"query-input":{"@type":"PropertyValueSpecification","valueRequired":true,"valueName":"search_term_string"}}],"inLanguage":"fr-FR"},{"@type":"Organization","@id":"https:\/\/sunflaser.com\/#organization","name":"\u76db\u98de\u5149\u901f\u79d1\u6280\uff08\u6210\u90fd\uff09\u6709\u9650\u516c\u53f8","alternateName":"\u76db\u98de\u5149\u901f\u79d1\u6280\uff08\u6210\u90fd\uff09\u6709\u9650\u516c\u53f8","url":"https:\/\/sunflaser.com\/","logo":{"@type":"ImageObject","inLanguage":"fr-FR","@id":"https:\/\/sunflaser.com\/#\/schema\/logo\/image\/","url":"https:\/\/sunflaser.com\/wp-content\/uploads\/2025\/05\/Modern-S-Letter-Logo.png","contentUrl":"https:\/\/sunflaser.com\/wp-content\/uploads\/2025\/05\/Modern-S-Letter-Logo.png","width":1024,"height":289,"caption":"\u76db\u98de\u5149\u901f\u79d1\u6280\uff08\u6210\u90fd\uff09\u6709\u9650\u516c\u53f8"},"image":{"@id":"https:\/\/sunflaser.com\/#\/schema\/logo\/image\/"}}]}},"_links":{"self":[{"href":"https:\/\/sunflaser.com\/fr\/wp-json\/wp\/v2\/product\/10237","targetHints":{"allow":["GET"]}}],"collection":[{"href":"https:\/\/sunflaser.com\/fr\/wp-json\/wp\/v2\/product"}],"about":[{"href":"https:\/\/sunflaser.com\/fr\/wp-json\/wp\/v2\/types\/product"}],"replies":[{"embeddable":true,"href":"https:\/\/sunflaser.com\/fr\/wp-json\/wp\/v2\/comments?post=10237"}],"version-history":[{"count":0,"href":"https:\/\/sunflaser.com\/fr\/wp-json\/wp\/v2\/product\/10237\/revisions"}],"wp:featuredmedia":[{"embeddable":true,"href":"https:\/\/sunflaser.com\/fr\/wp-json\/wp\/v2\/media\/10342"}],"wp:attachment":[{"href":"https:\/\/sunflaser.com\/fr\/wp-json\/wp\/v2\/media?parent=10237"}],"wp:term":[{"taxonomy":"product_brand","embeddable":true,"href":"https:\/\/sunflaser.com\/fr\/wp-json\/wp\/v2\/product_brand?post=10237"},{"taxonomy":"product_cat","embeddable":true,"href":"https:\/\/sunflaser.com\/fr\/wp-json\/wp\/v2\/product_cat?post=10237"},{"taxonomy":"product_tag","embeddable":true,"href":"https:\/\/sunflaser.com\/fr\/wp-json\/wp\/v2\/product_tag?post=10237"}],"curies":[{"name":"wp","href":"https:\/\/api.w.org\/{rel}","templated":true}]}}