{"id":1485,"date":"2024-05-22T13:37:57","date_gmt":"2024-05-22T13:37:57","guid":{"rendered":"https:\/\/startersites.io\/blocksy\/furniture\/?page_id=7"},"modified":"2025-11-06T21:57:55","modified_gmt":"2025-11-07T05:57:55","slug":"product","status":"publish","type":"page","link":"https:\/\/sunflaser.com\/fr\/product\/","title":{"rendered":"Produit"},"content":{"rendered":"<h2>Tous les produits<\/h2>\n<p>\t\t<div class=\"woocommerce columns-6\"><ul class=\"products columns-6\" data-products=\"type-1\" data-hover=\"swap\">\n<li class=\"product-category product first\">\n\t<a aria-label=\"Acc\u00e9der \u00e0 la cat\u00e9gorie de produits Laser Rangefinder Module\" href=\"https:\/\/sunflaser.com\/fr\/categorie-produit\/laser-rangefinder-module\/\" data-no-translation-aria-label=\"\"><img fetchpriority=\"high\" decoding=\"async\" src=\"https:\/\/sunflaser.com\/wp-content\/uploads\/2025\/10\/9051535-lrf-cover-300x300.png\" alt=\"Laser Rangefinder Module\" width=\"300\" height=\"300\" srcset=\"https:\/\/sunflaser.com\/wp-content\/uploads\/2025\/10\/9051535-lrf-cover-300x300.png 300w, https:\/\/sunflaser.com\/wp-content\/uploads\/2025\/10\/9051535-lrf-cover-100x100.png 100w, https:\/\/sunflaser.com\/wp-content\/uploads\/2025\/10\/9051535-lrf-cover-150x150.png 150w, https:\/\/sunflaser.com\/wp-content\/uploads\/2025\/10\/9051535-lrf-cover-768x768.png 768w, https:\/\/sunflaser.com\/wp-content\/uploads\/2025\/10\/9051535-lrf-cover.png 800w\" sizes=\"(max-width: 300px) 100vw, 300px\" \/>\t\t<h2 class=\"woocommerce-loop-category__title\">\n\t\t\tModule t\u00e9l\u00e9m\u00e8tre laser <mark class=\"count\">(29)<\/mark>\t\t<\/h2>\n\t\t<\/a><\/li>\n<li class=\"product-category product\">\n\t<a aria-label=\"Acc\u00e9der \u00e0 la cat\u00e9gorie de produits Laser Module\" href=\"https:\/\/sunflaser.com\/fr\/categorie-produit\/laser-module\/\" data-no-translation-aria-label=\"\"><img decoding=\"async\" src=\"https:\/\/sunflaser.com\/wp-content\/uploads\/2025\/10\/laser-module-cover-300x300.png\" alt=\"Laser Module\" width=\"300\" height=\"300\" srcset=\"https:\/\/sunflaser.com\/wp-content\/uploads\/2025\/10\/laser-module-cover-300x300.png 300w, https:\/\/sunflaser.com\/wp-content\/uploads\/2025\/10\/laser-module-cover-100x100.png 100w, https:\/\/sunflaser.com\/wp-content\/uploads\/2025\/10\/laser-module-cover-150x150.png 150w, https:\/\/sunflaser.com\/wp-content\/uploads\/2025\/10\/laser-module-cover-768x768.png 768w, https:\/\/sunflaser.com\/wp-content\/uploads\/2025\/10\/laser-module-cover.png 800w\" sizes=\"(max-width: 300px) 100vw, 300px\" \/>\t\t<h2 class=\"woocommerce-loop-category__title\">\n\t\t\tModule laser <mark class=\"count\">(4)<\/mark>\t\t<\/h2>\n\t\t<\/a><\/li>\n<li class=\"product-category product\">\n\t<a aria-label=\"Acc\u00e9der \u00e0 la cat\u00e9gorie de produits Infrared Module\" href=\"https:\/\/sunflaser.com\/fr\/categorie-produit\/infrared-module-2\/\" data-no-translation-aria-label=\"\"><img decoding=\"async\" src=\"https:\/\/sunflaser.com\/wp-content\/uploads\/2025\/08\/infrared-module-cover-300x300.png\" alt=\"Infrared Module\" width=\"300\" height=\"300\" srcset=\"https:\/\/sunflaser.com\/wp-content\/uploads\/2025\/08\/infrared-module-cover-300x300.png 300w, https:\/\/sunflaser.com\/wp-content\/uploads\/2025\/08\/infrared-module-cover-800x800.png 800w, https:\/\/sunflaser.com\/wp-content\/uploads\/2025\/08\/infrared-module-cover-1024x1024.png 1024w, https:\/\/sunflaser.com\/wp-content\/uploads\/2025\/08\/infrared-module-cover-150x150.png 150w, https:\/\/sunflaser.com\/wp-content\/uploads\/2025\/08\/infrared-module-cover-768x768.png 768w, https:\/\/sunflaser.com\/wp-content\/uploads\/2025\/08\/infrared-module-cover-12x12.png 12w, https:\/\/sunflaser.com\/wp-content\/uploads\/2025\/08\/infrared-module-cover.png 1440w\" sizes=\"(max-width: 300px) 100vw, 300px\" \/>\t\t<h2 class=\"woocommerce-loop-category__title\">\n\t\t\tModule Infrarouge <mark class=\"count\">(2)<\/mark>\t\t<\/h2>\n\t\t<\/a><\/li>\n<li class=\"product-category product\">\n\t<a aria-label=\"Acc\u00e9der \u00e0 la cat\u00e9gorie de produits Handheld Observation Device\" href=\"https:\/\/sunflaser.com\/fr\/categorie-produit\/handheld-observation-device\/\" data-no-translation-aria-label=\"\"><img loading=\"lazy\" decoding=\"async\" src=\"https:\/\/sunflaser.com\/wp-content\/uploads\/2025\/08\/handheld-lrf-cover-300x300.png\" alt=\"Handheld Observation Device\" width=\"300\" height=\"300\" srcset=\"https:\/\/sunflaser.com\/wp-content\/uploads\/2025\/08\/handheld-lrf-cover-300x300.png 300w, https:\/\/sunflaser.com\/wp-content\/uploads\/2025\/08\/handheld-lrf-cover-150x150.png 150w, https:\/\/sunflaser.com\/wp-content\/uploads\/2025\/08\/handheld-lrf-cover-768x768.png 768w, https:\/\/sunflaser.com\/wp-content\/uploads\/2025\/08\/handheld-lrf-cover-12x12.png 12w, https:\/\/sunflaser.com\/wp-content\/uploads\/2025\/08\/handheld-lrf-cover.png 800w\" sizes=\"(max-width: 300px) 100vw, 300px\" \/>\t\t<h2 class=\"woocommerce-loop-category__title\">\n\t\t\tDispositif d'observation portable <mark class=\"count\">(4)<\/mark>\t\t<\/h2>\n\t\t<\/a><\/li>\n<li class=\"product-category product\">\n\t<a aria-label=\"Acc\u00e9der \u00e0 la cat\u00e9gorie de produits Electro-Optical Pod\" href=\"https:\/\/sunflaser.com\/fr\/categorie-produit\/electro-optical-pod-product\/\" data-no-translation-aria-label=\"\"><img loading=\"lazy\" decoding=\"async\" src=\"https:\/\/sunflaser.com\/wp-content\/uploads\/2025\/06\/10-300x300.png\" alt=\"Electro-Optical Pod\" width=\"300\" height=\"300\" srcset=\"https:\/\/sunflaser.com\/wp-content\/uploads\/2025\/06\/10-300x300.png 300w, https:\/\/sunflaser.com\/wp-content\/uploads\/2025\/06\/10-150x150.png 150w, https:\/\/sunflaser.com\/wp-content\/uploads\/2025\/06\/10-768x768.png 768w, https:\/\/sunflaser.com\/wp-content\/uploads\/2025\/06\/10-12x12.png 12w, https:\/\/sunflaser.com\/wp-content\/uploads\/2025\/06\/10-500x500.png 500w, https:\/\/sunflaser.com\/wp-content\/uploads\/2025\/06\/10.png 800w\" sizes=\"(max-width: 300px) 100vw, 300px\" \/>\t\t<h2 class=\"woocommerce-loop-category__title\">\n\t\t\t\u00c9lectro-Optique Pod <mark class=\"count\">(11)<\/mark>\t\t<\/h2>\n\t\t<\/a><\/li>\n<li class=\"product-category product last\">\n\t<a aria-label=\"Acc\u00e9der \u00e0 la cat\u00e9gorie de produits 905nm Semiconductor Pulsed Laser Rangefinder Module\" href=\"https:\/\/sunflaser.com\/fr\/categorie-produit\/laser-rangefinder-module\/905nm-semiconductor-pulsed-laser-rangefinder-module\/\" data-no-translation-aria-label=\"\"><img loading=\"lazy\" decoding=\"async\" src=\"https:\/\/sunflaser.com\/wp-content\/uploads\/2025\/06\/13-300x300.png\" alt=\"905nm Semiconductor Pulsed Laser Rangefinder Module\" width=\"300\" height=\"300\" srcset=\"https:\/\/sunflaser.com\/wp-content\/uploads\/2025\/06\/13-300x300.png 300w, https:\/\/sunflaser.com\/wp-content\/uploads\/2025\/06\/13-150x150.png 150w, https:\/\/sunflaser.com\/wp-content\/uploads\/2025\/06\/13-768x768.png 768w, https:\/\/sunflaser.com\/wp-content\/uploads\/2025\/06\/13-12x12.png 12w, https:\/\/sunflaser.com\/wp-content\/uploads\/2025\/06\/13-500x500.png 500w, https:\/\/sunflaser.com\/wp-content\/uploads\/2025\/06\/13.png 800w\" sizes=\"(max-width: 300px) 100vw, 300px\" \/>\t\t<h2 class=\"woocommerce-loop-category__title\">\n\t\t\t905nm semi-conducteurs Puls\u00e9 d&#039;un T\u00e9l\u00e9m\u00e8tre Laser Module <mark class=\"count\">(10)<\/mark>\t\t<\/h2>\n\t\t<\/a><\/li>\n<\/ul>\n<\/div><\/p>","protected":false},"excerpt":{"rendered":"<p>Tous les produits<\/p>","protected":false},"author":1,"featured_media":7345,"parent":0,"menu_order":0,"comment_status":"closed","ping_status":"closed","template":"elementor_header_footer","meta":{"footnotes":""},"class_list":["post-1485","page","type-page","status-publish","has-post-thumbnail","hentry"],"blocksy_meta":[],"yoast_head":"<!-- This site is optimized with the Yoast SEO Premium plugin v24.8 (Yoast SEO v26.6) - https:\/\/yoast.com\/wordpress\/plugins\/seo\/ -->\n<title>Product - SunFlaser Tech<\/title>\n<meta name=\"robots\" content=\"index, follow, max-snippet:-1, max-image-preview:large, max-video-preview:-1\" \/>\n<link rel=\"canonical\" href=\"https:\/\/sunflaser.com\/fr\/product\/\" \/>\n<meta property=\"og:locale\" content=\"fr_FR\" \/>\n<meta property=\"og:type\" content=\"article\" \/>\n<meta property=\"og:title\" content=\"Product\" \/>\n<meta property=\"og:description\" content=\"All Products\" \/>\n<meta property=\"og:url\" content=\"https:\/\/sunflaser.com\/fr\/product\/\" \/>\n<meta property=\"og:site_name\" content=\"SunFlaser Tech\" \/>\n<meta property=\"article:modified_time\" content=\"2025-11-07T05:57:55+00:00\" \/>\n<meta property=\"og:image\" content=\"https:\/\/sunflaser.com\/wp-content\/uploads\/2025\/06\/shop-banner1.png\" \/>\n\t<meta property=\"og:image:width\" content=\"1943\" \/>\n\t<meta property=\"og:image:height\" content=\"525\" \/>\n\t<meta property=\"og:image:type\" content=\"image\/png\" \/>\n<meta name=\"twitter:card\" content=\"summary_large_image\" \/>\n<meta name=\"twitter:label1\" content=\"Dur\u00e9e de lecture estim\u00e9e\" \/>\n\t<meta name=\"twitter:data1\" content=\"1 minute\" \/>\n<script type=\"application\/ld+json\" class=\"yoast-schema-graph\">{\"@context\":\"https:\/\/schema.org\",\"@graph\":[{\"@type\":\"WebPage\",\"@id\":\"https:\/\/sunflaser.com\/product\/\",\"url\":\"https:\/\/sunflaser.com\/product\/\",\"name\":\"Product - SunFlaser Tech\",\"isPartOf\":{\"@id\":\"https:\/\/sunflaser.com\/#website\"},\"primaryImageOfPage\":{\"@id\":\"https:\/\/sunflaser.com\/product\/#primaryimage\"},\"image\":{\"@id\":\"https:\/\/sunflaser.com\/product\/#primaryimage\"},\"thumbnailUrl\":\"https:\/\/sunflaser.com\/wp-content\/uploads\/2025\/06\/shop-banner1.png\",\"datePublished\":\"2024-05-22T13:37:57+00:00\",\"dateModified\":\"2025-11-07T05:57:55+00:00\",\"breadcrumb\":{\"@id\":\"https:\/\/sunflaser.com\/product\/#breadcrumb\"},\"inLanguage\":\"fr-FR\",\"potentialAction\":[{\"@type\":\"ReadAction\",\"target\":[\"https:\/\/sunflaser.com\/product\/\"]}]},{\"@type\":\"ImageObject\",\"inLanguage\":\"fr-FR\",\"@id\":\"https:\/\/sunflaser.com\/product\/#primaryimage\",\"url\":\"https:\/\/sunflaser.com\/wp-content\/uploads\/2025\/06\/shop-banner1.png\",\"contentUrl\":\"https:\/\/sunflaser.com\/wp-content\/uploads\/2025\/06\/shop-banner1.png\",\"width\":1943,\"height\":525},{\"@type\":\"BreadcrumbList\",\"@id\":\"https:\/\/sunflaser.com\/product\/#breadcrumb\",\"itemListElement\":[{\"@type\":\"ListItem\",\"position\":1,\"name\":\"\u9996\u9875\",\"item\":\"https:\/\/sunflaser.com\/\"},{\"@type\":\"ListItem\",\"position\":2,\"name\":\"Product\"}]},{\"@type\":\"WebSite\",\"@id\":\"https:\/\/sunflaser.com\/#website\",\"url\":\"https:\/\/sunflaser.com\/\",\"name\":\"SunFlaser Tech\",\"description\":\"\",\"publisher\":{\"@id\":\"https:\/\/sunflaser.com\/#organization\"},\"potentialAction\":[{\"@type\":\"SearchAction\",\"target\":{\"@type\":\"EntryPoint\",\"urlTemplate\":\"https:\/\/sunflaser.com\/?s={search_term_string}\"},\"query-input\":{\"@type\":\"PropertyValueSpecification\",\"valueRequired\":true,\"valueName\":\"search_term_string\"}}],\"inLanguage\":\"fr-FR\"},{\"@type\":\"Organization\",\"@id\":\"https:\/\/sunflaser.com\/#organization\",\"name\":\"\u76db\u98de\u5149\u901f\u79d1\u6280\uff08\u6210\u90fd\uff09\u6709\u9650\u516c\u53f8\",\"alternateName\":\"\u76db\u98de\u5149\u901f\u79d1\u6280\uff08\u6210\u90fd\uff09\u6709\u9650\u516c\u53f8\",\"url\":\"https:\/\/sunflaser.com\/\",\"logo\":{\"@type\":\"ImageObject\",\"inLanguage\":\"fr-FR\",\"@id\":\"https:\/\/sunflaser.com\/#\/schema\/logo\/image\/\",\"url\":\"https:\/\/sunflaser.com\/wp-content\/uploads\/2025\/05\/Modern-S-Letter-Logo.png\",\"contentUrl\":\"https:\/\/sunflaser.com\/wp-content\/uploads\/2025\/05\/Modern-S-Letter-Logo.png\",\"width\":1024,\"height\":289,\"caption\":\"\u76db\u98de\u5149\u901f\u79d1\u6280\uff08\u6210\u90fd\uff09\u6709\u9650\u516c\u53f8\"},\"image\":{\"@id\":\"https:\/\/sunflaser.com\/#\/schema\/logo\/image\/\"}}]}<\/script>\n<!-- \/ Yoast SEO Premium plugin. -->","yoast_head_json":{"title":"Product - SunFlaser Tech","robots":{"index":"index","follow":"follow","max-snippet":"max-snippet:-1","max-image-preview":"max-image-preview:large","max-video-preview":"max-video-preview:-1"},"canonical":"https:\/\/sunflaser.com\/fr\/product\/","og_locale":"fr_FR","og_type":"article","og_title":"Product","og_description":"All Products","og_url":"https:\/\/sunflaser.com\/fr\/product\/","og_site_name":"SunFlaser Tech","article_modified_time":"2025-11-07T05:57:55+00:00","og_image":[{"width":1943,"height":525,"url":"https:\/\/sunflaser.com\/wp-content\/uploads\/2025\/06\/shop-banner1.png","type":"image\/png"}],"twitter_card":"summary_large_image","twitter_misc":{"Dur\u00e9e de lecture estim\u00e9e":"1 minute"},"schema":{"@context":"https:\/\/schema.org","@graph":[{"@type":"WebPage","@id":"https:\/\/sunflaser.com\/product\/","url":"https:\/\/sunflaser.com\/product\/","name":"Product - SunFlaser Tech","isPartOf":{"@id":"https:\/\/sunflaser.com\/#website"},"primaryImageOfPage":{"@id":"https:\/\/sunflaser.com\/product\/#primaryimage"},"image":{"@id":"https:\/\/sunflaser.com\/product\/#primaryimage"},"thumbnailUrl":"https:\/\/sunflaser.com\/wp-content\/uploads\/2025\/06\/shop-banner1.png","datePublished":"2024-05-22T13:37:57+00:00","dateModified":"2025-11-07T05:57:55+00:00","breadcrumb":{"@id":"https:\/\/sunflaser.com\/product\/#breadcrumb"},"inLanguage":"fr-FR","potentialAction":[{"@type":"ReadAction","target":["https:\/\/sunflaser.com\/product\/"]}]},{"@type":"ImageObject","inLanguage":"fr-FR","@id":"https:\/\/sunflaser.com\/product\/#primaryimage","url":"https:\/\/sunflaser.com\/wp-content\/uploads\/2025\/06\/shop-banner1.png","contentUrl":"https:\/\/sunflaser.com\/wp-content\/uploads\/2025\/06\/shop-banner1.png","width":1943,"height":525},{"@type":"BreadcrumbList","@id":"https:\/\/sunflaser.com\/product\/#breadcrumb","itemListElement":[{"@type":"ListItem","position":1,"name":"\u9996\u9875","item":"https:\/\/sunflaser.com\/"},{"@type":"ListItem","position":2,"name":"Product"}]},{"@type":"WebSite","@id":"https:\/\/sunflaser.com\/#website","url":"https:\/\/sunflaser.com\/","name":"SunFlaser Tech","description":"","publisher":{"@id":"https:\/\/sunflaser.com\/#organization"},"potentialAction":[{"@type":"SearchAction","target":{"@type":"EntryPoint","urlTemplate":"https:\/\/sunflaser.com\/?s={search_term_string}"},"query-input":{"@type":"PropertyValueSpecification","valueRequired":true,"valueName":"search_term_string"}}],"inLanguage":"fr-FR"},{"@type":"Organization","@id":"https:\/\/sunflaser.com\/#organization","name":"\u76db\u98de\u5149\u901f\u79d1\u6280\uff08\u6210\u90fd\uff09\u6709\u9650\u516c\u53f8","alternateName":"\u76db\u98de\u5149\u901f\u79d1\u6280\uff08\u6210\u90fd\uff09\u6709\u9650\u516c\u53f8","url":"https:\/\/sunflaser.com\/","logo":{"@type":"ImageObject","inLanguage":"fr-FR","@id":"https:\/\/sunflaser.com\/#\/schema\/logo\/image\/","url":"https:\/\/sunflaser.com\/wp-content\/uploads\/2025\/05\/Modern-S-Letter-Logo.png","contentUrl":"https:\/\/sunflaser.com\/wp-content\/uploads\/2025\/05\/Modern-S-Letter-Logo.png","width":1024,"height":289,"caption":"\u76db\u98de\u5149\u901f\u79d1\u6280\uff08\u6210\u90fd\uff09\u6709\u9650\u516c\u53f8"},"image":{"@id":"https:\/\/sunflaser.com\/#\/schema\/logo\/image\/"}}]}},"_hostinger_reach_plugin_has_subscription_block":false,"_hostinger_reach_plugin_is_elementor":false,"_links":{"self":[{"href":"https:\/\/sunflaser.com\/fr\/wp-json\/wp\/v2\/pages\/1485","targetHints":{"allow":["GET"]}}],"collection":[{"href":"https:\/\/sunflaser.com\/fr\/wp-json\/wp\/v2\/pages"}],"about":[{"href":"https:\/\/sunflaser.com\/fr\/wp-json\/wp\/v2\/types\/page"}],"author":[{"embeddable":true,"href":"https:\/\/sunflaser.com\/fr\/wp-json\/wp\/v2\/users\/1"}],"replies":[{"embeddable":true,"href":"https:\/\/sunflaser.com\/fr\/wp-json\/wp\/v2\/comments?post=1485"}],"version-history":[{"count":0,"href":"https:\/\/sunflaser.com\/fr\/wp-json\/wp\/v2\/pages\/1485\/revisions"}],"wp:featuredmedia":[{"embeddable":true,"href":"https:\/\/sunflaser.com\/fr\/wp-json\/wp\/v2\/media\/7345"}],"wp:attachment":[{"href":"https:\/\/sunflaser.com\/fr\/wp-json\/wp\/v2\/media?parent=1485"}],"curies":[{"name":"wp","href":"https:\/\/api.w.org\/{rel}","templated":true}]}}